{"id":65052,"date":"2019-11-06T16:02:02","date_gmt":"2019-11-06T16:02:02","guid":{"rendered":"https:\/\/www.colt.net\/?page_id=65052"},"modified":"2024-11-01T16:35:21","modified_gmt":"2024-11-01T16:35:21","slug":"on-demand","status":"publish","type":"page","link":"https:\/\/legacy.colt.net\/fr\/solutions\/on-demand\/","title":{"rendered":"On Demand Network Solutions"},"content":{"rendered":"\n\n\t\t\t\t<img loading=\"lazy\" decoding=\"async\" src=\"https:\/\/legacy.colt.net\/wp-content\/uploads\/2024\/02\/Colt-On-Demand-Logo.png\" alt=\"Colt-On-Demand-Logo\" itemprop=\"image\" height=\"230\" width=\"700\" title=\"Colt-On-Demand-Logo\" onerror=\"this.style.display='none'\"  \/>\n<h1>\n\t\tVotre r\u00e9seau, selon vos conditions\n\t<\/h1>\n<h2>\n\t\tUne envergure in\u00e9gal\u00e9e et une exp\u00e9rience fluide avec Colt Network-as-a-Service\n\t<\/h2>\n\t\t\t<a href=\"https:\/\/legacy.colt.net\/go\/on-demand-demo\/\" target=\"_blank\" rel=\"noopener\">\n\t\t\t\t\t\t\tTestez notre d\u00e9mo\n\t\t\t<\/a>\n\t\t\t\t<img loading=\"lazy\" decoding=\"async\" src=\"https:\/\/legacy.colt.net\/wp-content\/uploads\/2024\/10\/On-Demand-Portal-01.png\" alt=\"On-Demand-Portal-01\" itemprop=\"image\" height=\"783\" width=\"840\" title=\"On-Demand-Portal-01\" onerror=\"this.style.display='none'\"  \/>\n\t\t\t\t<img loading=\"lazy\" decoding=\"async\" src=\"https:\/\/legacy.colt.net\/wp-content\/uploads\/2021\/10\/On-Demand-Key-Feautures.png\" alt=\"On Demand Key Feautures\" itemprop=\"image\" height=\"869\" width=\"1228\" title=\"On Demand Key Feautures\" onerror=\"this.style.display='none'\"  \/>\n<h3>\n\t\tObtenez un contr\u00f4le en temps r\u00e9el et \u00e9volutif de votre connectivit\u00e9 r\u00e9seau\n\t<\/h3>\n\t<p>Gr\u00e2ce \u00e0 lui, vous serez en mesure de b\u00e9n\u00e9ficier d&#8217;avantages connus : flexibilit\u00e9, \u00e9volutivit\u00e9 et rentabilit\u00e9. Cependant, votre syst\u00e8me informatique d\u00e9pend de la qualit\u00e9 de ses connexions et vous savez que la nouvelle architecture des r\u00e9seaux est lente, co\u00fbteuse et complexe. Mais Colt a chang\u00e9 cela. Avec la gamme de services \u00e0 la demande de Colt, nous vous donnons le contr\u00f4le de votre r\u00e9seau et nous vous permettons de fournir les connexions dont vous avez besoin en temps r\u00e9el.<\/p>\n<h2>\n\t\tAper\u00e7u des avantages\n\t<\/h2>\n\t<p>La gamme de services \u00e0 la demande de Colt repr\u00e9sente une v\u00e9ritable avanc\u00e9e pour les entreprises qui ont besoin de solutions de connectivit\u00e9 totalement flexibles entre centres de donn\u00e9es, fournisseurs de services de cloud et b\u00e2timents d&#8217;entreprise.<\/p>\n\t<h5>Prenez le contr\u00f4le de votre r\u00e9seau avec notre portail libre-service riche en fonctionnalit\u00e9s<br \/>\n<\/h5>\n\t<h5>B\u00e9n\u00e9ficiez de la configuration des services en temps r\u00e9el et dites adieu aux longs d\u00e9lais de livraison<br \/>\n<\/h5>\n\t<h5>Choisissez parmi les contrats fixes \u00e0 long terme ou la facturation \u00e0 l&#8217;heure sans engagement<br \/>\n<\/h5>\n\t<h5>Connectez-vous au cloud avec une offre r\u00e9seau pouvant correspondre \u00e0 l&#8217;exp\u00e9rience du cloud<br \/>\n<\/h5>\n<h2>\n\t\tUn r\u00e9seau op\u00e9rationnel en quelques minutes au lieu de mois.\n\t<\/h2>\n\t<p>La gamme de services \u00e0 la demande de Colt repr\u00e9sente une v\u00e9ritable avanc\u00e9e pour les entreprises qui ont besoin de solutions de connectivit\u00e9 totalement flexibles entre centres de donn\u00e9es, fournisseurs de services de cloud et b\u00e2timents d&#8217;entreprise.<\/p>\n<p>Visitez notre portail prim\u00e9 pour vous en convaincre.<\/p>\n\t\t\t<a href=\"https:\/\/legacy.colt.net\/go\/on-demand-demo\/\" target=\"_blank\" rel=\"noopener\">\n\t\t\t\t\t\t\tTestez notre d\u00e9mo\n\t\t\t<\/a>\n\t\t\t\t<img decoding=\"async\" src=\"https:\/\/legacy.colt.net\/wp-content\/uploads\/2024\/09\/Globe-01.png\" alt=\"Globe-01.png\" itemprop=\"image\" title=\"Globe-01.png\" onerror=\"this.style.display='none'\"  \/>\n<h2>\n\t\tModifiez votre r\u00e9seau \u00e0 la demande en 4 \u00e9tapes\u00a0:\n\t<\/h2>\n\tConnectez-vous \u00e0 notre portail de service \u00e0 la demande \u00e0 l&#8217;aide de votre identifiant unique et s\u00e9curis\u00e9<br \/>\n\n\tR\u00e9servez et lib\u00e9rez vos ports r\u00e9seau en ajoutant leurs emplacements \u00e0 notre base de donn\u00e9es<br \/>\n\n\t\u00c9tablissez une connexion entre vos nouveaux ports via Ethernet direct ou le cloud<br \/>\n\n\tModifiez, programmez et adaptez votre bande passante et vos engagements en temps r\u00e9el<br \/>\n\n<h2>\n\t\tExplorez les partenariats de Colt avec les principaux fournisseurs internationaux de cloud\u00a0:\n\t<\/h2>\n\t\t\t\t<a href=\"https:\/\/legacy.colt.net\/fr\/product\/direct-connect\/google\/\" target=\"_blank\" rel=\"noopener\" itemprop=\"url\">\n\t\t\t\t<img loading=\"lazy\" decoding=\"async\" src=\"https:\/\/legacy.colt.net\/wp-content\/uploads\/2019\/03\/Google-Cloud.png\" alt=\"Google Cloud\" itemprop=\"image\" height=\"251\" width=\"540\" title=\"Google Cloud\" onerror=\"this.style.display='none'\"  \/>\n\t\t\t\t<\/a>\n\t\t\t\t<a href=\"https:\/\/legacy.colt.net\/fr\/product\/direct-connect\/azure\/\" target=\"_blank\" rel=\"noopener\" itemprop=\"url\">\n\t\t\t\t<img loading=\"lazy\" decoding=\"async\" src=\"https:\/\/legacy.colt.net\/wp-content\/uploads\/2019\/03\/Microsoft-Azure.png\" alt=\"Microsoft Azure\" itemprop=\"image\" height=\"260\" width=\"720\" title=\"Microsoft Azure\" onerror=\"this.style.display='none'\"  \/>\n\t\t\t\t<\/a>\n\t\t\t\t<a href=\"https:\/\/legacy.colt.net\/fr\/product\/direct-connect\/aws\/\" target=\"_blank\" rel=\"noopener\" itemprop=\"url\">\n\t\t\t\t<img loading=\"lazy\" decoding=\"async\" src=\"https:\/\/legacy.colt.net\/wp-content\/uploads\/2019\/03\/Amazon-Web-Services.png\" alt=\"Amazon-Web-Services\" itemprop=\"image\" height=\"260\" width=\"720\" title=\"Amazon Web Services\" onerror=\"this.style.display='none'\"  \/>\n\t\t\t\t<\/a>\n\t\t\t\t<a href=\"https:\/\/legacy.colt.net\/fr\/product\/direct-connect\/ibm\/\" target=\"_blank\" rel=\"noopener\" itemprop=\"url\">\n\t\t\t\t<img loading=\"lazy\" decoding=\"async\" src=\"https:\/\/legacy.colt.net\/wp-content\/uploads\/2019\/03\/IBM-Cloud.png\" alt=\"IBM Cloud\" itemprop=\"image\" height=\"600\" width=\"1200\" title=\"IBM Cloud\" onerror=\"this.style.display='none'\"  \/>\n\t\t\t\t<\/a>\n\t\t\t\t<a href=\"https:\/\/legacy.colt.net\/fr\/product\/direct-connect\/oracle\/\" target=\"_blank\" rel=\"noopener\" itemprop=\"url\">\n\t\t\t\t<img loading=\"lazy\" decoding=\"async\" src=\"https:\/\/legacy.colt.net\/wp-content\/uploads\/2019\/04\/Oracle-Cloud-rgb-400x189.png\" alt=\"Oracle-Cloud-rgb-400x189\" itemprop=\"image\" height=\"189\" width=\"400\" title=\"Oracle-Cloud-rgb-400x189\" onerror=\"this.style.display='none'\"  \/>\n\t\t\t\t<\/a>\n\t\t\t\t<img loading=\"lazy\" decoding=\"async\" src=\"https:\/\/legacy.colt.net\/wp-content\/uploads\/2024\/06\/GC2-Email-Square-1.png\" alt=\"GC2-Email-Square (1)\" itemprop=\"image\" height=\"800\" width=\"800\" title=\"GC2-Email-Square (1)\" onerror=\"this.style.display='none'\"  \/>\n<h2>\n\t\tEn savoir plus sur On Demand\n\t<\/h2>\n\t<p>Colt propose plusieurs solutions \u00e0 la demande pour connecter vos services informatiques plus facilement et plus rapidement, m\u00eame s&#8217;ils sont situ\u00e9s dans diff\u00e9rents pays ou villes.<\/p>\n<p>Notre service vous fournit des connexions Ethernet d\u00e9di\u00e9es, hautes performances et \u00e9volutives entre tous vos sites &#8211; centres de donn\u00e9es, b\u00e2timents d&#8217;entreprise ou points d&#8217;acc\u00e8s vers des fournisseurs de cloud public tels qu&#8217;Amazon Web Services, Google Cloud, IBM Cloud, Oracle Cloud ou Microsoft Azure.<\/p>\n<p>En cons\u00e9quence, tous vos services informatiques, qu&#8217;ils soient essentiels ou non, peuvent fonctionner ensemble en toute transparence et \u00eatre op\u00e9rationnels en quelques minutes.<\/p>\n\t\t\t<a href=\"https:\/\/legacy.colt.net\/fr\/datasheet\/on-demand\/\" target=\"_blank\" rel=\"noopener\">\n\t\t\t\t\t\t\tEn savoir plus\n\t\t\t\t\t<\/a>\n\n","protected":false},"excerpt":{"rendered":"<p>Votre r\u00e9seau, selon vos conditions Une envergure in\u00e9gal\u00e9e et une exp\u00e9rience fluide avec Colt Network-as-a-Service Testez notre d\u00e9mo Obtenez un contr\u00f4le en temps r\u00e9el et \u00e9volutif de votre connectivit\u00e9 r\u00e9seau Gr\u00e2ce \u00e0 lui, vous serez en mesure de b\u00e9n\u00e9ficier d&#8217;avantages connus : flexibilit\u00e9, \u00e9volutivit\u00e9 et rentabilit\u00e9. Cependant, votre syst\u00e8me informatique d\u00e9pend de la qualit\u00e9 de&#8230;<\/p>\n","protected":false},"author":2,"featured_media":0,"parent":91322,"menu_order":0,"comment_status":"closed","ping_status":"closed","template":"","meta":{"_acf_changed":false,"footnotes":""},"colt_type":[],"colt_products":[],"class_list":["post-65052","page","type-page","status-publish","hentry"],"acf":[],"yoast_head":"<!-- This site is optimized with the Yoast SEO plugin v26.8 - https:\/\/yoast.com\/product\/yoast-seo-wordpress\/ -->\n<title>Connectivit\u00e9 Ethernet d\u00e9finie par logiciel en temps r\u00e9el | A la Demande<\/title>\n<meta name=\"description\" content=\"La gamme de services \u00e0 la demande de Colt repr\u00e9sente une v\u00e9ritable avanc\u00e9e pour les entreprises qui ont besoin de solutions de connectivit\u00e9\" \/>\n<meta name=\"robots\" content=\"noindex, follow, max-snippet:-1, max-image-preview:large, max-video-preview:-1\" \/>\n<meta property=\"og:locale\" content=\"fr_FR\" \/>\n<meta property=\"og:type\" content=\"article\" \/>\n<meta property=\"og:title\" content=\"Connectivit\u00e9 Ethernet d\u00e9finie par logiciel en temps r\u00e9el | A la Demande\" \/>\n<meta property=\"og:description\" content=\"La gamme de services \u00e0 la demande de Colt repr\u00e9sente une v\u00e9ritable avanc\u00e9e pour les entreprises qui ont besoin de solutions de connectivit\u00e9\" \/>\n<meta property=\"og:url\" content=\"https:\/\/legacy.colt.net\/fr\/solutions\/on-demand\/\" \/>\n<meta property=\"og:site_name\" content=\"Colt Technology Services\" \/>\n<meta property=\"article:publisher\" content=\"https:\/\/www.facebook.com\/ColtTechnologyServices\/\" \/>\n<meta property=\"article:modified_time\" content=\"2024-11-01T16:35:21+00:00\" \/>\n<meta property=\"og:image\" content=\"https:\/\/legacy.colt.net\/wp-content\/uploads\/2021\/01\/Brand-2021-Stock-1.jpg\" \/>\n\t<meta property=\"og:image:width\" content=\"1000\" \/>\n\t<meta property=\"og:image:height\" content=\"667\" \/>\n\t<meta property=\"og:image:type\" content=\"image\/jpeg\" \/>\n<meta name=\"twitter:card\" content=\"summary_large_image\" \/>\n<meta name=\"twitter:site\" content=\"@colt_technology\" \/>\n<meta name=\"twitter:label1\" content=\"Est. reading time\" \/>\n\t<meta name=\"twitter:data1\" content=\"2 minutes\" \/>\n<script type=\"application\/ld+json\" class=\"yoast-schema-graph\">{\"@context\":\"https:\/\/schema.org\",\"@graph\":[{\"@type\":\"WebPage\",\"@id\":\"https:\/\/legacy.colt.net\/fr\/solutions\/on-demand\/\",\"url\":\"https:\/\/legacy.colt.net\/fr\/solutions\/on-demand\/\",\"name\":\"Connectivit\u00e9 Ethernet d\u00e9finie par logiciel en temps r\u00e9el | A la Demande\",\"isPartOf\":{\"@id\":\"https:\/\/legacy.colt.net\/#website\"},\"primaryImageOfPage\":{\"@id\":\"https:\/\/legacy.colt.net\/fr\/solutions\/on-demand\/#primaryimage\"},\"image\":{\"@id\":\"https:\/\/legacy.colt.net\/fr\/solutions\/on-demand\/#primaryimage\"},\"thumbnailUrl\":\"https:\/\/legacy.colt.net\/wp-content\/uploads\/2024\/02\/Colt-On-Demand-Logo.png\",\"datePublished\":\"2019-11-06T16:02:02+00:00\",\"dateModified\":\"2024-11-01T16:35:21+00:00\",\"description\":\"La gamme de services \u00e0 la demande de Colt repr\u00e9sente une v\u00e9ritable avanc\u00e9e pour les entreprises qui ont besoin de solutions de connectivit\u00e9\",\"breadcrumb\":{\"@id\":\"https:\/\/legacy.colt.net\/fr\/solutions\/on-demand\/#breadcrumb\"},\"inLanguage\":\"fr-FR\",\"potentialAction\":[{\"@type\":\"ReadAction\",\"target\":[\"https:\/\/legacy.colt.net\/fr\/solutions\/on-demand\/\"]}]},{\"@type\":\"ImageObject\",\"inLanguage\":\"fr-FR\",\"@id\":\"https:\/\/legacy.colt.net\/fr\/solutions\/on-demand\/#primaryimage\",\"url\":\"https:\/\/legacy.colt.net\/wp-content\/uploads\/2024\/02\/Colt-On-Demand-Logo.png\",\"contentUrl\":\"https:\/\/legacy.colt.net\/wp-content\/uploads\/2024\/02\/Colt-On-Demand-Logo.png\"},{\"@type\":\"BreadcrumbList\",\"@id\":\"https:\/\/legacy.colt.net\/fr\/solutions\/on-demand\/#breadcrumb\",\"itemListElement\":[{\"@type\":\"ListItem\",\"position\":1,\"name\":\"Home\",\"item\":\"https:\/\/legacy.colt.net\/fr\/\"},{\"@type\":\"ListItem\",\"position\":2,\"name\":\"Solutions\",\"item\":\"https:\/\/legacy.colt.net\/fr\/solutions\/\"},{\"@type\":\"ListItem\",\"position\":3,\"name\":\"On Demand Network Solutions\"}]},{\"@type\":\"WebSite\",\"@id\":\"https:\/\/legacy.colt.net\/#website\",\"url\":\"https:\/\/legacy.colt.net\/\",\"name\":\"Colt\u30c6\u30af\u30ce\u30ed\u30b8\u30fc\u30b5\u30fc\u30d3\u30b9\u682a\u5f0f\u4f1a\u793e\",\"description\":\"Managed Network &amp; Voice Services Provider\",\"publisher\":{\"@id\":\"https:\/\/legacy.colt.net\/#organization\"},\"potentialAction\":[{\"@type\":\"SearchAction\",\"target\":{\"@type\":\"EntryPoint\",\"urlTemplate\":\"https:\/\/legacy.colt.net\/?s={search_term_string}\"},\"query-input\":{\"@type\":\"PropertyValueSpecification\",\"valueRequired\":true,\"valueName\":\"search_term_string\"}}],\"inLanguage\":\"fr-FR\"},{\"@type\":\"Organization\",\"@id\":\"https:\/\/legacy.colt.net\/#organization\",\"name\":\"Colt Technology Services\",\"url\":\"https:\/\/legacy.colt.net\/\",\"logo\":{\"@type\":\"ImageObject\",\"inLanguage\":\"fr-FR\",\"@id\":\"https:\/\/legacy.colt.net\/#\/schema\/logo\/image\/\",\"url\":\"https:\/\/legacy.colt.net\/wp-content\/uploads\/2019\/02\/Colt-Logo.png\",\"contentUrl\":\"https:\/\/legacy.colt.net\/wp-content\/uploads\/2019\/02\/Colt-Logo.png\",\"width\":195,\"height\":77,\"caption\":\"Colt Technology Services\"},\"image\":{\"@id\":\"https:\/\/legacy.colt.net\/#\/schema\/logo\/image\/\"},\"sameAs\":[\"https:\/\/www.facebook.com\/ColtTechnologyServices\/\",\"https:\/\/x.com\/colt_technology\",\"https:\/\/www.instagram.com\/colttechnologyservices\/\",\"https:\/\/www.linkedin.com\/company\/colt-technology-services\",\"https:\/\/www.youtube.com\/user\/ColtTechnology\"]}]}<\/script>\n<!-- \/ Yoast SEO plugin. -->","yoast_head_json":{"title":"Connectivit\u00e9 Ethernet d\u00e9finie par logiciel en temps r\u00e9el | A la Demande","description":"La gamme de services \u00e0 la demande de Colt repr\u00e9sente une v\u00e9ritable avanc\u00e9e pour les entreprises qui ont besoin de solutions de connectivit\u00e9","robots":{"index":"noindex","follow":"follow","max-snippet":"max-snippet:-1","max-image-preview":"max-image-preview:large","max-video-preview":"max-video-preview:-1"},"og_locale":"fr_FR","og_type":"article","og_title":"Connectivit\u00e9 Ethernet d\u00e9finie par logiciel en temps r\u00e9el | A la Demande","og_description":"La gamme de services \u00e0 la demande de Colt repr\u00e9sente une v\u00e9ritable avanc\u00e9e pour les entreprises qui ont besoin de solutions de connectivit\u00e9","og_url":"https:\/\/legacy.colt.net\/fr\/solutions\/on-demand\/","og_site_name":"Colt Technology Services","article_publisher":"https:\/\/www.facebook.com\/ColtTechnologyServices\/","article_modified_time":"2024-11-01T16:35:21+00:00","og_image":[{"width":1000,"height":667,"url":"https:\/\/legacy.colt.net\/wp-content\/uploads\/2021\/01\/Brand-2021-Stock-1.jpg","type":"image\/jpeg"}],"twitter_card":"summary_large_image","twitter_site":"@colt_technology","twitter_misc":{"Est. reading time":"2 minutes"},"schema":{"@context":"https:\/\/schema.org","@graph":[{"@type":"WebPage","@id":"https:\/\/legacy.colt.net\/fr\/solutions\/on-demand\/","url":"https:\/\/legacy.colt.net\/fr\/solutions\/on-demand\/","name":"Connectivit\u00e9 Ethernet d\u00e9finie par logiciel en temps r\u00e9el | A la Demande","isPartOf":{"@id":"https:\/\/legacy.colt.net\/#website"},"primaryImageOfPage":{"@id":"https:\/\/legacy.colt.net\/fr\/solutions\/on-demand\/#primaryimage"},"image":{"@id":"https:\/\/legacy.colt.net\/fr\/solutions\/on-demand\/#primaryimage"},"thumbnailUrl":"https:\/\/legacy.colt.net\/wp-content\/uploads\/2024\/02\/Colt-On-Demand-Logo.png","datePublished":"2019-11-06T16:02:02+00:00","dateModified":"2024-11-01T16:35:21+00:00","description":"La gamme de services \u00e0 la demande de Colt repr\u00e9sente une v\u00e9ritable avanc\u00e9e pour les entreprises qui ont besoin de solutions de connectivit\u00e9","breadcrumb":{"@id":"https:\/\/legacy.colt.net\/fr\/solutions\/on-demand\/#breadcrumb"},"inLanguage":"fr-FR","potentialAction":[{"@type":"ReadAction","target":["https:\/\/legacy.colt.net\/fr\/solutions\/on-demand\/"]}]},{"@type":"ImageObject","inLanguage":"fr-FR","@id":"https:\/\/legacy.colt.net\/fr\/solutions\/on-demand\/#primaryimage","url":"https:\/\/legacy.colt.net\/wp-content\/uploads\/2024\/02\/Colt-On-Demand-Logo.png","contentUrl":"https:\/\/legacy.colt.net\/wp-content\/uploads\/2024\/02\/Colt-On-Demand-Logo.png"},{"@type":"BreadcrumbList","@id":"https:\/\/legacy.colt.net\/fr\/solutions\/on-demand\/#breadcrumb","itemListElement":[{"@type":"ListItem","position":1,"name":"Home","item":"https:\/\/legacy.colt.net\/fr\/"},{"@type":"ListItem","position":2,"name":"Solutions","item":"https:\/\/legacy.colt.net\/fr\/solutions\/"},{"@type":"ListItem","position":3,"name":"On Demand Network Solutions"}]},{"@type":"WebSite","@id":"https:\/\/legacy.colt.net\/#website","url":"https:\/\/legacy.colt.net\/","name":"Colt\u30c6\u30af\u30ce\u30ed\u30b8\u30fc\u30b5\u30fc\u30d3\u30b9\u682a\u5f0f\u4f1a\u793e","description":"Managed Network &amp; Voice Services Provider","publisher":{"@id":"https:\/\/legacy.colt.net\/#organization"},"potentialAction":[{"@type":"SearchAction","target":{"@type":"EntryPoint","urlTemplate":"https:\/\/legacy.colt.net\/?s={search_term_string}"},"query-input":{"@type":"PropertyValueSpecification","valueRequired":true,"valueName":"search_term_string"}}],"inLanguage":"fr-FR"},{"@type":"Organization","@id":"https:\/\/legacy.colt.net\/#organization","name":"Colt Technology Services","url":"https:\/\/legacy.colt.net\/","logo":{"@type":"ImageObject","inLanguage":"fr-FR","@id":"https:\/\/legacy.colt.net\/#\/schema\/logo\/image\/","url":"https:\/\/legacy.colt.net\/wp-content\/uploads\/2019\/02\/Colt-Logo.png","contentUrl":"https:\/\/legacy.colt.net\/wp-content\/uploads\/2019\/02\/Colt-Logo.png","width":195,"height":77,"caption":"Colt Technology Services"},"image":{"@id":"https:\/\/legacy.colt.net\/#\/schema\/logo\/image\/"},"sameAs":["https:\/\/www.facebook.com\/ColtTechnologyServices\/","https:\/\/x.com\/colt_technology","https:\/\/www.instagram.com\/colttechnologyservices\/","https:\/\/www.linkedin.com\/company\/colt-technology-services","https:\/\/www.youtube.com\/user\/ColtTechnology"]}]}},"_links":{"self":[{"href":"https:\/\/legacy.colt.net\/fr\/wp-json\/wp\/v2\/pages\/65052","targetHints":{"allow":["GET"]}}],"collection":[{"href":"https:\/\/legacy.colt.net\/fr\/wp-json\/wp\/v2\/pages"}],"about":[{"href":"https:\/\/legacy.colt.net\/fr\/wp-json\/wp\/v2\/types\/page"}],"author":[{"embeddable":true,"href":"https:\/\/legacy.colt.net\/fr\/wp-json\/wp\/v2\/users\/2"}],"replies":[{"embeddable":true,"href":"https:\/\/legacy.colt.net\/fr\/wp-json\/wp\/v2\/comments?post=65052"}],"version-history":[{"count":0,"href":"https:\/\/legacy.colt.net\/fr\/wp-json\/wp\/v2\/pages\/65052\/revisions"}],"up":[{"embeddable":true,"href":"https:\/\/legacy.colt.net\/fr\/wp-json\/wp\/v2\/pages\/91322"}],"wp:attachment":[{"href":"https:\/\/legacy.colt.net\/fr\/wp-json\/wp\/v2\/media?parent=65052"}],"wp:term":[{"taxonomy":"colt_type","embeddable":true,"href":"https:\/\/legacy.colt.net\/fr\/wp-json\/wp\/v2\/colt_type?post=65052"},{"taxonomy":"colt_products","embeddable":true,"href":"https:\/\/legacy.colt.net\/fr\/wp-json\/wp\/v2\/colt_products?post=65052"}],"curies":[{"name":"wp","href":"https:\/\/api.w.org\/{rel}","templated":true}]}}