{"id":64560,"date":"2019-06-07T11:22:26","date_gmt":"2019-06-07T10:22:26","guid":{"rendered":"https:\/\/www.colt.net\/connectivity-matters-for-sap-migration\/"},"modified":"2021-01-09T15:05:52","modified_gmt":"2021-01-09T15:05:52","slug":"connectivity-matters-for-sap-migration","status":"publish","type":"page","link":"https:\/\/legacy.colt.net\/fr\/connectivity-matters-for-sap-migration\/","title":{"rendered":"Migration de SAP vers le cloud : ne n\u00e9gligez pas la connectivit\u00e9 !"},"content":{"rendered":"\n\n\t\t\t\t<img decoding=\"async\" src=\"https:\/\/legacy.colt.net\/wp-content\/uploads\/2019\/10\/Tick.png\" alt=\"Tick\" itemprop=\"image\" title=\"Tick\" onerror=\"this.style.display='none'\"  \/>\n<h1>\n\t\tMigration de SAP vers le cloud : ne n\u00e9gligez pas la connectivit\u00e9 !\n\t<\/h1>\n\t\n<p>Selon une \u00e9tude men\u00e9e aupr\u00e8s de 300 clients de SAP, 54 % des utilisateurs pr\u00e9voient de passer \u00e0 SAP S\/4HANA au cours des trois prochaines ann\u00e9es. Cette enqu\u00eate souligne \u00e9galement que les mod\u00e8les de d\u00e9ploiement utilis\u00e9s par les clients de SAP ont chang\u00e9, les plateformes sur site \u00e9tant abandonn\u00e9es au profit du cloud. En effet, 72 % des personnes interrog\u00e9es ont choisi le nuage.<\/p>\n\n\t\n<p>[hubspot type=form portal=344164 id=155e7629-9a1a-4876-b4e0-b84d8afa0d00]<\/p>\n\n","protected":false},"excerpt":{"rendered":"<p>Migration de SAP vers le cloud : ne n\u00e9gligez pas la connectivit\u00e9 ! Selon une \u00e9tude men\u00e9e aupr\u00e8s de 300 clients de SAP, 54 % des utilisateurs pr\u00e9voient de passer \u00e0 SAP S\/4HANA au cours des trois prochaines ann\u00e9es. Cette enqu\u00eate souligne \u00e9galement que les mod\u00e8les de d\u00e9ploiement utilis\u00e9s par les clients de SAP ont&#8230;<\/p>\n","protected":false},"author":143,"featured_media":0,"parent":0,"menu_order":0,"comment_status":"closed","ping_status":"closed","template":"","meta":{"_acf_changed":false,"footnotes":""},"colt_type":[],"colt_products":[],"class_list":["post-64560","page","type-page","status-publish","hentry"],"acf":[],"yoast_head":"<!-- This site is optimized with the Yoast SEO plugin v26.8 - https:\/\/yoast.com\/product\/yoast-seo-wordpress\/ -->\n<title>Migration de SAP vers le cloud - Colt Technology Services<\/title>\n<meta name=\"description\" content=\"En migrant vers le cloud, les clients de SAP b\u00e9n\u00e9ficientde la flexibilit\u00e9, de l\u2019\u00e9volutivit\u00e9, de la productivit\u00e9 etdes fonctionnalit\u00e9s avanc\u00e9es\" \/>\n<meta name=\"robots\" content=\"noindex, follow, max-snippet:-1, max-image-preview:large, max-video-preview:-1\" \/>\n<meta property=\"og:locale\" content=\"fr_FR\" \/>\n<meta property=\"og:type\" content=\"article\" \/>\n<meta property=\"og:title\" content=\"Migration de SAP vers le cloud - Colt Technology Services\" \/>\n<meta property=\"og:description\" content=\"En migrant vers le cloud, les clients de SAP b\u00e9n\u00e9ficientde la flexibilit\u00e9, de l\u2019\u00e9volutivit\u00e9, de la productivit\u00e9 etdes fonctionnalit\u00e9s avanc\u00e9es\" \/>\n<meta property=\"og:url\" content=\"https:\/\/legacy.colt.net\/fr\/connectivity-matters-for-sap-migration\/\" \/>\n<meta property=\"og:site_name\" content=\"Colt Technology Services\" \/>\n<meta property=\"article:publisher\" content=\"https:\/\/www.facebook.com\/ColtTechnologyServices\/\" \/>\n<meta property=\"article:modified_time\" content=\"2021-01-09T15:05:52+00:00\" \/>\n<meta property=\"og:image\" content=\"https:\/\/legacy.colt.net\/wp-content\/uploads\/2021\/01\/Brand-2021-Stock-16.jpg\" \/>\n\t<meta property=\"og:image:width\" content=\"1000\" \/>\n\t<meta property=\"og:image:height\" content=\"667\" \/>\n\t<meta property=\"og:image:type\" content=\"image\/jpeg\" \/>\n<meta name=\"twitter:card\" content=\"summary_large_image\" \/>\n<meta name=\"twitter:site\" content=\"@colt_technology\" \/>\n<script type=\"application\/ld+json\" class=\"yoast-schema-graph\">{\"@context\":\"https:\/\/schema.org\",\"@graph\":[{\"@type\":\"WebPage\",\"@id\":\"https:\/\/legacy.colt.net\/fr\/connectivity-matters-for-sap-migration\/\",\"url\":\"https:\/\/legacy.colt.net\/fr\/connectivity-matters-for-sap-migration\/\",\"name\":\"Migration de SAP vers le cloud - Colt Technology Services\",\"isPartOf\":{\"@id\":\"https:\/\/legacy.colt.net\/#website\"},\"primaryImageOfPage\":{\"@id\":\"https:\/\/legacy.colt.net\/fr\/connectivity-matters-for-sap-migration\/#primaryimage\"},\"image\":{\"@id\":\"https:\/\/legacy.colt.net\/fr\/connectivity-matters-for-sap-migration\/#primaryimage\"},\"thumbnailUrl\":\"https:\/\/legacy.colt.net\/wp-content\/uploads\/2019\/10\/Tick.png\",\"datePublished\":\"2019-06-07T10:22:26+00:00\",\"dateModified\":\"2021-01-09T15:05:52+00:00\",\"description\":\"En migrant vers le cloud, les clients de SAP b\u00e9n\u00e9ficientde la flexibilit\u00e9, de l\u2019\u00e9volutivit\u00e9, de la productivit\u00e9 etdes fonctionnalit\u00e9s avanc\u00e9es\",\"breadcrumb\":{\"@id\":\"https:\/\/legacy.colt.net\/fr\/connectivity-matters-for-sap-migration\/#breadcrumb\"},\"inLanguage\":\"fr-FR\",\"potentialAction\":[{\"@type\":\"ReadAction\",\"target\":[\"https:\/\/legacy.colt.net\/fr\/connectivity-matters-for-sap-migration\/\"]}]},{\"@type\":\"ImageObject\",\"inLanguage\":\"fr-FR\",\"@id\":\"https:\/\/legacy.colt.net\/fr\/connectivity-matters-for-sap-migration\/#primaryimage\",\"url\":\"https:\/\/legacy.colt.net\/wp-content\/uploads\/2019\/10\/Tick.png\",\"contentUrl\":\"https:\/\/legacy.colt.net\/wp-content\/uploads\/2019\/10\/Tick.png\"},{\"@type\":\"BreadcrumbList\",\"@id\":\"https:\/\/legacy.colt.net\/fr\/connectivity-matters-for-sap-migration\/#breadcrumb\",\"itemListElement\":[{\"@type\":\"ListItem\",\"position\":1,\"name\":\"Home\",\"item\":\"https:\/\/legacy.colt.net\/fr\/\"},{\"@type\":\"ListItem\",\"position\":2,\"name\":\"Migration de SAP vers le cloud : ne n\u00e9gligez pas la connectivit\u00e9 !\"}]},{\"@type\":\"WebSite\",\"@id\":\"https:\/\/legacy.colt.net\/#website\",\"url\":\"https:\/\/legacy.colt.net\/\",\"name\":\"Colt\u30c6\u30af\u30ce\u30ed\u30b8\u30fc\u30b5\u30fc\u30d3\u30b9\u682a\u5f0f\u4f1a\u793e\",\"description\":\"Managed Network &amp; Voice Services Provider\",\"publisher\":{\"@id\":\"https:\/\/legacy.colt.net\/#organization\"},\"potentialAction\":[{\"@type\":\"SearchAction\",\"target\":{\"@type\":\"EntryPoint\",\"urlTemplate\":\"https:\/\/legacy.colt.net\/?s={search_term_string}\"},\"query-input\":{\"@type\":\"PropertyValueSpecification\",\"valueRequired\":true,\"valueName\":\"search_term_string\"}}],\"inLanguage\":\"fr-FR\"},{\"@type\":\"Organization\",\"@id\":\"https:\/\/legacy.colt.net\/#organization\",\"name\":\"Colt Technology Services\",\"url\":\"https:\/\/legacy.colt.net\/\",\"logo\":{\"@type\":\"ImageObject\",\"inLanguage\":\"fr-FR\",\"@id\":\"https:\/\/legacy.colt.net\/#\/schema\/logo\/image\/\",\"url\":\"https:\/\/legacy.colt.net\/wp-content\/uploads\/2019\/02\/Colt-Logo.png\",\"contentUrl\":\"https:\/\/legacy.colt.net\/wp-content\/uploads\/2019\/02\/Colt-Logo.png\",\"width\":195,\"height\":77,\"caption\":\"Colt Technology Services\"},\"image\":{\"@id\":\"https:\/\/legacy.colt.net\/#\/schema\/logo\/image\/\"},\"sameAs\":[\"https:\/\/www.facebook.com\/ColtTechnologyServices\/\",\"https:\/\/x.com\/colt_technology\",\"https:\/\/www.instagram.com\/colttechnologyservices\/\",\"https:\/\/www.linkedin.com\/company\/colt-technology-services\",\"https:\/\/www.youtube.com\/user\/ColtTechnology\"]}]}<\/script>\n<!-- \/ Yoast SEO plugin. -->","yoast_head_json":{"title":"Migration de SAP vers le cloud - Colt Technology Services","description":"En migrant vers le cloud, les clients de SAP b\u00e9n\u00e9ficientde la flexibilit\u00e9, de l\u2019\u00e9volutivit\u00e9, de la productivit\u00e9 etdes fonctionnalit\u00e9s avanc\u00e9es","robots":{"index":"noindex","follow":"follow","max-snippet":"max-snippet:-1","max-image-preview":"max-image-preview:large","max-video-preview":"max-video-preview:-1"},"og_locale":"fr_FR","og_type":"article","og_title":"Migration de SAP vers le cloud - Colt Technology Services","og_description":"En migrant vers le cloud, les clients de SAP b\u00e9n\u00e9ficientde la flexibilit\u00e9, de l\u2019\u00e9volutivit\u00e9, de la productivit\u00e9 etdes fonctionnalit\u00e9s avanc\u00e9es","og_url":"https:\/\/legacy.colt.net\/fr\/connectivity-matters-for-sap-migration\/","og_site_name":"Colt Technology Services","article_publisher":"https:\/\/www.facebook.com\/ColtTechnologyServices\/","article_modified_time":"2021-01-09T15:05:52+00:00","og_image":[{"width":1000,"height":667,"url":"https:\/\/legacy.colt.net\/wp-content\/uploads\/2021\/01\/Brand-2021-Stock-16.jpg","type":"image\/jpeg"}],"twitter_card":"summary_large_image","twitter_site":"@colt_technology","schema":{"@context":"https:\/\/schema.org","@graph":[{"@type":"WebPage","@id":"https:\/\/legacy.colt.net\/fr\/connectivity-matters-for-sap-migration\/","url":"https:\/\/legacy.colt.net\/fr\/connectivity-matters-for-sap-migration\/","name":"Migration de SAP vers le cloud - Colt Technology Services","isPartOf":{"@id":"https:\/\/legacy.colt.net\/#website"},"primaryImageOfPage":{"@id":"https:\/\/legacy.colt.net\/fr\/connectivity-matters-for-sap-migration\/#primaryimage"},"image":{"@id":"https:\/\/legacy.colt.net\/fr\/connectivity-matters-for-sap-migration\/#primaryimage"},"thumbnailUrl":"https:\/\/legacy.colt.net\/wp-content\/uploads\/2019\/10\/Tick.png","datePublished":"2019-06-07T10:22:26+00:00","dateModified":"2021-01-09T15:05:52+00:00","description":"En migrant vers le cloud, les clients de SAP b\u00e9n\u00e9ficientde la flexibilit\u00e9, de l\u2019\u00e9volutivit\u00e9, de la productivit\u00e9 etdes fonctionnalit\u00e9s avanc\u00e9es","breadcrumb":{"@id":"https:\/\/legacy.colt.net\/fr\/connectivity-matters-for-sap-migration\/#breadcrumb"},"inLanguage":"fr-FR","potentialAction":[{"@type":"ReadAction","target":["https:\/\/legacy.colt.net\/fr\/connectivity-matters-for-sap-migration\/"]}]},{"@type":"ImageObject","inLanguage":"fr-FR","@id":"https:\/\/legacy.colt.net\/fr\/connectivity-matters-for-sap-migration\/#primaryimage","url":"https:\/\/legacy.colt.net\/wp-content\/uploads\/2019\/10\/Tick.png","contentUrl":"https:\/\/legacy.colt.net\/wp-content\/uploads\/2019\/10\/Tick.png"},{"@type":"BreadcrumbList","@id":"https:\/\/legacy.colt.net\/fr\/connectivity-matters-for-sap-migration\/#breadcrumb","itemListElement":[{"@type":"ListItem","position":1,"name":"Home","item":"https:\/\/legacy.colt.net\/fr\/"},{"@type":"ListItem","position":2,"name":"Migration de SAP vers le cloud : ne n\u00e9gligez pas la connectivit\u00e9 !"}]},{"@type":"WebSite","@id":"https:\/\/legacy.colt.net\/#website","url":"https:\/\/legacy.colt.net\/","name":"Colt\u30c6\u30af\u30ce\u30ed\u30b8\u30fc\u30b5\u30fc\u30d3\u30b9\u682a\u5f0f\u4f1a\u793e","description":"Managed Network &amp; Voice Services Provider","publisher":{"@id":"https:\/\/legacy.colt.net\/#organization"},"potentialAction":[{"@type":"SearchAction","target":{"@type":"EntryPoint","urlTemplate":"https:\/\/legacy.colt.net\/?s={search_term_string}"},"query-input":{"@type":"PropertyValueSpecification","valueRequired":true,"valueName":"search_term_string"}}],"inLanguage":"fr-FR"},{"@type":"Organization","@id":"https:\/\/legacy.colt.net\/#organization","name":"Colt Technology Services","url":"https:\/\/legacy.colt.net\/","logo":{"@type":"ImageObject","inLanguage":"fr-FR","@id":"https:\/\/legacy.colt.net\/#\/schema\/logo\/image\/","url":"https:\/\/legacy.colt.net\/wp-content\/uploads\/2019\/02\/Colt-Logo.png","contentUrl":"https:\/\/legacy.colt.net\/wp-content\/uploads\/2019\/02\/Colt-Logo.png","width":195,"height":77,"caption":"Colt Technology Services"},"image":{"@id":"https:\/\/legacy.colt.net\/#\/schema\/logo\/image\/"},"sameAs":["https:\/\/www.facebook.com\/ColtTechnologyServices\/","https:\/\/x.com\/colt_technology","https:\/\/www.instagram.com\/colttechnologyservices\/","https:\/\/www.linkedin.com\/company\/colt-technology-services","https:\/\/www.youtube.com\/user\/ColtTechnology"]}]}},"_links":{"self":[{"href":"https:\/\/legacy.colt.net\/fr\/wp-json\/wp\/v2\/pages\/64560","targetHints":{"allow":["GET"]}}],"collection":[{"href":"https:\/\/legacy.colt.net\/fr\/wp-json\/wp\/v2\/pages"}],"about":[{"href":"https:\/\/legacy.colt.net\/fr\/wp-json\/wp\/v2\/types\/page"}],"author":[{"embeddable":true,"href":"https:\/\/legacy.colt.net\/fr\/wp-json\/wp\/v2\/users\/143"}],"replies":[{"embeddable":true,"href":"https:\/\/legacy.colt.net\/fr\/wp-json\/wp\/v2\/comments?post=64560"}],"version-history":[{"count":0,"href":"https:\/\/legacy.colt.net\/fr\/wp-json\/wp\/v2\/pages\/64560\/revisions"}],"wp:attachment":[{"href":"https:\/\/legacy.colt.net\/fr\/wp-json\/wp\/v2\/media?parent=64560"}],"wp:term":[{"taxonomy":"colt_type","embeddable":true,"href":"https:\/\/legacy.colt.net\/fr\/wp-json\/wp\/v2\/colt_type?post=64560"},{"taxonomy":"colt_products","embeddable":true,"href":"https:\/\/legacy.colt.net\/fr\/wp-json\/wp\/v2\/colt_products?post=64560"}],"curies":[{"name":"wp","href":"https:\/\/api.w.org\/{rel}","templated":true}]}}