{"id":59963,"date":"2019-07-19T14:24:08","date_gmt":"2019-07-19T13:24:08","guid":{"rendered":"https:\/\/www.colt.net\/?page_id=59963"},"modified":"2020-10-26T12:22:55","modified_gmt":"2020-10-26T12:22:55","slug":"prizmnet-portal","status":"publish","type":"page","link":"https:\/\/legacy.colt.net\/fr\/product\/prizmnet-portal\/","title":{"rendered":"PrizmNet Portal"},"content":{"rendered":"<h1>\n\t\tPrizmNet Portal\n\t<\/h1>\n<h3>\n\t\tMarch\u00e9s de capitaux\n\t<\/h3>\n\t<nav class=\"breadcrumb\"><span><span><a href=\"https:\/\/legacy.colt.net\/fr\/\">Home<\/a><\/span><\/span><\/nav>\n\t\t\t<a href=\"#hs-chat-open\" target=\"_self\" role=\"button\" rel=\"noopener noreferrer\">\n\t\t\t\t\t\tLive chat\n\t\t\t\t\t<\/a>\n\t\t\t<p>[hubspot type=form portal=344164 id=fd02b54c-5fa5-424c-94be-28588152cd47]<\/p>\n\t\t\t<a href=\"void(0)\" target=\"_self\" rel=\"noopener noreferrer\">\n\t\t\t\t\t\t\t\t\t\t\tContactez nous\n\t\t<\/a>\n\t<p>Accessible en libre-service, le portail PrizmNet Online est votre interface avec Colt PrizmNet\u00a0: il permet de contr\u00f4ler l\u2019ensemble de vos services PrizmNet \u00e0 partir d\u2019un seul et unique endroit, avec une vision en temps quasi-r\u00e9el de leurs performances et de leur utilisation, un annuaire actualis\u00e9 des prestataires PrizmNet, ainsi qu\u2019un acc\u00e8s au support technique et au service d\u2019ouverture de tickets d\u2019incident.<\/p>\n\t<h3>Ajouter ais\u00e9ment de nouvelles connexions et de nouveaux services<\/h3>\n\t<p>Le portail PrizmNet Online permet d\u2019ajouter rapidement et facilement de nouveaux services, de connecter de nouveaux sites et points de connexion clients, ainsi que d\u2019augmenter la bande passante pour accompagner votre strat\u00e9gie de <em>trading<\/em> avec une efficacit\u00e9 accrue.<\/p>\n\t<p>\u00c0 partir de ce portail, vous pourrez parcourir l\u2019annuaire des fournisseurs de contenus pour consulter leurs services et leurs tarifs et demander des devis et commander de nouveaux services et connexions en tout lieu.<\/p>\n\t<h4>Visibilit\u00e9 accrue des performances<\/h4>\n<p>La fonction de compte-rendu r\u00e9seau avanc\u00e9 fournit une image pr\u00e9cise des performances et de l\u2019utilisation de vos services Colt PrizmNet en temps quasi-r\u00e9el, permettant ainsi de planifier les modifications ou mises \u00e0 niveau n\u00e9cessaires en vue de r\u00e9pondre \u00e0 des besoins \u00e0 court ou long terme.<\/p>\n<h4>Vous contr\u00f4lez la situation en permanence<\/h4>\n<p>\u00c0 tout moment, vous pouvez suivre la commande de nouveaux services, consulter vos factures, acc\u00e9der aux services de support technique et d\u2019ouverture de tickets d\u2019incident, et afficher les informations et mises \u00e0 jour concernant le service Colt PrizmNet.<\/p>\n\t<p><iframe loading=\"lazy\" src=\"https:\/\/www.youtube.com\/embed\/n0B-wiJXJlY?rel=0\" width=\"844\" height=\"350\" frameborder=\"0\" allowfullscreen=\"allowfullscreen\">\ufeff\ufeff\ufeff<\/iframe><\/p>\n<h3><\/h3>\n<p>&nbsp;<\/p>\n","protected":false},"excerpt":{"rendered":"<p>PrizmNet Portal March\u00e9s de capitaux Live chat [hubspot type=form portal=344164 id=fd02b54c-5fa5-424c-94be-28588152cd47] Contactez nous Accessible en libre-service, le portail PrizmNet Online est votre interface avec Colt PrizmNet\u00a0: il permet de contr\u00f4ler l\u2019ensemble de vos services PrizmNet \u00e0 partir d\u2019un seul et unique endroit, avec une vision en temps quasi-r\u00e9el de leurs performances et de leur utilisation,&#8230;<\/p>\n","protected":false},"author":2,"featured_media":0,"parent":35895,"menu_order":1,"comment_status":"closed","ping_status":"closed","template":"","meta":{"_acf_changed":false,"footnotes":""},"colt_type":[],"colt_products":[1260,1494],"class_list":["post-59963","page","type-page","status-publish","hentry","colt_products-colt-business-connect-fr","colt_products-capital-markets-fr"],"acf":[],"yoast_head":"<!-- This site is optimized with the Yoast SEO plugin v26.8 - https:\/\/yoast.com\/product\/yoast-seo-wordpress\/ -->\n<title>PrizmNet Portal - Colt Technology Services<\/title>\n<meta name=\"description\" content=\"Colt PrizmNet est un extranet de services financiers qui facilite le raccordement \u00e0 l\u2019\u00e9cosyst\u00e8me mondial du march\u00e9 des capitaux.\" \/>\n<meta name=\"robots\" content=\"noindex, follow, max-snippet:-1, max-image-preview:large, max-video-preview:-1\" \/>\n<meta property=\"og:locale\" content=\"fr_FR\" \/>\n<meta property=\"og:type\" content=\"article\" \/>\n<meta property=\"og:title\" content=\"PrizmNet Portal - Colt Technology Services\" \/>\n<meta property=\"og:description\" content=\"Colt PrizmNet est un extranet de services financiers qui facilite le raccordement \u00e0 l\u2019\u00e9cosyst\u00e8me mondial du march\u00e9 des capitaux.\" \/>\n<meta property=\"og:url\" content=\"https:\/\/legacy.colt.net\/fr\/product\/prizmnet-portal\/\" \/>\n<meta property=\"og:site_name\" content=\"Colt Technology Services\" \/>\n<meta property=\"article:publisher\" content=\"https:\/\/www.facebook.com\/ColtTechnologyServices\/\" \/>\n<meta property=\"article:modified_time\" content=\"2020-10-26T12:22:55+00:00\" \/>\n<meta property=\"og:image\" content=\"https:\/\/legacy.colt.net\/wp-content\/uploads\/2021\/01\/Brand-2021-Stock-1.jpg\" \/>\n\t<meta property=\"og:image:width\" content=\"1000\" \/>\n\t<meta property=\"og:image:height\" content=\"667\" \/>\n\t<meta property=\"og:image:type\" content=\"image\/jpeg\" \/>\n<meta name=\"twitter:card\" content=\"summary_large_image\" \/>\n<meta name=\"twitter:site\" content=\"@colt_technology\" \/>\n<meta name=\"twitter:label1\" content=\"Est. reading time\" \/>\n\t<meta name=\"twitter:data1\" content=\"1 minute\" \/>\n<script type=\"application\/ld+json\" class=\"yoast-schema-graph\">{\"@context\":\"https:\/\/schema.org\",\"@graph\":[{\"@type\":\"WebPage\",\"@id\":\"https:\/\/legacy.colt.net\/fr\/product\/prizmnet-portal\/\",\"url\":\"https:\/\/legacy.colt.net\/fr\/product\/prizmnet-portal\/\",\"name\":\"PrizmNet Portal - Colt Technology Services\",\"isPartOf\":{\"@id\":\"https:\/\/legacy.colt.net\/#website\"},\"datePublished\":\"2019-07-19T13:24:08+00:00\",\"dateModified\":\"2020-10-26T12:22:55+00:00\",\"description\":\"Colt PrizmNet est un extranet de services financiers qui facilite le raccordement \u00e0 l\u2019\u00e9cosyst\u00e8me mondial du march\u00e9 des capitaux.\",\"breadcrumb\":{\"@id\":\"https:\/\/legacy.colt.net\/fr\/product\/prizmnet-portal\/#breadcrumb\"},\"inLanguage\":\"fr-FR\",\"potentialAction\":[{\"@type\":\"ReadAction\",\"target\":[\"https:\/\/legacy.colt.net\/fr\/product\/prizmnet-portal\/\"]}]},{\"@type\":\"BreadcrumbList\",\"@id\":\"https:\/\/legacy.colt.net\/fr\/product\/prizmnet-portal\/#breadcrumb\",\"itemListElement\":[{\"@type\":\"ListItem\",\"position\":1,\"name\":\"Home\",\"item\":\"https:\/\/legacy.colt.net\/fr\/\"},{\"@type\":\"ListItem\",\"position\":2,\"name\":\"Produits &#038; Services r\u00e9seaux\",\"item\":\"https:\/\/legacy.colt.net\/fr\/product\/\"},{\"@type\":\"ListItem\",\"position\":3,\"name\":\"PrizmNet Portal\"}]},{\"@type\":\"WebSite\",\"@id\":\"https:\/\/legacy.colt.net\/#website\",\"url\":\"https:\/\/legacy.colt.net\/\",\"name\":\"Colt\u30c6\u30af\u30ce\u30ed\u30b8\u30fc\u30b5\u30fc\u30d3\u30b9\u682a\u5f0f\u4f1a\u793e\",\"description\":\"Managed Network &amp; Voice Services Provider\",\"publisher\":{\"@id\":\"https:\/\/legacy.colt.net\/#organization\"},\"potentialAction\":[{\"@type\":\"SearchAction\",\"target\":{\"@type\":\"EntryPoint\",\"urlTemplate\":\"https:\/\/legacy.colt.net\/?s={search_term_string}\"},\"query-input\":{\"@type\":\"PropertyValueSpecification\",\"valueRequired\":true,\"valueName\":\"search_term_string\"}}],\"inLanguage\":\"fr-FR\"},{\"@type\":\"Organization\",\"@id\":\"https:\/\/legacy.colt.net\/#organization\",\"name\":\"Colt Technology Services\",\"url\":\"https:\/\/legacy.colt.net\/\",\"logo\":{\"@type\":\"ImageObject\",\"inLanguage\":\"fr-FR\",\"@id\":\"https:\/\/legacy.colt.net\/#\/schema\/logo\/image\/\",\"url\":\"https:\/\/legacy.colt.net\/wp-content\/uploads\/2019\/02\/Colt-Logo.png\",\"contentUrl\":\"https:\/\/legacy.colt.net\/wp-content\/uploads\/2019\/02\/Colt-Logo.png\",\"width\":195,\"height\":77,\"caption\":\"Colt Technology Services\"},\"image\":{\"@id\":\"https:\/\/legacy.colt.net\/#\/schema\/logo\/image\/\"},\"sameAs\":[\"https:\/\/www.facebook.com\/ColtTechnologyServices\/\",\"https:\/\/x.com\/colt_technology\",\"https:\/\/www.instagram.com\/colttechnologyservices\/\",\"https:\/\/www.linkedin.com\/company\/colt-technology-services\",\"https:\/\/www.youtube.com\/user\/ColtTechnology\"]}]}<\/script>\n<!-- \/ Yoast SEO plugin. -->","yoast_head_json":{"title":"PrizmNet Portal - Colt Technology Services","description":"Colt PrizmNet est un extranet de services financiers qui facilite le raccordement \u00e0 l\u2019\u00e9cosyst\u00e8me mondial du march\u00e9 des capitaux.","robots":{"index":"noindex","follow":"follow","max-snippet":"max-snippet:-1","max-image-preview":"max-image-preview:large","max-video-preview":"max-video-preview:-1"},"og_locale":"fr_FR","og_type":"article","og_title":"PrizmNet Portal - Colt Technology Services","og_description":"Colt PrizmNet est un extranet de services financiers qui facilite le raccordement \u00e0 l\u2019\u00e9cosyst\u00e8me mondial du march\u00e9 des capitaux.","og_url":"https:\/\/legacy.colt.net\/fr\/product\/prizmnet-portal\/","og_site_name":"Colt Technology Services","article_publisher":"https:\/\/www.facebook.com\/ColtTechnologyServices\/","article_modified_time":"2020-10-26T12:22:55+00:00","og_image":[{"width":1000,"height":667,"url":"https:\/\/legacy.colt.net\/wp-content\/uploads\/2021\/01\/Brand-2021-Stock-1.jpg","type":"image\/jpeg"}],"twitter_card":"summary_large_image","twitter_site":"@colt_technology","twitter_misc":{"Est. reading time":"1 minute"},"schema":{"@context":"https:\/\/schema.org","@graph":[{"@type":"WebPage","@id":"https:\/\/legacy.colt.net\/fr\/product\/prizmnet-portal\/","url":"https:\/\/legacy.colt.net\/fr\/product\/prizmnet-portal\/","name":"PrizmNet Portal - Colt Technology Services","isPartOf":{"@id":"https:\/\/legacy.colt.net\/#website"},"datePublished":"2019-07-19T13:24:08+00:00","dateModified":"2020-10-26T12:22:55+00:00","description":"Colt PrizmNet est un extranet de services financiers qui facilite le raccordement \u00e0 l\u2019\u00e9cosyst\u00e8me mondial du march\u00e9 des capitaux.","breadcrumb":{"@id":"https:\/\/legacy.colt.net\/fr\/product\/prizmnet-portal\/#breadcrumb"},"inLanguage":"fr-FR","potentialAction":[{"@type":"ReadAction","target":["https:\/\/legacy.colt.net\/fr\/product\/prizmnet-portal\/"]}]},{"@type":"BreadcrumbList","@id":"https:\/\/legacy.colt.net\/fr\/product\/prizmnet-portal\/#breadcrumb","itemListElement":[{"@type":"ListItem","position":1,"name":"Home","item":"https:\/\/legacy.colt.net\/fr\/"},{"@type":"ListItem","position":2,"name":"Produits &#038; Services r\u00e9seaux","item":"https:\/\/legacy.colt.net\/fr\/product\/"},{"@type":"ListItem","position":3,"name":"PrizmNet Portal"}]},{"@type":"WebSite","@id":"https:\/\/legacy.colt.net\/#website","url":"https:\/\/legacy.colt.net\/","name":"Colt\u30c6\u30af\u30ce\u30ed\u30b8\u30fc\u30b5\u30fc\u30d3\u30b9\u682a\u5f0f\u4f1a\u793e","description":"Managed Network &amp; Voice Services Provider","publisher":{"@id":"https:\/\/legacy.colt.net\/#organization"},"potentialAction":[{"@type":"SearchAction","target":{"@type":"EntryPoint","urlTemplate":"https:\/\/legacy.colt.net\/?s={search_term_string}"},"query-input":{"@type":"PropertyValueSpecification","valueRequired":true,"valueName":"search_term_string"}}],"inLanguage":"fr-FR"},{"@type":"Organization","@id":"https:\/\/legacy.colt.net\/#organization","name":"Colt Technology Services","url":"https:\/\/legacy.colt.net\/","logo":{"@type":"ImageObject","inLanguage":"fr-FR","@id":"https:\/\/legacy.colt.net\/#\/schema\/logo\/image\/","url":"https:\/\/legacy.colt.net\/wp-content\/uploads\/2019\/02\/Colt-Logo.png","contentUrl":"https:\/\/legacy.colt.net\/wp-content\/uploads\/2019\/02\/Colt-Logo.png","width":195,"height":77,"caption":"Colt Technology Services"},"image":{"@id":"https:\/\/legacy.colt.net\/#\/schema\/logo\/image\/"},"sameAs":["https:\/\/www.facebook.com\/ColtTechnologyServices\/","https:\/\/x.com\/colt_technology","https:\/\/www.instagram.com\/colttechnologyservices\/","https:\/\/www.linkedin.com\/company\/colt-technology-services","https:\/\/www.youtube.com\/user\/ColtTechnology"]}]}},"_links":{"self":[{"href":"https:\/\/legacy.colt.net\/fr\/wp-json\/wp\/v2\/pages\/59963","targetHints":{"allow":["GET"]}}],"collection":[{"href":"https:\/\/legacy.colt.net\/fr\/wp-json\/wp\/v2\/pages"}],"about":[{"href":"https:\/\/legacy.colt.net\/fr\/wp-json\/wp\/v2\/types\/page"}],"author":[{"embeddable":true,"href":"https:\/\/legacy.colt.net\/fr\/wp-json\/wp\/v2\/users\/2"}],"replies":[{"embeddable":true,"href":"https:\/\/legacy.colt.net\/fr\/wp-json\/wp\/v2\/comments?post=59963"}],"version-history":[{"count":0,"href":"https:\/\/legacy.colt.net\/fr\/wp-json\/wp\/v2\/pages\/59963\/revisions"}],"up":[{"embeddable":true,"href":"https:\/\/legacy.colt.net\/fr\/wp-json\/wp\/v2\/pages\/35895"}],"wp:attachment":[{"href":"https:\/\/legacy.colt.net\/fr\/wp-json\/wp\/v2\/media?parent=59963"}],"wp:term":[{"taxonomy":"colt_type","embeddable":true,"href":"https:\/\/legacy.colt.net\/fr\/wp-json\/wp\/v2\/colt_type?post=59963"},{"taxonomy":"colt_products","embeddable":true,"href":"https:\/\/legacy.colt.net\/fr\/wp-json\/wp\/v2\/colt_products?post=59963"}],"curies":[{"name":"wp","href":"https:\/\/api.w.org\/{rel}","templated":true}]}}