{"id":59937,"date":"2019-07-04T09:19:04","date_gmt":"2019-07-04T08:19:04","guid":{"rendered":"https:\/\/www.colt.net\/serviceanbieter-verzeichnis\/"},"modified":"2019-12-03T10:28:11","modified_gmt":"2019-12-03T10:28:11","slug":"providers","status":"publish","type":"page","link":"https:\/\/legacy.colt.net\/fr\/providers\/","title":{"rendered":"Fournisseurs de contenus financiers"},"content":{"rendered":"<h1>\n\t<\/h1>\n<h3>\n\t<\/h3>\n\t<nav class=\"breadcrumb\"><span><span><a href=\"https:\/\/legacy.colt.net\/fr\/\">Home<\/a><\/span><\/span><\/nav>\n\t<p>En rejoignant Colt PrizmNet, vous acc\u00e9dez \u00e0 une communaut\u00e9 mondiale solidement \u00e9tablie et en pleine expansion de places boursi\u00e8res, salles de march\u00e9s et fournisseurs de contenus financiers r\u00e9pertori\u00e9s dans l\u2019annuaire accessible sur le portail PrizmNet.<\/p>\n<p>Pour ajouter un fournisseur de contenus financiers ou de donn\u00e9es, contactez notre \u00e9quipe Capital Market.<\/p>\n<h3>Places boursi\u00e8res et salles de march\u00e9s<\/h3>\n<p>Colt PrizmNet permet d\u2019acc\u00e9der aux bourses et autres salles de march\u00e9s du monde entier, y compris aux syst\u00e8mes de n\u00e9gociation ATS (<em>Automatic Trading Systems<\/em>), ECN (<em>Electronic Communication Networks<\/em>), ETF (<em>Exchange Traded Funds<\/em>), OTC (<em>Over The Counter<\/em>) et PTS (<em>Proprietary Trading Systems<\/em>). Nous mettons tout en \u0153uvre pour vous aider \u00e0 lancer rapidement vos activit\u00e9s de n\u00e9gociation sur une nouvelle place de march\u00e9 ou dans une nouvelle classe d\u2019actifs en minimisant les d\u00e9lais d\u2019ex\u00e9cution.<\/p>\n\t<iframe loading=\"lazy\" width=\"500\" height=\"281\" src=\"https:\/\/www.youtube.com\/embed\/xab4LREuJXM?feature=oembed\" frameborder=\"0\" allow=\"accelerometer; autoplay; encrypted-media; gyroscope; picture-in-picture\" allowfullscreen><\/iframe>\n\t<h3>Directive MiFID\u00a0II &amp; conformit\u00e9 r\u00e9glementaire<\/h3>\n<p>Colt PrizmNet permet de se connecter rapidement et ais\u00e9ment \u00e0 des fournisseurs de services de reporting et autres, dont la mission est de faciliter la mise en conformit\u00e9 aux r\u00e9glementations en vigueur.<\/p>\n<p>\u00c0 titre d\u2019exemple, plusieurs prestataires de PrizmNet proposent des services de reporting de transactions, de tests d\u2019algorithmes et autres services qui aideront votre entreprise \u00e0 pr\u00e9parer sa mise en conformit\u00e9 \u00e0 la directive MiFID\u00a0II.<\/p>\n<h3>Services de traitement des donn\u00e9es de march\u00e9, d\u2019analyses et autres<\/h3>\n<p>Avec Colt PrizmNet, vous recevrez des flux de donn\u00e9es de march\u00e9 en provenance de plusieurs prestataires et pourrez acc\u00e9der \u00e0 un large \u00e9ventail d\u2019autres services\u00a0:<\/p>\n<ul>\n<li>analyse et traitement des donn\u00e9es<\/li>\n<li>logiciel de <em>trading<\/em><\/li>\n<li>OEM<\/li>\n<li>donn\u00e9es WCA (<em>Worldwide Corporate Actions<\/em>)<\/li>\n<li>sites de stockage pour le Big Data<\/li>\n<li>logiciels d\u2019entreprise<\/li>\n<\/ul>\n\t<strong>En savoir plus<br \/>\n<\/strong>Vous voulez en savoir plus sur notre extranet de <a href=\"https:\/\/legacy.colt.net\/fr\/product\/financial-extranet\/\">services financiers\u00a0<\/a>? D\u00e9couvrez nos autres produits ci-dessous.\n<a href=\"https:\/\/legacy.colt.net\/fr\/product\/prizmnet-portal\/\"><strong>Portail PrizmNet<\/strong><\/a><br \/>\nNotre extranet financier Colt PrizmNet relie l\u2019\u00e9cosyst\u00e8me mondial des march\u00e9s de capitaux.\n<a href=\"https:\/\/legacy.colt.net\/fr\/mifid-ii\/\"><strong>MiFID\u00a0II<br \/>\n<\/strong><\/a>\u00cates-vous arm\u00e9 pour r\u00e9pondre aux exigences complexes de la directive europ\u00e9enne MiFID\u00a0II\u00a0?\n","protected":false},"excerpt":{"rendered":"<p>En rejoignant Colt PrizmNet, vous acc\u00e9dez \u00e0 une communaut\u00e9 mondiale solidement \u00e9tablie et en pleine expansion de places boursi\u00e8res, salles de march\u00e9s et fournisseurs de contenus financiers r\u00e9pertori\u00e9s dans l\u2019annuaire accessible sur le portail PrizmNet. Pour ajouter un fournisseur de contenus financiers ou de donn\u00e9es, contactez notre \u00e9quipe Capital Market. Places boursi\u00e8res et salles de&#8230;<\/p>\n","protected":false},"author":2,"featured_media":0,"parent":0,"menu_order":2,"comment_status":"closed","ping_status":"closed","template":"","meta":{"_acf_changed":false,"footnotes":""},"colt_type":[],"colt_products":[1494],"class_list":["post-59937","page","type-page","status-publish","hentry","colt_products-capital-markets-fr"],"acf":[],"yoast_head":"<!-- This site is optimized with the Yoast SEO plugin v26.8 - https:\/\/yoast.com\/product\/yoast-seo-wordpress\/ -->\n<title>Fournisseurs de contenus financiers - Colt Technology Services<\/title>\n<meta name=\"description\" content=\"En rejoignant Colt PrizmNet, vous acc\u00e9dez \u00e0 une communaut\u00e9 mondiale solidement \u00e9tablie et en pleine expansion de places boursi\u00e8res, salles de march\u00e9s\" \/>\n<meta name=\"robots\" content=\"noindex, follow, max-snippet:-1, max-image-preview:large, max-video-preview:-1\" \/>\n<meta property=\"og:locale\" content=\"fr_FR\" \/>\n<meta property=\"og:type\" content=\"article\" \/>\n<meta property=\"og:title\" content=\"Fournisseurs de contenus financiers - Colt Technology Services\" \/>\n<meta property=\"og:description\" content=\"En rejoignant Colt PrizmNet, vous acc\u00e9dez \u00e0 une communaut\u00e9 mondiale solidement \u00e9tablie et en pleine expansion de places boursi\u00e8res, salles de march\u00e9s\" \/>\n<meta property=\"og:url\" content=\"https:\/\/legacy.colt.net\/fr\/providers\/\" \/>\n<meta property=\"og:site_name\" content=\"Colt Technology Services\" \/>\n<meta property=\"article:publisher\" content=\"https:\/\/www.facebook.com\/ColtTechnologyServices\/\" \/>\n<meta property=\"article:modified_time\" content=\"2019-12-03T10:28:11+00:00\" \/>\n<meta property=\"og:image\" content=\"https:\/\/legacy.colt.net\/wp-content\/uploads\/2021\/01\/Brand-2021-Stock-40.jpg\" \/>\n\t<meta property=\"og:image:width\" content=\"1000\" \/>\n\t<meta property=\"og:image:height\" content=\"667\" \/>\n\t<meta property=\"og:image:type\" content=\"image\/jpeg\" \/>\n<meta name=\"twitter:card\" content=\"summary_large_image\" \/>\n<meta name=\"twitter:site\" content=\"@colt_technology\" \/>\n<meta name=\"twitter:label1\" content=\"Est. reading time\" \/>\n\t<meta name=\"twitter:data1\" content=\"2 minutes\" \/>\n<script type=\"application\/ld+json\" class=\"yoast-schema-graph\">{\"@context\":\"https:\/\/schema.org\",\"@graph\":[{\"@type\":\"WebPage\",\"@id\":\"https:\/\/legacy.colt.net\/fr\/providers\/\",\"url\":\"https:\/\/legacy.colt.net\/fr\/providers\/\",\"name\":\"Fournisseurs de contenus financiers - Colt Technology Services\",\"isPartOf\":{\"@id\":\"https:\/\/legacy.colt.net\/#website\"},\"datePublished\":\"2019-07-04T08:19:04+00:00\",\"dateModified\":\"2019-12-03T10:28:11+00:00\",\"description\":\"En rejoignant Colt PrizmNet, vous acc\u00e9dez \u00e0 une communaut\u00e9 mondiale solidement \u00e9tablie et en pleine expansion de places boursi\u00e8res, salles de march\u00e9s\",\"breadcrumb\":{\"@id\":\"https:\/\/legacy.colt.net\/fr\/providers\/#breadcrumb\"},\"inLanguage\":\"fr-FR\",\"potentialAction\":[{\"@type\":\"ReadAction\",\"target\":[\"https:\/\/legacy.colt.net\/fr\/providers\/\"]}]},{\"@type\":\"BreadcrumbList\",\"@id\":\"https:\/\/legacy.colt.net\/fr\/providers\/#breadcrumb\",\"itemListElement\":[{\"@type\":\"ListItem\",\"position\":1,\"name\":\"Home\",\"item\":\"https:\/\/legacy.colt.net\/fr\/\"},{\"@type\":\"ListItem\",\"position\":2,\"name\":\"Fournisseurs de contenus financiers\"}]},{\"@type\":\"WebSite\",\"@id\":\"https:\/\/legacy.colt.net\/#website\",\"url\":\"https:\/\/legacy.colt.net\/\",\"name\":\"Colt\u30c6\u30af\u30ce\u30ed\u30b8\u30fc\u30b5\u30fc\u30d3\u30b9\u682a\u5f0f\u4f1a\u793e\",\"description\":\"Managed Network &amp; Voice Services Provider\",\"publisher\":{\"@id\":\"https:\/\/legacy.colt.net\/#organization\"},\"potentialAction\":[{\"@type\":\"SearchAction\",\"target\":{\"@type\":\"EntryPoint\",\"urlTemplate\":\"https:\/\/legacy.colt.net\/?s={search_term_string}\"},\"query-input\":{\"@type\":\"PropertyValueSpecification\",\"valueRequired\":true,\"valueName\":\"search_term_string\"}}],\"inLanguage\":\"fr-FR\"},{\"@type\":\"Organization\",\"@id\":\"https:\/\/legacy.colt.net\/#organization\",\"name\":\"Colt Technology Services\",\"url\":\"https:\/\/legacy.colt.net\/\",\"logo\":{\"@type\":\"ImageObject\",\"inLanguage\":\"fr-FR\",\"@id\":\"https:\/\/legacy.colt.net\/#\/schema\/logo\/image\/\",\"url\":\"https:\/\/legacy.colt.net\/wp-content\/uploads\/2019\/02\/Colt-Logo.png\",\"contentUrl\":\"https:\/\/legacy.colt.net\/wp-content\/uploads\/2019\/02\/Colt-Logo.png\",\"width\":195,\"height\":77,\"caption\":\"Colt Technology Services\"},\"image\":{\"@id\":\"https:\/\/legacy.colt.net\/#\/schema\/logo\/image\/\"},\"sameAs\":[\"https:\/\/www.facebook.com\/ColtTechnologyServices\/\",\"https:\/\/x.com\/colt_technology\",\"https:\/\/www.instagram.com\/colttechnologyservices\/\",\"https:\/\/www.linkedin.com\/company\/colt-technology-services\",\"https:\/\/www.youtube.com\/user\/ColtTechnology\"]}]}<\/script>\n<!-- \/ Yoast SEO plugin. -->","yoast_head_json":{"title":"Fournisseurs de contenus financiers - Colt Technology Services","description":"En rejoignant Colt PrizmNet, vous acc\u00e9dez \u00e0 une communaut\u00e9 mondiale solidement \u00e9tablie et en pleine expansion de places boursi\u00e8res, salles de march\u00e9s","robots":{"index":"noindex","follow":"follow","max-snippet":"max-snippet:-1","max-image-preview":"max-image-preview:large","max-video-preview":"max-video-preview:-1"},"og_locale":"fr_FR","og_type":"article","og_title":"Fournisseurs de contenus financiers - Colt Technology Services","og_description":"En rejoignant Colt PrizmNet, vous acc\u00e9dez \u00e0 une communaut\u00e9 mondiale solidement \u00e9tablie et en pleine expansion de places boursi\u00e8res, salles de march\u00e9s","og_url":"https:\/\/legacy.colt.net\/fr\/providers\/","og_site_name":"Colt Technology Services","article_publisher":"https:\/\/www.facebook.com\/ColtTechnologyServices\/","article_modified_time":"2019-12-03T10:28:11+00:00","og_image":[{"width":1000,"height":667,"url":"https:\/\/legacy.colt.net\/wp-content\/uploads\/2021\/01\/Brand-2021-Stock-40.jpg","type":"image\/jpeg"}],"twitter_card":"summary_large_image","twitter_site":"@colt_technology","twitter_misc":{"Est. reading time":"2 minutes"},"schema":{"@context":"https:\/\/schema.org","@graph":[{"@type":"WebPage","@id":"https:\/\/legacy.colt.net\/fr\/providers\/","url":"https:\/\/legacy.colt.net\/fr\/providers\/","name":"Fournisseurs de contenus financiers - Colt Technology Services","isPartOf":{"@id":"https:\/\/legacy.colt.net\/#website"},"datePublished":"2019-07-04T08:19:04+00:00","dateModified":"2019-12-03T10:28:11+00:00","description":"En rejoignant Colt PrizmNet, vous acc\u00e9dez \u00e0 une communaut\u00e9 mondiale solidement \u00e9tablie et en pleine expansion de places boursi\u00e8res, salles de march\u00e9s","breadcrumb":{"@id":"https:\/\/legacy.colt.net\/fr\/providers\/#breadcrumb"},"inLanguage":"fr-FR","potentialAction":[{"@type":"ReadAction","target":["https:\/\/legacy.colt.net\/fr\/providers\/"]}]},{"@type":"BreadcrumbList","@id":"https:\/\/legacy.colt.net\/fr\/providers\/#breadcrumb","itemListElement":[{"@type":"ListItem","position":1,"name":"Home","item":"https:\/\/legacy.colt.net\/fr\/"},{"@type":"ListItem","position":2,"name":"Fournisseurs de contenus financiers"}]},{"@type":"WebSite","@id":"https:\/\/legacy.colt.net\/#website","url":"https:\/\/legacy.colt.net\/","name":"Colt\u30c6\u30af\u30ce\u30ed\u30b8\u30fc\u30b5\u30fc\u30d3\u30b9\u682a\u5f0f\u4f1a\u793e","description":"Managed Network &amp; Voice Services Provider","publisher":{"@id":"https:\/\/legacy.colt.net\/#organization"},"potentialAction":[{"@type":"SearchAction","target":{"@type":"EntryPoint","urlTemplate":"https:\/\/legacy.colt.net\/?s={search_term_string}"},"query-input":{"@type":"PropertyValueSpecification","valueRequired":true,"valueName":"search_term_string"}}],"inLanguage":"fr-FR"},{"@type":"Organization","@id":"https:\/\/legacy.colt.net\/#organization","name":"Colt Technology Services","url":"https:\/\/legacy.colt.net\/","logo":{"@type":"ImageObject","inLanguage":"fr-FR","@id":"https:\/\/legacy.colt.net\/#\/schema\/logo\/image\/","url":"https:\/\/legacy.colt.net\/wp-content\/uploads\/2019\/02\/Colt-Logo.png","contentUrl":"https:\/\/legacy.colt.net\/wp-content\/uploads\/2019\/02\/Colt-Logo.png","width":195,"height":77,"caption":"Colt Technology Services"},"image":{"@id":"https:\/\/legacy.colt.net\/#\/schema\/logo\/image\/"},"sameAs":["https:\/\/www.facebook.com\/ColtTechnologyServices\/","https:\/\/x.com\/colt_technology","https:\/\/www.instagram.com\/colttechnologyservices\/","https:\/\/www.linkedin.com\/company\/colt-technology-services","https:\/\/www.youtube.com\/user\/ColtTechnology"]}]}},"_links":{"self":[{"href":"https:\/\/legacy.colt.net\/fr\/wp-json\/wp\/v2\/pages\/59937","targetHints":{"allow":["GET"]}}],"collection":[{"href":"https:\/\/legacy.colt.net\/fr\/wp-json\/wp\/v2\/pages"}],"about":[{"href":"https:\/\/legacy.colt.net\/fr\/wp-json\/wp\/v2\/types\/page"}],"author":[{"embeddable":true,"href":"https:\/\/legacy.colt.net\/fr\/wp-json\/wp\/v2\/users\/2"}],"replies":[{"embeddable":true,"href":"https:\/\/legacy.colt.net\/fr\/wp-json\/wp\/v2\/comments?post=59937"}],"version-history":[{"count":0,"href":"https:\/\/legacy.colt.net\/fr\/wp-json\/wp\/v2\/pages\/59937\/revisions"}],"wp:attachment":[{"href":"https:\/\/legacy.colt.net\/fr\/wp-json\/wp\/v2\/media?parent=59937"}],"wp:term":[{"taxonomy":"colt_type","embeddable":true,"href":"https:\/\/legacy.colt.net\/fr\/wp-json\/wp\/v2\/colt_type?post=59937"},{"taxonomy":"colt_products","embeddable":true,"href":"https:\/\/legacy.colt.net\/fr\/wp-json\/wp\/v2\/colt_products?post=59937"}],"curies":[{"name":"wp","href":"https:\/\/api.w.org\/{rel}","templated":true}]}}