{"id":59930,"date":"2019-07-19T13:56:11","date_gmt":"2019-07-19T12:56:11","guid":{"rendered":"https:\/\/www.colt.net\/?page_id=59930"},"modified":"2019-12-03T10:28:01","modified_gmt":"2019-12-03T10:28:01","slug":"mifid-ii","status":"publish","type":"page","link":"https:\/\/legacy.colt.net\/fr\/mifid-ii\/","title":{"rendered":"MiFID-ii"},"content":{"rendered":"<h1>\n\t<\/h1>\n<h3>\n\t<\/h3>\n\t<nav class=\"breadcrumb\"><span><span><a href=\"https:\/\/legacy.colt.net\/fr\/\">Home<\/a><\/span><\/span><\/nav>\n\t<h3>Vous recherchez des solutions capables de r\u00e9pondre aux exigences de mise en conformit\u00e9 les plus complexes\u00a0?<\/h3>\n<p>Avec Colt PrizmNet, vous acc\u00e9dez de fa\u00e7on simple et efficace \u00e0 un \u00e9cosyst\u00e8me de solutions r\u00e9glementaires bas\u00e9es sur le Cloud et con\u00e7ues pour acc\u00e9l\u00e9rer la mise en conformit\u00e9 de votre entreprise aux r\u00e9glementations en vigueur, notamment \u00e0 la directive europ\u00e9enne MiFID\u00a0II.<\/p>\n<p>Colt PrizmNet permet d\u2019acc\u00e9der \u00e0 un large \u00e9ventail de services d\u00e9velopp\u00e9s et manag\u00e9s par des fournisseurs sp\u00e9cialis\u00e9s dans la mise en conformit\u00e9. Ces services sont les suivants\u00a0:<\/p>\n<ul>\n<li>test des algorithmes<\/li>\n<li>ex\u00e9cution optimale<\/li>\n<li>surveillance du march\u00e9<\/li>\n<li>reporting des transactions<\/li>\n<li>stockage, analyse et traitement des donn\u00e9es.<\/li>\n<\/ul>\n<p>&nbsp;<\/p>\n<strong>En savoir plus<br \/>\n<\/strong>Vous voulez en savoir plus sur notre extranet de <a href=\"https:\/\/legacy.colt.net\/fr\/product\/financial-extranet\/\">services financiers\u00a0<\/a>? D\u00e9couvrez nos autres produits ci-dessous.\n<p><a href=\"https:\/\/legacy.colt.net\/fr\/product\/prizmnet-portal\/\"><strong>Portail PrizmNet<\/strong><\/a><\/p>\n<p>Notre extranet financier Colt PrizmNet relie l\u2019\u00e9cosyst\u00e8me mondial des march\u00e9s de capitaux.<\/p>\n<p><a href=\"https:\/\/legacy.colt.net\/fr\/providers\/\"><strong>Prestataires \u2014 annuaire des fournisseurs de contenus financiers<\/strong><\/a><\/p>\n<p>Une communaut\u00e9 mondiale de places boursi\u00e8res, de salles de march\u00e9s et de fournisseurs de contenus financiers, tous r\u00e9pertori\u00e9s dans l\u2019annuaire du portail PrizmNet.<\/p>\n\t<p><iframe loading=\"lazy\" id=\"239001363\" src=\"https:\/\/www.youtube.com\/embed\/xab4LREuJXM?feature=oembed\" width=\"500\" height=\"281\" frameborder=\"0\" allowfullscreen=\"allowfullscreen\" data-gtm-yt-inspected-1778563_260=\"true\" data-gtm-yt-inspected-1778563_297=\"true\" data-mce-fragment=\"1\"><\/iframe><\/p>\n<p>&nbsp;<\/p>\n","protected":false},"excerpt":{"rendered":"<p>Vous recherchez des solutions capables de r\u00e9pondre aux exigences de mise en conformit\u00e9 les plus complexes\u00a0? Avec Colt PrizmNet, vous acc\u00e9dez de fa\u00e7on simple et efficace \u00e0 un \u00e9cosyst\u00e8me de solutions r\u00e9glementaires bas\u00e9es sur le Cloud et con\u00e7ues pour acc\u00e9l\u00e9rer la mise en conformit\u00e9 de votre entreprise aux r\u00e9glementations en vigueur, notamment \u00e0 la directive&#8230;<\/p>\n","protected":false},"author":2,"featured_media":0,"parent":0,"menu_order":3,"comment_status":"closed","ping_status":"closed","template":"","meta":{"_acf_changed":false,"footnotes":""},"colt_type":[],"colt_products":[1494],"class_list":["post-59930","page","type-page","status-publish","hentry","colt_products-capital-markets-fr"],"acf":[],"yoast_head":"<!-- This site is optimized with the Yoast SEO plugin v26.8 - https:\/\/yoast.com\/product\/yoast-seo-wordpress\/ -->\n<title>MiFID-ii - Colt Technology Services<\/title>\n<meta name=\"description\" content=\"Vous recherchez des solutions capables de r\u00e9pondre aux exigences de mise en conformit\u00e9 les plus complexes ?\" \/>\n<meta name=\"robots\" content=\"noindex, follow, max-snippet:-1, max-image-preview:large, max-video-preview:-1\" \/>\n<meta property=\"og:locale\" content=\"fr_FR\" \/>\n<meta property=\"og:type\" content=\"article\" \/>\n<meta property=\"og:title\" content=\"MiFID-ii - Colt Technology Services\" \/>\n<meta property=\"og:description\" content=\"Vous recherchez des solutions capables de r\u00e9pondre aux exigences de mise en conformit\u00e9 les plus complexes ?\" \/>\n<meta property=\"og:url\" content=\"https:\/\/legacy.colt.net\/fr\/mifid-ii\/\" \/>\n<meta property=\"og:site_name\" content=\"Colt Technology Services\" \/>\n<meta property=\"article:publisher\" content=\"https:\/\/www.facebook.com\/ColtTechnologyServices\/\" \/>\n<meta property=\"article:modified_time\" content=\"2019-12-03T10:28:01+00:00\" \/>\n<meta property=\"og:image\" content=\"https:\/\/legacy.colt.net\/wp-content\/uploads\/2021\/01\/Brand-2021-Stock-3.jpg\" \/>\n\t<meta property=\"og:image:width\" content=\"1000\" \/>\n\t<meta property=\"og:image:height\" content=\"667\" \/>\n\t<meta property=\"og:image:type\" content=\"image\/jpeg\" \/>\n<meta name=\"twitter:card\" content=\"summary_large_image\" \/>\n<meta name=\"twitter:site\" content=\"@colt_technology\" \/>\n<meta name=\"twitter:label1\" content=\"Est. reading time\" \/>\n\t<meta name=\"twitter:data1\" content=\"1 minute\" \/>\n<script type=\"application\/ld+json\" class=\"yoast-schema-graph\">{\"@context\":\"https:\/\/schema.org\",\"@graph\":[{\"@type\":\"WebPage\",\"@id\":\"https:\/\/legacy.colt.net\/fr\/mifid-ii\/\",\"url\":\"https:\/\/legacy.colt.net\/fr\/mifid-ii\/\",\"name\":\"MiFID-ii - Colt Technology Services\",\"isPartOf\":{\"@id\":\"https:\/\/legacy.colt.net\/#website\"},\"datePublished\":\"2019-07-19T12:56:11+00:00\",\"dateModified\":\"2019-12-03T10:28:01+00:00\",\"description\":\"Vous recherchez des solutions capables de r\u00e9pondre aux exigences de mise en conformit\u00e9 les plus complexes ?\",\"breadcrumb\":{\"@id\":\"https:\/\/legacy.colt.net\/fr\/mifid-ii\/#breadcrumb\"},\"inLanguage\":\"fr-FR\",\"potentialAction\":[{\"@type\":\"ReadAction\",\"target\":[\"https:\/\/legacy.colt.net\/fr\/mifid-ii\/\"]}]},{\"@type\":\"BreadcrumbList\",\"@id\":\"https:\/\/legacy.colt.net\/fr\/mifid-ii\/#breadcrumb\",\"itemListElement\":[{\"@type\":\"ListItem\",\"position\":1,\"name\":\"Home\",\"item\":\"https:\/\/legacy.colt.net\/fr\/\"},{\"@type\":\"ListItem\",\"position\":2,\"name\":\"MiFID-ii\"}]},{\"@type\":\"WebSite\",\"@id\":\"https:\/\/legacy.colt.net\/#website\",\"url\":\"https:\/\/legacy.colt.net\/\",\"name\":\"Colt\u30c6\u30af\u30ce\u30ed\u30b8\u30fc\u30b5\u30fc\u30d3\u30b9\u682a\u5f0f\u4f1a\u793e\",\"description\":\"Managed Network &amp; Voice Services Provider\",\"publisher\":{\"@id\":\"https:\/\/legacy.colt.net\/#organization\"},\"potentialAction\":[{\"@type\":\"SearchAction\",\"target\":{\"@type\":\"EntryPoint\",\"urlTemplate\":\"https:\/\/legacy.colt.net\/?s={search_term_string}\"},\"query-input\":{\"@type\":\"PropertyValueSpecification\",\"valueRequired\":true,\"valueName\":\"search_term_string\"}}],\"inLanguage\":\"fr-FR\"},{\"@type\":\"Organization\",\"@id\":\"https:\/\/legacy.colt.net\/#organization\",\"name\":\"Colt Technology Services\",\"url\":\"https:\/\/legacy.colt.net\/\",\"logo\":{\"@type\":\"ImageObject\",\"inLanguage\":\"fr-FR\",\"@id\":\"https:\/\/legacy.colt.net\/#\/schema\/logo\/image\/\",\"url\":\"https:\/\/legacy.colt.net\/wp-content\/uploads\/2019\/02\/Colt-Logo.png\",\"contentUrl\":\"https:\/\/legacy.colt.net\/wp-content\/uploads\/2019\/02\/Colt-Logo.png\",\"width\":195,\"height\":77,\"caption\":\"Colt Technology Services\"},\"image\":{\"@id\":\"https:\/\/legacy.colt.net\/#\/schema\/logo\/image\/\"},\"sameAs\":[\"https:\/\/www.facebook.com\/ColtTechnologyServices\/\",\"https:\/\/x.com\/colt_technology\",\"https:\/\/www.instagram.com\/colttechnologyservices\/\",\"https:\/\/www.linkedin.com\/company\/colt-technology-services\",\"https:\/\/www.youtube.com\/user\/ColtTechnology\"]}]}<\/script>\n<!-- \/ Yoast SEO plugin. -->","yoast_head_json":{"title":"MiFID-ii - Colt Technology Services","description":"Vous recherchez des solutions capables de r\u00e9pondre aux exigences de mise en conformit\u00e9 les plus complexes ?","robots":{"index":"noindex","follow":"follow","max-snippet":"max-snippet:-1","max-image-preview":"max-image-preview:large","max-video-preview":"max-video-preview:-1"},"og_locale":"fr_FR","og_type":"article","og_title":"MiFID-ii - Colt Technology Services","og_description":"Vous recherchez des solutions capables de r\u00e9pondre aux exigences de mise en conformit\u00e9 les plus complexes ?","og_url":"https:\/\/legacy.colt.net\/fr\/mifid-ii\/","og_site_name":"Colt Technology Services","article_publisher":"https:\/\/www.facebook.com\/ColtTechnologyServices\/","article_modified_time":"2019-12-03T10:28:01+00:00","og_image":[{"width":1000,"height":667,"url":"https:\/\/legacy.colt.net\/wp-content\/uploads\/2021\/01\/Brand-2021-Stock-3.jpg","type":"image\/jpeg"}],"twitter_card":"summary_large_image","twitter_site":"@colt_technology","twitter_misc":{"Est. reading time":"1 minute"},"schema":{"@context":"https:\/\/schema.org","@graph":[{"@type":"WebPage","@id":"https:\/\/legacy.colt.net\/fr\/mifid-ii\/","url":"https:\/\/legacy.colt.net\/fr\/mifid-ii\/","name":"MiFID-ii - Colt Technology Services","isPartOf":{"@id":"https:\/\/legacy.colt.net\/#website"},"datePublished":"2019-07-19T12:56:11+00:00","dateModified":"2019-12-03T10:28:01+00:00","description":"Vous recherchez des solutions capables de r\u00e9pondre aux exigences de mise en conformit\u00e9 les plus complexes ?","breadcrumb":{"@id":"https:\/\/legacy.colt.net\/fr\/mifid-ii\/#breadcrumb"},"inLanguage":"fr-FR","potentialAction":[{"@type":"ReadAction","target":["https:\/\/legacy.colt.net\/fr\/mifid-ii\/"]}]},{"@type":"BreadcrumbList","@id":"https:\/\/legacy.colt.net\/fr\/mifid-ii\/#breadcrumb","itemListElement":[{"@type":"ListItem","position":1,"name":"Home","item":"https:\/\/legacy.colt.net\/fr\/"},{"@type":"ListItem","position":2,"name":"MiFID-ii"}]},{"@type":"WebSite","@id":"https:\/\/legacy.colt.net\/#website","url":"https:\/\/legacy.colt.net\/","name":"Colt\u30c6\u30af\u30ce\u30ed\u30b8\u30fc\u30b5\u30fc\u30d3\u30b9\u682a\u5f0f\u4f1a\u793e","description":"Managed Network &amp; Voice Services Provider","publisher":{"@id":"https:\/\/legacy.colt.net\/#organization"},"potentialAction":[{"@type":"SearchAction","target":{"@type":"EntryPoint","urlTemplate":"https:\/\/legacy.colt.net\/?s={search_term_string}"},"query-input":{"@type":"PropertyValueSpecification","valueRequired":true,"valueName":"search_term_string"}}],"inLanguage":"fr-FR"},{"@type":"Organization","@id":"https:\/\/legacy.colt.net\/#organization","name":"Colt Technology Services","url":"https:\/\/legacy.colt.net\/","logo":{"@type":"ImageObject","inLanguage":"fr-FR","@id":"https:\/\/legacy.colt.net\/#\/schema\/logo\/image\/","url":"https:\/\/legacy.colt.net\/wp-content\/uploads\/2019\/02\/Colt-Logo.png","contentUrl":"https:\/\/legacy.colt.net\/wp-content\/uploads\/2019\/02\/Colt-Logo.png","width":195,"height":77,"caption":"Colt Technology Services"},"image":{"@id":"https:\/\/legacy.colt.net\/#\/schema\/logo\/image\/"},"sameAs":["https:\/\/www.facebook.com\/ColtTechnologyServices\/","https:\/\/x.com\/colt_technology","https:\/\/www.instagram.com\/colttechnologyservices\/","https:\/\/www.linkedin.com\/company\/colt-technology-services","https:\/\/www.youtube.com\/user\/ColtTechnology"]}]}},"_links":{"self":[{"href":"https:\/\/legacy.colt.net\/fr\/wp-json\/wp\/v2\/pages\/59930","targetHints":{"allow":["GET"]}}],"collection":[{"href":"https:\/\/legacy.colt.net\/fr\/wp-json\/wp\/v2\/pages"}],"about":[{"href":"https:\/\/legacy.colt.net\/fr\/wp-json\/wp\/v2\/types\/page"}],"author":[{"embeddable":true,"href":"https:\/\/legacy.colt.net\/fr\/wp-json\/wp\/v2\/users\/2"}],"replies":[{"embeddable":true,"href":"https:\/\/legacy.colt.net\/fr\/wp-json\/wp\/v2\/comments?post=59930"}],"version-history":[{"count":0,"href":"https:\/\/legacy.colt.net\/fr\/wp-json\/wp\/v2\/pages\/59930\/revisions"}],"wp:attachment":[{"href":"https:\/\/legacy.colt.net\/fr\/wp-json\/wp\/v2\/media?parent=59930"}],"wp:term":[{"taxonomy":"colt_type","embeddable":true,"href":"https:\/\/legacy.colt.net\/fr\/wp-json\/wp\/v2\/colt_type?post=59930"},{"taxonomy":"colt_products","embeddable":true,"href":"https:\/\/legacy.colt.net\/fr\/wp-json\/wp\/v2\/colt_products?post=59930"}],"curies":[{"name":"wp","href":"https:\/\/api.w.org\/{rel}","templated":true}]}}