{"id":58240,"date":"2019-06-25T17:19:59","date_gmt":"2019-06-25T16:19:59","guid":{"rendered":"https:\/\/www.colt.net\/?page_id=58240"},"modified":"2019-09-03T12:46:18","modified_gmt":"2019-09-03T11:46:18","slug":"la-5g-au-service-de-la-transformation-digitale","status":"publish","type":"page","link":"https:\/\/legacy.colt.net\/fr\/la-5g-au-service-de-la-transformation-digitale\/","title":{"rendered":"La 5G au service de la transformation digitale des entreprises"},"content":{"rendered":"<h1>\n\t<\/h1>\n\t<nav class=\"breadcrumb\"><span><span><a href=\"https:\/\/legacy.colt.net\/fr\/\">Home<\/a><\/span><\/span><\/nav>\n<h2>\n\t\tLes avantages de votre migration vers la 5G\n\t<\/h2>\n\t<p>V\u00e9ritable\u00a0vecteur\u00a0de la transformation digitale des entreprises,\u00a0la 5G\u00a0s\u2019impose d\u00e9j\u00e0 comme\u00a0une\u00a0\u00e9vidence\u00a0pour beaucoup d\u2019entreprises qui d\u00e9c\u00e8lent des avantages\u00a0consid\u00e9rables\u00a0dans leur\u00a0migration\u00a0vers\u00a0cette\u00a0nouvelle technologie.\u00a0\u00a0<\/p>\n<p>Dans un tr\u00e8s\u00a0proche\u00a0avenir, la 5G proposera\u00a0aux\u00a0entreprises un niveau de productivit\u00e9, de connectivit\u00e9 et de collaboration optimal qui favorisera\u00a0leur\u00a0croissance et leur comp\u00e9titivit\u00e9. Elle ouvre le champ \u00e0 de nombreuses\u00a0opportunit\u00e9s et ses avantages\u00a0sont\u00a0ind\u00e9niables. Tout\u00a0cela\u00a0est\u00a0rendu\u00a0possible\u00a0gr\u00e2ce\u00a0\u00e0\u00a0une\u00a0\u00e9volution\u00a0et une mise \u00e0 niveau des infrastructures r\u00e9seau tr\u00e8s haut d\u00e9bit.\u00a0<\/p>\n<p>Quels sont les points forts et les impacts de la 5G pour les entreprises ?\u00a0\u00a0<\/p>\n<p><b>Pour en savoir plus, un livre blanc\u00a0<\/b><b>gratuit<\/b><b>\u00a0<\/b><b>est disponible en t\u00e9l\u00e9chargement.<\/b>\u00a0\u00a0<\/p>\n\t<!--HubSpot Call-to-Action Code -->\n<!--[if lte IE 8]>\n<![endif]-->\n<a href=\"https:\/\/cta-redirect.hubspot.com\/cta\/redirect\/344164\/18f682cd-cff6-46ee-8c3e-a93436c5e661\" \ntarget=\"_blank\"  rel=\"noopener noreferrer\"><img decoding=\"async\" id=\"hs-cta-img-18f682cd-cff6-46ee-8c3e-a93436c5e661\"\nstyle=\"border-width:0px;\" src=\"https:\/\/no-cache.hubspot.com\/cta\/default\/344164\/18f682cd-cff6-46ee-8c3e-a93436c5e661.png\" \nalt=\"D\u00e9couvrez ce livre blanc &lt;https:\/\/legacy.colt.net\/&gt;\"\/><\/a>\n<!-- end HubSpot Call-to-Action Code -->\n\t\t\t\t<a href=\"https:\/\/legacy.colt.net\/wp-content\/uploads\/2019\/06\/Whitepaper-5G-FR-0619.pdf\" target=\"_self\" itemprop=\"url\" rel=\"noopener noreferrer\">\n\t\t\t\t<img decoding=\"async\" src=\"https:\/\/legacy.colt.net\/wp-content\/uploads\/2019\/06\/Optimized-FR-Whitepaper-5G-e1561475096106.jpg\" alt=\"\" itemprop=\"image\" onerror=\"this.style.display='none'\"  \/>\n\t\t\t\t<\/a>\n","protected":false},"excerpt":{"rendered":"<p>Les avantages de votre migration vers la 5G V\u00e9ritable\u00a0vecteur\u00a0de la transformation digitale des entreprises,\u00a0la 5G\u00a0s\u2019impose d\u00e9j\u00e0 comme\u00a0une\u00a0\u00e9vidence\u00a0pour beaucoup d\u2019entreprises qui d\u00e9c\u00e8lent des avantages\u00a0consid\u00e9rables\u00a0dans leur\u00a0migration\u00a0vers\u00a0cette\u00a0nouvelle technologie.\u00a0\u00a0 Dans un tr\u00e8s\u00a0proche\u00a0avenir, la 5G proposera\u00a0aux\u00a0entreprises un niveau de productivit\u00e9, de connectivit\u00e9 et de collaboration optimal qui favorisera\u00a0leur\u00a0croissance et leur comp\u00e9titivit\u00e9. Elle ouvre le champ \u00e0 de nombreuses\u00a0opportunit\u00e9s et ses&#8230;<\/p>\n","protected":false},"author":143,"featured_media":0,"parent":0,"menu_order":0,"comment_status":"closed","ping_status":"closed","template":"","meta":{"_acf_changed":false,"footnotes":""},"colt_type":[],"colt_products":[],"class_list":["post-58240","page","type-page","status-publish","hentry"],"acf":[],"yoast_head":"<!-- This site is optimized with the Yoast SEO plugin v26.8 - https:\/\/yoast.com\/product\/yoast-seo-wordpress\/ -->\n<title>La 5G au service de la transformation digitale des entreprises - Colt Technology Services<\/title>\n<meta name=\"description\" content=\"La 5G au service de la transformation digitale des entreprises Colt Technology Services\" \/>\n<meta name=\"robots\" content=\"noindex, follow, max-snippet:-1, max-image-preview:large, max-video-preview:-1\" \/>\n<meta property=\"og:locale\" content=\"fr_FR\" \/>\n<meta property=\"og:type\" content=\"article\" \/>\n<meta property=\"og:title\" content=\"La 5G au service de la transformation digitale des entreprises - Colt Technology Services\" \/>\n<meta property=\"og:description\" content=\"La 5G au service de la transformation digitale des entreprises Colt Technology Services\" \/>\n<meta property=\"og:url\" content=\"https:\/\/legacy.colt.net\/fr\/la-5g-au-service-de-la-transformation-digitale\/\" \/>\n<meta property=\"og:site_name\" content=\"Colt Technology Services\" \/>\n<meta property=\"article:publisher\" content=\"https:\/\/www.facebook.com\/ColtTechnologyServices\/\" \/>\n<meta property=\"article:modified_time\" content=\"2019-09-03T11:46:18+00:00\" \/>\n<meta property=\"og:image\" content=\"https:\/\/legacy.colt.net\/wp-content\/uploads\/2021\/01\/Brand-2021-Stock-34.jpg\" \/>\n\t<meta property=\"og:image:width\" content=\"1000\" \/>\n\t<meta property=\"og:image:height\" content=\"668\" \/>\n\t<meta property=\"og:image:type\" content=\"image\/jpeg\" \/>\n<meta name=\"twitter:card\" content=\"summary_large_image\" \/>\n<meta name=\"twitter:site\" content=\"@colt_technology\" \/>\n<meta name=\"twitter:label1\" content=\"Est. reading time\" \/>\n\t<meta name=\"twitter:data1\" content=\"1 minute\" \/>\n<script type=\"application\/ld+json\" class=\"yoast-schema-graph\">{\"@context\":\"https:\/\/schema.org\",\"@graph\":[{\"@type\":\"WebPage\",\"@id\":\"https:\/\/legacy.colt.net\/fr\/la-5g-au-service-de-la-transformation-digitale\/\",\"url\":\"https:\/\/legacy.colt.net\/fr\/la-5g-au-service-de-la-transformation-digitale\/\",\"name\":\"La 5G au service de la transformation digitale des entreprises - Colt Technology Services\",\"isPartOf\":{\"@id\":\"https:\/\/legacy.colt.net\/#website\"},\"primaryImageOfPage\":{\"@id\":\"https:\/\/legacy.colt.net\/fr\/la-5g-au-service-de-la-transformation-digitale\/#primaryimage\"},\"image\":{\"@id\":\"https:\/\/legacy.colt.net\/fr\/la-5g-au-service-de-la-transformation-digitale\/#primaryimage\"},\"thumbnailUrl\":\"https:\/\/no-cache.hubspot.com\/cta\/default\/344164\/18f682cd-cff6-46ee-8c3e-a93436c5e661.png\",\"datePublished\":\"2019-06-25T16:19:59+00:00\",\"dateModified\":\"2019-09-03T11:46:18+00:00\",\"description\":\"La 5G au service de la transformation digitale des entreprises Colt Technology Services\",\"breadcrumb\":{\"@id\":\"https:\/\/legacy.colt.net\/fr\/la-5g-au-service-de-la-transformation-digitale\/#breadcrumb\"},\"inLanguage\":\"fr-FR\",\"potentialAction\":[{\"@type\":\"ReadAction\",\"target\":[\"https:\/\/legacy.colt.net\/fr\/la-5g-au-service-de-la-transformation-digitale\/\"]}]},{\"@type\":\"ImageObject\",\"inLanguage\":\"fr-FR\",\"@id\":\"https:\/\/legacy.colt.net\/fr\/la-5g-au-service-de-la-transformation-digitale\/#primaryimage\",\"url\":\"https:\/\/no-cache.hubspot.com\/cta\/default\/344164\/18f682cd-cff6-46ee-8c3e-a93436c5e661.png\",\"contentUrl\":\"https:\/\/no-cache.hubspot.com\/cta\/default\/344164\/18f682cd-cff6-46ee-8c3e-a93436c5e661.png\"},{\"@type\":\"BreadcrumbList\",\"@id\":\"https:\/\/legacy.colt.net\/fr\/la-5g-au-service-de-la-transformation-digitale\/#breadcrumb\",\"itemListElement\":[{\"@type\":\"ListItem\",\"position\":1,\"name\":\"Home\",\"item\":\"https:\/\/legacy.colt.net\/fr\/\"},{\"@type\":\"ListItem\",\"position\":2,\"name\":\"La 5G au service de la transformation digitale des entreprises\"}]},{\"@type\":\"WebSite\",\"@id\":\"https:\/\/legacy.colt.net\/#website\",\"url\":\"https:\/\/legacy.colt.net\/\",\"name\":\"Colt\u30c6\u30af\u30ce\u30ed\u30b8\u30fc\u30b5\u30fc\u30d3\u30b9\u682a\u5f0f\u4f1a\u793e\",\"description\":\"Managed Network &amp; Voice Services Provider\",\"publisher\":{\"@id\":\"https:\/\/legacy.colt.net\/#organization\"},\"potentialAction\":[{\"@type\":\"SearchAction\",\"target\":{\"@type\":\"EntryPoint\",\"urlTemplate\":\"https:\/\/legacy.colt.net\/?s={search_term_string}\"},\"query-input\":{\"@type\":\"PropertyValueSpecification\",\"valueRequired\":true,\"valueName\":\"search_term_string\"}}],\"inLanguage\":\"fr-FR\"},{\"@type\":\"Organization\",\"@id\":\"https:\/\/legacy.colt.net\/#organization\",\"name\":\"Colt Technology Services\",\"url\":\"https:\/\/legacy.colt.net\/\",\"logo\":{\"@type\":\"ImageObject\",\"inLanguage\":\"fr-FR\",\"@id\":\"https:\/\/legacy.colt.net\/#\/schema\/logo\/image\/\",\"url\":\"https:\/\/legacy.colt.net\/wp-content\/uploads\/2019\/02\/Colt-Logo.png\",\"contentUrl\":\"https:\/\/legacy.colt.net\/wp-content\/uploads\/2019\/02\/Colt-Logo.png\",\"width\":195,\"height\":77,\"caption\":\"Colt Technology Services\"},\"image\":{\"@id\":\"https:\/\/legacy.colt.net\/#\/schema\/logo\/image\/\"},\"sameAs\":[\"https:\/\/www.facebook.com\/ColtTechnologyServices\/\",\"https:\/\/x.com\/colt_technology\",\"https:\/\/www.instagram.com\/colttechnologyservices\/\",\"https:\/\/www.linkedin.com\/company\/colt-technology-services\",\"https:\/\/www.youtube.com\/user\/ColtTechnology\"]}]}<\/script>\n<!-- \/ Yoast SEO plugin. -->","yoast_head_json":{"title":"La 5G au service de la transformation digitale des entreprises - Colt Technology Services","description":"La 5G au service de la transformation digitale des entreprises Colt Technology Services","robots":{"index":"noindex","follow":"follow","max-snippet":"max-snippet:-1","max-image-preview":"max-image-preview:large","max-video-preview":"max-video-preview:-1"},"og_locale":"fr_FR","og_type":"article","og_title":"La 5G au service de la transformation digitale des entreprises - Colt Technology Services","og_description":"La 5G au service de la transformation digitale des entreprises Colt Technology Services","og_url":"https:\/\/legacy.colt.net\/fr\/la-5g-au-service-de-la-transformation-digitale\/","og_site_name":"Colt Technology Services","article_publisher":"https:\/\/www.facebook.com\/ColtTechnologyServices\/","article_modified_time":"2019-09-03T11:46:18+00:00","og_image":[{"width":1000,"height":668,"url":"https:\/\/legacy.colt.net\/wp-content\/uploads\/2021\/01\/Brand-2021-Stock-34.jpg","type":"image\/jpeg"}],"twitter_card":"summary_large_image","twitter_site":"@colt_technology","twitter_misc":{"Est. reading time":"1 minute"},"schema":{"@context":"https:\/\/schema.org","@graph":[{"@type":"WebPage","@id":"https:\/\/legacy.colt.net\/fr\/la-5g-au-service-de-la-transformation-digitale\/","url":"https:\/\/legacy.colt.net\/fr\/la-5g-au-service-de-la-transformation-digitale\/","name":"La 5G au service de la transformation digitale des entreprises - Colt Technology Services","isPartOf":{"@id":"https:\/\/legacy.colt.net\/#website"},"primaryImageOfPage":{"@id":"https:\/\/legacy.colt.net\/fr\/la-5g-au-service-de-la-transformation-digitale\/#primaryimage"},"image":{"@id":"https:\/\/legacy.colt.net\/fr\/la-5g-au-service-de-la-transformation-digitale\/#primaryimage"},"thumbnailUrl":"https:\/\/no-cache.hubspot.com\/cta\/default\/344164\/18f682cd-cff6-46ee-8c3e-a93436c5e661.png","datePublished":"2019-06-25T16:19:59+00:00","dateModified":"2019-09-03T11:46:18+00:00","description":"La 5G au service de la transformation digitale des entreprises Colt Technology Services","breadcrumb":{"@id":"https:\/\/legacy.colt.net\/fr\/la-5g-au-service-de-la-transformation-digitale\/#breadcrumb"},"inLanguage":"fr-FR","potentialAction":[{"@type":"ReadAction","target":["https:\/\/legacy.colt.net\/fr\/la-5g-au-service-de-la-transformation-digitale\/"]}]},{"@type":"ImageObject","inLanguage":"fr-FR","@id":"https:\/\/legacy.colt.net\/fr\/la-5g-au-service-de-la-transformation-digitale\/#primaryimage","url":"https:\/\/no-cache.hubspot.com\/cta\/default\/344164\/18f682cd-cff6-46ee-8c3e-a93436c5e661.png","contentUrl":"https:\/\/no-cache.hubspot.com\/cta\/default\/344164\/18f682cd-cff6-46ee-8c3e-a93436c5e661.png"},{"@type":"BreadcrumbList","@id":"https:\/\/legacy.colt.net\/fr\/la-5g-au-service-de-la-transformation-digitale\/#breadcrumb","itemListElement":[{"@type":"ListItem","position":1,"name":"Home","item":"https:\/\/legacy.colt.net\/fr\/"},{"@type":"ListItem","position":2,"name":"La 5G au service de la transformation digitale des entreprises"}]},{"@type":"WebSite","@id":"https:\/\/legacy.colt.net\/#website","url":"https:\/\/legacy.colt.net\/","name":"Colt\u30c6\u30af\u30ce\u30ed\u30b8\u30fc\u30b5\u30fc\u30d3\u30b9\u682a\u5f0f\u4f1a\u793e","description":"Managed Network &amp; Voice Services Provider","publisher":{"@id":"https:\/\/legacy.colt.net\/#organization"},"potentialAction":[{"@type":"SearchAction","target":{"@type":"EntryPoint","urlTemplate":"https:\/\/legacy.colt.net\/?s={search_term_string}"},"query-input":{"@type":"PropertyValueSpecification","valueRequired":true,"valueName":"search_term_string"}}],"inLanguage":"fr-FR"},{"@type":"Organization","@id":"https:\/\/legacy.colt.net\/#organization","name":"Colt Technology Services","url":"https:\/\/legacy.colt.net\/","logo":{"@type":"ImageObject","inLanguage":"fr-FR","@id":"https:\/\/legacy.colt.net\/#\/schema\/logo\/image\/","url":"https:\/\/legacy.colt.net\/wp-content\/uploads\/2019\/02\/Colt-Logo.png","contentUrl":"https:\/\/legacy.colt.net\/wp-content\/uploads\/2019\/02\/Colt-Logo.png","width":195,"height":77,"caption":"Colt Technology Services"},"image":{"@id":"https:\/\/legacy.colt.net\/#\/schema\/logo\/image\/"},"sameAs":["https:\/\/www.facebook.com\/ColtTechnologyServices\/","https:\/\/x.com\/colt_technology","https:\/\/www.instagram.com\/colttechnologyservices\/","https:\/\/www.linkedin.com\/company\/colt-technology-services","https:\/\/www.youtube.com\/user\/ColtTechnology"]}]}},"_links":{"self":[{"href":"https:\/\/legacy.colt.net\/fr\/wp-json\/wp\/v2\/pages\/58240","targetHints":{"allow":["GET"]}}],"collection":[{"href":"https:\/\/legacy.colt.net\/fr\/wp-json\/wp\/v2\/pages"}],"about":[{"href":"https:\/\/legacy.colt.net\/fr\/wp-json\/wp\/v2\/types\/page"}],"author":[{"embeddable":true,"href":"https:\/\/legacy.colt.net\/fr\/wp-json\/wp\/v2\/users\/143"}],"replies":[{"embeddable":true,"href":"https:\/\/legacy.colt.net\/fr\/wp-json\/wp\/v2\/comments?post=58240"}],"version-history":[{"count":0,"href":"https:\/\/legacy.colt.net\/fr\/wp-json\/wp\/v2\/pages\/58240\/revisions"}],"wp:attachment":[{"href":"https:\/\/legacy.colt.net\/fr\/wp-json\/wp\/v2\/media?parent=58240"}],"wp:term":[{"taxonomy":"colt_type","embeddable":true,"href":"https:\/\/legacy.colt.net\/fr\/wp-json\/wp\/v2\/colt_type?post=58240"},{"taxonomy":"colt_products","embeddable":true,"href":"https:\/\/legacy.colt.net\/fr\/wp-json\/wp\/v2\/colt_products?post=58240"}],"curies":[{"name":"wp","href":"https:\/\/api.w.org\/{rel}","templated":true}]}}