{"id":58181,"date":"2019-06-25T16:24:20","date_gmt":"2019-06-25T15:24:20","guid":{"rendered":"https:\/\/www.colt.net\/?page_id=58181"},"modified":"2019-12-03T10:04:43","modified_gmt":"2019-12-03T10:04:43","slug":"les-rencontres-du-cloud","status":"publish","type":"page","link":"https:\/\/legacy.colt.net\/fr\/les-rencontres-du-cloud\/","title":{"rendered":"Les Rencontres du Cloud"},"content":{"rendered":"<h1>\n\t<\/h1>\n<h3>\n\t<\/h3>\n\t<nav class=\"breadcrumb\"><span><span><a href=\"https:\/\/legacy.colt.net\/fr\/\">Home<\/a><\/span><\/span><\/nav>\n<h2>\n\t\tLes services r\u00e9seau \u00e0 tr\u00e8s haut d\u00e9bit, cha\u00eenon manquant du Cloud en entreprise\n\t<\/h2>\n\t<p>V\u00e9ritable catalyseur de la transformation digitale des entreprises, le Cloud est aujourd\u2019hui au c\u0153ur des strat\u00e9gies\u00a0chez\u00a0un nombre croissant d\u2019organisations, cherchant aujourd\u2019hui \u00e0 l\u2019adopter pour favoriser l\u2019\u00e9closion de nouvelles opportunit\u00e9s d\u2019affaires et m\u00eame pour transformer leur secteur d\u2019activit\u00e9. Cette g\u00e9n\u00e9ralisation s\u2019explique par la demande grandissante de services Cloud des entreprises, combin\u00e9e \u00e0 des offres plus compl\u00e8tes propos\u00e9es par les fournisseurs de services.<\/p>\n<p>Mais tout cela n\u2019est possible que gr\u00e2ce \u00e0 l\u2019infrastructure r\u00e9seau et \u00e0 la connectivit\u00e9 qui en constituent les \u00e9pines dorsales. Ils sont au c\u0153ur de tout projet Cloud et permettent son d\u00e9ploiement et son usage en entreprise. Les fournisseurs de services r\u00e9seau comme\u00a0<a href=\"https:\/\/legacy.colt.net\/fr\/\" target=\"_blank\" rel=\"noopener noreferrer\" data-auth=\"NotApplicable\">Colt Technology Services<\/a>\u00a0jouent un r\u00f4le essentiel de \u00ab\u00a0<i>facilitateurs<\/i>\u00a0\u00bb pour l\u2019adoption du Cloud en proposant un service r\u00e9seau performant et \u00e0 tr\u00e8s haut d\u00e9bit. Le r\u00e9seau Colt IQ connecte plus de 900 centres de donn\u00e9es \u00e0 travers le monde avec plus de 27 500\u00a0 immeubles de bureau. Elle propose \u00e9galement\u00a0un acc\u00e8s r\u00e9seau au\u00a0Cloud plus rapide et plus s\u00e9curis\u00e9 gr\u00e2ce \u00e0 sa solution\u00a0<a href=\"https:\/\/legacy.colt.net\/fr\/product\/dedicated-cloud-access-dca\/\" target=\"_blank\" rel=\"noopener noreferrer\" data-auth=\"NotApplicable\">Dedicated Cloud Access<\/a>.<\/p>\n<p>Pour en savoir plus, venez rencontrer Colt et ses porte-parole \u00e0 l\u2019\u00e9dition 2019 des Rencontres du Cloud, le 4 juillet, \u00e0 l&#8217;h\u00f4tel InterContinental Paris. Sarah Hachi-Duch\u00eane et Andr\u00e9 Quicheron seront ravis de r\u00e9pondre \u00e0 vos questions.<\/p>\n<p><b>Prenez rendez-vous d\u00e8s \u00e0 pr\u00e9sent en remplissant le formulaire.<\/b><\/p>\n\tAndr\u00e9 Quicheron, Strategic Cloud Alliances Director, est votre interlocuteur Colt.<br \/>\nN\u2019h\u00e9sitez pas \u00e0 le contacter <a href=\"mailto:andre.quicheron@colt.net\">andre.quicheron@colt.net<\/a>.\n\t\t\t\t<img loading=\"lazy\" decoding=\"async\" src=\"https:\/\/legacy.colt.net\/wp-content\/uploads\/2019\/06\/thumbnail_image001.jpg\" alt=\"thumbnail_image001\" itemprop=\"image\" height=\"500\" width=\"500\" title=\"thumbnail_image001\" onerror=\"this.style.display='none'\"  \/>\n\t<h3><b>Sarah Hachi-Duchene<br \/>\n<\/b><\/h3>\n<p>Sarah Hachi-Duch\u00eane est France Country Representative de Colt Technology Services et directrice r\u00e9gionale des ventes pour la France et le Benelux.<\/p>\n\t\t\t\t<img loading=\"lazy\" decoding=\"async\" src=\"https:\/\/legacy.colt.net\/wp-content\/uploads\/2019\/06\/thumbnail_image002.jpg\" alt=\"thumbnail_image002\" itemprop=\"image\" height=\"500\" width=\"500\" title=\"thumbnail_image002\" onerror=\"this.style.display='none'\"  \/>\n\t<h3><strong>Andr\u00e9 Quicheron<\/strong><\/h3>\n<p>Andr\u00e9 Quicheron est directeur Strategic Cloud Alliances de Colt Technology Services.<\/p>\n\t<p><strong>Rencontrons-nous autour du Cloud<\/strong><\/p>\n\t<br \/>\n\n\t<a href=\"https:\/\/legacy.colt.net\/fr\/resources\/connectivity-redefined\/\" target=\"_self\"  rel=\"noopener noreferrer\"><\/a>\n\t\t\t\t<img decoding=\"async\" src=\"https:\/\/legacy.colt.net\/wp-content\/uploads\/2019\/06\/FR-Datasheet-1-720x450.png\" alt=\"FR Datasheet 1\" itemprop=\"image\"\/>\n\t\t<h3>La seule chose dont votre plan de migration vers le Cloud ne peut se passer<\/h3>\t\t\t\n\t\t\t\t<p>L\u2019indice Global Cloud de Cisco estime que d\u2019ici 2021, 94 % des charges de travail et des instances de calcul seront trait\u00e9es par des datacentres d\u00e9ploy\u00e9s sur le cloud.<\/p>\n<p><strong><a href=\"https:\/\/legacy.colt.net\/fr\/resources\/connectivity-redefined\/\">En Savoir Plus&#8230;<\/a><\/strong><\/p>\n\t<a href=\"https:\/\/legacy.colt.net\/fr\/product\/dedicated-cloud-access-dca\/\" target=\"_self\"  rel=\"noopener noreferrer\"><\/a>\n\t\t\t\t<img decoding=\"async\" src=\"https:\/\/legacy.colt.net\/wp-content\/uploads\/2019\/06\/FR-Datasheet-3-720x450.png\" alt=\"FR Datasheet 3\" itemprop=\"image\"\/>\n\t\t<h3>Dedicated Cloud Access : un acc\u00e8s fiable et s\u00e9curis\u00e9 au cloud<\/h3>\t\t\t\n\t\t\t\t<p>Dedicated Cloud Access : un acc\u00e8s r\u00e9seau au cloud plus rapide et plus s\u00e9curis\u00e9. Alors que la plupart des entreprises de taille interm\u00e9diaire utilisent d\u00e9sormais des services cloud tels que Amazon Web Services (AWS), Microsoft Azure ou Google Cloud Platform, une connexion fiable \u2013 et s\u00e9curis\u00e9e \u2013 leur est indispensable.\u00a0<\/p>\n<p><strong><a href=\"https:\/\/legacy.colt.net\/fr\/product\/dedicated-cloud-access-dca\/\">En Savoir Plus&#8230;<\/a><\/strong><\/p>\n\t<a href=\"https:\/\/legacy.colt.net\/fr\/resources\/a-guide-to-migrating-from-skype-for-business-to-microsoft-teams\/\" target=\"_self\"  rel=\"noopener noreferrer\"><\/a>\n\t\t\t\t<img decoding=\"async\" src=\"https:\/\/legacy.colt.net\/wp-content\/uploads\/2019\/06\/FR-Datasheet-2-720x450.png\" alt=\"FR Datasheet 2\" itemprop=\"image\"\/>\n\t\t<h3>Comment migrer de Skype Enterprise \u00e0 Microsoft Teams avec Colt<\/h3>\t\t\t\n<p>Comment pr\u00e9parer votre migration vers les communications intelligentes ? Le guide pour migrer de Skype Entreprise \u00e0 Microsoft Teams avec Colt.<\/p>\n<p><strong><a href=\"https:\/\/legacy.colt.net\/fr\/resources\/a-guide-to-migrating-from-skype-for-business-to-microsoft-teams\/\">En Savoir Plus&#8230;<\/a><\/strong><\/p>\n","protected":false},"excerpt":{"rendered":"<p>Les services r\u00e9seau \u00e0 tr\u00e8s haut d\u00e9bit, cha\u00eenon manquant du Cloud en entreprise V\u00e9ritable catalyseur de la transformation digitale des entreprises, le Cloud est aujourd\u2019hui au c\u0153ur des strat\u00e9gies\u00a0chez\u00a0un nombre croissant d\u2019organisations, cherchant aujourd\u2019hui \u00e0 l\u2019adopter pour favoriser l\u2019\u00e9closion de nouvelles opportunit\u00e9s d\u2019affaires et m\u00eame pour transformer leur secteur d\u2019activit\u00e9. Cette g\u00e9n\u00e9ralisation s\u2019explique par la&#8230;<\/p>\n","protected":false},"author":143,"featured_media":0,"parent":0,"menu_order":0,"comment_status":"closed","ping_status":"closed","template":"","meta":{"_acf_changed":false,"footnotes":""},"colt_type":[],"colt_products":[],"class_list":["post-58181","page","type-page","status-publish","hentry"],"acf":[],"yoast_head":"<!-- This site is optimized with the Yoast SEO plugin v26.8 - https:\/\/yoast.com\/product\/yoast-seo-wordpress\/ -->\n<title>Les Rencontres du Cloud - Colt Technology Services<\/title>\n<meta name=\"description\" content=\"Les Rencontres du Cloud Colt Technology Services\" \/>\n<meta name=\"robots\" content=\"noindex, follow, max-snippet:-1, max-image-preview:large, max-video-preview:-1\" \/>\n<meta property=\"og:locale\" content=\"fr_FR\" \/>\n<meta property=\"og:type\" content=\"article\" \/>\n<meta property=\"og:title\" content=\"Les Rencontres du Cloud - Colt Technology Services\" \/>\n<meta property=\"og:description\" content=\"Les Rencontres du Cloud Colt Technology Services\" \/>\n<meta property=\"og:url\" content=\"https:\/\/legacy.colt.net\/fr\/les-rencontres-du-cloud\/\" \/>\n<meta property=\"og:site_name\" content=\"Colt Technology Services\" \/>\n<meta property=\"article:publisher\" content=\"https:\/\/www.facebook.com\/ColtTechnologyServices\/\" \/>\n<meta property=\"article:modified_time\" content=\"2019-12-03T10:04:43+00:00\" \/>\n<meta property=\"og:image\" content=\"https:\/\/legacy.colt.net\/wp-content\/uploads\/2021\/01\/Brand-2021-Stock-6-1.jpg\" \/>\n\t<meta property=\"og:image:width\" content=\"1000\" \/>\n\t<meta property=\"og:image:height\" content=\"667\" \/>\n\t<meta property=\"og:image:type\" content=\"image\/jpeg\" \/>\n<meta name=\"twitter:card\" content=\"summary_large_image\" \/>\n<meta name=\"twitter:site\" content=\"@colt_technology\" \/>\n<meta name=\"twitter:label1\" content=\"Est. reading time\" \/>\n\t<meta name=\"twitter:data1\" content=\"2 minutes\" \/>\n<script type=\"application\/ld+json\" class=\"yoast-schema-graph\">{\"@context\":\"https:\/\/schema.org\",\"@graph\":[{\"@type\":\"WebPage\",\"@id\":\"https:\/\/legacy.colt.net\/fr\/les-rencontres-du-cloud\/\",\"url\":\"https:\/\/legacy.colt.net\/fr\/les-rencontres-du-cloud\/\",\"name\":\"Les Rencontres du Cloud - Colt Technology Services\",\"isPartOf\":{\"@id\":\"https:\/\/legacy.colt.net\/#website\"},\"primaryImageOfPage\":{\"@id\":\"https:\/\/legacy.colt.net\/fr\/les-rencontres-du-cloud\/#primaryimage\"},\"image\":{\"@id\":\"https:\/\/legacy.colt.net\/fr\/les-rencontres-du-cloud\/#primaryimage\"},\"thumbnailUrl\":\"https:\/\/legacy.colt.net\/wp-content\/uploads\/2019\/06\/thumbnail_image001.jpg\",\"datePublished\":\"2019-06-25T15:24:20+00:00\",\"dateModified\":\"2019-12-03T10:04:43+00:00\",\"description\":\"Les Rencontres du Cloud Colt Technology Services\",\"breadcrumb\":{\"@id\":\"https:\/\/legacy.colt.net\/fr\/les-rencontres-du-cloud\/#breadcrumb\"},\"inLanguage\":\"fr-FR\",\"potentialAction\":[{\"@type\":\"ReadAction\",\"target\":[\"https:\/\/legacy.colt.net\/fr\/les-rencontres-du-cloud\/\"]}]},{\"@type\":\"ImageObject\",\"inLanguage\":\"fr-FR\",\"@id\":\"https:\/\/legacy.colt.net\/fr\/les-rencontres-du-cloud\/#primaryimage\",\"url\":\"https:\/\/legacy.colt.net\/wp-content\/uploads\/2019\/06\/thumbnail_image001.jpg\",\"contentUrl\":\"https:\/\/legacy.colt.net\/wp-content\/uploads\/2019\/06\/thumbnail_image001.jpg\"},{\"@type\":\"BreadcrumbList\",\"@id\":\"https:\/\/legacy.colt.net\/fr\/les-rencontres-du-cloud\/#breadcrumb\",\"itemListElement\":[{\"@type\":\"ListItem\",\"position\":1,\"name\":\"Home\",\"item\":\"https:\/\/legacy.colt.net\/fr\/\"},{\"@type\":\"ListItem\",\"position\":2,\"name\":\"Les Rencontres du Cloud\"}]},{\"@type\":\"WebSite\",\"@id\":\"https:\/\/legacy.colt.net\/#website\",\"url\":\"https:\/\/legacy.colt.net\/\",\"name\":\"Colt\u30c6\u30af\u30ce\u30ed\u30b8\u30fc\u30b5\u30fc\u30d3\u30b9\u682a\u5f0f\u4f1a\u793e\",\"description\":\"Managed Network &amp; Voice Services Provider\",\"publisher\":{\"@id\":\"https:\/\/legacy.colt.net\/#organization\"},\"potentialAction\":[{\"@type\":\"SearchAction\",\"target\":{\"@type\":\"EntryPoint\",\"urlTemplate\":\"https:\/\/legacy.colt.net\/?s={search_term_string}\"},\"query-input\":{\"@type\":\"PropertyValueSpecification\",\"valueRequired\":true,\"valueName\":\"search_term_string\"}}],\"inLanguage\":\"fr-FR\"},{\"@type\":\"Organization\",\"@id\":\"https:\/\/legacy.colt.net\/#organization\",\"name\":\"Colt Technology Services\",\"url\":\"https:\/\/legacy.colt.net\/\",\"logo\":{\"@type\":\"ImageObject\",\"inLanguage\":\"fr-FR\",\"@id\":\"https:\/\/legacy.colt.net\/#\/schema\/logo\/image\/\",\"url\":\"https:\/\/legacy.colt.net\/wp-content\/uploads\/2019\/02\/Colt-Logo.png\",\"contentUrl\":\"https:\/\/legacy.colt.net\/wp-content\/uploads\/2019\/02\/Colt-Logo.png\",\"width\":195,\"height\":77,\"caption\":\"Colt Technology Services\"},\"image\":{\"@id\":\"https:\/\/legacy.colt.net\/#\/schema\/logo\/image\/\"},\"sameAs\":[\"https:\/\/www.facebook.com\/ColtTechnologyServices\/\",\"https:\/\/x.com\/colt_technology\",\"https:\/\/www.instagram.com\/colttechnologyservices\/\",\"https:\/\/www.linkedin.com\/company\/colt-technology-services\",\"https:\/\/www.youtube.com\/user\/ColtTechnology\"]}]}<\/script>\n<!-- \/ Yoast SEO plugin. -->","yoast_head_json":{"title":"Les Rencontres du Cloud - Colt Technology Services","description":"Les Rencontres du Cloud Colt Technology Services","robots":{"index":"noindex","follow":"follow","max-snippet":"max-snippet:-1","max-image-preview":"max-image-preview:large","max-video-preview":"max-video-preview:-1"},"og_locale":"fr_FR","og_type":"article","og_title":"Les Rencontres du Cloud - Colt Technology Services","og_description":"Les Rencontres du Cloud Colt Technology Services","og_url":"https:\/\/legacy.colt.net\/fr\/les-rencontres-du-cloud\/","og_site_name":"Colt Technology Services","article_publisher":"https:\/\/www.facebook.com\/ColtTechnologyServices\/","article_modified_time":"2019-12-03T10:04:43+00:00","og_image":[{"width":1000,"height":667,"url":"https:\/\/legacy.colt.net\/wp-content\/uploads\/2021\/01\/Brand-2021-Stock-6-1.jpg","type":"image\/jpeg"}],"twitter_card":"summary_large_image","twitter_site":"@colt_technology","twitter_misc":{"Est. reading time":"2 minutes"},"schema":{"@context":"https:\/\/schema.org","@graph":[{"@type":"WebPage","@id":"https:\/\/legacy.colt.net\/fr\/les-rencontres-du-cloud\/","url":"https:\/\/legacy.colt.net\/fr\/les-rencontres-du-cloud\/","name":"Les Rencontres du Cloud - Colt Technology Services","isPartOf":{"@id":"https:\/\/legacy.colt.net\/#website"},"primaryImageOfPage":{"@id":"https:\/\/legacy.colt.net\/fr\/les-rencontres-du-cloud\/#primaryimage"},"image":{"@id":"https:\/\/legacy.colt.net\/fr\/les-rencontres-du-cloud\/#primaryimage"},"thumbnailUrl":"https:\/\/legacy.colt.net\/wp-content\/uploads\/2019\/06\/thumbnail_image001.jpg","datePublished":"2019-06-25T15:24:20+00:00","dateModified":"2019-12-03T10:04:43+00:00","description":"Les Rencontres du Cloud Colt Technology Services","breadcrumb":{"@id":"https:\/\/legacy.colt.net\/fr\/les-rencontres-du-cloud\/#breadcrumb"},"inLanguage":"fr-FR","potentialAction":[{"@type":"ReadAction","target":["https:\/\/legacy.colt.net\/fr\/les-rencontres-du-cloud\/"]}]},{"@type":"ImageObject","inLanguage":"fr-FR","@id":"https:\/\/legacy.colt.net\/fr\/les-rencontres-du-cloud\/#primaryimage","url":"https:\/\/legacy.colt.net\/wp-content\/uploads\/2019\/06\/thumbnail_image001.jpg","contentUrl":"https:\/\/legacy.colt.net\/wp-content\/uploads\/2019\/06\/thumbnail_image001.jpg"},{"@type":"BreadcrumbList","@id":"https:\/\/legacy.colt.net\/fr\/les-rencontres-du-cloud\/#breadcrumb","itemListElement":[{"@type":"ListItem","position":1,"name":"Home","item":"https:\/\/legacy.colt.net\/fr\/"},{"@type":"ListItem","position":2,"name":"Les Rencontres du Cloud"}]},{"@type":"WebSite","@id":"https:\/\/legacy.colt.net\/#website","url":"https:\/\/legacy.colt.net\/","name":"Colt\u30c6\u30af\u30ce\u30ed\u30b8\u30fc\u30b5\u30fc\u30d3\u30b9\u682a\u5f0f\u4f1a\u793e","description":"Managed Network &amp; Voice Services Provider","publisher":{"@id":"https:\/\/legacy.colt.net\/#organization"},"potentialAction":[{"@type":"SearchAction","target":{"@type":"EntryPoint","urlTemplate":"https:\/\/legacy.colt.net\/?s={search_term_string}"},"query-input":{"@type":"PropertyValueSpecification","valueRequired":true,"valueName":"search_term_string"}}],"inLanguage":"fr-FR"},{"@type":"Organization","@id":"https:\/\/legacy.colt.net\/#organization","name":"Colt Technology Services","url":"https:\/\/legacy.colt.net\/","logo":{"@type":"ImageObject","inLanguage":"fr-FR","@id":"https:\/\/legacy.colt.net\/#\/schema\/logo\/image\/","url":"https:\/\/legacy.colt.net\/wp-content\/uploads\/2019\/02\/Colt-Logo.png","contentUrl":"https:\/\/legacy.colt.net\/wp-content\/uploads\/2019\/02\/Colt-Logo.png","width":195,"height":77,"caption":"Colt Technology Services"},"image":{"@id":"https:\/\/legacy.colt.net\/#\/schema\/logo\/image\/"},"sameAs":["https:\/\/www.facebook.com\/ColtTechnologyServices\/","https:\/\/x.com\/colt_technology","https:\/\/www.instagram.com\/colttechnologyservices\/","https:\/\/www.linkedin.com\/company\/colt-technology-services","https:\/\/www.youtube.com\/user\/ColtTechnology"]}]}},"_links":{"self":[{"href":"https:\/\/legacy.colt.net\/fr\/wp-json\/wp\/v2\/pages\/58181","targetHints":{"allow":["GET"]}}],"collection":[{"href":"https:\/\/legacy.colt.net\/fr\/wp-json\/wp\/v2\/pages"}],"about":[{"href":"https:\/\/legacy.colt.net\/fr\/wp-json\/wp\/v2\/types\/page"}],"author":[{"embeddable":true,"href":"https:\/\/legacy.colt.net\/fr\/wp-json\/wp\/v2\/users\/143"}],"replies":[{"embeddable":true,"href":"https:\/\/legacy.colt.net\/fr\/wp-json\/wp\/v2\/comments?post=58181"}],"version-history":[{"count":0,"href":"https:\/\/legacy.colt.net\/fr\/wp-json\/wp\/v2\/pages\/58181\/revisions"}],"wp:attachment":[{"href":"https:\/\/legacy.colt.net\/fr\/wp-json\/wp\/v2\/media?parent=58181"}],"wp:term":[{"taxonomy":"colt_type","embeddable":true,"href":"https:\/\/legacy.colt.net\/fr\/wp-json\/wp\/v2\/colt_type?post=58181"},{"taxonomy":"colt_products","embeddable":true,"href":"https:\/\/legacy.colt.net\/fr\/wp-json\/wp\/v2\/colt_products?post=58181"}],"curies":[{"name":"wp","href":"https:\/\/api.w.org\/{rel}","templated":true}]}}