{"id":48963,"date":"2019-04-02T18:55:37","date_gmt":"2019-04-02T17:55:37","guid":{"rendered":"https:\/\/www.colt.net\/why-colt-intelligent-communications\/"},"modified":"2021-01-09T15:06:53","modified_gmt":"2021-01-09T15:06:53","slug":"why-colt-intelligent-communications","status":"publish","type":"page","link":"https:\/\/legacy.colt.net\/fr\/why-colt-intelligent-communications\/","title":{"rendered":"Why Colt Intelligent Communications?"},"content":{"rendered":"\r\n<h1>\u00a0<\/h1>\r\n<nav class=\"breadcrumb\"><span><span><a href=\"https:\/\/legacy.colt.net\/fr\/\">Home<\/a><\/span><\/span><\/nav>\r\n<p>L\u2019int\u00e9gration des applications de bureau indispensables et des outils de communications unifi\u00e9es sur le cloud permet aux entreprises d\u2019accro\u00eetre leur productivit\u00e9 et d\u2019am\u00e9liorer la satisfaction de leurs employ\u00e9s. Voici comment.<\/p>\r\n<p>Les entreprises 2.0 sont plus diversifi\u00e9es et plus connect\u00e9es que jamais gr\u00e2ce \u00e0 l\u2019utilisation de nouvelles applications qui rapprochent leurs collaborateurs ind\u00e9pendamment de l\u2019endroit o\u00f9 ils se trouvent.\u00a0<\/p>\r\n<p>Selon une \u00e9tude consacr\u00e9e par le cabinet Gartner (octobre 2018) au d\u00e9ploiement des services vers les environnements de cloud publics, les logiciels en tant que service (SaaS) repr\u00e9senteront\u00a0<strong>43\u00a0%<\/strong>\u00a0des d\u00e9penses totales d\u00e9di\u00e9es aux logiciels applicatifs d\u2019ici\u00a0<strong>2022<\/strong>. (1)<\/p>\r\n<p><img loading=\"lazy\" decoding=\"async\" title=\"lite-paper-EN\" src=\"https:\/\/legacy.colt.net\/wp-content\/uploads\/2019\/04\/lite-paper-EN.jpg\" alt=\"lite-paper-EN\" width=\"396\" height=\"561\" \/><\/p>\r\n<p>En savoir plus sur:<\/p>\r\n<ul>\r\n<li>Bien choisir ses partenaires et ses fournisseurs<\/li>\r\n<li>Colt, Microsoft et les communications intelligentes<\/li>\r\n<li>Avantages des communications intelligentes pour l\u2019entreprise<\/li>\r\n<\/ul>\r\n<h6>(1)\u00a0Gartner, Public Cloud Services, Worldwide, 2016-2022, 3Q18 Update, octobre 2018. (Summary_Could_Segment_Country)<\/h6>\r\n<h3>T\u00e9l\u00e9chargez votre guide sans attendre !<\/h3>\r\n<p>[hubspot type=form portal=344164 id=b6c4ce22-a17f-415b-a22b-d07cb78622db]<\/p>\r\n","protected":false},"excerpt":{"rendered":"<p>\u00a0 L\u2019int\u00e9gration des applications de bureau indispensables et des outils de communications unifi\u00e9es sur le cloud permet aux entreprises d\u2019accro\u00eetre leur productivit\u00e9 et d\u2019am\u00e9liorer la satisfaction de leurs employ\u00e9s. Voici comment. Les entreprises 2.0 sont plus diversifi\u00e9es et plus connect\u00e9es que jamais gr\u00e2ce \u00e0 l\u2019utilisation de nouvelles applications qui rapprochent leurs collaborateurs ind\u00e9pendamment de l\u2019endroit&#8230;<\/p>\n","protected":false},"author":2,"featured_media":0,"parent":0,"menu_order":0,"comment_status":"closed","ping_status":"closed","template":"","meta":{"_acf_changed":false,"footnotes":""},"colt_type":[],"colt_products":[],"class_list":["post-48963","page","type-page","status-publish","hentry"],"acf":[],"yoast_head":"<!-- This site is optimized with the Yoast SEO plugin v26.8 - https:\/\/yoast.com\/product\/yoast-seo-wordpress\/ -->\n<title>Why Colt Intelligent Communications? - Colt Technology Services<\/title>\n<meta name=\"description\" content=\"The modern enterprise is more diverse and connected than ever before, with new applications that bring people together regardless of their location.\" \/>\n<meta name=\"robots\" content=\"noindex, follow, max-snippet:-1, max-image-preview:large, max-video-preview:-1\" \/>\n<meta property=\"og:locale\" content=\"fr_FR\" \/>\n<meta property=\"og:type\" content=\"article\" \/>\n<meta property=\"og:title\" content=\"Why Colt Intelligent Communications? - Colt Technology Services\" \/>\n<meta property=\"og:description\" content=\"The modern enterprise is more diverse and connected than ever before, with new applications that bring people together regardless of their location.\" \/>\n<meta property=\"og:url\" content=\"https:\/\/legacy.colt.net\/fr\/why-colt-intelligent-communications\/\" \/>\n<meta property=\"og:site_name\" content=\"Colt Technology Services\" \/>\n<meta property=\"article:publisher\" content=\"https:\/\/www.facebook.com\/ColtTechnologyServices\/\" \/>\n<meta property=\"article:modified_time\" content=\"2021-01-09T15:06:53+00:00\" \/>\n<meta property=\"og:image\" content=\"https:\/\/legacy.colt.net\/wp-content\/uploads\/2019\/05\/The-future-network-6.jpg\" \/>\n<meta name=\"twitter:card\" content=\"summary_large_image\" \/>\n<meta name=\"twitter:image\" content=\"https:\/\/legacy.colt.net\/wp-content\/uploads\/2019\/05\/The-future-network-6.jpg\" \/>\n<meta name=\"twitter:site\" content=\"@colt_technology\" \/>\n<meta name=\"twitter:label1\" content=\"Est. reading time\" \/>\n\t<meta name=\"twitter:data1\" content=\"1 minute\" \/>\n<script type=\"application\/ld+json\" class=\"yoast-schema-graph\">{\"@context\":\"https:\/\/schema.org\",\"@graph\":[{\"@type\":\"WebPage\",\"@id\":\"https:\/\/legacy.colt.net\/fr\/why-colt-intelligent-communications\/\",\"url\":\"https:\/\/legacy.colt.net\/fr\/why-colt-intelligent-communications\/\",\"name\":\"Why Colt Intelligent Communications? - Colt Technology Services\",\"isPartOf\":{\"@id\":\"https:\/\/legacy.colt.net\/#website\"},\"primaryImageOfPage\":{\"@id\":\"https:\/\/legacy.colt.net\/fr\/why-colt-intelligent-communications\/#primaryimage\"},\"image\":{\"@id\":\"https:\/\/legacy.colt.net\/fr\/why-colt-intelligent-communications\/#primaryimage\"},\"thumbnailUrl\":\"https:\/\/legacy.colt.net\/wp-content\/uploads\/2019\/04\/lite-paper-EN.jpg\",\"datePublished\":\"2019-04-02T17:55:37+00:00\",\"dateModified\":\"2021-01-09T15:06:53+00:00\",\"description\":\"The modern enterprise is more diverse and connected than ever before, with new applications that bring people together regardless of their location.\",\"breadcrumb\":{\"@id\":\"https:\/\/legacy.colt.net\/fr\/why-colt-intelligent-communications\/#breadcrumb\"},\"inLanguage\":\"fr-FR\",\"potentialAction\":[{\"@type\":\"ReadAction\",\"target\":[\"https:\/\/legacy.colt.net\/fr\/why-colt-intelligent-communications\/\"]}]},{\"@type\":\"ImageObject\",\"inLanguage\":\"fr-FR\",\"@id\":\"https:\/\/legacy.colt.net\/fr\/why-colt-intelligent-communications\/#primaryimage\",\"url\":\"https:\/\/legacy.colt.net\/wp-content\/uploads\/2019\/04\/lite-paper-EN.jpg\",\"contentUrl\":\"https:\/\/legacy.colt.net\/wp-content\/uploads\/2019\/04\/lite-paper-EN.jpg\"},{\"@type\":\"BreadcrumbList\",\"@id\":\"https:\/\/legacy.colt.net\/fr\/why-colt-intelligent-communications\/#breadcrumb\",\"itemListElement\":[{\"@type\":\"ListItem\",\"position\":1,\"name\":\"Home\",\"item\":\"https:\/\/legacy.colt.net\/fr\/\"},{\"@type\":\"ListItem\",\"position\":2,\"name\":\"Why Colt Intelligent Communications?\"}]},{\"@type\":\"WebSite\",\"@id\":\"https:\/\/legacy.colt.net\/#website\",\"url\":\"https:\/\/legacy.colt.net\/\",\"name\":\"Colt\u30c6\u30af\u30ce\u30ed\u30b8\u30fc\u30b5\u30fc\u30d3\u30b9\u682a\u5f0f\u4f1a\u793e\",\"description\":\"Managed Network &amp; Voice Services Provider\",\"publisher\":{\"@id\":\"https:\/\/legacy.colt.net\/#organization\"},\"potentialAction\":[{\"@type\":\"SearchAction\",\"target\":{\"@type\":\"EntryPoint\",\"urlTemplate\":\"https:\/\/legacy.colt.net\/?s={search_term_string}\"},\"query-input\":{\"@type\":\"PropertyValueSpecification\",\"valueRequired\":true,\"valueName\":\"search_term_string\"}}],\"inLanguage\":\"fr-FR\"},{\"@type\":\"Organization\",\"@id\":\"https:\/\/legacy.colt.net\/#organization\",\"name\":\"Colt Technology Services\",\"url\":\"https:\/\/legacy.colt.net\/\",\"logo\":{\"@type\":\"ImageObject\",\"inLanguage\":\"fr-FR\",\"@id\":\"https:\/\/legacy.colt.net\/#\/schema\/logo\/image\/\",\"url\":\"https:\/\/legacy.colt.net\/wp-content\/uploads\/2019\/02\/Colt-Logo.png\",\"contentUrl\":\"https:\/\/legacy.colt.net\/wp-content\/uploads\/2019\/02\/Colt-Logo.png\",\"width\":195,\"height\":77,\"caption\":\"Colt Technology Services\"},\"image\":{\"@id\":\"https:\/\/legacy.colt.net\/#\/schema\/logo\/image\/\"},\"sameAs\":[\"https:\/\/www.facebook.com\/ColtTechnologyServices\/\",\"https:\/\/x.com\/colt_technology\",\"https:\/\/www.instagram.com\/colttechnologyservices\/\",\"https:\/\/www.linkedin.com\/company\/colt-technology-services\",\"https:\/\/www.youtube.com\/user\/ColtTechnology\"]}]}<\/script>\n<!-- \/ Yoast SEO plugin. -->","yoast_head_json":{"title":"Why Colt Intelligent Communications? - Colt Technology Services","description":"The modern enterprise is more diverse and connected than ever before, with new applications that bring people together regardless of their location.","robots":{"index":"noindex","follow":"follow","max-snippet":"max-snippet:-1","max-image-preview":"max-image-preview:large","max-video-preview":"max-video-preview:-1"},"og_locale":"fr_FR","og_type":"article","og_title":"Why Colt Intelligent Communications? - Colt Technology Services","og_description":"The modern enterprise is more diverse and connected than ever before, with new applications that bring people together regardless of their location.","og_url":"https:\/\/legacy.colt.net\/fr\/why-colt-intelligent-communications\/","og_site_name":"Colt Technology Services","article_publisher":"https:\/\/www.facebook.com\/ColtTechnologyServices\/","article_modified_time":"2021-01-09T15:06:53+00:00","og_image":[{"url":"https:\/\/legacy.colt.net\/wp-content\/uploads\/2019\/05\/The-future-network-6.jpg","type":"","width":"","height":""}],"twitter_card":"summary_large_image","twitter_image":"https:\/\/legacy.colt.net\/wp-content\/uploads\/2019\/05\/The-future-network-6.jpg","twitter_site":"@colt_technology","twitter_misc":{"Est. reading time":"1 minute"},"schema":{"@context":"https:\/\/schema.org","@graph":[{"@type":"WebPage","@id":"https:\/\/legacy.colt.net\/fr\/why-colt-intelligent-communications\/","url":"https:\/\/legacy.colt.net\/fr\/why-colt-intelligent-communications\/","name":"Why Colt Intelligent Communications? - Colt Technology Services","isPartOf":{"@id":"https:\/\/legacy.colt.net\/#website"},"primaryImageOfPage":{"@id":"https:\/\/legacy.colt.net\/fr\/why-colt-intelligent-communications\/#primaryimage"},"image":{"@id":"https:\/\/legacy.colt.net\/fr\/why-colt-intelligent-communications\/#primaryimage"},"thumbnailUrl":"https:\/\/legacy.colt.net\/wp-content\/uploads\/2019\/04\/lite-paper-EN.jpg","datePublished":"2019-04-02T17:55:37+00:00","dateModified":"2021-01-09T15:06:53+00:00","description":"The modern enterprise is more diverse and connected than ever before, with new applications that bring people together regardless of their location.","breadcrumb":{"@id":"https:\/\/legacy.colt.net\/fr\/why-colt-intelligent-communications\/#breadcrumb"},"inLanguage":"fr-FR","potentialAction":[{"@type":"ReadAction","target":["https:\/\/legacy.colt.net\/fr\/why-colt-intelligent-communications\/"]}]},{"@type":"ImageObject","inLanguage":"fr-FR","@id":"https:\/\/legacy.colt.net\/fr\/why-colt-intelligent-communications\/#primaryimage","url":"https:\/\/legacy.colt.net\/wp-content\/uploads\/2019\/04\/lite-paper-EN.jpg","contentUrl":"https:\/\/legacy.colt.net\/wp-content\/uploads\/2019\/04\/lite-paper-EN.jpg"},{"@type":"BreadcrumbList","@id":"https:\/\/legacy.colt.net\/fr\/why-colt-intelligent-communications\/#breadcrumb","itemListElement":[{"@type":"ListItem","position":1,"name":"Home","item":"https:\/\/legacy.colt.net\/fr\/"},{"@type":"ListItem","position":2,"name":"Why Colt Intelligent Communications?"}]},{"@type":"WebSite","@id":"https:\/\/legacy.colt.net\/#website","url":"https:\/\/legacy.colt.net\/","name":"Colt\u30c6\u30af\u30ce\u30ed\u30b8\u30fc\u30b5\u30fc\u30d3\u30b9\u682a\u5f0f\u4f1a\u793e","description":"Managed Network &amp; Voice Services Provider","publisher":{"@id":"https:\/\/legacy.colt.net\/#organization"},"potentialAction":[{"@type":"SearchAction","target":{"@type":"EntryPoint","urlTemplate":"https:\/\/legacy.colt.net\/?s={search_term_string}"},"query-input":{"@type":"PropertyValueSpecification","valueRequired":true,"valueName":"search_term_string"}}],"inLanguage":"fr-FR"},{"@type":"Organization","@id":"https:\/\/legacy.colt.net\/#organization","name":"Colt Technology Services","url":"https:\/\/legacy.colt.net\/","logo":{"@type":"ImageObject","inLanguage":"fr-FR","@id":"https:\/\/legacy.colt.net\/#\/schema\/logo\/image\/","url":"https:\/\/legacy.colt.net\/wp-content\/uploads\/2019\/02\/Colt-Logo.png","contentUrl":"https:\/\/legacy.colt.net\/wp-content\/uploads\/2019\/02\/Colt-Logo.png","width":195,"height":77,"caption":"Colt Technology Services"},"image":{"@id":"https:\/\/legacy.colt.net\/#\/schema\/logo\/image\/"},"sameAs":["https:\/\/www.facebook.com\/ColtTechnologyServices\/","https:\/\/x.com\/colt_technology","https:\/\/www.instagram.com\/colttechnologyservices\/","https:\/\/www.linkedin.com\/company\/colt-technology-services","https:\/\/www.youtube.com\/user\/ColtTechnology"]}]}},"_links":{"self":[{"href":"https:\/\/legacy.colt.net\/fr\/wp-json\/wp\/v2\/pages\/48963","targetHints":{"allow":["GET"]}}],"collection":[{"href":"https:\/\/legacy.colt.net\/fr\/wp-json\/wp\/v2\/pages"}],"about":[{"href":"https:\/\/legacy.colt.net\/fr\/wp-json\/wp\/v2\/types\/page"}],"author":[{"embeddable":true,"href":"https:\/\/legacy.colt.net\/fr\/wp-json\/wp\/v2\/users\/2"}],"replies":[{"embeddable":true,"href":"https:\/\/legacy.colt.net\/fr\/wp-json\/wp\/v2\/comments?post=48963"}],"version-history":[{"count":0,"href":"https:\/\/legacy.colt.net\/fr\/wp-json\/wp\/v2\/pages\/48963\/revisions"}],"wp:attachment":[{"href":"https:\/\/legacy.colt.net\/fr\/wp-json\/wp\/v2\/media?parent=48963"}],"wp:term":[{"taxonomy":"colt_type","embeddable":true,"href":"https:\/\/legacy.colt.net\/fr\/wp-json\/wp\/v2\/colt_type?post=48963"},{"taxonomy":"colt_products","embeddable":true,"href":"https:\/\/legacy.colt.net\/fr\/wp-json\/wp\/v2\/colt_products?post=48963"}],"curies":[{"name":"wp","href":"https:\/\/api.w.org\/{rel}","templated":true}]}}