{"id":48866,"date":"2019-04-02T17:23:50","date_gmt":"2019-04-02T16:23:50","guid":{"rendered":"https:\/\/www.colt.net\/your-future-network\/"},"modified":"2020-10-14T14:49:33","modified_gmt":"2020-10-14T13:49:33","slug":"your-future-network","status":"publish","type":"page","link":"https:\/\/legacy.colt.net\/fr\/your-future-network\/","title":{"rendered":"Le r\u00e9seau du futur"},"content":{"rendered":"<h1>\n\t\tRepensez votre connectivit\u00e9\n\t<\/h1>\n\t<p><strong><a href=\"#reseau-du-futur\">Le R\u00e9seau du Futur\u00a0<\/a> \u00a0 \u00a0|\u00a0 \u00a0 \u00a0<a href=\"#connaissez\">Connaissez-vous Colt ?<\/a>\u00a0 \u00a0 \u00a0|\u00a0 \u00a0 \u00a0<a href=\"#activit\u00e9s\">Colt IQ Network<\/a><\/strong><\/p>\n\t<h2>Le r\u00e9seau du futur<\/h2>\n<p>Le r\u00e9seau d\u2019aujourd\u2019hui permet d\u2019acc\u00e9der \u00e0 des applications et services qui n\u2019existaient pas il y a 10 ou 15 ans. Il est con\u00e7u pour des entreprises qui ont parfois \u00e0 peine quelques ann\u00e9es d\u2019existence, et pour des produits et services pilot\u00e9s par des appareils qui transforment notre mode de vie et notre fa\u00e7on de travailler.<\/p>\n<p>Le guide va au-del\u00e0 des id\u00e9es re\u00e7ues pour \u00e9valuer quatre domaines technologiques dont l\u2019impact sera consid\u00e9rable sur les r\u00e9seaux de demain. Outre leur capacit\u00e9 \u00e0 am\u00e9liorer les processus et les structures actuels, ces quatre domaines r\u00e9pondront aux exigences des r\u00e9seaux de demain.<\/p>\n\t<ul>\n<li>L\u2019intelligence artificielle (IA)<\/li>\n<li>Les r\u00e9seaux accessibles \u00e0 la demande<\/li>\n<li>Les r\u00e9seaux locaux \u00e9tendus d\u00e9finis par logiciel (SD-WAN)<\/li>\n<li>La Block Chain<\/li>\n<\/ul>\n<p>Construisez votre \u00ab r\u00e9seau du futur \u00bb et \u00e9valuez les diff\u00e9rents secteurs o\u00f9 chacune de ces technologies jouera un r\u00f4le important. Colt teste ou d\u00e9ploie d\u00e9j\u00e0 ces technologies dans l\u2019ensemble de son r\u00e9seau, contribuant ainsi \u00e0 g\u00e9rer les d\u00e9fis auxquels sont confront\u00e9s ses clients au quotidien.<\/p>\n<p>En savoir plus.<\/p>\n<h3>T\u00e9l\u00e9chargez votre guide sans attendre !<\/h3>\n[hubspot type=form portal=344164 id=a68b9db0-127e-4e13-bd04-5c121d01ef00]\n\t\t\t<a href=\"void(0)\" target=\"_self\" rel=\"noopener noreferrer\">\n\t\t\t\t\t\t\tT\u00e9l\u00e9chargez votre guide sans attendre !\n\t\t<\/a>\n<h3>T\u00e9l\u00e9chargez votre guide sans attendre<\/h3>\n[hubspot portalid=&#8221;344164&#8243; formid=&#8221;a68b9db0-127e-4e13-bd04-5c121d01ef00&#8243; event=&#8221;HubSpotFormSubmitted&#8221; HsFormAction=&#8221;Download&#8221; HsFormName=&#8221;FR Future Network Paris&#8221;]\n<h1>\n\t\tConnaissez-vous Colt ?\n\t<\/h1>\n\t<p><strong>\u00cates-vous connect<\/strong><strong>\u00e9 <\/strong><strong>sur notre Colt IQ Network ?<\/strong><\/p>\n\t\t\t<iframe loading=\"lazy\" src=\"https:\/\/dcp.colt.net\/coltFibreMapv2\/?lang=en\" width=\"100%\" height=\"100%\" frameborder=\"0\" seamless=\"seamless\"><\/iframe>\n\t\t\t<a href=\"void(0)\" target=\"_self\" rel=\"noopener noreferrer\">\n\t\t\t\t\t\t\tV\u00e9rifiez votre connectivit\u00e9\n\t\t<\/a>\n<h1>\n\t\tColt IQ Network\n\t<\/h1>\n\t<p>Colt s\u2019affirme comme la nouvelle r\u00e9f\u00e9rence des services r\u00e9seaux \u00e0 tr\u00e8s haut d\u00e9bit et des services voix pour les entreprises et les op\u00e9rateurs Wholesale dans les plus grands centres d\u2019affaires en Europe, en Asie et en Am\u00e9rique du Nord.<\/p>\n<p>Notre r\u00e9seau de pointe, en constante expansion, interconnecte 52 boucles locales, 200+ agglom\u00e9rations et plus de 27 500 b\u00e2timents. Des entreprises de toutes tailles, dans divers secteurs d\u2019activit\u00e9, b\u00e9n\u00e9ficient de services Data et Voix qui s\u2019appuient sur les performances, temps de latence et niveaux de s\u00e9curit\u00e9 de ce r\u00e9seau, les meilleurs du march\u00e9.<\/p>\n\t\t\t<p>[hubspot type=form portal=344164 id=efe9b5f7-7d48-4f0a-a125-cc234efbf1df]<\/p>\n\t\t\t<a href=\"void(0)\" target=\"_self\" rel=\"noopener noreferrer\">\n\t\t\t\t\t\t\tContactez-nous\n\t\t<\/a>\n<h2>\n\t<\/h2>\n\t\t<!-- Comment to fix spacing issue\n\t-->\n\t\t<h1>0<\/h1>villes connect\u00e9es &#038; 52 r\u00e9seaux m\u00e9tropolitains\n\t<!-- Comment to fix spacing issue\n\t-->\t\n\t\t<!-- Comment to fix spacing issue\n\t-->\n\t\t<h1>0+<\/h1>centres de donn\u00e9es\n\t<!-- Comment to fix spacing issue\n\t-->\t\n\t\t<!-- Comment to fix spacing issue\n\t-->\n\t\t<h1>0+<\/h1>b\u00e2timents connect\u00e9s\n\t<!-- Comment to fix spacing issue\n\t-->\t\n\t\t<!-- Comment to fix spacing issue\n\t-->\n\t\t<h1>0km<\/h1>des c\u00e2bles de fibre\n\t<!-- Comment to fix spacing issue\n\t-->\t\n","protected":false},"excerpt":{"rendered":"<p>Repensez votre connectivit\u00e9 Le R\u00e9seau du Futur\u00a0 \u00a0 \u00a0|\u00a0 \u00a0 \u00a0Connaissez-vous Colt ?\u00a0 \u00a0 \u00a0|\u00a0 \u00a0 \u00a0Colt IQ Network Le r\u00e9seau du futur Le r\u00e9seau d\u2019aujourd\u2019hui permet d\u2019acc\u00e9der \u00e0 des applications et services qui n\u2019existaient pas il y a 10 ou 15 ans. Il est con\u00e7u pour des entreprises qui ont parfois \u00e0 peine quelques&#8230;<\/p>\n","protected":false},"author":2,"featured_media":0,"parent":0,"menu_order":0,"comment_status":"closed","ping_status":"closed","template":"","meta":{"_acf_changed":false,"footnotes":""},"colt_type":[],"colt_products":[],"class_list":["post-48866","page","type-page","status-publish","hentry"],"acf":[],"yoast_head":"<!-- This site is optimized with the Yoast SEO plugin v26.8 - https:\/\/yoast.com\/product\/yoast-seo-wordpress\/ -->\n<title>Le r\u00e9seau du futur - Colt Technology Services<\/title>\n<meta name=\"description\" content=\"Le r\u00e9seau d\u2019aujourd\u2019hui est b\u00e2ti pour permettre d\u2019acc\u00e9der \u00e0 des applications et des services qui n\u2019existaient pas il y a 10 ou 15 ans.\" \/>\n<meta name=\"robots\" content=\"noindex, follow, max-snippet:-1, max-image-preview:large, max-video-preview:-1\" \/>\n<meta property=\"og:locale\" content=\"fr_FR\" \/>\n<meta property=\"og:type\" content=\"article\" \/>\n<meta property=\"og:title\" content=\"Le r\u00e9seau du futur - Colt Technology Services\" \/>\n<meta property=\"og:description\" content=\"Le r\u00e9seau d\u2019aujourd\u2019hui est b\u00e2ti pour permettre d\u2019acc\u00e9der \u00e0 des applications et des services qui n\u2019existaient pas il y a 10 ou 15 ans.\" \/>\n<meta property=\"og:url\" content=\"https:\/\/legacy.colt.net\/fr\/your-future-network\/\" \/>\n<meta property=\"og:site_name\" content=\"Colt Technology Services\" \/>\n<meta property=\"article:publisher\" content=\"https:\/\/www.facebook.com\/ColtTechnologyServices\/\" \/>\n<meta property=\"article:modified_time\" content=\"2020-10-14T13:49:33+00:00\" \/>\n<meta property=\"og:image\" content=\"https:\/\/legacy.colt.net\/wp-content\/uploads\/2021\/01\/Brand-2021-Stock-32.jpg\" \/>\n\t<meta property=\"og:image:width\" content=\"1000\" \/>\n\t<meta property=\"og:image:height\" content=\"667\" \/>\n\t<meta property=\"og:image:type\" content=\"image\/jpeg\" \/>\n<meta name=\"twitter:card\" content=\"summary_large_image\" \/>\n<meta name=\"twitter:site\" content=\"@colt_technology\" \/>\n<meta name=\"twitter:label1\" content=\"Est. reading time\" \/>\n\t<meta name=\"twitter:data1\" content=\"2 minutes\" \/>\n<script type=\"application\/ld+json\" class=\"yoast-schema-graph\">{\"@context\":\"https:\/\/schema.org\",\"@graph\":[{\"@type\":\"WebPage\",\"@id\":\"https:\/\/legacy.colt.net\/fr\/your-future-network\/\",\"url\":\"https:\/\/legacy.colt.net\/fr\/your-future-network\/\",\"name\":\"Le r\u00e9seau du futur - Colt Technology Services\",\"isPartOf\":{\"@id\":\"https:\/\/legacy.colt.net\/#website\"},\"datePublished\":\"2019-04-02T16:23:50+00:00\",\"dateModified\":\"2020-10-14T13:49:33+00:00\",\"description\":\"Le r\u00e9seau d\u2019aujourd\u2019hui est b\u00e2ti pour permettre d\u2019acc\u00e9der \u00e0 des applications et des services qui n\u2019existaient pas il y a 10 ou 15 ans.\",\"breadcrumb\":{\"@id\":\"https:\/\/legacy.colt.net\/fr\/your-future-network\/#breadcrumb\"},\"inLanguage\":\"fr-FR\",\"potentialAction\":[{\"@type\":\"ReadAction\",\"target\":[\"https:\/\/legacy.colt.net\/fr\/your-future-network\/\"]}]},{\"@type\":\"BreadcrumbList\",\"@id\":\"https:\/\/legacy.colt.net\/fr\/your-future-network\/#breadcrumb\",\"itemListElement\":[{\"@type\":\"ListItem\",\"position\":1,\"name\":\"Home\",\"item\":\"https:\/\/legacy.colt.net\/fr\/\"},{\"@type\":\"ListItem\",\"position\":2,\"name\":\"Le r\u00e9seau du futur\"}]},{\"@type\":\"WebSite\",\"@id\":\"https:\/\/legacy.colt.net\/#website\",\"url\":\"https:\/\/legacy.colt.net\/\",\"name\":\"Colt\u30c6\u30af\u30ce\u30ed\u30b8\u30fc\u30b5\u30fc\u30d3\u30b9\u682a\u5f0f\u4f1a\u793e\",\"description\":\"Managed Network &amp; Voice Services Provider\",\"publisher\":{\"@id\":\"https:\/\/legacy.colt.net\/#organization\"},\"potentialAction\":[{\"@type\":\"SearchAction\",\"target\":{\"@type\":\"EntryPoint\",\"urlTemplate\":\"https:\/\/legacy.colt.net\/?s={search_term_string}\"},\"query-input\":{\"@type\":\"PropertyValueSpecification\",\"valueRequired\":true,\"valueName\":\"search_term_string\"}}],\"inLanguage\":\"fr-FR\"},{\"@type\":\"Organization\",\"@id\":\"https:\/\/legacy.colt.net\/#organization\",\"name\":\"Colt Technology Services\",\"url\":\"https:\/\/legacy.colt.net\/\",\"logo\":{\"@type\":\"ImageObject\",\"inLanguage\":\"fr-FR\",\"@id\":\"https:\/\/legacy.colt.net\/#\/schema\/logo\/image\/\",\"url\":\"https:\/\/legacy.colt.net\/wp-content\/uploads\/2019\/02\/Colt-Logo.png\",\"contentUrl\":\"https:\/\/legacy.colt.net\/wp-content\/uploads\/2019\/02\/Colt-Logo.png\",\"width\":195,\"height\":77,\"caption\":\"Colt Technology Services\"},\"image\":{\"@id\":\"https:\/\/legacy.colt.net\/#\/schema\/logo\/image\/\"},\"sameAs\":[\"https:\/\/www.facebook.com\/ColtTechnologyServices\/\",\"https:\/\/x.com\/colt_technology\",\"https:\/\/www.instagram.com\/colttechnologyservices\/\",\"https:\/\/www.linkedin.com\/company\/colt-technology-services\",\"https:\/\/www.youtube.com\/user\/ColtTechnology\"]}]}<\/script>\n<!-- \/ Yoast SEO plugin. -->","yoast_head_json":{"title":"Le r\u00e9seau du futur - Colt Technology Services","description":"Le r\u00e9seau d\u2019aujourd\u2019hui est b\u00e2ti pour permettre d\u2019acc\u00e9der \u00e0 des applications et des services qui n\u2019existaient pas il y a 10 ou 15 ans.","robots":{"index":"noindex","follow":"follow","max-snippet":"max-snippet:-1","max-image-preview":"max-image-preview:large","max-video-preview":"max-video-preview:-1"},"og_locale":"fr_FR","og_type":"article","og_title":"Le r\u00e9seau du futur - Colt Technology Services","og_description":"Le r\u00e9seau d\u2019aujourd\u2019hui est b\u00e2ti pour permettre d\u2019acc\u00e9der \u00e0 des applications et des services qui n\u2019existaient pas il y a 10 ou 15 ans.","og_url":"https:\/\/legacy.colt.net\/fr\/your-future-network\/","og_site_name":"Colt Technology Services","article_publisher":"https:\/\/www.facebook.com\/ColtTechnologyServices\/","article_modified_time":"2020-10-14T13:49:33+00:00","og_image":[{"width":1000,"height":667,"url":"https:\/\/legacy.colt.net\/wp-content\/uploads\/2021\/01\/Brand-2021-Stock-32.jpg","type":"image\/jpeg"}],"twitter_card":"summary_large_image","twitter_site":"@colt_technology","twitter_misc":{"Est. reading time":"2 minutes"},"schema":{"@context":"https:\/\/schema.org","@graph":[{"@type":"WebPage","@id":"https:\/\/legacy.colt.net\/fr\/your-future-network\/","url":"https:\/\/legacy.colt.net\/fr\/your-future-network\/","name":"Le r\u00e9seau du futur - Colt Technology Services","isPartOf":{"@id":"https:\/\/legacy.colt.net\/#website"},"datePublished":"2019-04-02T16:23:50+00:00","dateModified":"2020-10-14T13:49:33+00:00","description":"Le r\u00e9seau d\u2019aujourd\u2019hui est b\u00e2ti pour permettre d\u2019acc\u00e9der \u00e0 des applications et des services qui n\u2019existaient pas il y a 10 ou 15 ans.","breadcrumb":{"@id":"https:\/\/legacy.colt.net\/fr\/your-future-network\/#breadcrumb"},"inLanguage":"fr-FR","potentialAction":[{"@type":"ReadAction","target":["https:\/\/legacy.colt.net\/fr\/your-future-network\/"]}]},{"@type":"BreadcrumbList","@id":"https:\/\/legacy.colt.net\/fr\/your-future-network\/#breadcrumb","itemListElement":[{"@type":"ListItem","position":1,"name":"Home","item":"https:\/\/legacy.colt.net\/fr\/"},{"@type":"ListItem","position":2,"name":"Le r\u00e9seau du futur"}]},{"@type":"WebSite","@id":"https:\/\/legacy.colt.net\/#website","url":"https:\/\/legacy.colt.net\/","name":"Colt\u30c6\u30af\u30ce\u30ed\u30b8\u30fc\u30b5\u30fc\u30d3\u30b9\u682a\u5f0f\u4f1a\u793e","description":"Managed Network &amp; Voice Services Provider","publisher":{"@id":"https:\/\/legacy.colt.net\/#organization"},"potentialAction":[{"@type":"SearchAction","target":{"@type":"EntryPoint","urlTemplate":"https:\/\/legacy.colt.net\/?s={search_term_string}"},"query-input":{"@type":"PropertyValueSpecification","valueRequired":true,"valueName":"search_term_string"}}],"inLanguage":"fr-FR"},{"@type":"Organization","@id":"https:\/\/legacy.colt.net\/#organization","name":"Colt Technology Services","url":"https:\/\/legacy.colt.net\/","logo":{"@type":"ImageObject","inLanguage":"fr-FR","@id":"https:\/\/legacy.colt.net\/#\/schema\/logo\/image\/","url":"https:\/\/legacy.colt.net\/wp-content\/uploads\/2019\/02\/Colt-Logo.png","contentUrl":"https:\/\/legacy.colt.net\/wp-content\/uploads\/2019\/02\/Colt-Logo.png","width":195,"height":77,"caption":"Colt Technology Services"},"image":{"@id":"https:\/\/legacy.colt.net\/#\/schema\/logo\/image\/"},"sameAs":["https:\/\/www.facebook.com\/ColtTechnologyServices\/","https:\/\/x.com\/colt_technology","https:\/\/www.instagram.com\/colttechnologyservices\/","https:\/\/www.linkedin.com\/company\/colt-technology-services","https:\/\/www.youtube.com\/user\/ColtTechnology"]}]}},"_links":{"self":[{"href":"https:\/\/legacy.colt.net\/fr\/wp-json\/wp\/v2\/pages\/48866","targetHints":{"allow":["GET"]}}],"collection":[{"href":"https:\/\/legacy.colt.net\/fr\/wp-json\/wp\/v2\/pages"}],"about":[{"href":"https:\/\/legacy.colt.net\/fr\/wp-json\/wp\/v2\/types\/page"}],"author":[{"embeddable":true,"href":"https:\/\/legacy.colt.net\/fr\/wp-json\/wp\/v2\/users\/2"}],"replies":[{"embeddable":true,"href":"https:\/\/legacy.colt.net\/fr\/wp-json\/wp\/v2\/comments?post=48866"}],"version-history":[{"count":0,"href":"https:\/\/legacy.colt.net\/fr\/wp-json\/wp\/v2\/pages\/48866\/revisions"}],"wp:attachment":[{"href":"https:\/\/legacy.colt.net\/fr\/wp-json\/wp\/v2\/media?parent=48866"}],"wp:term":[{"taxonomy":"colt_type","embeddable":true,"href":"https:\/\/legacy.colt.net\/fr\/wp-json\/wp\/v2\/colt_type?post=48866"},{"taxonomy":"colt_products","embeddable":true,"href":"https:\/\/legacy.colt.net\/fr\/wp-json\/wp\/v2\/colt_products?post=48866"}],"curies":[{"name":"wp","href":"https:\/\/api.w.org\/{rel}","templated":true}]}}