{"id":48435,"date":"2018-04-05T09:59:20","date_gmt":"2018-04-05T09:59:20","guid":{"rendered":"https:\/\/www.colt.net\/leadership\/jacques-de-vaucleroy\/"},"modified":"2019-12-03T09:54:03","modified_gmt":"2019-12-03T09:54:03","slug":"jacques-de-vaucleroy","status":"publish","type":"page","link":"https:\/\/legacy.colt.net\/fr\/about\/leadership\/jacques-de-vaucleroy\/","title":{"rendered":"Jacques de Vaucleroy"},"content":{"rendered":"<h1>\n\t<\/h1>\n<h3>\n\t<\/h3>\n\t<nav class=\"breadcrumb\"><span><span><a href=\"https:\/\/legacy.colt.net\/fr\/\">Home<\/a><\/span><\/span><\/nav>\n\t<p>Jacques de Vaucleroy a rejoint le comit\u00e9 de direction de Colt en avril 2018. Pr\u00e9c\u00e9demment, il a occup\u00e9 plusieurs fonctions dirigeantes dans le secteur de la finance et des assurances notamment en tant que membre de la direction.<\/p>\n<p>Auparavant, Jacques de Vaucleroy occupait le poste de CEO r\u00e9gional et de Pr\u00e9sident chez AXA en Belgique, Allemagne, Luxembourg, Pays-Bas et Suisse ainsi que de AXA Bank Europe. Avant de rejoindre AXA en 2010, il a pass\u00e9 plus de 24 ans chez ING o\u00f9 il y a occup\u00e9 plusieurs fonctions pour ensuite \u00eatre nomm\u00e9 membre du comit\u00e9 ex\u00e9cutif de ING Group \u00e0 Amsterdam et ainsi en charge du business assurance et gestion d\u2019actifs en Europe.<\/p>\n<p>Jacques est \u00e9galement membre des comit\u00e9s de direction des entreprises Ahold Delhaize et Zabka Polska ainsi que Pr\u00e9sident de Swiss Re Europe.<\/p>\n\t\t\t\t<img loading=\"lazy\" decoding=\"async\" src=\"https:\/\/legacy.colt.net\/wp-content\/uploads\/2019\/02\/Jacques-de-Vaucleroy-v1.jpg\" alt=\"Jacques-de-Vaucleroy-v1\" itemprop=\"image\" height=\"600\" width=\"450\" title=\"Jacques-de-Vaucleroy-v1\" onerror=\"this.style.display='none'\"  \/>\n","protected":false},"excerpt":{"rendered":"<p>Jacques de Vaucleroy was appointed to Colt\u2019s Board in April 2018. He joins having held several leadership roles across the finance and insurance sectors, including a range of diverse Board positions.\u00a0<\/p>\n","protected":false},"author":2,"featured_media":32240,"parent":34336,"menu_order":0,"comment_status":"closed","ping_status":"closed","template":"","meta":{"_acf_changed":false,"footnotes":""},"colt_type":[],"colt_products":[],"class_list":["post-48435","page","type-page","status-publish","has-post-thumbnail","hentry"],"acf":[],"yoast_head":"<!-- This site is optimized with the Yoast SEO plugin v26.8 - https:\/\/yoast.com\/product\/yoast-seo-wordpress\/ -->\n<title>Jacques de Vaucleroy - Colt Technology Services<\/title>\n<meta name=\"description\" content=\"Jacques de Vaucleroy was appointed to Colt\u2019s Board in April 2018. He joins having held several leadership roles across the finance and insurance sectors...\" \/>\n<meta name=\"robots\" content=\"noindex, follow, max-snippet:-1, max-image-preview:large, max-video-preview:-1\" \/>\n<meta property=\"og:locale\" content=\"fr_FR\" \/>\n<meta property=\"og:type\" content=\"article\" \/>\n<meta property=\"og:title\" content=\"Jacques de Vaucleroy - Colt Technology Services\" \/>\n<meta property=\"og:description\" content=\"Jacques de Vaucleroy was appointed to Colt\u2019s Board in April 2018. He joins having held several leadership roles across the finance and insurance sectors...\" \/>\n<meta property=\"og:url\" content=\"https:\/\/legacy.colt.net\/fr\/about\/leadership\/jacques-de-vaucleroy\/\" \/>\n<meta property=\"og:site_name\" content=\"Colt Technology Services\" \/>\n<meta property=\"article:publisher\" content=\"https:\/\/www.facebook.com\/ColtTechnologyServices\/\" \/>\n<meta property=\"article:modified_time\" content=\"2019-12-03T09:54:03+00:00\" \/>\n<meta property=\"og:image\" content=\"https:\/\/legacy.colt.net\/wp-content\/uploads\/2019\/02\/Jacques-de-Vaucleroy-v1.jpg\" \/>\n\t<meta property=\"og:image:width\" content=\"450\" \/>\n\t<meta property=\"og:image:height\" content=\"600\" \/>\n\t<meta property=\"og:image:type\" content=\"image\/jpeg\" \/>\n<meta name=\"twitter:card\" content=\"summary_large_image\" \/>\n<meta name=\"twitter:image\" content=\"https:\/\/legacy.colt.net\/wp-content\/uploads\/2019\/02\/Jacques-de-Vaucleroy-v1.jpg\" \/>\n<meta name=\"twitter:site\" content=\"@colt_technology\" \/>\n<meta name=\"twitter:label1\" content=\"Est. reading time\" \/>\n\t<meta name=\"twitter:data1\" content=\"1 minute\" \/>\n<script type=\"application\/ld+json\" class=\"yoast-schema-graph\">{\"@context\":\"https:\/\/schema.org\",\"@graph\":[{\"@type\":\"WebPage\",\"@id\":\"https:\/\/legacy.colt.net\/fr\/about\/leadership\/jacques-de-vaucleroy\/\",\"url\":\"https:\/\/legacy.colt.net\/fr\/about\/leadership\/jacques-de-vaucleroy\/\",\"name\":\"Jacques de Vaucleroy - Colt Technology Services\",\"isPartOf\":{\"@id\":\"https:\/\/legacy.colt.net\/#website\"},\"primaryImageOfPage\":{\"@id\":\"https:\/\/legacy.colt.net\/fr\/about\/leadership\/jacques-de-vaucleroy\/#primaryimage\"},\"image\":{\"@id\":\"https:\/\/legacy.colt.net\/fr\/about\/leadership\/jacques-de-vaucleroy\/#primaryimage\"},\"thumbnailUrl\":\"https:\/\/legacy.colt.net\/wp-content\/uploads\/2019\/02\/Jacques-de-Vaucleroy-v1.jpg\",\"datePublished\":\"2018-04-05T09:59:20+00:00\",\"dateModified\":\"2019-12-03T09:54:03+00:00\",\"description\":\"Jacques de Vaucleroy was appointed to Colt\u2019s Board in April 2018. He joins having held several leadership roles across the finance and insurance sectors...\",\"breadcrumb\":{\"@id\":\"https:\/\/legacy.colt.net\/fr\/about\/leadership\/jacques-de-vaucleroy\/#breadcrumb\"},\"inLanguage\":\"fr-FR\",\"potentialAction\":[{\"@type\":\"ReadAction\",\"target\":[\"https:\/\/legacy.colt.net\/fr\/about\/leadership\/jacques-de-vaucleroy\/\"]}]},{\"@type\":\"ImageObject\",\"inLanguage\":\"fr-FR\",\"@id\":\"https:\/\/legacy.colt.net\/fr\/about\/leadership\/jacques-de-vaucleroy\/#primaryimage\",\"url\":\"https:\/\/legacy.colt.net\/wp-content\/uploads\/2019\/02\/Jacques-de-Vaucleroy-v1.jpg\",\"contentUrl\":\"https:\/\/legacy.colt.net\/wp-content\/uploads\/2019\/02\/Jacques-de-Vaucleroy-v1.jpg\",\"width\":450,\"height\":600},{\"@type\":\"BreadcrumbList\",\"@id\":\"https:\/\/legacy.colt.net\/fr\/about\/leadership\/jacques-de-vaucleroy\/#breadcrumb\",\"itemListElement\":[{\"@type\":\"ListItem\",\"position\":1,\"name\":\"Home\",\"item\":\"https:\/\/legacy.colt.net\/fr\/\"},{\"@type\":\"ListItem\",\"position\":2,\"name\":\"A propos de colt\",\"item\":\"https:\/\/legacy.colt.net\/fr\/about\/\"},{\"@type\":\"ListItem\",\"position\":3,\"name\":\"Comit\u00e9 Ex\u00e9cutif\",\"item\":\"https:\/\/legacy.colt.net\/fr\/about\/leadership\/\"},{\"@type\":\"ListItem\",\"position\":4,\"name\":\"Jacques de Vaucleroy\"}]},{\"@type\":\"WebSite\",\"@id\":\"https:\/\/legacy.colt.net\/#website\",\"url\":\"https:\/\/legacy.colt.net\/\",\"name\":\"Colt\u30c6\u30af\u30ce\u30ed\u30b8\u30fc\u30b5\u30fc\u30d3\u30b9\u682a\u5f0f\u4f1a\u793e\",\"description\":\"Managed Network &amp; Voice Services Provider\",\"publisher\":{\"@id\":\"https:\/\/legacy.colt.net\/#organization\"},\"potentialAction\":[{\"@type\":\"SearchAction\",\"target\":{\"@type\":\"EntryPoint\",\"urlTemplate\":\"https:\/\/legacy.colt.net\/?s={search_term_string}\"},\"query-input\":{\"@type\":\"PropertyValueSpecification\",\"valueRequired\":true,\"valueName\":\"search_term_string\"}}],\"inLanguage\":\"fr-FR\"},{\"@type\":\"Organization\",\"@id\":\"https:\/\/legacy.colt.net\/#organization\",\"name\":\"Colt Technology Services\",\"url\":\"https:\/\/legacy.colt.net\/\",\"logo\":{\"@type\":\"ImageObject\",\"inLanguage\":\"fr-FR\",\"@id\":\"https:\/\/legacy.colt.net\/#\/schema\/logo\/image\/\",\"url\":\"https:\/\/legacy.colt.net\/wp-content\/uploads\/2019\/02\/Colt-Logo.png\",\"contentUrl\":\"https:\/\/legacy.colt.net\/wp-content\/uploads\/2019\/02\/Colt-Logo.png\",\"width\":195,\"height\":77,\"caption\":\"Colt Technology Services\"},\"image\":{\"@id\":\"https:\/\/legacy.colt.net\/#\/schema\/logo\/image\/\"},\"sameAs\":[\"https:\/\/www.facebook.com\/ColtTechnologyServices\/\",\"https:\/\/x.com\/colt_technology\",\"https:\/\/www.instagram.com\/colttechnologyservices\/\",\"https:\/\/www.linkedin.com\/company\/colt-technology-services\",\"https:\/\/www.youtube.com\/user\/ColtTechnology\"]}]}<\/script>\n<!-- \/ Yoast SEO plugin. -->","yoast_head_json":{"title":"Jacques de Vaucleroy - Colt Technology Services","description":"Jacques de Vaucleroy was appointed to Colt\u2019s Board in April 2018. He joins having held several leadership roles across the finance and insurance sectors...","robots":{"index":"noindex","follow":"follow","max-snippet":"max-snippet:-1","max-image-preview":"max-image-preview:large","max-video-preview":"max-video-preview:-1"},"og_locale":"fr_FR","og_type":"article","og_title":"Jacques de Vaucleroy - Colt Technology Services","og_description":"Jacques de Vaucleroy was appointed to Colt\u2019s Board in April 2018. He joins having held several leadership roles across the finance and insurance sectors...","og_url":"https:\/\/legacy.colt.net\/fr\/about\/leadership\/jacques-de-vaucleroy\/","og_site_name":"Colt Technology Services","article_publisher":"https:\/\/www.facebook.com\/ColtTechnologyServices\/","article_modified_time":"2019-12-03T09:54:03+00:00","og_image":[{"width":450,"height":600,"url":"https:\/\/legacy.colt.net\/wp-content\/uploads\/2019\/02\/Jacques-de-Vaucleroy-v1.jpg","type":"image\/jpeg"}],"twitter_card":"summary_large_image","twitter_image":"https:\/\/legacy.colt.net\/wp-content\/uploads\/2019\/02\/Jacques-de-Vaucleroy-v1.jpg","twitter_site":"@colt_technology","twitter_misc":{"Est. reading time":"1 minute"},"schema":{"@context":"https:\/\/schema.org","@graph":[{"@type":"WebPage","@id":"https:\/\/legacy.colt.net\/fr\/about\/leadership\/jacques-de-vaucleroy\/","url":"https:\/\/legacy.colt.net\/fr\/about\/leadership\/jacques-de-vaucleroy\/","name":"Jacques de Vaucleroy - Colt Technology Services","isPartOf":{"@id":"https:\/\/legacy.colt.net\/#website"},"primaryImageOfPage":{"@id":"https:\/\/legacy.colt.net\/fr\/about\/leadership\/jacques-de-vaucleroy\/#primaryimage"},"image":{"@id":"https:\/\/legacy.colt.net\/fr\/about\/leadership\/jacques-de-vaucleroy\/#primaryimage"},"thumbnailUrl":"https:\/\/legacy.colt.net\/wp-content\/uploads\/2019\/02\/Jacques-de-Vaucleroy-v1.jpg","datePublished":"2018-04-05T09:59:20+00:00","dateModified":"2019-12-03T09:54:03+00:00","description":"Jacques de Vaucleroy was appointed to Colt\u2019s Board in April 2018. He joins having held several leadership roles across the finance and insurance sectors...","breadcrumb":{"@id":"https:\/\/legacy.colt.net\/fr\/about\/leadership\/jacques-de-vaucleroy\/#breadcrumb"},"inLanguage":"fr-FR","potentialAction":[{"@type":"ReadAction","target":["https:\/\/legacy.colt.net\/fr\/about\/leadership\/jacques-de-vaucleroy\/"]}]},{"@type":"ImageObject","inLanguage":"fr-FR","@id":"https:\/\/legacy.colt.net\/fr\/about\/leadership\/jacques-de-vaucleroy\/#primaryimage","url":"https:\/\/legacy.colt.net\/wp-content\/uploads\/2019\/02\/Jacques-de-Vaucleroy-v1.jpg","contentUrl":"https:\/\/legacy.colt.net\/wp-content\/uploads\/2019\/02\/Jacques-de-Vaucleroy-v1.jpg","width":450,"height":600},{"@type":"BreadcrumbList","@id":"https:\/\/legacy.colt.net\/fr\/about\/leadership\/jacques-de-vaucleroy\/#breadcrumb","itemListElement":[{"@type":"ListItem","position":1,"name":"Home","item":"https:\/\/legacy.colt.net\/fr\/"},{"@type":"ListItem","position":2,"name":"A propos de colt","item":"https:\/\/legacy.colt.net\/fr\/about\/"},{"@type":"ListItem","position":3,"name":"Comit\u00e9 Ex\u00e9cutif","item":"https:\/\/legacy.colt.net\/fr\/about\/leadership\/"},{"@type":"ListItem","position":4,"name":"Jacques de Vaucleroy"}]},{"@type":"WebSite","@id":"https:\/\/legacy.colt.net\/#website","url":"https:\/\/legacy.colt.net\/","name":"Colt\u30c6\u30af\u30ce\u30ed\u30b8\u30fc\u30b5\u30fc\u30d3\u30b9\u682a\u5f0f\u4f1a\u793e","description":"Managed Network &amp; Voice Services Provider","publisher":{"@id":"https:\/\/legacy.colt.net\/#organization"},"potentialAction":[{"@type":"SearchAction","target":{"@type":"EntryPoint","urlTemplate":"https:\/\/legacy.colt.net\/?s={search_term_string}"},"query-input":{"@type":"PropertyValueSpecification","valueRequired":true,"valueName":"search_term_string"}}],"inLanguage":"fr-FR"},{"@type":"Organization","@id":"https:\/\/legacy.colt.net\/#organization","name":"Colt Technology Services","url":"https:\/\/legacy.colt.net\/","logo":{"@type":"ImageObject","inLanguage":"fr-FR","@id":"https:\/\/legacy.colt.net\/#\/schema\/logo\/image\/","url":"https:\/\/legacy.colt.net\/wp-content\/uploads\/2019\/02\/Colt-Logo.png","contentUrl":"https:\/\/legacy.colt.net\/wp-content\/uploads\/2019\/02\/Colt-Logo.png","width":195,"height":77,"caption":"Colt Technology Services"},"image":{"@id":"https:\/\/legacy.colt.net\/#\/schema\/logo\/image\/"},"sameAs":["https:\/\/www.facebook.com\/ColtTechnologyServices\/","https:\/\/x.com\/colt_technology","https:\/\/www.instagram.com\/colttechnologyservices\/","https:\/\/www.linkedin.com\/company\/colt-technology-services","https:\/\/www.youtube.com\/user\/ColtTechnology"]}]}},"_links":{"self":[{"href":"https:\/\/legacy.colt.net\/fr\/wp-json\/wp\/v2\/pages\/48435","targetHints":{"allow":["GET"]}}],"collection":[{"href":"https:\/\/legacy.colt.net\/fr\/wp-json\/wp\/v2\/pages"}],"about":[{"href":"https:\/\/legacy.colt.net\/fr\/wp-json\/wp\/v2\/types\/page"}],"author":[{"embeddable":true,"href":"https:\/\/legacy.colt.net\/fr\/wp-json\/wp\/v2\/users\/2"}],"replies":[{"embeddable":true,"href":"https:\/\/legacy.colt.net\/fr\/wp-json\/wp\/v2\/comments?post=48435"}],"version-history":[{"count":0,"href":"https:\/\/legacy.colt.net\/fr\/wp-json\/wp\/v2\/pages\/48435\/revisions"}],"up":[{"embeddable":true,"href":"https:\/\/legacy.colt.net\/fr\/wp-json\/wp\/v2\/pages\/34336"}],"wp:featuredmedia":[{"embeddable":true,"href":"https:\/\/legacy.colt.net\/fr\/wp-json\/wp\/v2\/media\/32240"}],"wp:attachment":[{"href":"https:\/\/legacy.colt.net\/fr\/wp-json\/wp\/v2\/media?parent=48435"}],"wp:term":[{"taxonomy":"colt_type","embeddable":true,"href":"https:\/\/legacy.colt.net\/fr\/wp-json\/wp\/v2\/colt_type?post=48435"},{"taxonomy":"colt_products","embeddable":true,"href":"https:\/\/legacy.colt.net\/fr\/wp-json\/wp\/v2\/colt_products?post=48435"}],"curies":[{"name":"wp","href":"https:\/\/api.w.org\/{rel}","templated":true}]}}