{"id":48427,"date":"2017-04-07T09:12:24","date_gmt":"2017-04-07T09:12:24","guid":{"rendered":"https:\/\/www.colt.net\/leadership\/caroline-griffin-pain\/"},"modified":"2021-12-15T13:44:58","modified_gmt":"2021-12-15T13:44:58","slug":"caroline-griffin-pain","status":"publish","type":"page","link":"https:\/\/legacy.colt.net\/fr\/about\/leadership\/caroline-griffin-pain\/","title":{"rendered":"Caroline Griffin Pain"},"content":{"rendered":"\n<h1>\n\t<\/h1>\n\t<nav class=\"breadcrumb\"><span><span><a href=\"https:\/\/legacy.colt.net\/fr\/\">Home<\/a><\/span><\/span><\/nav>\n\t<p>Caroline Griffin Pain est Conseill\u00e8re Juridique principale et Vice Pr\u00e9sidente ex\u00e9cutive en charge des relations Humaines.<\/p>\n<p>En tant que Conseill\u00e8re Juridique principale, Caroline est responsable monde des \u00e9quipes juridiques et r\u00e9glementaires, le secr\u00e9tariat de la soci\u00e9t\u00e9 et l&#8217;organisation Country Manager.<\/p>\n<p>\u00c0 la t\u00eate de l&#8217;\u00e9quipe RH de Colt, Caroline se concentre sur l&#8217;acc\u00e9l\u00e9ration de la croissance et les efforts pour int\u00e9grer les probl\u00e9matiques ESG au sein de l&#8217;entreprise.<\/p>\n<p>\u00c9tant d\u00e9di\u00e9e \u00e0 la cr\u00e9ation d&#8217;un lieu de travail qui d\u00e9fend l&#8217;inclusivit\u00e9, Caroline est une mentor et parraine Diversity.<\/p>\n<p>Elle est \u00e9galement pr\u00e9sidente du Comit\u00e9 de conformit\u00e9 d&#8217;entreprise, traitant de la d\u00e9nonciation et de l&#8217;\u00e9thique et est responsable de la mise en \u0153uvre et le suivi du programme anticorruption de Colt. Caroline supervise la gouvernance chez Colt et agit en tant que secr\u00e9taire du Conseil G\u00e9n\u00e9ral, du Comit\u00e9 d&#8217;audit et de r\u00e9mun\u00e9rations.<\/p>\n<p>Caroline a pr\u00e9c\u00e9demment occup\u00e9 des postes de direction au sein de la coentreprise Reuters, Radianz et Rea Brothers Groupe plc. Elle a obtenu son dipl\u00f4me d&#8217;avocat en 1990.<\/p>\n\t\t\t\t<img loading=\"lazy\" decoding=\"async\" src=\"https:\/\/legacy.colt.net\/wp-content\/uploads\/2019\/02\/Caroline-V2-450x600.jpg\" alt=\"Caroline-V2-450x600\" itemprop=\"image\" height=\"600\" width=\"450\" title=\"Caroline-V2-450x600\" onerror=\"this.style.display='none'\"  \/>\n<h3>\n\t\tCaroline Griffin Pain\n\t<\/h3>\n<h4>\n\t\tConseillere Juridique Principale et VPE RH\n\t<\/h4>\n\n","protected":false},"excerpt":{"rendered":"<p>Caroline Griffin Pain is responsible for the Company Secretariat and Legal functions at Colt. She joined Colt as Company Secretary in April 2005 and is responsible for corporate governance at Colt and acts as Corporate Secretary to the Board, Audit Committee and Remuneration Committee.<\/p>\n","protected":false},"author":2,"featured_media":32228,"parent":34336,"menu_order":0,"comment_status":"closed","ping_status":"closed","template":"","meta":{"_acf_changed":false,"footnotes":""},"colt_type":[],"colt_products":[],"class_list":["post-48427","page","type-page","status-publish","has-post-thumbnail","hentry"],"acf":[],"yoast_head":"<!-- This site is optimized with the Yoast SEO plugin v26.8 - https:\/\/yoast.com\/product\/yoast-seo-wordpress\/ -->\n<title>Caroline Griffin Pain - Colt Technology Services<\/title>\n<meta name=\"description\" content=\"Caroline Griffin Pain Colt Technology Services\" \/>\n<meta name=\"robots\" content=\"noindex, follow, max-snippet:-1, max-image-preview:large, max-video-preview:-1\" \/>\n<meta property=\"og:locale\" content=\"fr_FR\" \/>\n<meta property=\"og:type\" content=\"article\" \/>\n<meta property=\"og:title\" content=\"Caroline Griffin Pain - Colt Technology Services\" \/>\n<meta property=\"og:description\" content=\"Caroline Griffin Pain Colt Technology Services\" \/>\n<meta property=\"og:url\" content=\"https:\/\/legacy.colt.net\/fr\/about\/leadership\/caroline-griffin-pain\/\" \/>\n<meta property=\"og:site_name\" content=\"Colt Technology Services\" \/>\n<meta property=\"article:publisher\" content=\"https:\/\/www.facebook.com\/ColtTechnologyServices\/\" \/>\n<meta property=\"article:modified_time\" content=\"2021-12-15T13:44:58+00:00\" \/>\n<meta property=\"og:image\" content=\"https:\/\/legacy.colt.net\/wp-content\/uploads\/2019\/02\/Caroline-V2-450x600.jpg\" \/>\n\t<meta property=\"og:image:width\" content=\"450\" \/>\n\t<meta property=\"og:image:height\" content=\"600\" \/>\n\t<meta property=\"og:image:type\" content=\"image\/jpeg\" \/>\n<meta name=\"twitter:card\" content=\"summary_large_image\" \/>\n<meta name=\"twitter:image\" content=\"https:\/\/legacy.colt.net\/wp-content\/uploads\/2019\/02\/Caroline-V2-450x600.jpg\" \/>\n<meta name=\"twitter:site\" content=\"@colt_technology\" \/>\n<meta name=\"twitter:label1\" content=\"Est. reading time\" \/>\n\t<meta name=\"twitter:data1\" content=\"1 minute\" \/>\n<script type=\"application\/ld+json\" class=\"yoast-schema-graph\">{\"@context\":\"https:\/\/schema.org\",\"@graph\":[{\"@type\":\"WebPage\",\"@id\":\"https:\/\/legacy.colt.net\/fr\/about\/leadership\/caroline-griffin-pain\/\",\"url\":\"https:\/\/legacy.colt.net\/fr\/about\/leadership\/caroline-griffin-pain\/\",\"name\":\"Caroline Griffin Pain - Colt Technology Services\",\"isPartOf\":{\"@id\":\"https:\/\/legacy.colt.net\/#website\"},\"primaryImageOfPage\":{\"@id\":\"https:\/\/legacy.colt.net\/fr\/about\/leadership\/caroline-griffin-pain\/#primaryimage\"},\"image\":{\"@id\":\"https:\/\/legacy.colt.net\/fr\/about\/leadership\/caroline-griffin-pain\/#primaryimage\"},\"thumbnailUrl\":\"https:\/\/legacy.colt.net\/wp-content\/uploads\/2019\/02\/Caroline-V2-450x600.jpg\",\"datePublished\":\"2017-04-07T09:12:24+00:00\",\"dateModified\":\"2021-12-15T13:44:58+00:00\",\"description\":\"Caroline Griffin Pain Colt Technology Services\",\"breadcrumb\":{\"@id\":\"https:\/\/legacy.colt.net\/fr\/about\/leadership\/caroline-griffin-pain\/#breadcrumb\"},\"inLanguage\":\"fr-FR\",\"potentialAction\":[{\"@type\":\"ReadAction\",\"target\":[\"https:\/\/legacy.colt.net\/fr\/about\/leadership\/caroline-griffin-pain\/\"]}]},{\"@type\":\"ImageObject\",\"inLanguage\":\"fr-FR\",\"@id\":\"https:\/\/legacy.colt.net\/fr\/about\/leadership\/caroline-griffin-pain\/#primaryimage\",\"url\":\"https:\/\/legacy.colt.net\/wp-content\/uploads\/2019\/02\/Caroline-V2-450x600.jpg\",\"contentUrl\":\"https:\/\/legacy.colt.net\/wp-content\/uploads\/2019\/02\/Caroline-V2-450x600.jpg\",\"width\":450,\"height\":600},{\"@type\":\"BreadcrumbList\",\"@id\":\"https:\/\/legacy.colt.net\/fr\/about\/leadership\/caroline-griffin-pain\/#breadcrumb\",\"itemListElement\":[{\"@type\":\"ListItem\",\"position\":1,\"name\":\"Home\",\"item\":\"https:\/\/legacy.colt.net\/fr\/\"},{\"@type\":\"ListItem\",\"position\":2,\"name\":\"A propos de colt\",\"item\":\"https:\/\/legacy.colt.net\/fr\/about\/\"},{\"@type\":\"ListItem\",\"position\":3,\"name\":\"Comit\u00e9 Ex\u00e9cutif\",\"item\":\"https:\/\/legacy.colt.net\/fr\/about\/leadership\/\"},{\"@type\":\"ListItem\",\"position\":4,\"name\":\"Caroline Griffin Pain\"}]},{\"@type\":\"WebSite\",\"@id\":\"https:\/\/legacy.colt.net\/#website\",\"url\":\"https:\/\/legacy.colt.net\/\",\"name\":\"Colt\u30c6\u30af\u30ce\u30ed\u30b8\u30fc\u30b5\u30fc\u30d3\u30b9\u682a\u5f0f\u4f1a\u793e\",\"description\":\"Managed Network &amp; Voice Services Provider\",\"publisher\":{\"@id\":\"https:\/\/legacy.colt.net\/#organization\"},\"potentialAction\":[{\"@type\":\"SearchAction\",\"target\":{\"@type\":\"EntryPoint\",\"urlTemplate\":\"https:\/\/legacy.colt.net\/?s={search_term_string}\"},\"query-input\":{\"@type\":\"PropertyValueSpecification\",\"valueRequired\":true,\"valueName\":\"search_term_string\"}}],\"inLanguage\":\"fr-FR\"},{\"@type\":\"Organization\",\"@id\":\"https:\/\/legacy.colt.net\/#organization\",\"name\":\"Colt Technology Services\",\"url\":\"https:\/\/legacy.colt.net\/\",\"logo\":{\"@type\":\"ImageObject\",\"inLanguage\":\"fr-FR\",\"@id\":\"https:\/\/legacy.colt.net\/#\/schema\/logo\/image\/\",\"url\":\"https:\/\/legacy.colt.net\/wp-content\/uploads\/2019\/02\/Colt-Logo.png\",\"contentUrl\":\"https:\/\/legacy.colt.net\/wp-content\/uploads\/2019\/02\/Colt-Logo.png\",\"width\":195,\"height\":77,\"caption\":\"Colt Technology Services\"},\"image\":{\"@id\":\"https:\/\/legacy.colt.net\/#\/schema\/logo\/image\/\"},\"sameAs\":[\"https:\/\/www.facebook.com\/ColtTechnologyServices\/\",\"https:\/\/x.com\/colt_technology\",\"https:\/\/www.instagram.com\/colttechnologyservices\/\",\"https:\/\/www.linkedin.com\/company\/colt-technology-services\",\"https:\/\/www.youtube.com\/user\/ColtTechnology\"]}]}<\/script>\n<!-- \/ Yoast SEO plugin. -->","yoast_head_json":{"title":"Caroline Griffin Pain - Colt Technology Services","description":"Caroline Griffin Pain Colt Technology Services","robots":{"index":"noindex","follow":"follow","max-snippet":"max-snippet:-1","max-image-preview":"max-image-preview:large","max-video-preview":"max-video-preview:-1"},"og_locale":"fr_FR","og_type":"article","og_title":"Caroline Griffin Pain - Colt Technology Services","og_description":"Caroline Griffin Pain Colt Technology Services","og_url":"https:\/\/legacy.colt.net\/fr\/about\/leadership\/caroline-griffin-pain\/","og_site_name":"Colt Technology Services","article_publisher":"https:\/\/www.facebook.com\/ColtTechnologyServices\/","article_modified_time":"2021-12-15T13:44:58+00:00","og_image":[{"width":450,"height":600,"url":"https:\/\/legacy.colt.net\/wp-content\/uploads\/2019\/02\/Caroline-V2-450x600.jpg","type":"image\/jpeg"}],"twitter_card":"summary_large_image","twitter_image":"https:\/\/legacy.colt.net\/wp-content\/uploads\/2019\/02\/Caroline-V2-450x600.jpg","twitter_site":"@colt_technology","twitter_misc":{"Est. reading time":"1 minute"},"schema":{"@context":"https:\/\/schema.org","@graph":[{"@type":"WebPage","@id":"https:\/\/legacy.colt.net\/fr\/about\/leadership\/caroline-griffin-pain\/","url":"https:\/\/legacy.colt.net\/fr\/about\/leadership\/caroline-griffin-pain\/","name":"Caroline Griffin Pain - Colt Technology Services","isPartOf":{"@id":"https:\/\/legacy.colt.net\/#website"},"primaryImageOfPage":{"@id":"https:\/\/legacy.colt.net\/fr\/about\/leadership\/caroline-griffin-pain\/#primaryimage"},"image":{"@id":"https:\/\/legacy.colt.net\/fr\/about\/leadership\/caroline-griffin-pain\/#primaryimage"},"thumbnailUrl":"https:\/\/legacy.colt.net\/wp-content\/uploads\/2019\/02\/Caroline-V2-450x600.jpg","datePublished":"2017-04-07T09:12:24+00:00","dateModified":"2021-12-15T13:44:58+00:00","description":"Caroline Griffin Pain Colt Technology Services","breadcrumb":{"@id":"https:\/\/legacy.colt.net\/fr\/about\/leadership\/caroline-griffin-pain\/#breadcrumb"},"inLanguage":"fr-FR","potentialAction":[{"@type":"ReadAction","target":["https:\/\/legacy.colt.net\/fr\/about\/leadership\/caroline-griffin-pain\/"]}]},{"@type":"ImageObject","inLanguage":"fr-FR","@id":"https:\/\/legacy.colt.net\/fr\/about\/leadership\/caroline-griffin-pain\/#primaryimage","url":"https:\/\/legacy.colt.net\/wp-content\/uploads\/2019\/02\/Caroline-V2-450x600.jpg","contentUrl":"https:\/\/legacy.colt.net\/wp-content\/uploads\/2019\/02\/Caroline-V2-450x600.jpg","width":450,"height":600},{"@type":"BreadcrumbList","@id":"https:\/\/legacy.colt.net\/fr\/about\/leadership\/caroline-griffin-pain\/#breadcrumb","itemListElement":[{"@type":"ListItem","position":1,"name":"Home","item":"https:\/\/legacy.colt.net\/fr\/"},{"@type":"ListItem","position":2,"name":"A propos de colt","item":"https:\/\/legacy.colt.net\/fr\/about\/"},{"@type":"ListItem","position":3,"name":"Comit\u00e9 Ex\u00e9cutif","item":"https:\/\/legacy.colt.net\/fr\/about\/leadership\/"},{"@type":"ListItem","position":4,"name":"Caroline Griffin Pain"}]},{"@type":"WebSite","@id":"https:\/\/legacy.colt.net\/#website","url":"https:\/\/legacy.colt.net\/","name":"Colt\u30c6\u30af\u30ce\u30ed\u30b8\u30fc\u30b5\u30fc\u30d3\u30b9\u682a\u5f0f\u4f1a\u793e","description":"Managed Network &amp; Voice Services Provider","publisher":{"@id":"https:\/\/legacy.colt.net\/#organization"},"potentialAction":[{"@type":"SearchAction","target":{"@type":"EntryPoint","urlTemplate":"https:\/\/legacy.colt.net\/?s={search_term_string}"},"query-input":{"@type":"PropertyValueSpecification","valueRequired":true,"valueName":"search_term_string"}}],"inLanguage":"fr-FR"},{"@type":"Organization","@id":"https:\/\/legacy.colt.net\/#organization","name":"Colt Technology Services","url":"https:\/\/legacy.colt.net\/","logo":{"@type":"ImageObject","inLanguage":"fr-FR","@id":"https:\/\/legacy.colt.net\/#\/schema\/logo\/image\/","url":"https:\/\/legacy.colt.net\/wp-content\/uploads\/2019\/02\/Colt-Logo.png","contentUrl":"https:\/\/legacy.colt.net\/wp-content\/uploads\/2019\/02\/Colt-Logo.png","width":195,"height":77,"caption":"Colt Technology Services"},"image":{"@id":"https:\/\/legacy.colt.net\/#\/schema\/logo\/image\/"},"sameAs":["https:\/\/www.facebook.com\/ColtTechnologyServices\/","https:\/\/x.com\/colt_technology","https:\/\/www.instagram.com\/colttechnologyservices\/","https:\/\/www.linkedin.com\/company\/colt-technology-services","https:\/\/www.youtube.com\/user\/ColtTechnology"]}]}},"_links":{"self":[{"href":"https:\/\/legacy.colt.net\/fr\/wp-json\/wp\/v2\/pages\/48427","targetHints":{"allow":["GET"]}}],"collection":[{"href":"https:\/\/legacy.colt.net\/fr\/wp-json\/wp\/v2\/pages"}],"about":[{"href":"https:\/\/legacy.colt.net\/fr\/wp-json\/wp\/v2\/types\/page"}],"author":[{"embeddable":true,"href":"https:\/\/legacy.colt.net\/fr\/wp-json\/wp\/v2\/users\/2"}],"replies":[{"embeddable":true,"href":"https:\/\/legacy.colt.net\/fr\/wp-json\/wp\/v2\/comments?post=48427"}],"version-history":[{"count":0,"href":"https:\/\/legacy.colt.net\/fr\/wp-json\/wp\/v2\/pages\/48427\/revisions"}],"up":[{"embeddable":true,"href":"https:\/\/legacy.colt.net\/fr\/wp-json\/wp\/v2\/pages\/34336"}],"wp:featuredmedia":[{"embeddable":true,"href":"https:\/\/legacy.colt.net\/fr\/wp-json\/wp\/v2\/media\/32228"}],"wp:attachment":[{"href":"https:\/\/legacy.colt.net\/fr\/wp-json\/wp\/v2\/media?parent=48427"}],"wp:term":[{"taxonomy":"colt_type","embeddable":true,"href":"https:\/\/legacy.colt.net\/fr\/wp-json\/wp\/v2\/colt_type?post=48427"},{"taxonomy":"colt_products","embeddable":true,"href":"https:\/\/legacy.colt.net\/fr\/wp-json\/wp\/v2\/colt_products?post=48427"}],"curies":[{"name":"wp","href":"https:\/\/api.w.org\/{rel}","templated":true}]}}