{"id":48416,"date":"2017-04-07T09:11:05","date_gmt":"2017-04-07T09:11:05","guid":{"rendered":"https:\/\/www.colt.net\/leadership\/hugo-eales\/"},"modified":"2020-09-08T10:58:23","modified_gmt":"2020-09-08T09:58:23","slug":"gary-carr","status":"publish","type":"page","link":"https:\/\/legacy.colt.net\/fr\/about\/leadership\/gary-carr\/","title":{"rendered":"Gary Carr"},"content":{"rendered":"<h1>\n\t<\/h1>\n\t<nav class=\"breadcrumb\"><span><span><a href=\"https:\/\/legacy.colt.net\/fr\/\">Home<\/a><\/span><\/span><\/nav>\n\t<p>Garry Carr est nomm\u00e9 Chief Financial Officer (CFO) en juillet 2019.\u00a0<\/p>\n<p>Anciennement CFO adjoint et contr\u00f4leur financier au sein de Colt, Gary b\u00e9n\u00e9ficie d\u2019une exp\u00e9rience en management de plus de 23 ans dans les secteurs des t\u00e9l\u00e9coms, de l\u2019IT et de la finance.\u00a0<\/p>\n<p>Parmi ses responsabilit\u00e9s chez Colt, Gary avait pour missions de g\u00e9rer les plans budg\u00e9taires et le reporting associ\u00e9, le CAPEX, les politiques de tr\u00e9sorerie et fiscales, l\u2019immobilier, la gestion des locaux et le management de l\u2019\u00e9quipe finance bas\u00e9e en Inde.\u00a0<\/p>\n<p>Dans le cadre de ses nouvelles fonctions, il dirige la transformation de la politique finance de Colt en veillant \u00e0 ce que les diverses fonctions de l\u2019entreprise collaborent ensemble dans l\u2019int\u00e9r\u00eat commun de Colt.\u00a0 \u00a0<\/p>\n\t\t\t\t<img loading=\"lazy\" decoding=\"async\" src=\"https:\/\/legacy.colt.net\/wp-content\/uploads\/2019\/11\/Photo-of-Gary_Carr.jpg\" alt=\"Photo of Gary_Carr\" itemprop=\"image\" height=\"800\" width=\"800\" title=\"Photo of Gary_Carr\" onerror=\"this.style.display='none'\"  \/>\n<h3>\n\t\tGary Carr\n\t<\/h3>\n<h4>\n\t\tChief Financial Officer\n\t<\/h4>\n","protected":false},"excerpt":{"rendered":"<p>Hugo Eales was appointed Chief Financial Officer in November 2014, and is responsible for driving Colt\u2019s financial and commercial agenda forward across the Group.<\/p>\n","protected":false},"author":2,"featured_media":61112,"parent":34336,"menu_order":0,"comment_status":"closed","ping_status":"closed","template":"","meta":{"_acf_changed":false,"footnotes":""},"colt_type":[],"colt_products":[],"class_list":["post-48416","page","type-page","status-publish","has-post-thumbnail","hentry"],"acf":[],"yoast_head":"<!-- This site is optimized with the Yoast SEO plugin v26.8 - https:\/\/yoast.com\/product\/yoast-seo-wordpress\/ -->\n<title>Gary Carr - Colt Technology Services<\/title>\n<meta name=\"description\" content=\"Garry Carr est nomm\u00e9 Chief Financial Officer (CFO) par int\u00e9rim en juillet 2019. Anciennement CFO adjoint et contr\u00f4leur financier au sein de Colt...\" \/>\n<meta name=\"robots\" content=\"noindex, follow, max-snippet:-1, max-image-preview:large, max-video-preview:-1\" \/>\n<meta property=\"og:locale\" content=\"fr_FR\" \/>\n<meta property=\"og:type\" content=\"article\" \/>\n<meta property=\"og:title\" content=\"Gary Carr - Colt Technology Services\" \/>\n<meta property=\"og:description\" content=\"Garry Carr est nomm\u00e9 Chief Financial Officer (CFO) par int\u00e9rim en juillet 2019. Anciennement CFO adjoint et contr\u00f4leur financier au sein de Colt...\" \/>\n<meta property=\"og:url\" content=\"https:\/\/legacy.colt.net\/fr\/about\/leadership\/gary-carr\/\" \/>\n<meta property=\"og:site_name\" content=\"Colt Technology Services\" \/>\n<meta property=\"article:publisher\" content=\"https:\/\/www.facebook.com\/ColtTechnologyServices\/\" \/>\n<meta property=\"article:modified_time\" content=\"2020-09-08T09:58:23+00:00\" \/>\n<meta property=\"og:image\" content=\"https:\/\/legacy.colt.net\/wp-content\/uploads\/2019\/08\/Gary-Carr.png\" \/>\n\t<meta property=\"og:image:width\" content=\"1\" \/>\n\t<meta property=\"og:image:height\" content=\"1\" \/>\n\t<meta property=\"og:image:type\" content=\"image\/png\" \/>\n<meta name=\"twitter:card\" content=\"summary_large_image\" \/>\n<meta name=\"twitter:image\" content=\"https:\/\/legacy.colt.net\/wp-content\/uploads\/2019\/08\/Gary-Carr.png\" \/>\n<meta name=\"twitter:site\" content=\"@colt_technology\" \/>\n<meta name=\"twitter:label1\" content=\"Est. reading time\" \/>\n\t<meta name=\"twitter:data1\" content=\"1 minute\" \/>\n<script type=\"application\/ld+json\" class=\"yoast-schema-graph\">{\"@context\":\"https:\/\/schema.org\",\"@graph\":[{\"@type\":\"WebPage\",\"@id\":\"https:\/\/legacy.colt.net\/fr\/about\/leadership\/gary-carr\/\",\"url\":\"https:\/\/legacy.colt.net\/fr\/about\/leadership\/gary-carr\/\",\"name\":\"Gary Carr - Colt Technology Services\",\"isPartOf\":{\"@id\":\"https:\/\/legacy.colt.net\/#website\"},\"primaryImageOfPage\":{\"@id\":\"https:\/\/legacy.colt.net\/fr\/about\/leadership\/gary-carr\/#primaryimage\"},\"image\":{\"@id\":\"https:\/\/legacy.colt.net\/fr\/about\/leadership\/gary-carr\/#primaryimage\"},\"thumbnailUrl\":\"https:\/\/legacy.colt.net\/wp-content\/uploads\/2019\/08\/Gary-Carr.png\",\"datePublished\":\"2017-04-07T09:11:05+00:00\",\"dateModified\":\"2020-09-08T09:58:23+00:00\",\"description\":\"Garry Carr est nomm\u00e9 Chief Financial Officer (CFO) par int\u00e9rim en juillet 2019. Anciennement CFO adjoint et contr\u00f4leur financier au sein de Colt...\",\"breadcrumb\":{\"@id\":\"https:\/\/legacy.colt.net\/fr\/about\/leadership\/gary-carr\/#breadcrumb\"},\"inLanguage\":\"fr-FR\",\"potentialAction\":[{\"@type\":\"ReadAction\",\"target\":[\"https:\/\/legacy.colt.net\/fr\/about\/leadership\/gary-carr\/\"]}]},{\"@type\":\"ImageObject\",\"inLanguage\":\"fr-FR\",\"@id\":\"https:\/\/legacy.colt.net\/fr\/about\/leadership\/gary-carr\/#primaryimage\",\"url\":\"https:\/\/legacy.colt.net\/wp-content\/uploads\/2019\/08\/Gary-Carr.png\",\"contentUrl\":\"https:\/\/legacy.colt.net\/wp-content\/uploads\/2019\/08\/Gary-Carr.png\"},{\"@type\":\"BreadcrumbList\",\"@id\":\"https:\/\/legacy.colt.net\/fr\/about\/leadership\/gary-carr\/#breadcrumb\",\"itemListElement\":[{\"@type\":\"ListItem\",\"position\":1,\"name\":\"Home\",\"item\":\"https:\/\/legacy.colt.net\/fr\/\"},{\"@type\":\"ListItem\",\"position\":2,\"name\":\"A propos de colt\",\"item\":\"https:\/\/legacy.colt.net\/fr\/about\/\"},{\"@type\":\"ListItem\",\"position\":3,\"name\":\"Comit\u00e9 Ex\u00e9cutif\",\"item\":\"https:\/\/legacy.colt.net\/fr\/about\/leadership\/\"},{\"@type\":\"ListItem\",\"position\":4,\"name\":\"Gary Carr\"}]},{\"@type\":\"WebSite\",\"@id\":\"https:\/\/legacy.colt.net\/#website\",\"url\":\"https:\/\/legacy.colt.net\/\",\"name\":\"Colt\u30c6\u30af\u30ce\u30ed\u30b8\u30fc\u30b5\u30fc\u30d3\u30b9\u682a\u5f0f\u4f1a\u793e\",\"description\":\"Managed Network &amp; Voice Services Provider\",\"publisher\":{\"@id\":\"https:\/\/legacy.colt.net\/#organization\"},\"potentialAction\":[{\"@type\":\"SearchAction\",\"target\":{\"@type\":\"EntryPoint\",\"urlTemplate\":\"https:\/\/legacy.colt.net\/?s={search_term_string}\"},\"query-input\":{\"@type\":\"PropertyValueSpecification\",\"valueRequired\":true,\"valueName\":\"search_term_string\"}}],\"inLanguage\":\"fr-FR\"},{\"@type\":\"Organization\",\"@id\":\"https:\/\/legacy.colt.net\/#organization\",\"name\":\"Colt Technology Services\",\"url\":\"https:\/\/legacy.colt.net\/\",\"logo\":{\"@type\":\"ImageObject\",\"inLanguage\":\"fr-FR\",\"@id\":\"https:\/\/legacy.colt.net\/#\/schema\/logo\/image\/\",\"url\":\"https:\/\/legacy.colt.net\/wp-content\/uploads\/2019\/02\/Colt-Logo.png\",\"contentUrl\":\"https:\/\/legacy.colt.net\/wp-content\/uploads\/2019\/02\/Colt-Logo.png\",\"width\":195,\"height\":77,\"caption\":\"Colt Technology Services\"},\"image\":{\"@id\":\"https:\/\/legacy.colt.net\/#\/schema\/logo\/image\/\"},\"sameAs\":[\"https:\/\/www.facebook.com\/ColtTechnologyServices\/\",\"https:\/\/x.com\/colt_technology\",\"https:\/\/www.instagram.com\/colttechnologyservices\/\",\"https:\/\/www.linkedin.com\/company\/colt-technology-services\",\"https:\/\/www.youtube.com\/user\/ColtTechnology\"]}]}<\/script>\n<!-- \/ Yoast SEO plugin. -->","yoast_head_json":{"title":"Gary Carr - Colt Technology Services","description":"Garry Carr est nomm\u00e9 Chief Financial Officer (CFO) par int\u00e9rim en juillet 2019. Anciennement CFO adjoint et contr\u00f4leur financier au sein de Colt...","robots":{"index":"noindex","follow":"follow","max-snippet":"max-snippet:-1","max-image-preview":"max-image-preview:large","max-video-preview":"max-video-preview:-1"},"og_locale":"fr_FR","og_type":"article","og_title":"Gary Carr - Colt Technology Services","og_description":"Garry Carr est nomm\u00e9 Chief Financial Officer (CFO) par int\u00e9rim en juillet 2019. Anciennement CFO adjoint et contr\u00f4leur financier au sein de Colt...","og_url":"https:\/\/legacy.colt.net\/fr\/about\/leadership\/gary-carr\/","og_site_name":"Colt Technology Services","article_publisher":"https:\/\/www.facebook.com\/ColtTechnologyServices\/","article_modified_time":"2020-09-08T09:58:23+00:00","og_image":[{"url":"https:\/\/legacy.colt.net\/wp-content\/uploads\/2019\/08\/Gary-Carr.png","width":1,"height":1,"type":"image\/png"}],"twitter_card":"summary_large_image","twitter_image":"https:\/\/legacy.colt.net\/wp-content\/uploads\/2019\/08\/Gary-Carr.png","twitter_site":"@colt_technology","twitter_misc":{"Est. reading time":"1 minute"},"schema":{"@context":"https:\/\/schema.org","@graph":[{"@type":"WebPage","@id":"https:\/\/legacy.colt.net\/fr\/about\/leadership\/gary-carr\/","url":"https:\/\/legacy.colt.net\/fr\/about\/leadership\/gary-carr\/","name":"Gary Carr - Colt Technology Services","isPartOf":{"@id":"https:\/\/legacy.colt.net\/#website"},"primaryImageOfPage":{"@id":"https:\/\/legacy.colt.net\/fr\/about\/leadership\/gary-carr\/#primaryimage"},"image":{"@id":"https:\/\/legacy.colt.net\/fr\/about\/leadership\/gary-carr\/#primaryimage"},"thumbnailUrl":"https:\/\/legacy.colt.net\/wp-content\/uploads\/2019\/08\/Gary-Carr.png","datePublished":"2017-04-07T09:11:05+00:00","dateModified":"2020-09-08T09:58:23+00:00","description":"Garry Carr est nomm\u00e9 Chief Financial Officer (CFO) par int\u00e9rim en juillet 2019. Anciennement CFO adjoint et contr\u00f4leur financier au sein de Colt...","breadcrumb":{"@id":"https:\/\/legacy.colt.net\/fr\/about\/leadership\/gary-carr\/#breadcrumb"},"inLanguage":"fr-FR","potentialAction":[{"@type":"ReadAction","target":["https:\/\/legacy.colt.net\/fr\/about\/leadership\/gary-carr\/"]}]},{"@type":"ImageObject","inLanguage":"fr-FR","@id":"https:\/\/legacy.colt.net\/fr\/about\/leadership\/gary-carr\/#primaryimage","url":"https:\/\/legacy.colt.net\/wp-content\/uploads\/2019\/08\/Gary-Carr.png","contentUrl":"https:\/\/legacy.colt.net\/wp-content\/uploads\/2019\/08\/Gary-Carr.png"},{"@type":"BreadcrumbList","@id":"https:\/\/legacy.colt.net\/fr\/about\/leadership\/gary-carr\/#breadcrumb","itemListElement":[{"@type":"ListItem","position":1,"name":"Home","item":"https:\/\/legacy.colt.net\/fr\/"},{"@type":"ListItem","position":2,"name":"A propos de colt","item":"https:\/\/legacy.colt.net\/fr\/about\/"},{"@type":"ListItem","position":3,"name":"Comit\u00e9 Ex\u00e9cutif","item":"https:\/\/legacy.colt.net\/fr\/about\/leadership\/"},{"@type":"ListItem","position":4,"name":"Gary Carr"}]},{"@type":"WebSite","@id":"https:\/\/legacy.colt.net\/#website","url":"https:\/\/legacy.colt.net\/","name":"Colt\u30c6\u30af\u30ce\u30ed\u30b8\u30fc\u30b5\u30fc\u30d3\u30b9\u682a\u5f0f\u4f1a\u793e","description":"Managed Network &amp; Voice Services Provider","publisher":{"@id":"https:\/\/legacy.colt.net\/#organization"},"potentialAction":[{"@type":"SearchAction","target":{"@type":"EntryPoint","urlTemplate":"https:\/\/legacy.colt.net\/?s={search_term_string}"},"query-input":{"@type":"PropertyValueSpecification","valueRequired":true,"valueName":"search_term_string"}}],"inLanguage":"fr-FR"},{"@type":"Organization","@id":"https:\/\/legacy.colt.net\/#organization","name":"Colt Technology Services","url":"https:\/\/legacy.colt.net\/","logo":{"@type":"ImageObject","inLanguage":"fr-FR","@id":"https:\/\/legacy.colt.net\/#\/schema\/logo\/image\/","url":"https:\/\/legacy.colt.net\/wp-content\/uploads\/2019\/02\/Colt-Logo.png","contentUrl":"https:\/\/legacy.colt.net\/wp-content\/uploads\/2019\/02\/Colt-Logo.png","width":195,"height":77,"caption":"Colt Technology Services"},"image":{"@id":"https:\/\/legacy.colt.net\/#\/schema\/logo\/image\/"},"sameAs":["https:\/\/www.facebook.com\/ColtTechnologyServices\/","https:\/\/x.com\/colt_technology","https:\/\/www.instagram.com\/colttechnologyservices\/","https:\/\/www.linkedin.com\/company\/colt-technology-services","https:\/\/www.youtube.com\/user\/ColtTechnology"]}]}},"_links":{"self":[{"href":"https:\/\/legacy.colt.net\/fr\/wp-json\/wp\/v2\/pages\/48416","targetHints":{"allow":["GET"]}}],"collection":[{"href":"https:\/\/legacy.colt.net\/fr\/wp-json\/wp\/v2\/pages"}],"about":[{"href":"https:\/\/legacy.colt.net\/fr\/wp-json\/wp\/v2\/types\/page"}],"author":[{"embeddable":true,"href":"https:\/\/legacy.colt.net\/fr\/wp-json\/wp\/v2\/users\/2"}],"replies":[{"embeddable":true,"href":"https:\/\/legacy.colt.net\/fr\/wp-json\/wp\/v2\/comments?post=48416"}],"version-history":[{"count":0,"href":"https:\/\/legacy.colt.net\/fr\/wp-json\/wp\/v2\/pages\/48416\/revisions"}],"up":[{"embeddable":true,"href":"https:\/\/legacy.colt.net\/fr\/wp-json\/wp\/v2\/pages\/34336"}],"wp:featuredmedia":[{"embeddable":true,"href":"https:\/\/legacy.colt.net\/fr\/wp-json\/wp\/v2\/media\/61112"}],"wp:attachment":[{"href":"https:\/\/legacy.colt.net\/fr\/wp-json\/wp\/v2\/media?parent=48416"}],"wp:term":[{"taxonomy":"colt_type","embeddable":true,"href":"https:\/\/legacy.colt.net\/fr\/wp-json\/wp\/v2\/colt_type?post=48416"},{"taxonomy":"colt_products","embeddable":true,"href":"https:\/\/legacy.colt.net\/fr\/wp-json\/wp\/v2\/colt_products?post=48416"}],"curies":[{"name":"wp","href":"https:\/\/api.w.org\/{rel}","templated":true}]}}