{"id":37934,"date":"2018-11-14T09:11:52","date_gmt":"2018-11-14T09:11:52","guid":{"rendered":"https:\/\/www.colt.net\/product\/wireless-backhaul\/"},"modified":"2019-04-04T06:42:15","modified_gmt":"2019-04-04T05:42:15","slug":"wireless-backhaul","status":"publish","type":"page","link":"https:\/\/legacy.colt.net\/fr\/product\/wireless-backhaul\/","title":{"rendered":"Wireless Backhaul Solutions"},"content":{"rendered":"<p><iframe loading=\"lazy\" src=\"https:\/\/www.youtube.com\/embed\/8yqPaNPwHkk\" width=\"844\" height=\"475\" frameborder=\"0\" allowfullscreen=\"allowfullscreen\"><span data-mce-type=\"bookmark\" style=\"display: inline-block; width: 0px; overflow: hidden; line-height: 0;\" class=\"mce_SELRES_start\">\ufeff<\/span><span data-mce-type=\"bookmark\" style=\"display: inline-block; width: 0px; overflow: hidden; line-height: 0;\" class=\"mce_SELRES_start\">\ufeff<\/span><span data-mce-type=\"bookmark\" style=\"display: inline-block; width: 0px; overflow: hidden; line-height: 0;\" class=\"mce_SELRES_start\">\ufeff<\/span><span data-mce-type=\"bookmark\" style=\"display: inline-block; width: 0px; overflow: hidden; line-height: 0;\" class=\"mce_SELRES_start\">\ufeff<\/span><\/iframe><\/p>\n<p class=\"intro\">Fort de son r\u00e9seau fibre exploit\u00e9 en propre, Colt fournit aux diff\u00e9rents types d\u2019op\u00e9rateurs mobiles toute une gamme de solutions\u00a0: des hot spots (WiFi\/ 4G\/ 4G+) dans des sites publics ou des\u00a0b\u00e2timents \u00e0 des solutions 5G complexes. Si vous devez offrir des services wifi optimis\u00e9s et\u00a0flexibles, la\u00a0solution Colt Wireless Backhaul est faite pour vous.<\/p>\n<p>Une ville est une entit\u00e9 vivante dans laquelle il n\u2019est pas toujours possible de pr\u00e9voir le trafic r\u00e9seau mobile. C\u2019est pourquoi nous faisons appel \u00e0 notre technologie de r\u00e9seau d\u00e9fini par logiciel (SDN) pour\u00a0vous apporter de la flexibilit\u00e9 et de l\u2019agilit\u00e9 en mati\u00e8re de connectivit\u00e9. La capacit\u00e9 SDN de Colt permet un routage dynamique du trafic, des d\u00e9bits plus \u00e9lev\u00e9s et une latence r\u00e9duite. A cela s\u2019ajoute une activation ultrarapide du r\u00e9seau, facilitant l\u2019extension rapide des Smart Cities vers de nouveaux quartiers et l\u2019ajout de capacit\u00e9.<\/p>\n<p>Colt, en collaboration avec vous, \u00e9tablit la solution la plus adapt\u00e9e. Nous pouvons vous aider \u00e0\u00a0d\u00e9velopper votre capacit\u00e9 avec la 5G, qui promet un \u00e9ventail d\u2019avantages sans pr\u00e9c\u00e9dent\u00a0: des\u00a0applications de t\u00e9l\u00e9sant\u00e9 \u00e0 des villes intelligentes offrant des services publics int\u00e9gr\u00e9s.<\/p>\n<p>Offre pour r\u00e9pondre \u00e0 divers besoins<\/p>\n<p>Colt peut vous proposer\u00a0:<\/p>\n<ul>\n<li><a href=\"https:\/\/legacy.colt.net\/fr\/product\/dark-fibre\/\">de la fibre noire personnalis\u00e9e<\/a>,<\/li>\n<li><a href=\"https:\/\/legacy.colt.net\/fr\/product\/wave\/\">des services Wave<\/a>,<\/li>\n<li><a href=\"https:\/\/legacy.colt.net\/fr\/product\/on-demand\/\">des services On\u00a0Demand<\/a>.<\/li>\n<\/ul>\n<p>Retrouvez\u00a0<a href=\"https:\/\/www.youtube.com\/watch?v=WAVF7UCi-Zk\">ici<\/a>\u00a0un t\u00e9moignage client illustrant parfaitement nos r\u00e9alisations.<\/p>\n","protected":false},"excerpt":{"rendered":"<p>\ufeff\ufeff\ufeff\ufeff Fort de son r\u00e9seau fibre exploit\u00e9 en propre, Colt fournit aux diff\u00e9rents types d\u2019op\u00e9rateurs mobiles toute une gamme de solutions\u00a0: des hot spots (WiFi\/ 4G\/ 4G+) dans des sites publics ou des\u00a0b\u00e2timents \u00e0 des solutions 5G complexes. Si vous devez offrir des services wifi optimis\u00e9s et\u00a0flexibles, la\u00a0solution Colt Wireless Backhaul est faite pour vous.<\/p>\n","protected":false},"author":143,"featured_media":0,"parent":35895,"menu_order":0,"comment_status":"closed","ping_status":"closed","template":"","meta":{"_acf_changed":false,"footnotes":""},"colt_type":[],"colt_products":[],"class_list":["post-37934","page","type-page","status-publish","hentry"],"acf":[],"yoast_head":"<!-- This site is optimized with the Yoast SEO plugin v26.8 - https:\/\/yoast.com\/product\/yoast-seo-wordpress\/ -->\n<title>Wireless Backhaul Solutions - Colt Technology Services - FR<\/title>\n<meta name=\"description\" content=\"Colt fournit aux diff\u00e9rents types d\u2019op\u00e9rateurs mobiles toute une gamme de solutions : des hot spots (WiFi\/ 4G\/ 4G+)\" \/>\n<meta name=\"robots\" content=\"noindex, follow, max-snippet:-1, max-image-preview:large, max-video-preview:-1\" \/>\n<meta property=\"og:locale\" content=\"fr_FR\" \/>\n<meta property=\"og:type\" content=\"article\" \/>\n<meta property=\"og:title\" content=\"Wireless Backhaul Solutions - Colt Technology Services - FR\" \/>\n<meta property=\"og:description\" content=\"Colt fournit aux diff\u00e9rents types d\u2019op\u00e9rateurs mobiles toute une gamme de solutions : des hot spots (WiFi\/ 4G\/ 4G+)\" \/>\n<meta property=\"og:url\" content=\"https:\/\/legacy.colt.net\/fr\/product\/wireless-backhaul\/\" \/>\n<meta property=\"og:site_name\" content=\"Colt Technology Services\" \/>\n<meta property=\"article:publisher\" content=\"https:\/\/www.facebook.com\/ColtTechnologyServices\/\" \/>\n<meta property=\"article:modified_time\" content=\"2019-04-04T05:42:15+00:00\" \/>\n<meta property=\"og:image\" content=\"https:\/\/legacy.colt.net\/wp-content\/uploads\/2021\/01\/Brand-2021-Stock-21.jpg\" \/>\n\t<meta property=\"og:image:width\" content=\"1000\" \/>\n\t<meta property=\"og:image:height\" content=\"661\" \/>\n\t<meta property=\"og:image:type\" content=\"image\/jpeg\" \/>\n<meta name=\"twitter:card\" content=\"summary_large_image\" \/>\n<meta name=\"twitter:site\" content=\"@colt_technology\" \/>\n<meta name=\"twitter:label1\" content=\"Est. reading time\" \/>\n\t<meta name=\"twitter:data1\" content=\"1 minute\" \/>\n<script type=\"application\/ld+json\" class=\"yoast-schema-graph\">{\"@context\":\"https:\/\/schema.org\",\"@graph\":[{\"@type\":\"WebPage\",\"@id\":\"https:\/\/legacy.colt.net\/fr\/product\/wireless-backhaul\/\",\"url\":\"https:\/\/legacy.colt.net\/fr\/product\/wireless-backhaul\/\",\"name\":\"Wireless Backhaul Solutions - Colt Technology Services - FR\",\"isPartOf\":{\"@id\":\"https:\/\/legacy.colt.net\/#website\"},\"datePublished\":\"2018-11-14T09:11:52+00:00\",\"dateModified\":\"2019-04-04T05:42:15+00:00\",\"description\":\"Colt fournit aux diff\u00e9rents types d\u2019op\u00e9rateurs mobiles toute une gamme de solutions : des hot spots (WiFi\/ 4G\/ 4G+)\",\"breadcrumb\":{\"@id\":\"https:\/\/legacy.colt.net\/fr\/product\/wireless-backhaul\/#breadcrumb\"},\"inLanguage\":\"fr-FR\",\"potentialAction\":[{\"@type\":\"ReadAction\",\"target\":[\"https:\/\/legacy.colt.net\/fr\/product\/wireless-backhaul\/\"]}]},{\"@type\":\"BreadcrumbList\",\"@id\":\"https:\/\/legacy.colt.net\/fr\/product\/wireless-backhaul\/#breadcrumb\",\"itemListElement\":[{\"@type\":\"ListItem\",\"position\":1,\"name\":\"Home\",\"item\":\"https:\/\/legacy.colt.net\/fr\/\"},{\"@type\":\"ListItem\",\"position\":2,\"name\":\"Produits &#038; Services r\u00e9seaux\",\"item\":\"https:\/\/legacy.colt.net\/fr\/product\/\"},{\"@type\":\"ListItem\",\"position\":3,\"name\":\"Wireless Backhaul Solutions\"}]},{\"@type\":\"WebSite\",\"@id\":\"https:\/\/legacy.colt.net\/#website\",\"url\":\"https:\/\/legacy.colt.net\/\",\"name\":\"Colt\u30c6\u30af\u30ce\u30ed\u30b8\u30fc\u30b5\u30fc\u30d3\u30b9\u682a\u5f0f\u4f1a\u793e\",\"description\":\"Managed Network &amp; Voice Services Provider\",\"publisher\":{\"@id\":\"https:\/\/legacy.colt.net\/#organization\"},\"potentialAction\":[{\"@type\":\"SearchAction\",\"target\":{\"@type\":\"EntryPoint\",\"urlTemplate\":\"https:\/\/legacy.colt.net\/?s={search_term_string}\"},\"query-input\":{\"@type\":\"PropertyValueSpecification\",\"valueRequired\":true,\"valueName\":\"search_term_string\"}}],\"inLanguage\":\"fr-FR\"},{\"@type\":\"Organization\",\"@id\":\"https:\/\/legacy.colt.net\/#organization\",\"name\":\"Colt Technology Services\",\"url\":\"https:\/\/legacy.colt.net\/\",\"logo\":{\"@type\":\"ImageObject\",\"inLanguage\":\"fr-FR\",\"@id\":\"https:\/\/legacy.colt.net\/#\/schema\/logo\/image\/\",\"url\":\"https:\/\/legacy.colt.net\/wp-content\/uploads\/2019\/02\/Colt-Logo.png\",\"contentUrl\":\"https:\/\/legacy.colt.net\/wp-content\/uploads\/2019\/02\/Colt-Logo.png\",\"width\":195,\"height\":77,\"caption\":\"Colt Technology Services\"},\"image\":{\"@id\":\"https:\/\/legacy.colt.net\/#\/schema\/logo\/image\/\"},\"sameAs\":[\"https:\/\/www.facebook.com\/ColtTechnologyServices\/\",\"https:\/\/x.com\/colt_technology\",\"https:\/\/www.instagram.com\/colttechnologyservices\/\",\"https:\/\/www.linkedin.com\/company\/colt-technology-services\",\"https:\/\/www.youtube.com\/user\/ColtTechnology\"]}]}<\/script>\n<!-- \/ Yoast SEO plugin. -->","yoast_head_json":{"title":"Wireless Backhaul Solutions - Colt Technology Services - FR","description":"Colt fournit aux diff\u00e9rents types d\u2019op\u00e9rateurs mobiles toute une gamme de solutions : des hot spots (WiFi\/ 4G\/ 4G+)","robots":{"index":"noindex","follow":"follow","max-snippet":"max-snippet:-1","max-image-preview":"max-image-preview:large","max-video-preview":"max-video-preview:-1"},"og_locale":"fr_FR","og_type":"article","og_title":"Wireless Backhaul Solutions - Colt Technology Services - FR","og_description":"Colt fournit aux diff\u00e9rents types d\u2019op\u00e9rateurs mobiles toute une gamme de solutions : des hot spots (WiFi\/ 4G\/ 4G+)","og_url":"https:\/\/legacy.colt.net\/fr\/product\/wireless-backhaul\/","og_site_name":"Colt Technology Services","article_publisher":"https:\/\/www.facebook.com\/ColtTechnologyServices\/","article_modified_time":"2019-04-04T05:42:15+00:00","og_image":[{"width":1000,"height":661,"url":"https:\/\/legacy.colt.net\/wp-content\/uploads\/2021\/01\/Brand-2021-Stock-21.jpg","type":"image\/jpeg"}],"twitter_card":"summary_large_image","twitter_site":"@colt_technology","twitter_misc":{"Est. reading time":"1 minute"},"schema":{"@context":"https:\/\/schema.org","@graph":[{"@type":"WebPage","@id":"https:\/\/legacy.colt.net\/fr\/product\/wireless-backhaul\/","url":"https:\/\/legacy.colt.net\/fr\/product\/wireless-backhaul\/","name":"Wireless Backhaul Solutions - Colt Technology Services - FR","isPartOf":{"@id":"https:\/\/legacy.colt.net\/#website"},"datePublished":"2018-11-14T09:11:52+00:00","dateModified":"2019-04-04T05:42:15+00:00","description":"Colt fournit aux diff\u00e9rents types d\u2019op\u00e9rateurs mobiles toute une gamme de solutions : des hot spots (WiFi\/ 4G\/ 4G+)","breadcrumb":{"@id":"https:\/\/legacy.colt.net\/fr\/product\/wireless-backhaul\/#breadcrumb"},"inLanguage":"fr-FR","potentialAction":[{"@type":"ReadAction","target":["https:\/\/legacy.colt.net\/fr\/product\/wireless-backhaul\/"]}]},{"@type":"BreadcrumbList","@id":"https:\/\/legacy.colt.net\/fr\/product\/wireless-backhaul\/#breadcrumb","itemListElement":[{"@type":"ListItem","position":1,"name":"Home","item":"https:\/\/legacy.colt.net\/fr\/"},{"@type":"ListItem","position":2,"name":"Produits &#038; Services r\u00e9seaux","item":"https:\/\/legacy.colt.net\/fr\/product\/"},{"@type":"ListItem","position":3,"name":"Wireless Backhaul Solutions"}]},{"@type":"WebSite","@id":"https:\/\/legacy.colt.net\/#website","url":"https:\/\/legacy.colt.net\/","name":"Colt\u30c6\u30af\u30ce\u30ed\u30b8\u30fc\u30b5\u30fc\u30d3\u30b9\u682a\u5f0f\u4f1a\u793e","description":"Managed Network &amp; Voice Services Provider","publisher":{"@id":"https:\/\/legacy.colt.net\/#organization"},"potentialAction":[{"@type":"SearchAction","target":{"@type":"EntryPoint","urlTemplate":"https:\/\/legacy.colt.net\/?s={search_term_string}"},"query-input":{"@type":"PropertyValueSpecification","valueRequired":true,"valueName":"search_term_string"}}],"inLanguage":"fr-FR"},{"@type":"Organization","@id":"https:\/\/legacy.colt.net\/#organization","name":"Colt Technology Services","url":"https:\/\/legacy.colt.net\/","logo":{"@type":"ImageObject","inLanguage":"fr-FR","@id":"https:\/\/legacy.colt.net\/#\/schema\/logo\/image\/","url":"https:\/\/legacy.colt.net\/wp-content\/uploads\/2019\/02\/Colt-Logo.png","contentUrl":"https:\/\/legacy.colt.net\/wp-content\/uploads\/2019\/02\/Colt-Logo.png","width":195,"height":77,"caption":"Colt Technology Services"},"image":{"@id":"https:\/\/legacy.colt.net\/#\/schema\/logo\/image\/"},"sameAs":["https:\/\/www.facebook.com\/ColtTechnologyServices\/","https:\/\/x.com\/colt_technology","https:\/\/www.instagram.com\/colttechnologyservices\/","https:\/\/www.linkedin.com\/company\/colt-technology-services","https:\/\/www.youtube.com\/user\/ColtTechnology"]}]}},"_links":{"self":[{"href":"https:\/\/legacy.colt.net\/fr\/wp-json\/wp\/v2\/pages\/37934","targetHints":{"allow":["GET"]}}],"collection":[{"href":"https:\/\/legacy.colt.net\/fr\/wp-json\/wp\/v2\/pages"}],"about":[{"href":"https:\/\/legacy.colt.net\/fr\/wp-json\/wp\/v2\/types\/page"}],"author":[{"embeddable":true,"href":"https:\/\/legacy.colt.net\/fr\/wp-json\/wp\/v2\/users\/143"}],"replies":[{"embeddable":true,"href":"https:\/\/legacy.colt.net\/fr\/wp-json\/wp\/v2\/comments?post=37934"}],"version-history":[{"count":0,"href":"https:\/\/legacy.colt.net\/fr\/wp-json\/wp\/v2\/pages\/37934\/revisions"}],"up":[{"embeddable":true,"href":"https:\/\/legacy.colt.net\/fr\/wp-json\/wp\/v2\/pages\/35895"}],"wp:attachment":[{"href":"https:\/\/legacy.colt.net\/fr\/wp-json\/wp\/v2\/media?parent=37934"}],"wp:term":[{"taxonomy":"colt_type","embeddable":true,"href":"https:\/\/legacy.colt.net\/fr\/wp-json\/wp\/v2\/colt_type?post=37934"},{"taxonomy":"colt_products","embeddable":true,"href":"https:\/\/legacy.colt.net\/fr\/wp-json\/wp\/v2\/colt_products?post=37934"}],"curies":[{"name":"wp","href":"https:\/\/api.w.org\/{rel}","templated":true}]}}