{"id":37932,"date":"2018-11-12T16:41:05","date_gmt":"2018-11-12T16:41:05","guid":{"rendered":"https:\/\/www.colt.net\/product\/voice-on-demand\/"},"modified":"2020-01-10T16:33:01","modified_gmt":"2020-01-10T16:33:01","slug":"voice-on-demand","status":"publish","type":"page","link":"https:\/\/legacy.colt.net\/fr\/product\/voice-on-demand\/","title":{"rendered":"Voice on Demand"},"content":{"rendered":"<p><iframe loading=\"lazy\" src=\"https:\/\/www.youtube.com\/embed\/2YAm2m432qY\" width=\"844\" height=\"475\" frameborder=\"0\" allowfullscreen=\"allowfullscreen\"><span data-mce-type=\"bookmark\" style=\"display: inline-block; width: 0px; overflow: hidden; line-height: 0;\" class=\"mce_SELRES_start\">\ufeff<\/span><span data-mce-type=\"bookmark\" style=\"display: inline-block; width: 0px; overflow: hidden; line-height: 0;\" class=\"mce_SELRES_start\">\ufeff<\/span><span data-mce-type=\"bookmark\" style=\"display: inline-block; width: 0px; overflow: hidden; line-height: 0;\" class=\"mce_SELRES_start\">\ufeff<\/span><span data-mce-type=\"bookmark\" style=\"display: inline-block; width: 0px; overflow: hidden; line-height: 0;\" class=\"mce_SELRES_start\">\ufeff<\/span><\/iframe><\/p>\n<p class=\"intro\">G\u00e9rer tous vos num\u00e9ros d\u2019acc\u00e8s \u00e0 des services via un seul portail centralis\u00e9 de la commande \u00e0 la r\u00e9siliation.<\/p>\n<p>Le portail Colt Voice On Demand facilite grandement la s\u00e9lection du pays, du type de num\u00e9ro, de la plage de num\u00e9ros et de la quantit\u00e9 \u00e0 commander, gr\u00e2ce \u00e0 des filtres intuitifs. Le processus de commande est enti\u00e8rement d\u00e9mat\u00e9rialis\u00e9.<\/p>\n<ul>\n<li>Rapidit\u00e9 de mise sur le march\u00e9 des num\u00e9ros d\u2019acc\u00e8s command\u00e9s en quelques clics<\/li>\n<li>Facilit\u00e9 d\u2019extension \u00e0 de nouveaux pays gr\u00e2ce \u00e0 un interlocuteur unique pour la conformit\u00e9 r\u00e9glementaire des services voix dans 28 pays sur 4 continents<\/li>\n<li>Gestion simplifi\u00e9e de tous vos num\u00e9ros et services \u00e0 valeur ajout\u00e9e dans tous les pays via un seul compte centralis\u00e9<\/li>\n<li>R\u00e9duction des co\u00fbts d\u2019administration en raison de la d\u00e9mat\u00e9rialisation des op\u00e9rations de commande, de portage et de r\u00e9siliation<\/li>\n<\/ul>\n<h3>Lancement de nouvelles campagnes<\/h3>\n<p>La commande en ligne de nouveaux num\u00e9ros d\u2019acc\u00e8s \u00e0 des services, disponibles en quasi temps r\u00e9el, vous permet de lancer de nouvelles campagnes le moment venu, sans avoir besoin de les planifier \u00e0 l\u2019avance.<\/p>\n<h3>Ouverture de filiales dans de nouveaux pays<\/h3>\n<p>Il suffit d\u2019entrer un nouvel indicatif en quelques clics sur le portail Colt Voice On Demand pour obtenir toutes les informations de conformit\u00e9 r\u00e9glementaire \u00e0 son sujet.<\/p>\n<h3>Revente de services voix<\/h3>\n<p>Soyez r\u00e9actif dans le pilotage de votre activit\u00e9 gr\u00e2ce au suivi facilit\u00e9 des centaines voire milliers de num\u00e9ros fournis \u00e0 vos clients, avec la possibilit\u00e9 d\u2019en commander davantage ou de les r\u00e9silier.<\/p>\n<h3>Ma\u00eetrise, flexibilit\u00e9 et expertise locale<\/h3>\n<p>D\u00e9ployez de nouveau num\u00e9ros en quelques clics et laissez vous guider \u00e0 l\u2019aide de nos tutoriels en ligne.<\/p>\n<p>Gr\u00e2ce aux services On Demand, vous pouvez r\u00e9pondre \u00e0 toute demande impr\u00e9vue. Comptez sur un fournisseur offrant des acc\u00e8s r\u00e9seau de 100g et plus sur la base d\u2019un mod\u00e8le \u201cPay as you go\u201d.<\/p>\n<p>Dans un souci de conformit\u00e9 aux reglementations locales, vous devez collaborer avec un prestataire conforme aux normes relatives aux appels entrants et sortants dans 28 pays sur 4 continents, tous \u201cg\u00e9r\u00e9s\u201d depuis un seul compte d\u2019acc\u00e8s.<\/p>\n","protected":false},"excerpt":{"rendered":"<p>\ufeff\ufeff\ufeff\ufeff G\u00e9rer tous vos num\u00e9ros d\u2019acc\u00e8s \u00e0 des services via un seul portail centralis\u00e9 de la commande \u00e0 la r\u00e9siliation. Le portail Colt Voice On Demand facilite grandement la s\u00e9lection du pays, du type de num\u00e9ro, de la plage de num\u00e9ros et de la quantit\u00e9 \u00e0 commander, gr\u00e2ce \u00e0 des filtres intuitifs. Le processus de&#8230;<\/p>\n","protected":false},"author":143,"featured_media":0,"parent":35895,"menu_order":0,"comment_status":"closed","ping_status":"closed","template":"","meta":{"_acf_changed":false,"footnotes":""},"colt_type":[],"colt_products":[1492,1499],"class_list":["post-37932","page","type-page","status-publish","hentry","colt_products-voice","colt_products-on-demand"],"acf":[],"yoast_head":"<!-- This site is optimized with the Yoast SEO plugin v26.8 - https:\/\/yoast.com\/product\/yoast-seo-wordpress\/ -->\n<title>Voice on Demand - Colt Technology Services - FR<\/title>\n<meta name=\"description\" content=\"G\u00e9rer tous vos num\u00e9ros d\u2019acc\u00e8s \u00e0 des services via un seul portail centralis\u00e9 de la commande \u00e0 la r\u00e9siliation\" \/>\n<meta name=\"robots\" content=\"noindex, follow, max-snippet:-1, max-image-preview:large, max-video-preview:-1\" \/>\n<meta property=\"og:locale\" content=\"fr_FR\" \/>\n<meta property=\"og:type\" content=\"article\" \/>\n<meta property=\"og:title\" content=\"Voice on Demand - Colt Technology Services - FR\" \/>\n<meta property=\"og:description\" content=\"G\u00e9rer tous vos num\u00e9ros d\u2019acc\u00e8s \u00e0 des services via un seul portail centralis\u00e9 de la commande \u00e0 la r\u00e9siliation\" \/>\n<meta property=\"og:url\" content=\"https:\/\/legacy.colt.net\/fr\/product\/voice-on-demand\/\" \/>\n<meta property=\"og:site_name\" content=\"Colt Technology Services\" \/>\n<meta property=\"article:publisher\" content=\"https:\/\/www.facebook.com\/ColtTechnologyServices\/\" \/>\n<meta property=\"article:modified_time\" content=\"2020-01-10T16:33:01+00:00\" \/>\n<meta property=\"og:image\" content=\"https:\/\/legacy.colt.net\/wp-content\/uploads\/2021\/01\/Brand-2021-Stock-42.jpg\" \/>\n\t<meta property=\"og:image:width\" content=\"1000\" \/>\n\t<meta property=\"og:image:height\" content=\"667\" \/>\n\t<meta property=\"og:image:type\" content=\"image\/jpeg\" \/>\n<meta name=\"twitter:card\" content=\"summary_large_image\" \/>\n<meta name=\"twitter:site\" content=\"@colt_technology\" \/>\n<meta name=\"twitter:label1\" content=\"Est. reading time\" \/>\n\t<meta name=\"twitter:data1\" content=\"2 minutes\" \/>\n<script type=\"application\/ld+json\" class=\"yoast-schema-graph\">{\"@context\":\"https:\/\/schema.org\",\"@graph\":[{\"@type\":\"WebPage\",\"@id\":\"https:\/\/legacy.colt.net\/fr\/product\/voice-on-demand\/\",\"url\":\"https:\/\/legacy.colt.net\/fr\/product\/voice-on-demand\/\",\"name\":\"Voice on Demand - Colt Technology Services - FR\",\"isPartOf\":{\"@id\":\"https:\/\/legacy.colt.net\/#website\"},\"datePublished\":\"2018-11-12T16:41:05+00:00\",\"dateModified\":\"2020-01-10T16:33:01+00:00\",\"description\":\"G\u00e9rer tous vos num\u00e9ros d\u2019acc\u00e8s \u00e0 des services via un seul portail centralis\u00e9 de la commande \u00e0 la r\u00e9siliation\",\"breadcrumb\":{\"@id\":\"https:\/\/legacy.colt.net\/fr\/product\/voice-on-demand\/#breadcrumb\"},\"inLanguage\":\"fr-FR\",\"potentialAction\":[{\"@type\":\"ReadAction\",\"target\":[\"https:\/\/legacy.colt.net\/fr\/product\/voice-on-demand\/\"]}]},{\"@type\":\"BreadcrumbList\",\"@id\":\"https:\/\/legacy.colt.net\/fr\/product\/voice-on-demand\/#breadcrumb\",\"itemListElement\":[{\"@type\":\"ListItem\",\"position\":1,\"name\":\"Home\",\"item\":\"https:\/\/legacy.colt.net\/fr\/\"},{\"@type\":\"ListItem\",\"position\":2,\"name\":\"Produits &#038; Services r\u00e9seaux\",\"item\":\"https:\/\/legacy.colt.net\/fr\/product\/\"},{\"@type\":\"ListItem\",\"position\":3,\"name\":\"Voice on Demand\"}]},{\"@type\":\"WebSite\",\"@id\":\"https:\/\/legacy.colt.net\/#website\",\"url\":\"https:\/\/legacy.colt.net\/\",\"name\":\"Colt\u30c6\u30af\u30ce\u30ed\u30b8\u30fc\u30b5\u30fc\u30d3\u30b9\u682a\u5f0f\u4f1a\u793e\",\"description\":\"Managed Network &amp; Voice Services Provider\",\"publisher\":{\"@id\":\"https:\/\/legacy.colt.net\/#organization\"},\"potentialAction\":[{\"@type\":\"SearchAction\",\"target\":{\"@type\":\"EntryPoint\",\"urlTemplate\":\"https:\/\/legacy.colt.net\/?s={search_term_string}\"},\"query-input\":{\"@type\":\"PropertyValueSpecification\",\"valueRequired\":true,\"valueName\":\"search_term_string\"}}],\"inLanguage\":\"fr-FR\"},{\"@type\":\"Organization\",\"@id\":\"https:\/\/legacy.colt.net\/#organization\",\"name\":\"Colt Technology Services\",\"url\":\"https:\/\/legacy.colt.net\/\",\"logo\":{\"@type\":\"ImageObject\",\"inLanguage\":\"fr-FR\",\"@id\":\"https:\/\/legacy.colt.net\/#\/schema\/logo\/image\/\",\"url\":\"https:\/\/legacy.colt.net\/wp-content\/uploads\/2019\/02\/Colt-Logo.png\",\"contentUrl\":\"https:\/\/legacy.colt.net\/wp-content\/uploads\/2019\/02\/Colt-Logo.png\",\"width\":195,\"height\":77,\"caption\":\"Colt Technology Services\"},\"image\":{\"@id\":\"https:\/\/legacy.colt.net\/#\/schema\/logo\/image\/\"},\"sameAs\":[\"https:\/\/www.facebook.com\/ColtTechnologyServices\/\",\"https:\/\/x.com\/colt_technology\",\"https:\/\/www.instagram.com\/colttechnologyservices\/\",\"https:\/\/www.linkedin.com\/company\/colt-technology-services\",\"https:\/\/www.youtube.com\/user\/ColtTechnology\"]}]}<\/script>\n<!-- \/ Yoast SEO plugin. -->","yoast_head_json":{"title":"Voice on Demand - Colt Technology Services - FR","description":"G\u00e9rer tous vos num\u00e9ros d\u2019acc\u00e8s \u00e0 des services via un seul portail centralis\u00e9 de la commande \u00e0 la r\u00e9siliation","robots":{"index":"noindex","follow":"follow","max-snippet":"max-snippet:-1","max-image-preview":"max-image-preview:large","max-video-preview":"max-video-preview:-1"},"og_locale":"fr_FR","og_type":"article","og_title":"Voice on Demand - Colt Technology Services - FR","og_description":"G\u00e9rer tous vos num\u00e9ros d\u2019acc\u00e8s \u00e0 des services via un seul portail centralis\u00e9 de la commande \u00e0 la r\u00e9siliation","og_url":"https:\/\/legacy.colt.net\/fr\/product\/voice-on-demand\/","og_site_name":"Colt Technology Services","article_publisher":"https:\/\/www.facebook.com\/ColtTechnologyServices\/","article_modified_time":"2020-01-10T16:33:01+00:00","og_image":[{"width":1000,"height":667,"url":"https:\/\/legacy.colt.net\/wp-content\/uploads\/2021\/01\/Brand-2021-Stock-42.jpg","type":"image\/jpeg"}],"twitter_card":"summary_large_image","twitter_site":"@colt_technology","twitter_misc":{"Est. reading time":"2 minutes"},"schema":{"@context":"https:\/\/schema.org","@graph":[{"@type":"WebPage","@id":"https:\/\/legacy.colt.net\/fr\/product\/voice-on-demand\/","url":"https:\/\/legacy.colt.net\/fr\/product\/voice-on-demand\/","name":"Voice on Demand - Colt Technology Services - FR","isPartOf":{"@id":"https:\/\/legacy.colt.net\/#website"},"datePublished":"2018-11-12T16:41:05+00:00","dateModified":"2020-01-10T16:33:01+00:00","description":"G\u00e9rer tous vos num\u00e9ros d\u2019acc\u00e8s \u00e0 des services via un seul portail centralis\u00e9 de la commande \u00e0 la r\u00e9siliation","breadcrumb":{"@id":"https:\/\/legacy.colt.net\/fr\/product\/voice-on-demand\/#breadcrumb"},"inLanguage":"fr-FR","potentialAction":[{"@type":"ReadAction","target":["https:\/\/legacy.colt.net\/fr\/product\/voice-on-demand\/"]}]},{"@type":"BreadcrumbList","@id":"https:\/\/legacy.colt.net\/fr\/product\/voice-on-demand\/#breadcrumb","itemListElement":[{"@type":"ListItem","position":1,"name":"Home","item":"https:\/\/legacy.colt.net\/fr\/"},{"@type":"ListItem","position":2,"name":"Produits &#038; Services r\u00e9seaux","item":"https:\/\/legacy.colt.net\/fr\/product\/"},{"@type":"ListItem","position":3,"name":"Voice on Demand"}]},{"@type":"WebSite","@id":"https:\/\/legacy.colt.net\/#website","url":"https:\/\/legacy.colt.net\/","name":"Colt\u30c6\u30af\u30ce\u30ed\u30b8\u30fc\u30b5\u30fc\u30d3\u30b9\u682a\u5f0f\u4f1a\u793e","description":"Managed Network &amp; Voice Services Provider","publisher":{"@id":"https:\/\/legacy.colt.net\/#organization"},"potentialAction":[{"@type":"SearchAction","target":{"@type":"EntryPoint","urlTemplate":"https:\/\/legacy.colt.net\/?s={search_term_string}"},"query-input":{"@type":"PropertyValueSpecification","valueRequired":true,"valueName":"search_term_string"}}],"inLanguage":"fr-FR"},{"@type":"Organization","@id":"https:\/\/legacy.colt.net\/#organization","name":"Colt Technology Services","url":"https:\/\/legacy.colt.net\/","logo":{"@type":"ImageObject","inLanguage":"fr-FR","@id":"https:\/\/legacy.colt.net\/#\/schema\/logo\/image\/","url":"https:\/\/legacy.colt.net\/wp-content\/uploads\/2019\/02\/Colt-Logo.png","contentUrl":"https:\/\/legacy.colt.net\/wp-content\/uploads\/2019\/02\/Colt-Logo.png","width":195,"height":77,"caption":"Colt Technology Services"},"image":{"@id":"https:\/\/legacy.colt.net\/#\/schema\/logo\/image\/"},"sameAs":["https:\/\/www.facebook.com\/ColtTechnologyServices\/","https:\/\/x.com\/colt_technology","https:\/\/www.instagram.com\/colttechnologyservices\/","https:\/\/www.linkedin.com\/company\/colt-technology-services","https:\/\/www.youtube.com\/user\/ColtTechnology"]}]}},"_links":{"self":[{"href":"https:\/\/legacy.colt.net\/fr\/wp-json\/wp\/v2\/pages\/37932","targetHints":{"allow":["GET"]}}],"collection":[{"href":"https:\/\/legacy.colt.net\/fr\/wp-json\/wp\/v2\/pages"}],"about":[{"href":"https:\/\/legacy.colt.net\/fr\/wp-json\/wp\/v2\/types\/page"}],"author":[{"embeddable":true,"href":"https:\/\/legacy.colt.net\/fr\/wp-json\/wp\/v2\/users\/143"}],"replies":[{"embeddable":true,"href":"https:\/\/legacy.colt.net\/fr\/wp-json\/wp\/v2\/comments?post=37932"}],"version-history":[{"count":0,"href":"https:\/\/legacy.colt.net\/fr\/wp-json\/wp\/v2\/pages\/37932\/revisions"}],"up":[{"embeddable":true,"href":"https:\/\/legacy.colt.net\/fr\/wp-json\/wp\/v2\/pages\/35895"}],"wp:attachment":[{"href":"https:\/\/legacy.colt.net\/fr\/wp-json\/wp\/v2\/media?parent=37932"}],"wp:term":[{"taxonomy":"colt_type","embeddable":true,"href":"https:\/\/legacy.colt.net\/fr\/wp-json\/wp\/v2\/colt_type?post=37932"},{"taxonomy":"colt_products","embeddable":true,"href":"https:\/\/legacy.colt.net\/fr\/wp-json\/wp\/v2\/colt_products?post=37932"}],"curies":[{"name":"wp","href":"https:\/\/api.w.org\/{rel}","templated":true}]}}