{"id":37929,"date":"2018-11-09T14:27:46","date_gmt":"2018-11-09T14:27:46","guid":{"rendered":"https:\/\/www.colt.net\/product\/sd-wan\/"},"modified":"2022-02-28T21:29:41","modified_gmt":"2022-02-28T21:29:41","slug":"sd-wan-1","status":"publish","type":"page","link":"https:\/\/legacy.colt.net\/fr\/product\/sd-wan-1\/","title":{"rendered":"R\u00e9seaux SD WAN pour entreprises"},"content":{"rendered":"<p><iframe loading=\"lazy\" src=\"https:\/\/www.youtube.com\/embed\/bbPDvusq5PE\" width=\"844\" height=\"475\" frameborder=\"0\" allowfullscreen=\"allowfullscreen\"><span data-mce-type=\"bookmark\" style=\"display: inline-block; width: 0px; overflow: hidden; line-height: 0;\" class=\"mce_SELRES_start\">\ufeff<\/span><span data-mce-type=\"bookmark\" style=\"display: inline-block; width: 0px; overflow: hidden; line-height: 0;\" class=\"mce_SELRES_start\">\ufeff<\/span><span data-mce-type=\"bookmark\" style=\"display: inline-block; width: 0px; overflow: hidden; line-height: 0;\" class=\"mce_SELRES_start\">\ufeff<\/span><span data-mce-type=\"bookmark\" style=\"display: inline-block; width: 0px; overflow: hidden; line-height: 0;\" class=\"mce_SELRES_start\">\ufeff<\/span><\/iframe><\/p>\n<p class=\"intro\">Red\u00e9couvrez votre r\u00e9seau WAN ! Selon le cabinet Gartner, la plupart des entreprises d\u00e9testent leur r\u00e9seau local \u00e9tendu, alias WAN (Wide Area Network) ! La raison ? Une exploitation on\u00e9reuse, doubl\u00e9e d\u2019une configuration et d\u2019une administration fastidieuses<\/p>\n<p>Mais l\u2019arriv\u00e9e de la technologie des r\u00e9seaux WAN d\u00e9finis par logiciel (SD WAN pour Software-defined WAN) change la donne : elle permet en effet aux entreprises de faire face \u00e0 l\u2019explosion de la demande de bande passante en combinant des connexions de donn\u00e9es d\u00e9di\u00e9es avec des liens \u00e0 haut d\u00e9bit peu on\u00e9reux au sein de leur vaste r\u00e9seau.<\/p>\n<p>Colt s\u2019appuie sur une plateforme SD-WAN intelligente pour faire le tri entre les donn\u00e9es qui transitent par Internet et celles qui circulent dans des r\u00e9seaux priv\u00e9s. R\u00e9sultat, la formation d\u2019un r\u00e9seau hybride o\u00f9 les donn\u00e9es non critiques sont d\u00e9lest\u00e9es vers un tunnel Internet s\u00e9curis\u00e9 et qui lib\u00e8re de la bande passante MPLS pour acheminer les donn\u00e9es strat\u00e9giques, ce qui augmente avec efficacit\u00e9 la bande passante totale mise \u00e0 la disposition de vos succursales.<\/p>\n<p>Toutes les options de configuration peuvent \u00eatre prises en main par le client, r\u00e9duisant de fa\u00e7on significative les d\u00e9lais de r\u00e9alisation tout en simplifiant la gestion des fournisseurs de services r\u00e9seau. Pour d\u00e9couvrir comment le service SD WAN permet aux entreprises de b\u00e9n\u00e9ficier d\u2019une large bande passante au meilleur co\u00fbt dans le WAN, cliquez ici. Peter Coppens, responsable Ethernet &amp; IP Portfolio chez Colt a pr\u00e9sent\u00e9 cette technologie lors du salon SDN &amp; OpenFlow World.<\/p>\n<p>Toute entreprise disposant de plusieurs sites \u2014 si\u00e8ge social, succursales ou data centres \u2013 doit les interconnecter \u00e0 l\u2019aide d\u2019un r\u00e9seau \u00e9tendu WAN. Au sein de l\u2019Union europ\u00e9enne, plus de 70 % des entreprises confient la fourniture et la gestion de leur WAN \u00e0 un prestataire de services r\u00e9seau ext\u00e9rieur.<br \/>\nAccessible dans le monde entier, l\u2019offre SD WAN de Colt permet aux entreprises d\u2019architecturer, de d\u00e9ployer et d\u2019exploiter un r\u00e9seau WAN d\u2019entreprise, tout en proposant une nouvelle approche nettement simplifi\u00e9e du d\u00e9ploiement et de l\u2019administration de la connectivit\u00e9 des succursales distantes.<\/p>\n<div id=\"more-info\" class=\"js-accordion-content open\">\n<h3>Dynamique<\/h3>\n<p>Disponible sous la forme d\u2019un service bas\u00e9 sur la virtualisation des fonctions r\u00e9seau (NFV) avec \u00e9lasticit\u00e9 int\u00e9gr\u00e9e et configuration enti\u00e8rement automatis\u00e9e associant un logiciel SD WAN et une infrastructure mat\u00e9rielle ouverte et \u00e9volutive.<\/p>\n<h3>Rapidit\u00e9<\/h3>\n<p>Un SD WAN r\u00e9duit les d\u00e9lais de mise en service \u00e0 quelques heures au lieu de plusieurs semaines voire plusieurs mois, tout en abaissant de fa\u00e7on significative le co\u00fbt total de possession en all\u00e9geant les t\u00e2ches administratives, la gestion des fournisseurs de services r\u00e9seau et autres t\u00e2ches fastidieuses.<\/p>\n<h3>Agilit\u00e9<\/h3>\n<p>Gr\u00e2ce \u00e0 notre portail SD WAN d\u2019utilisation simplissime qui conjugue analyse et administration du WAN pour chacune des applications cl\u00e9s des clients, Colt assure un haut niveau d\u2019agilit\u00e9 et de comp\u00e9titivit\u00e9 au r\u00e9seau WAN et aux succursales.<\/p>\n<\/div>\n","protected":false},"excerpt":{"rendered":"<p>\ufeff\ufeff\ufeff\ufeff Red\u00e9couvrez votre r\u00e9seau WAN ! Selon le cabinet Gartner, la plupart des entreprises d\u00e9testent leur r\u00e9seau local \u00e9tendu, alias WAN (Wide Area Network) ! La raison ? Une exploitation on\u00e9reuse, doubl\u00e9e d\u2019une configuration et d\u2019une administration fastidieuses Mais l\u2019arriv\u00e9e de la technologie des r\u00e9seaux WAN d\u00e9finis par logiciel (SD WAN pour Software-defined WAN) change&#8230;<\/p>\n","protected":false},"author":143,"featured_media":0,"parent":35895,"menu_order":0,"comment_status":"closed","ping_status":"closed","template":"","meta":{"_acf_changed":false,"footnotes":""},"colt_type":[],"colt_products":[1501],"class_list":["post-37929","page","type-page","status-publish","hentry","colt_products-sd-wan"],"acf":[],"yoast_head":"<!-- This site is optimized with the Yoast SEO plugin v26.8 - https:\/\/yoast.com\/product\/yoast-seo-wordpress\/ -->\n<title>Service SD WAN - R\u00e9seau WAN pour les entreprises | Colt | FR<\/title>\n<meta name=\"description\" content=\"D\u00e9couvrez comment l&#039;offre SD WAN de Colt permet de d\u00e9ployer, de connecter et d\u2019exploiter un r\u00e9seau WAN d&#039;entreprise tout en proposant une approche simplifi\u00e9e de la gestion des sites distants.\" \/>\n<meta name=\"robots\" content=\"noindex, follow, max-snippet:-1, max-image-preview:large, max-video-preview:-1\" \/>\n<meta property=\"og:locale\" content=\"fr_FR\" \/>\n<meta property=\"og:type\" content=\"article\" \/>\n<meta property=\"og:title\" content=\"Service SD WAN - R\u00e9seau WAN pour les entreprises | Colt | FR\" \/>\n<meta property=\"og:description\" content=\"D\u00e9couvrez comment l&#039;offre SD WAN de Colt permet de d\u00e9ployer, de connecter et d\u2019exploiter un r\u00e9seau WAN d&#039;entreprise tout en proposant une approche simplifi\u00e9e de la gestion des sites distants.\" \/>\n<meta property=\"og:url\" content=\"https:\/\/legacy.colt.net\/fr\/product\/sd-wan-1\/\" \/>\n<meta property=\"og:site_name\" content=\"Colt Technology Services\" \/>\n<meta property=\"article:publisher\" content=\"https:\/\/www.facebook.com\/ColtTechnologyServices\/\" \/>\n<meta property=\"article:modified_time\" content=\"2022-02-28T21:29:41+00:00\" \/>\n<meta name=\"twitter:card\" content=\"summary_large_image\" \/>\n<meta name=\"twitter:site\" content=\"@colt_technology\" \/>\n<meta name=\"twitter:label1\" content=\"Est. reading time\" \/>\n\t<meta name=\"twitter:data1\" content=\"3 minutes\" \/>\n<script type=\"application\/ld+json\" class=\"yoast-schema-graph\">{\"@context\":\"https:\/\/schema.org\",\"@graph\":[{\"@type\":\"WebPage\",\"@id\":\"https:\/\/legacy.colt.net\/fr\/product\/sd-wan-1\/\",\"url\":\"https:\/\/legacy.colt.net\/fr\/product\/sd-wan-1\/\",\"name\":\"Service SD WAN - R\u00e9seau WAN pour les entreprises | Colt | FR\",\"isPartOf\":{\"@id\":\"https:\/\/legacy.colt.net\/#website\"},\"datePublished\":\"2018-11-09T14:27:46+00:00\",\"dateModified\":\"2022-02-28T21:29:41+00:00\",\"description\":\"D\u00e9couvrez comment l'offre SD WAN de Colt permet de d\u00e9ployer, de connecter et d\u2019exploiter un r\u00e9seau WAN d'entreprise tout en proposant une approche simplifi\u00e9e de la gestion des sites distants.\",\"breadcrumb\":{\"@id\":\"https:\/\/legacy.colt.net\/fr\/product\/sd-wan-1\/#breadcrumb\"},\"inLanguage\":\"fr-FR\",\"potentialAction\":[{\"@type\":\"ReadAction\",\"target\":[\"https:\/\/legacy.colt.net\/fr\/product\/sd-wan-1\/\"]}]},{\"@type\":\"BreadcrumbList\",\"@id\":\"https:\/\/legacy.colt.net\/fr\/product\/sd-wan-1\/#breadcrumb\",\"itemListElement\":[{\"@type\":\"ListItem\",\"position\":1,\"name\":\"Home\",\"item\":\"https:\/\/legacy.colt.net\/fr\/\"},{\"@type\":\"ListItem\",\"position\":2,\"name\":\"Produits &#038; Services r\u00e9seaux\",\"item\":\"https:\/\/legacy.colt.net\/fr\/product\/\"},{\"@type\":\"ListItem\",\"position\":3,\"name\":\"R\u00e9seaux SD WAN pour entreprises\"}]},{\"@type\":\"WebSite\",\"@id\":\"https:\/\/legacy.colt.net\/#website\",\"url\":\"https:\/\/legacy.colt.net\/\",\"name\":\"Colt\u30c6\u30af\u30ce\u30ed\u30b8\u30fc\u30b5\u30fc\u30d3\u30b9\u682a\u5f0f\u4f1a\u793e\",\"description\":\"Managed Network &amp; Voice Services Provider\",\"publisher\":{\"@id\":\"https:\/\/legacy.colt.net\/#organization\"},\"potentialAction\":[{\"@type\":\"SearchAction\",\"target\":{\"@type\":\"EntryPoint\",\"urlTemplate\":\"https:\/\/legacy.colt.net\/?s={search_term_string}\"},\"query-input\":{\"@type\":\"PropertyValueSpecification\",\"valueRequired\":true,\"valueName\":\"search_term_string\"}}],\"inLanguage\":\"fr-FR\"},{\"@type\":\"Organization\",\"@id\":\"https:\/\/legacy.colt.net\/#organization\",\"name\":\"Colt Technology Services\",\"url\":\"https:\/\/legacy.colt.net\/\",\"logo\":{\"@type\":\"ImageObject\",\"inLanguage\":\"fr-FR\",\"@id\":\"https:\/\/legacy.colt.net\/#\/schema\/logo\/image\/\",\"url\":\"https:\/\/legacy.colt.net\/wp-content\/uploads\/2019\/02\/Colt-Logo.png\",\"contentUrl\":\"https:\/\/legacy.colt.net\/wp-content\/uploads\/2019\/02\/Colt-Logo.png\",\"width\":195,\"height\":77,\"caption\":\"Colt Technology Services\"},\"image\":{\"@id\":\"https:\/\/legacy.colt.net\/#\/schema\/logo\/image\/\"},\"sameAs\":[\"https:\/\/www.facebook.com\/ColtTechnologyServices\/\",\"https:\/\/x.com\/colt_technology\",\"https:\/\/www.instagram.com\/colttechnologyservices\/\",\"https:\/\/www.linkedin.com\/company\/colt-technology-services\",\"https:\/\/www.youtube.com\/user\/ColtTechnology\"]}]}<\/script>\n<!-- \/ Yoast SEO plugin. -->","yoast_head_json":{"title":"Service SD WAN - R\u00e9seau WAN pour les entreprises | Colt | FR","description":"D\u00e9couvrez comment l'offre SD WAN de Colt permet de d\u00e9ployer, de connecter et d\u2019exploiter un r\u00e9seau WAN d'entreprise tout en proposant une approche simplifi\u00e9e de la gestion des sites distants.","robots":{"index":"noindex","follow":"follow","max-snippet":"max-snippet:-1","max-image-preview":"max-image-preview:large","max-video-preview":"max-video-preview:-1"},"og_locale":"fr_FR","og_type":"article","og_title":"Service SD WAN - R\u00e9seau WAN pour les entreprises | Colt | FR","og_description":"D\u00e9couvrez comment l'offre SD WAN de Colt permet de d\u00e9ployer, de connecter et d\u2019exploiter un r\u00e9seau WAN d'entreprise tout en proposant une approche simplifi\u00e9e de la gestion des sites distants.","og_url":"https:\/\/legacy.colt.net\/fr\/product\/sd-wan-1\/","og_site_name":"Colt Technology Services","article_publisher":"https:\/\/www.facebook.com\/ColtTechnologyServices\/","article_modified_time":"2022-02-28T21:29:41+00:00","twitter_card":"summary_large_image","twitter_site":"@colt_technology","twitter_misc":{"Est. reading time":"3 minutes"},"schema":{"@context":"https:\/\/schema.org","@graph":[{"@type":"WebPage","@id":"https:\/\/legacy.colt.net\/fr\/product\/sd-wan-1\/","url":"https:\/\/legacy.colt.net\/fr\/product\/sd-wan-1\/","name":"Service SD WAN - R\u00e9seau WAN pour les entreprises | Colt | FR","isPartOf":{"@id":"https:\/\/legacy.colt.net\/#website"},"datePublished":"2018-11-09T14:27:46+00:00","dateModified":"2022-02-28T21:29:41+00:00","description":"D\u00e9couvrez comment l'offre SD WAN de Colt permet de d\u00e9ployer, de connecter et d\u2019exploiter un r\u00e9seau WAN d'entreprise tout en proposant une approche simplifi\u00e9e de la gestion des sites distants.","breadcrumb":{"@id":"https:\/\/legacy.colt.net\/fr\/product\/sd-wan-1\/#breadcrumb"},"inLanguage":"fr-FR","potentialAction":[{"@type":"ReadAction","target":["https:\/\/legacy.colt.net\/fr\/product\/sd-wan-1\/"]}]},{"@type":"BreadcrumbList","@id":"https:\/\/legacy.colt.net\/fr\/product\/sd-wan-1\/#breadcrumb","itemListElement":[{"@type":"ListItem","position":1,"name":"Home","item":"https:\/\/legacy.colt.net\/fr\/"},{"@type":"ListItem","position":2,"name":"Produits &#038; Services r\u00e9seaux","item":"https:\/\/legacy.colt.net\/fr\/product\/"},{"@type":"ListItem","position":3,"name":"R\u00e9seaux SD WAN pour entreprises"}]},{"@type":"WebSite","@id":"https:\/\/legacy.colt.net\/#website","url":"https:\/\/legacy.colt.net\/","name":"Colt\u30c6\u30af\u30ce\u30ed\u30b8\u30fc\u30b5\u30fc\u30d3\u30b9\u682a\u5f0f\u4f1a\u793e","description":"Managed Network &amp; Voice Services Provider","publisher":{"@id":"https:\/\/legacy.colt.net\/#organization"},"potentialAction":[{"@type":"SearchAction","target":{"@type":"EntryPoint","urlTemplate":"https:\/\/legacy.colt.net\/?s={search_term_string}"},"query-input":{"@type":"PropertyValueSpecification","valueRequired":true,"valueName":"search_term_string"}}],"inLanguage":"fr-FR"},{"@type":"Organization","@id":"https:\/\/legacy.colt.net\/#organization","name":"Colt Technology Services","url":"https:\/\/legacy.colt.net\/","logo":{"@type":"ImageObject","inLanguage":"fr-FR","@id":"https:\/\/legacy.colt.net\/#\/schema\/logo\/image\/","url":"https:\/\/legacy.colt.net\/wp-content\/uploads\/2019\/02\/Colt-Logo.png","contentUrl":"https:\/\/legacy.colt.net\/wp-content\/uploads\/2019\/02\/Colt-Logo.png","width":195,"height":77,"caption":"Colt Technology Services"},"image":{"@id":"https:\/\/legacy.colt.net\/#\/schema\/logo\/image\/"},"sameAs":["https:\/\/www.facebook.com\/ColtTechnologyServices\/","https:\/\/x.com\/colt_technology","https:\/\/www.instagram.com\/colttechnologyservices\/","https:\/\/www.linkedin.com\/company\/colt-technology-services","https:\/\/www.youtube.com\/user\/ColtTechnology"]}]}},"_links":{"self":[{"href":"https:\/\/legacy.colt.net\/fr\/wp-json\/wp\/v2\/pages\/37929","targetHints":{"allow":["GET"]}}],"collection":[{"href":"https:\/\/legacy.colt.net\/fr\/wp-json\/wp\/v2\/pages"}],"about":[{"href":"https:\/\/legacy.colt.net\/fr\/wp-json\/wp\/v2\/types\/page"}],"author":[{"embeddable":true,"href":"https:\/\/legacy.colt.net\/fr\/wp-json\/wp\/v2\/users\/143"}],"replies":[{"embeddable":true,"href":"https:\/\/legacy.colt.net\/fr\/wp-json\/wp\/v2\/comments?post=37929"}],"version-history":[{"count":0,"href":"https:\/\/legacy.colt.net\/fr\/wp-json\/wp\/v2\/pages\/37929\/revisions"}],"up":[{"embeddable":true,"href":"https:\/\/legacy.colt.net\/fr\/wp-json\/wp\/v2\/pages\/35895"}],"wp:attachment":[{"href":"https:\/\/legacy.colt.net\/fr\/wp-json\/wp\/v2\/media?parent=37929"}],"wp:term":[{"taxonomy":"colt_type","embeddable":true,"href":"https:\/\/legacy.colt.net\/fr\/wp-json\/wp\/v2\/colt_type?post=37929"},{"taxonomy":"colt_products","embeddable":true,"href":"https:\/\/legacy.colt.net\/fr\/wp-json\/wp\/v2\/colt_products?post=37929"}],"curies":[{"name":"wp","href":"https:\/\/api.w.org\/{rel}","templated":true}]}}