{"id":37869,"date":"2018-11-13T12:12:50","date_gmt":"2018-11-13T12:12:50","guid":{"rendered":"https:\/\/www.colt.net\/product\/on-demand-services\/"},"modified":"2019-04-04T06:40:04","modified_gmt":"2019-04-04T05:40:04","slug":"on-demand-services","status":"publish","type":"page","link":"https:\/\/legacy.colt.net\/fr\/product\/on-demand-services\/","title":{"rendered":"On Demand"},"content":{"rendered":"<p><iframe loading=\"lazy\" src=\"https:\/\/www.youtube.com\/embed\/t7ak6IxY9V4\" width=\"844\" height=\"475\" frameborder=\"0\" allowfullscreen=\"allowfullscreen\"><span data-mce-type=\"bookmark\" style=\"display: inline-block; width: 0px; overflow: hidden; line-height: 0;\" class=\"mce_SELRES_start\">\ufeff<\/span><span data-mce-type=\"bookmark\" style=\"display: inline-block; width: 0px; overflow: hidden; line-height: 0;\" class=\"mce_SELRES_start\">\ufeff<\/span><span data-mce-type=\"bookmark\" style=\"display: inline-block; width: 0px; overflow: hidden; line-height: 0;\" class=\"mce_SELRES_start\">\ufeff<\/span><span data-mce-type=\"bookmark\" style=\"display: inline-block; width: 0px; overflow: hidden; line-height: 0;\" class=\"mce_SELRES_start\">\ufeff<\/span><span data-mce-type=\"bookmark\" style=\"display: inline-block; width: 0px; overflow: hidden; line-height: 0;\" class=\"mce_SELRES_start\">\ufeff<\/span><\/iframe><\/p>\n<p class=\"intro\">Connectivit\u00e9 en temps r\u00e9el et logiciel d\u00e9fini par le r\u00e9seau Colt IQ.\u00a0Colt On Demand Services marque une v\u00e9ritable perc\u00e9e pour une connectivit\u00e9 flexible, \u00e9volutive et rentable entre les data centres, les fournisseurs de services Cloud et les immeubles d\u2019entreprise.<\/p>\n<p>Gr\u00e2ce \u00e0 notre portail libre-service, riche en fonctionnalit\u00e9s, vous g\u00e9rez votre r\u00e9seau et maitrisez vos co\u00fbts tout en adaptant et en r\u00e9gulant votre bande passante en fonction des besoins de votre entreprise.\u00a0Les services \u00e0 la demande offrent une exp\u00e9rience en temps r\u00e9el : la commande, l\u2019approvisionnement et la flexibilit\u00e9 de vos services en quelques minutes et non en quelques semaines.<\/p>\n<p style=\"text-align: center;\"><img loading=\"lazy\" decoding=\"async\" title=\"Colt-On-demand\" src=\"https:\/\/legacy.colt.net\/wp-content\/uploads\/2018\/11\/Colt-On-demand.png\" alt=\"Colt-On-demand\" width=\"768\" height=\"282\" \/><br \/>\n<a href=\"https:\/\/www.youtube.com\/watch?v=f8XsTwAEV7U&amp;feature=youtu.be\">Colt On Demand Demo.<\/a><\/p>\n","protected":false},"excerpt":{"rendered":"<p>\ufeff\ufeff\ufeff\ufeff\ufeff Connectivit\u00e9 en temps r\u00e9el et logiciel d\u00e9fini par le r\u00e9seau Colt IQ.\u00a0Colt On Demand Services marque une v\u00e9ritable perc\u00e9e pour une connectivit\u00e9 flexible, \u00e9volutive et rentable entre les data centres, les fournisseurs de services Cloud et les immeubles d\u2019entreprise. Gr\u00e2ce \u00e0 notre portail libre-service, riche en fonctionnalit\u00e9s, vous g\u00e9rez votre r\u00e9seau et maitrisez vos&#8230;<\/p>\n","protected":false},"author":143,"featured_media":0,"parent":35895,"menu_order":0,"comment_status":"closed","ping_status":"closed","template":"","meta":{"_acf_changed":false,"footnotes":""},"colt_type":[],"colt_products":[1499],"class_list":["post-37869","page","type-page","status-publish","hentry","colt_products-on-demand"],"acf":[],"yoast_head":"<!-- This site is optimized with the Yoast SEO plugin v26.8 - https:\/\/yoast.com\/product\/yoast-seo-wordpress\/ -->\n<title>On Demand - Colt Technology Services - FR<\/title>\n<meta name=\"description\" content=\"Connectivit\u00e9 en temps r\u00e9el et logiciel d\u00e9fini par le r\u00e9seau Colt IQ\" \/>\n<meta name=\"robots\" content=\"noindex, follow, max-snippet:-1, max-image-preview:large, max-video-preview:-1\" \/>\n<meta property=\"og:locale\" content=\"fr_FR\" \/>\n<meta property=\"og:type\" content=\"article\" \/>\n<meta property=\"og:title\" content=\"On Demand - Colt Technology Services - FR\" \/>\n<meta property=\"og:description\" content=\"Connectivit\u00e9 en temps r\u00e9el et logiciel d\u00e9fini par le r\u00e9seau Colt IQ\" \/>\n<meta property=\"og:url\" content=\"https:\/\/legacy.colt.net\/fr\/product\/on-demand-services\/\" \/>\n<meta property=\"og:site_name\" content=\"Colt Technology Services\" \/>\n<meta property=\"article:publisher\" content=\"https:\/\/www.facebook.com\/ColtTechnologyServices\/\" \/>\n<meta property=\"article:modified_time\" content=\"2019-04-04T05:40:04+00:00\" \/>\n<meta property=\"og:image\" content=\"https:\/\/legacy.colt.net\/wp-content\/uploads\/2021\/01\/Brand-2021-Stock-8-1.jpg\" \/>\n\t<meta property=\"og:image:width\" content=\"1000\" \/>\n\t<meta property=\"og:image:height\" content=\"667\" \/>\n\t<meta property=\"og:image:type\" content=\"image\/jpeg\" \/>\n<meta name=\"twitter:card\" content=\"summary_large_image\" \/>\n<meta name=\"twitter:site\" content=\"@colt_technology\" \/>\n<meta name=\"twitter:label1\" content=\"Est. reading time\" \/>\n\t<meta name=\"twitter:data1\" content=\"1 minute\" \/>\n<script type=\"application\/ld+json\" class=\"yoast-schema-graph\">{\"@context\":\"https:\/\/schema.org\",\"@graph\":[{\"@type\":\"WebPage\",\"@id\":\"https:\/\/legacy.colt.net\/fr\/product\/on-demand-services\/\",\"url\":\"https:\/\/legacy.colt.net\/fr\/product\/on-demand-services\/\",\"name\":\"On Demand - Colt Technology Services - FR\",\"isPartOf\":{\"@id\":\"https:\/\/legacy.colt.net\/#website\"},\"primaryImageOfPage\":{\"@id\":\"https:\/\/legacy.colt.net\/fr\/product\/on-demand-services\/#primaryimage\"},\"image\":{\"@id\":\"https:\/\/legacy.colt.net\/fr\/product\/on-demand-services\/#primaryimage\"},\"thumbnailUrl\":\"https:\/\/legacy.colt.net\/wp-content\/uploads\/2018\/11\/Colt-On-demand.png\",\"datePublished\":\"2018-11-13T12:12:50+00:00\",\"dateModified\":\"2019-04-04T05:40:04+00:00\",\"description\":\"Connectivit\u00e9 en temps r\u00e9el et logiciel d\u00e9fini par le r\u00e9seau Colt IQ\",\"breadcrumb\":{\"@id\":\"https:\/\/legacy.colt.net\/fr\/product\/on-demand-services\/#breadcrumb\"},\"inLanguage\":\"fr-FR\",\"potentialAction\":[{\"@type\":\"ReadAction\",\"target\":[\"https:\/\/legacy.colt.net\/fr\/product\/on-demand-services\/\"]}]},{\"@type\":\"ImageObject\",\"inLanguage\":\"fr-FR\",\"@id\":\"https:\/\/legacy.colt.net\/fr\/product\/on-demand-services\/#primaryimage\",\"url\":\"https:\/\/legacy.colt.net\/wp-content\/uploads\/2018\/11\/Colt-On-demand.png\",\"contentUrl\":\"https:\/\/legacy.colt.net\/wp-content\/uploads\/2018\/11\/Colt-On-demand.png\"},{\"@type\":\"BreadcrumbList\",\"@id\":\"https:\/\/legacy.colt.net\/fr\/product\/on-demand-services\/#breadcrumb\",\"itemListElement\":[{\"@type\":\"ListItem\",\"position\":1,\"name\":\"Home\",\"item\":\"https:\/\/legacy.colt.net\/fr\/\"},{\"@type\":\"ListItem\",\"position\":2,\"name\":\"Produits &#038; Services r\u00e9seaux\",\"item\":\"https:\/\/legacy.colt.net\/fr\/product\/\"},{\"@type\":\"ListItem\",\"position\":3,\"name\":\"On Demand\"}]},{\"@type\":\"WebSite\",\"@id\":\"https:\/\/legacy.colt.net\/#website\",\"url\":\"https:\/\/legacy.colt.net\/\",\"name\":\"Colt\u30c6\u30af\u30ce\u30ed\u30b8\u30fc\u30b5\u30fc\u30d3\u30b9\u682a\u5f0f\u4f1a\u793e\",\"description\":\"Managed Network &amp; Voice Services Provider\",\"publisher\":{\"@id\":\"https:\/\/legacy.colt.net\/#organization\"},\"potentialAction\":[{\"@type\":\"SearchAction\",\"target\":{\"@type\":\"EntryPoint\",\"urlTemplate\":\"https:\/\/legacy.colt.net\/?s={search_term_string}\"},\"query-input\":{\"@type\":\"PropertyValueSpecification\",\"valueRequired\":true,\"valueName\":\"search_term_string\"}}],\"inLanguage\":\"fr-FR\"},{\"@type\":\"Organization\",\"@id\":\"https:\/\/legacy.colt.net\/#organization\",\"name\":\"Colt Technology Services\",\"url\":\"https:\/\/legacy.colt.net\/\",\"logo\":{\"@type\":\"ImageObject\",\"inLanguage\":\"fr-FR\",\"@id\":\"https:\/\/legacy.colt.net\/#\/schema\/logo\/image\/\",\"url\":\"https:\/\/legacy.colt.net\/wp-content\/uploads\/2019\/02\/Colt-Logo.png\",\"contentUrl\":\"https:\/\/legacy.colt.net\/wp-content\/uploads\/2019\/02\/Colt-Logo.png\",\"width\":195,\"height\":77,\"caption\":\"Colt Technology Services\"},\"image\":{\"@id\":\"https:\/\/legacy.colt.net\/#\/schema\/logo\/image\/\"},\"sameAs\":[\"https:\/\/www.facebook.com\/ColtTechnologyServices\/\",\"https:\/\/x.com\/colt_technology\",\"https:\/\/www.instagram.com\/colttechnologyservices\/\",\"https:\/\/www.linkedin.com\/company\/colt-technology-services\",\"https:\/\/www.youtube.com\/user\/ColtTechnology\"]}]}<\/script>\n<!-- \/ Yoast SEO plugin. -->","yoast_head_json":{"title":"On Demand - Colt Technology Services - FR","description":"Connectivit\u00e9 en temps r\u00e9el et logiciel d\u00e9fini par le r\u00e9seau Colt IQ","robots":{"index":"noindex","follow":"follow","max-snippet":"max-snippet:-1","max-image-preview":"max-image-preview:large","max-video-preview":"max-video-preview:-1"},"og_locale":"fr_FR","og_type":"article","og_title":"On Demand - Colt Technology Services - FR","og_description":"Connectivit\u00e9 en temps r\u00e9el et logiciel d\u00e9fini par le r\u00e9seau Colt IQ","og_url":"https:\/\/legacy.colt.net\/fr\/product\/on-demand-services\/","og_site_name":"Colt Technology Services","article_publisher":"https:\/\/www.facebook.com\/ColtTechnologyServices\/","article_modified_time":"2019-04-04T05:40:04+00:00","og_image":[{"width":1000,"height":667,"url":"https:\/\/legacy.colt.net\/wp-content\/uploads\/2021\/01\/Brand-2021-Stock-8-1.jpg","type":"image\/jpeg"}],"twitter_card":"summary_large_image","twitter_site":"@colt_technology","twitter_misc":{"Est. reading time":"1 minute"},"schema":{"@context":"https:\/\/schema.org","@graph":[{"@type":"WebPage","@id":"https:\/\/legacy.colt.net\/fr\/product\/on-demand-services\/","url":"https:\/\/legacy.colt.net\/fr\/product\/on-demand-services\/","name":"On Demand - Colt Technology Services - FR","isPartOf":{"@id":"https:\/\/legacy.colt.net\/#website"},"primaryImageOfPage":{"@id":"https:\/\/legacy.colt.net\/fr\/product\/on-demand-services\/#primaryimage"},"image":{"@id":"https:\/\/legacy.colt.net\/fr\/product\/on-demand-services\/#primaryimage"},"thumbnailUrl":"https:\/\/legacy.colt.net\/wp-content\/uploads\/2018\/11\/Colt-On-demand.png","datePublished":"2018-11-13T12:12:50+00:00","dateModified":"2019-04-04T05:40:04+00:00","description":"Connectivit\u00e9 en temps r\u00e9el et logiciel d\u00e9fini par le r\u00e9seau Colt IQ","breadcrumb":{"@id":"https:\/\/legacy.colt.net\/fr\/product\/on-demand-services\/#breadcrumb"},"inLanguage":"fr-FR","potentialAction":[{"@type":"ReadAction","target":["https:\/\/legacy.colt.net\/fr\/product\/on-demand-services\/"]}]},{"@type":"ImageObject","inLanguage":"fr-FR","@id":"https:\/\/legacy.colt.net\/fr\/product\/on-demand-services\/#primaryimage","url":"https:\/\/legacy.colt.net\/wp-content\/uploads\/2018\/11\/Colt-On-demand.png","contentUrl":"https:\/\/legacy.colt.net\/wp-content\/uploads\/2018\/11\/Colt-On-demand.png"},{"@type":"BreadcrumbList","@id":"https:\/\/legacy.colt.net\/fr\/product\/on-demand-services\/#breadcrumb","itemListElement":[{"@type":"ListItem","position":1,"name":"Home","item":"https:\/\/legacy.colt.net\/fr\/"},{"@type":"ListItem","position":2,"name":"Produits &#038; Services r\u00e9seaux","item":"https:\/\/legacy.colt.net\/fr\/product\/"},{"@type":"ListItem","position":3,"name":"On Demand"}]},{"@type":"WebSite","@id":"https:\/\/legacy.colt.net\/#website","url":"https:\/\/legacy.colt.net\/","name":"Colt\u30c6\u30af\u30ce\u30ed\u30b8\u30fc\u30b5\u30fc\u30d3\u30b9\u682a\u5f0f\u4f1a\u793e","description":"Managed Network &amp; Voice Services Provider","publisher":{"@id":"https:\/\/legacy.colt.net\/#organization"},"potentialAction":[{"@type":"SearchAction","target":{"@type":"EntryPoint","urlTemplate":"https:\/\/legacy.colt.net\/?s={search_term_string}"},"query-input":{"@type":"PropertyValueSpecification","valueRequired":true,"valueName":"search_term_string"}}],"inLanguage":"fr-FR"},{"@type":"Organization","@id":"https:\/\/legacy.colt.net\/#organization","name":"Colt Technology Services","url":"https:\/\/legacy.colt.net\/","logo":{"@type":"ImageObject","inLanguage":"fr-FR","@id":"https:\/\/legacy.colt.net\/#\/schema\/logo\/image\/","url":"https:\/\/legacy.colt.net\/wp-content\/uploads\/2019\/02\/Colt-Logo.png","contentUrl":"https:\/\/legacy.colt.net\/wp-content\/uploads\/2019\/02\/Colt-Logo.png","width":195,"height":77,"caption":"Colt Technology Services"},"image":{"@id":"https:\/\/legacy.colt.net\/#\/schema\/logo\/image\/"},"sameAs":["https:\/\/www.facebook.com\/ColtTechnologyServices\/","https:\/\/x.com\/colt_technology","https:\/\/www.instagram.com\/colttechnologyservices\/","https:\/\/www.linkedin.com\/company\/colt-technology-services","https:\/\/www.youtube.com\/user\/ColtTechnology"]}]}},"_links":{"self":[{"href":"https:\/\/legacy.colt.net\/fr\/wp-json\/wp\/v2\/pages\/37869","targetHints":{"allow":["GET"]}}],"collection":[{"href":"https:\/\/legacy.colt.net\/fr\/wp-json\/wp\/v2\/pages"}],"about":[{"href":"https:\/\/legacy.colt.net\/fr\/wp-json\/wp\/v2\/types\/page"}],"author":[{"embeddable":true,"href":"https:\/\/legacy.colt.net\/fr\/wp-json\/wp\/v2\/users\/143"}],"replies":[{"embeddable":true,"href":"https:\/\/legacy.colt.net\/fr\/wp-json\/wp\/v2\/comments?post=37869"}],"version-history":[{"count":0,"href":"https:\/\/legacy.colt.net\/fr\/wp-json\/wp\/v2\/pages\/37869\/revisions"}],"up":[{"embeddable":true,"href":"https:\/\/legacy.colt.net\/fr\/wp-json\/wp\/v2\/pages\/35895"}],"wp:attachment":[{"href":"https:\/\/legacy.colt.net\/fr\/wp-json\/wp\/v2\/media?parent=37869"}],"wp:term":[{"taxonomy":"colt_type","embeddable":true,"href":"https:\/\/legacy.colt.net\/fr\/wp-json\/wp\/v2\/colt_type?post=37869"},{"taxonomy":"colt_products","embeddable":true,"href":"https:\/\/legacy.colt.net\/fr\/wp-json\/wp\/v2\/colt_products?post=37869"}],"curies":[{"name":"wp","href":"https:\/\/api.w.org\/{rel}","templated":true}]}}