{"id":37867,"date":"2018-11-13T12:07:26","date_gmt":"2018-11-13T12:07:26","guid":{"rendered":"https:\/\/www.colt.net\/product\/encryption\/"},"modified":"2024-12-14T13:35:16","modified_gmt":"2024-12-14T13:35:16","slug":"encryption","status":"publish","type":"page","link":"https:\/\/legacy.colt.net\/fr\/product\/encryption\/","title":{"rendered":"Chiffrement du r\u00e9seau"},"content":{"rendered":"\n\n\t<p>Cybersecurity Services<\/p>\n\t<p><strong>Network Encryption Services<\/strong><\/p>\n\t<h3>Protect sensitive data in motion with Colt Network Encryption services<\/h3>\n<p>Effective network security relies on multiple layers of defense, not just at the edge and core of the network but also along the network path.\u00a0While much of the focus on security is on users and applications, protecting in-flight data as it travels across the network is a critical component of a holistic security strategy.\u00a0Colt Network Encryption Services ensure secure connectivity, so whichever the network layer you want to secure, we have an end-to-end encryption service to suit your needs.<\/p>\n<h3>Network encryption types<\/h3>\n<h4><strong>Optical Encryption<\/strong><br \/>\nEnd-to-end encryption for optical services<\/h4>\n<p>Optical Encryption is available as an integral part of Wave and Private Wave services. Fully transparent to Ethernet, IP and other network protocols, it provides the very highest levels of performance and security in combination.<\/p>\n<ul>\n<li><strong>Always on:\u00a0<\/strong>Optical Encryption is inherent to the core service, and is embedded in the optical hardware for maximum security and performance.Any traffic that has to traverse the optical backbone becomes encrypted by default, reducing the risk of sensitive traffic leaving the enterprise unprotected, providing always on end-to-end encryption<\/li>\n<li><strong>Wire-speed performance<\/strong>: Operating at Layer 1 of the OSI stack, optical encryption is efficient and scalable. Implemented on the OTN signal layer, the full data payload remains available without latency degradation<\/li>\n<li><strong>Compliance<\/strong>: Colt&#8217;s Network Encryption solution offers FIPS-certified AES-256 encryption with standards-based authentication mechanisms such as X.509 digital certificates, enabling operational simplification with seamless integration into enterprise Public Key Infrastructures<\/li>\n<li><strong>Flexible deployment<\/strong>: Customers may choose to manage their own encryption keys or request Colt to do so as an additional service option. Flexibility over the siting of Colt&#8217;s optical hardware platforms, including within customer-secured environments, enables the Colt solution to be tailored to the customer&#8217;s security policies<\/li>\n<\/ul>\n<h4><strong>Voice Encryption<\/strong><br \/>\nEnd-to-end encryption for voice services<\/h4>\n<p>Colt Voice Encryption end-to-end encryption solution that provides additional security for your voice services, including both SIP Signalling encryption and audio encryption.<\/p>\n<ul>\n<li>SIP encryption is offered using SIP Transport Layer Security (TLS) encryption, with mutual authentication, and supports both Asymmetric Encryption (AES) and Triple Data Encryption (3DES)<\/li>\n<\/ul>\n<p>Colt Audio Encryption secures the audio stream with\u00a0 SRTP (Secure Real Time Protocol) media encryption, which is a IETF cryptographic protocol used to provide secure communications over an untrusted network. It provides confidentiality and message integrity for media streams.<\/p>\n<h3>Learn more about Colt Cybersecurity Services<\/h3>\nWant to learn more about our\u00a0<a href=\"https:\/\/legacy.colt.net\/cybersecurity\/\">cybersecurity services<\/a>?<br \/>\nCheck out the rest of our cybersecurity products below.\n<a href=\"https:\/\/legacy.colt.net\/product\/internet-security-ddos-mitigation-web-filtering\/\">DDoS Protection<\/a><br \/>\nDedicated Internet Security Service to actively prevent DDoS attacks. Block cyber threats before they reach you and your firewall.\n<a href=\"https:\/\/legacy.colt.net\/product\/managed-firewall\/\">Managed Firewall Services<\/a><br \/>\nSafeguard your internal networks and systems from Cyber threats using Colt Managed Firewall Services. Choose from different managed firewall variants to meet your needs: Next Generation Firewall and Virtual Firewall services.\n\t<p>Live chat with Sales<\/p>\n<p>For all your purchase enquiries.<\/p>\n<p><strong>Monday to Friday 9am &#8211; 5pm<\/strong><\/p>\n\t\t\t<a href=\"\" target=\"_self\" rel=\"noopener\">\n\t\t\t\t\t\t\tChat with us\n\t\t\t<\/a>\n\t<p>Contact us about [PRODUCT NAME]<\/p>\n\tINSERT HUBSPOT EMBED CODE HERE\n\t<p>Call a specialist<\/p>\n<p><strong>+44 (0) 20 7863 5510<\/strong><\/p>\n<p><strong>Monday to Friday 9am &#8211; 5pm<\/strong><\/p>\n\t<p>Case Study<\/p>\n\t\t\t\t<img loading=\"lazy\" decoding=\"async\" src=\"https:\/\/legacy.colt.net\/wp-content\/uploads\/2018\/10\/unext-logo-720x450.png\" alt=\"unext-logo-720x450\" itemprop=\"image\" height=\"450\" width=\"720\" title=\"unext-logo-720x450\" onerror=\"this.style.display='none'\"  \/>\n\t<p>U-NEXT Corporation<\/p>\n<p>U-NEXT selects Colt Wave as its low-latency, high-bandwidth data transfer solution for high-volume digital entertainment libraries&#8230;<\/p>\n\t<p>Related Product<\/p>\n\t\t\t\t<img loading=\"lazy\" decoding=\"async\" src=\"https:\/\/legacy.colt.net\/wp-content\/uploads\/2018\/10\/Spectrum.jpg\" alt=\"Spectrum\" itemprop=\"image\" height=\"450\" width=\"720\" title=\"Spectrum\" onerror=\"this.style.display='none'\"  \/>\n\t<p>Spectrum<\/p>\n<p>Providing ultra-high bandwidth connectivity, Colt Spectrum enables you to leverage your own investments in DWDM equipment, whilst benefiting from Colt&#8217;s extensive optical network reach and connectivity.<\/p>\n\t<p>Blog<\/p>\n\t\t\t\t<img loading=\"lazy\" decoding=\"async\" src=\"https:\/\/legacy.colt.net\/wp-content\/uploads\/2018\/10\/optical.jpg\" alt=\"optical\" itemprop=\"image\" height=\"450\" width=\"720\" title=\"optical\" onerror=\"this.style.display='none'\"  \/>\n\t<p>Digital transformation is more than raw bandwidth<\/p>\n<p>There&#8217;s no shortage of statistics acknowledging the scale of the challenge posed by global consumption of data, and they are all pretty daunting.<\/p>\n\n","protected":false},"excerpt":{"rendered":"<p>Cybersecurity Services Network Encryption Services Protect sensitive data in motion with Colt Network Encryption services Effective network security relies on multiple layers of defense, not just at the edge and core of the network but also along the network path.\u00a0While much of the focus on security is on users and applications, protecting in-flight data as&#8230;<\/p>\n","protected":false},"author":143,"featured_media":0,"parent":35895,"menu_order":0,"comment_status":"closed","ping_status":"closed","template":"page-templates\/template-product.php","meta":{"_acf_changed":false,"footnotes":""},"colt_type":[],"colt_products":[1342],"class_list":["post-37867","page","type-page","status-publish","hentry","colt_products-security-fr"],"acf":[],"yoast_head":"<!-- This site is optimized with the Yoast SEO plugin v26.8 - https:\/\/yoast.com\/product\/yoast-seo-wordpress\/ -->\n<title>Services de chiffrement Colt IQ Network - Colt Technology Services | FR<\/title>\n<meta name=\"description\" content=\"Prot\u00e9gez vos donn\u00e9es sensibles avec les services de chiffrement Colt IQ Network. L\u2019efficacit\u00e9 de la s\u00e9curit\u00e9 d\u2019un r\u00e9seau repose sur de multiples couches\" \/>\n<meta name=\"robots\" content=\"noindex, follow, max-snippet:-1, max-image-preview:large, max-video-preview:-1\" \/>\n<meta property=\"og:locale\" content=\"fr_FR\" \/>\n<meta property=\"og:type\" content=\"article\" \/>\n<meta property=\"og:title\" content=\"Services de chiffrement Colt IQ Network - Colt Technology Services | FR\" \/>\n<meta property=\"og:description\" content=\"Prot\u00e9gez vos donn\u00e9es sensibles avec les services de chiffrement Colt IQ Network. L\u2019efficacit\u00e9 de la s\u00e9curit\u00e9 d\u2019un r\u00e9seau repose sur de multiples couches\" \/>\n<meta property=\"og:url\" content=\"https:\/\/legacy.colt.net\/fr\/product\/encryption\/\" \/>\n<meta property=\"og:site_name\" content=\"Colt Technology Services\" \/>\n<meta property=\"article:publisher\" content=\"https:\/\/www.facebook.com\/ColtTechnologyServices\/\" \/>\n<meta property=\"article:modified_time\" content=\"2024-12-14T13:35:16+00:00\" \/>\n<meta property=\"og:image\" content=\"https:\/\/legacy.colt.net\/wp-content\/uploads\/2021\/01\/Brand-2021-Stock-4.jpg\" \/>\n\t<meta property=\"og:image:width\" content=\"1000\" \/>\n\t<meta property=\"og:image:height\" content=\"667\" \/>\n\t<meta property=\"og:image:type\" content=\"image\/jpeg\" \/>\n<meta name=\"twitter:card\" content=\"summary_large_image\" \/>\n<meta name=\"twitter:site\" content=\"@colt_technology\" \/>\n<script type=\"application\/ld+json\" class=\"yoast-schema-graph\">{\"@context\":\"https:\/\/schema.org\",\"@graph\":[{\"@type\":\"WebPage\",\"@id\":\"https:\/\/legacy.colt.net\/fr\/product\/encryption\/\",\"url\":\"https:\/\/legacy.colt.net\/fr\/product\/encryption\/\",\"name\":\"Services de chiffrement Colt IQ Network - Colt Technology Services | FR\",\"isPartOf\":{\"@id\":\"https:\/\/legacy.colt.net\/#website\"},\"primaryImageOfPage\":{\"@id\":\"https:\/\/legacy.colt.net\/fr\/product\/encryption\/#primaryimage\"},\"image\":{\"@id\":\"https:\/\/legacy.colt.net\/fr\/product\/encryption\/#primaryimage\"},\"thumbnailUrl\":\"https:\/\/legacy.colt.net\/wp-content\/uploads\/2018\/10\/unext-logo-720x450.png\",\"datePublished\":\"2018-11-13T12:07:26+00:00\",\"dateModified\":\"2024-12-14T13:35:16+00:00\",\"description\":\"Prot\u00e9gez vos donn\u00e9es sensibles avec les services de chiffrement Colt IQ Network. L\u2019efficacit\u00e9 de la s\u00e9curit\u00e9 d\u2019un r\u00e9seau repose sur de multiples couches\",\"breadcrumb\":{\"@id\":\"https:\/\/legacy.colt.net\/fr\/product\/encryption\/#breadcrumb\"},\"inLanguage\":\"fr-FR\",\"potentialAction\":[{\"@type\":\"ReadAction\",\"target\":[\"https:\/\/legacy.colt.net\/fr\/product\/encryption\/\"]}]},{\"@type\":\"ImageObject\",\"inLanguage\":\"fr-FR\",\"@id\":\"https:\/\/legacy.colt.net\/fr\/product\/encryption\/#primaryimage\",\"url\":\"https:\/\/legacy.colt.net\/wp-content\/uploads\/2018\/10\/unext-logo-720x450.png\",\"contentUrl\":\"https:\/\/legacy.colt.net\/wp-content\/uploads\/2018\/10\/unext-logo-720x450.png\"},{\"@type\":\"BreadcrumbList\",\"@id\":\"https:\/\/legacy.colt.net\/fr\/product\/encryption\/#breadcrumb\",\"itemListElement\":[{\"@type\":\"ListItem\",\"position\":1,\"name\":\"Home\",\"item\":\"https:\/\/legacy.colt.net\/fr\/\"},{\"@type\":\"ListItem\",\"position\":2,\"name\":\"Produits &#038; Services r\u00e9seaux\",\"item\":\"https:\/\/legacy.colt.net\/fr\/product\/\"},{\"@type\":\"ListItem\",\"position\":3,\"name\":\"Chiffrement du r\u00e9seau\"}]},{\"@type\":\"WebSite\",\"@id\":\"https:\/\/legacy.colt.net\/#website\",\"url\":\"https:\/\/legacy.colt.net\/\",\"name\":\"Colt\u30c6\u30af\u30ce\u30ed\u30b8\u30fc\u30b5\u30fc\u30d3\u30b9\u682a\u5f0f\u4f1a\u793e\",\"description\":\"Managed Network &amp; Voice Services Provider\",\"publisher\":{\"@id\":\"https:\/\/legacy.colt.net\/#organization\"},\"potentialAction\":[{\"@type\":\"SearchAction\",\"target\":{\"@type\":\"EntryPoint\",\"urlTemplate\":\"https:\/\/legacy.colt.net\/?s={search_term_string}\"},\"query-input\":{\"@type\":\"PropertyValueSpecification\",\"valueRequired\":true,\"valueName\":\"search_term_string\"}}],\"inLanguage\":\"fr-FR\"},{\"@type\":\"Organization\",\"@id\":\"https:\/\/legacy.colt.net\/#organization\",\"name\":\"Colt Technology Services\",\"url\":\"https:\/\/legacy.colt.net\/\",\"logo\":{\"@type\":\"ImageObject\",\"inLanguage\":\"fr-FR\",\"@id\":\"https:\/\/legacy.colt.net\/#\/schema\/logo\/image\/\",\"url\":\"https:\/\/legacy.colt.net\/wp-content\/uploads\/2019\/02\/Colt-Logo.png\",\"contentUrl\":\"https:\/\/legacy.colt.net\/wp-content\/uploads\/2019\/02\/Colt-Logo.png\",\"width\":195,\"height\":77,\"caption\":\"Colt Technology Services\"},\"image\":{\"@id\":\"https:\/\/legacy.colt.net\/#\/schema\/logo\/image\/\"},\"sameAs\":[\"https:\/\/www.facebook.com\/ColtTechnologyServices\/\",\"https:\/\/x.com\/colt_technology\",\"https:\/\/www.instagram.com\/colttechnologyservices\/\",\"https:\/\/www.linkedin.com\/company\/colt-technology-services\",\"https:\/\/www.youtube.com\/user\/ColtTechnology\"]}]}<\/script>\n<!-- \/ Yoast SEO plugin. -->","yoast_head_json":{"title":"Services de chiffrement Colt IQ Network - Colt Technology Services | FR","description":"Prot\u00e9gez vos donn\u00e9es sensibles avec les services de chiffrement Colt IQ Network. L\u2019efficacit\u00e9 de la s\u00e9curit\u00e9 d\u2019un r\u00e9seau repose sur de multiples couches","robots":{"index":"noindex","follow":"follow","max-snippet":"max-snippet:-1","max-image-preview":"max-image-preview:large","max-video-preview":"max-video-preview:-1"},"og_locale":"fr_FR","og_type":"article","og_title":"Services de chiffrement Colt IQ Network - Colt Technology Services | FR","og_description":"Prot\u00e9gez vos donn\u00e9es sensibles avec les services de chiffrement Colt IQ Network. L\u2019efficacit\u00e9 de la s\u00e9curit\u00e9 d\u2019un r\u00e9seau repose sur de multiples couches","og_url":"https:\/\/legacy.colt.net\/fr\/product\/encryption\/","og_site_name":"Colt Technology Services","article_publisher":"https:\/\/www.facebook.com\/ColtTechnologyServices\/","article_modified_time":"2024-12-14T13:35:16+00:00","og_image":[{"width":1000,"height":667,"url":"https:\/\/legacy.colt.net\/wp-content\/uploads\/2021\/01\/Brand-2021-Stock-4.jpg","type":"image\/jpeg"}],"twitter_card":"summary_large_image","twitter_site":"@colt_technology","schema":{"@context":"https:\/\/schema.org","@graph":[{"@type":"WebPage","@id":"https:\/\/legacy.colt.net\/fr\/product\/encryption\/","url":"https:\/\/legacy.colt.net\/fr\/product\/encryption\/","name":"Services de chiffrement Colt IQ Network - Colt Technology Services | FR","isPartOf":{"@id":"https:\/\/legacy.colt.net\/#website"},"primaryImageOfPage":{"@id":"https:\/\/legacy.colt.net\/fr\/product\/encryption\/#primaryimage"},"image":{"@id":"https:\/\/legacy.colt.net\/fr\/product\/encryption\/#primaryimage"},"thumbnailUrl":"https:\/\/legacy.colt.net\/wp-content\/uploads\/2018\/10\/unext-logo-720x450.png","datePublished":"2018-11-13T12:07:26+00:00","dateModified":"2024-12-14T13:35:16+00:00","description":"Prot\u00e9gez vos donn\u00e9es sensibles avec les services de chiffrement Colt IQ Network. L\u2019efficacit\u00e9 de la s\u00e9curit\u00e9 d\u2019un r\u00e9seau repose sur de multiples couches","breadcrumb":{"@id":"https:\/\/legacy.colt.net\/fr\/product\/encryption\/#breadcrumb"},"inLanguage":"fr-FR","potentialAction":[{"@type":"ReadAction","target":["https:\/\/legacy.colt.net\/fr\/product\/encryption\/"]}]},{"@type":"ImageObject","inLanguage":"fr-FR","@id":"https:\/\/legacy.colt.net\/fr\/product\/encryption\/#primaryimage","url":"https:\/\/legacy.colt.net\/wp-content\/uploads\/2018\/10\/unext-logo-720x450.png","contentUrl":"https:\/\/legacy.colt.net\/wp-content\/uploads\/2018\/10\/unext-logo-720x450.png"},{"@type":"BreadcrumbList","@id":"https:\/\/legacy.colt.net\/fr\/product\/encryption\/#breadcrumb","itemListElement":[{"@type":"ListItem","position":1,"name":"Home","item":"https:\/\/legacy.colt.net\/fr\/"},{"@type":"ListItem","position":2,"name":"Produits &#038; Services r\u00e9seaux","item":"https:\/\/legacy.colt.net\/fr\/product\/"},{"@type":"ListItem","position":3,"name":"Chiffrement du r\u00e9seau"}]},{"@type":"WebSite","@id":"https:\/\/legacy.colt.net\/#website","url":"https:\/\/legacy.colt.net\/","name":"Colt\u30c6\u30af\u30ce\u30ed\u30b8\u30fc\u30b5\u30fc\u30d3\u30b9\u682a\u5f0f\u4f1a\u793e","description":"Managed Network &amp; Voice Services Provider","publisher":{"@id":"https:\/\/legacy.colt.net\/#organization"},"potentialAction":[{"@type":"SearchAction","target":{"@type":"EntryPoint","urlTemplate":"https:\/\/legacy.colt.net\/?s={search_term_string}"},"query-input":{"@type":"PropertyValueSpecification","valueRequired":true,"valueName":"search_term_string"}}],"inLanguage":"fr-FR"},{"@type":"Organization","@id":"https:\/\/legacy.colt.net\/#organization","name":"Colt Technology Services","url":"https:\/\/legacy.colt.net\/","logo":{"@type":"ImageObject","inLanguage":"fr-FR","@id":"https:\/\/legacy.colt.net\/#\/schema\/logo\/image\/","url":"https:\/\/legacy.colt.net\/wp-content\/uploads\/2019\/02\/Colt-Logo.png","contentUrl":"https:\/\/legacy.colt.net\/wp-content\/uploads\/2019\/02\/Colt-Logo.png","width":195,"height":77,"caption":"Colt Technology Services"},"image":{"@id":"https:\/\/legacy.colt.net\/#\/schema\/logo\/image\/"},"sameAs":["https:\/\/www.facebook.com\/ColtTechnologyServices\/","https:\/\/x.com\/colt_technology","https:\/\/www.instagram.com\/colttechnologyservices\/","https:\/\/www.linkedin.com\/company\/colt-technology-services","https:\/\/www.youtube.com\/user\/ColtTechnology"]}]}},"_links":{"self":[{"href":"https:\/\/legacy.colt.net\/fr\/wp-json\/wp\/v2\/pages\/37867","targetHints":{"allow":["GET"]}}],"collection":[{"href":"https:\/\/legacy.colt.net\/fr\/wp-json\/wp\/v2\/pages"}],"about":[{"href":"https:\/\/legacy.colt.net\/fr\/wp-json\/wp\/v2\/types\/page"}],"author":[{"embeddable":true,"href":"https:\/\/legacy.colt.net\/fr\/wp-json\/wp\/v2\/users\/143"}],"replies":[{"embeddable":true,"href":"https:\/\/legacy.colt.net\/fr\/wp-json\/wp\/v2\/comments?post=37867"}],"version-history":[{"count":0,"href":"https:\/\/legacy.colt.net\/fr\/wp-json\/wp\/v2\/pages\/37867\/revisions"}],"up":[{"embeddable":true,"href":"https:\/\/legacy.colt.net\/fr\/wp-json\/wp\/v2\/pages\/35895"}],"wp:attachment":[{"href":"https:\/\/legacy.colt.net\/fr\/wp-json\/wp\/v2\/media?parent=37867"}],"wp:term":[{"taxonomy":"colt_type","embeddable":true,"href":"https:\/\/legacy.colt.net\/fr\/wp-json\/wp\/v2\/colt_type?post=37867"},{"taxonomy":"colt_products","embeddable":true,"href":"https:\/\/legacy.colt.net\/fr\/wp-json\/wp\/v2\/colt_products?post=37867"}],"curies":[{"name":"wp","href":"https:\/\/api.w.org\/{rel}","templated":true}]}}