{"id":37797,"date":"2018-11-12T10:08:35","date_gmt":"2018-11-12T10:08:35","guid":{"rendered":"https:\/\/www.colt.net\/product\/isdn-voice-services\/"},"modified":"2024-12-14T13:18:45","modified_gmt":"2024-12-14T13:18:45","slug":"services-isdn-voice","status":"publish","type":"page","link":"https:\/\/legacy.colt.net\/fr\/product\/services-isdn-voice\/","title":{"rendered":"Services vocaux sur r\u00e9seau num\u00e9rique <\/br>de services int\u00e9gr\u00e9s (ISDN)"},"content":{"rendered":"\n\n\t<p>Business Phone Services<\/p>\n\t<p><strong>ISDN Voice Solutions<\/strong><\/p>\n\t<iframe loading=\"lazy\" width=\"560\" height=\"315\" src=\"https:\/\/www.youtube.com\/embed\/ISgyIibKpJU\" frameborder=\"0\" allow=\"accelerometer; autoplay; encrypted-media; gyroscope; picture-in-picture\" allowfullscreen><\/iframe>\n\t<p>Consolidate and simplify your voice services while reducing costs. A single network and supplier means one, reduced, flat fee, with extra savings to be made by centralising the telephony network through consolidation of Local Area Codes.<\/p>\n<p>Using the ISDN Service in combination with\u00a0<a href=\"https:\/\/legacy.colt.net\/product\/ip-access\/\">Colt Business Internet Access<\/a>\u00a0can further decrease your costs and once you are fully IP ready, you can easily migrate to a\u00a0<a href=\"https:\/\/legacy.colt.net\/product\/sip-trunking\/\">SIP Trunking Service<\/a>, which is even more cost effective.<\/p>\n<h3>Pan-European reach with reliability guaranteed<\/h3>\n<p>Our robust network is protected by Dual Homing, Disaster Recovery or Inbound Call Re-routing services, ensuring your business stays up and running should the unexpected happen. Because we fully own and operate our own network across 50 geographically diverse, carrier grade switches and SIP Trunking POPs, we can guarantee a seamless experience across 13 countries in Europe, compliant with all legal and regulatory requirements.<\/p>\n<h3>Flexible and transparent<\/h3>\n<p>Online call detail records (CDR) give you complete visibility of call spend and traffic, while All Inclusive or Bundled Minutes with Flat Fees or Pay-As-You-Go tariffs suit customers of all sizes and traffic levels.<\/p>\n<p>Our own number pool across Europe as well as extensive porting capabilities allows you to keep your current numbers, or add new ranges, with no disruption to the business.<\/p>\n<h3>Future proof<\/h3>\n<p>Next Generation IP Technology can help customers transition from legacy telephony to new voice technologies, such as\u00a0<a href=\"https:\/\/legacy.colt.net\/product\/sip-trunking\/\">SIP Trunking<\/a>\u00a0and\u00a0<a href=\"https:\/\/legacy.colt.net\/product\/clouduc\/\">Unified Communications<\/a>, enabling them to stay competitive and agile. With over 20 years&#8217; experience, and the most comprehensive Pan-European network, Colt is the ISDN provider of choice for thousands of businesses across Europe.<\/p>\n\t\t\t<a href=\"\" target=\"_self\" rel=\"noopener\">\n\t\t\t\t\t\t\tISDN datasheet\n\t\t\t\t\t<\/a>\n\t<h4>Learn more<\/h4>\nWant to learn more about our\u00a0<a href=\"https:\/\/legacy.colt.net\/sip-trunkingisdn-services\/\">business phone services<\/a>?<br \/>\nCheck out the rest of the products below.\n<a href=\"https:\/\/legacy.colt.net\/product\/sip-trunking\/\">SIP Trunking Services<\/a><br \/>\nWith SIP Trunking you simplify all your telecommunications into a single IP network. You keep all the features of traditional telephony, and call quality, while gaining a monthly cost saving as high as 50%.\n\t<p>Live chat with Sales<\/p>\n<p>For all your purchase enquiries.<\/p>\n<p><strong>Monday to Friday 9am &#8211; 5pm<\/strong><\/p>\n\t\t\t<a href=\"\" target=\"_self\" rel=\"noopener\">\n\t\t\t\t\t\t\tChat with us\n\t\t\t<\/a>\n\t<p>Contact us about ISDN Voice Services:<\/p>\n\tINSERT HUBSPOT EMBED CODE HERE\n\t<p>Call a specialist<\/p>\n<p><strong>+44 (0) 20 7863 5510<\/strong><\/p>\n<p><strong>Monday to Friday 9am &#8211; 5pm<\/strong><\/p>\n\t<p>Is your supplier letting you down?<\/p>\n<p><strong>Take advantage of our new offer so you can enjoy flexible and scalable services that you can rely on.<\/strong><\/p>\n\t\t\t<a href=\"\" target=\"_self\" rel=\"noopener\">\n\t\t\t\t\t\t\tGet started\n\t\t\t\t\t<\/a>\n\t<p>Case Study<\/p>\n\t\t\t\t<img loading=\"lazy\" decoding=\"async\" src=\"https:\/\/legacy.colt.net\/wp-content\/uploads\/2018\/10\/unext-logo-720x450.png\" alt=\"unext-logo-720x450\" itemprop=\"image\" height=\"450\" width=\"720\" title=\"unext-logo-720x450\" onerror=\"this.style.display='none'\"  \/>\n\t<p>U-NEXT Corporation<\/p>\n<p>U-NEXT selects Colt Wave as its low-latency, high-bandwidth data transfer solution for high-volume digital entertainment libraries&#8230;<\/p>\n\t<p>Related Product<\/p>\n\t\t\t\t<img loading=\"lazy\" decoding=\"async\" src=\"https:\/\/legacy.colt.net\/wp-content\/uploads\/2018\/10\/Spectrum.jpg\" alt=\"Spectrum\" itemprop=\"image\" height=\"450\" width=\"720\" title=\"Spectrum\" onerror=\"this.style.display='none'\"  \/>\n\t<p>Spectrum<\/p>\n<p>Providing ultra-high bandwidth connectivity, Colt Spectrum enables you to leverage your own investments in DWDM equipment, whilst benefiting from Colt&#8217;s extensive optical network reach and connectivity.<\/p>\n\t<p>Blog<\/p>\n\t\t\t\t<img loading=\"lazy\" decoding=\"async\" src=\"https:\/\/legacy.colt.net\/wp-content\/uploads\/2018\/10\/optical.jpg\" alt=\"optical\" itemprop=\"image\" height=\"450\" width=\"720\" title=\"optical\" onerror=\"this.style.display='none'\"  \/>\n\t<p>Digital transformation is more than raw bandwidth<\/p>\n<p>There&#8217;s no shortage of statistics acknowledging the scale of the challenge posed by global consumption of data, and they are all pretty daunting.<\/p>\n\n","protected":false},"excerpt":{"rendered":"<p>Business Phone Services ISDN Voice Solutions Consolidate and simplify your voice services while reducing costs. A single network and supplier means one, reduced, flat fee, with extra savings to be made by centralising the telephony network through consolidation of Local Area Codes. Using the ISDN Service in combination with\u00a0Colt Business Internet Access\u00a0can further decrease your&#8230;<\/p>\n","protected":false},"author":143,"featured_media":0,"parent":35895,"menu_order":0,"comment_status":"closed","ping_status":"closed","template":"page-templates\/template-product.php","meta":{"_acf_changed":false,"footnotes":""},"colt_type":[],"colt_products":[1492],"class_list":["post-37797","page","type-page","status-publish","hentry","colt_products-voice"],"acf":[],"yoast_head":"<!-- This site is optimized with the Yoast SEO plugin v26.8 - https:\/\/yoast.com\/product\/yoast-seo-wordpress\/ -->\n<title>ISDN Voice Service Provider - Colt Technology Services - FR<\/title>\n<meta name=\"description\" content=\"Des services RNIS paneurop\u00e9ens auxquels vous fier\" \/>\n<meta name=\"robots\" content=\"noindex, follow, max-snippet:-1, max-image-preview:large, max-video-preview:-1\" \/>\n<meta property=\"og:locale\" content=\"fr_FR\" \/>\n<meta property=\"og:type\" content=\"article\" \/>\n<meta property=\"og:title\" content=\"ISDN Voice Service Provider - Colt Technology Services - FR\" \/>\n<meta property=\"og:description\" content=\"Des services RNIS paneurop\u00e9ens auxquels vous fier\" \/>\n<meta property=\"og:url\" content=\"https:\/\/legacy.colt.net\/fr\/product\/services-isdn-voice\/\" \/>\n<meta property=\"og:site_name\" content=\"Colt Technology Services\" \/>\n<meta property=\"article:publisher\" content=\"https:\/\/www.facebook.com\/ColtTechnologyServices\/\" \/>\n<meta property=\"article:modified_time\" content=\"2024-12-14T13:18:45+00:00\" \/>\n<meta property=\"og:image\" content=\"https:\/\/legacy.colt.net\/wp-content\/uploads\/2021\/01\/Brand-2021-Stock-2.jpg\" \/>\n\t<meta property=\"og:image:width\" content=\"1000\" \/>\n\t<meta property=\"og:image:height\" content=\"676\" \/>\n\t<meta property=\"og:image:type\" content=\"image\/jpeg\" \/>\n<meta name=\"twitter:card\" content=\"summary_large_image\" \/>\n<meta name=\"twitter:site\" content=\"@colt_technology\" \/>\n<script type=\"application\/ld+json\" class=\"yoast-schema-graph\">{\"@context\":\"https:\/\/schema.org\",\"@graph\":[{\"@type\":\"WebPage\",\"@id\":\"https:\/\/legacy.colt.net\/fr\/product\/services-isdn-voice\/\",\"url\":\"https:\/\/legacy.colt.net\/fr\/product\/services-isdn-voice\/\",\"name\":\"ISDN Voice Service Provider - Colt Technology Services - FR\",\"isPartOf\":{\"@id\":\"https:\/\/legacy.colt.net\/#website\"},\"primaryImageOfPage\":{\"@id\":\"https:\/\/legacy.colt.net\/fr\/product\/services-isdn-voice\/#primaryimage\"},\"image\":{\"@id\":\"https:\/\/legacy.colt.net\/fr\/product\/services-isdn-voice\/#primaryimage\"},\"thumbnailUrl\":\"https:\/\/legacy.colt.net\/wp-content\/uploads\/2018\/10\/unext-logo-720x450.png\",\"datePublished\":\"2018-11-12T10:08:35+00:00\",\"dateModified\":\"2024-12-14T13:18:45+00:00\",\"description\":\"Des services RNIS paneurop\u00e9ens auxquels vous fier\",\"breadcrumb\":{\"@id\":\"https:\/\/legacy.colt.net\/fr\/product\/services-isdn-voice\/#breadcrumb\"},\"inLanguage\":\"fr-FR\",\"potentialAction\":[{\"@type\":\"ReadAction\",\"target\":[\"https:\/\/legacy.colt.net\/fr\/product\/services-isdn-voice\/\"]}]},{\"@type\":\"ImageObject\",\"inLanguage\":\"fr-FR\",\"@id\":\"https:\/\/legacy.colt.net\/fr\/product\/services-isdn-voice\/#primaryimage\",\"url\":\"https:\/\/legacy.colt.net\/wp-content\/uploads\/2018\/10\/unext-logo-720x450.png\",\"contentUrl\":\"https:\/\/legacy.colt.net\/wp-content\/uploads\/2018\/10\/unext-logo-720x450.png\"},{\"@type\":\"BreadcrumbList\",\"@id\":\"https:\/\/legacy.colt.net\/fr\/product\/services-isdn-voice\/#breadcrumb\",\"itemListElement\":[{\"@type\":\"ListItem\",\"position\":1,\"name\":\"Home\",\"item\":\"https:\/\/legacy.colt.net\/fr\/\"},{\"@type\":\"ListItem\",\"position\":2,\"name\":\"Produits &#038; Services r\u00e9seaux\",\"item\":\"https:\/\/legacy.colt.net\/fr\/product\/\"},{\"@type\":\"ListItem\",\"position\":3,\"name\":\"Services vocaux sur r\u00e9seau num\u00e9rique de services int\u00e9gr\u00e9s (ISDN)\"}]},{\"@type\":\"WebSite\",\"@id\":\"https:\/\/legacy.colt.net\/#website\",\"url\":\"https:\/\/legacy.colt.net\/\",\"name\":\"Colt\u30c6\u30af\u30ce\u30ed\u30b8\u30fc\u30b5\u30fc\u30d3\u30b9\u682a\u5f0f\u4f1a\u793e\",\"description\":\"Managed Network &amp; Voice Services Provider\",\"publisher\":{\"@id\":\"https:\/\/legacy.colt.net\/#organization\"},\"potentialAction\":[{\"@type\":\"SearchAction\",\"target\":{\"@type\":\"EntryPoint\",\"urlTemplate\":\"https:\/\/legacy.colt.net\/?s={search_term_string}\"},\"query-input\":{\"@type\":\"PropertyValueSpecification\",\"valueRequired\":true,\"valueName\":\"search_term_string\"}}],\"inLanguage\":\"fr-FR\"},{\"@type\":\"Organization\",\"@id\":\"https:\/\/legacy.colt.net\/#organization\",\"name\":\"Colt Technology Services\",\"url\":\"https:\/\/legacy.colt.net\/\",\"logo\":{\"@type\":\"ImageObject\",\"inLanguage\":\"fr-FR\",\"@id\":\"https:\/\/legacy.colt.net\/#\/schema\/logo\/image\/\",\"url\":\"https:\/\/legacy.colt.net\/wp-content\/uploads\/2019\/02\/Colt-Logo.png\",\"contentUrl\":\"https:\/\/legacy.colt.net\/wp-content\/uploads\/2019\/02\/Colt-Logo.png\",\"width\":195,\"height\":77,\"caption\":\"Colt Technology Services\"},\"image\":{\"@id\":\"https:\/\/legacy.colt.net\/#\/schema\/logo\/image\/\"},\"sameAs\":[\"https:\/\/www.facebook.com\/ColtTechnologyServices\/\",\"https:\/\/x.com\/colt_technology\",\"https:\/\/www.instagram.com\/colttechnologyservices\/\",\"https:\/\/www.linkedin.com\/company\/colt-technology-services\",\"https:\/\/www.youtube.com\/user\/ColtTechnology\"]}]}<\/script>\n<!-- \/ Yoast SEO plugin. -->","yoast_head_json":{"title":"ISDN Voice Service Provider - Colt Technology Services - FR","description":"Des services RNIS paneurop\u00e9ens auxquels vous fier","robots":{"index":"noindex","follow":"follow","max-snippet":"max-snippet:-1","max-image-preview":"max-image-preview:large","max-video-preview":"max-video-preview:-1"},"og_locale":"fr_FR","og_type":"article","og_title":"ISDN Voice Service Provider - Colt Technology Services - FR","og_description":"Des services RNIS paneurop\u00e9ens auxquels vous fier","og_url":"https:\/\/legacy.colt.net\/fr\/product\/services-isdn-voice\/","og_site_name":"Colt Technology Services","article_publisher":"https:\/\/www.facebook.com\/ColtTechnologyServices\/","article_modified_time":"2024-12-14T13:18:45+00:00","og_image":[{"width":1000,"height":676,"url":"https:\/\/legacy.colt.net\/wp-content\/uploads\/2021\/01\/Brand-2021-Stock-2.jpg","type":"image\/jpeg"}],"twitter_card":"summary_large_image","twitter_site":"@colt_technology","schema":{"@context":"https:\/\/schema.org","@graph":[{"@type":"WebPage","@id":"https:\/\/legacy.colt.net\/fr\/product\/services-isdn-voice\/","url":"https:\/\/legacy.colt.net\/fr\/product\/services-isdn-voice\/","name":"ISDN Voice Service Provider - Colt Technology Services - FR","isPartOf":{"@id":"https:\/\/legacy.colt.net\/#website"},"primaryImageOfPage":{"@id":"https:\/\/legacy.colt.net\/fr\/product\/services-isdn-voice\/#primaryimage"},"image":{"@id":"https:\/\/legacy.colt.net\/fr\/product\/services-isdn-voice\/#primaryimage"},"thumbnailUrl":"https:\/\/legacy.colt.net\/wp-content\/uploads\/2018\/10\/unext-logo-720x450.png","datePublished":"2018-11-12T10:08:35+00:00","dateModified":"2024-12-14T13:18:45+00:00","description":"Des services RNIS paneurop\u00e9ens auxquels vous fier","breadcrumb":{"@id":"https:\/\/legacy.colt.net\/fr\/product\/services-isdn-voice\/#breadcrumb"},"inLanguage":"fr-FR","potentialAction":[{"@type":"ReadAction","target":["https:\/\/legacy.colt.net\/fr\/product\/services-isdn-voice\/"]}]},{"@type":"ImageObject","inLanguage":"fr-FR","@id":"https:\/\/legacy.colt.net\/fr\/product\/services-isdn-voice\/#primaryimage","url":"https:\/\/legacy.colt.net\/wp-content\/uploads\/2018\/10\/unext-logo-720x450.png","contentUrl":"https:\/\/legacy.colt.net\/wp-content\/uploads\/2018\/10\/unext-logo-720x450.png"},{"@type":"BreadcrumbList","@id":"https:\/\/legacy.colt.net\/fr\/product\/services-isdn-voice\/#breadcrumb","itemListElement":[{"@type":"ListItem","position":1,"name":"Home","item":"https:\/\/legacy.colt.net\/fr\/"},{"@type":"ListItem","position":2,"name":"Produits &#038; Services r\u00e9seaux","item":"https:\/\/legacy.colt.net\/fr\/product\/"},{"@type":"ListItem","position":3,"name":"Services vocaux sur r\u00e9seau num\u00e9rique de services int\u00e9gr\u00e9s (ISDN)"}]},{"@type":"WebSite","@id":"https:\/\/legacy.colt.net\/#website","url":"https:\/\/legacy.colt.net\/","name":"Colt\u30c6\u30af\u30ce\u30ed\u30b8\u30fc\u30b5\u30fc\u30d3\u30b9\u682a\u5f0f\u4f1a\u793e","description":"Managed Network &amp; Voice Services Provider","publisher":{"@id":"https:\/\/legacy.colt.net\/#organization"},"potentialAction":[{"@type":"SearchAction","target":{"@type":"EntryPoint","urlTemplate":"https:\/\/legacy.colt.net\/?s={search_term_string}"},"query-input":{"@type":"PropertyValueSpecification","valueRequired":true,"valueName":"search_term_string"}}],"inLanguage":"fr-FR"},{"@type":"Organization","@id":"https:\/\/legacy.colt.net\/#organization","name":"Colt Technology Services","url":"https:\/\/legacy.colt.net\/","logo":{"@type":"ImageObject","inLanguage":"fr-FR","@id":"https:\/\/legacy.colt.net\/#\/schema\/logo\/image\/","url":"https:\/\/legacy.colt.net\/wp-content\/uploads\/2019\/02\/Colt-Logo.png","contentUrl":"https:\/\/legacy.colt.net\/wp-content\/uploads\/2019\/02\/Colt-Logo.png","width":195,"height":77,"caption":"Colt Technology Services"},"image":{"@id":"https:\/\/legacy.colt.net\/#\/schema\/logo\/image\/"},"sameAs":["https:\/\/www.facebook.com\/ColtTechnologyServices\/","https:\/\/x.com\/colt_technology","https:\/\/www.instagram.com\/colttechnologyservices\/","https:\/\/www.linkedin.com\/company\/colt-technology-services","https:\/\/www.youtube.com\/user\/ColtTechnology"]}]}},"_links":{"self":[{"href":"https:\/\/legacy.colt.net\/fr\/wp-json\/wp\/v2\/pages\/37797","targetHints":{"allow":["GET"]}}],"collection":[{"href":"https:\/\/legacy.colt.net\/fr\/wp-json\/wp\/v2\/pages"}],"about":[{"href":"https:\/\/legacy.colt.net\/fr\/wp-json\/wp\/v2\/types\/page"}],"author":[{"embeddable":true,"href":"https:\/\/legacy.colt.net\/fr\/wp-json\/wp\/v2\/users\/143"}],"replies":[{"embeddable":true,"href":"https:\/\/legacy.colt.net\/fr\/wp-json\/wp\/v2\/comments?post=37797"}],"version-history":[{"count":0,"href":"https:\/\/legacy.colt.net\/fr\/wp-json\/wp\/v2\/pages\/37797\/revisions"}],"up":[{"embeddable":true,"href":"https:\/\/legacy.colt.net\/fr\/wp-json\/wp\/v2\/pages\/35895"}],"wp:attachment":[{"href":"https:\/\/legacy.colt.net\/fr\/wp-json\/wp\/v2\/media?parent=37797"}],"wp:term":[{"taxonomy":"colt_type","embeddable":true,"href":"https:\/\/legacy.colt.net\/fr\/wp-json\/wp\/v2\/colt_type?post=37797"},{"taxonomy":"colt_products","embeddable":true,"href":"https:\/\/legacy.colt.net\/fr\/wp-json\/wp\/v2\/colt_products?post=37797"}],"curies":[{"name":"wp","href":"https:\/\/api.w.org\/{rel}","templated":true}]}}