{"id":37794,"date":"2018-11-12T16:11:51","date_gmt":"2018-11-12T16:11:51","guid":{"rendered":"https:\/\/www.colt.net\/product\/toll-free-non-geographic-numbers\/"},"modified":"2024-12-14T13:13:41","modified_gmt":"2024-12-14T13:13:41","slug":"service-access-numbers","status":"publish","type":"page","link":"https:\/\/legacy.colt.net\/fr\/product\/service-access-numbers\/","title":{"rendered":"Num\u00e9ros de t\u00e9l\u00e9phone professionnels entrants"},"content":{"rendered":"\n\n\t<p>Cloud Telephone Systems<\/p>\n\t<strong>Inbound Business Phone Numbers<br \/>\nFreephone &amp; Premium Rate<\/strong>\n\t<iframe loading=\"lazy\" width=\"560\" height=\"315\" src=\"https:\/\/www.youtube.com\/embed\/VVpVZAY45kw\" frameborder=\"0\" allow=\"accelerometer; autoplay; encrypted-media; gyroscope; picture-in-picture\" allowfullscreen><\/iframe>\n\t<p>Toll free (freephone), shared cost, and premium rate numbers make your business more accessible across diverse international markets and workforce. With business phone numbers from Colt you can collect calls from 23 countries in 3 continents. Then, with a single web interface, you can deliver them anywhere in the world.<\/p>\n<p>You choose the best tariff for your customers; toll free, IN Geo, shared cost or premium rate numbers.<\/p>\n<h3>Cost Effective &amp; Reliable<\/h3>\n<p>By using Colt as your single service provider across all countries, you&#8217;ll simplify billing and reduce administrative overheads for all your calls.<\/p>\n<p>We give a range of choices from routing to service packages and tariffs. You get to decide the best options for your business and your customers.<\/p>\n<h3>Control<\/h3>\n<p>No matter how spread out your organisation is, you can have a simple point of control to manage all call traffic. And deliver them anywhere in the world.<\/p>\n<p>We give you a suite of tools and automated reports to give you a complete view and control of how your business phone numbers are performing.<\/p>\n<p>Through a single web interface, and easy to use online portal, you can make or schedule any changes based on your needs. Toll free &amp; international business phone numbers leverage Colt&#8217;s global voice network helps you maintain a presence in markets even where you don&#8217;t have offices or staff working.<\/p>\n\t\t\t<a href=\"\" target=\"_self\" rel=\"noopener\">\n\t\t\t\t\t\t\tDatasheet\n\t\t\t\t\t<\/a>\n\t<h4>Learn more<\/h4>\nWant to learn more about our\u00a0<a href=\"https:\/\/legacy.colt.net\/in-services\/\">cloud telephone systems<\/a>?<br \/>\nCheck out the rest of our products below.\n<a href=\"https:\/\/legacy.colt.net\/product\/in-vas-and-contact-center\/\">Contact Centre Solutions<\/a><br \/>\nProvide the highest levels of customer service with Colt&#8217;s Contact Centre Services. A flexible and scalable solution that minimises risk and cost to the business.\n<a href=\"https:\/\/legacy.colt.net\/product\/voice-on-demand\/\">Voice On Demand &#8211; Cloud Contact Centre Solutions<\/a><br \/>\nTake full control of your voice services with Colt Voice On Demand, enabling you to scale services up and down in real time to meet business demands.\n\t<p>Live chat with Sales<\/p>\n<p>For all your purchase enquiries.<\/p>\n<p><strong>Monday to Friday 9am &#8211; 5pm<\/strong><\/p>\n\t\t\t<a href=\"\" target=\"_self\" rel=\"noopener\">\n\t\t\t\t\t\t\tChat with us\n\t\t\t<\/a>\n\t<p>Contact us about Inbound Business Phone Numbers Freephone &amp; Premium Rate:<\/p>\n\tINSERT HUBSPOT EMBED CODE HERE\n\t<p>Call a specialist<\/p>\n<p><strong>+44 (0) 20 7863 5510<\/strong><\/p>\n<p><strong>Monday to Friday 9am &#8211; 5pm<\/strong><\/p>\n\t<p>Case Study<\/p>\n\t\t\t\t<img loading=\"lazy\" decoding=\"async\" src=\"https:\/\/legacy.colt.net\/wp-content\/uploads\/2018\/10\/unext-logo-720x450.png\" alt=\"unext-logo-720x450\" itemprop=\"image\" height=\"450\" width=\"720\" title=\"unext-logo-720x450\" onerror=\"this.style.display='none'\"  \/>\n\t<p>U-NEXT Corporation<\/p>\n<p>U-NEXT selects Colt Wave as its low-latency, high-bandwidth data transfer solution for high-volume digital entertainment libraries&#8230;<\/p>\n\t<p>Related Product<\/p>\n\t\t\t\t<img loading=\"lazy\" decoding=\"async\" src=\"https:\/\/legacy.colt.net\/wp-content\/uploads\/2018\/10\/Spectrum.jpg\" alt=\"Spectrum\" itemprop=\"image\" height=\"450\" width=\"720\" title=\"Spectrum\" onerror=\"this.style.display='none'\"  \/>\n\t<p>Spectrum<\/p>\n<p>Providing ultra-high bandwidth connectivity, Colt Spectrum enables you to leverage your own investments in DWDM equipment, whilst benefiting from Colt&#8217;s extensive optical network reach and connectivity.<\/p>\n\t<p>Blog<\/p>\n\t\t\t\t<img loading=\"lazy\" decoding=\"async\" src=\"https:\/\/legacy.colt.net\/wp-content\/uploads\/2018\/10\/optical.jpg\" alt=\"optical\" itemprop=\"image\" height=\"450\" width=\"720\" title=\"optical\" onerror=\"this.style.display='none'\"  \/>\n\t<p>Digital transformation is more than raw bandwidth<\/p>\n<p>There&#8217;s no shortage of statistics acknowledging the scale of the challenge posed by global consumption of data, and they are all pretty daunting.<\/p>\n\n","protected":false},"excerpt":{"rendered":"<p>Cloud Telephone Systems Inbound Business Phone Numbers Freephone &amp; Premium Rate Toll free (freephone), shared cost, and premium rate numbers make your business more accessible across diverse international markets and workforce. With business phone numbers from Colt you can collect calls from 23 countries in 3 continents. Then, with a single web interface, you can&#8230;<\/p>\n","protected":false},"author":143,"featured_media":0,"parent":35895,"menu_order":0,"comment_status":"closed","ping_status":"closed","template":"page-templates\/template-product.php","meta":{"_acf_changed":false,"footnotes":""},"colt_type":[],"colt_products":[1492],"class_list":["post-37794","page","type-page","status-publish","hentry","colt_products-voice"],"acf":[],"yoast_head":"<!-- This site is optimized with the Yoast SEO plugin v26.8 - https:\/\/yoast.com\/product\/yoast-seo-wordpress\/ -->\n<title>Num\u00e9ros de t\u00e9l\u00e9phone professionnels entrants | Colt Technology Services | FR<\/title>\n<meta name=\"description\" content=\"Les num\u00e9ros d\u2019acc\u00e8s rendent votre entreprise plus accessible sur diff\u00e9rents march\u00e9s et \u00e0 travers diverses filiales.\" \/>\n<meta name=\"robots\" content=\"noindex, follow, max-snippet:-1, max-image-preview:large, max-video-preview:-1\" \/>\n<meta property=\"og:locale\" content=\"fr_FR\" \/>\n<meta property=\"og:type\" content=\"article\" \/>\n<meta property=\"og:title\" content=\"Num\u00e9ros de t\u00e9l\u00e9phone professionnels entrants | Colt Technology Services | FR\" \/>\n<meta property=\"og:description\" content=\"Les num\u00e9ros d\u2019acc\u00e8s rendent votre entreprise plus accessible sur diff\u00e9rents march\u00e9s et \u00e0 travers diverses filiales.\" \/>\n<meta property=\"og:url\" content=\"https:\/\/legacy.colt.net\/fr\/product\/service-access-numbers\/\" \/>\n<meta property=\"og:site_name\" content=\"Colt Technology Services\" \/>\n<meta property=\"article:publisher\" content=\"https:\/\/www.facebook.com\/ColtTechnologyServices\/\" \/>\n<meta property=\"article:modified_time\" content=\"2024-12-14T13:13:41+00:00\" \/>\n<meta property=\"og:image\" content=\"https:\/\/legacy.colt.net\/wp-content\/uploads\/2021\/01\/Brand-2021-Stock-14.jpg\" \/>\n\t<meta property=\"og:image:width\" content=\"1000\" \/>\n\t<meta property=\"og:image:height\" content=\"667\" \/>\n\t<meta property=\"og:image:type\" content=\"image\/jpeg\" \/>\n<meta name=\"twitter:card\" content=\"summary_large_image\" \/>\n<meta name=\"twitter:site\" content=\"@colt_technology\" \/>\n<script type=\"application\/ld+json\" class=\"yoast-schema-graph\">{\"@context\":\"https:\/\/schema.org\",\"@graph\":[{\"@type\":\"WebPage\",\"@id\":\"https:\/\/legacy.colt.net\/fr\/product\/service-access-numbers\/\",\"url\":\"https:\/\/legacy.colt.net\/fr\/product\/service-access-numbers\/\",\"name\":\"Num\u00e9ros de t\u00e9l\u00e9phone professionnels entrants | Colt Technology Services | FR\",\"isPartOf\":{\"@id\":\"https:\/\/legacy.colt.net\/#website\"},\"primaryImageOfPage\":{\"@id\":\"https:\/\/legacy.colt.net\/fr\/product\/service-access-numbers\/#primaryimage\"},\"image\":{\"@id\":\"https:\/\/legacy.colt.net\/fr\/product\/service-access-numbers\/#primaryimage\"},\"thumbnailUrl\":\"https:\/\/legacy.colt.net\/wp-content\/uploads\/2018\/10\/unext-logo-720x450.png\",\"datePublished\":\"2018-11-12T16:11:51+00:00\",\"dateModified\":\"2024-12-14T13:13:41+00:00\",\"description\":\"Les num\u00e9ros d\u2019acc\u00e8s rendent votre entreprise plus accessible sur diff\u00e9rents march\u00e9s et \u00e0 travers diverses filiales.\",\"breadcrumb\":{\"@id\":\"https:\/\/legacy.colt.net\/fr\/product\/service-access-numbers\/#breadcrumb\"},\"inLanguage\":\"fr-FR\",\"potentialAction\":[{\"@type\":\"ReadAction\",\"target\":[\"https:\/\/legacy.colt.net\/fr\/product\/service-access-numbers\/\"]}]},{\"@type\":\"ImageObject\",\"inLanguage\":\"fr-FR\",\"@id\":\"https:\/\/legacy.colt.net\/fr\/product\/service-access-numbers\/#primaryimage\",\"url\":\"https:\/\/legacy.colt.net\/wp-content\/uploads\/2018\/10\/unext-logo-720x450.png\",\"contentUrl\":\"https:\/\/legacy.colt.net\/wp-content\/uploads\/2018\/10\/unext-logo-720x450.png\"},{\"@type\":\"BreadcrumbList\",\"@id\":\"https:\/\/legacy.colt.net\/fr\/product\/service-access-numbers\/#breadcrumb\",\"itemListElement\":[{\"@type\":\"ListItem\",\"position\":1,\"name\":\"Home\",\"item\":\"https:\/\/legacy.colt.net\/fr\/\"},{\"@type\":\"ListItem\",\"position\":2,\"name\":\"Produits &#038; Services r\u00e9seaux\",\"item\":\"https:\/\/legacy.colt.net\/fr\/product\/\"},{\"@type\":\"ListItem\",\"position\":3,\"name\":\"Num\u00e9ros de t\u00e9l\u00e9phone professionnels entrants\"}]},{\"@type\":\"WebSite\",\"@id\":\"https:\/\/legacy.colt.net\/#website\",\"url\":\"https:\/\/legacy.colt.net\/\",\"name\":\"Colt\u30c6\u30af\u30ce\u30ed\u30b8\u30fc\u30b5\u30fc\u30d3\u30b9\u682a\u5f0f\u4f1a\u793e\",\"description\":\"Managed Network &amp; Voice Services Provider\",\"publisher\":{\"@id\":\"https:\/\/legacy.colt.net\/#organization\"},\"potentialAction\":[{\"@type\":\"SearchAction\",\"target\":{\"@type\":\"EntryPoint\",\"urlTemplate\":\"https:\/\/legacy.colt.net\/?s={search_term_string}\"},\"query-input\":{\"@type\":\"PropertyValueSpecification\",\"valueRequired\":true,\"valueName\":\"search_term_string\"}}],\"inLanguage\":\"fr-FR\"},{\"@type\":\"Organization\",\"@id\":\"https:\/\/legacy.colt.net\/#organization\",\"name\":\"Colt Technology Services\",\"url\":\"https:\/\/legacy.colt.net\/\",\"logo\":{\"@type\":\"ImageObject\",\"inLanguage\":\"fr-FR\",\"@id\":\"https:\/\/legacy.colt.net\/#\/schema\/logo\/image\/\",\"url\":\"https:\/\/legacy.colt.net\/wp-content\/uploads\/2019\/02\/Colt-Logo.png\",\"contentUrl\":\"https:\/\/legacy.colt.net\/wp-content\/uploads\/2019\/02\/Colt-Logo.png\",\"width\":195,\"height\":77,\"caption\":\"Colt Technology Services\"},\"image\":{\"@id\":\"https:\/\/legacy.colt.net\/#\/schema\/logo\/image\/\"},\"sameAs\":[\"https:\/\/www.facebook.com\/ColtTechnologyServices\/\",\"https:\/\/x.com\/colt_technology\",\"https:\/\/www.instagram.com\/colttechnologyservices\/\",\"https:\/\/www.linkedin.com\/company\/colt-technology-services\",\"https:\/\/www.youtube.com\/user\/ColtTechnology\"]}]}<\/script>\n<!-- \/ Yoast SEO plugin. -->","yoast_head_json":{"title":"Num\u00e9ros de t\u00e9l\u00e9phone professionnels entrants | Colt Technology Services | FR","description":"Les num\u00e9ros d\u2019acc\u00e8s rendent votre entreprise plus accessible sur diff\u00e9rents march\u00e9s et \u00e0 travers diverses filiales.","robots":{"index":"noindex","follow":"follow","max-snippet":"max-snippet:-1","max-image-preview":"max-image-preview:large","max-video-preview":"max-video-preview:-1"},"og_locale":"fr_FR","og_type":"article","og_title":"Num\u00e9ros de t\u00e9l\u00e9phone professionnels entrants | Colt Technology Services | FR","og_description":"Les num\u00e9ros d\u2019acc\u00e8s rendent votre entreprise plus accessible sur diff\u00e9rents march\u00e9s et \u00e0 travers diverses filiales.","og_url":"https:\/\/legacy.colt.net\/fr\/product\/service-access-numbers\/","og_site_name":"Colt Technology Services","article_publisher":"https:\/\/www.facebook.com\/ColtTechnologyServices\/","article_modified_time":"2024-12-14T13:13:41+00:00","og_image":[{"width":1000,"height":667,"url":"https:\/\/legacy.colt.net\/wp-content\/uploads\/2021\/01\/Brand-2021-Stock-14.jpg","type":"image\/jpeg"}],"twitter_card":"summary_large_image","twitter_site":"@colt_technology","schema":{"@context":"https:\/\/schema.org","@graph":[{"@type":"WebPage","@id":"https:\/\/legacy.colt.net\/fr\/product\/service-access-numbers\/","url":"https:\/\/legacy.colt.net\/fr\/product\/service-access-numbers\/","name":"Num\u00e9ros de t\u00e9l\u00e9phone professionnels entrants | Colt Technology Services | FR","isPartOf":{"@id":"https:\/\/legacy.colt.net\/#website"},"primaryImageOfPage":{"@id":"https:\/\/legacy.colt.net\/fr\/product\/service-access-numbers\/#primaryimage"},"image":{"@id":"https:\/\/legacy.colt.net\/fr\/product\/service-access-numbers\/#primaryimage"},"thumbnailUrl":"https:\/\/legacy.colt.net\/wp-content\/uploads\/2018\/10\/unext-logo-720x450.png","datePublished":"2018-11-12T16:11:51+00:00","dateModified":"2024-12-14T13:13:41+00:00","description":"Les num\u00e9ros d\u2019acc\u00e8s rendent votre entreprise plus accessible sur diff\u00e9rents march\u00e9s et \u00e0 travers diverses filiales.","breadcrumb":{"@id":"https:\/\/legacy.colt.net\/fr\/product\/service-access-numbers\/#breadcrumb"},"inLanguage":"fr-FR","potentialAction":[{"@type":"ReadAction","target":["https:\/\/legacy.colt.net\/fr\/product\/service-access-numbers\/"]}]},{"@type":"ImageObject","inLanguage":"fr-FR","@id":"https:\/\/legacy.colt.net\/fr\/product\/service-access-numbers\/#primaryimage","url":"https:\/\/legacy.colt.net\/wp-content\/uploads\/2018\/10\/unext-logo-720x450.png","contentUrl":"https:\/\/legacy.colt.net\/wp-content\/uploads\/2018\/10\/unext-logo-720x450.png"},{"@type":"BreadcrumbList","@id":"https:\/\/legacy.colt.net\/fr\/product\/service-access-numbers\/#breadcrumb","itemListElement":[{"@type":"ListItem","position":1,"name":"Home","item":"https:\/\/legacy.colt.net\/fr\/"},{"@type":"ListItem","position":2,"name":"Produits &#038; Services r\u00e9seaux","item":"https:\/\/legacy.colt.net\/fr\/product\/"},{"@type":"ListItem","position":3,"name":"Num\u00e9ros de t\u00e9l\u00e9phone professionnels entrants"}]},{"@type":"WebSite","@id":"https:\/\/legacy.colt.net\/#website","url":"https:\/\/legacy.colt.net\/","name":"Colt\u30c6\u30af\u30ce\u30ed\u30b8\u30fc\u30b5\u30fc\u30d3\u30b9\u682a\u5f0f\u4f1a\u793e","description":"Managed Network &amp; Voice Services Provider","publisher":{"@id":"https:\/\/legacy.colt.net\/#organization"},"potentialAction":[{"@type":"SearchAction","target":{"@type":"EntryPoint","urlTemplate":"https:\/\/legacy.colt.net\/?s={search_term_string}"},"query-input":{"@type":"PropertyValueSpecification","valueRequired":true,"valueName":"search_term_string"}}],"inLanguage":"fr-FR"},{"@type":"Organization","@id":"https:\/\/legacy.colt.net\/#organization","name":"Colt Technology Services","url":"https:\/\/legacy.colt.net\/","logo":{"@type":"ImageObject","inLanguage":"fr-FR","@id":"https:\/\/legacy.colt.net\/#\/schema\/logo\/image\/","url":"https:\/\/legacy.colt.net\/wp-content\/uploads\/2019\/02\/Colt-Logo.png","contentUrl":"https:\/\/legacy.colt.net\/wp-content\/uploads\/2019\/02\/Colt-Logo.png","width":195,"height":77,"caption":"Colt Technology Services"},"image":{"@id":"https:\/\/legacy.colt.net\/#\/schema\/logo\/image\/"},"sameAs":["https:\/\/www.facebook.com\/ColtTechnologyServices\/","https:\/\/x.com\/colt_technology","https:\/\/www.instagram.com\/colttechnologyservices\/","https:\/\/www.linkedin.com\/company\/colt-technology-services","https:\/\/www.youtube.com\/user\/ColtTechnology"]}]}},"_links":{"self":[{"href":"https:\/\/legacy.colt.net\/fr\/wp-json\/wp\/v2\/pages\/37794","targetHints":{"allow":["GET"]}}],"collection":[{"href":"https:\/\/legacy.colt.net\/fr\/wp-json\/wp\/v2\/pages"}],"about":[{"href":"https:\/\/legacy.colt.net\/fr\/wp-json\/wp\/v2\/types\/page"}],"author":[{"embeddable":true,"href":"https:\/\/legacy.colt.net\/fr\/wp-json\/wp\/v2\/users\/143"}],"replies":[{"embeddable":true,"href":"https:\/\/legacy.colt.net\/fr\/wp-json\/wp\/v2\/comments?post=37794"}],"version-history":[{"count":0,"href":"https:\/\/legacy.colt.net\/fr\/wp-json\/wp\/v2\/pages\/37794\/revisions"}],"up":[{"embeddable":true,"href":"https:\/\/legacy.colt.net\/fr\/wp-json\/wp\/v2\/pages\/35895"}],"wp:attachment":[{"href":"https:\/\/legacy.colt.net\/fr\/wp-json\/wp\/v2\/media?parent=37794"}],"wp:term":[{"taxonomy":"colt_type","embeddable":true,"href":"https:\/\/legacy.colt.net\/fr\/wp-json\/wp\/v2\/colt_type?post=37794"},{"taxonomy":"colt_products","embeddable":true,"href":"https:\/\/legacy.colt.net\/fr\/wp-json\/wp\/v2\/colt_products?post=37794"}],"curies":[{"name":"wp","href":"https:\/\/api.w.org\/{rel}","templated":true}]}}