{"id":37776,"date":"2018-11-12T17:03:31","date_gmt":"2018-11-12T17:03:31","guid":{"rendered":"https:\/\/www.colt.net\/product\/in-over-carrier-voip\/"},"modified":"2022-02-25T10:11:42","modified_gmt":"2022-02-25T10:11:42","slug":"in-over-carrier-voip","status":"publish","type":"page","link":"https:\/\/legacy.colt.net\/fr\/product\/in-over-carrier-voip\/","title":{"rendered":"IN over Carrier VoIP"},"content":{"rendered":"<p class=\"intro\">Parmi notre offre de services de t\u00e9l\u00e9phonie pour entreprise, Colt IN over Carrier VoIP s\u2019adresse de mani\u00e8re sp\u00e9cifique aux prestataires ayant besoin de num\u00e9ros fixes pour leurs centres d\u2019appels et leurs services de t\u00e9l\u00e9conf\u00e9rence \u00e0 l&#8217;international.<\/p>\n<h3><strong>Simplifiez votre activit\u00e9<\/strong><\/h3>\n<p>Vous g\u00e9rez l\u2019ensemble de votre trafic entrant vers vos services IN (Intelligent Network) \u00e0 un niveau international avec une seule interconnexion SIP.<\/p>\n<p>Nous collectons vos appels VoIP IN et les acheminons vers votre plateforme VoIP sur notre r\u00e9seau d\u2019op\u00e9rateur prim\u00e9, de mani\u00e8re \u00e9volutive et \u00e9conomique, en totale conformit\u00e9 avec les r\u00e9glementations sp\u00e9cifiques de chaque pays.<\/p>\n<h3><strong>Une flexibilit\u00e9 adapt\u00e9e \u00e0 vos besoins<\/strong><\/h3>\n<p>Notre offre compl\u00e8te de services IN englobe des num\u00e9ros gratuits, \u00e0 co\u00fbt partag\u00e9, surtax\u00e9s ou g\u00e9ographiques dans 13 pays.<\/p>\n<p>Vous choisissez l\u2019option d\u2019interconnexion SIP adapt\u00e9e \u00e0 vos besoins m\u00e9tier (Ethernet, IPVPN avec qualit\u00e9 de service garantie ou acc\u00e8s Internet public pour connecter vos sites \u00e0 travers le monde).<\/p>\n<p>Vous facturez vos clients finaux de mani\u00e8re flexible en ayant acc\u00e8s \u00e0 nos \u00ab unrated CDR \u00bb standard deux fois par jour.<\/p>\n<h3><strong>La conformit\u00e9 r\u00e9glementaire en toute simplicit\u00e9<\/strong><\/h3>\n<p>Vous restez concentr\u00e9 sur votre c\u0153ur de m\u00e9tier. Avec un unique interlocuteur international, vous \u00e9vitez des contrats complexes avec de multiples op\u00e9rateurs nationaux et un investissement dans des processus locaux.<\/p>\n<p>Forts de plus de 20 ans d\u2019exp\u00e9rience sur la r\u00e9glementation et de notre r\u00e9seau prim\u00e9, nous sommes le partenaire de choix pour les num\u00e9ros de services IN.<\/p>\n","protected":false},"excerpt":{"rendered":"<p>Parmi notre offre de services de t\u00e9l\u00e9phonie pour entreprise, Colt IN over Carrier VoIP s\u2019adresse de mani\u00e8re sp\u00e9cifique aux prestataires ayant besoin de num\u00e9ros fixes pour leurs centres d\u2019appels et leurs services de t\u00e9l\u00e9conf\u00e9rence \u00e0 l&#8217;international. Simplifiez votre activit\u00e9 Vous g\u00e9rez l\u2019ensemble de votre trafic entrant vers vos services IN (Intelligent Network) \u00e0 un niveau&#8230;<\/p>\n","protected":false},"author":143,"featured_media":0,"parent":35895,"menu_order":0,"comment_status":"closed","ping_status":"closed","template":"page-templates\/template-product.php","meta":{"_acf_changed":false,"footnotes":""},"colt_type":[],"colt_products":[1492],"class_list":["post-37776","page","type-page","status-publish","hentry","colt_products-voice"],"acf":[],"yoast_head":"<!-- This site is optimized with the Yoast SEO plugin v26.8 - https:\/\/yoast.com\/product\/yoast-seo-wordpress\/ -->\n<title>IN over Carrier VoIP - Colt Technology Services - FR<\/title>\n<meta name=\"description\" content=\"La solution &quot;IN over Carrier VoIP&quot; de Colt vous permet d&#039;acheminer le trafic des num\u00e9ros de services IN (Intelligent Network) \u00e0 votre plate-forme VoIP....\" \/>\n<meta name=\"robots\" content=\"noindex, follow, max-snippet:-1, max-image-preview:large, max-video-preview:-1\" \/>\n<meta property=\"og:locale\" content=\"fr_FR\" \/>\n<meta property=\"og:type\" content=\"article\" \/>\n<meta property=\"og:title\" content=\"IN over Carrier VoIP - Colt Technology Services - FR\" \/>\n<meta property=\"og:description\" content=\"La solution &quot;IN over Carrier VoIP&quot; de Colt vous permet d&#039;acheminer le trafic des num\u00e9ros de services IN (Intelligent Network) \u00e0 votre plate-forme VoIP....\" \/>\n<meta property=\"og:url\" content=\"https:\/\/legacy.colt.net\/fr\/product\/in-over-carrier-voip\/\" \/>\n<meta property=\"og:site_name\" content=\"Colt Technology Services\" \/>\n<meta property=\"article:publisher\" content=\"https:\/\/www.facebook.com\/ColtTechnologyServices\/\" \/>\n<meta property=\"article:modified_time\" content=\"2022-02-25T10:11:42+00:00\" \/>\n<meta name=\"twitter:card\" content=\"summary_large_image\" \/>\n<meta name=\"twitter:site\" content=\"@colt_technology\" \/>\n<meta name=\"twitter:label1\" content=\"Est. reading time\" \/>\n\t<meta name=\"twitter:data1\" content=\"1 minute\" \/>\n<script type=\"application\/ld+json\" class=\"yoast-schema-graph\">{\"@context\":\"https:\/\/schema.org\",\"@graph\":[{\"@type\":\"WebPage\",\"@id\":\"https:\/\/legacy.colt.net\/fr\/product\/in-over-carrier-voip\/\",\"url\":\"https:\/\/legacy.colt.net\/fr\/product\/in-over-carrier-voip\/\",\"name\":\"IN over Carrier VoIP - Colt Technology Services - FR\",\"isPartOf\":{\"@id\":\"https:\/\/legacy.colt.net\/#website\"},\"datePublished\":\"2018-11-12T17:03:31+00:00\",\"dateModified\":\"2022-02-25T10:11:42+00:00\",\"description\":\"La solution \\\"IN over Carrier VoIP\\\" de Colt vous permet d'acheminer le trafic des num\u00e9ros de services IN (Intelligent Network) \u00e0 votre plate-forme VoIP....\",\"breadcrumb\":{\"@id\":\"https:\/\/legacy.colt.net\/fr\/product\/in-over-carrier-voip\/#breadcrumb\"},\"inLanguage\":\"fr-FR\",\"potentialAction\":[{\"@type\":\"ReadAction\",\"target\":[\"https:\/\/legacy.colt.net\/fr\/product\/in-over-carrier-voip\/\"]}]},{\"@type\":\"BreadcrumbList\",\"@id\":\"https:\/\/legacy.colt.net\/fr\/product\/in-over-carrier-voip\/#breadcrumb\",\"itemListElement\":[{\"@type\":\"ListItem\",\"position\":1,\"name\":\"Home\",\"item\":\"https:\/\/legacy.colt.net\/fr\/\"},{\"@type\":\"ListItem\",\"position\":2,\"name\":\"Produits &#038; Services r\u00e9seaux\",\"item\":\"https:\/\/legacy.colt.net\/fr\/product\/\"},{\"@type\":\"ListItem\",\"position\":3,\"name\":\"IN over Carrier VoIP\"}]},{\"@type\":\"WebSite\",\"@id\":\"https:\/\/legacy.colt.net\/#website\",\"url\":\"https:\/\/legacy.colt.net\/\",\"name\":\"Colt\u30c6\u30af\u30ce\u30ed\u30b8\u30fc\u30b5\u30fc\u30d3\u30b9\u682a\u5f0f\u4f1a\u793e\",\"description\":\"Managed Network &amp; Voice Services Provider\",\"publisher\":{\"@id\":\"https:\/\/legacy.colt.net\/#organization\"},\"potentialAction\":[{\"@type\":\"SearchAction\",\"target\":{\"@type\":\"EntryPoint\",\"urlTemplate\":\"https:\/\/legacy.colt.net\/?s={search_term_string}\"},\"query-input\":{\"@type\":\"PropertyValueSpecification\",\"valueRequired\":true,\"valueName\":\"search_term_string\"}}],\"inLanguage\":\"fr-FR\"},{\"@type\":\"Organization\",\"@id\":\"https:\/\/legacy.colt.net\/#organization\",\"name\":\"Colt Technology Services\",\"url\":\"https:\/\/legacy.colt.net\/\",\"logo\":{\"@type\":\"ImageObject\",\"inLanguage\":\"fr-FR\",\"@id\":\"https:\/\/legacy.colt.net\/#\/schema\/logo\/image\/\",\"url\":\"https:\/\/legacy.colt.net\/wp-content\/uploads\/2019\/02\/Colt-Logo.png\",\"contentUrl\":\"https:\/\/legacy.colt.net\/wp-content\/uploads\/2019\/02\/Colt-Logo.png\",\"width\":195,\"height\":77,\"caption\":\"Colt Technology Services\"},\"image\":{\"@id\":\"https:\/\/legacy.colt.net\/#\/schema\/logo\/image\/\"},\"sameAs\":[\"https:\/\/www.facebook.com\/ColtTechnologyServices\/\",\"https:\/\/x.com\/colt_technology\",\"https:\/\/www.instagram.com\/colttechnologyservices\/\",\"https:\/\/www.linkedin.com\/company\/colt-technology-services\",\"https:\/\/www.youtube.com\/user\/ColtTechnology\"]}]}<\/script>\n<!-- \/ Yoast SEO plugin. -->","yoast_head_json":{"title":"IN over Carrier VoIP - Colt Technology Services - FR","description":"La solution \"IN over Carrier VoIP\" de Colt vous permet d'acheminer le trafic des num\u00e9ros de services IN (Intelligent Network) \u00e0 votre plate-forme VoIP....","robots":{"index":"noindex","follow":"follow","max-snippet":"max-snippet:-1","max-image-preview":"max-image-preview:large","max-video-preview":"max-video-preview:-1"},"og_locale":"fr_FR","og_type":"article","og_title":"IN over Carrier VoIP - Colt Technology Services - FR","og_description":"La solution \"IN over Carrier VoIP\" de Colt vous permet d'acheminer le trafic des num\u00e9ros de services IN (Intelligent Network) \u00e0 votre plate-forme VoIP....","og_url":"https:\/\/legacy.colt.net\/fr\/product\/in-over-carrier-voip\/","og_site_name":"Colt Technology Services","article_publisher":"https:\/\/www.facebook.com\/ColtTechnologyServices\/","article_modified_time":"2022-02-25T10:11:42+00:00","twitter_card":"summary_large_image","twitter_site":"@colt_technology","twitter_misc":{"Est. reading time":"1 minute"},"schema":{"@context":"https:\/\/schema.org","@graph":[{"@type":"WebPage","@id":"https:\/\/legacy.colt.net\/fr\/product\/in-over-carrier-voip\/","url":"https:\/\/legacy.colt.net\/fr\/product\/in-over-carrier-voip\/","name":"IN over Carrier VoIP - Colt Technology Services - FR","isPartOf":{"@id":"https:\/\/legacy.colt.net\/#website"},"datePublished":"2018-11-12T17:03:31+00:00","dateModified":"2022-02-25T10:11:42+00:00","description":"La solution \"IN over Carrier VoIP\" de Colt vous permet d'acheminer le trafic des num\u00e9ros de services IN (Intelligent Network) \u00e0 votre plate-forme VoIP....","breadcrumb":{"@id":"https:\/\/legacy.colt.net\/fr\/product\/in-over-carrier-voip\/#breadcrumb"},"inLanguage":"fr-FR","potentialAction":[{"@type":"ReadAction","target":["https:\/\/legacy.colt.net\/fr\/product\/in-over-carrier-voip\/"]}]},{"@type":"BreadcrumbList","@id":"https:\/\/legacy.colt.net\/fr\/product\/in-over-carrier-voip\/#breadcrumb","itemListElement":[{"@type":"ListItem","position":1,"name":"Home","item":"https:\/\/legacy.colt.net\/fr\/"},{"@type":"ListItem","position":2,"name":"Produits &#038; Services r\u00e9seaux","item":"https:\/\/legacy.colt.net\/fr\/product\/"},{"@type":"ListItem","position":3,"name":"IN over Carrier VoIP"}]},{"@type":"WebSite","@id":"https:\/\/legacy.colt.net\/#website","url":"https:\/\/legacy.colt.net\/","name":"Colt\u30c6\u30af\u30ce\u30ed\u30b8\u30fc\u30b5\u30fc\u30d3\u30b9\u682a\u5f0f\u4f1a\u793e","description":"Managed Network &amp; Voice Services Provider","publisher":{"@id":"https:\/\/legacy.colt.net\/#organization"},"potentialAction":[{"@type":"SearchAction","target":{"@type":"EntryPoint","urlTemplate":"https:\/\/legacy.colt.net\/?s={search_term_string}"},"query-input":{"@type":"PropertyValueSpecification","valueRequired":true,"valueName":"search_term_string"}}],"inLanguage":"fr-FR"},{"@type":"Organization","@id":"https:\/\/legacy.colt.net\/#organization","name":"Colt Technology Services","url":"https:\/\/legacy.colt.net\/","logo":{"@type":"ImageObject","inLanguage":"fr-FR","@id":"https:\/\/legacy.colt.net\/#\/schema\/logo\/image\/","url":"https:\/\/legacy.colt.net\/wp-content\/uploads\/2019\/02\/Colt-Logo.png","contentUrl":"https:\/\/legacy.colt.net\/wp-content\/uploads\/2019\/02\/Colt-Logo.png","width":195,"height":77,"caption":"Colt Technology Services"},"image":{"@id":"https:\/\/legacy.colt.net\/#\/schema\/logo\/image\/"},"sameAs":["https:\/\/www.facebook.com\/ColtTechnologyServices\/","https:\/\/x.com\/colt_technology","https:\/\/www.instagram.com\/colttechnologyservices\/","https:\/\/www.linkedin.com\/company\/colt-technology-services","https:\/\/www.youtube.com\/user\/ColtTechnology"]}]}},"_links":{"self":[{"href":"https:\/\/legacy.colt.net\/fr\/wp-json\/wp\/v2\/pages\/37776","targetHints":{"allow":["GET"]}}],"collection":[{"href":"https:\/\/legacy.colt.net\/fr\/wp-json\/wp\/v2\/pages"}],"about":[{"href":"https:\/\/legacy.colt.net\/fr\/wp-json\/wp\/v2\/types\/page"}],"author":[{"embeddable":true,"href":"https:\/\/legacy.colt.net\/fr\/wp-json\/wp\/v2\/users\/143"}],"replies":[{"embeddable":true,"href":"https:\/\/legacy.colt.net\/fr\/wp-json\/wp\/v2\/comments?post=37776"}],"version-history":[{"count":0,"href":"https:\/\/legacy.colt.net\/fr\/wp-json\/wp\/v2\/pages\/37776\/revisions"}],"up":[{"embeddable":true,"href":"https:\/\/legacy.colt.net\/fr\/wp-json\/wp\/v2\/pages\/35895"}],"wp:attachment":[{"href":"https:\/\/legacy.colt.net\/fr\/wp-json\/wp\/v2\/media?parent=37776"}],"wp:term":[{"taxonomy":"colt_type","embeddable":true,"href":"https:\/\/legacy.colt.net\/fr\/wp-json\/wp\/v2\/colt_type?post=37776"},{"taxonomy":"colt_products","embeddable":true,"href":"https:\/\/legacy.colt.net\/fr\/wp-json\/wp\/v2\/colt_products?post=37776"}],"curies":[{"name":"wp","href":"https:\/\/api.w.org\/{rel}","templated":true}]}}