{"id":37639,"date":"2018-11-09T11:29:30","date_gmt":"2018-11-09T11:29:30","guid":{"rendered":"https:\/\/www.colt.net\/product\/ethernet-hub-spoke\/"},"modified":"2020-08-11T11:40:50","modified_gmt":"2020-08-11T10:40:50","slug":"ethernet-hub-spoke","status":"publish","type":"page","link":"https:\/\/legacy.colt.net\/fr\/product\/ethernet-hub-spoke\/","title":{"rendered":"Ethernet Hub &#038; Spoke"},"content":{"rendered":"<p><iframe loading=\"lazy\" src=\"https:\/\/www.youtube.com\/embed\/4XSo9bt-Ji0\" width=\"844\" height=\"475\" frameborder=\"0\" allowfullscreen=\"allowfullscreen\"><span data-mce-type=\"bookmark\" style=\"display: inline-block; width: 0px; overflow: hidden; line-height: 0;\" class=\"mce_SELRES_start\">\ufeff<\/span><span data-mce-type=\"bookmark\" style=\"display: inline-block; width: 0px; overflow: hidden; line-height: 0;\" class=\"mce_SELRES_start\">\ufeff<\/span><span data-mce-type=\"bookmark\" style=\"display: inline-block; width: 0px; overflow: hidden; line-height: 0;\" class=\"mce_SELRES_start\">\ufeff<\/span><span data-mce-type=\"bookmark\" style=\"display: inline-block; width: 0px; overflow: hidden; line-height: 0;\" class=\"mce_SELRES_start\">\ufeff<\/span><\/iframe><\/p>\n<p class=\"intro\">Solution \u00e9conomique et facile \u00e0 g\u00e9rer pour connecter des sites multiples au si\u00e8ge de l\u2019entreprise, \u00e0 un data centre ou au point d\u2019acc\u00e8s (PoP) d\u2019un op\u00e9rateur, Ethernet Hub &amp; Spoke est un service point \u00e0 multipoint enti\u00e8rement manag\u00e9.<\/p>\n<p>LANLink Hub &amp; Spoke est une solution point \u00e0 multipoint pour la connexion de services\/sites (Spokes) multiples \u00e0 un site central (Hub) via une seule et m\u00eame interface agr\u00e9g\u00e9e.<\/p>\n<h3><strong>Couverture et choix<\/strong><\/h3>\n<p>Colt Ethernet Hub &amp; Spoke est un service Ethernet agr\u00e9g\u00e9 qui vous permet d\u2019interconnecter des sites (Spokes) au niveau local (Metro), national ou international \u00e0 un seul Hub Ethernet. Tous les services Spoke sont Full Duplex, c\u2019est-\u00e0-dire que vous pouvez utiliser simultan\u00e9ment dans chaque sens la totalit\u00e9 de la bande passante command\u00e9e.<\/p>\n<p>La bande passante au niveau du Hub est de 1 Gbit\/s ou 10 Gbit\/s. Au niveau de chaque site Spoke, elle s\u2019\u00e9chelonne de 2 Mbit\/s \u00e0 1 Gbit\/s. Les diff\u00e9rents circuits Spoke sont s\u00e9par\u00e9s au moyen de VLAN 802.1Q.<\/p>\n<h3><strong>Service enti\u00e8rement manag\u00e9<\/strong><\/h3>\n<p>Colt centralise la responsabilit\u00e9 et peut assurer les niveaux n\u00e9cessaires de s\u00e9paration en passant par son propre r\u00e9seau de bout en bout. Votre personnel informatique peut ainsi se concentrer sur les services applicatifs essentiels \u00e0 votre activit\u00e9. Colt se charge de la conception, la mise en \u0153uvre, la gestion et la maintenance du service, de sorte que vous n\u2019avez pas \u00e0 investir dans des comp\u00e9tences ou du mat\u00e9riel sp\u00e9cialis\u00e9s.<\/p>\n","protected":false},"excerpt":{"rendered":"<p>\ufeff\ufeff\ufeff\ufeff Solution \u00e9conomique et facile \u00e0 g\u00e9rer pour connecter des sites multiples au si\u00e8ge de l\u2019entreprise, \u00e0 un data centre ou au point d\u2019acc\u00e8s (PoP) d\u2019un op\u00e9rateur, Ethernet Hub &amp; Spoke est un service point \u00e0 multipoint enti\u00e8rement manag\u00e9. LANLink Hub &amp; Spoke est une solution point \u00e0 multipoint pour la connexion de services\/sites (Spokes)&#8230;<\/p>\n","protected":false},"author":143,"featured_media":0,"parent":35895,"menu_order":0,"comment_status":"closed","ping_status":"closed","template":"","meta":{"_acf_changed":false,"footnotes":""},"colt_type":[],"colt_products":[1497],"class_list":["post-37639","page","type-page","status-publish","hentry","colt_products-ethernet"],"acf":[],"yoast_head":"<!-- This site is optimized with the Yoast SEO plugin v26.8 - https:\/\/yoast.com\/product\/yoast-seo-wordpress\/ -->\n<title>Ethernet Hub &amp; Spoke - Colt Technology Services - FR<\/title>\n<meta name=\"description\" content=\"Solution \u00e9conomique et facile \u00e0 g\u00e9rer pour connecter des sites multiples au si\u00e8ge de l\u2019entreprise, \u00e0 un data centre ou au point d\u2019acc\u00e8s (PoP) d\u2019un op\u00e9rateur, Ethernet Hub &amp; Spoke est un service point \u00e0 multipoint enti\u00e8rement manag\u00e9.\" \/>\n<meta name=\"robots\" content=\"noindex, follow, max-snippet:-1, max-image-preview:large, max-video-preview:-1\" \/>\n<meta property=\"og:locale\" content=\"fr_FR\" \/>\n<meta property=\"og:type\" content=\"article\" \/>\n<meta property=\"og:title\" content=\"Ethernet Hub &amp; Spoke - Colt Technology Services - FR\" \/>\n<meta property=\"og:description\" content=\"Solution \u00e9conomique et facile \u00e0 g\u00e9rer pour connecter des sites multiples au si\u00e8ge de l\u2019entreprise, \u00e0 un data centre ou au point d\u2019acc\u00e8s (PoP) d\u2019un op\u00e9rateur, Ethernet Hub &amp; Spoke est un service point \u00e0 multipoint enti\u00e8rement manag\u00e9.\" \/>\n<meta property=\"og:url\" content=\"https:\/\/legacy.colt.net\/fr\/product\/ethernet-hub-spoke\/\" \/>\n<meta property=\"og:site_name\" content=\"Colt Technology Services\" \/>\n<meta property=\"article:publisher\" content=\"https:\/\/www.facebook.com\/ColtTechnologyServices\/\" \/>\n<meta property=\"article:modified_time\" content=\"2020-08-11T10:40:50+00:00\" \/>\n<meta property=\"og:image\" content=\"https:\/\/legacy.colt.net\/wp-content\/uploads\/2021\/01\/Brand-2021-Stock-42.jpg\" \/>\n\t<meta property=\"og:image:width\" content=\"1000\" \/>\n\t<meta property=\"og:image:height\" content=\"667\" \/>\n\t<meta property=\"og:image:type\" content=\"image\/jpeg\" \/>\n<meta name=\"twitter:card\" content=\"summary_large_image\" \/>\n<meta name=\"twitter:site\" content=\"@colt_technology\" \/>\n<meta name=\"twitter:label1\" content=\"Est. reading time\" \/>\n\t<meta name=\"twitter:data1\" content=\"1 minute\" \/>\n<script type=\"application\/ld+json\" class=\"yoast-schema-graph\">{\"@context\":\"https:\/\/schema.org\",\"@graph\":[{\"@type\":\"WebPage\",\"@id\":\"https:\/\/legacy.colt.net\/fr\/product\/ethernet-hub-spoke\/\",\"url\":\"https:\/\/legacy.colt.net\/fr\/product\/ethernet-hub-spoke\/\",\"name\":\"Ethernet Hub & Spoke - Colt Technology Services - FR\",\"isPartOf\":{\"@id\":\"https:\/\/legacy.colt.net\/#website\"},\"datePublished\":\"2018-11-09T11:29:30+00:00\",\"dateModified\":\"2020-08-11T10:40:50+00:00\",\"description\":\"Solution \u00e9conomique et facile \u00e0 g\u00e9rer pour connecter des sites multiples au si\u00e8ge de l\u2019entreprise, \u00e0 un data centre ou au point d\u2019acc\u00e8s (PoP) d\u2019un op\u00e9rateur, Ethernet Hub & Spoke est un service point \u00e0 multipoint enti\u00e8rement manag\u00e9.\",\"breadcrumb\":{\"@id\":\"https:\/\/legacy.colt.net\/fr\/product\/ethernet-hub-spoke\/#breadcrumb\"},\"inLanguage\":\"fr-FR\",\"potentialAction\":[{\"@type\":\"ReadAction\",\"target\":[\"https:\/\/legacy.colt.net\/fr\/product\/ethernet-hub-spoke\/\"]}]},{\"@type\":\"BreadcrumbList\",\"@id\":\"https:\/\/legacy.colt.net\/fr\/product\/ethernet-hub-spoke\/#breadcrumb\",\"itemListElement\":[{\"@type\":\"ListItem\",\"position\":1,\"name\":\"Home\",\"item\":\"https:\/\/legacy.colt.net\/fr\/\"},{\"@type\":\"ListItem\",\"position\":2,\"name\":\"Produits &#038; Services r\u00e9seaux\",\"item\":\"https:\/\/legacy.colt.net\/fr\/product\/\"},{\"@type\":\"ListItem\",\"position\":3,\"name\":\"Ethernet Hub &#038; Spoke\"}]},{\"@type\":\"WebSite\",\"@id\":\"https:\/\/legacy.colt.net\/#website\",\"url\":\"https:\/\/legacy.colt.net\/\",\"name\":\"Colt\u30c6\u30af\u30ce\u30ed\u30b8\u30fc\u30b5\u30fc\u30d3\u30b9\u682a\u5f0f\u4f1a\u793e\",\"description\":\"Managed Network &amp; Voice Services Provider\",\"publisher\":{\"@id\":\"https:\/\/legacy.colt.net\/#organization\"},\"potentialAction\":[{\"@type\":\"SearchAction\",\"target\":{\"@type\":\"EntryPoint\",\"urlTemplate\":\"https:\/\/legacy.colt.net\/?s={search_term_string}\"},\"query-input\":{\"@type\":\"PropertyValueSpecification\",\"valueRequired\":true,\"valueName\":\"search_term_string\"}}],\"inLanguage\":\"fr-FR\"},{\"@type\":\"Organization\",\"@id\":\"https:\/\/legacy.colt.net\/#organization\",\"name\":\"Colt Technology Services\",\"url\":\"https:\/\/legacy.colt.net\/\",\"logo\":{\"@type\":\"ImageObject\",\"inLanguage\":\"fr-FR\",\"@id\":\"https:\/\/legacy.colt.net\/#\/schema\/logo\/image\/\",\"url\":\"https:\/\/legacy.colt.net\/wp-content\/uploads\/2019\/02\/Colt-Logo.png\",\"contentUrl\":\"https:\/\/legacy.colt.net\/wp-content\/uploads\/2019\/02\/Colt-Logo.png\",\"width\":195,\"height\":77,\"caption\":\"Colt Technology Services\"},\"image\":{\"@id\":\"https:\/\/legacy.colt.net\/#\/schema\/logo\/image\/\"},\"sameAs\":[\"https:\/\/www.facebook.com\/ColtTechnologyServices\/\",\"https:\/\/x.com\/colt_technology\",\"https:\/\/www.instagram.com\/colttechnologyservices\/\",\"https:\/\/www.linkedin.com\/company\/colt-technology-services\",\"https:\/\/www.youtube.com\/user\/ColtTechnology\"]}]}<\/script>\n<!-- \/ Yoast SEO plugin. -->","yoast_head_json":{"title":"Ethernet Hub & Spoke - Colt Technology Services - FR","description":"Solution \u00e9conomique et facile \u00e0 g\u00e9rer pour connecter des sites multiples au si\u00e8ge de l\u2019entreprise, \u00e0 un data centre ou au point d\u2019acc\u00e8s (PoP) d\u2019un op\u00e9rateur, Ethernet Hub & Spoke est un service point \u00e0 multipoint enti\u00e8rement manag\u00e9.","robots":{"index":"noindex","follow":"follow","max-snippet":"max-snippet:-1","max-image-preview":"max-image-preview:large","max-video-preview":"max-video-preview:-1"},"og_locale":"fr_FR","og_type":"article","og_title":"Ethernet Hub & Spoke - Colt Technology Services - FR","og_description":"Solution \u00e9conomique et facile \u00e0 g\u00e9rer pour connecter des sites multiples au si\u00e8ge de l\u2019entreprise, \u00e0 un data centre ou au point d\u2019acc\u00e8s (PoP) d\u2019un op\u00e9rateur, Ethernet Hub & Spoke est un service point \u00e0 multipoint enti\u00e8rement manag\u00e9.","og_url":"https:\/\/legacy.colt.net\/fr\/product\/ethernet-hub-spoke\/","og_site_name":"Colt Technology Services","article_publisher":"https:\/\/www.facebook.com\/ColtTechnologyServices\/","article_modified_time":"2020-08-11T10:40:50+00:00","og_image":[{"width":1000,"height":667,"url":"https:\/\/legacy.colt.net\/wp-content\/uploads\/2021\/01\/Brand-2021-Stock-42.jpg","type":"image\/jpeg"}],"twitter_card":"summary_large_image","twitter_site":"@colt_technology","twitter_misc":{"Est. reading time":"1 minute"},"schema":{"@context":"https:\/\/schema.org","@graph":[{"@type":"WebPage","@id":"https:\/\/legacy.colt.net\/fr\/product\/ethernet-hub-spoke\/","url":"https:\/\/legacy.colt.net\/fr\/product\/ethernet-hub-spoke\/","name":"Ethernet Hub & Spoke - Colt Technology Services - FR","isPartOf":{"@id":"https:\/\/legacy.colt.net\/#website"},"datePublished":"2018-11-09T11:29:30+00:00","dateModified":"2020-08-11T10:40:50+00:00","description":"Solution \u00e9conomique et facile \u00e0 g\u00e9rer pour connecter des sites multiples au si\u00e8ge de l\u2019entreprise, \u00e0 un data centre ou au point d\u2019acc\u00e8s (PoP) d\u2019un op\u00e9rateur, Ethernet Hub & Spoke est un service point \u00e0 multipoint enti\u00e8rement manag\u00e9.","breadcrumb":{"@id":"https:\/\/legacy.colt.net\/fr\/product\/ethernet-hub-spoke\/#breadcrumb"},"inLanguage":"fr-FR","potentialAction":[{"@type":"ReadAction","target":["https:\/\/legacy.colt.net\/fr\/product\/ethernet-hub-spoke\/"]}]},{"@type":"BreadcrumbList","@id":"https:\/\/legacy.colt.net\/fr\/product\/ethernet-hub-spoke\/#breadcrumb","itemListElement":[{"@type":"ListItem","position":1,"name":"Home","item":"https:\/\/legacy.colt.net\/fr\/"},{"@type":"ListItem","position":2,"name":"Produits &#038; Services r\u00e9seaux","item":"https:\/\/legacy.colt.net\/fr\/product\/"},{"@type":"ListItem","position":3,"name":"Ethernet Hub &#038; Spoke"}]},{"@type":"WebSite","@id":"https:\/\/legacy.colt.net\/#website","url":"https:\/\/legacy.colt.net\/","name":"Colt\u30c6\u30af\u30ce\u30ed\u30b8\u30fc\u30b5\u30fc\u30d3\u30b9\u682a\u5f0f\u4f1a\u793e","description":"Managed Network &amp; Voice Services Provider","publisher":{"@id":"https:\/\/legacy.colt.net\/#organization"},"potentialAction":[{"@type":"SearchAction","target":{"@type":"EntryPoint","urlTemplate":"https:\/\/legacy.colt.net\/?s={search_term_string}"},"query-input":{"@type":"PropertyValueSpecification","valueRequired":true,"valueName":"search_term_string"}}],"inLanguage":"fr-FR"},{"@type":"Organization","@id":"https:\/\/legacy.colt.net\/#organization","name":"Colt Technology Services","url":"https:\/\/legacy.colt.net\/","logo":{"@type":"ImageObject","inLanguage":"fr-FR","@id":"https:\/\/legacy.colt.net\/#\/schema\/logo\/image\/","url":"https:\/\/legacy.colt.net\/wp-content\/uploads\/2019\/02\/Colt-Logo.png","contentUrl":"https:\/\/legacy.colt.net\/wp-content\/uploads\/2019\/02\/Colt-Logo.png","width":195,"height":77,"caption":"Colt Technology Services"},"image":{"@id":"https:\/\/legacy.colt.net\/#\/schema\/logo\/image\/"},"sameAs":["https:\/\/www.facebook.com\/ColtTechnologyServices\/","https:\/\/x.com\/colt_technology","https:\/\/www.instagram.com\/colttechnologyservices\/","https:\/\/www.linkedin.com\/company\/colt-technology-services","https:\/\/www.youtube.com\/user\/ColtTechnology"]}]}},"_links":{"self":[{"href":"https:\/\/legacy.colt.net\/fr\/wp-json\/wp\/v2\/pages\/37639","targetHints":{"allow":["GET"]}}],"collection":[{"href":"https:\/\/legacy.colt.net\/fr\/wp-json\/wp\/v2\/pages"}],"about":[{"href":"https:\/\/legacy.colt.net\/fr\/wp-json\/wp\/v2\/types\/page"}],"author":[{"embeddable":true,"href":"https:\/\/legacy.colt.net\/fr\/wp-json\/wp\/v2\/users\/143"}],"replies":[{"embeddable":true,"href":"https:\/\/legacy.colt.net\/fr\/wp-json\/wp\/v2\/comments?post=37639"}],"version-history":[{"count":0,"href":"https:\/\/legacy.colt.net\/fr\/wp-json\/wp\/v2\/pages\/37639\/revisions"}],"up":[{"embeddable":true,"href":"https:\/\/legacy.colt.net\/fr\/wp-json\/wp\/v2\/pages\/35895"}],"wp:attachment":[{"href":"https:\/\/legacy.colt.net\/fr\/wp-json\/wp\/v2\/media?parent=37639"}],"wp:term":[{"taxonomy":"colt_type","embeddable":true,"href":"https:\/\/legacy.colt.net\/fr\/wp-json\/wp\/v2\/colt_type?post=37639"},{"taxonomy":"colt_products","embeddable":true,"href":"https:\/\/legacy.colt.net\/fr\/wp-json\/wp\/v2\/colt_products?post=37639"}],"curies":[{"name":"wp","href":"https:\/\/api.w.org\/{rel}","templated":true}]}}