{"id":37638,"date":"2018-11-14T10:31:14","date_gmt":"2018-11-14T10:31:14","guid":{"rendered":"https:\/\/www.colt.net\/product\/dedicated-connectivity\/"},"modified":"2023-07-19T10:47:20","modified_gmt":"2023-07-19T09:47:20","slug":"dedicated-connectivity","status":"publish","type":"page","link":"https:\/\/legacy.colt.net\/fr\/product\/dedicated-connectivity\/","title":{"rendered":"Connectivit\u00e9 d\u00e9di\u00e9e"},"content":{"rendered":"\r\n<h1>\u00a0<\/h1>\r\n<h2>Capital Markets services<\/h2>\r\n<nav class=\"breadcrumb\"><span><span><a href=\"https:\/\/legacy.colt.net\/fr\/\">Home<\/a><\/span><\/span><\/nav>\r\n<p><a role=\"button\" href=\"#hs-chat-open\" target=\"_self\" rel=\"noopener\"> Chat with us <\/a> <a role=\"button\" href=\"#\"> Contact us <\/a><\/p>\r\n<h4>Contact a specialist<\/h4>\r\n<p>[hubspot type=form portal=344164 id=95cdc295-a909-4b43-8e3d-6c03d6bf042e] <a role=\"button\" href=\"https:\/\/legacy.colt.net\/fr\/product\/prizmnet-portal\/\" target=\"_blank\" rel=\"noopener\"> PrizmNet demo <\/a><\/p>\r\n<h3>Enable your business to establish secure, low-latency, dedicated connections to clients, trading venues or the cloud with our Dedicated Connectivity solutions.<\/h3>\r\n<p>Based on\u00a0<a href=\"https:\/\/legacy.colt.net\/fr\/colt-iq-network\/\">Colt&#8217;s IQ Network<\/a>, you can create private networks connecting to your own capital markets community. Our fully managed, resilient and bespoke low-latency solution can meet your precise requirements.<\/p>\r\n<p>We deliver a consistent and predictable experience over a common platform and technology, allowing financial businesses to address the challenges digitisation brings.<\/p>\r\n<h3>Global coverage and access to financial markets<\/h3>\r\n<p>Wherever you need low-latency dedicated connectivity, we can provide it.<\/p>\r\n<p>The Colt IQ network covers the major metro areas, data centres and carrier hotels worldwide. Our network also reaches all key exchanges in western Europe and Asian markets, as well as selected markets in North America. That means we can support your market data and execution needs.<\/p>\r\n<p><iframe loading=\"lazy\" src=\"https:\/\/www.youtube.com\/embed\/M91SOjF1_5g\" width=\"560\" height=\"315\" frameborder=\"0\" allowfullscreen=\"allowfullscreen\"><\/iframe><\/p>\r\n<h3>Tailored network solutions<\/h3>\r\n<p>Colt Capital Markets can create a tailored network to support your specific connectivity requirements. We help you connect to your desired brokers, client community or directly into markets. All of this with end-to-end SLAs and a highly secure, reliable managed network.<\/p>\r\n<h4><strong>Learn more<\/strong><\/h4>\r\n<p>Want to learn more about our\u00a0<a href=\"https:\/\/legacy.colt.net\/fr\/solutions\/capital-markets\/\">Financial Services Solutions<\/a>?<br \/>Check out the rest of our products below. <a href=\"https:\/\/legacy.colt.net\/fr\/product\/financial-extranet\/\">Financial Extranet<\/a><br \/>Colt PrizmNet, a financial extranet connecting the global capital markets ecosystem. <a href=\"https:\/\/legacy.colt.net\/fr\/product\/temps-de-latence-ultra-faible\/\">Ultra-Low Latency Network Services<\/a><br \/>Highly secure, ultra-low latency network services for high-frequency trading. <a href=\"https:\/\/legacy.colt.net\/fr\/product\/hosting\/\">Managed Colocation &amp; Hosting Services<\/a><br \/>Fully managed, bespoke networking solutions based on the Colt IQ Network. <a href=\"https:\/\/legacy.colt.net\/fr\/product\/donnees-de-marche\/\">Market Data Services<\/a><br \/>MarketPrizm market data feeds for major exchanges in Europe, Asia and North America.<\/p>\r\n<p>Make an enquiry<\/p>\r\n<p>[hubspot type=form portal=344164 id=95cdc295-a909-4b43-8e3d-6c03d6bf042e]<\/p>\r\n<h1>Be demanding.<\/h1>\r\n<p>Because the Colt IQ Network is a\u00a0<a href=\"https:\/\/legacy.colt.net\/product\/on-demand-services\/\">software-defined network (SDN)<\/a>, we can set up connections faster than ever before. So you can quickly connect to your trading venues or the cloud; or streamline the onboarding of new clients onto your dedicated network.<\/p>\r\n<p><a role=\"button\" href=\"https:\/\/legacy.colt.net\/fr\/solutions\/on-demand\/\" target=\"_self\" rel=\"noopener\"> Discover More <\/a><\/p>\r\n<h3>Related content<\/h3>\r\n<p><img decoding=\"async\" title=\"\" src=\"https:\/\/legacy.colt.net\/wp-content\/uploads\/2019\/05\/COLT_OBSERVED_HIGHRES_-76-1.jpg\" alt=\"\" \/><\/p>\r\n<h3>Colt to expand enterprise offering via direct, on-demand connectivity to Google Cloud Platform globally<\/h3>\r\n<p>Colt Technology Services today announced that it will enable enterprises direct, on-demand connections to Google Cloud globally.<\/p>\r\n<p><a href=\"https:\/\/legacy.colt.net\/resources\/colt_google-cloud-platform-globally\/\" target=\"_self\" rel=\"noopener\">Read More<\/a> <img decoding=\"async\" title=\"\" src=\"https:\/\/legacy.colt.net\/wp-content\/uploads\/2019\/05\/AP195308-3.jpg\" alt=\"\" \/><\/p>\r\n<h3>Colt goes above and beyond in customer experience to hit latest NPS score<\/h3>\r\n<p>At Colt we put the customer at the heart of everything we do. This is a commitment backed by the leadership and every colleague in the business.<\/p>\r\n<p><a href=\"https:\/\/legacy.colt.net\/resources\/new-nps-score\/\" target=\"_self\" rel=\"noopener\">Read More<\/a> <img decoding=\"async\" title=\"\" src=\"https:\/\/legacy.colt.net\/wp-content\/uploads\/2019\/08\/Japan_iStock-157647216.jpg\" alt=\"\" \/><\/p>\r\n<h3>Colt expands IQ Network to Kyoto and Kobe<\/h3>\r\n<p>Colt Technology Services has today announced that it will further extend its presence in Japan by expanding the Colt IQ Network to Kyoto and Kobe.<\/p>\r\n<p><a href=\"https:\/\/legacy.colt.net\/resources\/colt_google-cloud-platform-globally\/\" target=\"_self\" rel=\"noopener\">Read More<\/a><\/p>\r\n","protected":false},"excerpt":{"rendered":"<p>\u00a0 Capital Markets services Chat with us Contact us Contact a specialist [hubspot type=form portal=344164 id=95cdc295-a909-4b43-8e3d-6c03d6bf042e] PrizmNet demo Enable your business to establish secure, low-latency, dedicated connections to clients, trading venues or the cloud with our Dedicated Connectivity solutions. Based on\u00a0Colt&#8217;s IQ Network, you can create private networks connecting to your own capital markets community.<\/p>\n","protected":false},"author":143,"featured_media":0,"parent":35895,"menu_order":0,"comment_status":"closed","ping_status":"closed","template":"page-templates\/template-product.php","meta":{"_acf_changed":false,"footnotes":""},"colt_type":[],"colt_products":[1260],"class_list":["post-37638","page","type-page","status-publish","hentry","colt_products-colt-business-connect-fr"],"acf":[],"yoast_head":"<!-- This site is optimized with the Yoast SEO plugin v26.8 - https:\/\/yoast.com\/product\/yoast-seo-wordpress\/ -->\n<title>Dedicated Secure &amp; Low-Latency Connections for Financial Markets - Colt<\/title>\n<meta name=\"description\" content=\"Reach global financial markets with secure, low-latency Dedicated Connectivity from Colt. Tailored services with end-to-end SLAs on a reliable managed network.\" \/>\n<meta name=\"robots\" content=\"noindex, follow, max-snippet:-1, max-image-preview:large, max-video-preview:-1\" \/>\n<meta property=\"og:locale\" content=\"fr_FR\" \/>\n<meta property=\"og:type\" content=\"article\" \/>\n<meta property=\"og:title\" content=\"Dedicated Secure &amp; Low-Latency Connections for Financial Markets - Colt\" \/>\n<meta property=\"og:description\" content=\"Reach global financial markets with secure, low-latency Dedicated Connectivity from Colt. Tailored services with end-to-end SLAs on a reliable managed network.\" \/>\n<meta property=\"og:url\" content=\"https:\/\/legacy.colt.net\/fr\/product\/dedicated-connectivity\/\" \/>\n<meta property=\"og:site_name\" content=\"Colt Technology Services\" \/>\n<meta property=\"article:publisher\" content=\"https:\/\/www.facebook.com\/ColtTechnologyServices\/\" \/>\n<meta property=\"article:modified_time\" content=\"2023-07-19T09:47:20+00:00\" \/>\n<meta property=\"og:image\" content=\"https:\/\/legacy.colt.net\/wp-content\/uploads\/2019\/05\/COLT_OBSERVED_HIGHRES_-76-1.jpg\" \/>\n<meta name=\"twitter:card\" content=\"summary_large_image\" \/>\n<meta name=\"twitter:site\" content=\"@colt_technology\" \/>\n<script type=\"application\/ld+json\" class=\"yoast-schema-graph\">{\"@context\":\"https:\/\/schema.org\",\"@graph\":[{\"@type\":\"WebPage\",\"@id\":\"https:\/\/legacy.colt.net\/fr\/product\/dedicated-connectivity\/\",\"url\":\"https:\/\/legacy.colt.net\/fr\/product\/dedicated-connectivity\/\",\"name\":\"Dedicated Secure & Low-Latency Connections for Financial Markets - Colt\",\"isPartOf\":{\"@id\":\"https:\/\/legacy.colt.net\/#website\"},\"primaryImageOfPage\":{\"@id\":\"https:\/\/legacy.colt.net\/fr\/product\/dedicated-connectivity\/#primaryimage\"},\"image\":{\"@id\":\"https:\/\/legacy.colt.net\/fr\/product\/dedicated-connectivity\/#primaryimage\"},\"thumbnailUrl\":\"https:\/\/legacy.colt.net\/wp-content\/uploads\/2019\/05\/COLT_OBSERVED_HIGHRES_-76-1.jpg\",\"datePublished\":\"2018-11-14T10:31:14+00:00\",\"dateModified\":\"2023-07-19T09:47:20+00:00\",\"description\":\"Reach global financial markets with secure, low-latency Dedicated Connectivity from Colt. Tailored services with end-to-end SLAs on a reliable managed network.\",\"breadcrumb\":{\"@id\":\"https:\/\/legacy.colt.net\/fr\/product\/dedicated-connectivity\/#breadcrumb\"},\"inLanguage\":\"fr-FR\",\"potentialAction\":[{\"@type\":\"ReadAction\",\"target\":[\"https:\/\/legacy.colt.net\/fr\/product\/dedicated-connectivity\/\"]}]},{\"@type\":\"ImageObject\",\"inLanguage\":\"fr-FR\",\"@id\":\"https:\/\/legacy.colt.net\/fr\/product\/dedicated-connectivity\/#primaryimage\",\"url\":\"https:\/\/legacy.colt.net\/wp-content\/uploads\/2019\/05\/COLT_OBSERVED_HIGHRES_-76-1.jpg\",\"contentUrl\":\"https:\/\/legacy.colt.net\/wp-content\/uploads\/2019\/05\/COLT_OBSERVED_HIGHRES_-76-1.jpg\"},{\"@type\":\"BreadcrumbList\",\"@id\":\"https:\/\/legacy.colt.net\/fr\/product\/dedicated-connectivity\/#breadcrumb\",\"itemListElement\":[{\"@type\":\"ListItem\",\"position\":1,\"name\":\"Home\",\"item\":\"https:\/\/legacy.colt.net\/fr\/\"},{\"@type\":\"ListItem\",\"position\":2,\"name\":\"Produits &#038; Services r\u00e9seaux\",\"item\":\"https:\/\/legacy.colt.net\/fr\/product\/\"},{\"@type\":\"ListItem\",\"position\":3,\"name\":\"Connectivit\u00e9 d\u00e9di\u00e9e\"}]},{\"@type\":\"WebSite\",\"@id\":\"https:\/\/legacy.colt.net\/#website\",\"url\":\"https:\/\/legacy.colt.net\/\",\"name\":\"Colt\u30c6\u30af\u30ce\u30ed\u30b8\u30fc\u30b5\u30fc\u30d3\u30b9\u682a\u5f0f\u4f1a\u793e\",\"description\":\"Managed Network &amp; Voice Services Provider\",\"publisher\":{\"@id\":\"https:\/\/legacy.colt.net\/#organization\"},\"potentialAction\":[{\"@type\":\"SearchAction\",\"target\":{\"@type\":\"EntryPoint\",\"urlTemplate\":\"https:\/\/legacy.colt.net\/?s={search_term_string}\"},\"query-input\":{\"@type\":\"PropertyValueSpecification\",\"valueRequired\":true,\"valueName\":\"search_term_string\"}}],\"inLanguage\":\"fr-FR\"},{\"@type\":\"Organization\",\"@id\":\"https:\/\/legacy.colt.net\/#organization\",\"name\":\"Colt Technology Services\",\"url\":\"https:\/\/legacy.colt.net\/\",\"logo\":{\"@type\":\"ImageObject\",\"inLanguage\":\"fr-FR\",\"@id\":\"https:\/\/legacy.colt.net\/#\/schema\/logo\/image\/\",\"url\":\"https:\/\/legacy.colt.net\/wp-content\/uploads\/2019\/02\/Colt-Logo.png\",\"contentUrl\":\"https:\/\/legacy.colt.net\/wp-content\/uploads\/2019\/02\/Colt-Logo.png\",\"width\":195,\"height\":77,\"caption\":\"Colt Technology Services\"},\"image\":{\"@id\":\"https:\/\/legacy.colt.net\/#\/schema\/logo\/image\/\"},\"sameAs\":[\"https:\/\/www.facebook.com\/ColtTechnologyServices\/\",\"https:\/\/x.com\/colt_technology\",\"https:\/\/www.instagram.com\/colttechnologyservices\/\",\"https:\/\/www.linkedin.com\/company\/colt-technology-services\",\"https:\/\/www.youtube.com\/user\/ColtTechnology\"]}]}<\/script>\n<!-- \/ Yoast SEO plugin. -->","yoast_head_json":{"title":"Dedicated Secure & Low-Latency Connections for Financial Markets - Colt","description":"Reach global financial markets with secure, low-latency Dedicated Connectivity from Colt. Tailored services with end-to-end SLAs on a reliable managed network.","robots":{"index":"noindex","follow":"follow","max-snippet":"max-snippet:-1","max-image-preview":"max-image-preview:large","max-video-preview":"max-video-preview:-1"},"og_locale":"fr_FR","og_type":"article","og_title":"Dedicated Secure & Low-Latency Connections for Financial Markets - Colt","og_description":"Reach global financial markets with secure, low-latency Dedicated Connectivity from Colt. Tailored services with end-to-end SLAs on a reliable managed network.","og_url":"https:\/\/legacy.colt.net\/fr\/product\/dedicated-connectivity\/","og_site_name":"Colt Technology Services","article_publisher":"https:\/\/www.facebook.com\/ColtTechnologyServices\/","article_modified_time":"2023-07-19T09:47:20+00:00","og_image":[{"url":"https:\/\/legacy.colt.net\/wp-content\/uploads\/2019\/05\/COLT_OBSERVED_HIGHRES_-76-1.jpg","type":"","width":"","height":""}],"twitter_card":"summary_large_image","twitter_site":"@colt_technology","schema":{"@context":"https:\/\/schema.org","@graph":[{"@type":"WebPage","@id":"https:\/\/legacy.colt.net\/fr\/product\/dedicated-connectivity\/","url":"https:\/\/legacy.colt.net\/fr\/product\/dedicated-connectivity\/","name":"Dedicated Secure & Low-Latency Connections for Financial Markets - Colt","isPartOf":{"@id":"https:\/\/legacy.colt.net\/#website"},"primaryImageOfPage":{"@id":"https:\/\/legacy.colt.net\/fr\/product\/dedicated-connectivity\/#primaryimage"},"image":{"@id":"https:\/\/legacy.colt.net\/fr\/product\/dedicated-connectivity\/#primaryimage"},"thumbnailUrl":"https:\/\/legacy.colt.net\/wp-content\/uploads\/2019\/05\/COLT_OBSERVED_HIGHRES_-76-1.jpg","datePublished":"2018-11-14T10:31:14+00:00","dateModified":"2023-07-19T09:47:20+00:00","description":"Reach global financial markets with secure, low-latency Dedicated Connectivity from Colt. Tailored services with end-to-end SLAs on a reliable managed network.","breadcrumb":{"@id":"https:\/\/legacy.colt.net\/fr\/product\/dedicated-connectivity\/#breadcrumb"},"inLanguage":"fr-FR","potentialAction":[{"@type":"ReadAction","target":["https:\/\/legacy.colt.net\/fr\/product\/dedicated-connectivity\/"]}]},{"@type":"ImageObject","inLanguage":"fr-FR","@id":"https:\/\/legacy.colt.net\/fr\/product\/dedicated-connectivity\/#primaryimage","url":"https:\/\/legacy.colt.net\/wp-content\/uploads\/2019\/05\/COLT_OBSERVED_HIGHRES_-76-1.jpg","contentUrl":"https:\/\/legacy.colt.net\/wp-content\/uploads\/2019\/05\/COLT_OBSERVED_HIGHRES_-76-1.jpg"},{"@type":"BreadcrumbList","@id":"https:\/\/legacy.colt.net\/fr\/product\/dedicated-connectivity\/#breadcrumb","itemListElement":[{"@type":"ListItem","position":1,"name":"Home","item":"https:\/\/legacy.colt.net\/fr\/"},{"@type":"ListItem","position":2,"name":"Produits &#038; Services r\u00e9seaux","item":"https:\/\/legacy.colt.net\/fr\/product\/"},{"@type":"ListItem","position":3,"name":"Connectivit\u00e9 d\u00e9di\u00e9e"}]},{"@type":"WebSite","@id":"https:\/\/legacy.colt.net\/#website","url":"https:\/\/legacy.colt.net\/","name":"Colt\u30c6\u30af\u30ce\u30ed\u30b8\u30fc\u30b5\u30fc\u30d3\u30b9\u682a\u5f0f\u4f1a\u793e","description":"Managed Network &amp; Voice Services Provider","publisher":{"@id":"https:\/\/legacy.colt.net\/#organization"},"potentialAction":[{"@type":"SearchAction","target":{"@type":"EntryPoint","urlTemplate":"https:\/\/legacy.colt.net\/?s={search_term_string}"},"query-input":{"@type":"PropertyValueSpecification","valueRequired":true,"valueName":"search_term_string"}}],"inLanguage":"fr-FR"},{"@type":"Organization","@id":"https:\/\/legacy.colt.net\/#organization","name":"Colt Technology Services","url":"https:\/\/legacy.colt.net\/","logo":{"@type":"ImageObject","inLanguage":"fr-FR","@id":"https:\/\/legacy.colt.net\/#\/schema\/logo\/image\/","url":"https:\/\/legacy.colt.net\/wp-content\/uploads\/2019\/02\/Colt-Logo.png","contentUrl":"https:\/\/legacy.colt.net\/wp-content\/uploads\/2019\/02\/Colt-Logo.png","width":195,"height":77,"caption":"Colt Technology Services"},"image":{"@id":"https:\/\/legacy.colt.net\/#\/schema\/logo\/image\/"},"sameAs":["https:\/\/www.facebook.com\/ColtTechnologyServices\/","https:\/\/x.com\/colt_technology","https:\/\/www.instagram.com\/colttechnologyservices\/","https:\/\/www.linkedin.com\/company\/colt-technology-services","https:\/\/www.youtube.com\/user\/ColtTechnology"]}]}},"_links":{"self":[{"href":"https:\/\/legacy.colt.net\/fr\/wp-json\/wp\/v2\/pages\/37638","targetHints":{"allow":["GET"]}}],"collection":[{"href":"https:\/\/legacy.colt.net\/fr\/wp-json\/wp\/v2\/pages"}],"about":[{"href":"https:\/\/legacy.colt.net\/fr\/wp-json\/wp\/v2\/types\/page"}],"author":[{"embeddable":true,"href":"https:\/\/legacy.colt.net\/fr\/wp-json\/wp\/v2\/users\/143"}],"replies":[{"embeddable":true,"href":"https:\/\/legacy.colt.net\/fr\/wp-json\/wp\/v2\/comments?post=37638"}],"version-history":[{"count":0,"href":"https:\/\/legacy.colt.net\/fr\/wp-json\/wp\/v2\/pages\/37638\/revisions"}],"up":[{"embeddable":true,"href":"https:\/\/legacy.colt.net\/fr\/wp-json\/wp\/v2\/pages\/35895"}],"wp:attachment":[{"href":"https:\/\/legacy.colt.net\/fr\/wp-json\/wp\/v2\/media?parent=37638"}],"wp:term":[{"taxonomy":"colt_type","embeddable":true,"href":"https:\/\/legacy.colt.net\/fr\/wp-json\/wp\/v2\/colt_type?post=37638"},{"taxonomy":"colt_products","embeddable":true,"href":"https:\/\/legacy.colt.net\/fr\/wp-json\/wp\/v2\/colt_products?post=37638"}],"curies":[{"name":"wp","href":"https:\/\/api.w.org\/{rel}","templated":true}]}}