{"id":37617,"date":"2018-11-13T12:04:10","date_gmt":"2018-11-13T12:04:10","guid":{"rendered":"https:\/\/www.colt.net\/product\/internet-security-ddos-mitigation-web-filtering\/"},"modified":"2024-12-14T13:29:29","modified_gmt":"2024-12-14T13:29:29","slug":"internet-security-ddos-mitigation-web-filtering","status":"publish","type":"page","link":"https:\/\/legacy.colt.net\/fr\/product\/internet-security-ddos-mitigation-web-filtering\/","title":{"rendered":"Protection contre les attaques par d\u00e9ni de service (DDoS)"},"content":{"rendered":"\n\n\t<p>Cybersecurity Services<\/p>\n\t<p><strong>DDoS Protection<\/strong><\/p>\n\t<p>24\/7 internet security solution thanks to DDoS protection.<\/p>\n<p>Internet security is one of the greatest challenges facing business today. Denial of service (DDOS) attacks in particular can devastate an eCommerce business. Cyber-criminals are always working to find and exploit any vulnerability. So you need a dedicated Internet Security Service that&#8217;s always working for you. Colt&#8217;s specialists work around the clock and, if there&#8217;s a breach, can stop hackers in their tracks.<\/p>\n<h3>Secure<\/h3>\n<p>Gain greater peace of mind with our advanced network security. We actively mitigate against DDoS attacks. And can block threats before they reach you and your firewall. Protect the business against revenue loss without needing to spend big on hardware, software, or extra people. Our\u00a0<a href=\"https:\/\/legacy.colt.net\/cybersecurity\/\">managed security services<\/a>\u00a0don&#8217;t require you to get any hardware or software. And we take care of all the updates and performance.<\/p>\n<p>Protect your business&#8217; reputation &#8211; even if security is breached. We safeguard confidential internal information and guarantee to keep you fully operational.<\/p>\n<h3>Supported<\/h3>\n<p>With Colt DDoS protection, you get an entire team of IT-security specialists to help protect your business. Our Security Operations Centre (SOC) experts can analyse and diagnose any security concern. We work 24\/7 so can mitigate live security issues as they develop in real-time and work fast to protect you.<\/p>\n\n<h4><strong>Learn more<\/strong><\/h4>\nWant to learn more about our\u00a0<a href=\"https:\/\/legacy.colt.net\/cybersecurity\/\">cybersecurity services<\/a>?<br \/>\nCheck out the rest of our products below.\n<a href=\"https:\/\/legacy.colt.net\/product\/managed-firewall\/\">Managed Firewall Services<\/a><br \/>\nSafeguard your internal networks and systems from Cyber threats using Colt Managed Firewall Services. Choose from different managed firewall variants to meet your needs: Next Generation Firewall and Virtual Firewall services.\n<a href=\"https:\/\/legacy.colt.net\/product\/encryption\/\">Network Encryption Services<\/a><br \/>\nProtect sensitive data in motion with Colt Network Encryption Services. Secure all network layers with end-to-end encryption for optical and voice services.\n\t<p>Live chat with Sales<\/p>\n<p>For all your purchase enquiries.<\/p>\n<p><strong>Monday to Friday 9am &#8211; 5pm<\/strong><\/p>\n\t\t\t<a href=\"\" target=\"_self\" rel=\"noopener\">\n\t\t\t\t\t\t\tChat with us\n\t\t\t<\/a>\n\t<p>Contact us about DDoS Protection:<\/p>\n\tINSERT HUBSPOT EMBED CODE HERE\n\t<p>Call a specialist<\/p>\n<p><strong>+44 (0) 20 7863 5510<\/strong><\/p>\n<p><strong>Monday to Friday 9am &#8211; 5pm<\/strong><\/p>\n\t<p>Case Study<\/p>\n\t\t\t\t<img loading=\"lazy\" decoding=\"async\" src=\"https:\/\/legacy.colt.net\/wp-content\/uploads\/2018\/10\/unext-logo-720x450.png\" alt=\"unext-logo-720x450\" itemprop=\"image\" height=\"450\" width=\"720\" title=\"unext-logo-720x450\" onerror=\"this.style.display='none'\"  \/>\n\t<p>U-NEXT Corporation<\/p>\n<p>U-NEXT selects Colt Wave as its low-latency, high-bandwidth data transfer solution for high-volume digital entertainment libraries&#8230;<\/p>\n\t<p>Related Product<\/p>\n\t\t\t\t<img loading=\"lazy\" decoding=\"async\" src=\"https:\/\/legacy.colt.net\/wp-content\/uploads\/2018\/10\/Spectrum.jpg\" alt=\"Spectrum\" itemprop=\"image\" height=\"450\" width=\"720\" title=\"Spectrum\" onerror=\"this.style.display='none'\"  \/>\n\t<p>Spectrum<\/p>\n<p>Providing ultra-high bandwidth connectivity, Colt Spectrum enables you to leverage your own investments in DWDM equipment, whilst benefiting from Colt&#8217;s extensive optical network reach and connectivity.<\/p>\n\t<p>Blog<\/p>\n\t\t\t\t<img loading=\"lazy\" decoding=\"async\" src=\"https:\/\/legacy.colt.net\/wp-content\/uploads\/2018\/10\/optical.jpg\" alt=\"optical\" itemprop=\"image\" height=\"450\" width=\"720\" title=\"optical\" onerror=\"this.style.display='none'\"  \/>\n\t<p>Digital transformation is more than raw bandwidth<\/p>\n<p>There&#8217;s no shortage of statistics acknowledging the scale of the challenge posed by global consumption of data, and they are all pretty daunting.<\/p>\n\n","protected":false},"excerpt":{"rendered":"<p>Cybersecurity Services DDoS Protection 24\/7 internet security solution thanks to DDoS protection. Internet security is one of the greatest challenges facing business today. Denial of service (DDOS) attacks in particular can devastate an eCommerce business. Cyber-criminals are always working to find and exploit any vulnerability. So you need a dedicated Internet Security Service that&#8217;s always&#8230;<\/p>\n","protected":false},"author":143,"featured_media":0,"parent":35895,"menu_order":0,"comment_status":"closed","ping_status":"closed","template":"page-templates\/template-product.php","meta":{"_acf_changed":false,"footnotes":""},"colt_type":[],"colt_products":[1342],"class_list":["post-37617","page","type-page","status-publish","hentry","colt_products-security-fr"],"acf":[],"yoast_head":"<!-- This site is optimized with the Yoast SEO plugin v26.8 - https:\/\/yoast.com\/product\/yoast-seo-wordpress\/ -->\n<title>Protection contre les attaques par d\u00e9ni de service (DDoS) - Colt Technology Services - FR<\/title>\n<meta name=\"description\" content=\"La cybers\u00e9curit\u00e9 est l\u2019un des principaux d\u00e9fis auxquels sont aujourd\u2019hui confront\u00e9es les entreprises. Les attaques par d\u00e9ni de service distribu\u00e9 (DDoS)\" \/>\n<meta name=\"robots\" content=\"noindex, follow, max-snippet:-1, max-image-preview:large, max-video-preview:-1\" \/>\n<meta property=\"og:locale\" content=\"fr_FR\" \/>\n<meta property=\"og:type\" content=\"article\" \/>\n<meta property=\"og:title\" content=\"Protection contre les attaques par d\u00e9ni de service (DDoS) - Colt Technology Services - FR\" \/>\n<meta property=\"og:description\" content=\"La cybers\u00e9curit\u00e9 est l\u2019un des principaux d\u00e9fis auxquels sont aujourd\u2019hui confront\u00e9es les entreprises. Les attaques par d\u00e9ni de service distribu\u00e9 (DDoS)\" \/>\n<meta property=\"og:url\" content=\"https:\/\/legacy.colt.net\/fr\/product\/internet-security-ddos-mitigation-web-filtering\/\" \/>\n<meta property=\"og:site_name\" content=\"Colt Technology Services\" \/>\n<meta property=\"article:publisher\" content=\"https:\/\/www.facebook.com\/ColtTechnologyServices\/\" \/>\n<meta property=\"article:modified_time\" content=\"2024-12-14T13:29:29+00:00\" \/>\n<meta property=\"og:image\" content=\"https:\/\/legacy.colt.net\/wp-content\/uploads\/2021\/01\/Brand-2021-Stock-32.jpg\" \/>\n\t<meta property=\"og:image:width\" content=\"1000\" \/>\n\t<meta property=\"og:image:height\" content=\"667\" \/>\n\t<meta property=\"og:image:type\" content=\"image\/jpeg\" \/>\n<meta name=\"twitter:card\" content=\"summary_large_image\" \/>\n<meta name=\"twitter:site\" content=\"@colt_technology\" \/>\n<script type=\"application\/ld+json\" class=\"yoast-schema-graph\">{\"@context\":\"https:\/\/schema.org\",\"@graph\":[{\"@type\":\"WebPage\",\"@id\":\"https:\/\/legacy.colt.net\/fr\/product\/internet-security-ddos-mitigation-web-filtering\/\",\"url\":\"https:\/\/legacy.colt.net\/fr\/product\/internet-security-ddos-mitigation-web-filtering\/\",\"name\":\"Protection contre les attaques par d\u00e9ni de service (DDoS) - Colt Technology Services - FR\",\"isPartOf\":{\"@id\":\"https:\/\/legacy.colt.net\/#website\"},\"primaryImageOfPage\":{\"@id\":\"https:\/\/legacy.colt.net\/fr\/product\/internet-security-ddos-mitigation-web-filtering\/#primaryimage\"},\"image\":{\"@id\":\"https:\/\/legacy.colt.net\/fr\/product\/internet-security-ddos-mitigation-web-filtering\/#primaryimage\"},\"thumbnailUrl\":\"https:\/\/legacy.colt.net\/wp-content\/uploads\/2018\/10\/unext-logo-720x450.png\",\"datePublished\":\"2018-11-13T12:04:10+00:00\",\"dateModified\":\"2024-12-14T13:29:29+00:00\",\"description\":\"La cybers\u00e9curit\u00e9 est l\u2019un des principaux d\u00e9fis auxquels sont aujourd\u2019hui confront\u00e9es les entreprises. Les attaques par d\u00e9ni de service distribu\u00e9 (DDoS)\",\"breadcrumb\":{\"@id\":\"https:\/\/legacy.colt.net\/fr\/product\/internet-security-ddos-mitigation-web-filtering\/#breadcrumb\"},\"inLanguage\":\"fr-FR\",\"potentialAction\":[{\"@type\":\"ReadAction\",\"target\":[\"https:\/\/legacy.colt.net\/fr\/product\/internet-security-ddos-mitigation-web-filtering\/\"]}]},{\"@type\":\"ImageObject\",\"inLanguage\":\"fr-FR\",\"@id\":\"https:\/\/legacy.colt.net\/fr\/product\/internet-security-ddos-mitigation-web-filtering\/#primaryimage\",\"url\":\"https:\/\/legacy.colt.net\/wp-content\/uploads\/2018\/10\/unext-logo-720x450.png\",\"contentUrl\":\"https:\/\/legacy.colt.net\/wp-content\/uploads\/2018\/10\/unext-logo-720x450.png\"},{\"@type\":\"BreadcrumbList\",\"@id\":\"https:\/\/legacy.colt.net\/fr\/product\/internet-security-ddos-mitigation-web-filtering\/#breadcrumb\",\"itemListElement\":[{\"@type\":\"ListItem\",\"position\":1,\"name\":\"Home\",\"item\":\"https:\/\/legacy.colt.net\/fr\/\"},{\"@type\":\"ListItem\",\"position\":2,\"name\":\"Produits &#038; Services r\u00e9seaux\",\"item\":\"https:\/\/legacy.colt.net\/fr\/product\/\"},{\"@type\":\"ListItem\",\"position\":3,\"name\":\"Protection contre les attaques par d\u00e9ni de service (DDoS)\"}]},{\"@type\":\"WebSite\",\"@id\":\"https:\/\/legacy.colt.net\/#website\",\"url\":\"https:\/\/legacy.colt.net\/\",\"name\":\"Colt\u30c6\u30af\u30ce\u30ed\u30b8\u30fc\u30b5\u30fc\u30d3\u30b9\u682a\u5f0f\u4f1a\u793e\",\"description\":\"Managed Network &amp; Voice Services Provider\",\"publisher\":{\"@id\":\"https:\/\/legacy.colt.net\/#organization\"},\"potentialAction\":[{\"@type\":\"SearchAction\",\"target\":{\"@type\":\"EntryPoint\",\"urlTemplate\":\"https:\/\/legacy.colt.net\/?s={search_term_string}\"},\"query-input\":{\"@type\":\"PropertyValueSpecification\",\"valueRequired\":true,\"valueName\":\"search_term_string\"}}],\"inLanguage\":\"fr-FR\"},{\"@type\":\"Organization\",\"@id\":\"https:\/\/legacy.colt.net\/#organization\",\"name\":\"Colt Technology Services\",\"url\":\"https:\/\/legacy.colt.net\/\",\"logo\":{\"@type\":\"ImageObject\",\"inLanguage\":\"fr-FR\",\"@id\":\"https:\/\/legacy.colt.net\/#\/schema\/logo\/image\/\",\"url\":\"https:\/\/legacy.colt.net\/wp-content\/uploads\/2019\/02\/Colt-Logo.png\",\"contentUrl\":\"https:\/\/legacy.colt.net\/wp-content\/uploads\/2019\/02\/Colt-Logo.png\",\"width\":195,\"height\":77,\"caption\":\"Colt Technology Services\"},\"image\":{\"@id\":\"https:\/\/legacy.colt.net\/#\/schema\/logo\/image\/\"},\"sameAs\":[\"https:\/\/www.facebook.com\/ColtTechnologyServices\/\",\"https:\/\/x.com\/colt_technology\",\"https:\/\/www.instagram.com\/colttechnologyservices\/\",\"https:\/\/www.linkedin.com\/company\/colt-technology-services\",\"https:\/\/www.youtube.com\/user\/ColtTechnology\"]}]}<\/script>\n<!-- \/ Yoast SEO plugin. -->","yoast_head_json":{"title":"Protection contre les attaques par d\u00e9ni de service (DDoS) - Colt Technology Services - FR","description":"La cybers\u00e9curit\u00e9 est l\u2019un des principaux d\u00e9fis auxquels sont aujourd\u2019hui confront\u00e9es les entreprises. Les attaques par d\u00e9ni de service distribu\u00e9 (DDoS)","robots":{"index":"noindex","follow":"follow","max-snippet":"max-snippet:-1","max-image-preview":"max-image-preview:large","max-video-preview":"max-video-preview:-1"},"og_locale":"fr_FR","og_type":"article","og_title":"Protection contre les attaques par d\u00e9ni de service (DDoS) - Colt Technology Services - FR","og_description":"La cybers\u00e9curit\u00e9 est l\u2019un des principaux d\u00e9fis auxquels sont aujourd\u2019hui confront\u00e9es les entreprises. Les attaques par d\u00e9ni de service distribu\u00e9 (DDoS)","og_url":"https:\/\/legacy.colt.net\/fr\/product\/internet-security-ddos-mitigation-web-filtering\/","og_site_name":"Colt Technology Services","article_publisher":"https:\/\/www.facebook.com\/ColtTechnologyServices\/","article_modified_time":"2024-12-14T13:29:29+00:00","og_image":[{"width":1000,"height":667,"url":"https:\/\/legacy.colt.net\/wp-content\/uploads\/2021\/01\/Brand-2021-Stock-32.jpg","type":"image\/jpeg"}],"twitter_card":"summary_large_image","twitter_site":"@colt_technology","schema":{"@context":"https:\/\/schema.org","@graph":[{"@type":"WebPage","@id":"https:\/\/legacy.colt.net\/fr\/product\/internet-security-ddos-mitigation-web-filtering\/","url":"https:\/\/legacy.colt.net\/fr\/product\/internet-security-ddos-mitigation-web-filtering\/","name":"Protection contre les attaques par d\u00e9ni de service (DDoS) - Colt Technology Services - FR","isPartOf":{"@id":"https:\/\/legacy.colt.net\/#website"},"primaryImageOfPage":{"@id":"https:\/\/legacy.colt.net\/fr\/product\/internet-security-ddos-mitigation-web-filtering\/#primaryimage"},"image":{"@id":"https:\/\/legacy.colt.net\/fr\/product\/internet-security-ddos-mitigation-web-filtering\/#primaryimage"},"thumbnailUrl":"https:\/\/legacy.colt.net\/wp-content\/uploads\/2018\/10\/unext-logo-720x450.png","datePublished":"2018-11-13T12:04:10+00:00","dateModified":"2024-12-14T13:29:29+00:00","description":"La cybers\u00e9curit\u00e9 est l\u2019un des principaux d\u00e9fis auxquels sont aujourd\u2019hui confront\u00e9es les entreprises. Les attaques par d\u00e9ni de service distribu\u00e9 (DDoS)","breadcrumb":{"@id":"https:\/\/legacy.colt.net\/fr\/product\/internet-security-ddos-mitigation-web-filtering\/#breadcrumb"},"inLanguage":"fr-FR","potentialAction":[{"@type":"ReadAction","target":["https:\/\/legacy.colt.net\/fr\/product\/internet-security-ddos-mitigation-web-filtering\/"]}]},{"@type":"ImageObject","inLanguage":"fr-FR","@id":"https:\/\/legacy.colt.net\/fr\/product\/internet-security-ddos-mitigation-web-filtering\/#primaryimage","url":"https:\/\/legacy.colt.net\/wp-content\/uploads\/2018\/10\/unext-logo-720x450.png","contentUrl":"https:\/\/legacy.colt.net\/wp-content\/uploads\/2018\/10\/unext-logo-720x450.png"},{"@type":"BreadcrumbList","@id":"https:\/\/legacy.colt.net\/fr\/product\/internet-security-ddos-mitigation-web-filtering\/#breadcrumb","itemListElement":[{"@type":"ListItem","position":1,"name":"Home","item":"https:\/\/legacy.colt.net\/fr\/"},{"@type":"ListItem","position":2,"name":"Produits &#038; Services r\u00e9seaux","item":"https:\/\/legacy.colt.net\/fr\/product\/"},{"@type":"ListItem","position":3,"name":"Protection contre les attaques par d\u00e9ni de service (DDoS)"}]},{"@type":"WebSite","@id":"https:\/\/legacy.colt.net\/#website","url":"https:\/\/legacy.colt.net\/","name":"Colt\u30c6\u30af\u30ce\u30ed\u30b8\u30fc\u30b5\u30fc\u30d3\u30b9\u682a\u5f0f\u4f1a\u793e","description":"Managed Network &amp; Voice Services Provider","publisher":{"@id":"https:\/\/legacy.colt.net\/#organization"},"potentialAction":[{"@type":"SearchAction","target":{"@type":"EntryPoint","urlTemplate":"https:\/\/legacy.colt.net\/?s={search_term_string}"},"query-input":{"@type":"PropertyValueSpecification","valueRequired":true,"valueName":"search_term_string"}}],"inLanguage":"fr-FR"},{"@type":"Organization","@id":"https:\/\/legacy.colt.net\/#organization","name":"Colt Technology Services","url":"https:\/\/legacy.colt.net\/","logo":{"@type":"ImageObject","inLanguage":"fr-FR","@id":"https:\/\/legacy.colt.net\/#\/schema\/logo\/image\/","url":"https:\/\/legacy.colt.net\/wp-content\/uploads\/2019\/02\/Colt-Logo.png","contentUrl":"https:\/\/legacy.colt.net\/wp-content\/uploads\/2019\/02\/Colt-Logo.png","width":195,"height":77,"caption":"Colt Technology Services"},"image":{"@id":"https:\/\/legacy.colt.net\/#\/schema\/logo\/image\/"},"sameAs":["https:\/\/www.facebook.com\/ColtTechnologyServices\/","https:\/\/x.com\/colt_technology","https:\/\/www.instagram.com\/colttechnologyservices\/","https:\/\/www.linkedin.com\/company\/colt-technology-services","https:\/\/www.youtube.com\/user\/ColtTechnology"]}]}},"_links":{"self":[{"href":"https:\/\/legacy.colt.net\/fr\/wp-json\/wp\/v2\/pages\/37617","targetHints":{"allow":["GET"]}}],"collection":[{"href":"https:\/\/legacy.colt.net\/fr\/wp-json\/wp\/v2\/pages"}],"about":[{"href":"https:\/\/legacy.colt.net\/fr\/wp-json\/wp\/v2\/types\/page"}],"author":[{"embeddable":true,"href":"https:\/\/legacy.colt.net\/fr\/wp-json\/wp\/v2\/users\/143"}],"replies":[{"embeddable":true,"href":"https:\/\/legacy.colt.net\/fr\/wp-json\/wp\/v2\/comments?post=37617"}],"version-history":[{"count":0,"href":"https:\/\/legacy.colt.net\/fr\/wp-json\/wp\/v2\/pages\/37617\/revisions"}],"up":[{"embeddable":true,"href":"https:\/\/legacy.colt.net\/fr\/wp-json\/wp\/v2\/pages\/35895"}],"wp:attachment":[{"href":"https:\/\/legacy.colt.net\/fr\/wp-json\/wp\/v2\/media?parent=37617"}],"wp:term":[{"taxonomy":"colt_type","embeddable":true,"href":"https:\/\/legacy.colt.net\/fr\/wp-json\/wp\/v2\/colt_type?post=37617"},{"taxonomy":"colt_products","embeddable":true,"href":"https:\/\/legacy.colt.net\/fr\/wp-json\/wp\/v2\/colt_products?post=37617"}],"curies":[{"name":"wp","href":"https:\/\/api.w.org\/{rel}","templated":true}]}}