{"id":37283,"date":"2017-04-28T15:13:29","date_gmt":"2017-04-28T15:13:29","guid":{"rendered":"https:\/\/www.colt.net\/ethernet-sub\/"},"modified":"2021-01-09T10:04:43","modified_gmt":"2021-01-09T10:04:43","slug":"ethernet-sub","status":"publish","type":"page","link":"https:\/\/legacy.colt.net\/fr\/ethernet-sub\/","title":{"rendered":"Nos solutions Ethernet"},"content":{"rendered":"\n<h1>\n\t<\/h1>\n<h2>\n\t\tProduits &#038; Services r\u00e9seaux\n\t<\/h2>\n\t<nav class=\"breadcrumb\"><span><span><a href=\"https:\/\/legacy.colt.net\/fr\/\">Home<\/a><\/span><\/span><\/nav>\n\t<p>Colt dispose d&#8217;une solide r\u00e9putation dans l&#8217;ensemble de l&#8217;industrie pour sa pr\u00e9sence mondiale, l&#8217;attention accord\u00e9e \u00e0 ses clients, son excellence technique et ses services \u00e0 la pointe de l&#8217;innovation. R\u00e9compens\u00e9 \u00e0 de nombreuses reprises, notre portefeuille se compose de plusieurs solutions de connectivit\u00e9 Ethernet de haute qualit\u00e9, s\u00e9curis\u00e9es et disponibles au meilleur co\u00fbt.<\/p>\n\t<a href=\"https:\/\/legacy.colt.net\/fr\/product\/ethernet-line\/\" target=\"_self\" rel=\"noopener noreferrer\"><\/a> \n\t\t\t\t<img decoding=\"async\" src=\"https:\/\/legacy.colt.net\/wp-content\/uploads\/2021\/01\/Ethernet.png\" alt=\"Ethernet\" title=\"Ethernet\" itemprop=\"image\"\/>\n\t\t<h3>Ethernet line<\/h3>\t\t\t\n\t\t\t\t<p>Une connexion Ethernet \u00e9conomique, s\u00e9curis\u00e9e et facile \u00e0 g\u00e9rer entre deux sites.<\/p>\n\t<a href=\"https:\/\/legacy.colt.net\/fr\/product\/ethernet-hub-spoke\/\" target=\"_self\" rel=\"noopener noreferrer\"><\/a> \n\t\t\t\t<img decoding=\"async\" src=\"https:\/\/legacy.colt.net\/wp-content\/uploads\/2021\/01\/IP-Access.png\" alt=\"IP Access\" title=\"IP Access\" itemprop=\"image\"\/>\n\t\t<h3>Ethernet Hub &#038; Spoke<\/h3>\t\t\t\n\t\t\t\t<p>Une solution \u00e9conomique et facile \u00e0 g\u00e9rer pour connecter des sites multiples au si\u00e8ge de l&#8217;entreprise, \u00e0 un data centre ou au point d&#8217;acc\u00e8s (PoP) d&#8217;un op\u00e9rateur (service point \u00e0 multipoint)<\/p>\n\t<a href=\"https:\/\/legacy.colt.net\/fr\/product\/ethernet-vpn\/\" target=\"_self\" rel=\"noopener noreferrer\"><\/a> \n\t\t\t\t<img decoding=\"async\" src=\"https:\/\/legacy.colt.net\/wp-content\/uploads\/2021\/01\/VPN.png\" alt=\"VPN\" title=\"VPN\" itemprop=\"image\"\/>\n\t\t<h3>Ethernet VPN<\/h3>\t\t\t\n\t\t\t\t<p>Colt Ethernet VPN (Virtual Private Network) constitue une solution id\u00e9ale pour interconnecter des sites d&#8217;entreprise qui doivent communiquer entre eux r\u00e9guli\u00e8rement et de mani\u00e8re transparente.<\/p>\n\t<a href=\"https:\/\/legacy.colt.net\/fr\/product\/private-ethernet\/\" target=\"_self\" rel=\"noopener noreferrer\"><\/a> \n\t\t\t\t<img decoding=\"async\" src=\"https:\/\/legacy.colt.net\/wp-content\/uploads\/2021\/01\/IP-Guardian.png\" alt=\"IP Guardian\" title=\"IP Guardian\" itemprop=\"image\"\/>\n\t\t<h3>Private ethernet<\/h3>\t\t\t\n\t\t\t\t<p>Le service Private Ethernet est fourni sur une liaison fibre optique et un \u00e9quipement r\u00e9serv\u00e9s \u00e0 un seul client, ce qui garantit un niveau maximal de s\u00e9curit\u00e9.<\/p>\n\n","protected":false},"excerpt":{"rendered":"<p>Produits &#038; Services r\u00e9seaux Colt dispose d&#8217;une solide r\u00e9putation dans l&#8217;ensemble de l&#8217;industrie pour sa pr\u00e9sence mondiale, l&#8217;attention accord\u00e9e \u00e0 ses clients, son excellence technique et ses services \u00e0 la pointe de l&#8217;innovation. R\u00e9compens\u00e9 \u00e0 de nombreuses reprises, notre portefeuille se compose de plusieurs solutions de connectivit\u00e9 Ethernet de haute qualit\u00e9, s\u00e9curis\u00e9es et disponibles au&#8230;<\/p>\n","protected":false},"author":2,"featured_media":0,"parent":0,"menu_order":0,"comment_status":"closed","ping_status":"closed","template":"","meta":{"_acf_changed":false,"footnotes":""},"colt_type":[],"colt_products":[1497],"class_list":["post-37283","page","type-page","status-publish","hentry","colt_products-ethernet"],"acf":[],"yoast_head":"<!-- This site is optimized with the Yoast SEO plugin v26.8 - https:\/\/yoast.com\/product\/yoast-seo-wordpress\/ -->\n<title>Solutions Ethernet - Connexion Ethernet s\u00e9curis\u00e9e<\/title>\n<meta name=\"description\" content=\"Garantissez des connexions Ethernet s\u00e9curis\u00e9es et \u00e9conomiques qui \u00e9voluent facilement pour r\u00e9pondre aux besoins sp\u00e9cifiques de votre soci\u00e9t\u00e9.\" \/>\n<meta name=\"robots\" content=\"noindex, follow, max-snippet:-1, max-image-preview:large, max-video-preview:-1\" \/>\n<meta property=\"og:locale\" content=\"fr_FR\" \/>\n<meta property=\"og:type\" content=\"article\" \/>\n<meta property=\"og:title\" content=\"Solutions Ethernet - Connexion Ethernet s\u00e9curis\u00e9e\" \/>\n<meta property=\"og:description\" content=\"Garantissez des connexions Ethernet s\u00e9curis\u00e9es et \u00e9conomiques qui \u00e9voluent facilement pour r\u00e9pondre aux besoins sp\u00e9cifiques de votre soci\u00e9t\u00e9.\" \/>\n<meta property=\"og:url\" content=\"https:\/\/legacy.colt.net\/fr\/ethernet-sub\/\" \/>\n<meta property=\"og:site_name\" content=\"Colt Technology Services\" \/>\n<meta property=\"article:publisher\" content=\"https:\/\/www.facebook.com\/ColtTechnologyServices\/\" \/>\n<meta property=\"article:modified_time\" content=\"2021-01-09T10:04:43+00:00\" \/>\n<meta property=\"og:image\" content=\"https:\/\/legacy.colt.net\/wp-content\/uploads\/2021\/01\/Brand-2021-Stock-22.jpg\" \/>\n\t<meta property=\"og:image:width\" content=\"1000\" \/>\n\t<meta property=\"og:image:height\" content=\"667\" \/>\n\t<meta property=\"og:image:type\" content=\"image\/jpeg\" \/>\n<meta name=\"twitter:card\" content=\"summary_large_image\" \/>\n<meta name=\"twitter:site\" content=\"@colt_technology\" \/>\n<meta name=\"twitter:label1\" content=\"Est. reading time\" \/>\n\t<meta name=\"twitter:data1\" content=\"1 minute\" \/>\n<script type=\"application\/ld+json\" class=\"yoast-schema-graph\">{\"@context\":\"https:\/\/schema.org\",\"@graph\":[{\"@type\":\"WebPage\",\"@id\":\"https:\/\/legacy.colt.net\/fr\/ethernet-sub\/\",\"url\":\"https:\/\/legacy.colt.net\/fr\/ethernet-sub\/\",\"name\":\"Solutions Ethernet - Connexion Ethernet s\u00e9curis\u00e9e\",\"isPartOf\":{\"@id\":\"https:\/\/legacy.colt.net\/#website\"},\"primaryImageOfPage\":{\"@id\":\"https:\/\/legacy.colt.net\/fr\/ethernet-sub\/#primaryimage\"},\"image\":{\"@id\":\"https:\/\/legacy.colt.net\/fr\/ethernet-sub\/#primaryimage\"},\"thumbnailUrl\":\"https:\/\/legacy.colt.net\/wp-content\/uploads\/2021\/01\/Ethernet.png\",\"datePublished\":\"2017-04-28T15:13:29+00:00\",\"dateModified\":\"2021-01-09T10:04:43+00:00\",\"description\":\"Garantissez des connexions Ethernet s\u00e9curis\u00e9es et \u00e9conomiques qui \u00e9voluent facilement pour r\u00e9pondre aux besoins sp\u00e9cifiques de votre soci\u00e9t\u00e9.\",\"breadcrumb\":{\"@id\":\"https:\/\/legacy.colt.net\/fr\/ethernet-sub\/#breadcrumb\"},\"inLanguage\":\"fr-FR\",\"potentialAction\":[{\"@type\":\"ReadAction\",\"target\":[\"https:\/\/legacy.colt.net\/fr\/ethernet-sub\/\"]}]},{\"@type\":\"ImageObject\",\"inLanguage\":\"fr-FR\",\"@id\":\"https:\/\/legacy.colt.net\/fr\/ethernet-sub\/#primaryimage\",\"url\":\"https:\/\/legacy.colt.net\/wp-content\/uploads\/2021\/01\/Ethernet.png\",\"contentUrl\":\"https:\/\/legacy.colt.net\/wp-content\/uploads\/2021\/01\/Ethernet.png\"},{\"@type\":\"BreadcrumbList\",\"@id\":\"https:\/\/legacy.colt.net\/fr\/ethernet-sub\/#breadcrumb\",\"itemListElement\":[{\"@type\":\"ListItem\",\"position\":1,\"name\":\"Home\",\"item\":\"https:\/\/legacy.colt.net\/fr\/\"},{\"@type\":\"ListItem\",\"position\":2,\"name\":\"Nos solutions Ethernet\"}]},{\"@type\":\"WebSite\",\"@id\":\"https:\/\/legacy.colt.net\/#website\",\"url\":\"https:\/\/legacy.colt.net\/\",\"name\":\"Colt\u30c6\u30af\u30ce\u30ed\u30b8\u30fc\u30b5\u30fc\u30d3\u30b9\u682a\u5f0f\u4f1a\u793e\",\"description\":\"Managed Network &amp; Voice Services Provider\",\"publisher\":{\"@id\":\"https:\/\/legacy.colt.net\/#organization\"},\"potentialAction\":[{\"@type\":\"SearchAction\",\"target\":{\"@type\":\"EntryPoint\",\"urlTemplate\":\"https:\/\/legacy.colt.net\/?s={search_term_string}\"},\"query-input\":{\"@type\":\"PropertyValueSpecification\",\"valueRequired\":true,\"valueName\":\"search_term_string\"}}],\"inLanguage\":\"fr-FR\"},{\"@type\":\"Organization\",\"@id\":\"https:\/\/legacy.colt.net\/#organization\",\"name\":\"Colt Technology Services\",\"url\":\"https:\/\/legacy.colt.net\/\",\"logo\":{\"@type\":\"ImageObject\",\"inLanguage\":\"fr-FR\",\"@id\":\"https:\/\/legacy.colt.net\/#\/schema\/logo\/image\/\",\"url\":\"https:\/\/legacy.colt.net\/wp-content\/uploads\/2019\/02\/Colt-Logo.png\",\"contentUrl\":\"https:\/\/legacy.colt.net\/wp-content\/uploads\/2019\/02\/Colt-Logo.png\",\"width\":195,\"height\":77,\"caption\":\"Colt Technology Services\"},\"image\":{\"@id\":\"https:\/\/legacy.colt.net\/#\/schema\/logo\/image\/\"},\"sameAs\":[\"https:\/\/www.facebook.com\/ColtTechnologyServices\/\",\"https:\/\/x.com\/colt_technology\",\"https:\/\/www.instagram.com\/colttechnologyservices\/\",\"https:\/\/www.linkedin.com\/company\/colt-technology-services\",\"https:\/\/www.youtube.com\/user\/ColtTechnology\"]}]}<\/script>\n<!-- \/ Yoast SEO plugin. -->","yoast_head_json":{"title":"Solutions Ethernet - Connexion Ethernet s\u00e9curis\u00e9e","description":"Garantissez des connexions Ethernet s\u00e9curis\u00e9es et \u00e9conomiques qui \u00e9voluent facilement pour r\u00e9pondre aux besoins sp\u00e9cifiques de votre soci\u00e9t\u00e9.","robots":{"index":"noindex","follow":"follow","max-snippet":"max-snippet:-1","max-image-preview":"max-image-preview:large","max-video-preview":"max-video-preview:-1"},"og_locale":"fr_FR","og_type":"article","og_title":"Solutions Ethernet - Connexion Ethernet s\u00e9curis\u00e9e","og_description":"Garantissez des connexions Ethernet s\u00e9curis\u00e9es et \u00e9conomiques qui \u00e9voluent facilement pour r\u00e9pondre aux besoins sp\u00e9cifiques de votre soci\u00e9t\u00e9.","og_url":"https:\/\/legacy.colt.net\/fr\/ethernet-sub\/","og_site_name":"Colt Technology Services","article_publisher":"https:\/\/www.facebook.com\/ColtTechnologyServices\/","article_modified_time":"2021-01-09T10:04:43+00:00","og_image":[{"width":1000,"height":667,"url":"https:\/\/legacy.colt.net\/wp-content\/uploads\/2021\/01\/Brand-2021-Stock-22.jpg","type":"image\/jpeg"}],"twitter_card":"summary_large_image","twitter_site":"@colt_technology","twitter_misc":{"Est. reading time":"1 minute"},"schema":{"@context":"https:\/\/schema.org","@graph":[{"@type":"WebPage","@id":"https:\/\/legacy.colt.net\/fr\/ethernet-sub\/","url":"https:\/\/legacy.colt.net\/fr\/ethernet-sub\/","name":"Solutions Ethernet - Connexion Ethernet s\u00e9curis\u00e9e","isPartOf":{"@id":"https:\/\/legacy.colt.net\/#website"},"primaryImageOfPage":{"@id":"https:\/\/legacy.colt.net\/fr\/ethernet-sub\/#primaryimage"},"image":{"@id":"https:\/\/legacy.colt.net\/fr\/ethernet-sub\/#primaryimage"},"thumbnailUrl":"https:\/\/legacy.colt.net\/wp-content\/uploads\/2021\/01\/Ethernet.png","datePublished":"2017-04-28T15:13:29+00:00","dateModified":"2021-01-09T10:04:43+00:00","description":"Garantissez des connexions Ethernet s\u00e9curis\u00e9es et \u00e9conomiques qui \u00e9voluent facilement pour r\u00e9pondre aux besoins sp\u00e9cifiques de votre soci\u00e9t\u00e9.","breadcrumb":{"@id":"https:\/\/legacy.colt.net\/fr\/ethernet-sub\/#breadcrumb"},"inLanguage":"fr-FR","potentialAction":[{"@type":"ReadAction","target":["https:\/\/legacy.colt.net\/fr\/ethernet-sub\/"]}]},{"@type":"ImageObject","inLanguage":"fr-FR","@id":"https:\/\/legacy.colt.net\/fr\/ethernet-sub\/#primaryimage","url":"https:\/\/legacy.colt.net\/wp-content\/uploads\/2021\/01\/Ethernet.png","contentUrl":"https:\/\/legacy.colt.net\/wp-content\/uploads\/2021\/01\/Ethernet.png"},{"@type":"BreadcrumbList","@id":"https:\/\/legacy.colt.net\/fr\/ethernet-sub\/#breadcrumb","itemListElement":[{"@type":"ListItem","position":1,"name":"Home","item":"https:\/\/legacy.colt.net\/fr\/"},{"@type":"ListItem","position":2,"name":"Nos solutions Ethernet"}]},{"@type":"WebSite","@id":"https:\/\/legacy.colt.net\/#website","url":"https:\/\/legacy.colt.net\/","name":"Colt\u30c6\u30af\u30ce\u30ed\u30b8\u30fc\u30b5\u30fc\u30d3\u30b9\u682a\u5f0f\u4f1a\u793e","description":"Managed Network &amp; Voice Services Provider","publisher":{"@id":"https:\/\/legacy.colt.net\/#organization"},"potentialAction":[{"@type":"SearchAction","target":{"@type":"EntryPoint","urlTemplate":"https:\/\/legacy.colt.net\/?s={search_term_string}"},"query-input":{"@type":"PropertyValueSpecification","valueRequired":true,"valueName":"search_term_string"}}],"inLanguage":"fr-FR"},{"@type":"Organization","@id":"https:\/\/legacy.colt.net\/#organization","name":"Colt Technology Services","url":"https:\/\/legacy.colt.net\/","logo":{"@type":"ImageObject","inLanguage":"fr-FR","@id":"https:\/\/legacy.colt.net\/#\/schema\/logo\/image\/","url":"https:\/\/legacy.colt.net\/wp-content\/uploads\/2019\/02\/Colt-Logo.png","contentUrl":"https:\/\/legacy.colt.net\/wp-content\/uploads\/2019\/02\/Colt-Logo.png","width":195,"height":77,"caption":"Colt Technology Services"},"image":{"@id":"https:\/\/legacy.colt.net\/#\/schema\/logo\/image\/"},"sameAs":["https:\/\/www.facebook.com\/ColtTechnologyServices\/","https:\/\/x.com\/colt_technology","https:\/\/www.instagram.com\/colttechnologyservices\/","https:\/\/www.linkedin.com\/company\/colt-technology-services","https:\/\/www.youtube.com\/user\/ColtTechnology"]}]}},"_links":{"self":[{"href":"https:\/\/legacy.colt.net\/fr\/wp-json\/wp\/v2\/pages\/37283","targetHints":{"allow":["GET"]}}],"collection":[{"href":"https:\/\/legacy.colt.net\/fr\/wp-json\/wp\/v2\/pages"}],"about":[{"href":"https:\/\/legacy.colt.net\/fr\/wp-json\/wp\/v2\/types\/page"}],"author":[{"embeddable":true,"href":"https:\/\/legacy.colt.net\/fr\/wp-json\/wp\/v2\/users\/2"}],"replies":[{"embeddable":true,"href":"https:\/\/legacy.colt.net\/fr\/wp-json\/wp\/v2\/comments?post=37283"}],"version-history":[{"count":0,"href":"https:\/\/legacy.colt.net\/fr\/wp-json\/wp\/v2\/pages\/37283\/revisions"}],"wp:attachment":[{"href":"https:\/\/legacy.colt.net\/fr\/wp-json\/wp\/v2\/media?parent=37283"}],"wp:term":[{"taxonomy":"colt_type","embeddable":true,"href":"https:\/\/legacy.colt.net\/fr\/wp-json\/wp\/v2\/colt_type?post=37283"},{"taxonomy":"colt_products","embeddable":true,"href":"https:\/\/legacy.colt.net\/fr\/wp-json\/wp\/v2\/colt_products?post=37283"}],"curies":[{"name":"wp","href":"https:\/\/api.w.org\/{rel}","templated":true}]}}