{"id":35970,"date":"2019-02-08T16:35:07","date_gmt":"2019-02-08T16:35:07","guid":{"rendered":"https:\/\/www.colt.net\/product\/colt-intelligent-communications\/"},"modified":"2024-12-14T13:22:41","modified_gmt":"2024-12-14T13:22:41","slug":"colt-intelligent-communications","status":"publish","type":"page","link":"https:\/\/legacy.colt.net\/fr\/product\/colt-intelligent-communications\/","title":{"rendered":"Communications intelligentes"},"content":{"rendered":"<p><iframe loading=\"lazy\" src=\"https:\/\/www.youtube.com\/embed\/jCmk8UQ01UI?rel=0\" width=\"844\" height=\"475\" frameborder=\"0\" allowfullscreen=\"allowfullscreen\"><span data-mce-type=\"bookmark\" style=\"display: inline-block; width: 0px; overflow: hidden; line-height: 0;\" class=\"mce_SELRES_start\">\ufeff<\/span><span data-mce-type=\"bookmark\" style=\"display: inline-block; width: 0px; overflow: hidden; line-height: 0;\" class=\"mce_SELRES_start\">\ufeff<\/span><span data-mce-type=\"bookmark\" style=\"display: inline-block; width: 0px; overflow: hidden; line-height: 0;\" class=\"mce_SELRES_start\">\ufeff<\/span><\/iframe><\/p>\n<h3><strong>Colt Intelligent Communications<\/strong><br \/>\nUne solution optimis\u00e9e pour Microsoft Office 365<\/h3>\n<p class=\"intro\">La solution Colt Intelligent Communications r\u00e9unit tous les \u00e9l\u00e9ments indispensables pour collaborer et travailler efficacement. Elle allie la puissance des applications de productivit\u00e9 en cloud de Microsoft et les outils de communications d\u2019entreprise au sein d\u2019un environnement \u00e9troitement int\u00e9gr\u00e9.<\/p>\n<p>Colt Intelligent Communications int\u00e8gre Microsoft Office 365 au r\u00e9seau de niveau 1 (\u00ab Tier 1 \u00bb) convergent de Colt pour apporter aux applications Microsoft Teams et Skype for Business un niveau de fonctionnalit\u00e9s et de r\u00e9silience suppl\u00e9mentaire, doubl\u00e9 d\u2019un support complet avec un contact unique et un seul contrat qui couvre 13 pays.<\/p>\n<p>Cette solution tout-en-un englobe des applications de productivit\u00e9 et de collaboration, des services de connectivit\u00e9 haut d\u00e9bit sur le r\u00e9seau \u00ab Tier 1 \u00bb de Colt, des services de t\u00e9l\u00e9phonie d\u2019entreprise pris en charge par la fonction DirectRouting et des services professionnels pour accompagner la transition, le d\u00e9ploiement et l\u2019adoption de ces outils avec la gamme compl\u00e8te d\u2019appareils certifi\u00e9s par Microsoft.<\/p>\n<h3>Une solution simple\u2026<\/h3>\n<p>Migrez vos applications de productivit\u00e9 et votre infrastructure de communications d\u2019entreprise vers le cloud en b\u00e9n\u00e9ficiant des services d\u2019un fournisseur capable de r\u00e9pondre \u00e0 vos exigences de A \u00e0 Z. Les services professionnels de Colt incluent l\u2019installation et l\u2019adoption de la technologie pour vous offrir la meilleure exp\u00e9rience possible.<\/p>\n<h3>\u2026au co\u00fbt optimis\u00e9\u2026<\/h3>\n<p>Avec Teams et Skype for Business, Colt Intelligent Communications int\u00e8gre le meilleur des applications de productivit\u00e9 et l\u2019infrastructure de collaboration d\u2019entreprise haute performance de Microsoft. Gr\u00e2ce au mod\u00e8le d\u2019utilisation \u00ab as a service \u00bb bas\u00e9 sur le cloud, le nombre d\u2019utilisateurs peut \u00eatre modul\u00e9 \u00e0 la hausse ou \u00e0 la baisse.<\/p>\n<p>L\u2019int\u00e9gration des applications Teams et Skype for Business au trafic vocal de Colt par le biais du syst\u00e8me t\u00e9l\u00e9phonique permet \u00e0 chaque entreprise d\u2019adapter sa consommation \u00ab voix \u00bb en fonction de ses propres besoins.<\/p>\n<p>En optant pour un prestataire unique qui leur fournit le service ExpressRoute et la fonction DirectRouting avec un support de bout en bout, les entreprises peuvent r\u00e9duire leurs co\u00fbts d\u2019approvisionnement, un crit\u00e8re fr\u00e9quemment oubli\u00e9 au moment de choisir une solution.<\/p>\n<h3>\u2026 qui accro\u00eet la productivit\u00e9 et l\u2019efficacit\u00e9\u2026<\/h3>\n<p>Colt offre aux utilisateurs une exp\u00e9rience parfaitement transparente sur tous les appareils qu\u2019ils sont amen\u00e9s \u00e0 employer. En associant une connectivit\u00e9 \u00e0 haut d\u00e9bit \u00e0 l\u2019environnement Office 365, Colt Intelligent Communications permet aux utilisateurs de travailler en permanence sur les documents les plus r\u00e9cents, sans d\u00e9lai, et en consacrant leur temps et toute leur \u00e9nergie de fa\u00e7on plus judicieuse pour \u00eatre productifs en totale immersion.<\/p>\n<h3>\u2026tout en favorisant la continuit\u00e9 des activit\u00e9s<\/h3>\n<p>Le r\u00e9seau \u00ab Tier 1 \u00bb de Colt est la cl\u00e9 d\u2019une connectivit\u00e9 fiable et pr\u00e9visible, doubl\u00e9e d\u2019une r\u00e9silience assur\u00e9e par les options de qualit\u00e9 d\u2019un service premium. Enfin, le support de bout en bout garantit une disponibilit\u00e9 syst\u00e8me pr\u00e9visible et assure aux utilisateurs une pr\u00e9sence de tous les instants pour r\u00e9soudre leurs moindres probl\u00e8mes.<\/p>\n","protected":false},"excerpt":{"rendered":"<p>\ufeff\ufeff\ufeff Colt Intelligent Communications Une solution optimis\u00e9e pour Microsoft Office 365 La solution Colt Intelligent Communications r\u00e9unit tous les \u00e9l\u00e9ments indispensables pour collaborer et travailler efficacement. Elle allie la puissance des applications de productivit\u00e9 en cloud de Microsoft et les outils de communications d\u2019entreprise au sein d\u2019un environnement \u00e9troitement int\u00e9gr\u00e9. Colt Intelligent Communications int\u00e8gre Microsoft&#8230;<\/p>\n","protected":false},"author":2,"featured_media":0,"parent":35895,"menu_order":0,"comment_status":"closed","ping_status":"closed","template":"page-templates\/template-product.php","meta":{"_acf_changed":false,"footnotes":""},"colt_type":[],"colt_products":[1492,1514],"class_list":["post-35970","page","type-page","status-publish","hentry","colt_products-voice","colt_products-intelligent-communications"],"acf":[],"yoast_head":"<!-- This site is optimized with the Yoast SEO plugin v26.8 - https:\/\/yoast.com\/product\/yoast-seo-wordpress\/ -->\n<title>Communications intelligentes - Colt Technology Services - FR<\/title>\n<meta name=\"description\" content=\"La solution Colt Intelligent Communications r\u00e9unit tous les \u00e9l\u00e9ments indispensables pour collaborer et travailler efficacement.\" \/>\n<meta name=\"robots\" content=\"noindex, follow, max-snippet:-1, max-image-preview:large, max-video-preview:-1\" \/>\n<meta property=\"og:locale\" content=\"fr_FR\" \/>\n<meta property=\"og:type\" content=\"article\" \/>\n<meta property=\"og:title\" content=\"Communications intelligentes - Colt Technology Services - FR\" \/>\n<meta property=\"og:description\" content=\"La solution Colt Intelligent Communications r\u00e9unit tous les \u00e9l\u00e9ments indispensables pour collaborer et travailler efficacement.\" \/>\n<meta property=\"og:url\" content=\"https:\/\/legacy.colt.net\/fr\/product\/colt-intelligent-communications\/\" \/>\n<meta property=\"og:site_name\" content=\"Colt Technology Services\" \/>\n<meta property=\"article:publisher\" content=\"https:\/\/www.facebook.com\/ColtTechnologyServices\/\" \/>\n<meta property=\"article:modified_time\" content=\"2024-12-14T13:22:41+00:00\" \/>\n<meta name=\"twitter:card\" content=\"summary_large_image\" \/>\n<meta name=\"twitter:site\" content=\"@colt_technology\" \/>\n<script type=\"application\/ld+json\" class=\"yoast-schema-graph\">{\"@context\":\"https:\/\/schema.org\",\"@graph\":[{\"@type\":\"WebPage\",\"@id\":\"https:\/\/legacy.colt.net\/fr\/product\/colt-intelligent-communications\/\",\"url\":\"https:\/\/legacy.colt.net\/fr\/product\/colt-intelligent-communications\/\",\"name\":\"Communications intelligentes - Colt Technology Services - FR\",\"isPartOf\":{\"@id\":\"https:\/\/legacy.colt.net\/#website\"},\"datePublished\":\"2019-02-08T16:35:07+00:00\",\"dateModified\":\"2024-12-14T13:22:41+00:00\",\"description\":\"La solution Colt Intelligent Communications r\u00e9unit tous les \u00e9l\u00e9ments indispensables pour collaborer et travailler efficacement.\",\"breadcrumb\":{\"@id\":\"https:\/\/legacy.colt.net\/fr\/product\/colt-intelligent-communications\/#breadcrumb\"},\"inLanguage\":\"fr-FR\",\"potentialAction\":[{\"@type\":\"ReadAction\",\"target\":[\"https:\/\/legacy.colt.net\/fr\/product\/colt-intelligent-communications\/\"]}]},{\"@type\":\"BreadcrumbList\",\"@id\":\"https:\/\/legacy.colt.net\/fr\/product\/colt-intelligent-communications\/#breadcrumb\",\"itemListElement\":[{\"@type\":\"ListItem\",\"position\":1,\"name\":\"Home\",\"item\":\"https:\/\/legacy.colt.net\/fr\/\"},{\"@type\":\"ListItem\",\"position\":2,\"name\":\"Produits &#038; Services r\u00e9seaux\",\"item\":\"https:\/\/legacy.colt.net\/fr\/product\/\"},{\"@type\":\"ListItem\",\"position\":3,\"name\":\"Communications intelligentes\"}]},{\"@type\":\"WebSite\",\"@id\":\"https:\/\/legacy.colt.net\/#website\",\"url\":\"https:\/\/legacy.colt.net\/\",\"name\":\"Colt\u30c6\u30af\u30ce\u30ed\u30b8\u30fc\u30b5\u30fc\u30d3\u30b9\u682a\u5f0f\u4f1a\u793e\",\"description\":\"Managed Network &amp; Voice Services Provider\",\"publisher\":{\"@id\":\"https:\/\/legacy.colt.net\/#organization\"},\"potentialAction\":[{\"@type\":\"SearchAction\",\"target\":{\"@type\":\"EntryPoint\",\"urlTemplate\":\"https:\/\/legacy.colt.net\/?s={search_term_string}\"},\"query-input\":{\"@type\":\"PropertyValueSpecification\",\"valueRequired\":true,\"valueName\":\"search_term_string\"}}],\"inLanguage\":\"fr-FR\"},{\"@type\":\"Organization\",\"@id\":\"https:\/\/legacy.colt.net\/#organization\",\"name\":\"Colt Technology Services\",\"url\":\"https:\/\/legacy.colt.net\/\",\"logo\":{\"@type\":\"ImageObject\",\"inLanguage\":\"fr-FR\",\"@id\":\"https:\/\/legacy.colt.net\/#\/schema\/logo\/image\/\",\"url\":\"https:\/\/legacy.colt.net\/wp-content\/uploads\/2019\/02\/Colt-Logo.png\",\"contentUrl\":\"https:\/\/legacy.colt.net\/wp-content\/uploads\/2019\/02\/Colt-Logo.png\",\"width\":195,\"height\":77,\"caption\":\"Colt Technology Services\"},\"image\":{\"@id\":\"https:\/\/legacy.colt.net\/#\/schema\/logo\/image\/\"},\"sameAs\":[\"https:\/\/www.facebook.com\/ColtTechnologyServices\/\",\"https:\/\/x.com\/colt_technology\",\"https:\/\/www.instagram.com\/colttechnologyservices\/\",\"https:\/\/www.linkedin.com\/company\/colt-technology-services\",\"https:\/\/www.youtube.com\/user\/ColtTechnology\"]}]}<\/script>\n<!-- \/ Yoast SEO plugin. -->","yoast_head_json":{"title":"Communications intelligentes - Colt Technology Services - FR","description":"La solution Colt Intelligent Communications r\u00e9unit tous les \u00e9l\u00e9ments indispensables pour collaborer et travailler efficacement.","robots":{"index":"noindex","follow":"follow","max-snippet":"max-snippet:-1","max-image-preview":"max-image-preview:large","max-video-preview":"max-video-preview:-1"},"og_locale":"fr_FR","og_type":"article","og_title":"Communications intelligentes - Colt Technology Services - FR","og_description":"La solution Colt Intelligent Communications r\u00e9unit tous les \u00e9l\u00e9ments indispensables pour collaborer et travailler efficacement.","og_url":"https:\/\/legacy.colt.net\/fr\/product\/colt-intelligent-communications\/","og_site_name":"Colt Technology Services","article_publisher":"https:\/\/www.facebook.com\/ColtTechnologyServices\/","article_modified_time":"2024-12-14T13:22:41+00:00","twitter_card":"summary_large_image","twitter_site":"@colt_technology","schema":{"@context":"https:\/\/schema.org","@graph":[{"@type":"WebPage","@id":"https:\/\/legacy.colt.net\/fr\/product\/colt-intelligent-communications\/","url":"https:\/\/legacy.colt.net\/fr\/product\/colt-intelligent-communications\/","name":"Communications intelligentes - Colt Technology Services - FR","isPartOf":{"@id":"https:\/\/legacy.colt.net\/#website"},"datePublished":"2019-02-08T16:35:07+00:00","dateModified":"2024-12-14T13:22:41+00:00","description":"La solution Colt Intelligent Communications r\u00e9unit tous les \u00e9l\u00e9ments indispensables pour collaborer et travailler efficacement.","breadcrumb":{"@id":"https:\/\/legacy.colt.net\/fr\/product\/colt-intelligent-communications\/#breadcrumb"},"inLanguage":"fr-FR","potentialAction":[{"@type":"ReadAction","target":["https:\/\/legacy.colt.net\/fr\/product\/colt-intelligent-communications\/"]}]},{"@type":"BreadcrumbList","@id":"https:\/\/legacy.colt.net\/fr\/product\/colt-intelligent-communications\/#breadcrumb","itemListElement":[{"@type":"ListItem","position":1,"name":"Home","item":"https:\/\/legacy.colt.net\/fr\/"},{"@type":"ListItem","position":2,"name":"Produits &#038; Services r\u00e9seaux","item":"https:\/\/legacy.colt.net\/fr\/product\/"},{"@type":"ListItem","position":3,"name":"Communications intelligentes"}]},{"@type":"WebSite","@id":"https:\/\/legacy.colt.net\/#website","url":"https:\/\/legacy.colt.net\/","name":"Colt\u30c6\u30af\u30ce\u30ed\u30b8\u30fc\u30b5\u30fc\u30d3\u30b9\u682a\u5f0f\u4f1a\u793e","description":"Managed Network &amp; Voice Services Provider","publisher":{"@id":"https:\/\/legacy.colt.net\/#organization"},"potentialAction":[{"@type":"SearchAction","target":{"@type":"EntryPoint","urlTemplate":"https:\/\/legacy.colt.net\/?s={search_term_string}"},"query-input":{"@type":"PropertyValueSpecification","valueRequired":true,"valueName":"search_term_string"}}],"inLanguage":"fr-FR"},{"@type":"Organization","@id":"https:\/\/legacy.colt.net\/#organization","name":"Colt Technology Services","url":"https:\/\/legacy.colt.net\/","logo":{"@type":"ImageObject","inLanguage":"fr-FR","@id":"https:\/\/legacy.colt.net\/#\/schema\/logo\/image\/","url":"https:\/\/legacy.colt.net\/wp-content\/uploads\/2019\/02\/Colt-Logo.png","contentUrl":"https:\/\/legacy.colt.net\/wp-content\/uploads\/2019\/02\/Colt-Logo.png","width":195,"height":77,"caption":"Colt Technology Services"},"image":{"@id":"https:\/\/legacy.colt.net\/#\/schema\/logo\/image\/"},"sameAs":["https:\/\/www.facebook.com\/ColtTechnologyServices\/","https:\/\/x.com\/colt_technology","https:\/\/www.instagram.com\/colttechnologyservices\/","https:\/\/www.linkedin.com\/company\/colt-technology-services","https:\/\/www.youtube.com\/user\/ColtTechnology"]}]}},"_links":{"self":[{"href":"https:\/\/legacy.colt.net\/fr\/wp-json\/wp\/v2\/pages\/35970","targetHints":{"allow":["GET"]}}],"collection":[{"href":"https:\/\/legacy.colt.net\/fr\/wp-json\/wp\/v2\/pages"}],"about":[{"href":"https:\/\/legacy.colt.net\/fr\/wp-json\/wp\/v2\/types\/page"}],"author":[{"embeddable":true,"href":"https:\/\/legacy.colt.net\/fr\/wp-json\/wp\/v2\/users\/2"}],"replies":[{"embeddable":true,"href":"https:\/\/legacy.colt.net\/fr\/wp-json\/wp\/v2\/comments?post=35970"}],"version-history":[{"count":0,"href":"https:\/\/legacy.colt.net\/fr\/wp-json\/wp\/v2\/pages\/35970\/revisions"}],"up":[{"embeddable":true,"href":"https:\/\/legacy.colt.net\/fr\/wp-json\/wp\/v2\/pages\/35895"}],"wp:attachment":[{"href":"https:\/\/legacy.colt.net\/fr\/wp-json\/wp\/v2\/media?parent=35970"}],"wp:term":[{"taxonomy":"colt_type","embeddable":true,"href":"https:\/\/legacy.colt.net\/fr\/wp-json\/wp\/v2\/colt_type?post=35970"},{"taxonomy":"colt_products","embeddable":true,"href":"https:\/\/legacy.colt.net\/fr\/wp-json\/wp\/v2\/colt_products?post=35970"}],"curies":[{"name":"wp","href":"https:\/\/api.w.org\/{rel}","templated":true}]}}