{"id":35154,"date":"2019-03-07T12:02:51","date_gmt":"2019-03-07T12:02:51","guid":{"rendered":"https:\/\/www.colt.net\/data-centre\/"},"modified":"2019-12-03T09:58:45","modified_gmt":"2019-12-03T09:58:45","slug":"data-centre","status":"publish","type":"page","link":"https:\/\/legacy.colt.net\/fr\/data-centre\/","title":{"rendered":"Data Centres"},"content":{"rendered":"<h1>\n\t<\/h1>\n<h3>\n\t<\/h3>\n\t<nav class=\"breadcrumb\"><span><span><a href=\"https:\/\/legacy.colt.net\/fr\/\">Home<\/a><\/span><\/span><\/nav>\n\t<p>Colt DCS propose des services de colocation et \u00e0 valeur ajout\u00e9e dans des data centres s\u00e9curis\u00e9s et ind\u00e9pendants en Europe et en\u00a0<a href=\"https:\/\/asia.colt.net\/\" target=\"_blank\" rel=\"noopener noreferrer\">Asie<\/a>. Nous exploitons en propre 34 data centres en Europe et en\u00a0g\u00e9rons 7\u00a0autres en Asie-Pacifique, offrant des solutions flexibles, int\u00e9gr\u00e9es et \u00e9volutives qui r\u00e9duisent les risques et permettent de\u00a0faire face plus facilement \u00e0\u00a0l\u2019\u00e9volution des besoins m\u00e9tiers.<\/p>\n<p>Notre client\u00e8le varie suivant les march\u00e9s et comprend aussi bien de grandes entreprises ayant besoin d\u2019espace pour h\u00e9berger leur infrastructure informatique critique que des PME n\u00e9cessitant une capacit\u00e9 plus modeste en rack. Parmi nos clients figurent plusieurs des principaux \u00e9tablissements financiers en Europe, ainsi que des acteurs de premier plan sur la sc\u00e8ne des m\u00e9dias et de grands op\u00e9rateurs cloud internationaux.<\/p>\n<h5>Services<\/h5>\n<ul>\n<li>Colocation, pour des besoins allant d\u2019un simple rack \u00e0 une salle enti\u00e8rement d\u00e9di\u00e9e<\/li>\n<li>Services de data centre \u00e0 valeur ajout\u00e9e (Remote &amp; Smart Hands, reprise apr\u00e8s sinistre, espace de bureaux, connectivit\u00e9)<\/li>\n<\/ul>\n<h5>Avantages<\/h5>\n<ul>\n<li>Sites \u00e9conomes en \u00e9nergie et r\u00e9silients, \u00e9quip\u00e9s d\u2019une technologie de pointe et exploit\u00e9s par une \u00e9quipe locale<\/li>\n<li>Capacit\u00e9 \u00e0 la demande, conditions commerciales flexibles, sites\u00a0ind\u00e9pendants (\u00ab\u00a0<em>carrier neutral<\/em>\u00a0\u00bb)<\/li>\n<li>Colocation pouvant \u00eatre int\u00e9gr\u00e9e avec des services IT et cloud totalement manag\u00e9s<\/li>\n<li>Connectivit\u00e9 \u00e9tendue gr\u00e2ce au raccordement de 700+ data centres tiers \u00e0 notre r\u00e9seau<\/li>\n<\/ul>\n\t\t\t<a href=\"https:\/\/www.coltdatacentres.net\/\" target=\"_self\" role=\"button\" rel=\"noopener noreferrer\">\n\t\t\t\t\t\t\tData Centre Services  &#8211; En savoir plus sur nos services\n\t\t\t\t\t<\/a>\n","protected":false},"excerpt":{"rendered":"<p>Colt DCS propose des services de colocation et \u00e0 valeur ajout\u00e9e dans des data centres s\u00e9curis\u00e9s et ind\u00e9pendants en Europe et en\u00a0Asie. Nous exploitons en propre 34 data centres en Europe et en\u00a0g\u00e9rons 7\u00a0autres en Asie-Pacifique, offrant des solutions flexibles, int\u00e9gr\u00e9es et \u00e9volutives qui r\u00e9duisent les risques et permettent de\u00a0faire face plus facilement \u00e0\u00a0l\u2019\u00e9volution des&#8230;<\/p>\n","protected":false},"author":143,"featured_media":0,"parent":0,"menu_order":0,"comment_status":"closed","ping_status":"closed","template":"","meta":{"_acf_changed":false,"footnotes":""},"colt_type":[],"colt_products":[],"class_list":["post-35154","page","type-page","status-publish","hentry"],"acf":[],"yoast_head":"<!-- This site is optimized with the Yoast SEO plugin v26.8 - https:\/\/yoast.com\/product\/yoast-seo-wordpress\/ -->\n<title>Data Centres - Colt Technology Services - FR<\/title>\n<meta name=\"description\" content=\"Colt DCS propose des services de colocation et \u00e0 valeur ajout\u00e9e dans des data centres s\u00e9curis\u00e9s et ind\u00e9pendants en Europe et en Asie\" \/>\n<meta name=\"robots\" content=\"noindex, follow, max-snippet:-1, max-image-preview:large, max-video-preview:-1\" \/>\n<meta property=\"og:locale\" content=\"fr_FR\" \/>\n<meta property=\"og:type\" content=\"article\" \/>\n<meta property=\"og:title\" content=\"Data Centres - Colt Technology Services - FR\" \/>\n<meta property=\"og:description\" content=\"Colt DCS propose des services de colocation et \u00e0 valeur ajout\u00e9e dans des data centres s\u00e9curis\u00e9s et ind\u00e9pendants en Europe et en Asie\" \/>\n<meta property=\"og:url\" content=\"https:\/\/legacy.colt.net\/fr\/data-centre\/\" \/>\n<meta property=\"og:site_name\" content=\"Colt Technology Services\" \/>\n<meta property=\"article:publisher\" content=\"https:\/\/www.facebook.com\/ColtTechnologyServices\/\" \/>\n<meta property=\"article:modified_time\" content=\"2019-12-03T09:58:45+00:00\" \/>\n<meta property=\"og:image\" content=\"https:\/\/legacy.colt.net\/wp-content\/uploads\/2021\/01\/Brand-2021-Stock-29.jpg\" \/>\n\t<meta property=\"og:image:width\" content=\"1000\" \/>\n\t<meta property=\"og:image:height\" content=\"667\" \/>\n\t<meta property=\"og:image:type\" content=\"image\/jpeg\" \/>\n<meta name=\"twitter:card\" content=\"summary_large_image\" \/>\n<meta name=\"twitter:site\" content=\"@colt_technology\" \/>\n<meta name=\"twitter:label1\" content=\"Est. reading time\" \/>\n\t<meta name=\"twitter:data1\" content=\"1 minute\" \/>\n<script type=\"application\/ld+json\" class=\"yoast-schema-graph\">{\"@context\":\"https:\/\/schema.org\",\"@graph\":[{\"@type\":\"WebPage\",\"@id\":\"https:\/\/legacy.colt.net\/fr\/data-centre\/\",\"url\":\"https:\/\/legacy.colt.net\/fr\/data-centre\/\",\"name\":\"Data Centres - Colt Technology Services - FR\",\"isPartOf\":{\"@id\":\"https:\/\/legacy.colt.net\/#website\"},\"datePublished\":\"2019-03-07T12:02:51+00:00\",\"dateModified\":\"2019-12-03T09:58:45+00:00\",\"description\":\"Colt DCS propose des services de colocation et \u00e0 valeur ajout\u00e9e dans des data centres s\u00e9curis\u00e9s et ind\u00e9pendants en Europe et en Asie\",\"breadcrumb\":{\"@id\":\"https:\/\/legacy.colt.net\/fr\/data-centre\/#breadcrumb\"},\"inLanguage\":\"fr-FR\",\"potentialAction\":[{\"@type\":\"ReadAction\",\"target\":[\"https:\/\/legacy.colt.net\/fr\/data-centre\/\"]}]},{\"@type\":\"BreadcrumbList\",\"@id\":\"https:\/\/legacy.colt.net\/fr\/data-centre\/#breadcrumb\",\"itemListElement\":[{\"@type\":\"ListItem\",\"position\":1,\"name\":\"Home\",\"item\":\"https:\/\/legacy.colt.net\/fr\/\"},{\"@type\":\"ListItem\",\"position\":2,\"name\":\"Data Centres\"}]},{\"@type\":\"WebSite\",\"@id\":\"https:\/\/legacy.colt.net\/#website\",\"url\":\"https:\/\/legacy.colt.net\/\",\"name\":\"Colt\u30c6\u30af\u30ce\u30ed\u30b8\u30fc\u30b5\u30fc\u30d3\u30b9\u682a\u5f0f\u4f1a\u793e\",\"description\":\"Managed Network &amp; Voice Services Provider\",\"publisher\":{\"@id\":\"https:\/\/legacy.colt.net\/#organization\"},\"potentialAction\":[{\"@type\":\"SearchAction\",\"target\":{\"@type\":\"EntryPoint\",\"urlTemplate\":\"https:\/\/legacy.colt.net\/?s={search_term_string}\"},\"query-input\":{\"@type\":\"PropertyValueSpecification\",\"valueRequired\":true,\"valueName\":\"search_term_string\"}}],\"inLanguage\":\"fr-FR\"},{\"@type\":\"Organization\",\"@id\":\"https:\/\/legacy.colt.net\/#organization\",\"name\":\"Colt Technology Services\",\"url\":\"https:\/\/legacy.colt.net\/\",\"logo\":{\"@type\":\"ImageObject\",\"inLanguage\":\"fr-FR\",\"@id\":\"https:\/\/legacy.colt.net\/#\/schema\/logo\/image\/\",\"url\":\"https:\/\/legacy.colt.net\/wp-content\/uploads\/2019\/02\/Colt-Logo.png\",\"contentUrl\":\"https:\/\/legacy.colt.net\/wp-content\/uploads\/2019\/02\/Colt-Logo.png\",\"width\":195,\"height\":77,\"caption\":\"Colt Technology Services\"},\"image\":{\"@id\":\"https:\/\/legacy.colt.net\/#\/schema\/logo\/image\/\"},\"sameAs\":[\"https:\/\/www.facebook.com\/ColtTechnologyServices\/\",\"https:\/\/x.com\/colt_technology\",\"https:\/\/www.instagram.com\/colttechnologyservices\/\",\"https:\/\/www.linkedin.com\/company\/colt-technology-services\",\"https:\/\/www.youtube.com\/user\/ColtTechnology\"]}]}<\/script>\n<!-- \/ Yoast SEO plugin. -->","yoast_head_json":{"title":"Data Centres - Colt Technology Services - FR","description":"Colt DCS propose des services de colocation et \u00e0 valeur ajout\u00e9e dans des data centres s\u00e9curis\u00e9s et ind\u00e9pendants en Europe et en Asie","robots":{"index":"noindex","follow":"follow","max-snippet":"max-snippet:-1","max-image-preview":"max-image-preview:large","max-video-preview":"max-video-preview:-1"},"og_locale":"fr_FR","og_type":"article","og_title":"Data Centres - Colt Technology Services - FR","og_description":"Colt DCS propose des services de colocation et \u00e0 valeur ajout\u00e9e dans des data centres s\u00e9curis\u00e9s et ind\u00e9pendants en Europe et en Asie","og_url":"https:\/\/legacy.colt.net\/fr\/data-centre\/","og_site_name":"Colt Technology Services","article_publisher":"https:\/\/www.facebook.com\/ColtTechnologyServices\/","article_modified_time":"2019-12-03T09:58:45+00:00","og_image":[{"width":1000,"height":667,"url":"https:\/\/legacy.colt.net\/wp-content\/uploads\/2021\/01\/Brand-2021-Stock-29.jpg","type":"image\/jpeg"}],"twitter_card":"summary_large_image","twitter_site":"@colt_technology","twitter_misc":{"Est. reading time":"1 minute"},"schema":{"@context":"https:\/\/schema.org","@graph":[{"@type":"WebPage","@id":"https:\/\/legacy.colt.net\/fr\/data-centre\/","url":"https:\/\/legacy.colt.net\/fr\/data-centre\/","name":"Data Centres - Colt Technology Services - FR","isPartOf":{"@id":"https:\/\/legacy.colt.net\/#website"},"datePublished":"2019-03-07T12:02:51+00:00","dateModified":"2019-12-03T09:58:45+00:00","description":"Colt DCS propose des services de colocation et \u00e0 valeur ajout\u00e9e dans des data centres s\u00e9curis\u00e9s et ind\u00e9pendants en Europe et en Asie","breadcrumb":{"@id":"https:\/\/legacy.colt.net\/fr\/data-centre\/#breadcrumb"},"inLanguage":"fr-FR","potentialAction":[{"@type":"ReadAction","target":["https:\/\/legacy.colt.net\/fr\/data-centre\/"]}]},{"@type":"BreadcrumbList","@id":"https:\/\/legacy.colt.net\/fr\/data-centre\/#breadcrumb","itemListElement":[{"@type":"ListItem","position":1,"name":"Home","item":"https:\/\/legacy.colt.net\/fr\/"},{"@type":"ListItem","position":2,"name":"Data Centres"}]},{"@type":"WebSite","@id":"https:\/\/legacy.colt.net\/#website","url":"https:\/\/legacy.colt.net\/","name":"Colt\u30c6\u30af\u30ce\u30ed\u30b8\u30fc\u30b5\u30fc\u30d3\u30b9\u682a\u5f0f\u4f1a\u793e","description":"Managed Network &amp; Voice Services Provider","publisher":{"@id":"https:\/\/legacy.colt.net\/#organization"},"potentialAction":[{"@type":"SearchAction","target":{"@type":"EntryPoint","urlTemplate":"https:\/\/legacy.colt.net\/?s={search_term_string}"},"query-input":{"@type":"PropertyValueSpecification","valueRequired":true,"valueName":"search_term_string"}}],"inLanguage":"fr-FR"},{"@type":"Organization","@id":"https:\/\/legacy.colt.net\/#organization","name":"Colt Technology Services","url":"https:\/\/legacy.colt.net\/","logo":{"@type":"ImageObject","inLanguage":"fr-FR","@id":"https:\/\/legacy.colt.net\/#\/schema\/logo\/image\/","url":"https:\/\/legacy.colt.net\/wp-content\/uploads\/2019\/02\/Colt-Logo.png","contentUrl":"https:\/\/legacy.colt.net\/wp-content\/uploads\/2019\/02\/Colt-Logo.png","width":195,"height":77,"caption":"Colt Technology Services"},"image":{"@id":"https:\/\/legacy.colt.net\/#\/schema\/logo\/image\/"},"sameAs":["https:\/\/www.facebook.com\/ColtTechnologyServices\/","https:\/\/x.com\/colt_technology","https:\/\/www.instagram.com\/colttechnologyservices\/","https:\/\/www.linkedin.com\/company\/colt-technology-services","https:\/\/www.youtube.com\/user\/ColtTechnology"]}]}},"_links":{"self":[{"href":"https:\/\/legacy.colt.net\/fr\/wp-json\/wp\/v2\/pages\/35154","targetHints":{"allow":["GET"]}}],"collection":[{"href":"https:\/\/legacy.colt.net\/fr\/wp-json\/wp\/v2\/pages"}],"about":[{"href":"https:\/\/legacy.colt.net\/fr\/wp-json\/wp\/v2\/types\/page"}],"author":[{"embeddable":true,"href":"https:\/\/legacy.colt.net\/fr\/wp-json\/wp\/v2\/users\/143"}],"replies":[{"embeddable":true,"href":"https:\/\/legacy.colt.net\/fr\/wp-json\/wp\/v2\/comments?post=35154"}],"version-history":[{"count":0,"href":"https:\/\/legacy.colt.net\/fr\/wp-json\/wp\/v2\/pages\/35154\/revisions"}],"wp:attachment":[{"href":"https:\/\/legacy.colt.net\/fr\/wp-json\/wp\/v2\/media?parent=35154"}],"wp:term":[{"taxonomy":"colt_type","embeddable":true,"href":"https:\/\/legacy.colt.net\/fr\/wp-json\/wp\/v2\/colt_type?post=35154"},{"taxonomy":"colt_products","embeddable":true,"href":"https:\/\/legacy.colt.net\/fr\/wp-json\/wp\/v2\/colt_products?post=35154"}],"curies":[{"name":"wp","href":"https:\/\/api.w.org\/{rel}","templated":true}]}}