{"id":35109,"date":"2019-03-07T09:33:57","date_gmt":"2019-03-07T09:33:57","guid":{"rendered":"https:\/\/www.colt.net\/gdpr\/"},"modified":"2019-04-04T10:15:58","modified_gmt":"2019-04-04T09:15:58","slug":"gdpr","status":"publish","type":"page","link":"https:\/\/legacy.colt.net\/fr\/legal\/gdpr\/","title":{"rendered":"R\u00e8glement g\u00e9n\u00e9ral sur la protection des donn\u00e9es (RGPD)"},"content":{"rendered":"<h1>\n\t<\/h1>\n\t<nav class=\"breadcrumb\"><span><span><a href=\"https:\/\/legacy.colt.net\/fr\/\">Home<\/a><\/span><\/span><\/nav>\n\t<p><strong>Pour les employ\u00e9s, anciens employ\u00e9s et candidats<\/strong>.<\/p>\n<p>R\u00e8glement g\u00e9n\u00e9ral sur la protection des donn\u00e9es (RGPD) droits pour les employ\u00e9s, anciens employ\u00e9s et candidat<\/p>\n<p>A) Droits d\u2019acc\u00e8s sujets aux donn\u00e9es<\/p>\n<p>Si vous d\u00e9sirez exercer vos droits de RGPD, veuillez s\u00e9lectionner et t\u00e9l\u00e9charger le formulaire correspondant ci-dessous puis une fois compl\u00e9t\u00e9 et accompagn\u00e9 d\u2019une pi\u00e8ce d\u2019identit\u00e9 l\u2019envoyer \u00e1\u00a0<a href=\"mailto:HRContactCentre@colt.net\">HRContactCentre@colt.net<\/a>.<\/p>\n<ul>\n<li><a href=\"https:\/\/legacy.colt.net\/wp-content\/uploads\/2018\/12\/Request-form-Right-to-access.docx\">Droit d\u2019acc\u00e8s de la personne concern\u00e9e<\/a><\/li>\n<li><a href=\"https:\/\/legacy.colt.net\/wp-content\/uploads\/2018\/12\/Request-form-Right-to-rectification.docx\">Droit de rectification<\/a><\/li>\n<li><a href=\"https:\/\/legacy.colt.net\/wp-content\/uploads\/2018\/12\/Request-form-Right-to-erasure.docx\">Droit \u00e1 l\u2019effacement (\u00abdroit \u00e1 l\u2019oubli\u00a0\u00bb)<\/a><\/li>\n<li><a href=\"https:\/\/legacy.colt.net\/wp-content\/uploads\/2018\/12\/Request-form-Right-to-portability.docx\">Droit \u00e1 la portabilit\u00e9 des donn\u00e9es<\/a><\/li>\n<li><a href=\"https:\/\/legacy.colt.net\/wp-content\/uploads\/2018\/12\/Request-form-Right-to-restrict.docx\">Droit d\u2019opposition<\/a><\/li>\n<li><a href=\"https:\/\/legacy.colt.net\/wp-content\/uploads\/2018\/12\/Request-form-Right-to-object.docx\">Droit \u00e1 r\u00e9clamer<\/a><\/li>\n<li><a href=\"https:\/\/legacy.colt.net\/wp-content\/uploads\/2018\/12\/Request-form-Right-to-Automated.docx\">Droit de prise de d\u00e9cision automatis\u00e9e y compris le profilage<\/a><\/li>\n<\/ul>\n<p>Vous pouvez trouver plus d\u2019information sur les droits d\u2019acc\u00e8s sujets aux donn\u00e9es\u00a0<a href=\"https:\/\/legacy.colt.net\/wp-content\/uploads\/2018\/12\/DSAR-FAQs.pdf\"><u>ici<\/u><\/a><u>.<\/u><\/p>\nB) Plaintes sur la gestion des donn\u00e9es<br \/>\nSi vous voulez formuler une plainte au sujet de la gestion de vos donn\u00e9es, veuillez t\u00e9l\u00e9charger et compl\u00e9ter le formulaire ci-dessous et le retourner accompagn\u00e9 d\u2019une pi\u00e8ce d\u2019identit\u00e9 \u00e1\u00a0<a href=\"mailto:HRContactCentre@colt.net\">HRContactCentre@colt.net<\/a>.\n<ul>\n<li><a href=\"https:\/\/legacy.colt.net\/wp-content\/uploads\/2018\/12\/Personal-Data-Complaint-Form.docx\"><u>Formulaire de plainte<\/u><\/a><\/li>\n<\/ul>\n\t<p><strong>Pour les clients<\/strong><\/p>\n<p>Si vous d\u00e9sirez exercer vos droits de RGPD en relation avec le service de tickets et facturation, veuillez s\u00e9lectionner le formulaire correspondant ci-dessous et l\u2019envoyer en pi\u00e8ce jointe \u00e1 un ticket que vous ouvrirez sur\u00a0<a href=\"https:\/\/online.colt.net\/\">Colt Online<\/a>. Vous pouvez suivre le progr\u00e8s en utilisant la r\u00e9f\u00e9rence de votre ticket sur Colt Online.<\/p>\n<p>Si vos questions de RGPD sont sur un autre sujet, veuillez s\u00e9lectionner le formulaire correspondant ci-dessous, le compl\u00e9ter et l\u2019envoyer \u00e1\u00a0<a href=\"mailto:gdpr@colt.net\">gdpr@colt.net<\/a><\/p>\n","protected":false},"excerpt":{"rendered":"<p>Pour les employ\u00e9s, anciens employ\u00e9s et candidats. R\u00e8glement g\u00e9n\u00e9ral sur la protection des donn\u00e9es (RGPD) droits pour les employ\u00e9s, anciens employ\u00e9s et candidat A) Droits d\u2019acc\u00e8s sujets aux donn\u00e9es Si vous d\u00e9sirez exercer vos droits de RGPD, veuillez s\u00e9lectionner et t\u00e9l\u00e9charger le formulaire correspondant ci-dessous puis une fois compl\u00e9t\u00e9 et accompagn\u00e9 d\u2019une pi\u00e8ce d\u2019identit\u00e9 l\u2019envoyer&#8230;<\/p>\n","protected":false},"author":143,"featured_media":0,"parent":34474,"menu_order":0,"comment_status":"closed","ping_status":"closed","template":"","meta":{"_acf_changed":false,"footnotes":""},"colt_type":[],"colt_products":[],"class_list":["post-35109","page","type-page","status-publish","hentry"],"acf":[],"yoast_head":"<!-- This site is optimized with the Yoast SEO plugin v26.8 - https:\/\/yoast.com\/product\/yoast-seo-wordpress\/ -->\n<title>R\u00e8glement g\u00e9n\u00e9ral sur la protection des donn\u00e9es (RGPD) - Colt | FR<\/title>\n<meta name=\"description\" content=\"R\u00e8glement g\u00e9n\u00e9ral sur la protection des donn\u00e9es (RGPD) droits pour les employ\u00e9s, anciens employ\u00e9s et candidat\" \/>\n<meta name=\"robots\" content=\"noindex, follow, max-snippet:-1, max-image-preview:large, max-video-preview:-1\" \/>\n<meta property=\"og:locale\" content=\"fr_FR\" \/>\n<meta property=\"og:type\" content=\"article\" \/>\n<meta property=\"og:title\" content=\"R\u00e8glement g\u00e9n\u00e9ral sur la protection des donn\u00e9es (RGPD) - Colt | FR\" \/>\n<meta property=\"og:description\" content=\"R\u00e8glement g\u00e9n\u00e9ral sur la protection des donn\u00e9es (RGPD) droits pour les employ\u00e9s, anciens employ\u00e9s et candidat\" \/>\n<meta property=\"og:url\" content=\"https:\/\/legacy.colt.net\/fr\/legal\/gdpr\/\" \/>\n<meta property=\"og:site_name\" content=\"Colt Technology Services\" \/>\n<meta property=\"article:publisher\" content=\"https:\/\/www.facebook.com\/ColtTechnologyServices\/\" \/>\n<meta property=\"article:modified_time\" content=\"2019-04-04T09:15:58+00:00\" \/>\n<meta property=\"og:image\" content=\"https:\/\/legacy.colt.net\/wp-content\/uploads\/2021\/01\/Brand-2021-Stock-32.jpg\" \/>\n\t<meta property=\"og:image:width\" content=\"1000\" \/>\n\t<meta property=\"og:image:height\" content=\"667\" \/>\n\t<meta property=\"og:image:type\" content=\"image\/jpeg\" \/>\n<meta name=\"twitter:card\" content=\"summary_large_image\" \/>\n<meta name=\"twitter:site\" content=\"@colt_technology\" \/>\n<meta name=\"twitter:label1\" content=\"Est. reading time\" \/>\n\t<meta name=\"twitter:data1\" content=\"1 minute\" \/>\n<script type=\"application\/ld+json\" class=\"yoast-schema-graph\">{\"@context\":\"https:\/\/schema.org\",\"@graph\":[{\"@type\":\"WebPage\",\"@id\":\"https:\/\/legacy.colt.net\/fr\/legal\/gdpr\/\",\"url\":\"https:\/\/legacy.colt.net\/fr\/legal\/gdpr\/\",\"name\":\"R\u00e8glement g\u00e9n\u00e9ral sur la protection des donn\u00e9es (RGPD) - Colt | FR\",\"isPartOf\":{\"@id\":\"https:\/\/legacy.colt.net\/#website\"},\"datePublished\":\"2019-03-07T09:33:57+00:00\",\"dateModified\":\"2019-04-04T09:15:58+00:00\",\"description\":\"R\u00e8glement g\u00e9n\u00e9ral sur la protection des donn\u00e9es (RGPD) droits pour les employ\u00e9s, anciens employ\u00e9s et candidat\",\"breadcrumb\":{\"@id\":\"https:\/\/legacy.colt.net\/fr\/legal\/gdpr\/#breadcrumb\"},\"inLanguage\":\"fr-FR\",\"potentialAction\":[{\"@type\":\"ReadAction\",\"target\":[\"https:\/\/legacy.colt.net\/fr\/legal\/gdpr\/\"]}]},{\"@type\":\"BreadcrumbList\",\"@id\":\"https:\/\/legacy.colt.net\/fr\/legal\/gdpr\/#breadcrumb\",\"itemListElement\":[{\"@type\":\"ListItem\",\"position\":1,\"name\":\"Home\",\"item\":\"https:\/\/legacy.colt.net\/fr\/\"},{\"@type\":\"ListItem\",\"position\":2,\"name\":\"Legal\",\"item\":\"https:\/\/legacy.colt.net\/fr\/legal\/\"},{\"@type\":\"ListItem\",\"position\":3,\"name\":\"R\u00e8glement g\u00e9n\u00e9ral sur la protection des donn\u00e9es (RGPD)\"}]},{\"@type\":\"WebSite\",\"@id\":\"https:\/\/legacy.colt.net\/#website\",\"url\":\"https:\/\/legacy.colt.net\/\",\"name\":\"Colt\u30c6\u30af\u30ce\u30ed\u30b8\u30fc\u30b5\u30fc\u30d3\u30b9\u682a\u5f0f\u4f1a\u793e\",\"description\":\"Managed Network &amp; Voice Services Provider\",\"publisher\":{\"@id\":\"https:\/\/legacy.colt.net\/#organization\"},\"potentialAction\":[{\"@type\":\"SearchAction\",\"target\":{\"@type\":\"EntryPoint\",\"urlTemplate\":\"https:\/\/legacy.colt.net\/?s={search_term_string}\"},\"query-input\":{\"@type\":\"PropertyValueSpecification\",\"valueRequired\":true,\"valueName\":\"search_term_string\"}}],\"inLanguage\":\"fr-FR\"},{\"@type\":\"Organization\",\"@id\":\"https:\/\/legacy.colt.net\/#organization\",\"name\":\"Colt Technology Services\",\"url\":\"https:\/\/legacy.colt.net\/\",\"logo\":{\"@type\":\"ImageObject\",\"inLanguage\":\"fr-FR\",\"@id\":\"https:\/\/legacy.colt.net\/#\/schema\/logo\/image\/\",\"url\":\"https:\/\/legacy.colt.net\/wp-content\/uploads\/2019\/02\/Colt-Logo.png\",\"contentUrl\":\"https:\/\/legacy.colt.net\/wp-content\/uploads\/2019\/02\/Colt-Logo.png\",\"width\":195,\"height\":77,\"caption\":\"Colt Technology Services\"},\"image\":{\"@id\":\"https:\/\/legacy.colt.net\/#\/schema\/logo\/image\/\"},\"sameAs\":[\"https:\/\/www.facebook.com\/ColtTechnologyServices\/\",\"https:\/\/x.com\/colt_technology\",\"https:\/\/www.instagram.com\/colttechnologyservices\/\",\"https:\/\/www.linkedin.com\/company\/colt-technology-services\",\"https:\/\/www.youtube.com\/user\/ColtTechnology\"]}]}<\/script>\n<!-- \/ Yoast SEO plugin. -->","yoast_head_json":{"title":"R\u00e8glement g\u00e9n\u00e9ral sur la protection des donn\u00e9es (RGPD) - Colt | FR","description":"R\u00e8glement g\u00e9n\u00e9ral sur la protection des donn\u00e9es (RGPD) droits pour les employ\u00e9s, anciens employ\u00e9s et candidat","robots":{"index":"noindex","follow":"follow","max-snippet":"max-snippet:-1","max-image-preview":"max-image-preview:large","max-video-preview":"max-video-preview:-1"},"og_locale":"fr_FR","og_type":"article","og_title":"R\u00e8glement g\u00e9n\u00e9ral sur la protection des donn\u00e9es (RGPD) - Colt | FR","og_description":"R\u00e8glement g\u00e9n\u00e9ral sur la protection des donn\u00e9es (RGPD) droits pour les employ\u00e9s, anciens employ\u00e9s et candidat","og_url":"https:\/\/legacy.colt.net\/fr\/legal\/gdpr\/","og_site_name":"Colt Technology Services","article_publisher":"https:\/\/www.facebook.com\/ColtTechnologyServices\/","article_modified_time":"2019-04-04T09:15:58+00:00","og_image":[{"width":1000,"height":667,"url":"https:\/\/legacy.colt.net\/wp-content\/uploads\/2021\/01\/Brand-2021-Stock-32.jpg","type":"image\/jpeg"}],"twitter_card":"summary_large_image","twitter_site":"@colt_technology","twitter_misc":{"Est. reading time":"1 minute"},"schema":{"@context":"https:\/\/schema.org","@graph":[{"@type":"WebPage","@id":"https:\/\/legacy.colt.net\/fr\/legal\/gdpr\/","url":"https:\/\/legacy.colt.net\/fr\/legal\/gdpr\/","name":"R\u00e8glement g\u00e9n\u00e9ral sur la protection des donn\u00e9es (RGPD) - Colt | FR","isPartOf":{"@id":"https:\/\/legacy.colt.net\/#website"},"datePublished":"2019-03-07T09:33:57+00:00","dateModified":"2019-04-04T09:15:58+00:00","description":"R\u00e8glement g\u00e9n\u00e9ral sur la protection des donn\u00e9es (RGPD) droits pour les employ\u00e9s, anciens employ\u00e9s et candidat","breadcrumb":{"@id":"https:\/\/legacy.colt.net\/fr\/legal\/gdpr\/#breadcrumb"},"inLanguage":"fr-FR","potentialAction":[{"@type":"ReadAction","target":["https:\/\/legacy.colt.net\/fr\/legal\/gdpr\/"]}]},{"@type":"BreadcrumbList","@id":"https:\/\/legacy.colt.net\/fr\/legal\/gdpr\/#breadcrumb","itemListElement":[{"@type":"ListItem","position":1,"name":"Home","item":"https:\/\/legacy.colt.net\/fr\/"},{"@type":"ListItem","position":2,"name":"Legal","item":"https:\/\/legacy.colt.net\/fr\/legal\/"},{"@type":"ListItem","position":3,"name":"R\u00e8glement g\u00e9n\u00e9ral sur la protection des donn\u00e9es (RGPD)"}]},{"@type":"WebSite","@id":"https:\/\/legacy.colt.net\/#website","url":"https:\/\/legacy.colt.net\/","name":"Colt\u30c6\u30af\u30ce\u30ed\u30b8\u30fc\u30b5\u30fc\u30d3\u30b9\u682a\u5f0f\u4f1a\u793e","description":"Managed Network &amp; Voice Services Provider","publisher":{"@id":"https:\/\/legacy.colt.net\/#organization"},"potentialAction":[{"@type":"SearchAction","target":{"@type":"EntryPoint","urlTemplate":"https:\/\/legacy.colt.net\/?s={search_term_string}"},"query-input":{"@type":"PropertyValueSpecification","valueRequired":true,"valueName":"search_term_string"}}],"inLanguage":"fr-FR"},{"@type":"Organization","@id":"https:\/\/legacy.colt.net\/#organization","name":"Colt Technology Services","url":"https:\/\/legacy.colt.net\/","logo":{"@type":"ImageObject","inLanguage":"fr-FR","@id":"https:\/\/legacy.colt.net\/#\/schema\/logo\/image\/","url":"https:\/\/legacy.colt.net\/wp-content\/uploads\/2019\/02\/Colt-Logo.png","contentUrl":"https:\/\/legacy.colt.net\/wp-content\/uploads\/2019\/02\/Colt-Logo.png","width":195,"height":77,"caption":"Colt Technology Services"},"image":{"@id":"https:\/\/legacy.colt.net\/#\/schema\/logo\/image\/"},"sameAs":["https:\/\/www.facebook.com\/ColtTechnologyServices\/","https:\/\/x.com\/colt_technology","https:\/\/www.instagram.com\/colttechnologyservices\/","https:\/\/www.linkedin.com\/company\/colt-technology-services","https:\/\/www.youtube.com\/user\/ColtTechnology"]}]}},"_links":{"self":[{"href":"https:\/\/legacy.colt.net\/fr\/wp-json\/wp\/v2\/pages\/35109","targetHints":{"allow":["GET"]}}],"collection":[{"href":"https:\/\/legacy.colt.net\/fr\/wp-json\/wp\/v2\/pages"}],"about":[{"href":"https:\/\/legacy.colt.net\/fr\/wp-json\/wp\/v2\/types\/page"}],"author":[{"embeddable":true,"href":"https:\/\/legacy.colt.net\/fr\/wp-json\/wp\/v2\/users\/143"}],"replies":[{"embeddable":true,"href":"https:\/\/legacy.colt.net\/fr\/wp-json\/wp\/v2\/comments?post=35109"}],"version-history":[{"count":0,"href":"https:\/\/legacy.colt.net\/fr\/wp-json\/wp\/v2\/pages\/35109\/revisions"}],"up":[{"embeddable":true,"href":"https:\/\/legacy.colt.net\/fr\/wp-json\/wp\/v2\/pages\/34474"}],"wp:attachment":[{"href":"https:\/\/legacy.colt.net\/fr\/wp-json\/wp\/v2\/media?parent=35109"}],"wp:term":[{"taxonomy":"colt_type","embeddable":true,"href":"https:\/\/legacy.colt.net\/fr\/wp-json\/wp\/v2\/colt_type?post=35109"},{"taxonomy":"colt_products","embeddable":true,"href":"https:\/\/legacy.colt.net\/fr\/wp-json\/wp\/v2\/colt_products?post=35109"}],"curies":[{"name":"wp","href":"https:\/\/api.w.org\/{rel}","templated":true}]}}