{"id":35067,"date":"2017-03-30T09:14:39","date_gmt":"2017-03-30T09:14:39","guid":{"rendered":"https:\/\/www.colt.net\/in-services\/"},"modified":"2021-01-08T17:06:05","modified_gmt":"2021-01-08T17:06:05","slug":"in-services","status":"publish","type":"page","link":"https:\/\/legacy.colt.net\/fr\/in-services\/","title":{"rendered":"IN Services"},"content":{"rendered":"\n<h1>\n\t<\/h1>\n<h2>\n\t\tProduits &#038; services r\u00e9seaux\n\t<\/h2>\n\t<nav class=\"breadcrumb\"><span><span><a href=\"https:\/\/legacy.colt.net\/fr\/\">Home<\/a><\/span><\/span><\/nav>\n\t<p>La capacit\u00e9 de passer des appels de qualit\u00e9 pour contacter des partenaires et des fournisseurs est cruciale pour toute entreprise, mais tout aussi importante est la capacit\u00e9 de donner un contact facile \u00e0 leurs clients finaux pour entrer en contact avec eux en tant qu&#8217;entreprise.<\/p>\n\t<a href=\"https:\/\/legacy.colt.net\/fr\/product\/service-access-numbers\/\" target=\"_self\" rel=\"noopener noreferrer\"><\/a> \n\t\t\t\t<img decoding=\"async\" src=\"https:\/\/legacy.colt.net\/wp-content\/uploads\/2021\/01\/Intelligent-Communications.png\" alt=\"Intelligent Communications\" title=\"Intelligent Communications\" itemprop=\"image\"\/>\n\t\t<h3>Service access numbers<\/h3>\t\t\t\n\t\t\t\t<p>Les num\u00e9ros d&#8217;acc\u00e8s rendent votre entreprise plus accessible sur diff\u00e9rents march\u00e9s et \u00e0 travers diverses filiales.<\/p>\n\t<a href=\"https:\/\/legacy.colt.net\/fr\/product\/in-vas-and-contact-centres\/\" target=\"_self\" rel=\"noopener noreferrer\"><\/a> \n\t\t\t\t<img decoding=\"async\" src=\"https:\/\/legacy.colt.net\/wp-content\/uploads\/2021\/01\/Building-your-network-1.png\" alt=\"Building-your-network-1\" title=\"Building-your-network-1\" itemprop=\"image\"\/>\n\t\t<h3>Contact centre solutions<\/h3>\t\t\t\n\t\t\t\t<p>Le service client est essentiel pour toute entreprise, or le niveau de satisfaction chute lorsqu&#8217;un client subit de trop longs temps d&#8217;attente t\u00e9l\u00e9phonique.<\/p>\n\t<a href=\"https:\/\/legacy.colt.net\/fr\/product\/voice-on-demand\/\" target=\"_self\" rel=\"noopener noreferrer\"><\/a> \n\t\t\t\t<img decoding=\"async\" src=\"https:\/\/legacy.colt.net\/wp-content\/uploads\/2021\/01\/Transforming-your-digital-workplace.png\" alt=\"Transforming-your-digital-workplace\" title=\"Transforming-your-digital-workplace\" itemprop=\"image\"\/>\n\t\t<h3>Voice On Demand<\/h3>\t\t\t\n\t\t\t\t<p>Le portail Colt Voice On Demand facilite grandement la s\u00e9lection du pays, du type de num\u00e9ro, de la plage de num\u00e9ros et de la quantit\u00e9 \u00e0 commander, gr\u00e2ce \u00e0 des filtres intuitifs.<\/p>\n\n","protected":false},"excerpt":{"rendered":"<p>Produits &#038; services r\u00e9seaux La capacit\u00e9 de passer des appels de qualit\u00e9 pour contacter des partenaires et des fournisseurs est cruciale pour toute entreprise, mais tout aussi importante est la capacit\u00e9 de donner un contact facile \u00e0 leurs clients finaux pour entrer en contact avec eux en tant qu&#8217;entreprise. Service access numbers Les num\u00e9ros d&#8217;acc\u00e8s&#8230;<\/p>\n","protected":false},"author":2,"featured_media":0,"parent":0,"menu_order":0,"comment_status":"closed","ping_status":"closed","template":"","meta":{"_acf_changed":false,"footnotes":""},"colt_type":[],"colt_products":[1492],"class_list":["post-35067","page","type-page","status-publish","hentry","colt_products-voice"],"acf":[],"yoast_head":"<!-- This site is optimized with the Yoast SEO plugin v26.8 - https:\/\/yoast.com\/product\/yoast-seo-wordpress\/ -->\n<title>IN Services - Colt Technology Services - FR<\/title>\n<meta name=\"description\" content=\"Les num\u00e9ros d\u2019acc\u00e8s rendent votre entreprise plus accessible sur diff\u00e9rents march\u00e9s et \u00e0 travers diverses filiales\" \/>\n<meta name=\"robots\" content=\"noindex, follow, max-snippet:-1, max-image-preview:large, max-video-preview:-1\" \/>\n<meta property=\"og:locale\" content=\"fr_FR\" \/>\n<meta property=\"og:type\" content=\"article\" \/>\n<meta property=\"og:title\" content=\"IN Services - Colt Technology Services - FR\" \/>\n<meta property=\"og:description\" content=\"Les num\u00e9ros d\u2019acc\u00e8s rendent votre entreprise plus accessible sur diff\u00e9rents march\u00e9s et \u00e0 travers diverses filiales\" \/>\n<meta property=\"og:url\" content=\"https:\/\/legacy.colt.net\/fr\/in-services\/\" \/>\n<meta property=\"og:site_name\" content=\"Colt Technology Services\" \/>\n<meta property=\"article:publisher\" content=\"https:\/\/www.facebook.com\/ColtTechnologyServices\/\" \/>\n<meta property=\"article:modified_time\" content=\"2021-01-08T17:06:05+00:00\" \/>\n<meta property=\"og:image\" content=\"https:\/\/legacy.colt.net\/wp-content\/uploads\/2021\/01\/Brand-2021-Stock-33.jpg\" \/>\n\t<meta property=\"og:image:width\" content=\"1000\" \/>\n\t<meta property=\"og:image:height\" content=\"667\" \/>\n\t<meta property=\"og:image:type\" content=\"image\/jpeg\" \/>\n<meta name=\"twitter:card\" content=\"summary_large_image\" \/>\n<meta name=\"twitter:site\" content=\"@colt_technology\" \/>\n<meta name=\"twitter:label1\" content=\"Est. reading time\" \/>\n\t<meta name=\"twitter:data1\" content=\"1 minute\" \/>\n<script type=\"application\/ld+json\" class=\"yoast-schema-graph\">{\"@context\":\"https:\/\/schema.org\",\"@graph\":[{\"@type\":\"WebPage\",\"@id\":\"https:\/\/legacy.colt.net\/fr\/in-services\/\",\"url\":\"https:\/\/legacy.colt.net\/fr\/in-services\/\",\"name\":\"IN Services - Colt Technology Services - FR\",\"isPartOf\":{\"@id\":\"https:\/\/legacy.colt.net\/#website\"},\"primaryImageOfPage\":{\"@id\":\"https:\/\/legacy.colt.net\/fr\/in-services\/#primaryimage\"},\"image\":{\"@id\":\"https:\/\/legacy.colt.net\/fr\/in-services\/#primaryimage\"},\"thumbnailUrl\":\"https:\/\/legacy.colt.net\/wp-content\/uploads\/2021\/01\/Intelligent-Communications.png\",\"datePublished\":\"2017-03-30T09:14:39+00:00\",\"dateModified\":\"2021-01-08T17:06:05+00:00\",\"description\":\"Les num\u00e9ros d\u2019acc\u00e8s rendent votre entreprise plus accessible sur diff\u00e9rents march\u00e9s et \u00e0 travers diverses filiales\",\"breadcrumb\":{\"@id\":\"https:\/\/legacy.colt.net\/fr\/in-services\/#breadcrumb\"},\"inLanguage\":\"fr-FR\",\"potentialAction\":[{\"@type\":\"ReadAction\",\"target\":[\"https:\/\/legacy.colt.net\/fr\/in-services\/\"]}]},{\"@type\":\"ImageObject\",\"inLanguage\":\"fr-FR\",\"@id\":\"https:\/\/legacy.colt.net\/fr\/in-services\/#primaryimage\",\"url\":\"https:\/\/legacy.colt.net\/wp-content\/uploads\/2021\/01\/Intelligent-Communications.png\",\"contentUrl\":\"https:\/\/legacy.colt.net\/wp-content\/uploads\/2021\/01\/Intelligent-Communications.png\"},{\"@type\":\"BreadcrumbList\",\"@id\":\"https:\/\/legacy.colt.net\/fr\/in-services\/#breadcrumb\",\"itemListElement\":[{\"@type\":\"ListItem\",\"position\":1,\"name\":\"Home\",\"item\":\"https:\/\/legacy.colt.net\/fr\/\"},{\"@type\":\"ListItem\",\"position\":2,\"name\":\"IN Services\"}]},{\"@type\":\"WebSite\",\"@id\":\"https:\/\/legacy.colt.net\/#website\",\"url\":\"https:\/\/legacy.colt.net\/\",\"name\":\"Colt\u30c6\u30af\u30ce\u30ed\u30b8\u30fc\u30b5\u30fc\u30d3\u30b9\u682a\u5f0f\u4f1a\u793e\",\"description\":\"Managed Network &amp; Voice Services Provider\",\"publisher\":{\"@id\":\"https:\/\/legacy.colt.net\/#organization\"},\"potentialAction\":[{\"@type\":\"SearchAction\",\"target\":{\"@type\":\"EntryPoint\",\"urlTemplate\":\"https:\/\/legacy.colt.net\/?s={search_term_string}\"},\"query-input\":{\"@type\":\"PropertyValueSpecification\",\"valueRequired\":true,\"valueName\":\"search_term_string\"}}],\"inLanguage\":\"fr-FR\"},{\"@type\":\"Organization\",\"@id\":\"https:\/\/legacy.colt.net\/#organization\",\"name\":\"Colt Technology Services\",\"url\":\"https:\/\/legacy.colt.net\/\",\"logo\":{\"@type\":\"ImageObject\",\"inLanguage\":\"fr-FR\",\"@id\":\"https:\/\/legacy.colt.net\/#\/schema\/logo\/image\/\",\"url\":\"https:\/\/legacy.colt.net\/wp-content\/uploads\/2019\/02\/Colt-Logo.png\",\"contentUrl\":\"https:\/\/legacy.colt.net\/wp-content\/uploads\/2019\/02\/Colt-Logo.png\",\"width\":195,\"height\":77,\"caption\":\"Colt Technology Services\"},\"image\":{\"@id\":\"https:\/\/legacy.colt.net\/#\/schema\/logo\/image\/\"},\"sameAs\":[\"https:\/\/www.facebook.com\/ColtTechnologyServices\/\",\"https:\/\/x.com\/colt_technology\",\"https:\/\/www.instagram.com\/colttechnologyservices\/\",\"https:\/\/www.linkedin.com\/company\/colt-technology-services\",\"https:\/\/www.youtube.com\/user\/ColtTechnology\"]}]}<\/script>\n<!-- \/ Yoast SEO plugin. -->","yoast_head_json":{"title":"IN Services - Colt Technology Services - FR","description":"Les num\u00e9ros d\u2019acc\u00e8s rendent votre entreprise plus accessible sur diff\u00e9rents march\u00e9s et \u00e0 travers diverses filiales","robots":{"index":"noindex","follow":"follow","max-snippet":"max-snippet:-1","max-image-preview":"max-image-preview:large","max-video-preview":"max-video-preview:-1"},"og_locale":"fr_FR","og_type":"article","og_title":"IN Services - Colt Technology Services - FR","og_description":"Les num\u00e9ros d\u2019acc\u00e8s rendent votre entreprise plus accessible sur diff\u00e9rents march\u00e9s et \u00e0 travers diverses filiales","og_url":"https:\/\/legacy.colt.net\/fr\/in-services\/","og_site_name":"Colt Technology Services","article_publisher":"https:\/\/www.facebook.com\/ColtTechnologyServices\/","article_modified_time":"2021-01-08T17:06:05+00:00","og_image":[{"width":1000,"height":667,"url":"https:\/\/legacy.colt.net\/wp-content\/uploads\/2021\/01\/Brand-2021-Stock-33.jpg","type":"image\/jpeg"}],"twitter_card":"summary_large_image","twitter_site":"@colt_technology","twitter_misc":{"Est. reading time":"1 minute"},"schema":{"@context":"https:\/\/schema.org","@graph":[{"@type":"WebPage","@id":"https:\/\/legacy.colt.net\/fr\/in-services\/","url":"https:\/\/legacy.colt.net\/fr\/in-services\/","name":"IN Services - Colt Technology Services - FR","isPartOf":{"@id":"https:\/\/legacy.colt.net\/#website"},"primaryImageOfPage":{"@id":"https:\/\/legacy.colt.net\/fr\/in-services\/#primaryimage"},"image":{"@id":"https:\/\/legacy.colt.net\/fr\/in-services\/#primaryimage"},"thumbnailUrl":"https:\/\/legacy.colt.net\/wp-content\/uploads\/2021\/01\/Intelligent-Communications.png","datePublished":"2017-03-30T09:14:39+00:00","dateModified":"2021-01-08T17:06:05+00:00","description":"Les num\u00e9ros d\u2019acc\u00e8s rendent votre entreprise plus accessible sur diff\u00e9rents march\u00e9s et \u00e0 travers diverses filiales","breadcrumb":{"@id":"https:\/\/legacy.colt.net\/fr\/in-services\/#breadcrumb"},"inLanguage":"fr-FR","potentialAction":[{"@type":"ReadAction","target":["https:\/\/legacy.colt.net\/fr\/in-services\/"]}]},{"@type":"ImageObject","inLanguage":"fr-FR","@id":"https:\/\/legacy.colt.net\/fr\/in-services\/#primaryimage","url":"https:\/\/legacy.colt.net\/wp-content\/uploads\/2021\/01\/Intelligent-Communications.png","contentUrl":"https:\/\/legacy.colt.net\/wp-content\/uploads\/2021\/01\/Intelligent-Communications.png"},{"@type":"BreadcrumbList","@id":"https:\/\/legacy.colt.net\/fr\/in-services\/#breadcrumb","itemListElement":[{"@type":"ListItem","position":1,"name":"Home","item":"https:\/\/legacy.colt.net\/fr\/"},{"@type":"ListItem","position":2,"name":"IN Services"}]},{"@type":"WebSite","@id":"https:\/\/legacy.colt.net\/#website","url":"https:\/\/legacy.colt.net\/","name":"Colt\u30c6\u30af\u30ce\u30ed\u30b8\u30fc\u30b5\u30fc\u30d3\u30b9\u682a\u5f0f\u4f1a\u793e","description":"Managed Network &amp; Voice Services Provider","publisher":{"@id":"https:\/\/legacy.colt.net\/#organization"},"potentialAction":[{"@type":"SearchAction","target":{"@type":"EntryPoint","urlTemplate":"https:\/\/legacy.colt.net\/?s={search_term_string}"},"query-input":{"@type":"PropertyValueSpecification","valueRequired":true,"valueName":"search_term_string"}}],"inLanguage":"fr-FR"},{"@type":"Organization","@id":"https:\/\/legacy.colt.net\/#organization","name":"Colt Technology Services","url":"https:\/\/legacy.colt.net\/","logo":{"@type":"ImageObject","inLanguage":"fr-FR","@id":"https:\/\/legacy.colt.net\/#\/schema\/logo\/image\/","url":"https:\/\/legacy.colt.net\/wp-content\/uploads\/2019\/02\/Colt-Logo.png","contentUrl":"https:\/\/legacy.colt.net\/wp-content\/uploads\/2019\/02\/Colt-Logo.png","width":195,"height":77,"caption":"Colt Technology Services"},"image":{"@id":"https:\/\/legacy.colt.net\/#\/schema\/logo\/image\/"},"sameAs":["https:\/\/www.facebook.com\/ColtTechnologyServices\/","https:\/\/x.com\/colt_technology","https:\/\/www.instagram.com\/colttechnologyservices\/","https:\/\/www.linkedin.com\/company\/colt-technology-services","https:\/\/www.youtube.com\/user\/ColtTechnology"]}]}},"_links":{"self":[{"href":"https:\/\/legacy.colt.net\/fr\/wp-json\/wp\/v2\/pages\/35067","targetHints":{"allow":["GET"]}}],"collection":[{"href":"https:\/\/legacy.colt.net\/fr\/wp-json\/wp\/v2\/pages"}],"about":[{"href":"https:\/\/legacy.colt.net\/fr\/wp-json\/wp\/v2\/types\/page"}],"author":[{"embeddable":true,"href":"https:\/\/legacy.colt.net\/fr\/wp-json\/wp\/v2\/users\/2"}],"replies":[{"embeddable":true,"href":"https:\/\/legacy.colt.net\/fr\/wp-json\/wp\/v2\/comments?post=35067"}],"version-history":[{"count":0,"href":"https:\/\/legacy.colt.net\/fr\/wp-json\/wp\/v2\/pages\/35067\/revisions"}],"wp:attachment":[{"href":"https:\/\/legacy.colt.net\/fr\/wp-json\/wp\/v2\/media?parent=35067"}],"wp:term":[{"taxonomy":"colt_type","embeddable":true,"href":"https:\/\/legacy.colt.net\/fr\/wp-json\/wp\/v2\/colt_type?post=35067"},{"taxonomy":"colt_products","embeddable":true,"href":"https:\/\/legacy.colt.net\/fr\/wp-json\/wp\/v2\/colt_products?post=35067"}],"curies":[{"name":"wp","href":"https:\/\/api.w.org\/{rel}","templated":true}]}}