{"id":35065,"date":"2019-03-07T11:06:40","date_gmt":"2019-03-07T11:06:40","guid":{"rendered":"https:\/\/www.colt.net\/nos-activites\/"},"modified":"2019-12-03T10:09:49","modified_gmt":"2019-12-03T10:09:49","slug":"what-we-do","status":"publish","type":"page","link":"https:\/\/legacy.colt.net\/fr\/what-we-do\/","title":{"rendered":"Nos activit\u00e9s"},"content":{"rendered":"<h1>\n\t<\/h1>\n<h3>\n\t<\/h3>\n\t<nav class=\"breadcrumb\"><span><span><a href=\"https:\/\/legacy.colt.net\/fr\/\">Home<\/a><\/span><\/span><\/nav>\n\t<p><strong>Colt s\u2019affirme comme la nouvelle r\u00e9f\u00e9rence des services r\u00e9seaux \u00e0 tr\u00e8s haut d\u00e9bit et des services voix pour les entreprises et les op\u00e9rateurs Wholesale dans les plus grands centres d\u2019affaires en Europe, en Asie et en Am\u00e9rique du Nord.<\/strong><\/p>\n<p>Forts \u00e0 la fois d\u2019une pr\u00e9sence mondiale et d\u2019un profond ancrage sur le terrain, nous poss\u00e9dons l\u2019envergure suffisante pour tenir nos engagements et la dimension locale ad\u00e9quate pour accompagner nos clients.<\/p>\n<p>Colt facilite la transformation num\u00e9rique des entreprises \u00e0 travers son r\u00e9seau intelligent Colt IQ Network. Con\u00e7u sur mesure et int\u00e9gr\u00e9 au cloud, ce r\u00e9seau donne acc\u00e8s \u00e0 plus de 900 data centres \u00e0 travers le monde et connecte en fibre optique plus de 27 500 b\u00e2timents. L\u2019entreprise s\u2019est forg\u00e9 une r\u00e9putation d\u2019acteur innovant et de pionnier reconnu en mati\u00e8re de SDN (r\u00e9seau d\u00e9fini par logiciel) et de NFV (virtualisation des fonctions r\u00e9seau).<\/p>\n<p>Nous offrons une exp\u00e9rience homog\u00e8ne et pr\u00e9visible en l\u2019Europe, en Asie et en Am\u00e9rique du Nord via une plateforme et une technologie communes, permettant aux entreprises de relever les d\u00e9fis du num\u00e9rique, de se concentrer sur leurs priorit\u00e9s m\u00e9tier et d\u2019acc\u00e9der \u00e0 des march\u00e9s nouveaux et \u00e9mergents.<\/p>\n<p>Vous pouvez faire confiance \u00e0 Colt car nous sommes sp\u00e9cialis\u00e9s depuis plus de 20 ans dans les services r\u00e9seaux et les services voix pour les moyennes et grandes entreprises et celles faisant un usage intensif des donn\u00e9es. Nous sommes \u00e9galement sp\u00e9cialistes de l\u2019am\u00e9lioration des performances pour nos clients sur les march\u00e9s internationaux de capitaux.<\/p>\n<p>Vous disposez d\u2019une infrastructure r\u00e9seau qui vous accompagne partout avec les conditions commerciales, le management et les niveaux de service adapt\u00e9s. Vous choisissez le mode de consommation, de fourniture et de gestion de vos services.<\/p>\n\t<p><img loading=\"lazy\" decoding=\"async\" src=\"https:\/\/legacy.colt.net\/wp-content\/uploads\/2019\/03\/0B4A8089.jpg\" alt=\"\" width=\"1500\" height=\"1000\" \/><\/p>\n","protected":false},"excerpt":{"rendered":"<p>Colt s\u2019affirme comme la nouvelle r\u00e9f\u00e9rence des services r\u00e9seaux \u00e0 tr\u00e8s haut d\u00e9bit et des services voix pour les entreprises et les op\u00e9rateurs Wholesale dans les plus grands centres d\u2019affaires en Europe, en Asie et en Am\u00e9rique du Nord. Forts \u00e0 la fois d\u2019une pr\u00e9sence mondiale et d\u2019un profond ancrage sur le terrain, nous poss\u00e9dons&#8230;<\/p>\n","protected":false},"author":2,"featured_media":0,"parent":0,"menu_order":0,"comment_status":"closed","ping_status":"closed","template":"","meta":{"_acf_changed":false,"footnotes":""},"colt_type":[],"colt_products":[],"class_list":["post-35065","page","type-page","status-publish","hentry"],"acf":[],"yoast_head":"<!-- This site is optimized with the Yoast SEO plugin v26.8 - https:\/\/yoast.com\/product\/yoast-seo-wordpress\/ -->\n<title>Nos activit\u00e9s - Colt Technology Services - FR<\/title>\n<meta name=\"description\" content=\"Colt s\u2019affirme comme la nouvelle r\u00e9f\u00e9rence des services r\u00e9seaux \u00e0 tr\u00e8s haut d\u00e9bit et des services voix pour les entreprises et les op\u00e9rateurs Wholesale\" \/>\n<meta name=\"robots\" content=\"noindex, follow, max-snippet:-1, max-image-preview:large, max-video-preview:-1\" \/>\n<meta property=\"og:locale\" content=\"fr_FR\" \/>\n<meta property=\"og:type\" content=\"article\" \/>\n<meta property=\"og:title\" content=\"Nos activit\u00e9s - Colt Technology Services - FR\" \/>\n<meta property=\"og:description\" content=\"Colt s\u2019affirme comme la nouvelle r\u00e9f\u00e9rence des services r\u00e9seaux \u00e0 tr\u00e8s haut d\u00e9bit et des services voix pour les entreprises et les op\u00e9rateurs Wholesale\" \/>\n<meta property=\"og:url\" content=\"https:\/\/legacy.colt.net\/fr\/what-we-do\/\" \/>\n<meta property=\"og:site_name\" content=\"Colt Technology Services\" \/>\n<meta property=\"article:publisher\" content=\"https:\/\/www.facebook.com\/ColtTechnologyServices\/\" \/>\n<meta property=\"article:modified_time\" content=\"2019-12-03T10:09:49+00:00\" \/>\n<meta property=\"og:image\" content=\"https:\/\/legacy.colt.net\/wp-content\/uploads\/2021\/01\/Brand-2021-Stock-24.jpg\" \/>\n\t<meta property=\"og:image:width\" content=\"1000\" \/>\n\t<meta property=\"og:image:height\" content=\"574\" \/>\n\t<meta property=\"og:image:type\" content=\"image\/jpeg\" \/>\n<meta name=\"twitter:card\" content=\"summary_large_image\" \/>\n<meta name=\"twitter:site\" content=\"@colt_technology\" \/>\n<meta name=\"twitter:label1\" content=\"Est. reading time\" \/>\n\t<meta name=\"twitter:data1\" content=\"2 minutes\" \/>\n<script type=\"application\/ld+json\" class=\"yoast-schema-graph\">{\"@context\":\"https:\/\/schema.org\",\"@graph\":[{\"@type\":\"WebPage\",\"@id\":\"https:\/\/legacy.colt.net\/fr\/what-we-do\/\",\"url\":\"https:\/\/legacy.colt.net\/fr\/what-we-do\/\",\"name\":\"Nos activit\u00e9s - Colt Technology Services - FR\",\"isPartOf\":{\"@id\":\"https:\/\/legacy.colt.net\/#website\"},\"primaryImageOfPage\":{\"@id\":\"https:\/\/legacy.colt.net\/fr\/what-we-do\/#primaryimage\"},\"image\":{\"@id\":\"https:\/\/legacy.colt.net\/fr\/what-we-do\/#primaryimage\"},\"thumbnailUrl\":\"https:\/\/legacy.colt.net\/wp-content\/uploads\/2019\/03\/0B4A8089.jpg\",\"datePublished\":\"2019-03-07T11:06:40+00:00\",\"dateModified\":\"2019-12-03T10:09:49+00:00\",\"description\":\"Colt s\u2019affirme comme la nouvelle r\u00e9f\u00e9rence des services r\u00e9seaux \u00e0 tr\u00e8s haut d\u00e9bit et des services voix pour les entreprises et les op\u00e9rateurs Wholesale\",\"breadcrumb\":{\"@id\":\"https:\/\/legacy.colt.net\/fr\/what-we-do\/#breadcrumb\"},\"inLanguage\":\"fr-FR\",\"potentialAction\":[{\"@type\":\"ReadAction\",\"target\":[\"https:\/\/legacy.colt.net\/fr\/what-we-do\/\"]}]},{\"@type\":\"ImageObject\",\"inLanguage\":\"fr-FR\",\"@id\":\"https:\/\/legacy.colt.net\/fr\/what-we-do\/#primaryimage\",\"url\":\"https:\/\/legacy.colt.net\/wp-content\/uploads\/2019\/03\/0B4A8089.jpg\",\"contentUrl\":\"https:\/\/legacy.colt.net\/wp-content\/uploads\/2019\/03\/0B4A8089.jpg\"},{\"@type\":\"BreadcrumbList\",\"@id\":\"https:\/\/legacy.colt.net\/fr\/what-we-do\/#breadcrumb\",\"itemListElement\":[{\"@type\":\"ListItem\",\"position\":1,\"name\":\"Home\",\"item\":\"https:\/\/legacy.colt.net\/fr\/\"},{\"@type\":\"ListItem\",\"position\":2,\"name\":\"Nos activit\u00e9s\"}]},{\"@type\":\"WebSite\",\"@id\":\"https:\/\/legacy.colt.net\/#website\",\"url\":\"https:\/\/legacy.colt.net\/\",\"name\":\"Colt\u30c6\u30af\u30ce\u30ed\u30b8\u30fc\u30b5\u30fc\u30d3\u30b9\u682a\u5f0f\u4f1a\u793e\",\"description\":\"Managed Network &amp; Voice Services Provider\",\"publisher\":{\"@id\":\"https:\/\/legacy.colt.net\/#organization\"},\"potentialAction\":[{\"@type\":\"SearchAction\",\"target\":{\"@type\":\"EntryPoint\",\"urlTemplate\":\"https:\/\/legacy.colt.net\/?s={search_term_string}\"},\"query-input\":{\"@type\":\"PropertyValueSpecification\",\"valueRequired\":true,\"valueName\":\"search_term_string\"}}],\"inLanguage\":\"fr-FR\"},{\"@type\":\"Organization\",\"@id\":\"https:\/\/legacy.colt.net\/#organization\",\"name\":\"Colt Technology Services\",\"url\":\"https:\/\/legacy.colt.net\/\",\"logo\":{\"@type\":\"ImageObject\",\"inLanguage\":\"fr-FR\",\"@id\":\"https:\/\/legacy.colt.net\/#\/schema\/logo\/image\/\",\"url\":\"https:\/\/legacy.colt.net\/wp-content\/uploads\/2019\/02\/Colt-Logo.png\",\"contentUrl\":\"https:\/\/legacy.colt.net\/wp-content\/uploads\/2019\/02\/Colt-Logo.png\",\"width\":195,\"height\":77,\"caption\":\"Colt Technology Services\"},\"image\":{\"@id\":\"https:\/\/legacy.colt.net\/#\/schema\/logo\/image\/\"},\"sameAs\":[\"https:\/\/www.facebook.com\/ColtTechnologyServices\/\",\"https:\/\/x.com\/colt_technology\",\"https:\/\/www.instagram.com\/colttechnologyservices\/\",\"https:\/\/www.linkedin.com\/company\/colt-technology-services\",\"https:\/\/www.youtube.com\/user\/ColtTechnology\"]}]}<\/script>\n<!-- \/ Yoast SEO plugin. -->","yoast_head_json":{"title":"Nos activit\u00e9s - Colt Technology Services - FR","description":"Colt s\u2019affirme comme la nouvelle r\u00e9f\u00e9rence des services r\u00e9seaux \u00e0 tr\u00e8s haut d\u00e9bit et des services voix pour les entreprises et les op\u00e9rateurs Wholesale","robots":{"index":"noindex","follow":"follow","max-snippet":"max-snippet:-1","max-image-preview":"max-image-preview:large","max-video-preview":"max-video-preview:-1"},"og_locale":"fr_FR","og_type":"article","og_title":"Nos activit\u00e9s - Colt Technology Services - FR","og_description":"Colt s\u2019affirme comme la nouvelle r\u00e9f\u00e9rence des services r\u00e9seaux \u00e0 tr\u00e8s haut d\u00e9bit et des services voix pour les entreprises et les op\u00e9rateurs Wholesale","og_url":"https:\/\/legacy.colt.net\/fr\/what-we-do\/","og_site_name":"Colt Technology Services","article_publisher":"https:\/\/www.facebook.com\/ColtTechnologyServices\/","article_modified_time":"2019-12-03T10:09:49+00:00","og_image":[{"width":1000,"height":574,"url":"https:\/\/legacy.colt.net\/wp-content\/uploads\/2021\/01\/Brand-2021-Stock-24.jpg","type":"image\/jpeg"}],"twitter_card":"summary_large_image","twitter_site":"@colt_technology","twitter_misc":{"Est. reading time":"2 minutes"},"schema":{"@context":"https:\/\/schema.org","@graph":[{"@type":"WebPage","@id":"https:\/\/legacy.colt.net\/fr\/what-we-do\/","url":"https:\/\/legacy.colt.net\/fr\/what-we-do\/","name":"Nos activit\u00e9s - Colt Technology Services - FR","isPartOf":{"@id":"https:\/\/legacy.colt.net\/#website"},"primaryImageOfPage":{"@id":"https:\/\/legacy.colt.net\/fr\/what-we-do\/#primaryimage"},"image":{"@id":"https:\/\/legacy.colt.net\/fr\/what-we-do\/#primaryimage"},"thumbnailUrl":"https:\/\/legacy.colt.net\/wp-content\/uploads\/2019\/03\/0B4A8089.jpg","datePublished":"2019-03-07T11:06:40+00:00","dateModified":"2019-12-03T10:09:49+00:00","description":"Colt s\u2019affirme comme la nouvelle r\u00e9f\u00e9rence des services r\u00e9seaux \u00e0 tr\u00e8s haut d\u00e9bit et des services voix pour les entreprises et les op\u00e9rateurs Wholesale","breadcrumb":{"@id":"https:\/\/legacy.colt.net\/fr\/what-we-do\/#breadcrumb"},"inLanguage":"fr-FR","potentialAction":[{"@type":"ReadAction","target":["https:\/\/legacy.colt.net\/fr\/what-we-do\/"]}]},{"@type":"ImageObject","inLanguage":"fr-FR","@id":"https:\/\/legacy.colt.net\/fr\/what-we-do\/#primaryimage","url":"https:\/\/legacy.colt.net\/wp-content\/uploads\/2019\/03\/0B4A8089.jpg","contentUrl":"https:\/\/legacy.colt.net\/wp-content\/uploads\/2019\/03\/0B4A8089.jpg"},{"@type":"BreadcrumbList","@id":"https:\/\/legacy.colt.net\/fr\/what-we-do\/#breadcrumb","itemListElement":[{"@type":"ListItem","position":1,"name":"Home","item":"https:\/\/legacy.colt.net\/fr\/"},{"@type":"ListItem","position":2,"name":"Nos activit\u00e9s"}]},{"@type":"WebSite","@id":"https:\/\/legacy.colt.net\/#website","url":"https:\/\/legacy.colt.net\/","name":"Colt\u30c6\u30af\u30ce\u30ed\u30b8\u30fc\u30b5\u30fc\u30d3\u30b9\u682a\u5f0f\u4f1a\u793e","description":"Managed Network &amp; Voice Services Provider","publisher":{"@id":"https:\/\/legacy.colt.net\/#organization"},"potentialAction":[{"@type":"SearchAction","target":{"@type":"EntryPoint","urlTemplate":"https:\/\/legacy.colt.net\/?s={search_term_string}"},"query-input":{"@type":"PropertyValueSpecification","valueRequired":true,"valueName":"search_term_string"}}],"inLanguage":"fr-FR"},{"@type":"Organization","@id":"https:\/\/legacy.colt.net\/#organization","name":"Colt Technology Services","url":"https:\/\/legacy.colt.net\/","logo":{"@type":"ImageObject","inLanguage":"fr-FR","@id":"https:\/\/legacy.colt.net\/#\/schema\/logo\/image\/","url":"https:\/\/legacy.colt.net\/wp-content\/uploads\/2019\/02\/Colt-Logo.png","contentUrl":"https:\/\/legacy.colt.net\/wp-content\/uploads\/2019\/02\/Colt-Logo.png","width":195,"height":77,"caption":"Colt Technology Services"},"image":{"@id":"https:\/\/legacy.colt.net\/#\/schema\/logo\/image\/"},"sameAs":["https:\/\/www.facebook.com\/ColtTechnologyServices\/","https:\/\/x.com\/colt_technology","https:\/\/www.instagram.com\/colttechnologyservices\/","https:\/\/www.linkedin.com\/company\/colt-technology-services","https:\/\/www.youtube.com\/user\/ColtTechnology"]}]}},"_links":{"self":[{"href":"https:\/\/legacy.colt.net\/fr\/wp-json\/wp\/v2\/pages\/35065","targetHints":{"allow":["GET"]}}],"collection":[{"href":"https:\/\/legacy.colt.net\/fr\/wp-json\/wp\/v2\/pages"}],"about":[{"href":"https:\/\/legacy.colt.net\/fr\/wp-json\/wp\/v2\/types\/page"}],"author":[{"embeddable":true,"href":"https:\/\/legacy.colt.net\/fr\/wp-json\/wp\/v2\/users\/2"}],"replies":[{"embeddable":true,"href":"https:\/\/legacy.colt.net\/fr\/wp-json\/wp\/v2\/comments?post=35065"}],"version-history":[{"count":0,"href":"https:\/\/legacy.colt.net\/fr\/wp-json\/wp\/v2\/pages\/35065\/revisions"}],"wp:attachment":[{"href":"https:\/\/legacy.colt.net\/fr\/wp-json\/wp\/v2\/media?parent=35065"}],"wp:term":[{"taxonomy":"colt_type","embeddable":true,"href":"https:\/\/legacy.colt.net\/fr\/wp-json\/wp\/v2\/colt_type?post=35065"},{"taxonomy":"colt_products","embeddable":true,"href":"https:\/\/legacy.colt.net\/fr\/wp-json\/wp\/v2\/colt_products?post=35065"}],"curies":[{"name":"wp","href":"https:\/\/api.w.org\/{rel}","templated":true}]}}