{"id":35030,"date":"2015-02-10T10:44:04","date_gmt":"2015-02-10T10:44:04","guid":{"rendered":"https:\/\/www.colt.net\/our-values\/"},"modified":"2023-02-13T14:41:05","modified_gmt":"2023-02-13T14:41:05","slug":"our-values","status":"publish","type":"page","link":"https:\/\/legacy.colt.net\/fr\/about\/our-values\/","title":{"rendered":"Nos valeurs"},"content":{"rendered":"\n\n\n\t<nav class=\"breadcrumb\"><span><span><a href=\"https:\/\/legacy.colt.net\/fr\/\">Home<\/a><\/span><\/span><\/nav>\n\t<p>Nous avons un ensemble commun de valeurs au c\u0153ur de notre fa\u00e7on de faire des affaires. Ces valeurs identifient non seulement ce que nous faisons, mais comment nous le faisons. Ce ne sont pas 10 commandements ou r\u00e8gles qui sont \u00e9crits dans un manuel. Ils sont l&#8217;essence de notre identit\u00e9 et racontent qui nous sommes et comment nous r\u00e9alisons notre objectif et notre vision.<\/p>\n\t\t\t\t<img loading=\"lazy\" decoding=\"async\" src=\"https:\/\/legacy.colt.net\/wp-content\/uploads\/2021\/07\/We-know-people-matter-Icon-landscape.png\" alt=\"We-know-people-matter-Icon-landscape\" itemprop=\"image\" height=\"420\" width=\"600\" title=\"We-know-people-matter-Icon-landscape\" onerror=\"this.style.display='none'\"  \/>\n<h2>\n\t\tNous savons que les gens comptent\n\t<\/h2>\n\t<p>Qu&#8217;il s&#8217;agisse d&#8217;un client, d&#8217;un partenaire ou d&#8217;un employ\u00e9, nous construisons des relations bas\u00e9es sur la confiance, l&#8217;honn\u00eatet\u00e9, le respect et l&#8217;int\u00e9grit\u00e9. Nous valorisons la diversit\u00e9 et nous nous effor\u00e7ons d&#8217;\u00eatre plus inclusifs afin que chacun ait la libert\u00e9 de s&#8217;exprimer, d&#8217;\u00eatre entendu et de s&#8217;\u00e9panouir.<\/p>\n\t\t\t\t<img loading=\"lazy\" decoding=\"async\" src=\"https:\/\/legacy.colt.net\/wp-content\/uploads\/2021\/07\/We-always-find-a-better-way-Icon-landscape.png\" alt=\"We-always-find-a-better-way-Icon-landscape\" itemprop=\"image\" height=\"420\" width=\"600\" title=\"We-always-find-a-better-way-Icon-landscape\" onerror=\"this.style.display='none'\"  \/>\n<h2>\n\t\tNous trouvons toujours une meilleure solution\n\t<\/h2>\n\t<p>En gardant une longueur d&#8217;avance, nous permettons \u00e0 nos clients de r\u00e9ussir gr\u00e2ce \u00e0 la puissance de la connectivit\u00e9. Nous nous adaptons rapidement et assumons la responsabilit\u00e9 des promesses que nous faisons.<\/p>\n\t\t\t\t<img loading=\"lazy\" decoding=\"async\" src=\"https:\/\/legacy.colt.net\/wp-content\/uploads\/2021\/07\/We-win-together-Icon-landscape.png\" alt=\"We-win-together-Icon-landscape\" itemprop=\"image\" height=\"420\" width=\"600\" title=\"We-win-together-Icon-landscape\" onerror=\"this.style.display='none'\"  \/>\n<h2>\n\t\tNous gagnons ensemble\n\t<\/h2>\n\t<p>Nous croyons au pouvoir du plus grand nombre et sommes solidaires des clients, partenaires et coll\u00e8gues qui collaborent sur des id\u00e9es, partagent les risques et la reconnaissance entre tous. Lorsque nous prenons une d\u00e9cision, nous comprenons son impact et nous nous rallions \u00e0 la d\u00e9cision pour en faire un succ\u00e8s.<\/p>\n\t\t\t\t<img loading=\"lazy\" decoding=\"async\" src=\"https:\/\/legacy.colt.net\/wp-content\/uploads\/2021\/07\/We-can-change-the-world-Port-Icon-landscape.png\" alt=\"We-can-change-the-world-Port-Icon-landscape\" itemprop=\"image\" height=\"420\" width=\"600\" title=\"We-can-change-the-world-Port-Icon-landscape\" onerror=\"this.style.display='none'\"  \/>\n<h2>\n\t\tNous pouvons changer le monde\n\t<\/h2>\n\t<p>Nous voulons rendre le monde meilleur. Mieux connect\u00e9, plus durable, plus juste pour tous. Nous utilisons ce que nous avons &#8211; passion, technologie et connectivit\u00e9 &#8211; pour cr\u00e9er du bien.<\/p>\n<h2>\n\t\tMessages r\u00e9cents\n\t<\/h2>\n\t\t\t\t\t\t\t\t\t\t\t\t\t\t<a href=\"https:\/\/legacy.colt.net\/fr\/resources\/colt-renforce-sa-presence-dans-les-grands-hubs-europeens-avec-un-nouveau-point-de-connexion-avec-la-cable-landing-station-cls-dafr-ix-telecom-a-barcelone\/\" target=\"_self\" title=\"Colt renforce sa pr\u00e9sence dans les grands hubs europ\u00e9ens avec un nouveau point de connexion avec la Cable Landing Station (CLS) d&#8217;AFR-IX Telecom \u00e0 Barcelone\" rel=\"noopener\">\n\t\t\t\t<img decoding=\"async\" src=\"https:\/\/legacy.colt.net\/wp-content\/uploads\/2023\/01\/Colt_AFR-IX-Telecom_Barcelonal-Cable-Landing-Station-3-720x450.jpg\" alt=\"\" \/>\n\t\t\t\t<\/a>\n\t\t\t\t\t\t<h3>\n\t\t\t\t<a href=https:\/\/legacy.colt.net\/fr\/resources\/colt-renforce-sa-presence-dans-les-grands-hubs-europeens-avec-un-nouveau-point-de-connexion-avec-la-cable-landing-station-cls-dafr-ix-telecom-a-barcelone\/ title=\"Colt renforce sa pr\u00e9sence dans les grands hubs europ\u00e9ens avec un nouveau point de connexion avec la Cable Landing Station (CLS) d&#8217;AFR-IX Telecom \u00e0 Barcelone\" tabindex=\"0\">Colt renforce sa pr\u00e9sence dans les grands hubs europ\u00e9ens avec un nouveau point de connexion avec la Cable Landing Station (CLS) d&#8217;AFR-IX Telecom \u00e0 Barcelone<\/a>\t\t\t<\/h3>\n\t\t\t\t\t\t\t\tColt devient le premier client de la Barcelona Cable Landing Station d&#8217;AFR-IX Telecom Barcelona CLS permettra \u00e0 Colt &#8230;\n\t\t\t\t\t<a href=\"https:\/\/legacy.colt.net\/fr\/resources\/colt-renforce-sa-presence-dans-les-grands-hubs-europeens-avec-un-nouveau-point-de-connexion-avec-la-cable-landing-station-cls-dafr-ix-telecom-a-barcelone\/\" target=\"_self\" rel=\"noopener\">Continue Reading &#8594;<\/a>\t\t\n\t\t\t\t\t\t\t\t\t\t\t\t\t\t<a href=\"https:\/\/legacy.colt.net\/fr\/resources\/colt-technology-services-recoit-le-prix-frost-sullivan-2022-best-practices-company-of-the-year-dans-la-categorie-des-services-reseaux-europeens\/\" target=\"_self\" title=\"Colt re\u00e7oit le prix &#8216;Frost &#038; Sullivan 2022 Best Practices Company of the Year&#8217; dans la cat\u00e9gorie des services r\u00e9seaux europ\u00e9ens\" rel=\"noopener\">\n\t\t\t\t<img decoding=\"async\" src=\"https:\/\/legacy.colt.net\/wp-content\/uploads\/2022\/11\/Frost-Sullivan-2022-Company-of-the-Yea-Award-Social-02-720x450.png\" alt=\"\" \/>\n\t\t\t\t<\/a>\n\t\t\t\t\t\t<h3>\n\t\t\t\t<a href=https:\/\/legacy.colt.net\/fr\/resources\/colt-technology-services-recoit-le-prix-frost-sullivan-2022-best-practices-company-of-the-year-dans-la-categorie-des-services-reseaux-europeens\/ title=\"Colt re\u00e7oit le prix &#8216;Frost &#038; Sullivan 2022 Best Practices Company of the Year&#8217; dans la cat\u00e9gorie des services r\u00e9seaux europ\u00e9ens\" tabindex=\"0\">Colt re\u00e7oit le prix &#8216;Frost &#038; Sullivan 2022 Best Practices Company of the Year&#8217; dans la cat\u00e9gorie des services r\u00e9seaux europ\u00e9ens<\/a>\t\t\t<\/h3>\n\t\t\t\t\t\t\t\tUne r\u00e9compense qui salue la qualit\u00e9 de l&#8217;infrastructure r\u00e9seau de l&#8217;entreprise, ses services innovants, son expertise client et &#8230;\n\t\t\t\t\t<a href=\"https:\/\/legacy.colt.net\/fr\/resources\/colt-technology-services-recoit-le-prix-frost-sullivan-2022-best-practices-company-of-the-year-dans-la-categorie-des-services-reseaux-europeens\/\" target=\"_self\" rel=\"noopener\">Continue Reading &#8594;<\/a>\t\t\n\t\t\t\t\t\t\t\t\t\t\t\t\t\t<a href=\"https:\/\/legacy.colt.net\/fr\/resources\/colt-et-ibm-sassocie-pour-la-creation-dun-laboratoire-industrie-4-0\/\" target=\"_self\" title=\"Colt et IBM s'associe pour la cr\u00e9ation d'un laboratoire Industrie 4.0\" rel=\"noopener\">\n\t\t\t\t<img decoding=\"async\" src=\"https:\/\/legacy.colt.net\/wp-content\/uploads\/2021\/01\/Brand-2021-Stock-4-720x450.jpg\" alt=\"\" \/>\n\t\t\t\t<\/a>\n\t\t\t\t\t\t<h3>\n\t\t\t\t<a href=https:\/\/legacy.colt.net\/fr\/resources\/colt-et-ibm-sassocie-pour-la-creation-dun-laboratoire-industrie-4-0\/ title=\"Colt et IBM s'associe pour la cr\u00e9ation d'un laboratoire Industrie 4.0\" tabindex=\"0\">Colt et IBM s&#8217;associe pour la cr\u00e9ation d&#8217;un laboratoire Industrie 4.0<\/a>\t\t\t<\/h3>\n\t\t\t\t\t\t\t\tCe nouveau laboratoire permettra aux entreprises du secteur industriel de tirer parti de la puissance des services Edge &#8230;\n\t\t\t\t\t<a href=\"https:\/\/legacy.colt.net\/fr\/resources\/colt-et-ibm-sassocie-pour-la-creation-dun-laboratoire-industrie-4-0\/\" target=\"_self\" rel=\"noopener\">Continue Reading &#8594;<\/a>\t\t\n\n","protected":false},"excerpt":{"rendered":"<p>Nous avons un ensemble commun de valeurs au c\u0153ur de notre fa\u00e7on de faire des affaires. Ces valeurs identifient non seulement ce que nous faisons, mais comment nous le faisons. Ce ne sont pas 10 commandements ou r\u00e8gles qui sont \u00e9crits dans un manuel. Ils sont l&#8217;essence de notre identit\u00e9 et racontent qui nous sommes&#8230;<\/p>\n","protected":false},"author":2,"featured_media":0,"parent":34023,"menu_order":2,"comment_status":"closed","ping_status":"closed","template":"","meta":{"_acf_changed":false,"footnotes":""},"colt_type":[],"colt_products":[],"class_list":["post-35030","page","type-page","status-publish","hentry"],"acf":[],"yoast_head":"<!-- This site is optimized with the Yoast SEO plugin v26.8 - https:\/\/yoast.com\/product\/yoast-seo-wordpress\/ -->\n<title>Nos valeurs - Colt Technology Services<\/title>\n<meta name=\"description\" content=\"L\u2019attitude de nos collaborateurs, leur comportement et leur mode de coop\u00e9ration reposent sur un ensemble de valeurs fondamentales simples mais puissantes.\" \/>\n<meta name=\"robots\" content=\"noindex, follow, max-snippet:-1, max-image-preview:large, max-video-preview:-1\" \/>\n<meta property=\"og:locale\" content=\"fr_FR\" \/>\n<meta property=\"og:type\" content=\"article\" \/>\n<meta property=\"og:title\" content=\"Nos valeurs - Colt Technology Services\" \/>\n<meta property=\"og:description\" content=\"L\u2019attitude de nos collaborateurs, leur comportement et leur mode de coop\u00e9ration reposent sur un ensemble de valeurs fondamentales simples mais puissantes.\" \/>\n<meta property=\"og:url\" content=\"https:\/\/legacy.colt.net\/fr\/about\/our-values\/\" \/>\n<meta property=\"og:site_name\" content=\"Colt Technology Services\" \/>\n<meta property=\"article:publisher\" content=\"https:\/\/www.facebook.com\/ColtTechnologyServices\/\" \/>\n<meta property=\"article:modified_time\" content=\"2023-02-13T14:41:05+00:00\" \/>\n<meta property=\"og:image\" content=\"https:\/\/legacy.colt.net\/wp-content\/uploads\/2021\/01\/Brand-2021-Stock-16.jpg\" \/>\n\t<meta property=\"og:image:width\" content=\"1000\" \/>\n\t<meta property=\"og:image:height\" content=\"667\" \/>\n\t<meta property=\"og:image:type\" content=\"image\/jpeg\" \/>\n<meta name=\"twitter:card\" content=\"summary_large_image\" \/>\n<meta name=\"twitter:site\" content=\"@colt_technology\" \/>\n<meta name=\"twitter:label1\" content=\"Est. reading time\" \/>\n\t<meta name=\"twitter:data1\" content=\"2 minutes\" \/>\n<script type=\"application\/ld+json\" class=\"yoast-schema-graph\">{\"@context\":\"https:\/\/schema.org\",\"@graph\":[{\"@type\":\"WebPage\",\"@id\":\"https:\/\/legacy.colt.net\/fr\/about\/our-values\/\",\"url\":\"https:\/\/legacy.colt.net\/fr\/about\/our-values\/\",\"name\":\"Nos valeurs - Colt Technology Services\",\"isPartOf\":{\"@id\":\"https:\/\/legacy.colt.net\/#website\"},\"primaryImageOfPage\":{\"@id\":\"https:\/\/legacy.colt.net\/fr\/about\/our-values\/#primaryimage\"},\"image\":{\"@id\":\"https:\/\/legacy.colt.net\/fr\/about\/our-values\/#primaryimage\"},\"thumbnailUrl\":\"https:\/\/legacy.colt.net\/wp-content\/uploads\/2021\/07\/We-know-people-matter-Icon-landscape.png\",\"datePublished\":\"2015-02-10T10:44:04+00:00\",\"dateModified\":\"2023-02-13T14:41:05+00:00\",\"description\":\"L\u2019attitude de nos collaborateurs, leur comportement et leur mode de coop\u00e9ration reposent sur un ensemble de valeurs fondamentales simples mais puissantes.\",\"breadcrumb\":{\"@id\":\"https:\/\/legacy.colt.net\/fr\/about\/our-values\/#breadcrumb\"},\"inLanguage\":\"fr-FR\",\"potentialAction\":[{\"@type\":\"ReadAction\",\"target\":[\"https:\/\/legacy.colt.net\/fr\/about\/our-values\/\"]}]},{\"@type\":\"ImageObject\",\"inLanguage\":\"fr-FR\",\"@id\":\"https:\/\/legacy.colt.net\/fr\/about\/our-values\/#primaryimage\",\"url\":\"https:\/\/legacy.colt.net\/wp-content\/uploads\/2021\/07\/We-know-people-matter-Icon-landscape.png\",\"contentUrl\":\"https:\/\/legacy.colt.net\/wp-content\/uploads\/2021\/07\/We-know-people-matter-Icon-landscape.png\"},{\"@type\":\"BreadcrumbList\",\"@id\":\"https:\/\/legacy.colt.net\/fr\/about\/our-values\/#breadcrumb\",\"itemListElement\":[{\"@type\":\"ListItem\",\"position\":1,\"name\":\"Home\",\"item\":\"https:\/\/legacy.colt.net\/fr\/\"},{\"@type\":\"ListItem\",\"position\":2,\"name\":\"A propos de colt\",\"item\":\"https:\/\/legacy.colt.net\/fr\/about\/\"},{\"@type\":\"ListItem\",\"position\":3,\"name\":\"Nos valeurs\"}]},{\"@type\":\"WebSite\",\"@id\":\"https:\/\/legacy.colt.net\/#website\",\"url\":\"https:\/\/legacy.colt.net\/\",\"name\":\"Colt\u30c6\u30af\u30ce\u30ed\u30b8\u30fc\u30b5\u30fc\u30d3\u30b9\u682a\u5f0f\u4f1a\u793e\",\"description\":\"Managed Network &amp; Voice Services Provider\",\"publisher\":{\"@id\":\"https:\/\/legacy.colt.net\/#organization\"},\"potentialAction\":[{\"@type\":\"SearchAction\",\"target\":{\"@type\":\"EntryPoint\",\"urlTemplate\":\"https:\/\/legacy.colt.net\/?s={search_term_string}\"},\"query-input\":{\"@type\":\"PropertyValueSpecification\",\"valueRequired\":true,\"valueName\":\"search_term_string\"}}],\"inLanguage\":\"fr-FR\"},{\"@type\":\"Organization\",\"@id\":\"https:\/\/legacy.colt.net\/#organization\",\"name\":\"Colt Technology Services\",\"url\":\"https:\/\/legacy.colt.net\/\",\"logo\":{\"@type\":\"ImageObject\",\"inLanguage\":\"fr-FR\",\"@id\":\"https:\/\/legacy.colt.net\/#\/schema\/logo\/image\/\",\"url\":\"https:\/\/legacy.colt.net\/wp-content\/uploads\/2019\/02\/Colt-Logo.png\",\"contentUrl\":\"https:\/\/legacy.colt.net\/wp-content\/uploads\/2019\/02\/Colt-Logo.png\",\"width\":195,\"height\":77,\"caption\":\"Colt Technology Services\"},\"image\":{\"@id\":\"https:\/\/legacy.colt.net\/#\/schema\/logo\/image\/\"},\"sameAs\":[\"https:\/\/www.facebook.com\/ColtTechnologyServices\/\",\"https:\/\/x.com\/colt_technology\",\"https:\/\/www.instagram.com\/colttechnologyservices\/\",\"https:\/\/www.linkedin.com\/company\/colt-technology-services\",\"https:\/\/www.youtube.com\/user\/ColtTechnology\"]}]}<\/script>\n<!-- \/ Yoast SEO plugin. -->","yoast_head_json":{"title":"Nos valeurs - Colt Technology Services","description":"L\u2019attitude de nos collaborateurs, leur comportement et leur mode de coop\u00e9ration reposent sur un ensemble de valeurs fondamentales simples mais puissantes.","robots":{"index":"noindex","follow":"follow","max-snippet":"max-snippet:-1","max-image-preview":"max-image-preview:large","max-video-preview":"max-video-preview:-1"},"og_locale":"fr_FR","og_type":"article","og_title":"Nos valeurs - Colt Technology Services","og_description":"L\u2019attitude de nos collaborateurs, leur comportement et leur mode de coop\u00e9ration reposent sur un ensemble de valeurs fondamentales simples mais puissantes.","og_url":"https:\/\/legacy.colt.net\/fr\/about\/our-values\/","og_site_name":"Colt Technology Services","article_publisher":"https:\/\/www.facebook.com\/ColtTechnologyServices\/","article_modified_time":"2023-02-13T14:41:05+00:00","og_image":[{"width":1000,"height":667,"url":"https:\/\/legacy.colt.net\/wp-content\/uploads\/2021\/01\/Brand-2021-Stock-16.jpg","type":"image\/jpeg"}],"twitter_card":"summary_large_image","twitter_site":"@colt_technology","twitter_misc":{"Est. reading time":"2 minutes"},"schema":{"@context":"https:\/\/schema.org","@graph":[{"@type":"WebPage","@id":"https:\/\/legacy.colt.net\/fr\/about\/our-values\/","url":"https:\/\/legacy.colt.net\/fr\/about\/our-values\/","name":"Nos valeurs - Colt Technology Services","isPartOf":{"@id":"https:\/\/legacy.colt.net\/#website"},"primaryImageOfPage":{"@id":"https:\/\/legacy.colt.net\/fr\/about\/our-values\/#primaryimage"},"image":{"@id":"https:\/\/legacy.colt.net\/fr\/about\/our-values\/#primaryimage"},"thumbnailUrl":"https:\/\/legacy.colt.net\/wp-content\/uploads\/2021\/07\/We-know-people-matter-Icon-landscape.png","datePublished":"2015-02-10T10:44:04+00:00","dateModified":"2023-02-13T14:41:05+00:00","description":"L\u2019attitude de nos collaborateurs, leur comportement et leur mode de coop\u00e9ration reposent sur un ensemble de valeurs fondamentales simples mais puissantes.","breadcrumb":{"@id":"https:\/\/legacy.colt.net\/fr\/about\/our-values\/#breadcrumb"},"inLanguage":"fr-FR","potentialAction":[{"@type":"ReadAction","target":["https:\/\/legacy.colt.net\/fr\/about\/our-values\/"]}]},{"@type":"ImageObject","inLanguage":"fr-FR","@id":"https:\/\/legacy.colt.net\/fr\/about\/our-values\/#primaryimage","url":"https:\/\/legacy.colt.net\/wp-content\/uploads\/2021\/07\/We-know-people-matter-Icon-landscape.png","contentUrl":"https:\/\/legacy.colt.net\/wp-content\/uploads\/2021\/07\/We-know-people-matter-Icon-landscape.png"},{"@type":"BreadcrumbList","@id":"https:\/\/legacy.colt.net\/fr\/about\/our-values\/#breadcrumb","itemListElement":[{"@type":"ListItem","position":1,"name":"Home","item":"https:\/\/legacy.colt.net\/fr\/"},{"@type":"ListItem","position":2,"name":"A propos de colt","item":"https:\/\/legacy.colt.net\/fr\/about\/"},{"@type":"ListItem","position":3,"name":"Nos valeurs"}]},{"@type":"WebSite","@id":"https:\/\/legacy.colt.net\/#website","url":"https:\/\/legacy.colt.net\/","name":"Colt\u30c6\u30af\u30ce\u30ed\u30b8\u30fc\u30b5\u30fc\u30d3\u30b9\u682a\u5f0f\u4f1a\u793e","description":"Managed Network &amp; Voice Services Provider","publisher":{"@id":"https:\/\/legacy.colt.net\/#organization"},"potentialAction":[{"@type":"SearchAction","target":{"@type":"EntryPoint","urlTemplate":"https:\/\/legacy.colt.net\/?s={search_term_string}"},"query-input":{"@type":"PropertyValueSpecification","valueRequired":true,"valueName":"search_term_string"}}],"inLanguage":"fr-FR"},{"@type":"Organization","@id":"https:\/\/legacy.colt.net\/#organization","name":"Colt Technology Services","url":"https:\/\/legacy.colt.net\/","logo":{"@type":"ImageObject","inLanguage":"fr-FR","@id":"https:\/\/legacy.colt.net\/#\/schema\/logo\/image\/","url":"https:\/\/legacy.colt.net\/wp-content\/uploads\/2019\/02\/Colt-Logo.png","contentUrl":"https:\/\/legacy.colt.net\/wp-content\/uploads\/2019\/02\/Colt-Logo.png","width":195,"height":77,"caption":"Colt Technology Services"},"image":{"@id":"https:\/\/legacy.colt.net\/#\/schema\/logo\/image\/"},"sameAs":["https:\/\/www.facebook.com\/ColtTechnologyServices\/","https:\/\/x.com\/colt_technology","https:\/\/www.instagram.com\/colttechnologyservices\/","https:\/\/www.linkedin.com\/company\/colt-technology-services","https:\/\/www.youtube.com\/user\/ColtTechnology"]}]}},"_links":{"self":[{"href":"https:\/\/legacy.colt.net\/fr\/wp-json\/wp\/v2\/pages\/35030","targetHints":{"allow":["GET"]}}],"collection":[{"href":"https:\/\/legacy.colt.net\/fr\/wp-json\/wp\/v2\/pages"}],"about":[{"href":"https:\/\/legacy.colt.net\/fr\/wp-json\/wp\/v2\/types\/page"}],"author":[{"embeddable":true,"href":"https:\/\/legacy.colt.net\/fr\/wp-json\/wp\/v2\/users\/2"}],"replies":[{"embeddable":true,"href":"https:\/\/legacy.colt.net\/fr\/wp-json\/wp\/v2\/comments?post=35030"}],"version-history":[{"count":0,"href":"https:\/\/legacy.colt.net\/fr\/wp-json\/wp\/v2\/pages\/35030\/revisions"}],"up":[{"embeddable":true,"href":"https:\/\/legacy.colt.net\/fr\/wp-json\/wp\/v2\/pages\/34023"}],"wp:attachment":[{"href":"https:\/\/legacy.colt.net\/fr\/wp-json\/wp\/v2\/media?parent=35030"}],"wp:term":[{"taxonomy":"colt_type","embeddable":true,"href":"https:\/\/legacy.colt.net\/fr\/wp-json\/wp\/v2\/colt_type?post=35030"},{"taxonomy":"colt_products","embeddable":true,"href":"https:\/\/legacy.colt.net\/fr\/wp-json\/wp\/v2\/colt_products?post=35030"}],"curies":[{"name":"wp","href":"https:\/\/api.w.org\/{rel}","templated":true}]}}