{"id":35013,"date":"2018-10-30T11:09:52","date_gmt":"2018-10-30T11:09:52","guid":{"rendered":"https:\/\/www.colt.net\/products-services\/"},"modified":"2021-01-09T09:55:04","modified_gmt":"2021-01-09T09:55:04","slug":"products-services","status":"publish","type":"page","link":"https:\/\/legacy.colt.net\/fr\/products-services\/","title":{"rendered":"Produits &amp; Services r\u00e9seaux <\/br>Solutions Colt"},"content":{"rendered":"\n<h1>\n\t\tProduits &#038; services r\u00e9saux\n\t<\/h1>\n<h2>\n\t\tSolutions Colt\n\t<\/h2>\n\t<nav class=\"breadcrumb\"><span><span><a href=\"https:\/\/legacy.colt.net\/fr\/\">Home<\/a><\/span><\/span><\/nav>\n\t<p>Nos <a href=\"https:\/\/legacy.colt.net\/wp-content\/uploads\/2020\/11\/FR-Sep19-Product-Portfolio-Datasheet.pdf\">produits et services<\/a> assurent une exp\u00e9rience homog\u00e8ne entre les clients d&#8217;Europe, d&#8217;Asie et d&#8217;Am\u00e9rique du Nord gr\u00e2ce \u00e0 une plateforme et une technologie communes, ce qui aide les entreprises \u00e0 relever les d\u00e9fis que soul\u00e8ve la transformation num\u00e9rique et se concentrer sur leurs priorit\u00e9s m\u00e9tier pour partir \u00e0 la conqu\u00eate de march\u00e9s nouveaux et \u00e9mergents.<\/p>\n\t\t\t\t<a href=\"https:\/\/legacy.colt.net\/fr\/optical\/\" target=\"_self\" itemprop=\"url\" rel=\"noopener noreferrer\">\n\t\t\t\t<img loading=\"lazy\" decoding=\"async\" src=\"https:\/\/legacy.colt.net\/wp-content\/uploads\/2020\/12\/Building-your-network-1.png\" alt=\"Building-your-network-1\" itemprop=\"image\" height=\"500\" width=\"500\" title=\"Building-your-network-1\" onerror=\"this.style.display='none'\"  \/>\n\t\t\t\t<\/a>\n<h3>\n\t\t<a href=\"https:\/\/legacy.colt.net\/fr\/optical\/\" title=\"Fibre optique\" target=\"_self\" rel=\"noopener noreferrer\">\n\t\tFibre optique\n\t\t<\/a>\n\t<\/h3>\n\t<p>Vaste et \u00e9volutif, notre portefeuille de services optiques r\u00e9pond aux exigences des entreprises en mati\u00e8re de haut d\u00e9bit &#8211; garantie de performances et itin\u00e9raires r\u00e9seaux pr\u00e9d\u00e9finis.<\/p>\n\t| \u00a0<a href=\"https:\/\/legacy.colt.net\/fr\/product\/wave\/\">Optical wavelength services<\/a><br \/>\n| \u00a0<a href=\"https:\/\/legacy.colt.net\/fr\/product\/private-wave\/\">Private optical network<\/a><br \/>\n| \u00a0<a href=\"https:\/\/legacy.colt.net\/fr\/product\/spectrum\/\">Long-haul fibre network<\/a><br \/>\n| \u00a0<a href=\"https:\/\/legacy.colt.net\/fr\/product\/dark-fibre\/\">Dark Fibre Network<\/a><br \/>\n| \u00a0<a href=\"https:\/\/legacy.colt.net\/fr\/product\/wireless-backhaul\/\">Wireless backhaul<\/a>\n\t\t\t\t<a href=\"https:\/\/legacy.colt.net\/fr\/ethernet-sub\/\" target=\"_self\" itemprop=\"url\" rel=\"noopener noreferrer\">\n\t\t\t\t<img loading=\"lazy\" decoding=\"async\" src=\"https:\/\/legacy.colt.net\/wp-content\/uploads\/2021\/01\/Ethernet.png\" alt=\"Ethernet\" itemprop=\"image\" height=\"800\" width=\"800\" title=\"Ethernet\" onerror=\"this.style.display='none'\"  \/>\n\t\t\t\t<\/a>\n<h3>\n\t\t<a href=\"https:\/\/legacy.colt.net\/fr\/ethernet-sub\/\" title=\"Ethernet services\" target=\"_self\" rel=\"noopener noreferrer\">\n\t\tEthernet services\n\t\t<\/a>\n\t<\/h3>\n\t<p>R\u00e9compens\u00e9 \u00e0 de nombreuses reprises, notre portefeuille se compose de plusieurs solutions de connectivit\u00e9 Ethernet de haute qualit\u00e9, s\u00e9curis\u00e9es et disponibles au meilleur co\u00fbt.<\/p>\n\t| \u00a0<a href=\"https:\/\/legacy.colt.net\/fr\/product\/ethernet-line\/\">Managed ethernet services<\/a><br \/>\n| \u00a0<a href=\"https:\/\/legacy.colt.net\/fr\/product\/ethernet-hub-spoke\/\">Managed WAN services<\/a><br \/>\n| \u00a0<a href=\"https:\/\/legacy.colt.net\/fr\/product\/ethernet-vpn\/\">Business ethernet VPN<\/a><br \/>\n| \u00a0<a href=\"https:\/\/legacy.colt.net\/fr\/product\/private-ethernet\/\">Private ethernet<\/a>\n\t\t\t\t<a href=\"https:\/\/legacy.colt.net\/fr\/ip\/\" target=\"_self\" itemprop=\"url\" rel=\"noopener noreferrer\">\n\t\t\t\t<img loading=\"lazy\" decoding=\"async\" src=\"https:\/\/legacy.colt.net\/wp-content\/uploads\/2021\/01\/IP-Access.png\" alt=\"IP Access\" itemprop=\"image\" height=\"800\" width=\"800\" title=\"IP Access\" onerror=\"this.style.display='none'\"  \/>\n\t\t\t\t<\/a>\n<h3>\n\t\t<a href=\"https:\/\/legacy.colt.net\/fr\/ip\/\" title=\"Acc\u00e8s Internet, VPN &amp; SD WAN\" target=\"_self\" rel=\"noopener noreferrer\">\n\t\tAcc\u00e8s Internet, VPN &#038; SD WAN\n\t\t<\/a>\n\t<\/h3>\n\t<p>Le service Colt Internet Access permet aux clients de connecter leurs sites professionnels de toutes dimensions \u00e0 Internet en b\u00e9n\u00e9ficiant d&#8217;un d\u00e9bit garanti.<\/p>\n\t| \u00a0<a href=\"https:\/\/legacy.colt.net\/fr\/product\/ip-access\/\">Business internet access<\/a><br \/>\n| \u00a0<a href=\"https:\/\/legacy.colt.net\/fr\/product\/sd-wan\/\">SD WAN as a service<\/a><br \/>\n| \u00a0<a href=\"https:\/\/legacy.colt.net\/fr\/product\/ip-vpn\/\">IP VPN<\/a>\n\t\t\t\t<a href=\"https:\/\/legacy.colt.net\/fr\/voice\/\" target=\"_self\" itemprop=\"url\" rel=\"noopener noreferrer\">\n\t\t\t\t<img loading=\"lazy\" decoding=\"async\" src=\"https:\/\/legacy.colt.net\/wp-content\/uploads\/2021\/01\/Voice.png\" alt=\"Voice\" itemprop=\"image\" height=\"800\" width=\"800\" title=\"Voice\" onerror=\"this.style.display='none'\"  \/>\n\t\t\t\t<\/a>\n<h3>\n\t\t<a href=\"https:\/\/legacy.colt.net\/fr\/voice\/\" title=\"Services voix\" target=\"_self\" rel=\"noopener noreferrer\">\n\t\tServices voix\n\t\t<\/a>\n\t<\/h3>\n\t<p>Le portefeuille Voix de Colt propose aux op\u00e9rateurs et aux grands comptes un ensemble de services t\u00e9l\u00e9phoniques de qualit\u00e9 professionnelle.<\/p>\n\t| \u00a0<a href=\"https:\/\/legacy.colt.net\/fr\/sip-trunking-isdn-services\/\">SIP trunking \/ <\/a><a href=\"https:\/\/legacy.colt.net\/product\/isdn-voice-services\/\">ISDN services<\/a><br \/>\n| \u00a0<a href=\"https:\/\/legacy.colt.net\/fr\/product\/colt-intelligent-communications\/\">Intelligent communications<\/a><br \/>\n| \u00a0<a href=\"https:\/\/legacy.colt.net\/fr\/in-services\/\">Cloud telephone systems<\/a><br \/>\n| \u00a0<a href=\"https:\/\/legacy.colt.net\/fr\/service-provider-solutions\/\">Wholesale voice services<\/a>\n\t\t\t\t<a href=\"https:\/\/legacy.colt.net\/fr\/cybersecurity\/\" target=\"_self\" itemprop=\"url\" rel=\"noopener noreferrer\">\n\t\t\t\t<img loading=\"lazy\" decoding=\"async\" src=\"https:\/\/legacy.colt.net\/wp-content\/uploads\/2021\/01\/Keeping-your-business-secure-1.png\" alt=\"Keeping-your-business-secure-1\" itemprop=\"image\" height=\"500\" width=\"500\" title=\"Keeping-your-business-secure-1\" onerror=\"this.style.display='none'\"  \/>\n\t\t\t\t<\/a>\n<h3>\n\t\t<a href=\"https:\/\/legacy.colt.net\/fr\/cybersecurity\/\" title=\"Cybers\u00e9curit\u00e9\" target=\"_self\" rel=\"noopener noreferrer\">\n\t\tCybers\u00e9curit\u00e9\n\t\t<\/a>\n\t<\/h3>\n\t<p>Notre gamme Colt Cybersecurity propose de nombreux services de s\u00e9curit\u00e9 con\u00e7us pour surveiller, d\u00e9tecter et prot\u00e9ger et les donn\u00e9es et l&#8217;infrastructure informatique des clients.<\/p>\n\t| \u00a0<a href=\"https:\/\/legacy.colt.net\/fr\/product\/managed-firewall\/\">Managed firewall services<\/a><br \/>\n| \u00a0<a href=\"https:\/\/legacy.colt.net\/fr\/product\/internet-security-ddos-mitigation-web-filtering\/\">DDoS protection<\/a><br \/>\n| \u00a0<a href=\"https:\/\/legacy.colt.net\/fr\/product\/encryption\/\">Services de chiffrement<\/a>\n\t\t\t\t<a href=\"https:\/\/legacy.colt.net\/fr\/cloud-dc\/\" target=\"_self\" itemprop=\"url\" rel=\"noopener noreferrer\">\n\t\t\t\t<img loading=\"lazy\" decoding=\"async\" src=\"https:\/\/legacy.colt.net\/wp-content\/uploads\/2021\/01\/Connecting-to-the-cloud-1.png\" alt=\"Connecting-to-the-cloud-1\" itemprop=\"image\" height=\"500\" width=\"500\" title=\"Connecting-to-the-cloud-1\" onerror=\"this.style.display='none'\"  \/>\n\t\t\t\t<\/a>\n<h3>\n\t\t<a href=\"https:\/\/legacy.colt.net\/fr\/cloud-dc\/\" title=\"Cloud &amp; DC connectivity\" target=\"_self\" rel=\"noopener noreferrer\">\n\t\tCloud &#038; DC connectivity\n\t\t<\/a>\n\t<\/h3>\n\t<p>Colt propose une gamme compl\u00e8te de services haut et tr\u00e8s haut d\u00e9bit connect\u00e9s \u00e0 vos data centres et \u00e0 vos principaux fournisseurs de services Cloud.<\/p>\n\t| \u00a0<a href=\"https:\/\/legacy.colt.net\/fr\/product\/direct-connect\/\">Dedicated cloud access<\/a><br \/>\n| \u00a0<a href=\"https:\/\/legacy.colt.net\/fr\/data-centre-interconnect\/\">DC Net<\/a>\n\t\t\t\t<a href=\"https:\/\/legacy.colt.net\/fr\/product\/on-demand-services\/\" target=\"_self\" itemprop=\"url\" rel=\"noopener noreferrer\">\n\t\t\t\t<img loading=\"lazy\" decoding=\"async\" src=\"https:\/\/legacy.colt.net\/wp-content\/uploads\/2021\/01\/uCPE.png\" alt=\"uCPE\" itemprop=\"image\" height=\"800\" width=\"800\" title=\"uCPE\" onerror=\"this.style.display='none'\"  \/>\n\t\t\t\t<\/a>\n<h3>\n\t\t<a href=\"https:\/\/legacy.colt.net\/fr\/product\/on-demand-services\/\" title=\"A la demande\" target=\"_self\" rel=\"noopener noreferrer\">\n\t\tA la demande\n\t\t<\/a>\n\t<\/h3>\n\t<p>On Demand Services empower businesses to consume Ethernet, IP &amp; Cloud connectivity on the Colt IQ Network in real time, meaning frictionless provisioning of the services you need, whenever you need them.<\/p>\n\t| \u00a0<a href=\"https:\/\/legacy.colt.net\/fr\/product\/on-demand-services\/\">Ethernet On Demand<\/a><br \/>\n|\u00a0 <a href=\"https:\/\/legacy.colt.net\/fr\/product\/on-demand-services\/\">IP Access On Demand<\/a><br \/>\n| \u00a0<a href=\"https:\/\/legacy.colt.net\/fr\/product\/on-demand-services\/\">DC Net On Demand<\/a><br \/>\n| \u00a0<a href=\"https:\/\/legacy.colt.net\/fr\/product\/on-demand-services\/\">Cloud Access On Demand<\/a>\n\t\t\t\t<img loading=\"lazy\" decoding=\"async\" src=\"https:\/\/legacy.colt.net\/wp-content\/uploads\/2020\/12\/Connecting-your-enterprise-network-2.png\" alt=\"Connecting-your-enterprise-network-2\" itemprop=\"image\" height=\"500\" width=\"500\" title=\"Connecting-your-enterprise-network-2\" onerror=\"this.style.display='none'\"  \/>\n<h3>\n\t\t<a href=\"https:\/\/legacy.colt.net\/fr\/capital-markets\/\" title=\"March\u00e9s de capitaux\" target=\"_self\" rel=\"noopener noreferrer\">\n\t\tMarch\u00e9s de capitaux\n\t\t<\/a>\n\t<\/h3>\n\t<p>We combine Capital Markets expertise with Colt infrastructure assets to deliver on-demand services that meet the requirements and speed of the financial markets.<\/p>\n\t|\u00a0 <a href=\"https:\/\/legacy.colt.net\/fr\/product\/extranet-de-services-financiers\/\">Extranet de services financiers<\/a><br \/>\n|\u00a0 <a href=\"https:\/\/legacy.colt.net\/fr\/product\/connectivite-dediee\/\">Une connectivit\u00e9 d\u00e9di\u00e9e<\/a><br \/>\n|\u00a0 <a href=\"https:\/\/legacy.colt.net\/fr\/product\/temps-de-latence-ultra-faible\/\">Un temps de latence ultra-faible<\/a><br \/>\n|\u00a0 <a href=\"https:\/\/legacy.colt.net\/fr\/product\/services-de-colocation\/\">Des services de colocation et d&#8217;h\u00e9bergement manag\u00e9s<\/a><br \/>\n|\u00a0 <a href=\"https:\/\/legacy.colt.net\/fr\/product\/donnees-de-marche\/\">Un service de traitement des donn\u00e9es de march\u00e9<\/a>\n\n","protected":false},"excerpt":{"rendered":"<p>Produits &#038; services r\u00e9saux Solutions Colt Nos produits et services assurent une exp\u00e9rience homog\u00e8ne entre les clients d&#8217;Europe, d&#8217;Asie et d&#8217;Am\u00e9rique du Nord gr\u00e2ce \u00e0 une plateforme et une technologie communes, ce qui aide les entreprises \u00e0 relever les d\u00e9fis que soul\u00e8ve la transformation num\u00e9rique et se concentrer sur leurs priorit\u00e9s m\u00e9tier pour partir \u00e0&#8230;<\/p>\n","protected":false},"author":143,"featured_media":0,"parent":0,"menu_order":0,"comment_status":"closed","ping_status":"closed","template":"","meta":{"_acf_changed":false,"footnotes":""},"colt_type":[],"colt_products":[],"class_list":["post-35013","page","type-page","status-publish","hentry"],"acf":[],"yoast_head":"<!-- This site is optimized with the Yoast SEO plugin v26.8 - https:\/\/yoast.com\/product\/yoast-seo-wordpress\/ -->\n<title>Produits &amp; Services R\u00e9seaux \u2013 Solutions Colt | Colt Technology Services<\/title>\n<meta name=\"description\" content=\"Notre produits et services assure une exp\u00e9rience homog\u00e8ne entre les clients globalement gr\u00e2ce \u00e0 une plateforme et une technologie communes\" \/>\n<meta name=\"robots\" content=\"noindex, follow, max-snippet:-1, max-image-preview:large, max-video-preview:-1\" \/>\n<meta property=\"og:locale\" content=\"fr_FR\" \/>\n<meta property=\"og:type\" content=\"article\" \/>\n<meta property=\"og:title\" content=\"Produits &amp; Services R\u00e9seaux \u2013 Solutions Colt | Colt Technology Services\" \/>\n<meta property=\"og:description\" content=\"Notre produits et services assure une exp\u00e9rience homog\u00e8ne entre les clients globalement gr\u00e2ce \u00e0 une plateforme et une technologie communes\" \/>\n<meta property=\"og:url\" content=\"https:\/\/legacy.colt.net\/fr\/products-services\/\" \/>\n<meta property=\"og:site_name\" content=\"Colt Technology Services\" \/>\n<meta property=\"article:publisher\" content=\"https:\/\/www.facebook.com\/ColtTechnologyServices\/\" \/>\n<meta property=\"article:modified_time\" content=\"2021-01-09T09:55:04+00:00\" \/>\n<meta property=\"og:image\" content=\"https:\/\/legacy.colt.net\/wp-content\/uploads\/2021\/01\/Brand-2021-Stock-39.jpg\" \/>\n\t<meta property=\"og:image:width\" content=\"1000\" \/>\n\t<meta property=\"og:image:height\" content=\"667\" \/>\n\t<meta property=\"og:image:type\" content=\"image\/jpeg\" \/>\n<meta name=\"twitter:card\" content=\"summary_large_image\" \/>\n<meta name=\"twitter:site\" content=\"@colt_technology\" \/>\n<meta name=\"twitter:label1\" content=\"Est. reading time\" \/>\n\t<meta name=\"twitter:data1\" content=\"2 minutes\" \/>\n<script type=\"application\/ld+json\" class=\"yoast-schema-graph\">{\"@context\":\"https:\/\/schema.org\",\"@graph\":[{\"@type\":\"WebPage\",\"@id\":\"https:\/\/legacy.colt.net\/fr\/products-services\/\",\"url\":\"https:\/\/legacy.colt.net\/fr\/products-services\/\",\"name\":\"Produits & Services R\u00e9seaux \u2013 Solutions Colt | Colt Technology Services\",\"isPartOf\":{\"@id\":\"https:\/\/legacy.colt.net\/#website\"},\"primaryImageOfPage\":{\"@id\":\"https:\/\/legacy.colt.net\/fr\/products-services\/#primaryimage\"},\"image\":{\"@id\":\"https:\/\/legacy.colt.net\/fr\/products-services\/#primaryimage\"},\"thumbnailUrl\":\"https:\/\/legacy.colt.net\/wp-content\/uploads\/2020\/12\/Building-your-network-1.png\",\"datePublished\":\"2018-10-30T11:09:52+00:00\",\"dateModified\":\"2021-01-09T09:55:04+00:00\",\"description\":\"Notre produits et services assure une exp\u00e9rience homog\u00e8ne entre les clients globalement gr\u00e2ce \u00e0 une plateforme et une technologie communes\",\"breadcrumb\":{\"@id\":\"https:\/\/legacy.colt.net\/fr\/products-services\/#breadcrumb\"},\"inLanguage\":\"fr-FR\",\"potentialAction\":[{\"@type\":\"ReadAction\",\"target\":[\"https:\/\/legacy.colt.net\/fr\/products-services\/\"]}]},{\"@type\":\"ImageObject\",\"inLanguage\":\"fr-FR\",\"@id\":\"https:\/\/legacy.colt.net\/fr\/products-services\/#primaryimage\",\"url\":\"https:\/\/legacy.colt.net\/wp-content\/uploads\/2020\/12\/Building-your-network-1.png\",\"contentUrl\":\"https:\/\/legacy.colt.net\/wp-content\/uploads\/2020\/12\/Building-your-network-1.png\"},{\"@type\":\"BreadcrumbList\",\"@id\":\"https:\/\/legacy.colt.net\/fr\/products-services\/#breadcrumb\",\"itemListElement\":[{\"@type\":\"ListItem\",\"position\":1,\"name\":\"Home\",\"item\":\"https:\/\/legacy.colt.net\/fr\/\"},{\"@type\":\"ListItem\",\"position\":2,\"name\":\"Products & Services\"}]},{\"@type\":\"WebSite\",\"@id\":\"https:\/\/legacy.colt.net\/#website\",\"url\":\"https:\/\/legacy.colt.net\/\",\"name\":\"Colt\u30c6\u30af\u30ce\u30ed\u30b8\u30fc\u30b5\u30fc\u30d3\u30b9\u682a\u5f0f\u4f1a\u793e\",\"description\":\"Managed Network &amp; Voice Services Provider\",\"publisher\":{\"@id\":\"https:\/\/legacy.colt.net\/#organization\"},\"potentialAction\":[{\"@type\":\"SearchAction\",\"target\":{\"@type\":\"EntryPoint\",\"urlTemplate\":\"https:\/\/legacy.colt.net\/?s={search_term_string}\"},\"query-input\":{\"@type\":\"PropertyValueSpecification\",\"valueRequired\":true,\"valueName\":\"search_term_string\"}}],\"inLanguage\":\"fr-FR\"},{\"@type\":\"Organization\",\"@id\":\"https:\/\/legacy.colt.net\/#organization\",\"name\":\"Colt Technology Services\",\"url\":\"https:\/\/legacy.colt.net\/\",\"logo\":{\"@type\":\"ImageObject\",\"inLanguage\":\"fr-FR\",\"@id\":\"https:\/\/legacy.colt.net\/#\/schema\/logo\/image\/\",\"url\":\"https:\/\/legacy.colt.net\/wp-content\/uploads\/2019\/02\/Colt-Logo.png\",\"contentUrl\":\"https:\/\/legacy.colt.net\/wp-content\/uploads\/2019\/02\/Colt-Logo.png\",\"width\":195,\"height\":77,\"caption\":\"Colt Technology Services\"},\"image\":{\"@id\":\"https:\/\/legacy.colt.net\/#\/schema\/logo\/image\/\"},\"sameAs\":[\"https:\/\/www.facebook.com\/ColtTechnologyServices\/\",\"https:\/\/x.com\/colt_technology\",\"https:\/\/www.instagram.com\/colttechnologyservices\/\",\"https:\/\/www.linkedin.com\/company\/colt-technology-services\",\"https:\/\/www.youtube.com\/user\/ColtTechnology\"]}]}<\/script>\n<!-- \/ Yoast SEO plugin. -->","yoast_head_json":{"title":"Produits & Services R\u00e9seaux \u2013 Solutions Colt | Colt Technology Services","description":"Notre produits et services assure une exp\u00e9rience homog\u00e8ne entre les clients globalement gr\u00e2ce \u00e0 une plateforme et une technologie communes","robots":{"index":"noindex","follow":"follow","max-snippet":"max-snippet:-1","max-image-preview":"max-image-preview:large","max-video-preview":"max-video-preview:-1"},"og_locale":"fr_FR","og_type":"article","og_title":"Produits & Services R\u00e9seaux \u2013 Solutions Colt | Colt Technology Services","og_description":"Notre produits et services assure une exp\u00e9rience homog\u00e8ne entre les clients globalement gr\u00e2ce \u00e0 une plateforme et une technologie communes","og_url":"https:\/\/legacy.colt.net\/fr\/products-services\/","og_site_name":"Colt Technology Services","article_publisher":"https:\/\/www.facebook.com\/ColtTechnologyServices\/","article_modified_time":"2021-01-09T09:55:04+00:00","og_image":[{"width":1000,"height":667,"url":"https:\/\/legacy.colt.net\/wp-content\/uploads\/2021\/01\/Brand-2021-Stock-39.jpg","type":"image\/jpeg"}],"twitter_card":"summary_large_image","twitter_site":"@colt_technology","twitter_misc":{"Est. reading time":"2 minutes"},"schema":{"@context":"https:\/\/schema.org","@graph":[{"@type":"WebPage","@id":"https:\/\/legacy.colt.net\/fr\/products-services\/","url":"https:\/\/legacy.colt.net\/fr\/products-services\/","name":"Produits & Services R\u00e9seaux \u2013 Solutions Colt | Colt Technology Services","isPartOf":{"@id":"https:\/\/legacy.colt.net\/#website"},"primaryImageOfPage":{"@id":"https:\/\/legacy.colt.net\/fr\/products-services\/#primaryimage"},"image":{"@id":"https:\/\/legacy.colt.net\/fr\/products-services\/#primaryimage"},"thumbnailUrl":"https:\/\/legacy.colt.net\/wp-content\/uploads\/2020\/12\/Building-your-network-1.png","datePublished":"2018-10-30T11:09:52+00:00","dateModified":"2021-01-09T09:55:04+00:00","description":"Notre produits et services assure une exp\u00e9rience homog\u00e8ne entre les clients globalement gr\u00e2ce \u00e0 une plateforme et une technologie communes","breadcrumb":{"@id":"https:\/\/legacy.colt.net\/fr\/products-services\/#breadcrumb"},"inLanguage":"fr-FR","potentialAction":[{"@type":"ReadAction","target":["https:\/\/legacy.colt.net\/fr\/products-services\/"]}]},{"@type":"ImageObject","inLanguage":"fr-FR","@id":"https:\/\/legacy.colt.net\/fr\/products-services\/#primaryimage","url":"https:\/\/legacy.colt.net\/wp-content\/uploads\/2020\/12\/Building-your-network-1.png","contentUrl":"https:\/\/legacy.colt.net\/wp-content\/uploads\/2020\/12\/Building-your-network-1.png"},{"@type":"BreadcrumbList","@id":"https:\/\/legacy.colt.net\/fr\/products-services\/#breadcrumb","itemListElement":[{"@type":"ListItem","position":1,"name":"Home","item":"https:\/\/legacy.colt.net\/fr\/"},{"@type":"ListItem","position":2,"name":"Products & Services"}]},{"@type":"WebSite","@id":"https:\/\/legacy.colt.net\/#website","url":"https:\/\/legacy.colt.net\/","name":"Colt\u30c6\u30af\u30ce\u30ed\u30b8\u30fc\u30b5\u30fc\u30d3\u30b9\u682a\u5f0f\u4f1a\u793e","description":"Managed Network &amp; Voice Services Provider","publisher":{"@id":"https:\/\/legacy.colt.net\/#organization"},"potentialAction":[{"@type":"SearchAction","target":{"@type":"EntryPoint","urlTemplate":"https:\/\/legacy.colt.net\/?s={search_term_string}"},"query-input":{"@type":"PropertyValueSpecification","valueRequired":true,"valueName":"search_term_string"}}],"inLanguage":"fr-FR"},{"@type":"Organization","@id":"https:\/\/legacy.colt.net\/#organization","name":"Colt Technology Services","url":"https:\/\/legacy.colt.net\/","logo":{"@type":"ImageObject","inLanguage":"fr-FR","@id":"https:\/\/legacy.colt.net\/#\/schema\/logo\/image\/","url":"https:\/\/legacy.colt.net\/wp-content\/uploads\/2019\/02\/Colt-Logo.png","contentUrl":"https:\/\/legacy.colt.net\/wp-content\/uploads\/2019\/02\/Colt-Logo.png","width":195,"height":77,"caption":"Colt Technology Services"},"image":{"@id":"https:\/\/legacy.colt.net\/#\/schema\/logo\/image\/"},"sameAs":["https:\/\/www.facebook.com\/ColtTechnologyServices\/","https:\/\/x.com\/colt_technology","https:\/\/www.instagram.com\/colttechnologyservices\/","https:\/\/www.linkedin.com\/company\/colt-technology-services","https:\/\/www.youtube.com\/user\/ColtTechnology"]}]}},"_links":{"self":[{"href":"https:\/\/legacy.colt.net\/fr\/wp-json\/wp\/v2\/pages\/35013","targetHints":{"allow":["GET"]}}],"collection":[{"href":"https:\/\/legacy.colt.net\/fr\/wp-json\/wp\/v2\/pages"}],"about":[{"href":"https:\/\/legacy.colt.net\/fr\/wp-json\/wp\/v2\/types\/page"}],"author":[{"embeddable":true,"href":"https:\/\/legacy.colt.net\/fr\/wp-json\/wp\/v2\/users\/143"}],"replies":[{"embeddable":true,"href":"https:\/\/legacy.colt.net\/fr\/wp-json\/wp\/v2\/comments?post=35013"}],"version-history":[{"count":0,"href":"https:\/\/legacy.colt.net\/fr\/wp-json\/wp\/v2\/pages\/35013\/revisions"}],"wp:attachment":[{"href":"https:\/\/legacy.colt.net\/fr\/wp-json\/wp\/v2\/media?parent=35013"}],"wp:term":[{"taxonomy":"colt_type","embeddable":true,"href":"https:\/\/legacy.colt.net\/fr\/wp-json\/wp\/v2\/colt_type?post=35013"},{"taxonomy":"colt_products","embeddable":true,"href":"https:\/\/legacy.colt.net\/fr\/wp-json\/wp\/v2\/colt_products?post=35013"}],"curies":[{"name":"wp","href":"https:\/\/api.w.org\/{rel}","templated":true}]}}