{"id":34971,"date":"2017-03-30T08:46:29","date_gmt":"2017-03-30T08:46:29","guid":{"rendered":"https:\/\/www.colt.net\/sip-trunkingisdn-services\/"},"modified":"2021-01-09T10:19:51","modified_gmt":"2021-01-09T10:19:51","slug":"sip-trunking-isdn-services","status":"publish","type":"page","link":"https:\/\/legacy.colt.net\/fr\/sip-trunking-isdn-services\/","title":{"rendered":"SIP Trunking\/ ISDN Services"},"content":{"rendered":"\n<h1>\n\t<\/h1>\n<h2>\n\t\tProduits &#038; services r\u00e9saux\n\t<\/h2>\n\t<nav class=\"breadcrumb\"><span><span><a href=\"https:\/\/legacy.colt.net\/fr\/\">Home<\/a><\/span><\/span><\/nav>\n\t<p>Colt occupe une position de leader incontestable sur le march\u00e9 des solutions SIP Trunk, offrant un produit riche en fonctionnalit\u00e9s enti\u00e8rement test\u00e9 et certifi\u00e9 pour tous les principaux fournisseurs de PBX IP. En savoir plus sur nos services de t\u00e9l\u00e9phonie professionnelle ci-dessous.<\/p>\n\t<a href=\"https:\/\/legacy.colt.net\/fr\/product\/sip-trunking\/\" target=\"_self\" rel=\"noopener noreferrer\"><\/a> \n\t\t\t\t<img decoding=\"async\" src=\"https:\/\/legacy.colt.net\/wp-content\/uploads\/2021\/01\/Voice.png\" alt=\"Voice\" title=\"Voice\" itemprop=\"image\"\/>\n\t\t<h3>SIP Trunking<\/h3>\t\t\t\n\t\t\t\t<p>L&#8217;offre Trunk SIP de Colt s&#8217;adresse aux entreprises europ\u00e9ennes souhaitant optimiser leur infrastructure t\u00e9l\u00e9phonique et la gestion de leurs co\u00fbts.<\/p>\n\t<a href=\"https:\/\/legacy.colt.net\/fr\/product\/services-isdn-voice\/\" target=\"_self\" rel=\"noopener noreferrer\"><\/a> \n\t\t\t\t<img decoding=\"async\" src=\"https:\/\/legacy.colt.net\/wp-content\/uploads\/2021\/01\/ISDN-Voice.png\" alt=\"ISDN Voice\" title=\"ISDN Voice\" itemprop=\"image\"\/>\n\t\t<h3>ISDN services<\/h3>\t\t\t\n\t\t\t\t<p>S&#8217;appuyant sur plus de 20 ans d&#8217;exp\u00e9rience et sur le r\u00e9seau paneurop\u00e9en le plus complet, Colt est l&#8217;op\u00e9rateur RNIS privil\u00e9gi\u00e9 de milliers d&#8217;entreprises \u00e0 travers l&#8217;Europe.<\/p>\n\n","protected":false},"excerpt":{"rendered":"<p>Produits &#038; services r\u00e9saux Colt occupe une position de leader incontestable sur le march\u00e9 des solutions SIP Trunk, offrant un produit riche en fonctionnalit\u00e9s enti\u00e8rement test\u00e9 et certifi\u00e9 pour tous les principaux fournisseurs de PBX IP. En savoir plus sur nos services de t\u00e9l\u00e9phonie professionnelle ci-dessous. SIP Trunking L&#8217;offre Trunk SIP de Colt s&#8217;adresse aux&#8230;<\/p>\n","protected":false},"author":2,"featured_media":0,"parent":0,"menu_order":0,"comment_status":"closed","ping_status":"closed","template":"","meta":{"_acf_changed":false,"footnotes":""},"colt_type":[],"colt_products":[1492],"class_list":["post-34971","page","type-page","status-publish","hentry","colt_products-voice"],"acf":[],"yoast_head":"<!-- This site is optimized with the Yoast SEO plugin v26.8 - https:\/\/yoast.com\/product\/yoast-seo-wordpress\/ -->\n<title>SIP Trunking\/ ISDN Services | Colt Technology Services | FR<\/title>\n<meta name=\"description\" content=\"L&#039;offre Trunk SIP de Colt s&#039;addresse aux enterprises europeennes souhaitant optimiser leur infrastructure telephonique et la gestion de leurs couts\" \/>\n<meta name=\"robots\" content=\"noindex, follow, max-snippet:-1, max-image-preview:large, max-video-preview:-1\" \/>\n<meta property=\"og:locale\" content=\"fr_FR\" \/>\n<meta property=\"og:type\" content=\"article\" \/>\n<meta property=\"og:title\" content=\"SIP Trunking\/ ISDN Services | Colt Technology Services | FR\" \/>\n<meta property=\"og:description\" content=\"L&#039;offre Trunk SIP de Colt s&#039;addresse aux enterprises europeennes souhaitant optimiser leur infrastructure telephonique et la gestion de leurs couts\" \/>\n<meta property=\"og:url\" content=\"https:\/\/legacy.colt.net\/fr\/sip-trunking-isdn-services\/\" \/>\n<meta property=\"og:site_name\" content=\"Colt Technology Services\" \/>\n<meta property=\"article:publisher\" content=\"https:\/\/www.facebook.com\/ColtTechnologyServices\/\" \/>\n<meta property=\"article:modified_time\" content=\"2021-01-09T10:19:51+00:00\" \/>\n<meta property=\"og:image\" content=\"https:\/\/legacy.colt.net\/wp-content\/uploads\/2021\/01\/Brand-2021-Stock-35.jpg\" \/>\n\t<meta property=\"og:image:width\" content=\"1000\" \/>\n\t<meta property=\"og:image:height\" content=\"667\" \/>\n\t<meta property=\"og:image:type\" content=\"image\/jpeg\" \/>\n<meta name=\"twitter:card\" content=\"summary_large_image\" \/>\n<meta name=\"twitter:site\" content=\"@colt_technology\" \/>\n<meta name=\"twitter:label1\" content=\"Est. reading time\" \/>\n\t<meta name=\"twitter:data1\" content=\"1 minute\" \/>\n<script type=\"application\/ld+json\" class=\"yoast-schema-graph\">{\"@context\":\"https:\/\/schema.org\",\"@graph\":[{\"@type\":\"WebPage\",\"@id\":\"https:\/\/legacy.colt.net\/fr\/sip-trunking-isdn-services\/\",\"url\":\"https:\/\/legacy.colt.net\/fr\/sip-trunking-isdn-services\/\",\"name\":\"SIP Trunking\/ ISDN Services | Colt Technology Services | FR\",\"isPartOf\":{\"@id\":\"https:\/\/legacy.colt.net\/#website\"},\"primaryImageOfPage\":{\"@id\":\"https:\/\/legacy.colt.net\/fr\/sip-trunking-isdn-services\/#primaryimage\"},\"image\":{\"@id\":\"https:\/\/legacy.colt.net\/fr\/sip-trunking-isdn-services\/#primaryimage\"},\"thumbnailUrl\":\"https:\/\/legacy.colt.net\/wp-content\/uploads\/2021\/01\/Voice.png\",\"datePublished\":\"2017-03-30T08:46:29+00:00\",\"dateModified\":\"2021-01-09T10:19:51+00:00\",\"description\":\"L'offre Trunk SIP de Colt s'addresse aux enterprises europeennes souhaitant optimiser leur infrastructure telephonique et la gestion de leurs couts\",\"breadcrumb\":{\"@id\":\"https:\/\/legacy.colt.net\/fr\/sip-trunking-isdn-services\/#breadcrumb\"},\"inLanguage\":\"fr-FR\",\"potentialAction\":[{\"@type\":\"ReadAction\",\"target\":[\"https:\/\/legacy.colt.net\/fr\/sip-trunking-isdn-services\/\"]}]},{\"@type\":\"ImageObject\",\"inLanguage\":\"fr-FR\",\"@id\":\"https:\/\/legacy.colt.net\/fr\/sip-trunking-isdn-services\/#primaryimage\",\"url\":\"https:\/\/legacy.colt.net\/wp-content\/uploads\/2021\/01\/Voice.png\",\"contentUrl\":\"https:\/\/legacy.colt.net\/wp-content\/uploads\/2021\/01\/Voice.png\"},{\"@type\":\"BreadcrumbList\",\"@id\":\"https:\/\/legacy.colt.net\/fr\/sip-trunking-isdn-services\/#breadcrumb\",\"itemListElement\":[{\"@type\":\"ListItem\",\"position\":1,\"name\":\"Home\",\"item\":\"https:\/\/legacy.colt.net\/fr\/\"},{\"@type\":\"ListItem\",\"position\":2,\"name\":\"SIP Trunking\/ ISDN Services\"}]},{\"@type\":\"WebSite\",\"@id\":\"https:\/\/legacy.colt.net\/#website\",\"url\":\"https:\/\/legacy.colt.net\/\",\"name\":\"Colt\u30c6\u30af\u30ce\u30ed\u30b8\u30fc\u30b5\u30fc\u30d3\u30b9\u682a\u5f0f\u4f1a\u793e\",\"description\":\"Managed Network &amp; Voice Services Provider\",\"publisher\":{\"@id\":\"https:\/\/legacy.colt.net\/#organization\"},\"potentialAction\":[{\"@type\":\"SearchAction\",\"target\":{\"@type\":\"EntryPoint\",\"urlTemplate\":\"https:\/\/legacy.colt.net\/?s={search_term_string}\"},\"query-input\":{\"@type\":\"PropertyValueSpecification\",\"valueRequired\":true,\"valueName\":\"search_term_string\"}}],\"inLanguage\":\"fr-FR\"},{\"@type\":\"Organization\",\"@id\":\"https:\/\/legacy.colt.net\/#organization\",\"name\":\"Colt Technology Services\",\"url\":\"https:\/\/legacy.colt.net\/\",\"logo\":{\"@type\":\"ImageObject\",\"inLanguage\":\"fr-FR\",\"@id\":\"https:\/\/legacy.colt.net\/#\/schema\/logo\/image\/\",\"url\":\"https:\/\/legacy.colt.net\/wp-content\/uploads\/2019\/02\/Colt-Logo.png\",\"contentUrl\":\"https:\/\/legacy.colt.net\/wp-content\/uploads\/2019\/02\/Colt-Logo.png\",\"width\":195,\"height\":77,\"caption\":\"Colt Technology Services\"},\"image\":{\"@id\":\"https:\/\/legacy.colt.net\/#\/schema\/logo\/image\/\"},\"sameAs\":[\"https:\/\/www.facebook.com\/ColtTechnologyServices\/\",\"https:\/\/x.com\/colt_technology\",\"https:\/\/www.instagram.com\/colttechnologyservices\/\",\"https:\/\/www.linkedin.com\/company\/colt-technology-services\",\"https:\/\/www.youtube.com\/user\/ColtTechnology\"]}]}<\/script>\n<!-- \/ Yoast SEO plugin. -->","yoast_head_json":{"title":"SIP Trunking\/ ISDN Services | Colt Technology Services | FR","description":"L'offre Trunk SIP de Colt s'addresse aux enterprises europeennes souhaitant optimiser leur infrastructure telephonique et la gestion de leurs couts","robots":{"index":"noindex","follow":"follow","max-snippet":"max-snippet:-1","max-image-preview":"max-image-preview:large","max-video-preview":"max-video-preview:-1"},"og_locale":"fr_FR","og_type":"article","og_title":"SIP Trunking\/ ISDN Services | Colt Technology Services | FR","og_description":"L'offre Trunk SIP de Colt s'addresse aux enterprises europeennes souhaitant optimiser leur infrastructure telephonique et la gestion de leurs couts","og_url":"https:\/\/legacy.colt.net\/fr\/sip-trunking-isdn-services\/","og_site_name":"Colt Technology Services","article_publisher":"https:\/\/www.facebook.com\/ColtTechnologyServices\/","article_modified_time":"2021-01-09T10:19:51+00:00","og_image":[{"width":1000,"height":667,"url":"https:\/\/legacy.colt.net\/wp-content\/uploads\/2021\/01\/Brand-2021-Stock-35.jpg","type":"image\/jpeg"}],"twitter_card":"summary_large_image","twitter_site":"@colt_technology","twitter_misc":{"Est. reading time":"1 minute"},"schema":{"@context":"https:\/\/schema.org","@graph":[{"@type":"WebPage","@id":"https:\/\/legacy.colt.net\/fr\/sip-trunking-isdn-services\/","url":"https:\/\/legacy.colt.net\/fr\/sip-trunking-isdn-services\/","name":"SIP Trunking\/ ISDN Services | Colt Technology Services | FR","isPartOf":{"@id":"https:\/\/legacy.colt.net\/#website"},"primaryImageOfPage":{"@id":"https:\/\/legacy.colt.net\/fr\/sip-trunking-isdn-services\/#primaryimage"},"image":{"@id":"https:\/\/legacy.colt.net\/fr\/sip-trunking-isdn-services\/#primaryimage"},"thumbnailUrl":"https:\/\/legacy.colt.net\/wp-content\/uploads\/2021\/01\/Voice.png","datePublished":"2017-03-30T08:46:29+00:00","dateModified":"2021-01-09T10:19:51+00:00","description":"L'offre Trunk SIP de Colt s'addresse aux enterprises europeennes souhaitant optimiser leur infrastructure telephonique et la gestion de leurs couts","breadcrumb":{"@id":"https:\/\/legacy.colt.net\/fr\/sip-trunking-isdn-services\/#breadcrumb"},"inLanguage":"fr-FR","potentialAction":[{"@type":"ReadAction","target":["https:\/\/legacy.colt.net\/fr\/sip-trunking-isdn-services\/"]}]},{"@type":"ImageObject","inLanguage":"fr-FR","@id":"https:\/\/legacy.colt.net\/fr\/sip-trunking-isdn-services\/#primaryimage","url":"https:\/\/legacy.colt.net\/wp-content\/uploads\/2021\/01\/Voice.png","contentUrl":"https:\/\/legacy.colt.net\/wp-content\/uploads\/2021\/01\/Voice.png"},{"@type":"BreadcrumbList","@id":"https:\/\/legacy.colt.net\/fr\/sip-trunking-isdn-services\/#breadcrumb","itemListElement":[{"@type":"ListItem","position":1,"name":"Home","item":"https:\/\/legacy.colt.net\/fr\/"},{"@type":"ListItem","position":2,"name":"SIP Trunking\/ ISDN Services"}]},{"@type":"WebSite","@id":"https:\/\/legacy.colt.net\/#website","url":"https:\/\/legacy.colt.net\/","name":"Colt\u30c6\u30af\u30ce\u30ed\u30b8\u30fc\u30b5\u30fc\u30d3\u30b9\u682a\u5f0f\u4f1a\u793e","description":"Managed Network &amp; Voice Services Provider","publisher":{"@id":"https:\/\/legacy.colt.net\/#organization"},"potentialAction":[{"@type":"SearchAction","target":{"@type":"EntryPoint","urlTemplate":"https:\/\/legacy.colt.net\/?s={search_term_string}"},"query-input":{"@type":"PropertyValueSpecification","valueRequired":true,"valueName":"search_term_string"}}],"inLanguage":"fr-FR"},{"@type":"Organization","@id":"https:\/\/legacy.colt.net\/#organization","name":"Colt Technology Services","url":"https:\/\/legacy.colt.net\/","logo":{"@type":"ImageObject","inLanguage":"fr-FR","@id":"https:\/\/legacy.colt.net\/#\/schema\/logo\/image\/","url":"https:\/\/legacy.colt.net\/wp-content\/uploads\/2019\/02\/Colt-Logo.png","contentUrl":"https:\/\/legacy.colt.net\/wp-content\/uploads\/2019\/02\/Colt-Logo.png","width":195,"height":77,"caption":"Colt Technology Services"},"image":{"@id":"https:\/\/legacy.colt.net\/#\/schema\/logo\/image\/"},"sameAs":["https:\/\/www.facebook.com\/ColtTechnologyServices\/","https:\/\/x.com\/colt_technology","https:\/\/www.instagram.com\/colttechnologyservices\/","https:\/\/www.linkedin.com\/company\/colt-technology-services","https:\/\/www.youtube.com\/user\/ColtTechnology"]}]}},"_links":{"self":[{"href":"https:\/\/legacy.colt.net\/fr\/wp-json\/wp\/v2\/pages\/34971","targetHints":{"allow":["GET"]}}],"collection":[{"href":"https:\/\/legacy.colt.net\/fr\/wp-json\/wp\/v2\/pages"}],"about":[{"href":"https:\/\/legacy.colt.net\/fr\/wp-json\/wp\/v2\/types\/page"}],"author":[{"embeddable":true,"href":"https:\/\/legacy.colt.net\/fr\/wp-json\/wp\/v2\/users\/2"}],"replies":[{"embeddable":true,"href":"https:\/\/legacy.colt.net\/fr\/wp-json\/wp\/v2\/comments?post=34971"}],"version-history":[{"count":0,"href":"https:\/\/legacy.colt.net\/fr\/wp-json\/wp\/v2\/pages\/34971\/revisions"}],"wp:attachment":[{"href":"https:\/\/legacy.colt.net\/fr\/wp-json\/wp\/v2\/media?parent=34971"}],"wp:term":[{"taxonomy":"colt_type","embeddable":true,"href":"https:\/\/legacy.colt.net\/fr\/wp-json\/wp\/v2\/colt_type?post=34971"},{"taxonomy":"colt_products","embeddable":true,"href":"https:\/\/legacy.colt.net\/fr\/wp-json\/wp\/v2\/colt_products?post=34971"}],"curies":[{"name":"wp","href":"https:\/\/api.w.org\/{rel}","templated":true}]}}