{"id":34872,"date":"2017-03-13T16:06:17","date_gmt":"2017-03-13T16:06:17","guid":{"rendered":"https:\/\/www.colt.net\/voice\/"},"modified":"2021-06-04T10:48:17","modified_gmt":"2021-06-04T09:48:17","slug":"voice","status":"publish","type":"page","link":"https:\/\/legacy.colt.net\/fr\/voice\/","title":{"rendered":"Voice"},"content":{"rendered":"\n<h1>\n\t\tVoix\n\t<\/h1>\n<h2>\n\t\tProduits &#038; services r\u00e9seaux\n\t<\/h2>\n\t<nav class=\"breadcrumb\"><span><span><a href=\"https:\/\/legacy.colt.net\/fr\/\">Home<\/a><\/span><\/span><\/nav>\n\t<p>Colt dispose d&#8217;un large portefeuille de lignes et de syst\u00e8mes t\u00e9l\u00e9phoniques professionnels avec une large couverture internationale d\u00e9sormais \u00e9tendue \u00e0 29 pays d&#8217;Europe, d&#8217;Asie, d&#8217;Australie et d&#8217;Am\u00e9rique du Nord.<\/p>\n\t\t\t\t<img decoding=\"async\" src=\"https:\/\/legacy.colt.net\/wp-content\/uploads\/2021\/01\/ISDN-Voice.png\" alt=\"ISDN Voice\" title=\"ISDN Voice\" itemprop=\"image\"\/>\n\t\t<h3>SIP\/ISDN services<\/h3>\t\t\t\n\t\t\t\t<p>Le portefeuille Voix de Colt propose aux op\u00e9rateurs et aux grands comptes un ensemble de services t\u00e9l\u00e9phoniques de qualit\u00e9 professionnelle.<\/p>\n\n\t\t\t\t<img decoding=\"async\" src=\"https:\/\/legacy.colt.net\/wp-content\/uploads\/2021\/01\/Intelligent-Communications.png\" alt=\"Intelligent Communications\" title=\"Intelligent Communications\" itemprop=\"image\"\/>\n\t\t<h3>Unified communications<\/h3>\t\t\t\n\t\t\t\t<p>Une solution en tant que service manag\u00e9e de bout en bout, \u00e0 la fois flexible et \u00e9volutive.<\/p>\n\n\t\t\t\t<img decoding=\"async\" src=\"https:\/\/legacy.colt.net\/wp-content\/uploads\/2021\/01\/Voice-in-your-CSP-offering-1.png\" alt=\"Voice-in-your-CSP-offering-1\" title=\"Voice-in-your-CSP-offering-1\" itemprop=\"image\"\/>\n\t\t<h3>IN Services<\/h3>\t\t\t\n\t\t\t\t<p>Colt\u00a0Intelligent Network (IN) Services is a managed portfolio of inbound voice services that provide our customer&#8217;s callers with an improved user experience, whilst maximising the performance of the customer&#8217;s call centre.<\/p>\n\n\t\t\t\t<img decoding=\"async\" src=\"https:\/\/legacy.colt.net\/wp-content\/uploads\/2021\/01\/Voice.png\" alt=\"Voice\" title=\"Voice\" itemprop=\"image\"\/>\n\t\t<h3>Service provider solutions<\/h3>\t\t\t\n\t\t\t\t<p>Avec ces services Voix aux fonctionnalit\u00e9s compl\u00e8tes, les revendeurs peuvent partir rapidement \u00e0 la conqu\u00eate de nouveaux march\u00e9s sous leur propre marque, moyennant un investissement minimum.<\/p>\n\n\n","protected":false},"excerpt":{"rendered":"<p>Voix Produits &#038; services r\u00e9seaux Colt dispose d&#8217;un large portefeuille de lignes et de syst\u00e8mes t\u00e9l\u00e9phoniques professionnels avec une large couverture internationale d\u00e9sormais \u00e9tendue \u00e0 29 pays d&#8217;Europe, d&#8217;Asie, d&#8217;Australie et d&#8217;Am\u00e9rique du Nord. SIP\/ISDN services Le portefeuille Voix de Colt propose aux op\u00e9rateurs et aux grands comptes un ensemble de services t\u00e9l\u00e9phoniques de qualit\u00e9&#8230;<\/p>\n","protected":false},"author":2,"featured_media":0,"parent":0,"menu_order":0,"comment_status":"closed","ping_status":"closed","template":"","meta":{"_acf_changed":false,"footnotes":""},"colt_type":[],"colt_products":[1492],"class_list":["post-34872","page","type-page","status-publish","hentry","colt_products-voice"],"acf":[],"yoast_head":"<!-- This site is optimized with the Yoast SEO plugin v26.8 - https:\/\/yoast.com\/product\/yoast-seo-wordpress\/ -->\n<title>Services Voix | SIP Trunking, RNIS, IN, Solutions en marque blance<\/title>\n<meta name=\"description\" content=\"Le portefeuille Voix de Coltpropose aux op\u00e9rateurs et auxgrands comptes un ensemble deservices t\u00e9l\u00e9phoniques de qualit\u00e9professionnelle.\" \/>\n<meta name=\"robots\" content=\"noindex, follow, max-snippet:-1, max-image-preview:large, max-video-preview:-1\" \/>\n<meta property=\"og:locale\" content=\"fr_FR\" \/>\n<meta property=\"og:type\" content=\"article\" \/>\n<meta property=\"og:title\" content=\"Services Voix | SIP Trunking, RNIS, IN, Solutions en marque blance\" \/>\n<meta property=\"og:description\" content=\"Le portefeuille Voix de Coltpropose aux op\u00e9rateurs et auxgrands comptes un ensemble deservices t\u00e9l\u00e9phoniques de qualit\u00e9professionnelle.\" \/>\n<meta property=\"og:url\" content=\"https:\/\/legacy.colt.net\/fr\/voice\/\" \/>\n<meta property=\"og:site_name\" content=\"Colt Technology Services\" \/>\n<meta property=\"article:publisher\" content=\"https:\/\/www.facebook.com\/ColtTechnologyServices\/\" \/>\n<meta property=\"article:modified_time\" content=\"2021-06-04T09:48:17+00:00\" \/>\n<meta property=\"og:image\" content=\"https:\/\/legacy.colt.net\/wp-content\/uploads\/2021\/01\/Brand-2021-Stock-30.jpg\" \/>\n\t<meta property=\"og:image:width\" content=\"1000\" \/>\n\t<meta property=\"og:image:height\" content=\"667\" \/>\n\t<meta property=\"og:image:type\" content=\"image\/jpeg\" \/>\n<meta name=\"twitter:card\" content=\"summary_large_image\" \/>\n<meta name=\"twitter:site\" content=\"@colt_technology\" \/>\n<meta name=\"twitter:label1\" content=\"Est. reading time\" \/>\n\t<meta name=\"twitter:data1\" content=\"1 minute\" \/>\n<script type=\"application\/ld+json\" class=\"yoast-schema-graph\">{\"@context\":\"https:\/\/schema.org\",\"@graph\":[{\"@type\":\"WebPage\",\"@id\":\"https:\/\/legacy.colt.net\/fr\/voice\/\",\"url\":\"https:\/\/legacy.colt.net\/fr\/voice\/\",\"name\":\"Services Voix | SIP Trunking, RNIS, IN, Solutions en marque blance\",\"isPartOf\":{\"@id\":\"https:\/\/legacy.colt.net\/#website\"},\"primaryImageOfPage\":{\"@id\":\"https:\/\/legacy.colt.net\/fr\/voice\/#primaryimage\"},\"image\":{\"@id\":\"https:\/\/legacy.colt.net\/fr\/voice\/#primaryimage\"},\"thumbnailUrl\":\"https:\/\/legacy.colt.net\/wp-content\/uploads\/2021\/01\/ISDN-Voice.png\",\"datePublished\":\"2017-03-13T16:06:17+00:00\",\"dateModified\":\"2021-06-04T09:48:17+00:00\",\"description\":\"Le portefeuille Voix de Coltpropose aux op\u00e9rateurs et auxgrands comptes un ensemble deservices t\u00e9l\u00e9phoniques de qualit\u00e9professionnelle.\",\"breadcrumb\":{\"@id\":\"https:\/\/legacy.colt.net\/fr\/voice\/#breadcrumb\"},\"inLanguage\":\"fr-FR\",\"potentialAction\":[{\"@type\":\"ReadAction\",\"target\":[\"https:\/\/legacy.colt.net\/fr\/voice\/\"]}]},{\"@type\":\"ImageObject\",\"inLanguage\":\"fr-FR\",\"@id\":\"https:\/\/legacy.colt.net\/fr\/voice\/#primaryimage\",\"url\":\"https:\/\/legacy.colt.net\/wp-content\/uploads\/2021\/01\/ISDN-Voice.png\",\"contentUrl\":\"https:\/\/legacy.colt.net\/wp-content\/uploads\/2021\/01\/ISDN-Voice.png\"},{\"@type\":\"BreadcrumbList\",\"@id\":\"https:\/\/legacy.colt.net\/fr\/voice\/#breadcrumb\",\"itemListElement\":[{\"@type\":\"ListItem\",\"position\":1,\"name\":\"Home\",\"item\":\"https:\/\/legacy.colt.net\/fr\/\"},{\"@type\":\"ListItem\",\"position\":2,\"name\":\"Voice\"}]},{\"@type\":\"WebSite\",\"@id\":\"https:\/\/legacy.colt.net\/#website\",\"url\":\"https:\/\/legacy.colt.net\/\",\"name\":\"Colt\u30c6\u30af\u30ce\u30ed\u30b8\u30fc\u30b5\u30fc\u30d3\u30b9\u682a\u5f0f\u4f1a\u793e\",\"description\":\"Managed Network &amp; Voice Services Provider\",\"publisher\":{\"@id\":\"https:\/\/legacy.colt.net\/#organization\"},\"potentialAction\":[{\"@type\":\"SearchAction\",\"target\":{\"@type\":\"EntryPoint\",\"urlTemplate\":\"https:\/\/legacy.colt.net\/?s={search_term_string}\"},\"query-input\":{\"@type\":\"PropertyValueSpecification\",\"valueRequired\":true,\"valueName\":\"search_term_string\"}}],\"inLanguage\":\"fr-FR\"},{\"@type\":\"Organization\",\"@id\":\"https:\/\/legacy.colt.net\/#organization\",\"name\":\"Colt Technology Services\",\"url\":\"https:\/\/legacy.colt.net\/\",\"logo\":{\"@type\":\"ImageObject\",\"inLanguage\":\"fr-FR\",\"@id\":\"https:\/\/legacy.colt.net\/#\/schema\/logo\/image\/\",\"url\":\"https:\/\/legacy.colt.net\/wp-content\/uploads\/2019\/02\/Colt-Logo.png\",\"contentUrl\":\"https:\/\/legacy.colt.net\/wp-content\/uploads\/2019\/02\/Colt-Logo.png\",\"width\":195,\"height\":77,\"caption\":\"Colt Technology Services\"},\"image\":{\"@id\":\"https:\/\/legacy.colt.net\/#\/schema\/logo\/image\/\"},\"sameAs\":[\"https:\/\/www.facebook.com\/ColtTechnologyServices\/\",\"https:\/\/x.com\/colt_technology\",\"https:\/\/www.instagram.com\/colttechnologyservices\/\",\"https:\/\/www.linkedin.com\/company\/colt-technology-services\",\"https:\/\/www.youtube.com\/user\/ColtTechnology\"]}]}<\/script>\n<!-- \/ Yoast SEO plugin. -->","yoast_head_json":{"title":"Services Voix | SIP Trunking, RNIS, IN, Solutions en marque blance","description":"Le portefeuille Voix de Coltpropose aux op\u00e9rateurs et auxgrands comptes un ensemble deservices t\u00e9l\u00e9phoniques de qualit\u00e9professionnelle.","robots":{"index":"noindex","follow":"follow","max-snippet":"max-snippet:-1","max-image-preview":"max-image-preview:large","max-video-preview":"max-video-preview:-1"},"og_locale":"fr_FR","og_type":"article","og_title":"Services Voix | SIP Trunking, RNIS, IN, Solutions en marque blance","og_description":"Le portefeuille Voix de Coltpropose aux op\u00e9rateurs et auxgrands comptes un ensemble deservices t\u00e9l\u00e9phoniques de qualit\u00e9professionnelle.","og_url":"https:\/\/legacy.colt.net\/fr\/voice\/","og_site_name":"Colt Technology Services","article_publisher":"https:\/\/www.facebook.com\/ColtTechnologyServices\/","article_modified_time":"2021-06-04T09:48:17+00:00","og_image":[{"width":1000,"height":667,"url":"https:\/\/legacy.colt.net\/wp-content\/uploads\/2021\/01\/Brand-2021-Stock-30.jpg","type":"image\/jpeg"}],"twitter_card":"summary_large_image","twitter_site":"@colt_technology","twitter_misc":{"Est. reading time":"1 minute"},"schema":{"@context":"https:\/\/schema.org","@graph":[{"@type":"WebPage","@id":"https:\/\/legacy.colt.net\/fr\/voice\/","url":"https:\/\/legacy.colt.net\/fr\/voice\/","name":"Services Voix | SIP Trunking, RNIS, IN, Solutions en marque blance","isPartOf":{"@id":"https:\/\/legacy.colt.net\/#website"},"primaryImageOfPage":{"@id":"https:\/\/legacy.colt.net\/fr\/voice\/#primaryimage"},"image":{"@id":"https:\/\/legacy.colt.net\/fr\/voice\/#primaryimage"},"thumbnailUrl":"https:\/\/legacy.colt.net\/wp-content\/uploads\/2021\/01\/ISDN-Voice.png","datePublished":"2017-03-13T16:06:17+00:00","dateModified":"2021-06-04T09:48:17+00:00","description":"Le portefeuille Voix de Coltpropose aux op\u00e9rateurs et auxgrands comptes un ensemble deservices t\u00e9l\u00e9phoniques de qualit\u00e9professionnelle.","breadcrumb":{"@id":"https:\/\/legacy.colt.net\/fr\/voice\/#breadcrumb"},"inLanguage":"fr-FR","potentialAction":[{"@type":"ReadAction","target":["https:\/\/legacy.colt.net\/fr\/voice\/"]}]},{"@type":"ImageObject","inLanguage":"fr-FR","@id":"https:\/\/legacy.colt.net\/fr\/voice\/#primaryimage","url":"https:\/\/legacy.colt.net\/wp-content\/uploads\/2021\/01\/ISDN-Voice.png","contentUrl":"https:\/\/legacy.colt.net\/wp-content\/uploads\/2021\/01\/ISDN-Voice.png"},{"@type":"BreadcrumbList","@id":"https:\/\/legacy.colt.net\/fr\/voice\/#breadcrumb","itemListElement":[{"@type":"ListItem","position":1,"name":"Home","item":"https:\/\/legacy.colt.net\/fr\/"},{"@type":"ListItem","position":2,"name":"Voice"}]},{"@type":"WebSite","@id":"https:\/\/legacy.colt.net\/#website","url":"https:\/\/legacy.colt.net\/","name":"Colt\u30c6\u30af\u30ce\u30ed\u30b8\u30fc\u30b5\u30fc\u30d3\u30b9\u682a\u5f0f\u4f1a\u793e","description":"Managed Network &amp; Voice Services Provider","publisher":{"@id":"https:\/\/legacy.colt.net\/#organization"},"potentialAction":[{"@type":"SearchAction","target":{"@type":"EntryPoint","urlTemplate":"https:\/\/legacy.colt.net\/?s={search_term_string}"},"query-input":{"@type":"PropertyValueSpecification","valueRequired":true,"valueName":"search_term_string"}}],"inLanguage":"fr-FR"},{"@type":"Organization","@id":"https:\/\/legacy.colt.net\/#organization","name":"Colt Technology Services","url":"https:\/\/legacy.colt.net\/","logo":{"@type":"ImageObject","inLanguage":"fr-FR","@id":"https:\/\/legacy.colt.net\/#\/schema\/logo\/image\/","url":"https:\/\/legacy.colt.net\/wp-content\/uploads\/2019\/02\/Colt-Logo.png","contentUrl":"https:\/\/legacy.colt.net\/wp-content\/uploads\/2019\/02\/Colt-Logo.png","width":195,"height":77,"caption":"Colt Technology Services"},"image":{"@id":"https:\/\/legacy.colt.net\/#\/schema\/logo\/image\/"},"sameAs":["https:\/\/www.facebook.com\/ColtTechnologyServices\/","https:\/\/x.com\/colt_technology","https:\/\/www.instagram.com\/colttechnologyservices\/","https:\/\/www.linkedin.com\/company\/colt-technology-services","https:\/\/www.youtube.com\/user\/ColtTechnology"]}]}},"_links":{"self":[{"href":"https:\/\/legacy.colt.net\/fr\/wp-json\/wp\/v2\/pages\/34872","targetHints":{"allow":["GET"]}}],"collection":[{"href":"https:\/\/legacy.colt.net\/fr\/wp-json\/wp\/v2\/pages"}],"about":[{"href":"https:\/\/legacy.colt.net\/fr\/wp-json\/wp\/v2\/types\/page"}],"author":[{"embeddable":true,"href":"https:\/\/legacy.colt.net\/fr\/wp-json\/wp\/v2\/users\/2"}],"replies":[{"embeddable":true,"href":"https:\/\/legacy.colt.net\/fr\/wp-json\/wp\/v2\/comments?post=34872"}],"version-history":[{"count":0,"href":"https:\/\/legacy.colt.net\/fr\/wp-json\/wp\/v2\/pages\/34872\/revisions"}],"wp:attachment":[{"href":"https:\/\/legacy.colt.net\/fr\/wp-json\/wp\/v2\/media?parent=34872"}],"wp:term":[{"taxonomy":"colt_type","embeddable":true,"href":"https:\/\/legacy.colt.net\/fr\/wp-json\/wp\/v2\/colt_type?post=34872"},{"taxonomy":"colt_products","embeddable":true,"href":"https:\/\/legacy.colt.net\/fr\/wp-json\/wp\/v2\/colt_products?post=34872"}],"curies":[{"name":"wp","href":"https:\/\/api.w.org\/{rel}","templated":true}]}}