{"id":34837,"date":"2018-10-30T08:49:06","date_gmt":"2018-10-30T08:49:06","guid":{"rendered":"https:\/\/www.colt.net\/home\/"},"modified":"2025-08-13T09:08:51","modified_gmt":"2025-08-13T08:08:51","slug":"home","status":"publish","type":"page","link":"https:\/\/legacy.colt.net\/fr\/","title":{"rendered":"Home FR"},"content":{"rendered":"\n<h2>\n\t\t\tRapport sur l&#8217;infrastructure num\u00e9rique 2024\t<\/h2>\n<h2>\n\t\t\tLe parcours du DSI vers un avenir meilleur\t<\/h2>\n\t<p>Dans l&#8217;\u00e9dition 2024 de son \u00e9tude sur l&#8217;infrastructure num\u00e9rique, Colt se penche sur le lien entre l&#8217;infrastructure num\u00e9rique et l&#8217;impact environnemental et la gouvernance.<\/p>\n\t\t\t<a href=\"https:\/\/legacy.colt.net\/fr\/go\/digital-infrastructure-report-2024\/\" target=\"_blank\" rel=\"noopener\">\n\t\t\t\t\t\t\tT\u00e9l\u00e9charger le rapport\n\t\t\t\t\t<\/a>\n\t\t\t\t<img decoding=\"async\" src=\"https:\/\/legacy.colt.net\/wp-content\/uploads\/2024\/10\/GC3-FR-Cover-Image.png\" alt=\"GC3-FR-Cover-Image\" itemprop=\"image\" height=\"870\" width=\"1022\" title=\"GC3-FR-Cover-Image\" onerror=\"this.style.display='none'\" loading='lazy' \/>\n<h2>\n\t\t\tExtraordinary connections\t<\/h2>\n<h2>\n\t\t\tColt est une soci\u00e9t\u00e9 mondiale d&#8217;infrastructures num\u00e9riques offrant des connexions extraordinaires tout en se souciant r\u00e9ellement de ses clients.\t<\/h2>\n<h2>\n\t\t\tSoyez d&#8217;avantage connect\u00e9 gr\u00e2ce \u00e0 Colt. Nous proposons des solutions d&#8217;infrastructures num\u00e9riques qui vous aideront \u00e0 d\u00e9velopper votre entreprise tout en conservant la m\u00eame exp\u00e9rience client qui fait notre r\u00e9putation. \t<\/h2>\n\t\t\t<a href=\"https:\/\/legacy.colt.net\/fr\/why-colt\/\" target=\"_blank\" rel=\"noopener\">\n\t\t\t\t\t\t\tPour choisir Colt?\n\t\t\t<\/a>\n\t\t\t<h3>32k+<\/h3>\t\t\t\n\t\t\t\t<p>B\u00e2timents d&#8217;entreprise directement connect\u00e9s via notre fibre en Europe, en Asie et aux \u00c9tats-Unis.<\/p>\n\t\t\t<h3>1100+<\/h3>\t\t\t\n\t\t\t\t<p>Des centres de donn\u00e9es, des clouds et des h\u00f4tels desservants connect\u00e9s, plus que tout autre fournisseur en Europe, en Asie et aux \u00c9tats-Unis.<\/p>\n\t\t\t<h3>230+<\/h3>\t\t\t\n\t\t\t\t<p>Villes connect\u00e9es \u00e0 notre r\u00e9seau, avec 50 grands r\u00e9seaux m\u00e9tropolitains desservant le monde entier.<\/p>\n\t\t\t<h3>27k+<\/h3>\t\t\t\n\t\t\t\t<p>Les clients b\u00e9n\u00e9ficient de l&#8217;exp\u00e9rience Colt, leader du secteur, dans 40 pays \u00e0 travers le monde.<\/p>\n\t\t\t<h3>900+<\/h3>\t\t\t\n\t\t\t\t<p>Interfaces de r\u00e9seau \u00e0 r\u00e9seau avec d&#8217;autres op\u00e9rateurs, garantissant la coh\u00e9rence de notre \u00e9cosyst\u00e8me.<\/p>\n\t\t\t<h3>250+<\/h3>\t\t\t\n\t\t\t\t<p>Points de pr\u00e9sence cloud connect\u00e9s dans le monde entier avec une connectivit\u00e9 aux fournisseurs de cloud mondiaux.<\/p>\n<h2>\n\t\t\tTrouver une solution\t<\/h2>\n\t\t\t\t<img decoding=\"async\" src=\"https:\/\/legacy.colt.net\/wp-content\/uploads\/2021\/01\/Connecting-to-the-cloud-1.png\" alt=\"Connecting-to-the-cloud-1\" title=\"Connecting-to-the-cloud-1\" itemprop=\"image\"\/>\n\t\t<h3>Connexion au cloud<\/h3>\t\t\t\n\t\t\t\t<p>Activez une connectivit\u00e9 intelligente et \u00e9volutive vers le cloud, en quelques minutes.<\/p>\n\t\t\t\t<img decoding=\"async\" src=\"https:\/\/legacy.colt.net\/wp-content\/uploads\/2020\/12\/Connecting-your-enterprise-network-2.png\" alt=\"Connecting-your-enterprise-network-2\" title=\"Connecting-your-enterprise-network-2\" itemprop=\"image\"\/>\n\t\t<h3>Connectez votre r\u00e9seau d&#8217;entreprise<\/h3>\t\t\t\n\t\t\t\t<p>Favorisez votre parcours de transformation num\u00e9rique \u00e0 travers le changement.<\/p>\n\t\t\t\t<img decoding=\"async\" src=\"https:\/\/legacy.colt.net\/wp-content\/uploads\/2021\/11\/Hybrid-Workforce.png\" alt=\"Hybrid Workforce\" title=\"Hybrid Workforce\" itemprop=\"image\"\/>\n\t\t<h3>Connecter les forces de travail hybrides<\/h3>\t\t\t\n\t\t\t\t<p>Renforcez vos capacit\u00e9s r\u00e9seau pour faire face \u00e0 l&#8217;augmentation de la demande.<\/p>\n\t\t\t\t<img decoding=\"async\" src=\"https:\/\/legacy.colt.net\/wp-content\/uploads\/2021\/01\/IP-Access-On-Demand.png\" alt=\"IP Access On Demand\" title=\"IP Access On Demand\" itemprop=\"image\"\/>\n\t\t<h3>Scale bandwidth On Demand<\/h3>\t\t\t\n\t\t\t\t<p>Obtenez un contr\u00f4le en temps r\u00e9el et \u00e9volutif de la connectivit\u00e9 de votre r\u00e9seau.<\/p>\n\t\t\t\t<img decoding=\"async\" src=\"https:\/\/legacy.colt.net\/wp-content\/uploads\/2020\/12\/Building-your-network-1.png\" alt=\"Building-your-network-1\" title=\"Building-your-network-1\" itemprop=\"image\"\/>\n\t\t<h3>Cr\u00e9ez votre r\u00e9seau central<\/h3>\t\t\t\n\t\t\t\t<p>R\u00e9pondre \u00e0 la demande de connectivit\u00e9 en bande passante s\u00e9curis\u00e9e et haute performance.<\/p>\n\t\t\t\t<img decoding=\"async\" src=\"https:\/\/legacy.colt.net\/wp-content\/uploads\/2021\/01\/Managed-Firewall.png\" alt=\"Managed Firewall\" title=\"Managed Firewall\" itemprop=\"image\"\/>\n\t\t<h3>Transformez votre lieu de travail num\u00e9rique<\/h3>\t\t\t\n\t\t\t\t<p>Prot\u00e9gez vos donn\u00e9es et votre r\u00e9seau avec une cybers\u00e9curit\u00e9 de nouvelle g\u00e9n\u00e9ration.<\/p>\n\t\t\t\t<img decoding=\"async\" src=\"https:\/\/legacy.colt.net\/wp-content\/uploads\/2021\/01\/Connected-voice-services-1-e1748876774245.png\" alt=\"Connected-voice-services 1\" title=\"Connected-voice-services 1\" itemprop=\"image\"\/>\n\t\t<h3>Un outil de communication efficace pour les entreprises<\/h3>\t\t\t\n\t\t\t\t<p>Faites \u00e9voluer et d\u00e9veloppez votre infrastructure de voix et de communications unifi\u00e9es (UC).<\/p>\n\t\t\t\t<img decoding=\"async\" src=\"https:\/\/legacy.colt.net\/wp-content\/uploads\/2021\/01\/Connecting-to-financial-markets-1.png\" alt=\"Connecting-to-financial-markets-1\" title=\"Connecting-to-financial-markets-1\" itemprop=\"image\"\/>\n\t\t<h3>Connectivit\u00e9 pour les march\u00e9s de capitaux<\/h3>\t\t\t\n\t\t\t\t<p>Favorisez le succ\u00e8s du trading avec un r\u00e9seau s\u00e9curis\u00e9 \u00e0 faible latence et un \u00e9change.<\/p>\n\t\t\t\t<img decoding=\"async\" src=\"https:\/\/legacy.colt.net\/wp-content\/uploads\/2023\/10\/Service-Operations-01.png\" alt=\"Service-Operations-01\" title=\"Service-Operations-01\" itemprop=\"image\"\/>\n\t\t<h3>Services g\u00e9r\u00e9s et professionnels<\/h3>\t\t\t\n\t\t\t\t<p>Laissez Colt concevoir, int\u00e9grer et maintenir vos fonctions de mise en r\u00e9seau.<\/p>\n\t\t\t\t<img decoding=\"async\" src=\"https:\/\/legacy.colt.net\/wp-content\/uploads\/2024\/09\/CH-Image-01-1.png\" alt=\"CH-Image-01 (1)\" itemprop=\"image\" height=\"986\" width=\"944\" title=\"CH-Image-01 (1)\" onerror=\"this.style.display='none'\" loading='lazy' \/>\n<h3>\n\t\t\tQu&#8217;est-ce qui nous diff\u00e9rencie ?\t<\/h3>\n\t<p>Colt est votre guichet unique pour les services r\u00e9seau et voix, offrant un portefeuille de services harmonis\u00e9s et adapt\u00e9s \u00e0 votre entreprise :<\/p>\n\t\t\t<a href=\"https:\/\/legacy.colt.net\/fr\/why-colt\/\" target=\"_self\">\n\t\t\t\t\t\t\tPourquoi choisir Colt ?\n\t\t\t\t\t<\/a>\n\t\t\t\t\t\t\t<p>Nous savons que Colt s&#8217;efforce de donner les moyens \u00e0 ses clients d&#8217;atteindre leurs objectifs, plut\u00f4t que de se limiter aux aspects purement technologiques de tout projet. Cette philosophie une philosophie qui s&#8217;inscrit parfaitement dans l&#8217;esprit du festival [Berlinale].<\/p>\t\t\t\t\t\t\n\t\t\t\t\t\t\t\tDieter Kosslick\t\t\t\t\t\t\t\t\n\t\t\t\t\t\t\t\t\tDirecteur, Berlinale\t\t\t\t\t\t\t\t\n\t\t\t<a href=\"https:\/\/legacy.colt.net\/fr\/resources\/type\/case-studies\/\" target=\"_self\">\n\t\t\t\t\t\t\tParcourez nos \u00e9tudes de cas \n\t\t\t\t\t<\/a>\n<h2>\n\t\t\tMises \u00e0 jour r\u00e9centes\t<\/h2>\n\t\t<a href=\"https:\/\/legacy.colt.net\/fr\/resources\/facq\/\" title=\"Afficher le contenu de la bo\u00eete\" target=\"_self\"  aria-label=\"Post Element\"><\/a>\t\t\n\t\t\t\t\t\t\t\t\t\t\t\t\t\t<a href=\"https:\/\/legacy.colt.net\/fr\/resources\/facq\/\" target=\"_self\" title=\"FACQ assure le contr\u00f4le de son r\u00e9seau de 50 sites gr\u00e2ce au SD WAN hybride\">\n\t\t\t\t<img decoding=\"async\" src=\"https:\/\/legacy.colt.net\/wp-content\/uploads\/2024\/09\/Logo-1-e1726581295366.png\" alt=\"\" \/>\n\t\t\t\t<\/a>\n\t\t\t\t\t\t<h3>\n\t\t\t\t<a href=https:\/\/legacy.colt.net\/fr\/resources\/facq\/ title=\"FACQ assure le contr\u00f4le de son r\u00e9seau de 50 sites gr\u00e2ce au SD WAN hybride\" tabindex=\"0\">FACQ assure le contr\u00f4le de son r\u00e9seau de 50 sites gr\u00e2ce au SD WAN hybride<\/a>\t\t\t<\/h3>\n\t\t\t\t\t\t\t<h5>\n\t\t\tJuly 22, 2025\t\t\t\n\t\t\t\t\t\t\t<\/h5>\n\t\t<a href=\"https:\/\/legacy.colt.net\/fr\/resources\/colt-devoile-son-dernier-rapport-sur-ses-avancees-dans-son-programme-de-developpement-durable\/\" title=\"Afficher le contenu de la bo\u00eete\" target=\"_self\"  aria-label=\"Post Element\"><\/a>\t\t\n\t\t\t\t\t\t\t\t\t\t\t\t\t\t<a href=\"https:\/\/legacy.colt.net\/fr\/resources\/colt-devoile-son-dernier-rapport-sur-ses-avancees-dans-son-programme-de-developpement-durable\/\" target=\"_self\" title=\"Colt d\u00e9voile son dernier rapport sur ses avanc\u00e9es dans son programme de d\u00e9veloppement durable\">\n\t\t\t\t<img decoding=\"async\" src=\"https:\/\/legacy.colt.net\/wp-content\/uploads\/2021\/01\/Brand-2021-Stock-5-720x450.jpg\" alt=\"\" \/>\n\t\t\t\t<\/a>\n\t\t\t\t\t\t<h3>\n\t\t\t\t<a href=https:\/\/legacy.colt.net\/fr\/resources\/colt-devoile-son-dernier-rapport-sur-ses-avancees-dans-son-programme-de-developpement-durable\/ title=\"Colt d\u00e9voile son dernier rapport sur ses avanc\u00e9es dans son programme de d\u00e9veloppement durable\" tabindex=\"0\">Colt d\u00e9voile son dernier rapport sur ses avanc\u00e9es dans son programme de d\u00e9veloppement durable<\/a>\t\t\t<\/h3>\n\t\t\t\t\t\t\t<h5>\n\t\t\tJune 26, 2025\t\t\t\n\t\t\t\t\t\t\t<\/h5>\n\t\t<a href=\"https:\/\/legacy.colt.net\/fr\/resources\/colt-honeywell-et-nokia-sassocient-pour-tester-la-cryptographie-quantique-securisee-par-satellite\/\" title=\"Afficher le contenu de la bo\u00eete\" target=\"_self\"  aria-label=\"Post Element\"><\/a>\t\t\n\t\t\t\t\t\t\t\t\t\t\t\t\t\t<a href=\"https:\/\/legacy.colt.net\/fr\/resources\/colt-honeywell-et-nokia-sassocient-pour-tester-la-cryptographie-quantique-securisee-par-satellite\/\" target=\"_self\" title=\"Colt, Honeywell et Nokia s&#8217;associent pour tester la cryptographie quantique s\u00e9curis\u00e9e par satellite\">\n\t\t\t\t<img decoding=\"async\" src=\"https:\/\/legacy.colt.net\/wp-content\/uploads\/2021\/01\/Brand-2021-Stock-23-720x450.jpg\" alt=\"\" \/>\n\t\t\t\t<\/a>\n\t\t\t\t\t\t<h3>\n\t\t\t\t<a href=https:\/\/legacy.colt.net\/fr\/resources\/colt-honeywell-et-nokia-sassocient-pour-tester-la-cryptographie-quantique-securisee-par-satellite\/ title=\"Colt, Honeywell et Nokia s&#8217;associent pour tester la cryptographie quantique s\u00e9curis\u00e9e par satellite\" tabindex=\"0\">Colt, Honeywell et Nokia s&#8217;associent pour tester la cryptographie quantique s\u00e9curis\u00e9e par satellite<\/a>\t\t\t<\/h3>\n\t\t\t\t\t\t\t<h5>\n\t\t\tJune 5, 2025\t\t\t\n\t\t\t\t\t\t\t<\/h5>\n\n","protected":false},"excerpt":{"rendered":"<p>Rapport sur l&#8217;infrastructure num\u00e9rique 2024 Le parcours du DSI vers un avenir meilleur Dans l&#8217;\u00e9dition 2024 de son \u00e9tude sur l&#8217;infrastructure num\u00e9rique, Colt se penche sur le lien entre l&#8217;infrastructure num\u00e9rique et l&#8217;impact environnemental et la gouvernance. T\u00e9l\u00e9charger le rapport Extraordinary connections Colt est une soci\u00e9t\u00e9 mondiale d&#8217;infrastructures num\u00e9riques offrant des connexions extraordinaires tout en&#8230;<\/p>\n","protected":false},"author":143,"featured_media":109365,"parent":0,"menu_order":0,"comment_status":"closed","ping_status":"closed","template":"","meta":{"_acf_changed":false,"footnotes":""},"colt_type":[],"colt_products":[],"class_list":["post-34837","page","type-page","status-publish","has-post-thumbnail","hentry"],"acf":[],"yoast_head":"<!-- This site is optimized with the Yoast SEO plugin v26.8 - https:\/\/yoast.com\/product\/yoast-seo-wordpress\/ -->\n<title>Colt Technology Services | Solutions r\u00e9seau, fournisseur de r\u00e9seau<\/title>\n<meta name=\"description\" content=\"Venez d\u00e9couvrir les solutions r\u00e9seaux de Colt. Un fournisseur de r\u00e9seau qui propose des services avec une connectivit\u00e9 tr\u00e8s haut d\u00e9bit, \u00e0 travers l&#039;Europe, l&#039;Asie et l&#039;Am\u00e9rique du Nord.\" \/>\n<meta name=\"robots\" content=\"noindex, follow, max-snippet:-1, max-image-preview:large, max-video-preview:-1\" \/>\n<meta property=\"og:locale\" content=\"fr_FR\" \/>\n<meta property=\"og:type\" content=\"article\" \/>\n<meta property=\"og:title\" content=\"Colt Technology Services | Solutions r\u00e9seau, fournisseur de r\u00e9seau\" \/>\n<meta property=\"og:description\" content=\"Venez d\u00e9couvrir les solutions r\u00e9seaux de Colt. Un fournisseur de r\u00e9seau qui propose des services avec une connectivit\u00e9 tr\u00e8s haut d\u00e9bit, \u00e0 travers l&#039;Europe, l&#039;Asie et l&#039;Am\u00e9rique du Nord.\" \/>\n<meta property=\"og:url\" content=\"https:\/\/legacy.colt.net\/fr\/\" \/>\n<meta property=\"og:site_name\" content=\"Colt Technology Services\" \/>\n<meta property=\"article:publisher\" content=\"https:\/\/www.facebook.com\/ColtTechnologyServices\/\" \/>\n<meta property=\"article:modified_time\" content=\"2025-08-13T08:08:51+00:00\" \/>\n<meta property=\"og:image\" content=\"https:\/\/legacy.colt.net\/wp-content\/uploads\/2022\/02\/colt-circular-logo.png\" \/>\n\t<meta property=\"og:image:width\" content=\"1181\" \/>\n\t<meta property=\"og:image:height\" content=\"1181\" \/>\n\t<meta property=\"og:image:type\" content=\"image\/png\" \/>\n<meta name=\"twitter:card\" content=\"summary_large_image\" \/>\n<meta name=\"twitter:image\" content=\"https:\/\/legacy.colt.net\/wp-content\/uploads\/2022\/02\/colt-circular-logo.png\" \/>\n<meta name=\"twitter:site\" content=\"@colt_technology\" \/>\n<meta name=\"twitter:label1\" content=\"Est. reading time\" \/>\n\t<meta name=\"twitter:data1\" content=\"6 minutes\" \/>\n<script type=\"application\/ld+json\" class=\"yoast-schema-graph\">{\"@context\":\"https:\/\/schema.org\",\"@graph\":[{\"@type\":\"WebPage\",\"@id\":\"https:\/\/legacy.colt.net\/fr\/\",\"url\":\"https:\/\/legacy.colt.net\/fr\/\",\"name\":\"Colt Technology Services | Solutions r\u00e9seau, fournisseur de r\u00e9seau\",\"isPartOf\":{\"@id\":\"https:\/\/legacy.colt.net\/#website\"},\"primaryImageOfPage\":{\"@id\":\"https:\/\/legacy.colt.net\/fr\/#primaryimage\"},\"image\":{\"@id\":\"https:\/\/legacy.colt.net\/fr\/#primaryimage\"},\"thumbnailUrl\":\"https:\/\/legacy.colt.net\/wp-content\/uploads\/2022\/02\/colt-circular-logo.png\",\"datePublished\":\"2018-10-30T08:49:06+00:00\",\"dateModified\":\"2025-08-13T08:08:51+00:00\",\"description\":\"Venez d\u00e9couvrir les solutions r\u00e9seaux de Colt. Un fournisseur de r\u00e9seau qui propose des services avec une connectivit\u00e9 tr\u00e8s haut d\u00e9bit, \u00e0 travers l'Europe, l'Asie et l'Am\u00e9rique du Nord.\",\"breadcrumb\":{\"@id\":\"https:\/\/legacy.colt.net\/fr\/#breadcrumb\"},\"inLanguage\":\"fr-FR\",\"potentialAction\":[{\"@type\":\"ReadAction\",\"target\":[\"https:\/\/legacy.colt.net\/fr\/\"]}]},{\"@type\":\"ImageObject\",\"inLanguage\":\"fr-FR\",\"@id\":\"https:\/\/legacy.colt.net\/fr\/#primaryimage\",\"url\":\"https:\/\/legacy.colt.net\/wp-content\/uploads\/2022\/02\/colt-circular-logo.png\",\"contentUrl\":\"https:\/\/legacy.colt.net\/wp-content\/uploads\/2022\/02\/colt-circular-logo.png\",\"width\":1181,\"height\":1181},{\"@type\":\"BreadcrumbList\",\"@id\":\"https:\/\/legacy.colt.net\/fr\/#breadcrumb\",\"itemListElement\":[{\"@type\":\"ListItem\",\"position\":1,\"name\":\"Home\",\"item\":\"https:\/\/legacy.colt.net\/fr\/\"},{\"@type\":\"ListItem\",\"position\":2,\"name\":\"Home FR\"}]},{\"@type\":\"WebSite\",\"@id\":\"https:\/\/legacy.colt.net\/#website\",\"url\":\"https:\/\/legacy.colt.net\/\",\"name\":\"Colt\u30c6\u30af\u30ce\u30ed\u30b8\u30fc\u30b5\u30fc\u30d3\u30b9\u682a\u5f0f\u4f1a\u793e\",\"description\":\"Managed Network &amp; Voice Services Provider\",\"publisher\":{\"@id\":\"https:\/\/legacy.colt.net\/#organization\"},\"potentialAction\":[{\"@type\":\"SearchAction\",\"target\":{\"@type\":\"EntryPoint\",\"urlTemplate\":\"https:\/\/legacy.colt.net\/?s={search_term_string}\"},\"query-input\":{\"@type\":\"PropertyValueSpecification\",\"valueRequired\":true,\"valueName\":\"search_term_string\"}}],\"inLanguage\":\"fr-FR\"},{\"@type\":\"Organization\",\"@id\":\"https:\/\/legacy.colt.net\/#organization\",\"name\":\"Colt Technology Services\",\"url\":\"https:\/\/legacy.colt.net\/\",\"logo\":{\"@type\":\"ImageObject\",\"inLanguage\":\"fr-FR\",\"@id\":\"https:\/\/legacy.colt.net\/#\/schema\/logo\/image\/\",\"url\":\"https:\/\/legacy.colt.net\/wp-content\/uploads\/2019\/02\/Colt-Logo.png\",\"contentUrl\":\"https:\/\/legacy.colt.net\/wp-content\/uploads\/2019\/02\/Colt-Logo.png\",\"width\":195,\"height\":77,\"caption\":\"Colt Technology Services\"},\"image\":{\"@id\":\"https:\/\/legacy.colt.net\/#\/schema\/logo\/image\/\"},\"sameAs\":[\"https:\/\/www.facebook.com\/ColtTechnologyServices\/\",\"https:\/\/x.com\/colt_technology\",\"https:\/\/www.instagram.com\/colttechnologyservices\/\",\"https:\/\/www.linkedin.com\/company\/colt-technology-services\",\"https:\/\/www.youtube.com\/user\/ColtTechnology\"]}]}<\/script>\n<!-- \/ Yoast SEO plugin. -->","yoast_head_json":{"title":"Colt Technology Services | Solutions r\u00e9seau, fournisseur de r\u00e9seau","description":"Venez d\u00e9couvrir les solutions r\u00e9seaux de Colt. Un fournisseur de r\u00e9seau qui propose des services avec une connectivit\u00e9 tr\u00e8s haut d\u00e9bit, \u00e0 travers l'Europe, l'Asie et l'Am\u00e9rique du Nord.","robots":{"index":"noindex","follow":"follow","max-snippet":"max-snippet:-1","max-image-preview":"max-image-preview:large","max-video-preview":"max-video-preview:-1"},"og_locale":"fr_FR","og_type":"article","og_title":"Colt Technology Services | Solutions r\u00e9seau, fournisseur de r\u00e9seau","og_description":"Venez d\u00e9couvrir les solutions r\u00e9seaux de Colt. Un fournisseur de r\u00e9seau qui propose des services avec une connectivit\u00e9 tr\u00e8s haut d\u00e9bit, \u00e0 travers l'Europe, l'Asie et l'Am\u00e9rique du Nord.","og_url":"https:\/\/legacy.colt.net\/fr\/","og_site_name":"Colt Technology Services","article_publisher":"https:\/\/www.facebook.com\/ColtTechnologyServices\/","article_modified_time":"2025-08-13T08:08:51+00:00","og_image":[{"width":1181,"height":1181,"url":"https:\/\/legacy.colt.net\/wp-content\/uploads\/2022\/02\/colt-circular-logo.png","type":"image\/png"}],"twitter_card":"summary_large_image","twitter_image":"https:\/\/legacy.colt.net\/wp-content\/uploads\/2022\/02\/colt-circular-logo.png","twitter_site":"@colt_technology","twitter_misc":{"Est. reading time":"6 minutes"},"schema":{"@context":"https:\/\/schema.org","@graph":[{"@type":"WebPage","@id":"https:\/\/legacy.colt.net\/fr\/","url":"https:\/\/legacy.colt.net\/fr\/","name":"Colt Technology Services | Solutions r\u00e9seau, fournisseur de r\u00e9seau","isPartOf":{"@id":"https:\/\/legacy.colt.net\/#website"},"primaryImageOfPage":{"@id":"https:\/\/legacy.colt.net\/fr\/#primaryimage"},"image":{"@id":"https:\/\/legacy.colt.net\/fr\/#primaryimage"},"thumbnailUrl":"https:\/\/legacy.colt.net\/wp-content\/uploads\/2022\/02\/colt-circular-logo.png","datePublished":"2018-10-30T08:49:06+00:00","dateModified":"2025-08-13T08:08:51+00:00","description":"Venez d\u00e9couvrir les solutions r\u00e9seaux de Colt. Un fournisseur de r\u00e9seau qui propose des services avec une connectivit\u00e9 tr\u00e8s haut d\u00e9bit, \u00e0 travers l'Europe, l'Asie et l'Am\u00e9rique du Nord.","breadcrumb":{"@id":"https:\/\/legacy.colt.net\/fr\/#breadcrumb"},"inLanguage":"fr-FR","potentialAction":[{"@type":"ReadAction","target":["https:\/\/legacy.colt.net\/fr\/"]}]},{"@type":"ImageObject","inLanguage":"fr-FR","@id":"https:\/\/legacy.colt.net\/fr\/#primaryimage","url":"https:\/\/legacy.colt.net\/wp-content\/uploads\/2022\/02\/colt-circular-logo.png","contentUrl":"https:\/\/legacy.colt.net\/wp-content\/uploads\/2022\/02\/colt-circular-logo.png","width":1181,"height":1181},{"@type":"BreadcrumbList","@id":"https:\/\/legacy.colt.net\/fr\/#breadcrumb","itemListElement":[{"@type":"ListItem","position":1,"name":"Home","item":"https:\/\/legacy.colt.net\/fr\/"},{"@type":"ListItem","position":2,"name":"Home FR"}]},{"@type":"WebSite","@id":"https:\/\/legacy.colt.net\/#website","url":"https:\/\/legacy.colt.net\/","name":"Colt\u30c6\u30af\u30ce\u30ed\u30b8\u30fc\u30b5\u30fc\u30d3\u30b9\u682a\u5f0f\u4f1a\u793e","description":"Managed Network &amp; Voice Services Provider","publisher":{"@id":"https:\/\/legacy.colt.net\/#organization"},"potentialAction":[{"@type":"SearchAction","target":{"@type":"EntryPoint","urlTemplate":"https:\/\/legacy.colt.net\/?s={search_term_string}"},"query-input":{"@type":"PropertyValueSpecification","valueRequired":true,"valueName":"search_term_string"}}],"inLanguage":"fr-FR"},{"@type":"Organization","@id":"https:\/\/legacy.colt.net\/#organization","name":"Colt Technology Services","url":"https:\/\/legacy.colt.net\/","logo":{"@type":"ImageObject","inLanguage":"fr-FR","@id":"https:\/\/legacy.colt.net\/#\/schema\/logo\/image\/","url":"https:\/\/legacy.colt.net\/wp-content\/uploads\/2019\/02\/Colt-Logo.png","contentUrl":"https:\/\/legacy.colt.net\/wp-content\/uploads\/2019\/02\/Colt-Logo.png","width":195,"height":77,"caption":"Colt Technology Services"},"image":{"@id":"https:\/\/legacy.colt.net\/#\/schema\/logo\/image\/"},"sameAs":["https:\/\/www.facebook.com\/ColtTechnologyServices\/","https:\/\/x.com\/colt_technology","https:\/\/www.instagram.com\/colttechnologyservices\/","https:\/\/www.linkedin.com\/company\/colt-technology-services","https:\/\/www.youtube.com\/user\/ColtTechnology"]}]}},"_links":{"self":[{"href":"https:\/\/legacy.colt.net\/fr\/wp-json\/wp\/v2\/pages\/34837","targetHints":{"allow":["GET"]}}],"collection":[{"href":"https:\/\/legacy.colt.net\/fr\/wp-json\/wp\/v2\/pages"}],"about":[{"href":"https:\/\/legacy.colt.net\/fr\/wp-json\/wp\/v2\/types\/page"}],"author":[{"embeddable":true,"href":"https:\/\/legacy.colt.net\/fr\/wp-json\/wp\/v2\/users\/143"}],"replies":[{"embeddable":true,"href":"https:\/\/legacy.colt.net\/fr\/wp-json\/wp\/v2\/comments?post=34837"}],"version-history":[{"count":0,"href":"https:\/\/legacy.colt.net\/fr\/wp-json\/wp\/v2\/pages\/34837\/revisions"}],"wp:featuredmedia":[{"embeddable":true,"href":"https:\/\/legacy.colt.net\/fr\/wp-json\/wp\/v2\/media\/109365"}],"wp:attachment":[{"href":"https:\/\/legacy.colt.net\/fr\/wp-json\/wp\/v2\/media?parent=34837"}],"wp:term":[{"taxonomy":"colt_type","embeddable":true,"href":"https:\/\/legacy.colt.net\/fr\/wp-json\/wp\/v2\/colt_type?post=34837"},{"taxonomy":"colt_products","embeddable":true,"href":"https:\/\/legacy.colt.net\/fr\/wp-json\/wp\/v2\/colt_products?post=34837"}],"curies":[{"name":"wp","href":"https:\/\/api.w.org\/{rel}","templated":true}]}}