{"id":34778,"date":"2017-03-23T14:48:44","date_gmt":"2017-03-23T14:48:44","guid":{"rendered":"https:\/\/www.colt.net\/facts-figures\/"},"modified":"2023-12-12T16:33:25","modified_gmt":"2023-12-12T16:33:25","slug":"facts-figures","status":"publish","type":"page","link":"https:\/\/legacy.colt.net\/fr\/facts-figures\/","title":{"rendered":"Quelques chiffres"},"content":{"rendered":"\n<h1>\n\t\tNos informations et nos chiffres\n\t<\/h1>\n\t<nav class=\"breadcrumb\"><span><span><a href=\"https:\/\/legacy.colt.net\/fr\/\">Home<\/a><\/span><\/span><\/nav>\n\t\t\t\t<img loading=\"lazy\" decoding=\"async\" src=\"https:\/\/legacy.colt.net\/wp-content\/uploads\/2023\/10\/Map-Colt-Connected-Cities-23-Nov-1.png\" alt=\"Map---Colt-Connected-Cities-23-Nov-1\" itemprop=\"image\" height=\"1555\" width=\"2634\" title=\"Map---Colt-Connected-Cities-23-Nov-1\" onerror=\"this.style.display='none'\"  \/>\n\t\t<!-- Comment to fix spacing issue\n\t-->\n\t\t<h1>0k+<\/h1>clients\n\t<!-- Comment to fix spacing issue\n\t-->\t\n\t\t<!-- Comment to fix spacing issue\n\t-->\n\t\t<h1>0k+<\/h1>Colties\n\t<!-- Comment to fix spacing issue\n\t-->\t\n\t\t<!-- Comment to fix spacing issue\n\t-->\n\t\t<h1>0<\/h1>ann\u00e9es d&#8217;exp\u00e9rience\n\t<!-- Comment to fix spacing issue\n\t-->\t\n\t\t<!-- Comment to fix spacing issue\n\t-->\n\t\t<h1>0+<\/h1>villes connect\u00e9es\n\t<!-- Comment to fix spacing issue\n\t-->\t\n<h2>\n\t\tUn impact positif\n\t<\/h2>\n\t<p>Nous sommes Colt, l&#8217;entreprise mondiale d&#8217;infrastructure num\u00e9rique qui \u00e9tablit des connexions hors du commun en y apportant une attention inestimable. Partout dans le monde, nous r\u00e9unissons des personnes remarquables, des r\u00e9seaux intelligents et des partenaires qui partagent nos valeurs pour cr\u00e9er des solutions qui mettent la puissance de l&#8217;univers num\u00e9rique entre les mains de nos clients. Colt\u00a0IQ propose une infrastructure num\u00e9rique adapt\u00e9e \u00e0 vos exigences et permet d&#8217;offrir tous les services n\u00e9cessaires au bon fonctionnement de votre entreprise.<\/p>\n\t<p>Nous voulons \u00eatre choisis par les plus grandes entreprises du monde, et nous y parvenons en proposant une exp\u00e9rience extraordinaire \u00e0 nos clients. Celle-ci est d\u00e9j\u00e0 \u00e0 la pointe du secteur, et nous aspirons \u00e0 aller encore plus loin.<\/p>\n<p>C&#8217;est ainsi que nous parvenons \u00e0 cr\u00e9er des liens extraordinaires avec nos clients, nos partenaires, nos collaborateurs et notre plan\u00e8te.<\/p>\n<h2>\n\t\tL&#8217;\u00e9tendue de notre r\u00e9seau\n\t<\/h2>\n\t<p>La carte de couverture de notre r\u00e9seau de fibre optique r\u00e9v\u00e8le un r\u00e9seau de pointe, en pleine expansion, qui relie de mani\u00e8re parfaitement fluide plus de 32 000 b\u00e2timents et plus de 1 100 datacentres bas\u00e9s dans 40+ pays.<\/p>\n<p>Des entreprises de toutes tailles, op\u00e9rant dans des secteurs d&#8217;activit\u00e9 divers, b\u00e9n\u00e9ficient de services data et vocaux qui s&#8217;appuient sur l&#8217;excellence des performances, des temps de latence et des niveaux de s\u00e9curit\u00e9 propos\u00e9s par notre r\u00e9seau.<\/p>\n\t\t\t<a href=\"https:\/\/legacy.colt.net\/fr\/connect\/\" target=\"_blank\" role=\"button\" rel=\"noopener\">\n\t\t\t\t\t\t\tV\u00e9rifier ma connectivit\u00e9\n\t\t\t\t\t<\/a>\n\n<h3>\n\t\tNotre r\u00e9seau IQ couvre\u00a0:\n\t<\/h3>\n\t\t<!-- Comment to fix spacing issue\n\t-->\n\t\t<h1>0+<\/h1>b\u00e2timents avec des connexions directes par fibre\n\t<!-- Comment to fix spacing issue\n\t-->\t\n\t\t<!-- Comment to fix spacing issue\n\t-->\n\t\t<h1>0+<\/h1>villes connect\u00e9es\n\t<!-- Comment to fix spacing issue\n\t-->\t\n\t\t<!-- Comment to fix spacing issue\n\t-->\n\t\t<h1>0+<\/h1>r\u00e9seaux m\u00e9tropolitains\n\t<!-- Comment to fix spacing issue\n\t-->\t\n\t\t<!-- Comment to fix spacing issue\n\t-->\n\t\t<h1>0+<\/h1>datacentres\n\t<!-- Comment to fix spacing issue\n\t-->\t\n\t\t<!-- Comment to fix spacing issue\n\t-->\n\t\t<h1>0+<\/h1>points de pr\u00e9sence dans le cloud\n\t<!-- Comment to fix spacing issue\n\t-->\t\n<h2>\n\t\tPartenariats\n\t<\/h2>\n\t<p>Des relations \u00e9troites avec les plus grands acteurs du secteur<\/p>\n\t\t\t\t<a href=\"https:\/\/legacy.colt.net\/fr\/why-colt\/partners\/\" target=\"_self\" itemprop=\"url\" rel=\"noopener\">\n\t\t\t\t<img loading=\"lazy\" decoding=\"async\" src=\"https:\/\/legacy.colt.net\/wp-content\/uploads\/2023\/10\/Partnerships-Image-Overview.png\" alt=\"Partnerships Image Overview\" itemprop=\"image\" height=\"308\" width=\"419\" title=\"Partnerships Image Overview\" onerror=\"this.style.display='none'\"  \/>\n\t\t\t\t<\/a>\n<h2>\n\t\tProfitez d&#8217;une infrastructure num\u00e9rique adapt\u00e9e \u00e0 vos besoins\n\t<\/h2>\n\t<ul>\n<li>Intelligente, s\u00e9curis\u00e9e, flexible et disponible \u00e0 la demande<\/li>\n<li>La meilleure des assurances de protection des donn\u00e9es<\/li>\n<li>Connectivit\u00e9 agnostique aux plus grands fournisseurs de services cloud<\/li>\n<li>R\u00e9seau urbain \u00e9tendu sur les march\u00e9s cl\u00e9s<\/li>\n<\/ul>\n<h2>\n\t\tD\u00e9marche de durabilit\u00e9 r\u00e9compens\u00e9e\n\t<\/h2>\n<h2>\n\t\tM\u00e9daille EcoVadis 2023\n\t<\/h2>\n\t<p>Colt compte parmi le 1\u00a0% des entreprises les plus performantes en mati\u00e8re de d\u00e9veloppement durable, un niveau atteint moins de 12\u00a0mois apr\u00e8s que Colt a obtenu la norme Platine d&#8217;EcoVadis<\/p>\n\n","protected":false},"excerpt":{"rendered":"<p>Nos informations et nos chiffres 0k+ clients 0k+ Colties 0 ann\u00e9es d&#8217;exp\u00e9rience 0+ villes connect\u00e9es Un impact positif Nous sommes Colt, l&#8217;entreprise mondiale d&#8217;infrastructure num\u00e9rique qui \u00e9tablit des connexions hors du commun en y apportant une attention inestimable. Partout dans le monde, nous r\u00e9unissons des personnes remarquables, des r\u00e9seaux intelligents et des partenaires qui partagent&#8230;<\/p>\n","protected":false},"author":2,"featured_media":0,"parent":0,"menu_order":0,"comment_status":"closed","ping_status":"closed","template":"","meta":{"_acf_changed":false,"footnotes":""},"colt_type":[],"colt_products":[],"class_list":["post-34778","page","type-page","status-publish","hentry"],"acf":[],"yoast_head":"<!-- This site is optimized with the Yoast SEO plugin v26.8 - https:\/\/yoast.com\/product\/yoast-seo-wordpress\/ -->\n<title>Colt Technology Services - Colt Technology Services - FR<\/title>\n<meta name=\"description\" content=\"Quelques chiffres Colt Technology Services\" \/>\n<meta name=\"robots\" content=\"noindex, follow, max-snippet:-1, max-image-preview:large, max-video-preview:-1\" \/>\n<meta property=\"og:locale\" content=\"fr_FR\" \/>\n<meta property=\"og:type\" content=\"article\" \/>\n<meta property=\"og:title\" content=\"Colt Technology Services - Colt Technology Services - FR\" \/>\n<meta property=\"og:description\" content=\"Quelques chiffres Colt Technology Services\" \/>\n<meta property=\"og:url\" content=\"https:\/\/legacy.colt.net\/fr\/facts-figures\/\" \/>\n<meta property=\"og:site_name\" content=\"Colt Technology Services\" \/>\n<meta property=\"article:publisher\" content=\"https:\/\/www.facebook.com\/ColtTechnologyServices\/\" \/>\n<meta property=\"article:modified_time\" content=\"2023-12-12T16:33:25+00:00\" \/>\n<meta property=\"og:image\" content=\"https:\/\/legacy.colt.net\/wp-content\/uploads\/2021\/01\/Brand-2021-Stock-1.jpg\" \/>\n\t<meta property=\"og:image:width\" content=\"1000\" \/>\n\t<meta property=\"og:image:height\" content=\"667\" \/>\n\t<meta property=\"og:image:type\" content=\"image\/jpeg\" \/>\n<meta name=\"twitter:card\" content=\"summary_large_image\" \/>\n<meta name=\"twitter:site\" content=\"@colt_technology\" \/>\n<meta name=\"twitter:label1\" content=\"Est. reading time\" \/>\n\t<meta name=\"twitter:data1\" content=\"2 minutes\" \/>\n<script type=\"application\/ld+json\" class=\"yoast-schema-graph\">{\"@context\":\"https:\/\/schema.org\",\"@graph\":[{\"@type\":\"WebPage\",\"@id\":\"https:\/\/legacy.colt.net\/fr\/facts-figures\/\",\"url\":\"https:\/\/legacy.colt.net\/fr\/facts-figures\/\",\"name\":\"Colt Technology Services - Colt Technology Services - FR\",\"isPartOf\":{\"@id\":\"https:\/\/legacy.colt.net\/#website\"},\"primaryImageOfPage\":{\"@id\":\"https:\/\/legacy.colt.net\/fr\/facts-figures\/#primaryimage\"},\"image\":{\"@id\":\"https:\/\/legacy.colt.net\/fr\/facts-figures\/#primaryimage\"},\"thumbnailUrl\":\"https:\/\/legacy.colt.net\/wp-content\/uploads\/2023\/10\/Map-Colt-Connected-Cities-23-Nov-1.png\",\"datePublished\":\"2017-03-23T14:48:44+00:00\",\"dateModified\":\"2023-12-12T16:33:25+00:00\",\"description\":\"Quelques chiffres Colt Technology Services\",\"breadcrumb\":{\"@id\":\"https:\/\/legacy.colt.net\/fr\/facts-figures\/#breadcrumb\"},\"inLanguage\":\"fr-FR\",\"potentialAction\":[{\"@type\":\"ReadAction\",\"target\":[\"https:\/\/legacy.colt.net\/fr\/facts-figures\/\"]}]},{\"@type\":\"ImageObject\",\"inLanguage\":\"fr-FR\",\"@id\":\"https:\/\/legacy.colt.net\/fr\/facts-figures\/#primaryimage\",\"url\":\"https:\/\/legacy.colt.net\/wp-content\/uploads\/2023\/10\/Map-Colt-Connected-Cities-23-Nov-1.png\",\"contentUrl\":\"https:\/\/legacy.colt.net\/wp-content\/uploads\/2023\/10\/Map-Colt-Connected-Cities-23-Nov-1.png\"},{\"@type\":\"BreadcrumbList\",\"@id\":\"https:\/\/legacy.colt.net\/fr\/facts-figures\/#breadcrumb\",\"itemListElement\":[{\"@type\":\"ListItem\",\"position\":1,\"name\":\"Home\",\"item\":\"https:\/\/legacy.colt.net\/fr\/\"},{\"@type\":\"ListItem\",\"position\":2,\"name\":\"Quelques chiffres\"}]},{\"@type\":\"WebSite\",\"@id\":\"https:\/\/legacy.colt.net\/#website\",\"url\":\"https:\/\/legacy.colt.net\/\",\"name\":\"Colt\u30c6\u30af\u30ce\u30ed\u30b8\u30fc\u30b5\u30fc\u30d3\u30b9\u682a\u5f0f\u4f1a\u793e\",\"description\":\"Managed Network &amp; Voice Services Provider\",\"publisher\":{\"@id\":\"https:\/\/legacy.colt.net\/#organization\"},\"potentialAction\":[{\"@type\":\"SearchAction\",\"target\":{\"@type\":\"EntryPoint\",\"urlTemplate\":\"https:\/\/legacy.colt.net\/?s={search_term_string}\"},\"query-input\":{\"@type\":\"PropertyValueSpecification\",\"valueRequired\":true,\"valueName\":\"search_term_string\"}}],\"inLanguage\":\"fr-FR\"},{\"@type\":\"Organization\",\"@id\":\"https:\/\/legacy.colt.net\/#organization\",\"name\":\"Colt Technology Services\",\"url\":\"https:\/\/legacy.colt.net\/\",\"logo\":{\"@type\":\"ImageObject\",\"inLanguage\":\"fr-FR\",\"@id\":\"https:\/\/legacy.colt.net\/#\/schema\/logo\/image\/\",\"url\":\"https:\/\/legacy.colt.net\/wp-content\/uploads\/2019\/02\/Colt-Logo.png\",\"contentUrl\":\"https:\/\/legacy.colt.net\/wp-content\/uploads\/2019\/02\/Colt-Logo.png\",\"width\":195,\"height\":77,\"caption\":\"Colt Technology Services\"},\"image\":{\"@id\":\"https:\/\/legacy.colt.net\/#\/schema\/logo\/image\/\"},\"sameAs\":[\"https:\/\/www.facebook.com\/ColtTechnologyServices\/\",\"https:\/\/x.com\/colt_technology\",\"https:\/\/www.instagram.com\/colttechnologyservices\/\",\"https:\/\/www.linkedin.com\/company\/colt-technology-services\",\"https:\/\/www.youtube.com\/user\/ColtTechnology\"]}]}<\/script>\n<!-- \/ Yoast SEO plugin. -->","yoast_head_json":{"title":"Colt Technology Services - Colt Technology Services - FR","description":"Quelques chiffres Colt Technology Services","robots":{"index":"noindex","follow":"follow","max-snippet":"max-snippet:-1","max-image-preview":"max-image-preview:large","max-video-preview":"max-video-preview:-1"},"og_locale":"fr_FR","og_type":"article","og_title":"Colt Technology Services - Colt Technology Services - FR","og_description":"Quelques chiffres Colt Technology Services","og_url":"https:\/\/legacy.colt.net\/fr\/facts-figures\/","og_site_name":"Colt Technology Services","article_publisher":"https:\/\/www.facebook.com\/ColtTechnologyServices\/","article_modified_time":"2023-12-12T16:33:25+00:00","og_image":[{"width":1000,"height":667,"url":"https:\/\/legacy.colt.net\/wp-content\/uploads\/2021\/01\/Brand-2021-Stock-1.jpg","type":"image\/jpeg"}],"twitter_card":"summary_large_image","twitter_site":"@colt_technology","twitter_misc":{"Est. reading time":"2 minutes"},"schema":{"@context":"https:\/\/schema.org","@graph":[{"@type":"WebPage","@id":"https:\/\/legacy.colt.net\/fr\/facts-figures\/","url":"https:\/\/legacy.colt.net\/fr\/facts-figures\/","name":"Colt Technology Services - Colt Technology Services - FR","isPartOf":{"@id":"https:\/\/legacy.colt.net\/#website"},"primaryImageOfPage":{"@id":"https:\/\/legacy.colt.net\/fr\/facts-figures\/#primaryimage"},"image":{"@id":"https:\/\/legacy.colt.net\/fr\/facts-figures\/#primaryimage"},"thumbnailUrl":"https:\/\/legacy.colt.net\/wp-content\/uploads\/2023\/10\/Map-Colt-Connected-Cities-23-Nov-1.png","datePublished":"2017-03-23T14:48:44+00:00","dateModified":"2023-12-12T16:33:25+00:00","description":"Quelques chiffres Colt Technology Services","breadcrumb":{"@id":"https:\/\/legacy.colt.net\/fr\/facts-figures\/#breadcrumb"},"inLanguage":"fr-FR","potentialAction":[{"@type":"ReadAction","target":["https:\/\/legacy.colt.net\/fr\/facts-figures\/"]}]},{"@type":"ImageObject","inLanguage":"fr-FR","@id":"https:\/\/legacy.colt.net\/fr\/facts-figures\/#primaryimage","url":"https:\/\/legacy.colt.net\/wp-content\/uploads\/2023\/10\/Map-Colt-Connected-Cities-23-Nov-1.png","contentUrl":"https:\/\/legacy.colt.net\/wp-content\/uploads\/2023\/10\/Map-Colt-Connected-Cities-23-Nov-1.png"},{"@type":"BreadcrumbList","@id":"https:\/\/legacy.colt.net\/fr\/facts-figures\/#breadcrumb","itemListElement":[{"@type":"ListItem","position":1,"name":"Home","item":"https:\/\/legacy.colt.net\/fr\/"},{"@type":"ListItem","position":2,"name":"Quelques chiffres"}]},{"@type":"WebSite","@id":"https:\/\/legacy.colt.net\/#website","url":"https:\/\/legacy.colt.net\/","name":"Colt\u30c6\u30af\u30ce\u30ed\u30b8\u30fc\u30b5\u30fc\u30d3\u30b9\u682a\u5f0f\u4f1a\u793e","description":"Managed Network &amp; Voice Services Provider","publisher":{"@id":"https:\/\/legacy.colt.net\/#organization"},"potentialAction":[{"@type":"SearchAction","target":{"@type":"EntryPoint","urlTemplate":"https:\/\/legacy.colt.net\/?s={search_term_string}"},"query-input":{"@type":"PropertyValueSpecification","valueRequired":true,"valueName":"search_term_string"}}],"inLanguage":"fr-FR"},{"@type":"Organization","@id":"https:\/\/legacy.colt.net\/#organization","name":"Colt Technology Services","url":"https:\/\/legacy.colt.net\/","logo":{"@type":"ImageObject","inLanguage":"fr-FR","@id":"https:\/\/legacy.colt.net\/#\/schema\/logo\/image\/","url":"https:\/\/legacy.colt.net\/wp-content\/uploads\/2019\/02\/Colt-Logo.png","contentUrl":"https:\/\/legacy.colt.net\/wp-content\/uploads\/2019\/02\/Colt-Logo.png","width":195,"height":77,"caption":"Colt Technology Services"},"image":{"@id":"https:\/\/legacy.colt.net\/#\/schema\/logo\/image\/"},"sameAs":["https:\/\/www.facebook.com\/ColtTechnologyServices\/","https:\/\/x.com\/colt_technology","https:\/\/www.instagram.com\/colttechnologyservices\/","https:\/\/www.linkedin.com\/company\/colt-technology-services","https:\/\/www.youtube.com\/user\/ColtTechnology"]}]}},"_links":{"self":[{"href":"https:\/\/legacy.colt.net\/fr\/wp-json\/wp\/v2\/pages\/34778","targetHints":{"allow":["GET"]}}],"collection":[{"href":"https:\/\/legacy.colt.net\/fr\/wp-json\/wp\/v2\/pages"}],"about":[{"href":"https:\/\/legacy.colt.net\/fr\/wp-json\/wp\/v2\/types\/page"}],"author":[{"embeddable":true,"href":"https:\/\/legacy.colt.net\/fr\/wp-json\/wp\/v2\/users\/2"}],"replies":[{"embeddable":true,"href":"https:\/\/legacy.colt.net\/fr\/wp-json\/wp\/v2\/comments?post=34778"}],"version-history":[{"count":0,"href":"https:\/\/legacy.colt.net\/fr\/wp-json\/wp\/v2\/pages\/34778\/revisions"}],"wp:attachment":[{"href":"https:\/\/legacy.colt.net\/fr\/wp-json\/wp\/v2\/media?parent=34778"}],"wp:term":[{"taxonomy":"colt_type","embeddable":true,"href":"https:\/\/legacy.colt.net\/fr\/wp-json\/wp\/v2\/colt_type?post=34778"},{"taxonomy":"colt_products","embeddable":true,"href":"https:\/\/legacy.colt.net\/fr\/wp-json\/wp\/v2\/colt_products?post=34778"}],"curies":[{"name":"wp","href":"https:\/\/api.w.org\/{rel}","templated":true}]}}