{"id":34708,"date":"2017-03-13T16:15:26","date_gmt":"2017-03-13T16:15:26","guid":{"rendered":"https:\/\/www.colt.net\/coverage-maps\/"},"modified":"2023-11-02T08:15:32","modified_gmt":"2023-11-02T08:15:32","slug":"coverage-maps","status":"publish","type":"page","link":"https:\/\/legacy.colt.net\/fr\/colt-iq-network\/coverage-maps\/","title":{"rendered":"Coverage Maps"},"content":{"rendered":"\n\n\t<nav class=\"breadcrumb\"><span><span><a href=\"https:\/\/legacy.colt.net\/fr\/\">Home<\/a><\/span><\/span><\/nav>\n\t<p>.La carte de couverture de notre r\u00e9seau de fibre optique r\u00e9v\u00e8le un r\u00e9seau de pointe, en pleine expansion, qui relie de mani\u00e8re parfaitement fluide plus de 32\u00a0000\u00a0b\u00e2timents et plus de 1\u00a0100\u00a0datacentres bas\u00e9s dans 38\u00a0pays.<\/p>\n<p>Des entreprises de toutes tailles, dans divers secteurs d&#8217;activit\u00e9, b\u00e9n\u00e9ficient de services Data\u00a0et Voix qui s&#8217;appuient sur les performances, temps de latence et niveaux de s\u00e9curit\u00e9 de ce r\u00e9seau, les meilleurs du march\u00e9.<\/p>\n<p>Notre r\u00e9seau ne cesse de s&#8217;agrandir et d&#8217;\u00e9voluer. La dimension, la couverture et la capacit\u00e9 d&#8217;un\u00a0r\u00e9seau d&#8217;op\u00e9rateur sont trois facteurs essentiels pour les entreprises cherchant \u00e0 consolider leur part de march\u00e9 ou \u00e0 s&#8217;implanter sur de nouveaux territoires. Le r\u00e9seau Colt offre \u00e0 nos clients une vue unifi\u00e9e de l&#8217;activit\u00e9 et des performances des services ainsi qu&#8217;une exp\u00e9rience utilisateur homog\u00e8ne dans les diff\u00e9rentes zones g\u00e9ographiques, assortie d&#8217;une gestion op\u00e9rationnelle 24\u00a0heures sur 24, 7\u00a0jours sur 7. Gr\u00e2ce \u00e0 notre infrastructure avanc\u00e9e, nos clients peuvent compter en permanence sur des services flexibles, r\u00e9actifs et fiables. Nos engagements de niveau de service (SLA) pour nos clients on-net sont parmi les plus exigeants du secteur. Nous \u00e9tendons notre r\u00e9seau et menons \u00e9galement des initiatives off-net destin\u00e9es \u00e0 \u00e9largir \u00e0 la fois notre pr\u00e9sence et nos\u00a0services.<\/p>\n\t\t\t\t<img decoding=\"async\" src=\"https:\/\/legacy.colt.net\/wp-content\/uploads\/2022\/07\/Colt-IQ-network-Logo_Social-2-copy-1.png\" alt=\"Colt-IQ-network-Logo_Social 2 copy\" title=\"Colt-IQ-network-Logo_Social 2 copy\" itemprop=\"image\"  \/>\n\t\t\t\t<img decoding=\"async\" src=\"https:\/\/legacy.colt.net\/wp-content\/uploads\/2023\/10\/Map-Colt-Connected-Cities-23-Nov-1.png\" alt=\"Map---Colt-Connected-Cities-23-Nov-1\" title=\"Map---Colt-Connected-Cities-23-Nov-1\" itemprop=\"image\"  \/>\n<h2>\n\t\tDes questions\u00a0? Nous sommes \u00e0 votre service.\n\t<\/h2>\n<p>Nos experts r\u00e9pondent \u00e0 vos questions d\u00e8s aujourd&#8217;hui\u00a0! Nous vous conseillons, vous fournissons les informations dont vous avez besoin et r\u00e9pondons \u00e0 toutes vos questions.<\/p>\n\t\t\t<a href=\"https:\/\/legacy.colt.net\/fr\/connect\/\" target=\"_self\" role=\"button\" rel=\"noopener\">\n\t\t\t\t\t\t\tV\u00e9rifiez votre connectivit\u00e9\n\t\t\t\t\t<\/a>\n\t\t\t\t<img loading=\"lazy\" decoding=\"async\" src=\"https:\/\/legacy.colt.net\/wp-content\/uploads\/2023\/10\/Untitled-4.png\" alt=\"Untitled-4\" itemprop=\"image\" height=\"568\" width=\"907\" title=\"Untitled-4\" onerror=\"this.style.display='none'\"  \/>\n\n","protected":false},"excerpt":{"rendered":"<p>.La carte de couverture de notre r\u00e9seau de fibre optique r\u00e9v\u00e8le un r\u00e9seau de pointe, en pleine expansion, qui relie de mani\u00e8re parfaitement fluide plus de 32\u00a0000\u00a0b\u00e2timents et plus de 1\u00a0100\u00a0datacentres bas\u00e9s dans 38\u00a0pays. Des entreprises de toutes tailles, dans divers secteurs d&#8217;activit\u00e9, b\u00e9n\u00e9ficient de services Data\u00a0et Voix qui s&#8217;appuient sur les performances, temps de&#8230;<\/p>\n","protected":false},"author":2,"featured_media":0,"parent":38959,"menu_order":0,"comment_status":"closed","ping_status":"closed","template":"","meta":{"_acf_changed":false,"footnotes":""},"colt_type":[],"colt_products":[],"class_list":["post-34708","page","type-page","status-publish","hentry"],"acf":[],"yoast_head":"<!-- This site is optimized with the Yoast SEO plugin v26.8 - https:\/\/yoast.com\/product\/yoast-seo-wordpress\/ -->\n<title>Coverage Maps - Colt Technology Services - FR<\/title>\n<meta name=\"description\" content=\"Notre r\u00e9seau de pointe, en constante expansion, interconnecte 51 boucles locales, 200+ agglom\u00e9rations et plus de 27 500 b\u00e2timents.\" \/>\n<meta name=\"robots\" content=\"noindex, follow, max-snippet:-1, max-image-preview:large, max-video-preview:-1\" \/>\n<meta property=\"og:locale\" content=\"fr_FR\" \/>\n<meta property=\"og:type\" content=\"article\" \/>\n<meta property=\"og:title\" content=\"Coverage Maps - Colt Technology Services - FR\" \/>\n<meta property=\"og:description\" content=\"Notre r\u00e9seau de pointe, en constante expansion, interconnecte 51 boucles locales, 200+ agglom\u00e9rations et plus de 27 500 b\u00e2timents.\" \/>\n<meta property=\"og:url\" content=\"https:\/\/legacy.colt.net\/fr\/colt-iq-network\/coverage-maps\/\" \/>\n<meta property=\"og:site_name\" content=\"Colt Technology Services\" \/>\n<meta property=\"article:publisher\" content=\"https:\/\/www.facebook.com\/ColtTechnologyServices\/\" \/>\n<meta property=\"article:modified_time\" content=\"2023-11-02T08:15:32+00:00\" \/>\n<meta property=\"og:image\" content=\"https:\/\/legacy.colt.net\/wp-content\/uploads\/2021\/01\/Brand-2021-Stock-30.jpg\" \/>\n\t<meta property=\"og:image:width\" content=\"1000\" \/>\n\t<meta property=\"og:image:height\" content=\"667\" \/>\n\t<meta property=\"og:image:type\" content=\"image\/jpeg\" \/>\n<meta name=\"twitter:card\" content=\"summary_large_image\" \/>\n<meta name=\"twitter:site\" content=\"@colt_technology\" \/>\n<meta name=\"twitter:label1\" content=\"Est. reading time\" \/>\n\t<meta name=\"twitter:data1\" content=\"1 minute\" \/>\n<script type=\"application\/ld+json\" class=\"yoast-schema-graph\">{\"@context\":\"https:\/\/schema.org\",\"@graph\":[{\"@type\":\"WebPage\",\"@id\":\"https:\/\/legacy.colt.net\/fr\/colt-iq-network\/coverage-maps\/\",\"url\":\"https:\/\/legacy.colt.net\/fr\/colt-iq-network\/coverage-maps\/\",\"name\":\"Coverage Maps - Colt Technology Services - FR\",\"isPartOf\":{\"@id\":\"https:\/\/legacy.colt.net\/#website\"},\"primaryImageOfPage\":{\"@id\":\"https:\/\/legacy.colt.net\/fr\/colt-iq-network\/coverage-maps\/#primaryimage\"},\"image\":{\"@id\":\"https:\/\/legacy.colt.net\/fr\/colt-iq-network\/coverage-maps\/#primaryimage\"},\"thumbnailUrl\":\"https:\/\/legacy.colt.net\/wp-content\/uploads\/2022\/07\/Colt-IQ-network-Logo_Social-2-copy-1.png\",\"datePublished\":\"2017-03-13T16:15:26+00:00\",\"dateModified\":\"2023-11-02T08:15:32+00:00\",\"description\":\"Notre r\u00e9seau de pointe, en constante expansion, interconnecte 51 boucles locales, 200+ agglom\u00e9rations et plus de 27 500 b\u00e2timents.\",\"breadcrumb\":{\"@id\":\"https:\/\/legacy.colt.net\/fr\/colt-iq-network\/coverage-maps\/#breadcrumb\"},\"inLanguage\":\"fr-FR\",\"potentialAction\":[{\"@type\":\"ReadAction\",\"target\":[\"https:\/\/legacy.colt.net\/fr\/colt-iq-network\/coverage-maps\/\"]}]},{\"@type\":\"ImageObject\",\"inLanguage\":\"fr-FR\",\"@id\":\"https:\/\/legacy.colt.net\/fr\/colt-iq-network\/coverage-maps\/#primaryimage\",\"url\":\"https:\/\/legacy.colt.net\/wp-content\/uploads\/2022\/07\/Colt-IQ-network-Logo_Social-2-copy-1.png\",\"contentUrl\":\"https:\/\/legacy.colt.net\/wp-content\/uploads\/2022\/07\/Colt-IQ-network-Logo_Social-2-copy-1.png\"},{\"@type\":\"BreadcrumbList\",\"@id\":\"https:\/\/legacy.colt.net\/fr\/colt-iq-network\/coverage-maps\/#breadcrumb\",\"itemListElement\":[{\"@type\":\"ListItem\",\"position\":1,\"name\":\"Home\",\"item\":\"https:\/\/legacy.colt.net\/fr\/\"},{\"@type\":\"ListItem\",\"position\":2,\"name\":\"Colt IQ Network\",\"item\":\"https:\/\/legacy.colt.net\/fr\/colt-iq-network\/\"},{\"@type\":\"ListItem\",\"position\":3,\"name\":\"Coverage Maps\"}]},{\"@type\":\"WebSite\",\"@id\":\"https:\/\/legacy.colt.net\/#website\",\"url\":\"https:\/\/legacy.colt.net\/\",\"name\":\"Colt\u30c6\u30af\u30ce\u30ed\u30b8\u30fc\u30b5\u30fc\u30d3\u30b9\u682a\u5f0f\u4f1a\u793e\",\"description\":\"Managed Network &amp; Voice Services Provider\",\"publisher\":{\"@id\":\"https:\/\/legacy.colt.net\/#organization\"},\"potentialAction\":[{\"@type\":\"SearchAction\",\"target\":{\"@type\":\"EntryPoint\",\"urlTemplate\":\"https:\/\/legacy.colt.net\/?s={search_term_string}\"},\"query-input\":{\"@type\":\"PropertyValueSpecification\",\"valueRequired\":true,\"valueName\":\"search_term_string\"}}],\"inLanguage\":\"fr-FR\"},{\"@type\":\"Organization\",\"@id\":\"https:\/\/legacy.colt.net\/#organization\",\"name\":\"Colt Technology Services\",\"url\":\"https:\/\/legacy.colt.net\/\",\"logo\":{\"@type\":\"ImageObject\",\"inLanguage\":\"fr-FR\",\"@id\":\"https:\/\/legacy.colt.net\/#\/schema\/logo\/image\/\",\"url\":\"https:\/\/legacy.colt.net\/wp-content\/uploads\/2019\/02\/Colt-Logo.png\",\"contentUrl\":\"https:\/\/legacy.colt.net\/wp-content\/uploads\/2019\/02\/Colt-Logo.png\",\"width\":195,\"height\":77,\"caption\":\"Colt Technology Services\"},\"image\":{\"@id\":\"https:\/\/legacy.colt.net\/#\/schema\/logo\/image\/\"},\"sameAs\":[\"https:\/\/www.facebook.com\/ColtTechnologyServices\/\",\"https:\/\/x.com\/colt_technology\",\"https:\/\/www.instagram.com\/colttechnologyservices\/\",\"https:\/\/www.linkedin.com\/company\/colt-technology-services\",\"https:\/\/www.youtube.com\/user\/ColtTechnology\"]}]}<\/script>\n<!-- \/ Yoast SEO plugin. -->","yoast_head_json":{"title":"Coverage Maps - Colt Technology Services - FR","description":"Notre r\u00e9seau de pointe, en constante expansion, interconnecte 51 boucles locales, 200+ agglom\u00e9rations et plus de 27 500 b\u00e2timents.","robots":{"index":"noindex","follow":"follow","max-snippet":"max-snippet:-1","max-image-preview":"max-image-preview:large","max-video-preview":"max-video-preview:-1"},"og_locale":"fr_FR","og_type":"article","og_title":"Coverage Maps - Colt Technology Services - FR","og_description":"Notre r\u00e9seau de pointe, en constante expansion, interconnecte 51 boucles locales, 200+ agglom\u00e9rations et plus de 27 500 b\u00e2timents.","og_url":"https:\/\/legacy.colt.net\/fr\/colt-iq-network\/coverage-maps\/","og_site_name":"Colt Technology Services","article_publisher":"https:\/\/www.facebook.com\/ColtTechnologyServices\/","article_modified_time":"2023-11-02T08:15:32+00:00","og_image":[{"width":1000,"height":667,"url":"https:\/\/legacy.colt.net\/wp-content\/uploads\/2021\/01\/Brand-2021-Stock-30.jpg","type":"image\/jpeg"}],"twitter_card":"summary_large_image","twitter_site":"@colt_technology","twitter_misc":{"Est. reading time":"1 minute"},"schema":{"@context":"https:\/\/schema.org","@graph":[{"@type":"WebPage","@id":"https:\/\/legacy.colt.net\/fr\/colt-iq-network\/coverage-maps\/","url":"https:\/\/legacy.colt.net\/fr\/colt-iq-network\/coverage-maps\/","name":"Coverage Maps - Colt Technology Services - FR","isPartOf":{"@id":"https:\/\/legacy.colt.net\/#website"},"primaryImageOfPage":{"@id":"https:\/\/legacy.colt.net\/fr\/colt-iq-network\/coverage-maps\/#primaryimage"},"image":{"@id":"https:\/\/legacy.colt.net\/fr\/colt-iq-network\/coverage-maps\/#primaryimage"},"thumbnailUrl":"https:\/\/legacy.colt.net\/wp-content\/uploads\/2022\/07\/Colt-IQ-network-Logo_Social-2-copy-1.png","datePublished":"2017-03-13T16:15:26+00:00","dateModified":"2023-11-02T08:15:32+00:00","description":"Notre r\u00e9seau de pointe, en constante expansion, interconnecte 51 boucles locales, 200+ agglom\u00e9rations et plus de 27 500 b\u00e2timents.","breadcrumb":{"@id":"https:\/\/legacy.colt.net\/fr\/colt-iq-network\/coverage-maps\/#breadcrumb"},"inLanguage":"fr-FR","potentialAction":[{"@type":"ReadAction","target":["https:\/\/legacy.colt.net\/fr\/colt-iq-network\/coverage-maps\/"]}]},{"@type":"ImageObject","inLanguage":"fr-FR","@id":"https:\/\/legacy.colt.net\/fr\/colt-iq-network\/coverage-maps\/#primaryimage","url":"https:\/\/legacy.colt.net\/wp-content\/uploads\/2022\/07\/Colt-IQ-network-Logo_Social-2-copy-1.png","contentUrl":"https:\/\/legacy.colt.net\/wp-content\/uploads\/2022\/07\/Colt-IQ-network-Logo_Social-2-copy-1.png"},{"@type":"BreadcrumbList","@id":"https:\/\/legacy.colt.net\/fr\/colt-iq-network\/coverage-maps\/#breadcrumb","itemListElement":[{"@type":"ListItem","position":1,"name":"Home","item":"https:\/\/legacy.colt.net\/fr\/"},{"@type":"ListItem","position":2,"name":"Colt IQ Network","item":"https:\/\/legacy.colt.net\/fr\/colt-iq-network\/"},{"@type":"ListItem","position":3,"name":"Coverage Maps"}]},{"@type":"WebSite","@id":"https:\/\/legacy.colt.net\/#website","url":"https:\/\/legacy.colt.net\/","name":"Colt\u30c6\u30af\u30ce\u30ed\u30b8\u30fc\u30b5\u30fc\u30d3\u30b9\u682a\u5f0f\u4f1a\u793e","description":"Managed Network &amp; Voice Services Provider","publisher":{"@id":"https:\/\/legacy.colt.net\/#organization"},"potentialAction":[{"@type":"SearchAction","target":{"@type":"EntryPoint","urlTemplate":"https:\/\/legacy.colt.net\/?s={search_term_string}"},"query-input":{"@type":"PropertyValueSpecification","valueRequired":true,"valueName":"search_term_string"}}],"inLanguage":"fr-FR"},{"@type":"Organization","@id":"https:\/\/legacy.colt.net\/#organization","name":"Colt Technology Services","url":"https:\/\/legacy.colt.net\/","logo":{"@type":"ImageObject","inLanguage":"fr-FR","@id":"https:\/\/legacy.colt.net\/#\/schema\/logo\/image\/","url":"https:\/\/legacy.colt.net\/wp-content\/uploads\/2019\/02\/Colt-Logo.png","contentUrl":"https:\/\/legacy.colt.net\/wp-content\/uploads\/2019\/02\/Colt-Logo.png","width":195,"height":77,"caption":"Colt Technology Services"},"image":{"@id":"https:\/\/legacy.colt.net\/#\/schema\/logo\/image\/"},"sameAs":["https:\/\/www.facebook.com\/ColtTechnologyServices\/","https:\/\/x.com\/colt_technology","https:\/\/www.instagram.com\/colttechnologyservices\/","https:\/\/www.linkedin.com\/company\/colt-technology-services","https:\/\/www.youtube.com\/user\/ColtTechnology"]}]}},"_links":{"self":[{"href":"https:\/\/legacy.colt.net\/fr\/wp-json\/wp\/v2\/pages\/34708","targetHints":{"allow":["GET"]}}],"collection":[{"href":"https:\/\/legacy.colt.net\/fr\/wp-json\/wp\/v2\/pages"}],"about":[{"href":"https:\/\/legacy.colt.net\/fr\/wp-json\/wp\/v2\/types\/page"}],"author":[{"embeddable":true,"href":"https:\/\/legacy.colt.net\/fr\/wp-json\/wp\/v2\/users\/2"}],"replies":[{"embeddable":true,"href":"https:\/\/legacy.colt.net\/fr\/wp-json\/wp\/v2\/comments?post=34708"}],"version-history":[{"count":0,"href":"https:\/\/legacy.colt.net\/fr\/wp-json\/wp\/v2\/pages\/34708\/revisions"}],"up":[{"embeddable":true,"href":"https:\/\/legacy.colt.net\/fr\/wp-json\/wp\/v2\/pages\/38959"}],"wp:attachment":[{"href":"https:\/\/legacy.colt.net\/fr\/wp-json\/wp\/v2\/media?parent=34708"}],"wp:term":[{"taxonomy":"colt_type","embeddable":true,"href":"https:\/\/legacy.colt.net\/fr\/wp-json\/wp\/v2\/colt_type?post=34708"},{"taxonomy":"colt_products","embeddable":true,"href":"https:\/\/legacy.colt.net\/fr\/wp-json\/wp\/v2\/colt_products?post=34708"}],"curies":[{"name":"wp","href":"https:\/\/api.w.org\/{rel}","templated":true}]}}