{"id":34679,"date":"2017-03-13T15:55:50","date_gmt":"2017-03-13T15:55:50","guid":{"rendered":"https:\/\/www.colt.net\/cloud-dc\/"},"modified":"2021-04-06T10:06:25","modified_gmt":"2021-04-06T09:06:25","slug":"cloud-dc","status":"publish","type":"page","link":"https:\/\/legacy.colt.net\/fr\/cloud-dc\/","title":{"rendered":"Cloud &#038; DC Connectivity"},"content":{"rendered":"\n<h2>\n\t\tProduits &#038; Services r\u00e9seaux\n\t<\/h2>\n<h1>\n\t\tCloud &#038; Data Centre Connectivity\n\t<\/h1>\n<h5>\n\t<\/h5>\n\t<a href=\"https:\/\/legacy.colt.net\/fr\/product\/direct-connect\/\" target=\"_self\" rel=\"noopener\"><\/a> \n\t\t\t\t<img decoding=\"async\" src=\"https:\/\/legacy.colt.net\/wp-content\/uploads\/2019\/02\/Dedicated-Cloud-Access-On-Demand-1-300x182.jpg\" alt=\"Dedicated-Cloud-Access-On-Demand-1-300x182\" title=\"Dedicated-Cloud-Access-On-Demand-1-300x182\" itemprop=\"image\"\/>\n\t\t<h3>Dedicated Cloud Access<\/h3>\t\t\t\n\t<p>Le service Dedicated Cloud Access (DCA) de Colt apporte aux entreprises un acc\u00e8s r\u00e9seau au cloud de qualit\u00e9 sup\u00e9rieure par rapport \u00e0 un acc\u00e8s Internet public.<\/p>\n<h5>\n\t<\/h5>\n\t<a href=\"https:\/\/legacy.colt.net\/fr\/product\/dc-net\/\" target=\"_self\" rel=\"noopener\"><\/a> \n\t\t\t\t<img decoding=\"async\" src=\"https:\/\/legacy.colt.net\/wp-content\/uploads\/2019\/02\/DC-Net-On-Demand-iStock-522131988-300x182.jpg\" alt=\"DC-Net-On-Demand-iStock-522131988-300x182\" title=\"DC-Net-On-Demand-iStock-522131988-300x182\" itemprop=\"image\"\/>\n\t\t<h3>DC Net<\/h3>\t\t\t\n\t<p>DCNet est la solution avanc\u00e9e d&#8217;interconnexion de Colt, offrant un acc\u00e8s direct \u00e0 plus de 900 data centres en Europe, Asie et Am\u00e9rique du Nord.<\/p>\n\n","protected":false},"excerpt":{"rendered":"<p>Produits &#038; Services r\u00e9seaux Cloud &#038; Data Centre Connectivity Dedicated Cloud Access Le service Dedicated Cloud Access (DCA) de Colt apporte aux entreprises un acc\u00e8s r\u00e9seau au cloud de qualit\u00e9 sup\u00e9rieure par rapport \u00e0 un acc\u00e8s Internet public. DC Net DCNet est la solution avanc\u00e9e d&#8217;interconnexion de Colt, offrant un acc\u00e8s direct \u00e0 plus de&#8230;<\/p>\n","protected":false},"author":2,"featured_media":0,"parent":0,"menu_order":0,"comment_status":"closed","ping_status":"closed","template":"","meta":{"_acf_changed":false,"footnotes":""},"colt_type":[],"colt_products":[1498],"class_list":["post-34679","page","type-page","status-publish","hentry","colt_products-cloud-connect-fr"],"acf":[],"yoast_head":"<!-- This site is optimized with the Yoast SEO plugin v26.8 - https:\/\/yoast.com\/product\/yoast-seo-wordpress\/ -->\n<title>Cloud &amp; DC Connectivity - Colt Technology Services - FR<\/title>\n<meta name=\"description\" content=\"Le service Dedicated Cloud Access (DCA) de Colt apporte aux entreprises un acc\u00e8s r\u00e9seau au cloud de qualit\u00e9 sup\u00e9rieure par rapport \u00e0 un acc\u00e8s Internet\" \/>\n<meta name=\"robots\" content=\"noindex, follow, max-snippet:-1, max-image-preview:large, max-video-preview:-1\" \/>\n<meta property=\"og:locale\" content=\"fr_FR\" \/>\n<meta property=\"og:type\" content=\"article\" \/>\n<meta property=\"og:title\" content=\"Cloud &amp; DC Connectivity - Colt Technology Services - FR\" \/>\n<meta property=\"og:description\" content=\"Le service Dedicated Cloud Access (DCA) de Colt apporte aux entreprises un acc\u00e8s r\u00e9seau au cloud de qualit\u00e9 sup\u00e9rieure par rapport \u00e0 un acc\u00e8s Internet\" \/>\n<meta property=\"og:url\" content=\"https:\/\/legacy.colt.net\/fr\/cloud-dc\/\" \/>\n<meta property=\"og:site_name\" content=\"Colt Technology Services\" \/>\n<meta property=\"article:publisher\" content=\"https:\/\/www.facebook.com\/ColtTechnologyServices\/\" \/>\n<meta property=\"article:modified_time\" content=\"2021-04-06T09:06:25+00:00\" \/>\n<meta property=\"og:image\" content=\"https:\/\/legacy.colt.net\/wp-content\/uploads\/2021\/01\/Brand-2021-Stock-11-1.jpg\" \/>\n\t<meta property=\"og:image:width\" content=\"1000\" \/>\n\t<meta property=\"og:image:height\" content=\"667\" \/>\n\t<meta property=\"og:image:type\" content=\"image\/jpeg\" \/>\n<meta name=\"twitter:card\" content=\"summary_large_image\" \/>\n<meta name=\"twitter:site\" content=\"@colt_technology\" \/>\n<script type=\"application\/ld+json\" class=\"yoast-schema-graph\">{\"@context\":\"https:\/\/schema.org\",\"@graph\":[{\"@type\":\"WebPage\",\"@id\":\"https:\/\/legacy.colt.net\/fr\/cloud-dc\/\",\"url\":\"https:\/\/legacy.colt.net\/fr\/cloud-dc\/\",\"name\":\"Cloud & DC Connectivity - Colt Technology Services - FR\",\"isPartOf\":{\"@id\":\"https:\/\/legacy.colt.net\/#website\"},\"primaryImageOfPage\":{\"@id\":\"https:\/\/legacy.colt.net\/fr\/cloud-dc\/#primaryimage\"},\"image\":{\"@id\":\"https:\/\/legacy.colt.net\/fr\/cloud-dc\/#primaryimage\"},\"thumbnailUrl\":\"https:\/\/legacy.colt.net\/wp-content\/uploads\/2019\/02\/Dedicated-Cloud-Access-On-Demand-1-300x182.jpg\",\"datePublished\":\"2017-03-13T15:55:50+00:00\",\"dateModified\":\"2021-04-06T09:06:25+00:00\",\"description\":\"Le service Dedicated Cloud Access (DCA) de Colt apporte aux entreprises un acc\u00e8s r\u00e9seau au cloud de qualit\u00e9 sup\u00e9rieure par rapport \u00e0 un acc\u00e8s Internet\",\"breadcrumb\":{\"@id\":\"https:\/\/legacy.colt.net\/fr\/cloud-dc\/#breadcrumb\"},\"inLanguage\":\"fr-FR\",\"potentialAction\":[{\"@type\":\"ReadAction\",\"target\":[\"https:\/\/legacy.colt.net\/fr\/cloud-dc\/\"]}]},{\"@type\":\"ImageObject\",\"inLanguage\":\"fr-FR\",\"@id\":\"https:\/\/legacy.colt.net\/fr\/cloud-dc\/#primaryimage\",\"url\":\"https:\/\/legacy.colt.net\/wp-content\/uploads\/2019\/02\/Dedicated-Cloud-Access-On-Demand-1-300x182.jpg\",\"contentUrl\":\"https:\/\/legacy.colt.net\/wp-content\/uploads\/2019\/02\/Dedicated-Cloud-Access-On-Demand-1-300x182.jpg\"},{\"@type\":\"BreadcrumbList\",\"@id\":\"https:\/\/legacy.colt.net\/fr\/cloud-dc\/#breadcrumb\",\"itemListElement\":[{\"@type\":\"ListItem\",\"position\":1,\"name\":\"Home\",\"item\":\"https:\/\/legacy.colt.net\/fr\/\"},{\"@type\":\"ListItem\",\"position\":2,\"name\":\"Cloud &#038; DC Connectivity\"}]},{\"@type\":\"WebSite\",\"@id\":\"https:\/\/legacy.colt.net\/#website\",\"url\":\"https:\/\/legacy.colt.net\/\",\"name\":\"Colt\u30c6\u30af\u30ce\u30ed\u30b8\u30fc\u30b5\u30fc\u30d3\u30b9\u682a\u5f0f\u4f1a\u793e\",\"description\":\"Managed Network &amp; Voice Services Provider\",\"publisher\":{\"@id\":\"https:\/\/legacy.colt.net\/#organization\"},\"potentialAction\":[{\"@type\":\"SearchAction\",\"target\":{\"@type\":\"EntryPoint\",\"urlTemplate\":\"https:\/\/legacy.colt.net\/?s={search_term_string}\"},\"query-input\":{\"@type\":\"PropertyValueSpecification\",\"valueRequired\":true,\"valueName\":\"search_term_string\"}}],\"inLanguage\":\"fr-FR\"},{\"@type\":\"Organization\",\"@id\":\"https:\/\/legacy.colt.net\/#organization\",\"name\":\"Colt Technology Services\",\"url\":\"https:\/\/legacy.colt.net\/\",\"logo\":{\"@type\":\"ImageObject\",\"inLanguage\":\"fr-FR\",\"@id\":\"https:\/\/legacy.colt.net\/#\/schema\/logo\/image\/\",\"url\":\"https:\/\/legacy.colt.net\/wp-content\/uploads\/2019\/02\/Colt-Logo.png\",\"contentUrl\":\"https:\/\/legacy.colt.net\/wp-content\/uploads\/2019\/02\/Colt-Logo.png\",\"width\":195,\"height\":77,\"caption\":\"Colt Technology Services\"},\"image\":{\"@id\":\"https:\/\/legacy.colt.net\/#\/schema\/logo\/image\/\"},\"sameAs\":[\"https:\/\/www.facebook.com\/ColtTechnologyServices\/\",\"https:\/\/x.com\/colt_technology\",\"https:\/\/www.instagram.com\/colttechnologyservices\/\",\"https:\/\/www.linkedin.com\/company\/colt-technology-services\",\"https:\/\/www.youtube.com\/user\/ColtTechnology\"]}]}<\/script>\n<!-- \/ Yoast SEO plugin. -->","yoast_head_json":{"title":"Cloud & DC Connectivity - Colt Technology Services - FR","description":"Le service Dedicated Cloud Access (DCA) de Colt apporte aux entreprises un acc\u00e8s r\u00e9seau au cloud de qualit\u00e9 sup\u00e9rieure par rapport \u00e0 un acc\u00e8s Internet","robots":{"index":"noindex","follow":"follow","max-snippet":"max-snippet:-1","max-image-preview":"max-image-preview:large","max-video-preview":"max-video-preview:-1"},"og_locale":"fr_FR","og_type":"article","og_title":"Cloud & DC Connectivity - Colt Technology Services - FR","og_description":"Le service Dedicated Cloud Access (DCA) de Colt apporte aux entreprises un acc\u00e8s r\u00e9seau au cloud de qualit\u00e9 sup\u00e9rieure par rapport \u00e0 un acc\u00e8s Internet","og_url":"https:\/\/legacy.colt.net\/fr\/cloud-dc\/","og_site_name":"Colt Technology Services","article_publisher":"https:\/\/www.facebook.com\/ColtTechnologyServices\/","article_modified_time":"2021-04-06T09:06:25+00:00","og_image":[{"width":1000,"height":667,"url":"https:\/\/legacy.colt.net\/wp-content\/uploads\/2021\/01\/Brand-2021-Stock-11-1.jpg","type":"image\/jpeg"}],"twitter_card":"summary_large_image","twitter_site":"@colt_technology","schema":{"@context":"https:\/\/schema.org","@graph":[{"@type":"WebPage","@id":"https:\/\/legacy.colt.net\/fr\/cloud-dc\/","url":"https:\/\/legacy.colt.net\/fr\/cloud-dc\/","name":"Cloud & DC Connectivity - Colt Technology Services - FR","isPartOf":{"@id":"https:\/\/legacy.colt.net\/#website"},"primaryImageOfPage":{"@id":"https:\/\/legacy.colt.net\/fr\/cloud-dc\/#primaryimage"},"image":{"@id":"https:\/\/legacy.colt.net\/fr\/cloud-dc\/#primaryimage"},"thumbnailUrl":"https:\/\/legacy.colt.net\/wp-content\/uploads\/2019\/02\/Dedicated-Cloud-Access-On-Demand-1-300x182.jpg","datePublished":"2017-03-13T15:55:50+00:00","dateModified":"2021-04-06T09:06:25+00:00","description":"Le service Dedicated Cloud Access (DCA) de Colt apporte aux entreprises un acc\u00e8s r\u00e9seau au cloud de qualit\u00e9 sup\u00e9rieure par rapport \u00e0 un acc\u00e8s Internet","breadcrumb":{"@id":"https:\/\/legacy.colt.net\/fr\/cloud-dc\/#breadcrumb"},"inLanguage":"fr-FR","potentialAction":[{"@type":"ReadAction","target":["https:\/\/legacy.colt.net\/fr\/cloud-dc\/"]}]},{"@type":"ImageObject","inLanguage":"fr-FR","@id":"https:\/\/legacy.colt.net\/fr\/cloud-dc\/#primaryimage","url":"https:\/\/legacy.colt.net\/wp-content\/uploads\/2019\/02\/Dedicated-Cloud-Access-On-Demand-1-300x182.jpg","contentUrl":"https:\/\/legacy.colt.net\/wp-content\/uploads\/2019\/02\/Dedicated-Cloud-Access-On-Demand-1-300x182.jpg"},{"@type":"BreadcrumbList","@id":"https:\/\/legacy.colt.net\/fr\/cloud-dc\/#breadcrumb","itemListElement":[{"@type":"ListItem","position":1,"name":"Home","item":"https:\/\/legacy.colt.net\/fr\/"},{"@type":"ListItem","position":2,"name":"Cloud &#038; DC Connectivity"}]},{"@type":"WebSite","@id":"https:\/\/legacy.colt.net\/#website","url":"https:\/\/legacy.colt.net\/","name":"Colt\u30c6\u30af\u30ce\u30ed\u30b8\u30fc\u30b5\u30fc\u30d3\u30b9\u682a\u5f0f\u4f1a\u793e","description":"Managed Network &amp; Voice Services Provider","publisher":{"@id":"https:\/\/legacy.colt.net\/#organization"},"potentialAction":[{"@type":"SearchAction","target":{"@type":"EntryPoint","urlTemplate":"https:\/\/legacy.colt.net\/?s={search_term_string}"},"query-input":{"@type":"PropertyValueSpecification","valueRequired":true,"valueName":"search_term_string"}}],"inLanguage":"fr-FR"},{"@type":"Organization","@id":"https:\/\/legacy.colt.net\/#organization","name":"Colt Technology Services","url":"https:\/\/legacy.colt.net\/","logo":{"@type":"ImageObject","inLanguage":"fr-FR","@id":"https:\/\/legacy.colt.net\/#\/schema\/logo\/image\/","url":"https:\/\/legacy.colt.net\/wp-content\/uploads\/2019\/02\/Colt-Logo.png","contentUrl":"https:\/\/legacy.colt.net\/wp-content\/uploads\/2019\/02\/Colt-Logo.png","width":195,"height":77,"caption":"Colt Technology Services"},"image":{"@id":"https:\/\/legacy.colt.net\/#\/schema\/logo\/image\/"},"sameAs":["https:\/\/www.facebook.com\/ColtTechnologyServices\/","https:\/\/x.com\/colt_technology","https:\/\/www.instagram.com\/colttechnologyservices\/","https:\/\/www.linkedin.com\/company\/colt-technology-services","https:\/\/www.youtube.com\/user\/ColtTechnology"]}]}},"_links":{"self":[{"href":"https:\/\/legacy.colt.net\/fr\/wp-json\/wp\/v2\/pages\/34679","targetHints":{"allow":["GET"]}}],"collection":[{"href":"https:\/\/legacy.colt.net\/fr\/wp-json\/wp\/v2\/pages"}],"about":[{"href":"https:\/\/legacy.colt.net\/fr\/wp-json\/wp\/v2\/types\/page"}],"author":[{"embeddable":true,"href":"https:\/\/legacy.colt.net\/fr\/wp-json\/wp\/v2\/users\/2"}],"replies":[{"embeddable":true,"href":"https:\/\/legacy.colt.net\/fr\/wp-json\/wp\/v2\/comments?post=34679"}],"version-history":[{"count":0,"href":"https:\/\/legacy.colt.net\/fr\/wp-json\/wp\/v2\/pages\/34679\/revisions"}],"wp:attachment":[{"href":"https:\/\/legacy.colt.net\/fr\/wp-json\/wp\/v2\/media?parent=34679"}],"wp:term":[{"taxonomy":"colt_type","embeddable":true,"href":"https:\/\/legacy.colt.net\/fr\/wp-json\/wp\/v2\/colt_type?post=34679"},{"taxonomy":"colt_products","embeddable":true,"href":"https:\/\/legacy.colt.net\/fr\/wp-json\/wp\/v2\/colt_products?post=34679"}],"curies":[{"name":"wp","href":"https:\/\/api.w.org\/{rel}","templated":true}]}}