{"id":34675,"date":"2018-04-12T11:11:31","date_gmt":"2018-04-12T11:11:31","guid":{"rendered":"https:\/\/www.colt.net\/stay-connected\/"},"modified":"2020-10-14T15:24:50","modified_gmt":"2020-10-14T14:24:50","slug":"restez-connecte-avec-colt","status":"publish","type":"page","link":"https:\/\/legacy.colt.net\/fr\/restez-connecte-avec-colt\/","title":{"rendered":"Restez connect\u00e9 avec Colt"},"content":{"rendered":"<h1>\n\t<\/h1>\n\t<nav class=\"breadcrumb\"><span><span><a href=\"https:\/\/legacy.colt.net\/fr\/\">Home<\/a><\/span><\/span><\/nav>\n\t<p>Chez Colt, nous mettons tout en \u0153uvre pour que vous disposiez des outils et des informations dont vous avez besoin pour accro\u00eetre la productivit\u00e9 et optimiser la croissance de votre entreprise. Pour ne rien manquer de l\u2019actualit\u00e9 de Colt, indiquez-nous les sujets qui vous int\u00e9ressent en vous inscrivant d\u00e8s aujourd\u2019hui \u00e0 notre service d\u2019envoi d\u2019informations marketing.<\/p>\n<h3><strong>Ensemble, nous sommes mieux connect\u00e9s.<\/strong><\/h3>\n<p>[hubspot type=form portal=344164 id=74ae372f-4184-4fcc-8c6f-da5a2b718785]<\/p>\n<p>Lisez notre d\u00e9claration relative \u00e0 <a href=\"https:\/\/legacy.colt.net\/fr\/\/data-privacy-statement\/\" target=\"_blank\" rel=\"noopener noreferrer\">la confidentialit\u00e9 des donn\u00e9es<\/a>.<\/p>\n\t\t\t\t<img decoding=\"async\" src=\"https:\/\/legacy.colt.net\/wp-content\/uploads\/2019\/02\/Tablet_Phone_Device_iStock_000059245594_Double.jpg\" alt=\"Tablet_Phone_Device_iStock_000059245594_Double\" title=\"Tablet_Phone_Device_iStock_000059245594_Double\" itemprop=\"image\"  \/>\n","protected":false},"excerpt":{"rendered":"<p>Chez Colt, nous mettons tout en \u0153uvre pour que vous disposiez des outils et des informations dont vous avez besoin pour accro\u00eetre la productivit\u00e9 et optimiser la croissance de votre entreprise. Pour ne rien manquer de l\u2019actualit\u00e9 de Colt, indiquez-nous les sujets qui vous int\u00e9ressent en vous inscrivant d\u00e8s aujourd\u2019hui \u00e0 notre service d\u2019envoi d\u2019informations&#8230;<\/p>\n","protected":false},"author":2,"featured_media":0,"parent":0,"menu_order":0,"comment_status":"closed","ping_status":"closed","template":"","meta":{"_acf_changed":false,"footnotes":""},"colt_type":[],"colt_products":[],"class_list":["post-34675","page","type-page","status-publish","hentry"],"acf":[],"yoast_head":"<!-- This site is optimized with the Yoast SEO plugin v26.8 - https:\/\/yoast.com\/product\/yoast-seo-wordpress\/ -->\n<title>Restez connect\u00e9 avec Colt - Colt Technology Services | FR<\/title>\n<meta name=\"description\" content=\"Chez Colt, nous mettons tout en \u0153uvre pour que vous disposiez des outils et des informations dont vous avez besoin pour accro\u00eetre la productivit\u00e9\" \/>\n<meta name=\"robots\" content=\"noindex, follow, max-snippet:-1, max-image-preview:large, max-video-preview:-1\" \/>\n<meta property=\"og:locale\" content=\"fr_FR\" \/>\n<meta property=\"og:type\" content=\"article\" \/>\n<meta property=\"og:title\" content=\"Restez connect\u00e9 avec Colt - Colt Technology Services | FR\" \/>\n<meta property=\"og:description\" content=\"Chez Colt, nous mettons tout en \u0153uvre pour que vous disposiez des outils et des informations dont vous avez besoin pour accro\u00eetre la productivit\u00e9\" \/>\n<meta property=\"og:url\" content=\"https:\/\/legacy.colt.net\/fr\/restez-connecte-avec-colt\/\" \/>\n<meta property=\"og:site_name\" content=\"Colt Technology Services\" \/>\n<meta property=\"article:publisher\" content=\"https:\/\/www.facebook.com\/ColtTechnologyServices\/\" \/>\n<meta property=\"article:modified_time\" content=\"2020-10-14T14:24:50+00:00\" \/>\n<meta property=\"og:image\" content=\"https:\/\/legacy.colt.net\/wp-content\/uploads\/2021\/01\/Brand-2021-Stock-10-1.jpg\" \/>\n\t<meta property=\"og:image:width\" content=\"1000\" \/>\n\t<meta property=\"og:image:height\" content=\"668\" \/>\n\t<meta property=\"og:image:type\" content=\"image\/jpeg\" \/>\n<meta name=\"twitter:card\" content=\"summary_large_image\" \/>\n<meta name=\"twitter:site\" content=\"@colt_technology\" \/>\n<script type=\"application\/ld+json\" class=\"yoast-schema-graph\">{\"@context\":\"https:\/\/schema.org\",\"@graph\":[{\"@type\":\"WebPage\",\"@id\":\"https:\/\/legacy.colt.net\/fr\/restez-connecte-avec-colt\/\",\"url\":\"https:\/\/legacy.colt.net\/fr\/restez-connecte-avec-colt\/\",\"name\":\"Restez connect\u00e9 avec Colt - Colt Technology Services | FR\",\"isPartOf\":{\"@id\":\"https:\/\/legacy.colt.net\/#website\"},\"primaryImageOfPage\":{\"@id\":\"https:\/\/legacy.colt.net\/fr\/restez-connecte-avec-colt\/#primaryimage\"},\"image\":{\"@id\":\"https:\/\/legacy.colt.net\/fr\/restez-connecte-avec-colt\/#primaryimage\"},\"thumbnailUrl\":\"https:\/\/legacy.colt.net\/wp-content\/uploads\/2019\/02\/Tablet_Phone_Device_iStock_000059245594_Double.jpg\",\"datePublished\":\"2018-04-12T11:11:31+00:00\",\"dateModified\":\"2020-10-14T14:24:50+00:00\",\"description\":\"Chez Colt, nous mettons tout en \u0153uvre pour que vous disposiez des outils et des informations dont vous avez besoin pour accro\u00eetre la productivit\u00e9\",\"breadcrumb\":{\"@id\":\"https:\/\/legacy.colt.net\/fr\/restez-connecte-avec-colt\/#breadcrumb\"},\"inLanguage\":\"fr-FR\",\"potentialAction\":[{\"@type\":\"ReadAction\",\"target\":[\"https:\/\/legacy.colt.net\/fr\/restez-connecte-avec-colt\/\"]}]},{\"@type\":\"ImageObject\",\"inLanguage\":\"fr-FR\",\"@id\":\"https:\/\/legacy.colt.net\/fr\/restez-connecte-avec-colt\/#primaryimage\",\"url\":\"https:\/\/legacy.colt.net\/wp-content\/uploads\/2019\/02\/Tablet_Phone_Device_iStock_000059245594_Double.jpg\",\"contentUrl\":\"https:\/\/legacy.colt.net\/wp-content\/uploads\/2019\/02\/Tablet_Phone_Device_iStock_000059245594_Double.jpg\"},{\"@type\":\"BreadcrumbList\",\"@id\":\"https:\/\/legacy.colt.net\/fr\/restez-connecte-avec-colt\/#breadcrumb\",\"itemListElement\":[{\"@type\":\"ListItem\",\"position\":1,\"name\":\"Home\",\"item\":\"https:\/\/legacy.colt.net\/fr\/\"},{\"@type\":\"ListItem\",\"position\":2,\"name\":\"Restez connect\u00e9 avec Colt\"}]},{\"@type\":\"WebSite\",\"@id\":\"https:\/\/legacy.colt.net\/#website\",\"url\":\"https:\/\/legacy.colt.net\/\",\"name\":\"Colt\u30c6\u30af\u30ce\u30ed\u30b8\u30fc\u30b5\u30fc\u30d3\u30b9\u682a\u5f0f\u4f1a\u793e\",\"description\":\"Managed Network &amp; Voice Services Provider\",\"publisher\":{\"@id\":\"https:\/\/legacy.colt.net\/#organization\"},\"potentialAction\":[{\"@type\":\"SearchAction\",\"target\":{\"@type\":\"EntryPoint\",\"urlTemplate\":\"https:\/\/legacy.colt.net\/?s={search_term_string}\"},\"query-input\":{\"@type\":\"PropertyValueSpecification\",\"valueRequired\":true,\"valueName\":\"search_term_string\"}}],\"inLanguage\":\"fr-FR\"},{\"@type\":\"Organization\",\"@id\":\"https:\/\/legacy.colt.net\/#organization\",\"name\":\"Colt Technology Services\",\"url\":\"https:\/\/legacy.colt.net\/\",\"logo\":{\"@type\":\"ImageObject\",\"inLanguage\":\"fr-FR\",\"@id\":\"https:\/\/legacy.colt.net\/#\/schema\/logo\/image\/\",\"url\":\"https:\/\/legacy.colt.net\/wp-content\/uploads\/2019\/02\/Colt-Logo.png\",\"contentUrl\":\"https:\/\/legacy.colt.net\/wp-content\/uploads\/2019\/02\/Colt-Logo.png\",\"width\":195,\"height\":77,\"caption\":\"Colt Technology Services\"},\"image\":{\"@id\":\"https:\/\/legacy.colt.net\/#\/schema\/logo\/image\/\"},\"sameAs\":[\"https:\/\/www.facebook.com\/ColtTechnologyServices\/\",\"https:\/\/x.com\/colt_technology\",\"https:\/\/www.instagram.com\/colttechnologyservices\/\",\"https:\/\/www.linkedin.com\/company\/colt-technology-services\",\"https:\/\/www.youtube.com\/user\/ColtTechnology\"]}]}<\/script>\n<!-- \/ Yoast SEO plugin. -->","yoast_head_json":{"title":"Restez connect\u00e9 avec Colt - Colt Technology Services | FR","description":"Chez Colt, nous mettons tout en \u0153uvre pour que vous disposiez des outils et des informations dont vous avez besoin pour accro\u00eetre la productivit\u00e9","robots":{"index":"noindex","follow":"follow","max-snippet":"max-snippet:-1","max-image-preview":"max-image-preview:large","max-video-preview":"max-video-preview:-1"},"og_locale":"fr_FR","og_type":"article","og_title":"Restez connect\u00e9 avec Colt - Colt Technology Services | FR","og_description":"Chez Colt, nous mettons tout en \u0153uvre pour que vous disposiez des outils et des informations dont vous avez besoin pour accro\u00eetre la productivit\u00e9","og_url":"https:\/\/legacy.colt.net\/fr\/restez-connecte-avec-colt\/","og_site_name":"Colt Technology Services","article_publisher":"https:\/\/www.facebook.com\/ColtTechnologyServices\/","article_modified_time":"2020-10-14T14:24:50+00:00","og_image":[{"width":1000,"height":668,"url":"https:\/\/legacy.colt.net\/wp-content\/uploads\/2021\/01\/Brand-2021-Stock-10-1.jpg","type":"image\/jpeg"}],"twitter_card":"summary_large_image","twitter_site":"@colt_technology","schema":{"@context":"https:\/\/schema.org","@graph":[{"@type":"WebPage","@id":"https:\/\/legacy.colt.net\/fr\/restez-connecte-avec-colt\/","url":"https:\/\/legacy.colt.net\/fr\/restez-connecte-avec-colt\/","name":"Restez connect\u00e9 avec Colt - Colt Technology Services | FR","isPartOf":{"@id":"https:\/\/legacy.colt.net\/#website"},"primaryImageOfPage":{"@id":"https:\/\/legacy.colt.net\/fr\/restez-connecte-avec-colt\/#primaryimage"},"image":{"@id":"https:\/\/legacy.colt.net\/fr\/restez-connecte-avec-colt\/#primaryimage"},"thumbnailUrl":"https:\/\/legacy.colt.net\/wp-content\/uploads\/2019\/02\/Tablet_Phone_Device_iStock_000059245594_Double.jpg","datePublished":"2018-04-12T11:11:31+00:00","dateModified":"2020-10-14T14:24:50+00:00","description":"Chez Colt, nous mettons tout en \u0153uvre pour que vous disposiez des outils et des informations dont vous avez besoin pour accro\u00eetre la productivit\u00e9","breadcrumb":{"@id":"https:\/\/legacy.colt.net\/fr\/restez-connecte-avec-colt\/#breadcrumb"},"inLanguage":"fr-FR","potentialAction":[{"@type":"ReadAction","target":["https:\/\/legacy.colt.net\/fr\/restez-connecte-avec-colt\/"]}]},{"@type":"ImageObject","inLanguage":"fr-FR","@id":"https:\/\/legacy.colt.net\/fr\/restez-connecte-avec-colt\/#primaryimage","url":"https:\/\/legacy.colt.net\/wp-content\/uploads\/2019\/02\/Tablet_Phone_Device_iStock_000059245594_Double.jpg","contentUrl":"https:\/\/legacy.colt.net\/wp-content\/uploads\/2019\/02\/Tablet_Phone_Device_iStock_000059245594_Double.jpg"},{"@type":"BreadcrumbList","@id":"https:\/\/legacy.colt.net\/fr\/restez-connecte-avec-colt\/#breadcrumb","itemListElement":[{"@type":"ListItem","position":1,"name":"Home","item":"https:\/\/legacy.colt.net\/fr\/"},{"@type":"ListItem","position":2,"name":"Restez connect\u00e9 avec Colt"}]},{"@type":"WebSite","@id":"https:\/\/legacy.colt.net\/#website","url":"https:\/\/legacy.colt.net\/","name":"Colt\u30c6\u30af\u30ce\u30ed\u30b8\u30fc\u30b5\u30fc\u30d3\u30b9\u682a\u5f0f\u4f1a\u793e","description":"Managed Network &amp; Voice Services Provider","publisher":{"@id":"https:\/\/legacy.colt.net\/#organization"},"potentialAction":[{"@type":"SearchAction","target":{"@type":"EntryPoint","urlTemplate":"https:\/\/legacy.colt.net\/?s={search_term_string}"},"query-input":{"@type":"PropertyValueSpecification","valueRequired":true,"valueName":"search_term_string"}}],"inLanguage":"fr-FR"},{"@type":"Organization","@id":"https:\/\/legacy.colt.net\/#organization","name":"Colt Technology Services","url":"https:\/\/legacy.colt.net\/","logo":{"@type":"ImageObject","inLanguage":"fr-FR","@id":"https:\/\/legacy.colt.net\/#\/schema\/logo\/image\/","url":"https:\/\/legacy.colt.net\/wp-content\/uploads\/2019\/02\/Colt-Logo.png","contentUrl":"https:\/\/legacy.colt.net\/wp-content\/uploads\/2019\/02\/Colt-Logo.png","width":195,"height":77,"caption":"Colt Technology Services"},"image":{"@id":"https:\/\/legacy.colt.net\/#\/schema\/logo\/image\/"},"sameAs":["https:\/\/www.facebook.com\/ColtTechnologyServices\/","https:\/\/x.com\/colt_technology","https:\/\/www.instagram.com\/colttechnologyservices\/","https:\/\/www.linkedin.com\/company\/colt-technology-services","https:\/\/www.youtube.com\/user\/ColtTechnology"]}]}},"_links":{"self":[{"href":"https:\/\/legacy.colt.net\/fr\/wp-json\/wp\/v2\/pages\/34675","targetHints":{"allow":["GET"]}}],"collection":[{"href":"https:\/\/legacy.colt.net\/fr\/wp-json\/wp\/v2\/pages"}],"about":[{"href":"https:\/\/legacy.colt.net\/fr\/wp-json\/wp\/v2\/types\/page"}],"author":[{"embeddable":true,"href":"https:\/\/legacy.colt.net\/fr\/wp-json\/wp\/v2\/users\/2"}],"replies":[{"embeddable":true,"href":"https:\/\/legacy.colt.net\/fr\/wp-json\/wp\/v2\/comments?post=34675"}],"version-history":[{"count":0,"href":"https:\/\/legacy.colt.net\/fr\/wp-json\/wp\/v2\/pages\/34675\/revisions"}],"wp:attachment":[{"href":"https:\/\/legacy.colt.net\/fr\/wp-json\/wp\/v2\/media?parent=34675"}],"wp:term":[{"taxonomy":"colt_type","embeddable":true,"href":"https:\/\/legacy.colt.net\/fr\/wp-json\/wp\/v2\/colt_type?post=34675"},{"taxonomy":"colt_products","embeddable":true,"href":"https:\/\/legacy.colt.net\/fr\/wp-json\/wp\/v2\/colt_products?post=34675"}],"curies":[{"name":"wp","href":"https:\/\/api.w.org\/{rel}","templated":true}]}}