{"id":34670,"date":"2018-11-08T16:03:47","date_gmt":"2018-11-08T16:03:47","guid":{"rendered":"https:\/\/www.colt.net\/optical\/"},"modified":"2021-01-09T09:57:53","modified_gmt":"2021-01-09T09:57:53","slug":"optical","status":"publish","type":"page","link":"https:\/\/legacy.colt.net\/fr\/optical\/","title":{"rendered":"Solutions fibre optique"},"content":{"rendered":"\n<h1>\n\t<\/h1>\n<h2>\n\t\tProducts &#038; Services\n\t<\/h2>\n\t<nav class=\"breadcrumb\"><span><span><a href=\"https:\/\/legacy.colt.net\/fr\/\">Home<\/a><\/span><\/span><\/nav>\n\t<p>Nos services optiques, incluant l&#8217;interconnexion de data centres ou encore des services de connectivit\u00e9 haut d\u00e9bit, fournissent les plus hauts niveaux de performance r\u00e9seau exig\u00e9s par les entreprises.<\/p>\n\t<a href=\"https:\/\/legacy.colt.net\/fr\/product\/wave\/\" target=\"_self\" rel=\"noopener noreferrer\"><\/a> \n\t\t\t\t<img decoding=\"async\" src=\"https:\/\/legacy.colt.net\/wp-content\/uploads\/2021\/01\/Wave.png\" alt=\"Wave\" title=\"Wave\" itemprop=\"image\"\/>\n\t\t<h3>Wave<\/h3>\t\t\t\n\t\t\t\t<p>Les services Wave permettent de d\u00e9ployer avec rapidit\u00e9 et facilit\u00e9 des connexions r\u00e9seau \u00e0 tr\u00e8s haut d\u00e9bit sur le r\u00e9seau Colt IQ.<\/p>\n\t<a href=\"https:\/\/legacy.colt.net\/fr\/product\/private-wave\" target=\"_self\" rel=\"noopener noreferrer\"><\/a> \n\t\t\t\t<img decoding=\"async\" src=\"https:\/\/legacy.colt.net\/wp-content\/uploads\/2021\/01\/Private-Wave.png\" alt=\"Private Wave\" title=\"Private Wave\" itemprop=\"image\"\/>\n\t\t<h3>Private wave<\/h3>\t\t\t\n\t\t\t\t<p>Colt Private Wave offre un r\u00e9seau optique priv\u00e9, s\u00e9curis\u00e9, flexible et performant, reposant sur un \u00e9quipement WDM et une infrastructure fibre d\u00e9di\u00e9s pour chaque client.<\/p>\n\t<a href=\"https:\/\/legacy.colt.net\/fr\/product\/spectrum\/\" target=\"_self\" rel=\"noopener noreferrer\"><\/a> \n\t\t\t\t<img decoding=\"async\" src=\"https:\/\/legacy.colt.net\/wp-content\/uploads\/2021\/01\/Spectrum.png\" alt=\"Spectrum\" title=\"Spectrum\" itemprop=\"image\"\/>\n\t\t<h3>Spectrum<\/h3>\t\t\t\n\t\t\t\t<p>Permettant de fournir un service ultra-haut d\u00e9bit, l&#8217;offre Colt Spectrum vous permet \u00e9galement d&#8217;utiliser vos propres \u00e9quipements DWDM tout en b\u00e9n\u00e9ficiant de toute la connectivit\u00e9 et de la large implantation du r\u00e9seau Colt.<\/p>\n\t<a href=\"https:\/\/legacy.colt.net\/fr\/product\/dark-fibre\/\" target=\"_self\" rel=\"noopener noreferrer\"><\/a> \n\t\t\t\t<img decoding=\"async\" src=\"https:\/\/legacy.colt.net\/wp-content\/uploads\/2021\/01\/Dark-Fibre.png\" alt=\"Dark Fibre\" title=\"Dark Fibre\" itemprop=\"image\"\/>\n\t\t<h3>Fibre noire<\/h3>\t\t\t\n\t\t\t\t<p>Le r\u00e9seau de fibre noire de Colt est le plus vaste et le plus fiable en Europe.<\/p>\n<p>Notre gamme de solution Fibre Optique comprend les produits et services suivants :<\/p>\n<p>En optant pour les services<a href=\"https:\/\/legacy.colt.net\/fr\/product\/wave\/\">\u00a0Colt Wave<\/a>, les clients disposent d&#8217;un service de transmission de donn\u00e9es de bout en bout transparent, de haute qualit\u00e9 et enti\u00e8rement manag\u00e9 fonctionnant entre 1 G et 100 G.<\/p>\n<p>Le service de chiffrement optique\u00a0<a href=\"https:\/\/legacy.colt.net\/fr\/product\/encryption\/\">Optical Encryption<\/a>, stdisponible avec nos produits Wave standard et Private Wave.<\/p>\n<p><a href=\"https:\/\/legacy.colt.net\/fr\/product\/private-wave\/\">Colt Private Wave<\/a>, est un service sur boucle locale qui utilise une plateforme de multiplexage en longueurs d&#8217;onde WDM (Wave Division Multiplexing) pour fournir de fa\u00e7on efficace des services ou types de services multiples sur une infrastructure d\u00e9di\u00e9e au client.<\/p>\n<p>Avec\u00a0<a href=\"https:\/\/legacy.colt.net\/fr\/product\/spectrum\/\">Colt Spectrum<\/a>, un spectre optique est attribu\u00e9 aux clients sur le r\u00e9seau longue distance Colt IQ. Ils disposent de la flexibilit\u00e9 n\u00e9cessaire pour allumer ce spectre avec leurs propres transpondeurs &#8211; une alternative souple et \u00e9conomique \u00e0 l&#8217;achat de fibre noire longue distance.<\/p>\n<p>Fiable et s\u00e9curis\u00e9e, l&#8217;infrastructure de r\u00e9seau optique\u00a0<a href=\"https:\/\/legacy.colt.net\/fr\/product\/dark-fibre\/\">Fibre noire de Colt<\/a>\u00a0apporte aux utilisateurs la souplesse requise pour cr\u00e9er et auto administrer un r\u00e9seau enti\u00e8rement priv\u00e9. Il incombera au client de fournir les \u00e9quipements et l&#8217;expertise correspondantes. L&#8217;offre Fibre noire est commercialis\u00e9e en standard sous la forme d&#8217;une paire de fibres optiques.<\/p>\n\t\t\t<h3>Contact us about:<\/h3><h3>Live chat with Sales<\/h3>\t\t\t\n\t\t\t\t<p>[hubspot type=form portal=344164 id=ee17469a-5075-4695-95c4-5de327ce0ab5]<\/p>\n\n","protected":false},"excerpt":{"rendered":"<p>Products &#038; Services Nos services optiques, incluant l&#8217;interconnexion de data centres ou encore des services de connectivit\u00e9 haut d\u00e9bit, fournissent les plus hauts niveaux de performance r\u00e9seau exig\u00e9s par les entreprises. Wave Les services Wave permettent de d\u00e9ployer avec rapidit\u00e9 et facilit\u00e9 des connexions r\u00e9seau \u00e0 tr\u00e8s haut d\u00e9bit sur le r\u00e9seau Colt IQ. Private&#8230;<\/p>\n","protected":false},"author":143,"featured_media":0,"parent":0,"menu_order":0,"comment_status":"closed","ping_status":"closed","template":"","meta":{"_acf_changed":false,"footnotes":""},"colt_type":[],"colt_products":[1489],"class_list":["post-34670","page","type-page","status-publish","hentry","colt_products-infrastructure-fr"],"acf":[],"yoast_head":"<!-- This site is optimized with the Yoast SEO plugin v26.8 - https:\/\/yoast.com\/product\/yoast-seo-wordpress\/ -->\n<title>Solutions fibre optique | Colt Technology Services | FR<\/title>\n<meta name=\"description\" content=\"Wave - Les services Wave permettent de d\u00e9ployer avec rapidit\u00e9 et facilit\u00e9 des connexions r\u00e9seau \u00e0 tr\u00e8s haut d\u00e9bit sur le r\u00e9seau Colt IQ.\" \/>\n<meta name=\"robots\" content=\"noindex, follow, max-snippet:-1, max-image-preview:large, max-video-preview:-1\" \/>\n<meta property=\"og:locale\" content=\"fr_FR\" \/>\n<meta property=\"og:type\" content=\"article\" \/>\n<meta property=\"og:title\" content=\"Solutions fibre optique | Colt Technology Services | FR\" \/>\n<meta property=\"og:description\" content=\"Wave - Les services Wave permettent de d\u00e9ployer avec rapidit\u00e9 et facilit\u00e9 des connexions r\u00e9seau \u00e0 tr\u00e8s haut d\u00e9bit sur le r\u00e9seau Colt IQ.\" \/>\n<meta property=\"og:url\" content=\"https:\/\/legacy.colt.net\/fr\/optical\/\" \/>\n<meta property=\"og:site_name\" content=\"Colt Technology Services\" \/>\n<meta property=\"article:publisher\" content=\"https:\/\/www.facebook.com\/ColtTechnologyServices\/\" \/>\n<meta property=\"article:modified_time\" content=\"2021-01-09T09:57:53+00:00\" \/>\n<meta property=\"og:image\" content=\"https:\/\/legacy.colt.net\/wp-content\/uploads\/2021\/01\/Brand-2021-Stock-9.jpg\" \/>\n\t<meta property=\"og:image:width\" content=\"1000\" \/>\n\t<meta property=\"og:image:height\" content=\"667\" \/>\n\t<meta property=\"og:image:type\" content=\"image\/jpeg\" \/>\n<meta name=\"twitter:card\" content=\"summary_large_image\" \/>\n<meta name=\"twitter:site\" content=\"@colt_technology\" \/>\n<meta name=\"twitter:label1\" content=\"Est. reading time\" \/>\n\t<meta name=\"twitter:data1\" content=\"2 minutes\" \/>\n<script type=\"application\/ld+json\" class=\"yoast-schema-graph\">{\"@context\":\"https:\/\/schema.org\",\"@graph\":[{\"@type\":\"WebPage\",\"@id\":\"https:\/\/legacy.colt.net\/fr\/optical\/\",\"url\":\"https:\/\/legacy.colt.net\/fr\/optical\/\",\"name\":\"Solutions fibre optique | Colt Technology Services | FR\",\"isPartOf\":{\"@id\":\"https:\/\/legacy.colt.net\/#website\"},\"primaryImageOfPage\":{\"@id\":\"https:\/\/legacy.colt.net\/fr\/optical\/#primaryimage\"},\"image\":{\"@id\":\"https:\/\/legacy.colt.net\/fr\/optical\/#primaryimage\"},\"thumbnailUrl\":\"https:\/\/legacy.colt.net\/wp-content\/uploads\/2021\/01\/Wave.png\",\"datePublished\":\"2018-11-08T16:03:47+00:00\",\"dateModified\":\"2021-01-09T09:57:53+00:00\",\"description\":\"Wave - Les services Wave permettent de d\u00e9ployer avec rapidit\u00e9 et facilit\u00e9 des connexions r\u00e9seau \u00e0 tr\u00e8s haut d\u00e9bit sur le r\u00e9seau Colt IQ.\",\"breadcrumb\":{\"@id\":\"https:\/\/legacy.colt.net\/fr\/optical\/#breadcrumb\"},\"inLanguage\":\"fr-FR\",\"potentialAction\":[{\"@type\":\"ReadAction\",\"target\":[\"https:\/\/legacy.colt.net\/fr\/optical\/\"]}]},{\"@type\":\"ImageObject\",\"inLanguage\":\"fr-FR\",\"@id\":\"https:\/\/legacy.colt.net\/fr\/optical\/#primaryimage\",\"url\":\"https:\/\/legacy.colt.net\/wp-content\/uploads\/2021\/01\/Wave.png\",\"contentUrl\":\"https:\/\/legacy.colt.net\/wp-content\/uploads\/2021\/01\/Wave.png\"},{\"@type\":\"BreadcrumbList\",\"@id\":\"https:\/\/legacy.colt.net\/fr\/optical\/#breadcrumb\",\"itemListElement\":[{\"@type\":\"ListItem\",\"position\":1,\"name\":\"Home\",\"item\":\"https:\/\/legacy.colt.net\/fr\/\"},{\"@type\":\"ListItem\",\"position\":2,\"name\":\"Solutions fibre optique\"}]},{\"@type\":\"WebSite\",\"@id\":\"https:\/\/legacy.colt.net\/#website\",\"url\":\"https:\/\/legacy.colt.net\/\",\"name\":\"Colt\u30c6\u30af\u30ce\u30ed\u30b8\u30fc\u30b5\u30fc\u30d3\u30b9\u682a\u5f0f\u4f1a\u793e\",\"description\":\"Managed Network &amp; Voice Services Provider\",\"publisher\":{\"@id\":\"https:\/\/legacy.colt.net\/#organization\"},\"potentialAction\":[{\"@type\":\"SearchAction\",\"target\":{\"@type\":\"EntryPoint\",\"urlTemplate\":\"https:\/\/legacy.colt.net\/?s={search_term_string}\"},\"query-input\":{\"@type\":\"PropertyValueSpecification\",\"valueRequired\":true,\"valueName\":\"search_term_string\"}}],\"inLanguage\":\"fr-FR\"},{\"@type\":\"Organization\",\"@id\":\"https:\/\/legacy.colt.net\/#organization\",\"name\":\"Colt Technology Services\",\"url\":\"https:\/\/legacy.colt.net\/\",\"logo\":{\"@type\":\"ImageObject\",\"inLanguage\":\"fr-FR\",\"@id\":\"https:\/\/legacy.colt.net\/#\/schema\/logo\/image\/\",\"url\":\"https:\/\/legacy.colt.net\/wp-content\/uploads\/2019\/02\/Colt-Logo.png\",\"contentUrl\":\"https:\/\/legacy.colt.net\/wp-content\/uploads\/2019\/02\/Colt-Logo.png\",\"width\":195,\"height\":77,\"caption\":\"Colt Technology Services\"},\"image\":{\"@id\":\"https:\/\/legacy.colt.net\/#\/schema\/logo\/image\/\"},\"sameAs\":[\"https:\/\/www.facebook.com\/ColtTechnologyServices\/\",\"https:\/\/x.com\/colt_technology\",\"https:\/\/www.instagram.com\/colttechnologyservices\/\",\"https:\/\/www.linkedin.com\/company\/colt-technology-services\",\"https:\/\/www.youtube.com\/user\/ColtTechnology\"]}]}<\/script>\n<!-- \/ Yoast SEO plugin. -->","yoast_head_json":{"title":"Solutions fibre optique | Colt Technology Services | FR","description":"Wave - Les services Wave permettent de d\u00e9ployer avec rapidit\u00e9 et facilit\u00e9 des connexions r\u00e9seau \u00e0 tr\u00e8s haut d\u00e9bit sur le r\u00e9seau Colt IQ.","robots":{"index":"noindex","follow":"follow","max-snippet":"max-snippet:-1","max-image-preview":"max-image-preview:large","max-video-preview":"max-video-preview:-1"},"og_locale":"fr_FR","og_type":"article","og_title":"Solutions fibre optique | Colt Technology Services | FR","og_description":"Wave - Les services Wave permettent de d\u00e9ployer avec rapidit\u00e9 et facilit\u00e9 des connexions r\u00e9seau \u00e0 tr\u00e8s haut d\u00e9bit sur le r\u00e9seau Colt IQ.","og_url":"https:\/\/legacy.colt.net\/fr\/optical\/","og_site_name":"Colt Technology Services","article_publisher":"https:\/\/www.facebook.com\/ColtTechnologyServices\/","article_modified_time":"2021-01-09T09:57:53+00:00","og_image":[{"width":1000,"height":667,"url":"https:\/\/legacy.colt.net\/wp-content\/uploads\/2021\/01\/Brand-2021-Stock-9.jpg","type":"image\/jpeg"}],"twitter_card":"summary_large_image","twitter_site":"@colt_technology","twitter_misc":{"Est. reading time":"2 minutes"},"schema":{"@context":"https:\/\/schema.org","@graph":[{"@type":"WebPage","@id":"https:\/\/legacy.colt.net\/fr\/optical\/","url":"https:\/\/legacy.colt.net\/fr\/optical\/","name":"Solutions fibre optique | Colt Technology Services | FR","isPartOf":{"@id":"https:\/\/legacy.colt.net\/#website"},"primaryImageOfPage":{"@id":"https:\/\/legacy.colt.net\/fr\/optical\/#primaryimage"},"image":{"@id":"https:\/\/legacy.colt.net\/fr\/optical\/#primaryimage"},"thumbnailUrl":"https:\/\/legacy.colt.net\/wp-content\/uploads\/2021\/01\/Wave.png","datePublished":"2018-11-08T16:03:47+00:00","dateModified":"2021-01-09T09:57:53+00:00","description":"Wave - Les services Wave permettent de d\u00e9ployer avec rapidit\u00e9 et facilit\u00e9 des connexions r\u00e9seau \u00e0 tr\u00e8s haut d\u00e9bit sur le r\u00e9seau Colt IQ.","breadcrumb":{"@id":"https:\/\/legacy.colt.net\/fr\/optical\/#breadcrumb"},"inLanguage":"fr-FR","potentialAction":[{"@type":"ReadAction","target":["https:\/\/legacy.colt.net\/fr\/optical\/"]}]},{"@type":"ImageObject","inLanguage":"fr-FR","@id":"https:\/\/legacy.colt.net\/fr\/optical\/#primaryimage","url":"https:\/\/legacy.colt.net\/wp-content\/uploads\/2021\/01\/Wave.png","contentUrl":"https:\/\/legacy.colt.net\/wp-content\/uploads\/2021\/01\/Wave.png"},{"@type":"BreadcrumbList","@id":"https:\/\/legacy.colt.net\/fr\/optical\/#breadcrumb","itemListElement":[{"@type":"ListItem","position":1,"name":"Home","item":"https:\/\/legacy.colt.net\/fr\/"},{"@type":"ListItem","position":2,"name":"Solutions fibre optique"}]},{"@type":"WebSite","@id":"https:\/\/legacy.colt.net\/#website","url":"https:\/\/legacy.colt.net\/","name":"Colt\u30c6\u30af\u30ce\u30ed\u30b8\u30fc\u30b5\u30fc\u30d3\u30b9\u682a\u5f0f\u4f1a\u793e","description":"Managed Network &amp; Voice Services Provider","publisher":{"@id":"https:\/\/legacy.colt.net\/#organization"},"potentialAction":[{"@type":"SearchAction","target":{"@type":"EntryPoint","urlTemplate":"https:\/\/legacy.colt.net\/?s={search_term_string}"},"query-input":{"@type":"PropertyValueSpecification","valueRequired":true,"valueName":"search_term_string"}}],"inLanguage":"fr-FR"},{"@type":"Organization","@id":"https:\/\/legacy.colt.net\/#organization","name":"Colt Technology Services","url":"https:\/\/legacy.colt.net\/","logo":{"@type":"ImageObject","inLanguage":"fr-FR","@id":"https:\/\/legacy.colt.net\/#\/schema\/logo\/image\/","url":"https:\/\/legacy.colt.net\/wp-content\/uploads\/2019\/02\/Colt-Logo.png","contentUrl":"https:\/\/legacy.colt.net\/wp-content\/uploads\/2019\/02\/Colt-Logo.png","width":195,"height":77,"caption":"Colt Technology Services"},"image":{"@id":"https:\/\/legacy.colt.net\/#\/schema\/logo\/image\/"},"sameAs":["https:\/\/www.facebook.com\/ColtTechnologyServices\/","https:\/\/x.com\/colt_technology","https:\/\/www.instagram.com\/colttechnologyservices\/","https:\/\/www.linkedin.com\/company\/colt-technology-services","https:\/\/www.youtube.com\/user\/ColtTechnology"]}]}},"_links":{"self":[{"href":"https:\/\/legacy.colt.net\/fr\/wp-json\/wp\/v2\/pages\/34670","targetHints":{"allow":["GET"]}}],"collection":[{"href":"https:\/\/legacy.colt.net\/fr\/wp-json\/wp\/v2\/pages"}],"about":[{"href":"https:\/\/legacy.colt.net\/fr\/wp-json\/wp\/v2\/types\/page"}],"author":[{"embeddable":true,"href":"https:\/\/legacy.colt.net\/fr\/wp-json\/wp\/v2\/users\/143"}],"replies":[{"embeddable":true,"href":"https:\/\/legacy.colt.net\/fr\/wp-json\/wp\/v2\/comments?post=34670"}],"version-history":[{"count":0,"href":"https:\/\/legacy.colt.net\/fr\/wp-json\/wp\/v2\/pages\/34670\/revisions"}],"wp:attachment":[{"href":"https:\/\/legacy.colt.net\/fr\/wp-json\/wp\/v2\/media?parent=34670"}],"wp:term":[{"taxonomy":"colt_type","embeddable":true,"href":"https:\/\/legacy.colt.net\/fr\/wp-json\/wp\/v2\/colt_type?post=34670"},{"taxonomy":"colt_products","embeddable":true,"href":"https:\/\/legacy.colt.net\/fr\/wp-json\/wp\/v2\/colt_products?post=34670"}],"curies":[{"name":"wp","href":"https:\/\/api.w.org\/{rel}","templated":true}]}}