{"id":34656,"date":"2017-03-13T15:51:17","date_gmt":"2017-03-13T15:51:17","guid":{"rendered":"https:\/\/www.colt.net\/ip\/"},"modified":"2021-01-09T10:02:57","modified_gmt":"2021-01-09T10:02:57","slug":"ip","status":"publish","type":"page","link":"https:\/\/legacy.colt.net\/fr\/ip\/","title":{"rendered":"Business Internet, SD WAN &#038; IP VPN"},"content":{"rendered":"\n<h1>\n\t\tAcc\u00e8s Internet, SD WAN &#038; IP VPN\n\t<\/h1>\n<h2>\n\t\tProduits &#038; Services r\u00e9seaux\n\t<\/h2>\n\t<nav class=\"breadcrumb\"><span><span><a href=\"https:\/\/legacy.colt.net\/fr\/\">Home<\/a><\/span><\/span><\/nav>\n\t<p>Le service Colt Internet Access permet aux clients de connecter leurs sites professionnels de toutes dimensions \u00e0 Internet en b\u00e9n\u00e9ficiant d&#8217;un d\u00e9bit garanti.<\/p>\n\t<a href=\"https:\/\/legacy.colt.net\/fr\/product\/ip-access\/\" target=\"_self\" rel=\"noopener noreferrer\"><\/a> \n\t\t\t\t<img decoding=\"async\" src=\"https:\/\/legacy.colt.net\/wp-content\/uploads\/2021\/01\/IP-Access.png\" alt=\"IP Access\" title=\"IP Access\" itemprop=\"image\"\/>\n\t\t<h3>IP Access<\/h3>\t\t\t\n\t\t\t\t<p>Une entreprise performante a besoin d&#8217;un acc\u00e8s Internet performant, partout dans le monde o\u00f9 elle exerce ses activit\u00e9s.<\/p>\n\t<a href=\"https:\/\/legacy.colt.net\/fr\/product\/sd-wan\/\" target=\"_self\" rel=\"noopener noreferrer\"><\/a> \n\t\t\t\t<img decoding=\"async\" src=\"https:\/\/legacy.colt.net\/wp-content\/uploads\/2021\/01\/SD-WAN.png\" alt=\"SD WAN\" title=\"SD WAN\" itemprop=\"image\"\/>\n\t\t<h3>SD WAN<\/h3>\t\t\t\n\t\t\t\t<p>Colt s&#8217;appuie sur une plateforme SD-WAN intelligente pour faire le tri entre les donn\u00e9es qui transitent par Internet et celles qui circulent dans des r\u00e9seaux priv\u00e9s<\/p>\n\t<a href=\"https:\/\/legacy.colt.net\/fr\/product\/ip-vpn\/\" target=\"_self\" rel=\"noopener noreferrer\"><\/a> \n\t\t\t\t<img decoding=\"async\" src=\"https:\/\/legacy.colt.net\/wp-content\/uploads\/2021\/01\/IP-Guardian.png\" alt=\"IP Guardian\" title=\"IP Guardian\" itemprop=\"image\"\/>\n\t\t<h3>IP VPN<\/h3>\t\t\t\n\t\t\t\t<p>Le VPN professionnel de Colt vous \u00e9pargne de trancher en vous permettant d&#8217;op\u00e9rer sur un r\u00e9seau priv\u00e9 s\u00e9curis\u00e9 tout en b\u00e9n\u00e9ficiant des \u00e9conomies engendr\u00e9es par un r\u00e9seau mondial mutualis\u00e9.<\/p>\n<h2>A propos de nos services<\/h2>\n<a href=\"https:\/\/legacy.colt.net\/fr\/product\/ip-access\/\"><strong>Acc\u00e8s Internet<\/strong><\/a><br \/>\nLe service Colt Internet Access permet aux clients de connecter leurs sites professionnels de toutes dimensions \u00e0 Internet en b\u00e9n\u00e9ficiant d&#8217;un d\u00e9bit garanti.\n<ul>\n<li>Un engagement de qualit\u00e9 de service et une disponibilit\u00e9 \u00e9lev\u00e9e jusqu&#8217;\u00e0 99,99 % ;<\/li>\n<li>Surveillance proactive, g\u00e9n\u00e9ration automatique de tickets et notifications.<\/li>\n<\/ul>\n<strong><br \/>\n<a href=\"https:\/\/legacy.colt.net\/fr\/product\/ip-vpn\/\">IP VPN<\/a><\/strong><br \/>\nUn service VPN (r\u00e9seau priv\u00e9 virtuel) sur IP qui fournit une infrastructure WAN fiable et s\u00e9curis\u00e9e.\n<ul>\n<li>Connectivit\u00e9 en maillage total (any-to-any) des diff\u00e9rents sites du client<\/li>\n<li>Multiples options de connectivit\u00e9, dont <a class=\"wpil_keyword_link\" href=\"https:\/\/legacy.colt.net\/product\/sd-wan\/\"   title=\"SD WAN\" data-wpil-keyword-link=\"linked\"  data-wpil-monitor-id=\"1\">SD WAN<\/a> hybride.<\/li>\n<\/ul>\n<strong><br \/>\n<a href=\"https:\/\/legacy.colt.net\/fr\/product\/sd-wan\/\">SD WAN<\/a><\/strong><br \/>\nUtilisez l&#8217;internet public pour acc\u00e9der \u00e0 un r\u00e9seau local \u00e9tendu WAN, s\u00e9par\u00e9ment ou en mode hybride avec un acc\u00e8s IP VPN bas\u00e9 sur la technologie MPLS (MultiProtocol Label Switching).\n<ul>\n<li>facile \u00e0 utiliser, notre portail SD WAN assure l&#8217;analyse et l&#8217;administration du WAN pour chacune des applications cl\u00e9s ;<\/li>\n<li>livraison rapide et co\u00fbts en baisse avec la virtualisation des fonctions r\u00e9seau (NFV) qui conjugue \u00e9lasticit\u00e9 et exploitation enti\u00e8rement automatis\u00e9e dans le cadre d&#8217;une infrastructure mat\u00e9rielle ouverte et \u00e9volutive.<\/li>\n<\/ul>\n\t\t\t<h3>Contact us about:<\/h3><h3>Live chat with Sales<\/h3>\t\t\t\n\t\t\t\t<p>[hubspot type=form portal=344164 id=ee17469a-5075-4695-95c4-5de327ce0ab5]<\/p>\n\n","protected":false},"excerpt":{"rendered":"<p>Acc\u00e8s Internet, SD WAN &#038; IP VPN Produits &#038; Services r\u00e9seaux Le service Colt Internet Access permet aux clients de connecter leurs sites professionnels de toutes dimensions \u00e0 Internet en b\u00e9n\u00e9ficiant d&#8217;un d\u00e9bit garanti. IP Access Une entreprise performante a besoin d&#8217;un acc\u00e8s Internet performant, partout dans le monde o\u00f9 elle exerce ses activit\u00e9s. SD&#8230;<\/p>\n","protected":false},"author":2,"featured_media":0,"parent":0,"menu_order":0,"comment_status":"closed","ping_status":"closed","template":"","meta":{"_acf_changed":false,"footnotes":""},"colt_type":[],"colt_products":[],"class_list":["post-34656","page","type-page","status-publish","hentry"],"acf":[],"yoast_head":"<!-- This site is optimized with the Yoast SEO plugin v26.8 - https:\/\/yoast.com\/product\/yoast-seo-wordpress\/ -->\n<title>Business Internet, SD WAN &amp; IP VPN - Colt Technology Services - FR<\/title>\n<meta name=\"description\" content=\"Une entreprise performante a besoin d\u2019un Business Internet performant, partout dans le monde o\u00f9 elle exerce ses activit\u00e9s.\" \/>\n<meta name=\"robots\" content=\"noindex, follow, max-snippet:-1, max-image-preview:large, max-video-preview:-1\" \/>\n<meta property=\"og:locale\" content=\"fr_FR\" \/>\n<meta property=\"og:type\" content=\"article\" \/>\n<meta property=\"og:title\" content=\"Business Internet, SD WAN &amp; IP VPN - Colt Technology Services - FR\" \/>\n<meta property=\"og:description\" content=\"Une entreprise performante a besoin d\u2019un Business Internet performant, partout dans le monde o\u00f9 elle exerce ses activit\u00e9s.\" \/>\n<meta property=\"og:url\" content=\"https:\/\/legacy.colt.net\/fr\/ip\/\" \/>\n<meta property=\"og:site_name\" content=\"Colt Technology Services\" \/>\n<meta property=\"article:publisher\" content=\"https:\/\/www.facebook.com\/ColtTechnologyServices\/\" \/>\n<meta property=\"article:modified_time\" content=\"2021-01-09T10:02:57+00:00\" \/>\n<meta property=\"og:image\" content=\"https:\/\/legacy.colt.net\/wp-content\/uploads\/2021\/01\/IP-Access.png\" \/>\n<meta name=\"twitter:card\" content=\"summary_large_image\" \/>\n<meta name=\"twitter:site\" content=\"@colt_technology\" \/>\n<meta name=\"twitter:label1\" content=\"Est. reading time\" \/>\n\t<meta name=\"twitter:data1\" content=\"2 minutes\" \/>\n<script type=\"application\/ld+json\" class=\"yoast-schema-graph\">{\"@context\":\"https:\/\/schema.org\",\"@graph\":[{\"@type\":\"WebPage\",\"@id\":\"https:\/\/legacy.colt.net\/fr\/ip\/\",\"url\":\"https:\/\/legacy.colt.net\/fr\/ip\/\",\"name\":\"Business Internet, SD WAN & IP VPN - Colt Technology Services - FR\",\"isPartOf\":{\"@id\":\"https:\/\/legacy.colt.net\/#website\"},\"primaryImageOfPage\":{\"@id\":\"https:\/\/legacy.colt.net\/fr\/ip\/#primaryimage\"},\"image\":{\"@id\":\"https:\/\/legacy.colt.net\/fr\/ip\/#primaryimage\"},\"thumbnailUrl\":\"https:\/\/legacy.colt.net\/wp-content\/uploads\/2021\/01\/IP-Access.png\",\"datePublished\":\"2017-03-13T15:51:17+00:00\",\"dateModified\":\"2021-01-09T10:02:57+00:00\",\"description\":\"Une entreprise performante a besoin d\u2019un Business Internet performant, partout dans le monde o\u00f9 elle exerce ses activit\u00e9s.\",\"breadcrumb\":{\"@id\":\"https:\/\/legacy.colt.net\/fr\/ip\/#breadcrumb\"},\"inLanguage\":\"fr-FR\",\"potentialAction\":[{\"@type\":\"ReadAction\",\"target\":[\"https:\/\/legacy.colt.net\/fr\/ip\/\"]}]},{\"@type\":\"ImageObject\",\"inLanguage\":\"fr-FR\",\"@id\":\"https:\/\/legacy.colt.net\/fr\/ip\/#primaryimage\",\"url\":\"https:\/\/legacy.colt.net\/wp-content\/uploads\/2021\/01\/IP-Access.png\",\"contentUrl\":\"https:\/\/legacy.colt.net\/wp-content\/uploads\/2021\/01\/IP-Access.png\"},{\"@type\":\"BreadcrumbList\",\"@id\":\"https:\/\/legacy.colt.net\/fr\/ip\/#breadcrumb\",\"itemListElement\":[{\"@type\":\"ListItem\",\"position\":1,\"name\":\"Home\",\"item\":\"https:\/\/legacy.colt.net\/fr\/\"},{\"@type\":\"ListItem\",\"position\":2,\"name\":\"Business Internet, SD WAN &#038; IP VPN\"}]},{\"@type\":\"WebSite\",\"@id\":\"https:\/\/legacy.colt.net\/#website\",\"url\":\"https:\/\/legacy.colt.net\/\",\"name\":\"Colt\u30c6\u30af\u30ce\u30ed\u30b8\u30fc\u30b5\u30fc\u30d3\u30b9\u682a\u5f0f\u4f1a\u793e\",\"description\":\"Managed Network &amp; Voice Services Provider\",\"publisher\":{\"@id\":\"https:\/\/legacy.colt.net\/#organization\"},\"potentialAction\":[{\"@type\":\"SearchAction\",\"target\":{\"@type\":\"EntryPoint\",\"urlTemplate\":\"https:\/\/legacy.colt.net\/?s={search_term_string}\"},\"query-input\":{\"@type\":\"PropertyValueSpecification\",\"valueRequired\":true,\"valueName\":\"search_term_string\"}}],\"inLanguage\":\"fr-FR\"},{\"@type\":\"Organization\",\"@id\":\"https:\/\/legacy.colt.net\/#organization\",\"name\":\"Colt Technology Services\",\"url\":\"https:\/\/legacy.colt.net\/\",\"logo\":{\"@type\":\"ImageObject\",\"inLanguage\":\"fr-FR\",\"@id\":\"https:\/\/legacy.colt.net\/#\/schema\/logo\/image\/\",\"url\":\"https:\/\/legacy.colt.net\/wp-content\/uploads\/2019\/02\/Colt-Logo.png\",\"contentUrl\":\"https:\/\/legacy.colt.net\/wp-content\/uploads\/2019\/02\/Colt-Logo.png\",\"width\":195,\"height\":77,\"caption\":\"Colt Technology Services\"},\"image\":{\"@id\":\"https:\/\/legacy.colt.net\/#\/schema\/logo\/image\/\"},\"sameAs\":[\"https:\/\/www.facebook.com\/ColtTechnologyServices\/\",\"https:\/\/x.com\/colt_technology\",\"https:\/\/www.instagram.com\/colttechnologyservices\/\",\"https:\/\/www.linkedin.com\/company\/colt-technology-services\",\"https:\/\/www.youtube.com\/user\/ColtTechnology\"]}]}<\/script>\n<!-- \/ Yoast SEO plugin. -->","yoast_head_json":{"title":"Business Internet, SD WAN & IP VPN - Colt Technology Services - FR","description":"Une entreprise performante a besoin d\u2019un Business Internet performant, partout dans le monde o\u00f9 elle exerce ses activit\u00e9s.","robots":{"index":"noindex","follow":"follow","max-snippet":"max-snippet:-1","max-image-preview":"max-image-preview:large","max-video-preview":"max-video-preview:-1"},"og_locale":"fr_FR","og_type":"article","og_title":"Business Internet, SD WAN & IP VPN - Colt Technology Services - FR","og_description":"Une entreprise performante a besoin d\u2019un Business Internet performant, partout dans le monde o\u00f9 elle exerce ses activit\u00e9s.","og_url":"https:\/\/legacy.colt.net\/fr\/ip\/","og_site_name":"Colt Technology Services","article_publisher":"https:\/\/www.facebook.com\/ColtTechnologyServices\/","article_modified_time":"2021-01-09T10:02:57+00:00","og_image":[{"url":"https:\/\/legacy.colt.net\/wp-content\/uploads\/2021\/01\/IP-Access.png","type":"","width":"","height":""}],"twitter_card":"summary_large_image","twitter_site":"@colt_technology","twitter_misc":{"Est. reading time":"2 minutes"},"schema":{"@context":"https:\/\/schema.org","@graph":[{"@type":"WebPage","@id":"https:\/\/legacy.colt.net\/fr\/ip\/","url":"https:\/\/legacy.colt.net\/fr\/ip\/","name":"Business Internet, SD WAN & IP VPN - Colt Technology Services - FR","isPartOf":{"@id":"https:\/\/legacy.colt.net\/#website"},"primaryImageOfPage":{"@id":"https:\/\/legacy.colt.net\/fr\/ip\/#primaryimage"},"image":{"@id":"https:\/\/legacy.colt.net\/fr\/ip\/#primaryimage"},"thumbnailUrl":"https:\/\/legacy.colt.net\/wp-content\/uploads\/2021\/01\/IP-Access.png","datePublished":"2017-03-13T15:51:17+00:00","dateModified":"2021-01-09T10:02:57+00:00","description":"Une entreprise performante a besoin d\u2019un Business Internet performant, partout dans le monde o\u00f9 elle exerce ses activit\u00e9s.","breadcrumb":{"@id":"https:\/\/legacy.colt.net\/fr\/ip\/#breadcrumb"},"inLanguage":"fr-FR","potentialAction":[{"@type":"ReadAction","target":["https:\/\/legacy.colt.net\/fr\/ip\/"]}]},{"@type":"ImageObject","inLanguage":"fr-FR","@id":"https:\/\/legacy.colt.net\/fr\/ip\/#primaryimage","url":"https:\/\/legacy.colt.net\/wp-content\/uploads\/2021\/01\/IP-Access.png","contentUrl":"https:\/\/legacy.colt.net\/wp-content\/uploads\/2021\/01\/IP-Access.png"},{"@type":"BreadcrumbList","@id":"https:\/\/legacy.colt.net\/fr\/ip\/#breadcrumb","itemListElement":[{"@type":"ListItem","position":1,"name":"Home","item":"https:\/\/legacy.colt.net\/fr\/"},{"@type":"ListItem","position":2,"name":"Business Internet, SD WAN &#038; IP VPN"}]},{"@type":"WebSite","@id":"https:\/\/legacy.colt.net\/#website","url":"https:\/\/legacy.colt.net\/","name":"Colt\u30c6\u30af\u30ce\u30ed\u30b8\u30fc\u30b5\u30fc\u30d3\u30b9\u682a\u5f0f\u4f1a\u793e","description":"Managed Network &amp; Voice Services Provider","publisher":{"@id":"https:\/\/legacy.colt.net\/#organization"},"potentialAction":[{"@type":"SearchAction","target":{"@type":"EntryPoint","urlTemplate":"https:\/\/legacy.colt.net\/?s={search_term_string}"},"query-input":{"@type":"PropertyValueSpecification","valueRequired":true,"valueName":"search_term_string"}}],"inLanguage":"fr-FR"},{"@type":"Organization","@id":"https:\/\/legacy.colt.net\/#organization","name":"Colt Technology Services","url":"https:\/\/legacy.colt.net\/","logo":{"@type":"ImageObject","inLanguage":"fr-FR","@id":"https:\/\/legacy.colt.net\/#\/schema\/logo\/image\/","url":"https:\/\/legacy.colt.net\/wp-content\/uploads\/2019\/02\/Colt-Logo.png","contentUrl":"https:\/\/legacy.colt.net\/wp-content\/uploads\/2019\/02\/Colt-Logo.png","width":195,"height":77,"caption":"Colt Technology Services"},"image":{"@id":"https:\/\/legacy.colt.net\/#\/schema\/logo\/image\/"},"sameAs":["https:\/\/www.facebook.com\/ColtTechnologyServices\/","https:\/\/x.com\/colt_technology","https:\/\/www.instagram.com\/colttechnologyservices\/","https:\/\/www.linkedin.com\/company\/colt-technology-services","https:\/\/www.youtube.com\/user\/ColtTechnology"]}]}},"_links":{"self":[{"href":"https:\/\/legacy.colt.net\/fr\/wp-json\/wp\/v2\/pages\/34656","targetHints":{"allow":["GET"]}}],"collection":[{"href":"https:\/\/legacy.colt.net\/fr\/wp-json\/wp\/v2\/pages"}],"about":[{"href":"https:\/\/legacy.colt.net\/fr\/wp-json\/wp\/v2\/types\/page"}],"author":[{"embeddable":true,"href":"https:\/\/legacy.colt.net\/fr\/wp-json\/wp\/v2\/users\/2"}],"replies":[{"embeddable":true,"href":"https:\/\/legacy.colt.net\/fr\/wp-json\/wp\/v2\/comments?post=34656"}],"version-history":[{"count":0,"href":"https:\/\/legacy.colt.net\/fr\/wp-json\/wp\/v2\/pages\/34656\/revisions"}],"wp:attachment":[{"href":"https:\/\/legacy.colt.net\/fr\/wp-json\/wp\/v2\/media?parent=34656"}],"wp:term":[{"taxonomy":"colt_type","embeddable":true,"href":"https:\/\/legacy.colt.net\/fr\/wp-json\/wp\/v2\/colt_type?post=34656"},{"taxonomy":"colt_products","embeddable":true,"href":"https:\/\/legacy.colt.net\/fr\/wp-json\/wp\/v2\/colt_products?post=34656"}],"curies":[{"name":"wp","href":"https:\/\/api.w.org\/{rel}","templated":true}]}}