{"id":34562,"date":"2018-05-08T08:29:00","date_gmt":"2018-05-08T08:29:00","guid":{"rendered":"https:\/\/www.colt.net\/cybersecurity\/"},"modified":"2021-01-09T10:13:48","modified_gmt":"2021-01-09T10:13:48","slug":"cybersecurity","status":"publish","type":"page","link":"https:\/\/legacy.colt.net\/fr\/cybersecurity\/","title":{"rendered":"Cybersecurity Services"},"content":{"rendered":"\n<h1>\n\t\tServices Cybers\u00e9curit\u00e9\n\t<\/h1>\n<h2>\n\t\tProduits &#038; services r\u00e9seaux\n\t<\/h2>\n\t<nav class=\"breadcrumb\"><span><span><a href=\"https:\/\/legacy.colt.net\/fr\/\">Home<\/a><\/span><\/span><\/nav>\n\t<p>Notre gamme Colt Cybers\u00e9curit\u00e9 propose de nombreux services de s\u00e9curit\u00e9 con\u00e7us pour surveiller, d\u00e9tecter et prot\u00e9ger et les donn\u00e9es et l&#8217;infrastructure informatique des clients contre les cybermenaces et les incidents de s\u00e9curit\u00e9, ainsi que pour les aider \u00e0 g\u00e9rer les risques.<\/p>\n\t<a href=\"https:\/\/legacy.colt.net\/fr\/product\/managed-firewall\/\" target=\"_self\" rel=\"noopener noreferrer\"><\/a> \n\t\t\t\t<img decoding=\"async\" src=\"https:\/\/legacy.colt.net\/wp-content\/uploads\/2021\/01\/Managed-Firewall.png\" alt=\"Managed Firewall\" title=\"Managed Firewall\" itemprop=\"image\"\/>\n\t\t<h3>Managed firewall<\/h3>\t\t\t\n\t\t\t\t<p>Prot\u00e9gez vos r\u00e9seaux internes et vos donn\u00e9es critiques contre les cyberattaques avec les services Colt Managed Firewall.<\/p>\n\t<a href=\"https:\/\/legacy.colt.net\/fr\/product\/internet-security-ddos-mitigation-web-filtering\/\" target=\"_self\" rel=\"noopener noreferrer\"><\/a> \n\t\t\t\t<img decoding=\"async\" src=\"https:\/\/legacy.colt.net\/wp-content\/uploads\/2021\/01\/IP-Guardian.png\" alt=\"IP Guardian\" title=\"IP Guardian\" itemprop=\"image\"\/>\n\t\t<h3>DDoS protection<\/h3>\t\t\t\n\t\t\t\t<p>La cybers\u00e9curit\u00e9 est l&#8217;un des principaux d\u00e9fis auxquels sont aujourd&#8217;hui confront\u00e9es les entreprises.<\/p>\n\t<a href=\"https:\/\/legacy.colt.net\/fr\/product\/encryption\/\" target=\"_self\" rel=\"noopener noreferrer\"><\/a> \n\t\t\t\t<img decoding=\"async\" src=\"https:\/\/legacy.colt.net\/wp-content\/uploads\/2021\/01\/Encryption.png\" alt=\"Encryption\" title=\"Encryption\" itemprop=\"image\"\/>\n\t\t<h3>Service de chiffrement<\/h3>\t\t\t\n\t\t\t\t<p>Prot\u00e9gez vos donn\u00e9es sensibles avec les services de chiffrement Colt IQ Network.<\/p>\n\t<p>Notre gamme Colt Cybersecurity propose de nombreux services de s\u00e9curit\u00e9 con\u00e7us pour surveiller, d\u00e9tecter et prot\u00e9ger et les donn\u00e9es et l&#8217;infrastructure informatique des clients contre les cybermenaces et les incidents de s\u00e9curit\u00e9, ainsi que pour les aider \u00e0 g\u00e9rer les risques.<\/p>\n<p><a href=\"https:\/\/legacy.colt.net\/fr\/product\/managed-firewall\/\">Pare-feu de nouvelle g\u00e9n\u00e9ration<\/a> avec services de protection des applications et des contenus (IDS\/IPS), enti\u00e8rement administr\u00e9 par les experts en cybers\u00e9curit\u00e9 de Colt.<\/p>\n<p>Protection des applications et des services connect\u00e9s \u00e0 Internet contre les attaques par <a href=\"https:\/\/legacy.colt.net\/fr\/product\/internet-security-ddos-mitigation-web-filtering\/\">d\u00e9ni de service distribu\u00e9<\/a> (DDoS).<\/p>\n<p><a href=\"https:\/\/legacy.colt.net\/fr\/product\/encryption\/\">Des services de chiffrement<\/a> pour prot\u00e9ger les donn\u00e9es sensibles \u00e9chang\u00e9es avec chiffrement du r\u00e9seau de bout en bout des couches optiques, Ethernet et IP.<\/p>\n\t\t\t<h3>Contactez-nous<\/h3>\t\t\t\n\t\t\t\t<p>[hubspot type=form portal=344164 id=efe9b5f7-7d48-4f0a-a125-cc234efbf1df]<\/p>\n\n","protected":false},"excerpt":{"rendered":"<p>Services Cybers\u00e9curit\u00e9 Produits &#038; services r\u00e9seaux Notre gamme Colt Cybers\u00e9curit\u00e9 propose de nombreux services de s\u00e9curit\u00e9 con\u00e7us pour surveiller, d\u00e9tecter et prot\u00e9ger et les donn\u00e9es et l&#8217;infrastructure informatique des clients contre les cybermenaces et les incidents de s\u00e9curit\u00e9, ainsi que pour les aider \u00e0 g\u00e9rer les risques. Managed firewall Prot\u00e9gez vos r\u00e9seaux internes et vos&#8230;<\/p>\n","protected":false},"author":2,"featured_media":0,"parent":0,"menu_order":0,"comment_status":"closed","ping_status":"closed","template":"","meta":{"_acf_changed":false,"footnotes":""},"colt_type":[],"colt_products":[1342],"class_list":["post-34562","page","type-page","status-publish","hentry","colt_products-security-fr"],"acf":[],"yoast_head":"<!-- This site is optimized with the Yoast SEO plugin v26.8 - https:\/\/yoast.com\/product\/yoast-seo-wordpress\/ -->\n<title>Cybersecurity Services - Colt Technology Services - FR<\/title>\n<meta name=\"description\" content=\"Managed firewall, DDOS Protection, Services de chiffrement\" \/>\n<meta name=\"robots\" content=\"noindex, follow, max-snippet:-1, max-image-preview:large, max-video-preview:-1\" \/>\n<meta property=\"og:locale\" content=\"fr_FR\" \/>\n<meta property=\"og:type\" content=\"article\" \/>\n<meta property=\"og:title\" content=\"Cybersecurity Services - Colt Technology Services - FR\" \/>\n<meta property=\"og:description\" content=\"Managed firewall, DDOS Protection, Services de chiffrement\" \/>\n<meta property=\"og:url\" content=\"https:\/\/legacy.colt.net\/fr\/cybersecurity\/\" \/>\n<meta property=\"og:site_name\" content=\"Colt Technology Services\" \/>\n<meta property=\"article:publisher\" content=\"https:\/\/www.facebook.com\/ColtTechnologyServices\/\" \/>\n<meta property=\"article:modified_time\" content=\"2021-01-09T10:13:48+00:00\" \/>\n<meta property=\"og:image\" content=\"https:\/\/legacy.colt.net\/wp-content\/uploads\/2021\/01\/Brand-2021-Stock-18.jpg\" \/>\n\t<meta property=\"og:image:width\" content=\"1000\" \/>\n\t<meta property=\"og:image:height\" content=\"750\" \/>\n\t<meta property=\"og:image:type\" content=\"image\/jpeg\" \/>\n<meta name=\"twitter:card\" content=\"summary_large_image\" \/>\n<meta name=\"twitter:site\" content=\"@colt_technology\" \/>\n<meta name=\"twitter:label1\" content=\"Est. reading time\" \/>\n\t<meta name=\"twitter:data1\" content=\"1 minute\" \/>\n<script type=\"application\/ld+json\" class=\"yoast-schema-graph\">{\"@context\":\"https:\/\/schema.org\",\"@graph\":[{\"@type\":\"WebPage\",\"@id\":\"https:\/\/legacy.colt.net\/fr\/cybersecurity\/\",\"url\":\"https:\/\/legacy.colt.net\/fr\/cybersecurity\/\",\"name\":\"Cybersecurity Services - Colt Technology Services - FR\",\"isPartOf\":{\"@id\":\"https:\/\/legacy.colt.net\/#website\"},\"primaryImageOfPage\":{\"@id\":\"https:\/\/legacy.colt.net\/fr\/cybersecurity\/#primaryimage\"},\"image\":{\"@id\":\"https:\/\/legacy.colt.net\/fr\/cybersecurity\/#primaryimage\"},\"thumbnailUrl\":\"https:\/\/legacy.colt.net\/wp-content\/uploads\/2021\/01\/Managed-Firewall.png\",\"datePublished\":\"2018-05-08T08:29:00+00:00\",\"dateModified\":\"2021-01-09T10:13:48+00:00\",\"description\":\"Managed firewall, DDOS Protection, Services de chiffrement\",\"breadcrumb\":{\"@id\":\"https:\/\/legacy.colt.net\/fr\/cybersecurity\/#breadcrumb\"},\"inLanguage\":\"fr-FR\",\"potentialAction\":[{\"@type\":\"ReadAction\",\"target\":[\"https:\/\/legacy.colt.net\/fr\/cybersecurity\/\"]}]},{\"@type\":\"ImageObject\",\"inLanguage\":\"fr-FR\",\"@id\":\"https:\/\/legacy.colt.net\/fr\/cybersecurity\/#primaryimage\",\"url\":\"https:\/\/legacy.colt.net\/wp-content\/uploads\/2021\/01\/Managed-Firewall.png\",\"contentUrl\":\"https:\/\/legacy.colt.net\/wp-content\/uploads\/2021\/01\/Managed-Firewall.png\"},{\"@type\":\"BreadcrumbList\",\"@id\":\"https:\/\/legacy.colt.net\/fr\/cybersecurity\/#breadcrumb\",\"itemListElement\":[{\"@type\":\"ListItem\",\"position\":1,\"name\":\"Home\",\"item\":\"https:\/\/legacy.colt.net\/fr\/\"},{\"@type\":\"ListItem\",\"position\":2,\"name\":\"Cybersecurity Services\"}]},{\"@type\":\"WebSite\",\"@id\":\"https:\/\/legacy.colt.net\/#website\",\"url\":\"https:\/\/legacy.colt.net\/\",\"name\":\"Colt\u30c6\u30af\u30ce\u30ed\u30b8\u30fc\u30b5\u30fc\u30d3\u30b9\u682a\u5f0f\u4f1a\u793e\",\"description\":\"Managed Network &amp; Voice Services Provider\",\"publisher\":{\"@id\":\"https:\/\/legacy.colt.net\/#organization\"},\"potentialAction\":[{\"@type\":\"SearchAction\",\"target\":{\"@type\":\"EntryPoint\",\"urlTemplate\":\"https:\/\/legacy.colt.net\/?s={search_term_string}\"},\"query-input\":{\"@type\":\"PropertyValueSpecification\",\"valueRequired\":true,\"valueName\":\"search_term_string\"}}],\"inLanguage\":\"fr-FR\"},{\"@type\":\"Organization\",\"@id\":\"https:\/\/legacy.colt.net\/#organization\",\"name\":\"Colt Technology Services\",\"url\":\"https:\/\/legacy.colt.net\/\",\"logo\":{\"@type\":\"ImageObject\",\"inLanguage\":\"fr-FR\",\"@id\":\"https:\/\/legacy.colt.net\/#\/schema\/logo\/image\/\",\"url\":\"https:\/\/legacy.colt.net\/wp-content\/uploads\/2019\/02\/Colt-Logo.png\",\"contentUrl\":\"https:\/\/legacy.colt.net\/wp-content\/uploads\/2019\/02\/Colt-Logo.png\",\"width\":195,\"height\":77,\"caption\":\"Colt Technology Services\"},\"image\":{\"@id\":\"https:\/\/legacy.colt.net\/#\/schema\/logo\/image\/\"},\"sameAs\":[\"https:\/\/www.facebook.com\/ColtTechnologyServices\/\",\"https:\/\/x.com\/colt_technology\",\"https:\/\/www.instagram.com\/colttechnologyservices\/\",\"https:\/\/www.linkedin.com\/company\/colt-technology-services\",\"https:\/\/www.youtube.com\/user\/ColtTechnology\"]}]}<\/script>\n<!-- \/ Yoast SEO plugin. -->","yoast_head_json":{"title":"Cybersecurity Services - Colt Technology Services - FR","description":"Managed firewall, DDOS Protection, Services de chiffrement","robots":{"index":"noindex","follow":"follow","max-snippet":"max-snippet:-1","max-image-preview":"max-image-preview:large","max-video-preview":"max-video-preview:-1"},"og_locale":"fr_FR","og_type":"article","og_title":"Cybersecurity Services - Colt Technology Services - FR","og_description":"Managed firewall, DDOS Protection, Services de chiffrement","og_url":"https:\/\/legacy.colt.net\/fr\/cybersecurity\/","og_site_name":"Colt Technology Services","article_publisher":"https:\/\/www.facebook.com\/ColtTechnologyServices\/","article_modified_time":"2021-01-09T10:13:48+00:00","og_image":[{"width":1000,"height":750,"url":"https:\/\/legacy.colt.net\/wp-content\/uploads\/2021\/01\/Brand-2021-Stock-18.jpg","type":"image\/jpeg"}],"twitter_card":"summary_large_image","twitter_site":"@colt_technology","twitter_misc":{"Est. reading time":"1 minute"},"schema":{"@context":"https:\/\/schema.org","@graph":[{"@type":"WebPage","@id":"https:\/\/legacy.colt.net\/fr\/cybersecurity\/","url":"https:\/\/legacy.colt.net\/fr\/cybersecurity\/","name":"Cybersecurity Services - Colt Technology Services - FR","isPartOf":{"@id":"https:\/\/legacy.colt.net\/#website"},"primaryImageOfPage":{"@id":"https:\/\/legacy.colt.net\/fr\/cybersecurity\/#primaryimage"},"image":{"@id":"https:\/\/legacy.colt.net\/fr\/cybersecurity\/#primaryimage"},"thumbnailUrl":"https:\/\/legacy.colt.net\/wp-content\/uploads\/2021\/01\/Managed-Firewall.png","datePublished":"2018-05-08T08:29:00+00:00","dateModified":"2021-01-09T10:13:48+00:00","description":"Managed firewall, DDOS Protection, Services de chiffrement","breadcrumb":{"@id":"https:\/\/legacy.colt.net\/fr\/cybersecurity\/#breadcrumb"},"inLanguage":"fr-FR","potentialAction":[{"@type":"ReadAction","target":["https:\/\/legacy.colt.net\/fr\/cybersecurity\/"]}]},{"@type":"ImageObject","inLanguage":"fr-FR","@id":"https:\/\/legacy.colt.net\/fr\/cybersecurity\/#primaryimage","url":"https:\/\/legacy.colt.net\/wp-content\/uploads\/2021\/01\/Managed-Firewall.png","contentUrl":"https:\/\/legacy.colt.net\/wp-content\/uploads\/2021\/01\/Managed-Firewall.png"},{"@type":"BreadcrumbList","@id":"https:\/\/legacy.colt.net\/fr\/cybersecurity\/#breadcrumb","itemListElement":[{"@type":"ListItem","position":1,"name":"Home","item":"https:\/\/legacy.colt.net\/fr\/"},{"@type":"ListItem","position":2,"name":"Cybersecurity Services"}]},{"@type":"WebSite","@id":"https:\/\/legacy.colt.net\/#website","url":"https:\/\/legacy.colt.net\/","name":"Colt\u30c6\u30af\u30ce\u30ed\u30b8\u30fc\u30b5\u30fc\u30d3\u30b9\u682a\u5f0f\u4f1a\u793e","description":"Managed Network &amp; Voice Services Provider","publisher":{"@id":"https:\/\/legacy.colt.net\/#organization"},"potentialAction":[{"@type":"SearchAction","target":{"@type":"EntryPoint","urlTemplate":"https:\/\/legacy.colt.net\/?s={search_term_string}"},"query-input":{"@type":"PropertyValueSpecification","valueRequired":true,"valueName":"search_term_string"}}],"inLanguage":"fr-FR"},{"@type":"Organization","@id":"https:\/\/legacy.colt.net\/#organization","name":"Colt Technology Services","url":"https:\/\/legacy.colt.net\/","logo":{"@type":"ImageObject","inLanguage":"fr-FR","@id":"https:\/\/legacy.colt.net\/#\/schema\/logo\/image\/","url":"https:\/\/legacy.colt.net\/wp-content\/uploads\/2019\/02\/Colt-Logo.png","contentUrl":"https:\/\/legacy.colt.net\/wp-content\/uploads\/2019\/02\/Colt-Logo.png","width":195,"height":77,"caption":"Colt Technology Services"},"image":{"@id":"https:\/\/legacy.colt.net\/#\/schema\/logo\/image\/"},"sameAs":["https:\/\/www.facebook.com\/ColtTechnologyServices\/","https:\/\/x.com\/colt_technology","https:\/\/www.instagram.com\/colttechnologyservices\/","https:\/\/www.linkedin.com\/company\/colt-technology-services","https:\/\/www.youtube.com\/user\/ColtTechnology"]}]}},"_links":{"self":[{"href":"https:\/\/legacy.colt.net\/fr\/wp-json\/wp\/v2\/pages\/34562","targetHints":{"allow":["GET"]}}],"collection":[{"href":"https:\/\/legacy.colt.net\/fr\/wp-json\/wp\/v2\/pages"}],"about":[{"href":"https:\/\/legacy.colt.net\/fr\/wp-json\/wp\/v2\/types\/page"}],"author":[{"embeddable":true,"href":"https:\/\/legacy.colt.net\/fr\/wp-json\/wp\/v2\/users\/2"}],"replies":[{"embeddable":true,"href":"https:\/\/legacy.colt.net\/fr\/wp-json\/wp\/v2\/comments?post=34562"}],"version-history":[{"count":0,"href":"https:\/\/legacy.colt.net\/fr\/wp-json\/wp\/v2\/pages\/34562\/revisions"}],"wp:attachment":[{"href":"https:\/\/legacy.colt.net\/fr\/wp-json\/wp\/v2\/media?parent=34562"}],"wp:term":[{"taxonomy":"colt_type","embeddable":true,"href":"https:\/\/legacy.colt.net\/fr\/wp-json\/wp\/v2\/colt_type?post=34562"},{"taxonomy":"colt_products","embeddable":true,"href":"https:\/\/legacy.colt.net\/fr\/wp-json\/wp\/v2\/colt_products?post=34562"}],"curies":[{"name":"wp","href":"https:\/\/api.w.org\/{rel}","templated":true}]}}