{"id":34502,"date":"2017-03-13T16:47:54","date_gmt":"2017-03-13T16:47:54","guid":{"rendered":"https:\/\/www.colt.net\/contact-us\/"},"modified":"2025-11-04T11:23:02","modified_gmt":"2025-11-04T11:23:02","slug":"contact-us","status":"publish","type":"page","link":"https:\/\/legacy.colt.net\/fr\/contact-us\/","title":{"rendered":"Contactez-nous"},"content":{"rendered":"\n<h2>\n\t\t\tPosez une question d&#8217;ordre commercial\t<\/h2>\n\t\t\t\t<img decoding=\"async\" src=\"https:\/\/legacy.colt.net\/wp-content\/uploads\/2020\/12\/Transforming-your-digital-workplace.png\" alt=\"Transforming-your-digital-workplace\" itemprop=\"image\" height=\"500\" width=\"500\" title=\"Transforming-your-digital-workplace\" onerror=\"this.style.display='none'\" loading=\"lazy\" \/>\n<h2>\n\t\t\t1. Connectez-vous avec nous en ligne\t<\/h2>\n\t<p>Renseignez-vous sur un produit ou un service, am\u00e9liorez votre service actuel ou faites-nous part de vos besoins sp\u00e9cifiques en mati\u00e8re d&#8217;affaires.<\/p>\n\t\t\t<a href=\"https:\/\/legacy.colt.net\/fr\/connect\/\" target=\"_blank\" rel=\"noopener\">\n\t\t\t\t\t\t\tContactez nous\n\t\t\t<\/a>\n\t\t\t\t<img decoding=\"async\" src=\"https:\/\/legacy.colt.net\/wp-content\/uploads\/2021\/01\/Business-Phone-Numbers.png\" alt=\"Business Phone Numbers\" itemprop=\"image\" height=\"800\" width=\"800\" title=\"Business Phone Numbers\" onerror=\"this.style.display='none'\" loading=\"lazy\" \/>\n<h2>\n\t\t\t2. Appelez-nous\t<\/h2>\n\t<p>Appelez-nous pour vous renseigner sur nos nouveaux services, modifier vos services existants ou pour toute autre demande commerciale.<\/p>\n\t\t\t<a href=\"#call\" target=\"_self\">\n\t\t\t\t\t\t\tAppelez Colt\n\t\t\t<\/a>\n\t\t\t\t<img decoding=\"async\" src=\"https:\/\/legacy.colt.net\/wp-content\/uploads\/2021\/01\/Connected-voice-services-1-e1748876774245.png\" alt=\"Connected-voice-services 1\" itemprop=\"image\" title=\"Connected-voice-services 1\" onerror=\"this.style.display='none'\" loading=\"lazy\" \/>\n<h2>\n\t\t\t3. Discutez avec nous en direct\t<\/h2>\n\t<p>Otre chat en direct pour les ventes est ouvert pendant les heures de bureau, du lundi au vendredi, de 9h00 \u00e0 17h00.<\/p>\n\t\t    <button  onclick=\"launchChat(event)\">\n\t\t\t<a href=\"#\" target=\"_self\">\n\t\t\t\t\t\t\tDiscutez avec nous\n\t\t\t<\/a>\n\t\t\t<\/button>\n<h2>\n\t\t\tContacter le service commercial\t<\/h2>\n<h2>\n\t\t\tUtilisez Connect pour obtenir rapidement de l&#8217;aide pour vos ventes\t<\/h2>\n\t<p>Que vous ayez des questions relatives aux ventes concernant nos produits, que vous souhaitiez mettre \u00e0 niveau votre service actuel ou que vous ayez une autre demande li\u00e9e \u00e0 votre entreprise, notre \u00e9quipe d\u00e9di\u00e9e est pr\u00eate \u00e0 vous aider.<\/p>\n\t\t\t<a href=\"https:\/\/legacy.colt.net\/fr\/connect\/\" target=\"_blank\" rel=\"noopener\">\n\t\t\t\t\t\t\tContactez nous\n\t\t\t<\/a>\n\t<p><em>Remarque : Colt utilise uniquement les informations que vous lui fournissez ici pour r\u00e9pondre \u00e0 votre e-mail, \u00e0 moins que vous ne l&#8217;autorisiez \u00e0 faire autrement. Si vous souhaitez en savoir plus sur la fa\u00e7on dont Colt prot\u00e8ge vos informations personnelles, veuillez consulter la <a href=\"https:\/\/legacy.colt.net\/fr\/legal\/data-privacy\/\">Politique de Colt relative \u00e0 la confidentialit\u00e9<\/a>.<\/em><\/p>\n<h2>\n\t\t\tContacter le service commercial\t<\/h2>\n<h2>\n\t\t\tAppelez-nous\t<\/h2>\n\t<p>Composez le num\u00e9ro ci-dessous pour \u00eatre mis en contact avec un expert:<\/p>\n\t<p><strong><a href=\"tel:+33800949944\">+33 800 94 99 44<\/a><\/strong><\/p>\n\t<p>Nous exploitons des bureaux dans le monde entier, pour nous assurer de toujours offrir une exp\u00e9rience locale et coh\u00e9rente.<\/p>\n\t\t\t<a href=\"https:\/\/legacy.colt.net\/fr\/contact-us\/offices\/\" target=\"_blank\" rel=\"noopener\">\n\t\t\t\t\t\t\tTrouvez un burea local\n\t\t\t<\/a>\n\n","protected":false},"excerpt":{"rendered":"<p>Posez une question d&#8217;ordre commercial 1. Connectez-vous avec nous en ligne Renseignez-vous sur un produit ou un service, am\u00e9liorez votre service actuel ou faites-nous part de vos besoins sp\u00e9cifiques en mati\u00e8re d&#8217;affaires. Contactez nous 2. Appelez-nous Appelez-nous pour vous renseigner sur nos nouveaux services, modifier vos services existants ou pour toute autre demande commerciale. Appelez&#8230;<\/p>\n","protected":false},"author":2,"featured_media":0,"parent":0,"menu_order":0,"comment_status":"closed","ping_status":"closed","template":"","meta":{"_acf_changed":false,"footnotes":""},"colt_type":[],"colt_products":[],"class_list":["post-34502","page","type-page","status-publish","hentry"],"acf":[],"yoast_head":"<!-- This site is optimized with the Yoast SEO plugin v26.8 - https:\/\/yoast.com\/product\/yoast-seo-wordpress\/ -->\n<title>Contactez-nous - Colt Technology Services - FR<\/title>\n<meta name=\"description\" content=\"Service Commercial, Colt Online, Travailler chez Colt, Relations avec les investisseurs, RGPD, Support, Local Offices, Colt Capital Markets\" \/>\n<meta name=\"robots\" content=\"noindex, follow, max-snippet:-1, max-image-preview:large, max-video-preview:-1\" \/>\n<meta property=\"og:locale\" content=\"fr_FR\" \/>\n<meta property=\"og:type\" content=\"article\" \/>\n<meta property=\"og:title\" content=\"Contactez-nous - Colt Technology Services - FR\" \/>\n<meta property=\"og:description\" content=\"Service Commercial, Colt Online, Travailler chez Colt, Relations avec les investisseurs, RGPD, Support, Local Offices, Colt Capital Markets\" \/>\n<meta property=\"og:url\" content=\"https:\/\/legacy.colt.net\/fr\/contact-us\/\" \/>\n<meta property=\"og:site_name\" content=\"Colt Technology Services\" \/>\n<meta property=\"article:publisher\" content=\"https:\/\/www.facebook.com\/ColtTechnologyServices\/\" \/>\n<meta property=\"article:modified_time\" content=\"2025-11-04T11:23:02+00:00\" \/>\n<meta property=\"og:image\" content=\"https:\/\/legacy.colt.net\/wp-content\/uploads\/2021\/01\/Brand-2021-Stock-30.jpg\" \/>\n\t<meta property=\"og:image:width\" content=\"1000\" \/>\n\t<meta property=\"og:image:height\" content=\"667\" \/>\n\t<meta property=\"og:image:type\" content=\"image\/jpeg\" \/>\n<meta name=\"twitter:card\" content=\"summary_large_image\" \/>\n<meta name=\"twitter:site\" content=\"@colt_technology\" \/>\n<meta name=\"twitter:label1\" content=\"Est. reading time\" \/>\n\t<meta name=\"twitter:data1\" content=\"1 minute\" \/>\n<script type=\"application\/ld+json\" class=\"yoast-schema-graph\">{\"@context\":\"https:\/\/schema.org\",\"@graph\":[{\"@type\":\"WebPage\",\"@id\":\"https:\/\/legacy.colt.net\/fr\/contact-us\/\",\"url\":\"https:\/\/legacy.colt.net\/fr\/contact-us\/\",\"name\":\"Contactez-nous - Colt Technology Services - FR\",\"isPartOf\":{\"@id\":\"https:\/\/legacy.colt.net\/#website\"},\"primaryImageOfPage\":{\"@id\":\"https:\/\/legacy.colt.net\/fr\/contact-us\/#primaryimage\"},\"image\":{\"@id\":\"https:\/\/legacy.colt.net\/fr\/contact-us\/#primaryimage\"},\"thumbnailUrl\":\"https:\/\/legacy.colt.net\/wp-content\/uploads\/2020\/12\/Transforming-your-digital-workplace.png\",\"datePublished\":\"2017-03-13T16:47:54+00:00\",\"dateModified\":\"2025-11-04T11:23:02+00:00\",\"description\":\"Service Commercial, Colt Online, Travailler chez Colt, Relations avec les investisseurs, RGPD, Support, Local Offices, Colt Capital Markets\",\"breadcrumb\":{\"@id\":\"https:\/\/legacy.colt.net\/fr\/contact-us\/#breadcrumb\"},\"inLanguage\":\"fr-FR\",\"potentialAction\":[{\"@type\":\"ReadAction\",\"target\":[\"https:\/\/legacy.colt.net\/fr\/contact-us\/\"]}]},{\"@type\":\"ImageObject\",\"inLanguage\":\"fr-FR\",\"@id\":\"https:\/\/legacy.colt.net\/fr\/contact-us\/#primaryimage\",\"url\":\"https:\/\/legacy.colt.net\/wp-content\/uploads\/2020\/12\/Transforming-your-digital-workplace.png\",\"contentUrl\":\"https:\/\/legacy.colt.net\/wp-content\/uploads\/2020\/12\/Transforming-your-digital-workplace.png\"},{\"@type\":\"BreadcrumbList\",\"@id\":\"https:\/\/legacy.colt.net\/fr\/contact-us\/#breadcrumb\",\"itemListElement\":[{\"@type\":\"ListItem\",\"position\":1,\"name\":\"Home\",\"item\":\"https:\/\/legacy.colt.net\/fr\/\"},{\"@type\":\"ListItem\",\"position\":2,\"name\":\"Contactez-nous\"}]},{\"@type\":\"WebSite\",\"@id\":\"https:\/\/legacy.colt.net\/#website\",\"url\":\"https:\/\/legacy.colt.net\/\",\"name\":\"Colt\u30c6\u30af\u30ce\u30ed\u30b8\u30fc\u30b5\u30fc\u30d3\u30b9\u682a\u5f0f\u4f1a\u793e\",\"description\":\"Managed Network &amp; Voice Services Provider\",\"publisher\":{\"@id\":\"https:\/\/legacy.colt.net\/#organization\"},\"potentialAction\":[{\"@type\":\"SearchAction\",\"target\":{\"@type\":\"EntryPoint\",\"urlTemplate\":\"https:\/\/legacy.colt.net\/?s={search_term_string}\"},\"query-input\":{\"@type\":\"PropertyValueSpecification\",\"valueRequired\":true,\"valueName\":\"search_term_string\"}}],\"inLanguage\":\"fr-FR\"},{\"@type\":\"Organization\",\"@id\":\"https:\/\/legacy.colt.net\/#organization\",\"name\":\"Colt Technology Services\",\"url\":\"https:\/\/legacy.colt.net\/\",\"logo\":{\"@type\":\"ImageObject\",\"inLanguage\":\"fr-FR\",\"@id\":\"https:\/\/legacy.colt.net\/#\/schema\/logo\/image\/\",\"url\":\"https:\/\/legacy.colt.net\/wp-content\/uploads\/2019\/02\/Colt-Logo.png\",\"contentUrl\":\"https:\/\/legacy.colt.net\/wp-content\/uploads\/2019\/02\/Colt-Logo.png\",\"width\":195,\"height\":77,\"caption\":\"Colt Technology Services\"},\"image\":{\"@id\":\"https:\/\/legacy.colt.net\/#\/schema\/logo\/image\/\"},\"sameAs\":[\"https:\/\/www.facebook.com\/ColtTechnologyServices\/\",\"https:\/\/x.com\/colt_technology\",\"https:\/\/www.instagram.com\/colttechnologyservices\/\",\"https:\/\/www.linkedin.com\/company\/colt-technology-services\",\"https:\/\/www.youtube.com\/user\/ColtTechnology\"]}]}<\/script>\n<!-- \/ Yoast SEO plugin. -->","yoast_head_json":{"title":"Contactez-nous - Colt Technology Services - FR","description":"Service Commercial, Colt Online, Travailler chez Colt, Relations avec les investisseurs, RGPD, Support, Local Offices, Colt Capital Markets","robots":{"index":"noindex","follow":"follow","max-snippet":"max-snippet:-1","max-image-preview":"max-image-preview:large","max-video-preview":"max-video-preview:-1"},"og_locale":"fr_FR","og_type":"article","og_title":"Contactez-nous - Colt Technology Services - FR","og_description":"Service Commercial, Colt Online, Travailler chez Colt, Relations avec les investisseurs, RGPD, Support, Local Offices, Colt Capital Markets","og_url":"https:\/\/legacy.colt.net\/fr\/contact-us\/","og_site_name":"Colt Technology Services","article_publisher":"https:\/\/www.facebook.com\/ColtTechnologyServices\/","article_modified_time":"2025-11-04T11:23:02+00:00","og_image":[{"width":1000,"height":667,"url":"https:\/\/legacy.colt.net\/wp-content\/uploads\/2021\/01\/Brand-2021-Stock-30.jpg","type":"image\/jpeg"}],"twitter_card":"summary_large_image","twitter_site":"@colt_technology","twitter_misc":{"Est. reading time":"1 minute"},"schema":{"@context":"https:\/\/schema.org","@graph":[{"@type":"WebPage","@id":"https:\/\/legacy.colt.net\/fr\/contact-us\/","url":"https:\/\/legacy.colt.net\/fr\/contact-us\/","name":"Contactez-nous - Colt Technology Services - FR","isPartOf":{"@id":"https:\/\/legacy.colt.net\/#website"},"primaryImageOfPage":{"@id":"https:\/\/legacy.colt.net\/fr\/contact-us\/#primaryimage"},"image":{"@id":"https:\/\/legacy.colt.net\/fr\/contact-us\/#primaryimage"},"thumbnailUrl":"https:\/\/legacy.colt.net\/wp-content\/uploads\/2020\/12\/Transforming-your-digital-workplace.png","datePublished":"2017-03-13T16:47:54+00:00","dateModified":"2025-11-04T11:23:02+00:00","description":"Service Commercial, Colt Online, Travailler chez Colt, Relations avec les investisseurs, RGPD, Support, Local Offices, Colt Capital Markets","breadcrumb":{"@id":"https:\/\/legacy.colt.net\/fr\/contact-us\/#breadcrumb"},"inLanguage":"fr-FR","potentialAction":[{"@type":"ReadAction","target":["https:\/\/legacy.colt.net\/fr\/contact-us\/"]}]},{"@type":"ImageObject","inLanguage":"fr-FR","@id":"https:\/\/legacy.colt.net\/fr\/contact-us\/#primaryimage","url":"https:\/\/legacy.colt.net\/wp-content\/uploads\/2020\/12\/Transforming-your-digital-workplace.png","contentUrl":"https:\/\/legacy.colt.net\/wp-content\/uploads\/2020\/12\/Transforming-your-digital-workplace.png"},{"@type":"BreadcrumbList","@id":"https:\/\/legacy.colt.net\/fr\/contact-us\/#breadcrumb","itemListElement":[{"@type":"ListItem","position":1,"name":"Home","item":"https:\/\/legacy.colt.net\/fr\/"},{"@type":"ListItem","position":2,"name":"Contactez-nous"}]},{"@type":"WebSite","@id":"https:\/\/legacy.colt.net\/#website","url":"https:\/\/legacy.colt.net\/","name":"Colt\u30c6\u30af\u30ce\u30ed\u30b8\u30fc\u30b5\u30fc\u30d3\u30b9\u682a\u5f0f\u4f1a\u793e","description":"Managed Network &amp; Voice Services Provider","publisher":{"@id":"https:\/\/legacy.colt.net\/#organization"},"potentialAction":[{"@type":"SearchAction","target":{"@type":"EntryPoint","urlTemplate":"https:\/\/legacy.colt.net\/?s={search_term_string}"},"query-input":{"@type":"PropertyValueSpecification","valueRequired":true,"valueName":"search_term_string"}}],"inLanguage":"fr-FR"},{"@type":"Organization","@id":"https:\/\/legacy.colt.net\/#organization","name":"Colt Technology Services","url":"https:\/\/legacy.colt.net\/","logo":{"@type":"ImageObject","inLanguage":"fr-FR","@id":"https:\/\/legacy.colt.net\/#\/schema\/logo\/image\/","url":"https:\/\/legacy.colt.net\/wp-content\/uploads\/2019\/02\/Colt-Logo.png","contentUrl":"https:\/\/legacy.colt.net\/wp-content\/uploads\/2019\/02\/Colt-Logo.png","width":195,"height":77,"caption":"Colt Technology Services"},"image":{"@id":"https:\/\/legacy.colt.net\/#\/schema\/logo\/image\/"},"sameAs":["https:\/\/www.facebook.com\/ColtTechnologyServices\/","https:\/\/x.com\/colt_technology","https:\/\/www.instagram.com\/colttechnologyservices\/","https:\/\/www.linkedin.com\/company\/colt-technology-services","https:\/\/www.youtube.com\/user\/ColtTechnology"]}]}},"_links":{"self":[{"href":"https:\/\/legacy.colt.net\/fr\/wp-json\/wp\/v2\/pages\/34502","targetHints":{"allow":["GET"]}}],"collection":[{"href":"https:\/\/legacy.colt.net\/fr\/wp-json\/wp\/v2\/pages"}],"about":[{"href":"https:\/\/legacy.colt.net\/fr\/wp-json\/wp\/v2\/types\/page"}],"author":[{"embeddable":true,"href":"https:\/\/legacy.colt.net\/fr\/wp-json\/wp\/v2\/users\/2"}],"replies":[{"embeddable":true,"href":"https:\/\/legacy.colt.net\/fr\/wp-json\/wp\/v2\/comments?post=34502"}],"version-history":[{"count":0,"href":"https:\/\/legacy.colt.net\/fr\/wp-json\/wp\/v2\/pages\/34502\/revisions"}],"wp:attachment":[{"href":"https:\/\/legacy.colt.net\/fr\/wp-json\/wp\/v2\/media?parent=34502"}],"wp:term":[{"taxonomy":"colt_type","embeddable":true,"href":"https:\/\/legacy.colt.net\/fr\/wp-json\/wp\/v2\/colt_type?post=34502"},{"taxonomy":"colt_products","embeddable":true,"href":"https:\/\/legacy.colt.net\/fr\/wp-json\/wp\/v2\/colt_products?post=34502"}],"curies":[{"name":"wp","href":"https:\/\/api.w.org\/{rel}","templated":true}]}}