{"id":34474,"date":"2015-05-01T12:20:10","date_gmt":"2015-05-01T12:20:10","guid":{"rendered":"https:\/\/www.colt.net\/legal\/"},"modified":"2023-10-25T10:18:21","modified_gmt":"2023-10-25T09:18:21","slug":"legal","status":"publish","type":"page","link":"https:\/\/legacy.colt.net\/fr\/legal\/","title":{"rendered":"Legal"},"content":{"rendered":"\n\n\t<nav class=\"breadcrumb\"><span><span><a href=\"https:\/\/legacy.colt.net\/fr\/\">Home<\/a><\/span><\/span><\/nav>\n<h2>\n\t\tGroupe de soci\u00e9t\u00e9s Colt\n\t<\/h2>\n\t<p>Vous trouverez dans le tableau ci-dessous, les coordonn\u00e9es de chacune des soci\u00e9t\u00e9s commerciales au sein du groupe de soci\u00e9t\u00e9s Colt (dont la soci\u00e9t\u00e9 m\u00e8re ultime est Colt Group Holdings Limited, une soci\u00e9t\u00e9 domicili\u00e9e en Angleterre qui n&#8217;est pas elle-m\u00eame une soci\u00e9t\u00e9 commerciale).<\/p>\n<p>Si vous \u00eates un client ou un fournisseur d&#8217;un membre du groupe de soci\u00e9t\u00e9s Colt (ou avez une autre forme de relation juridique avec un membre du groupe), les d\u00e9tails concernant la soci\u00e9t\u00e9 sp\u00e9cifique avec laquelle vous entretenez une relation contractuelle seront indiqu\u00e9s dans votre contrat particulier ou bon de commande.\u00a0\u00a0 Vous pouvez \u00e9galement trouver les coordonn\u00e9es de la soci\u00e9t\u00e9 en question sur les bons de commande, factures, relev\u00e9s de compte correspondants ou autres documents.<\/p>\n\t\t\t<a href=\"https:\/\/legacy.colt.net\/fr\/legal\/groupe-de-societes-colt\/\" target=\"_blank\" role=\"button\" rel=\"noopener\">\n\t\t\t\t\t\t\tVoir la table des groupes de soci\u00e9t\u00e9s\n\t\t\t\t\t<\/a>\n<h2>\n\t\tCode de conduite\n\t<\/h2>\n<h3>\n\t\tCode de conduite\n\t<\/h3>\n\t<p>Colt jouit d&#8217;une excellente r\u00e9putation aupr\u00e8s de ses clients, employ\u00e9s, actionnaires et partenaires commerciaux. Chacun d&#8217;entre nous doit assumer la responsabilit\u00e9 de maintenir et de renforcer notre r\u00e9putation. Notre succ\u00e8s en d\u00e9pend.<\/p>\n<p>Veuillez lire ce code de conduite et signer la d\u00e9claration de conformit\u00e9 ci-jointe. Ce code de conduite vise \u00e0 aider tous les employ\u00e9s \u00e0 comprendre et \u00e0 respecter les normes de conduite que Colt s&#8217;engage \u00e0 adopter dans l&#8217;exercice de ses activit\u00e9s. Il couvre des aspects tr\u00e8s divers comme la fa\u00e7on dont nous traitons nos clients, nos fournisseurs et nos employ\u00e9s et comment les conflits d&#8217;int\u00e9r\u00eat doivent \u00eatre \u00e9vit\u00e9s.<\/p>\n<p><a href=\"https:\/\/legacy.colt.net\/fr\/legal\/code-of-business-conduct\/\">Code de conduite<\/a><\/p>\n<h3>\n\t\tCode de conduite des partenaires\n\t<\/h3>\n\t<p>Colt s&#8217;engage \u00e0 respecter les normes les plus \u00e9lev\u00e9es de gouvernance et de responsabilit\u00e9 d&#8217;entreprise. Notre politique n&#8217;est pas simplement de se conformer \u00e0 la lettre des lois ou des r\u00e8glements, mais plut\u00f4t d&#8217;inculquer et de maintenir une v\u00e9ritable culture de conformit\u00e9 partout o\u00f9 nous exer\u00e7ons nos activit\u00e9s. En cons\u00e9quence, Colt s&#8217;attend \u00e0 ce que tous les partenaires (y compris leurs sous-partenaires et affili\u00e9s) adh\u00e8rent \u00e0 la lettre et \u00e0 l&#8217;esprit de son engagement d&#8217;int\u00e9grit\u00e9.<\/p>\n<a href=\"https:\/\/legacy.colt.net\/wp-content\/uploads\/2023\/10\/Colt-Partner-Code-of-Conduct-2023-011023-V1.1-FR.pdf\">En savoir plus<\/a>\n<h3>\n\t\tOur supplier code of conduct (English)\n\t<\/h3>\n\t<p>Colt is committed to the highest possible standard of corporate governance and responsibility. Our policy is not merely to comply with the letter of laws or regulations, but rather to instil and maintain a true culture of compliance wherever we do business. In consequence, Colt expects that all Suppliers will embrace the letter and spirit of its commitment to integrity.<\/p>\n<p>This Supplier Code of Conduct incorporates the same standards of ethical conduct and integrity as the Colt internal Code of Business Conduct. Suppliers are requested to adhere to this Code and to remain mindful that their activities may have an influence on Colt&#8217;s reputation and relationship of trust with customers, employees and shareholders. We expect that the utmost of care is taken to protect Colt&#8217;s reputation and relationships.<\/p>\n<p><a href=\"https:\/\/legacy.colt.net\/legal\/colt-supplier-code-of-conduct\/\">Read the full Supplier Code of Conduct here.<\/a><\/p>\n<h2>\n\t\tGPL &#8211; Our commitment\n\t<\/h2>\n\t<p>Before filing or continuing to prosecute any legal proceeding or claim (other than a Defensive Action) arising from termination of a Covered License, Colt commits to extend to the person or entity (&#8220;you&#8221;) accused of violating the Covered License the following provisions regarding cure and reinstatement, taken from GPL version 3. As used here, the term &#8216;this License&#8217; refers to the specific Covered License being enforced.<\/p>\n<p>However, if you cease all violation of this License, then your license from a particular copyright holder is reinstated (a) provisionally, unless and until the copyright holder explicitly and finally terminates your license, and (b) permanently, if the copyright holder fails to notify you of the violation by some reasonable means prior to 60 days after the cessation.<\/p>\n<p>Moreover, your license from a particular copyright holder is reinstated permanently if the copyright holder notifies you of the violation by some reasonable means, this is the first time you have received notice of violation of this License (for any work) from that copyright holder, and you cure the violation prior to 30 days after your receipt of the notice.<\/p>\n<p>Colt intends this Commitment to be irrevocable, and binding and enforceable against Colt and assignees of or successors to Colt&#8217;s copyrights.<\/p>\n<p>Colt may modify this Commitment by publishing a new edition on this page or a successor location.<\/p>\n<p>This work is available under a Creative Commons Attribution-ShareAlike 4.0 International license.<\/p>\n\t\t\t\t\t\t<h4 tabindex=\"0\">Definitions<\/h4>\n\t\t\t<ul>\n<li>&#8216;Covered License&#8217; means the GNU General Public License, version 2 (GPLv2), the GNU Lesser General Public License, version 2.1 (LGPLv2.1), or the GNU Library General Public License, version 2 (LGPLv2), all as published by the Free Software Foundation.<\/li>\n<li>&#8216;Defensive Action&#8217; means a legal proceeding or claim that Colt brings against you in response to a prior proceeding or claim initiated by you or your affiliate.<\/li>\n<li>&#8216;Colt&#8217; means Colt and its subsidiaries.<\/li>\n<\/ul>\n<h2>\n\t\tModern Slavery Act\n\t<\/h2>\n\t<p>This statement is made by Colt Group Holdings Limited as the ultimate parent company of the Colt Group of Companies, which includes all the companies named above.\u00a0 At Colt, we are committed to running our business responsibly.\u00a0 We strive to maintain the highest ethical principles and to respect human rights.\u00a0 Our Code of Business Conduct sets out the overall standards and commitments towards ethical conduct, anti-corruption and legal compliance.\u00a0 These standards extend to Colt&#8217;s suppliers, partners, agents, directors, employees and subcontractors.<\/p>\n<p><a href=\"https:\/\/legacy.colt.net\/legal\/modern-slavery-act-statement\/\">Read our full Modern Slavery Act Statement here<\/a><\/p>\n<p><a href=\"https:\/\/assets.lumen.com\/is\/content\/Lumen\/modern-slavery-statement-1?Creativeid=5dbb9687-e4a8-4a40-ae00-673ce51d6a80&amp;umid=A500DFB3-C5FD-2C05-80E8-703D4AF5282C&amp;auth=19120be9529b25014b618505cb01789c5433dae7-e5f4f3fb002902cb6fabfaa241988df662493452\">Read Lumen EMEA&#8217;s Modern Slavery Statement here<\/a><\/p>\n<h2>\n\t\tOur tax policy\n\t<\/h2>\n\t<p>This tax policy applies to Colt Group Holdings Ltd and its subsidiaries. The policy has been reviewed by the Audit Committee and approved by the Board of Directors.<\/p>\n<p>Colt provides high bandwidth network services, voice services and data centre services for enterprises and wholesale customers in Europe, Asia and North America&#8217;s largest business hubs. We enable the digital transformation of businesses through our intelligent, purpose\u2010built, cloud-integrated network, connecting over 900 data centres around the globe.<\/p>\n<p>Colt takes its legal obligations seriously and is committed to the highest possible level of both legal and ethical standards. We fully comply with tax law in all the territories in which we operate, including the UK, and pay the right amount of tax, at the right time and in the right place. Nevertheless, Colt is a large organisation and it is inevitable that risks, including tax risks, will arise. As with any risk, we carefully manage tax risk including in respect of UK taxation through an established framework of systems, processes and controls which have been approved by the board of directors. This framework seeks to proactively identify and mitigate tax risk. Such risks are communicated to the board of directors who have ultimate responsibility for tax governance.<\/p>\n<p>It is not the group&#8217;s policy to simply comply with the letter of the law, but also the spirit of the law and due consideration is given to protecting the group&#8217;s reputation and its brand. We will only undertake transactions that have a strong underlying commercial rationale; we do not undertake transactions that are artificial or contrived or that are designed to avoid taxation. All transactions between legal entities of the Colt group are conducted on an arm&#8217;s length basis.<\/p>\n<p>Colt is a large and dynamic organisation and operates against a background of rapidly evolving tax law. We seek to minimise tax risk and we seek professional advice where necessary and apply for tax rulings where the interpretation of tax law is unclear.<\/p>\n<p>We engage with tax authorities, including HM Revenue &amp; Customs, with openness and transparency including full disclosure of all relevant facts. Colt believes in engaging with tax authorities in a proactive discussion to resolve disputes but we will consider litigation where we disagree with a tax authority on a point of law or a matter of interpretation.<\/p>\n<p><em>Colt regards the publication of this policy as complying with our duty under para 16(2), Sch 19 FA16 for the year ended 31 December 2020<\/em><\/p>\n<h2>\n\t\tTerms et Conditions, Acceptable use policy\n\t<\/h2>\n\t<p><a href=\"https:\/\/legacy.colt.net\/fr\/legal\/terms-and-conditions\/\">Conditions g\u00e9n\u00e9rales du site Web Colt et Acceptable Use Policy<\/a><\/p>\n<h2>\n\t\tSection 172 statement\n\t<\/h2>\n\t<p>Please read our Section 172 Statement <a href=\"https:\/\/legacy.colt.net\/legal\/section-172-statement\/\">here<\/a>.<\/p>\n<h2>\n\t\tProtection des donn\u00e9es personnelles\n\t<\/h2>\n\t<p>Colt fournit des r\u00e9seaux et des services de communication de calibre mondial \u00e0 des entreprises et clients grossistes sur les plus grands centres d&#8217;affaires en Europe, en Asie et en Am\u00e9rique du Nord. Colt permet aux entreprises d&#8217;effectuer leur transformation num\u00e9rique gr\u00e2ce \u00e0 son r\u00e9seau intelligent, sur-mesure et int\u00e9gr\u00e9 sur le cloud, connu sous le nom de Colt IQ Network.<\/p>\n<p><a href=\"https:\/\/legacy.colt.net\/fr\/legal\/data-privacy-statement\/\">Protection des donn\u00e9es personnelles<\/a><\/p>\n<h3>\n\t\tR\u00e8glement g\u00e9n\u00e9ral sur la protection des donn\u00e9es (RGPD)\n\t<\/h3>\n\t<p><a href=\"https:\/\/legacy.colt.net\/fr\/legal\/gdpr\/\">R\u00e8glement g\u00e9n\u00e9ral sur la protection des donn\u00e9es (RGPD)<\/a><\/p>\n<h2>\n\t\tEarthworks notifications\n\t<\/h2>\n\t<p>With effect from 1st June 2019, Notification of Earthworks to Licensee must comply and refer to The Info-Communications Media Development Authority &#8211; IMDA&#8217;s directive on full earthworks requirement. This document sets out the minimum requirements of Colt Technology Service Pte Ltd (the Licensee) that must be complied with by Earthworks Contractors for the purposes of Section 29(3)(a) of the Telecoms Act (&#8220;Licensee&#8217;s Earthworks Requirements&#8221;).<\/p>\n<p>The objective is to prevent damages to the underground telecommunication cables which cause disruption to telecommunication services by earthwork contractors.<\/p>\n<p><a href=\"https:\/\/www.nextgen.com.sg\/colt-earthworks.php\"><strong>View or download earthworks notification<\/strong><\/a><\/p>\n<h2>\n\t\tRegulatory surcharges\n\t<\/h2>\n\t<p>Colt has levied a one-off Regulatory Surcharge on customers of its network services in September 2015. This is a contribution to the significant investment we have made to comply with new obligations and regulations implemented on a national and European level recently. The most significant example is the 2011 EU Directive on &#8216;Security and Integrity of Electronic Communications&#8217;.<\/p>\n<p>The Directive requires national regulatory authorities to take measures to ensure that &#8216;providers take appropriate security measures to protect the security of networks and services&#8217;, and that &#8216;providers report incidents with significant impact on networks and services&#8217;. For more detail, please see the following\u00a0<a href=\"https:\/\/www.google.co.uk\/url?sa=t&amp;rct=j&amp;q=&amp;esrc=s&amp;source=web&amp;cd=1&amp;cad=rja&amp;uact=8&amp;ved=0CCgQFjAAahUKEwjMg4nmuY_HAhUj_HIKHfkWDW0&amp;url=http%3A%2F%2Fwww.enisa.europa.eu%2Factivities%2FResilience-and-CIIP%2FIncidents-reporting%2Fproposal-for-one-security-framework-for-articles-4-and-13a%2Fat_download%2FfullReport&amp;ei=GLPAVcyXBaP4ywP5rbToBg&amp;usg=AFQjCNG6K9b-ySNDFGTQpJixa1Ra-3cj9g&amp;bvm=bv.99261572,d.bGQ\" target=\"_blank\" rel=\"noopener\">document<\/a>\u00a0by The European Union Agency for Network and Information Security (&#8216;ENISA&#8217;).<\/p>\n<p>Since the EU Directive was implemented into national legislation, national regulatory authorities have been working to develop their own frameworks and processes to ensure compliance, in line with EU law. Different countries have developed their own approaches.<\/p>\n<p>Therefore, Colt has embarked on a major programme of investment to develop, review, monitor and document its systems and operational procedures to the standard required to ensure compliance.<\/p>\n<p>Please\u00a0<a href=\"mailto:Customer.Enquiry.Management@colt.net?subject=NWSS%20-%20Surcharge%20Enquiry\">contact us<\/a>\u00a0if you would like to discuss this charge.<\/p>\n<h2>\n\t\tWhat a supplier should expect of us\n\t<\/h2>\n\t<p>If you are considering applying to Colt to be a Supplier\/Vendor, here is what you should expect from Colt during the onboarding process.<\/p>\n<p>If appropriate, Colt will engage with you, and as part of the process, Colt will ask you to:<\/p>\n<ul>\n<li>Sign a non-disclosure agreement (NDA)<\/li>\n<li>Self register in our supplier management system<\/li>\n<li>Sign a copy of the <a href=\"https:\/\/legacy.colt.net\/fr\/legal\/\">Colt Supplier Code of Conduct<\/a><\/li>\n<li>Complete a Risk Questionnaire via our Vendor Risk Management portal<\/li>\n<li>Complete a Supplier information form &#8211; providing details such as Company Address, Company Registration Number, Bank Details and VAT Number<\/li>\n<li>Sign appropriate contractual documents<\/li>\n<\/ul>\n<p>Colt will never request a processing or administrative fee from any potential or current supplier, as part of tendering or on-boarding.\u00a0 If you have any concerns about a payment request from anyone acting for or on behalf of Colt, please immediately alert this to the\u00a0<a href=\"mailto:CorporateComplianceCommittee@colt.net\" target=\"_blank\" rel=\"noopener noreferrer\" data-auth=\"NotApplicable\">CorporateComplianceCommittee@colt.net<\/a>, or use the whistleblowing hotline (details available at the end of the\u00a0<a href=\"https:\/\/legacy.colt.net\/fr\/legal\/\" target=\"_blank\" rel=\"noopener noreferrer\" data-auth=\"NotApplicable\">Code of Conduct<\/a>).<\/p>\n\n","protected":false},"excerpt":{"rendered":"<p>Groupe de soci\u00e9t\u00e9s Colt Vous trouverez dans le tableau ci-dessous, les coordonn\u00e9es de chacune des soci\u00e9t\u00e9s commerciales au sein du groupe de soci\u00e9t\u00e9s Colt (dont la soci\u00e9t\u00e9 m\u00e8re ultime est Colt Group Holdings Limited, une soci\u00e9t\u00e9 domicili\u00e9e en Angleterre qui n&#8217;est pas elle-m\u00eame une soci\u00e9t\u00e9 commerciale). Si vous \u00eates un client ou un fournisseur d&#8217;un&#8230;<\/p>\n","protected":false},"author":2,"featured_media":0,"parent":0,"menu_order":0,"comment_status":"closed","ping_status":"closed","template":"","meta":{"_acf_changed":false,"footnotes":""},"colt_type":[],"colt_products":[],"class_list":["post-34474","page","type-page","status-publish","hentry"],"acf":[],"yoast_head":"<!-- This site is optimized with the Yoast SEO plugin v26.8 - https:\/\/yoast.com\/product\/yoast-seo-wordpress\/ -->\n<title>Legal - Colt Technology Services - FR<\/title>\n<meta name=\"description\" content=\"Legal Colt Technology Services\" \/>\n<meta name=\"robots\" content=\"noindex, follow, max-snippet:-1, max-image-preview:large, max-video-preview:-1\" \/>\n<meta property=\"og:locale\" content=\"fr_FR\" \/>\n<meta property=\"og:type\" content=\"article\" \/>\n<meta property=\"og:title\" content=\"Legal - Colt Technology Services - FR\" \/>\n<meta property=\"og:description\" content=\"Legal Colt Technology Services\" \/>\n<meta property=\"og:url\" content=\"https:\/\/legacy.colt.net\/fr\/legal\/\" \/>\n<meta property=\"og:site_name\" content=\"Colt Technology Services\" \/>\n<meta property=\"article:publisher\" content=\"https:\/\/www.facebook.com\/ColtTechnologyServices\/\" \/>\n<meta property=\"article:modified_time\" content=\"2023-10-25T09:18:21+00:00\" \/>\n<meta property=\"og:image\" content=\"https:\/\/legacy.colt.net\/wp-content\/uploads\/2021\/01\/Brand-2021-Stock-17.jpg\" \/>\n\t<meta property=\"og:image:width\" content=\"1000\" \/>\n\t<meta property=\"og:image:height\" content=\"683\" \/>\n\t<meta property=\"og:image:type\" content=\"image\/jpeg\" \/>\n<meta name=\"twitter:card\" content=\"summary_large_image\" \/>\n<meta name=\"twitter:site\" content=\"@colt_technology\" \/>\n<meta name=\"twitter:label1\" content=\"Est. reading time\" \/>\n\t<meta name=\"twitter:data1\" content=\"9 minutes\" \/>\n<script type=\"application\/ld+json\" class=\"yoast-schema-graph\">{\"@context\":\"https:\/\/schema.org\",\"@graph\":[{\"@type\":\"WebPage\",\"@id\":\"https:\/\/legacy.colt.net\/fr\/legal\/\",\"url\":\"https:\/\/legacy.colt.net\/fr\/legal\/\",\"name\":\"Legal - Colt Technology Services - FR\",\"isPartOf\":{\"@id\":\"https:\/\/legacy.colt.net\/#website\"},\"datePublished\":\"2015-05-01T12:20:10+00:00\",\"dateModified\":\"2023-10-25T09:18:21+00:00\",\"description\":\"Legal Colt Technology Services\",\"breadcrumb\":{\"@id\":\"https:\/\/legacy.colt.net\/fr\/legal\/#breadcrumb\"},\"inLanguage\":\"fr-FR\",\"potentialAction\":[{\"@type\":\"ReadAction\",\"target\":[\"https:\/\/legacy.colt.net\/fr\/legal\/\"]}]},{\"@type\":\"BreadcrumbList\",\"@id\":\"https:\/\/legacy.colt.net\/fr\/legal\/#breadcrumb\",\"itemListElement\":[{\"@type\":\"ListItem\",\"position\":1,\"name\":\"Home\",\"item\":\"https:\/\/legacy.colt.net\/fr\/\"},{\"@type\":\"ListItem\",\"position\":2,\"name\":\"Legal\"}]},{\"@type\":\"WebSite\",\"@id\":\"https:\/\/legacy.colt.net\/#website\",\"url\":\"https:\/\/legacy.colt.net\/\",\"name\":\"Colt\u30c6\u30af\u30ce\u30ed\u30b8\u30fc\u30b5\u30fc\u30d3\u30b9\u682a\u5f0f\u4f1a\u793e\",\"description\":\"Managed Network &amp; Voice Services Provider\",\"publisher\":{\"@id\":\"https:\/\/legacy.colt.net\/#organization\"},\"potentialAction\":[{\"@type\":\"SearchAction\",\"target\":{\"@type\":\"EntryPoint\",\"urlTemplate\":\"https:\/\/legacy.colt.net\/?s={search_term_string}\"},\"query-input\":{\"@type\":\"PropertyValueSpecification\",\"valueRequired\":true,\"valueName\":\"search_term_string\"}}],\"inLanguage\":\"fr-FR\"},{\"@type\":\"Organization\",\"@id\":\"https:\/\/legacy.colt.net\/#organization\",\"name\":\"Colt Technology Services\",\"url\":\"https:\/\/legacy.colt.net\/\",\"logo\":{\"@type\":\"ImageObject\",\"inLanguage\":\"fr-FR\",\"@id\":\"https:\/\/legacy.colt.net\/#\/schema\/logo\/image\/\",\"url\":\"https:\/\/legacy.colt.net\/wp-content\/uploads\/2019\/02\/Colt-Logo.png\",\"contentUrl\":\"https:\/\/legacy.colt.net\/wp-content\/uploads\/2019\/02\/Colt-Logo.png\",\"width\":195,\"height\":77,\"caption\":\"Colt Technology Services\"},\"image\":{\"@id\":\"https:\/\/legacy.colt.net\/#\/schema\/logo\/image\/\"},\"sameAs\":[\"https:\/\/www.facebook.com\/ColtTechnologyServices\/\",\"https:\/\/x.com\/colt_technology\",\"https:\/\/www.instagram.com\/colttechnologyservices\/\",\"https:\/\/www.linkedin.com\/company\/colt-technology-services\",\"https:\/\/www.youtube.com\/user\/ColtTechnology\"]}]}<\/script>\n<!-- \/ Yoast SEO plugin. -->","yoast_head_json":{"title":"Legal - Colt Technology Services - FR","description":"Legal Colt Technology Services","robots":{"index":"noindex","follow":"follow","max-snippet":"max-snippet:-1","max-image-preview":"max-image-preview:large","max-video-preview":"max-video-preview:-1"},"og_locale":"fr_FR","og_type":"article","og_title":"Legal - Colt Technology Services - FR","og_description":"Legal Colt Technology Services","og_url":"https:\/\/legacy.colt.net\/fr\/legal\/","og_site_name":"Colt Technology Services","article_publisher":"https:\/\/www.facebook.com\/ColtTechnologyServices\/","article_modified_time":"2023-10-25T09:18:21+00:00","og_image":[{"width":1000,"height":683,"url":"https:\/\/legacy.colt.net\/wp-content\/uploads\/2021\/01\/Brand-2021-Stock-17.jpg","type":"image\/jpeg"}],"twitter_card":"summary_large_image","twitter_site":"@colt_technology","twitter_misc":{"Est. reading time":"9 minutes"},"schema":{"@context":"https:\/\/schema.org","@graph":[{"@type":"WebPage","@id":"https:\/\/legacy.colt.net\/fr\/legal\/","url":"https:\/\/legacy.colt.net\/fr\/legal\/","name":"Legal - Colt Technology Services - FR","isPartOf":{"@id":"https:\/\/legacy.colt.net\/#website"},"datePublished":"2015-05-01T12:20:10+00:00","dateModified":"2023-10-25T09:18:21+00:00","description":"Legal Colt Technology Services","breadcrumb":{"@id":"https:\/\/legacy.colt.net\/fr\/legal\/#breadcrumb"},"inLanguage":"fr-FR","potentialAction":[{"@type":"ReadAction","target":["https:\/\/legacy.colt.net\/fr\/legal\/"]}]},{"@type":"BreadcrumbList","@id":"https:\/\/legacy.colt.net\/fr\/legal\/#breadcrumb","itemListElement":[{"@type":"ListItem","position":1,"name":"Home","item":"https:\/\/legacy.colt.net\/fr\/"},{"@type":"ListItem","position":2,"name":"Legal"}]},{"@type":"WebSite","@id":"https:\/\/legacy.colt.net\/#website","url":"https:\/\/legacy.colt.net\/","name":"Colt\u30c6\u30af\u30ce\u30ed\u30b8\u30fc\u30b5\u30fc\u30d3\u30b9\u682a\u5f0f\u4f1a\u793e","description":"Managed Network &amp; Voice Services Provider","publisher":{"@id":"https:\/\/legacy.colt.net\/#organization"},"potentialAction":[{"@type":"SearchAction","target":{"@type":"EntryPoint","urlTemplate":"https:\/\/legacy.colt.net\/?s={search_term_string}"},"query-input":{"@type":"PropertyValueSpecification","valueRequired":true,"valueName":"search_term_string"}}],"inLanguage":"fr-FR"},{"@type":"Organization","@id":"https:\/\/legacy.colt.net\/#organization","name":"Colt Technology Services","url":"https:\/\/legacy.colt.net\/","logo":{"@type":"ImageObject","inLanguage":"fr-FR","@id":"https:\/\/legacy.colt.net\/#\/schema\/logo\/image\/","url":"https:\/\/legacy.colt.net\/wp-content\/uploads\/2019\/02\/Colt-Logo.png","contentUrl":"https:\/\/legacy.colt.net\/wp-content\/uploads\/2019\/02\/Colt-Logo.png","width":195,"height":77,"caption":"Colt Technology Services"},"image":{"@id":"https:\/\/legacy.colt.net\/#\/schema\/logo\/image\/"},"sameAs":["https:\/\/www.facebook.com\/ColtTechnologyServices\/","https:\/\/x.com\/colt_technology","https:\/\/www.instagram.com\/colttechnologyservices\/","https:\/\/www.linkedin.com\/company\/colt-technology-services","https:\/\/www.youtube.com\/user\/ColtTechnology"]}]}},"_links":{"self":[{"href":"https:\/\/legacy.colt.net\/fr\/wp-json\/wp\/v2\/pages\/34474","targetHints":{"allow":["GET"]}}],"collection":[{"href":"https:\/\/legacy.colt.net\/fr\/wp-json\/wp\/v2\/pages"}],"about":[{"href":"https:\/\/legacy.colt.net\/fr\/wp-json\/wp\/v2\/types\/page"}],"author":[{"embeddable":true,"href":"https:\/\/legacy.colt.net\/fr\/wp-json\/wp\/v2\/users\/2"}],"replies":[{"embeddable":true,"href":"https:\/\/legacy.colt.net\/fr\/wp-json\/wp\/v2\/comments?post=34474"}],"version-history":[{"count":0,"href":"https:\/\/legacy.colt.net\/fr\/wp-json\/wp\/v2\/pages\/34474\/revisions"}],"wp:attachment":[{"href":"https:\/\/legacy.colt.net\/fr\/wp-json\/wp\/v2\/media?parent=34474"}],"wp:term":[{"taxonomy":"colt_type","embeddable":true,"href":"https:\/\/legacy.colt.net\/fr\/wp-json\/wp\/v2\/colt_type?post=34474"},{"taxonomy":"colt_products","embeddable":true,"href":"https:\/\/legacy.colt.net\/fr\/wp-json\/wp\/v2\/colt_products?post=34474"}],"curies":[{"name":"wp","href":"https:\/\/api.w.org\/{rel}","templated":true}]}}