{"id":34354,"date":"2017-03-13T16:45:02","date_gmt":"2017-03-13T16:45:02","guid":{"rendered":"https:\/\/www.colt.net\/careers\/"},"modified":"2023-10-12T11:18:05","modified_gmt":"2023-10-12T10:18:05","slug":"carrieres","status":"publish","type":"page","link":"https:\/\/legacy.colt.net\/fr\/carrieres\/","title":{"rendered":"Carri\u00e8res chez Colt"},"content":{"rendered":"\n\n\t<nav class=\"breadcrumb\"><span><span><a href=\"https:\/\/legacy.colt.net\/fr\/\">Home<\/a><\/span><\/span><\/nav>\n\t\t\t\t<img loading=\"lazy\" decoding=\"async\" src=\"https:\/\/legacy.colt.net\/wp-content\/uploads\/2023\/02\/MYM-04-transparent-background-1.png\" alt=\"MYM-04-transparent-background\" itemprop=\"image\" height=\"600\" width=\"600\" title=\"MYM-04-transparent-background\" onerror=\"this.style.display='none'\"  \/>\n\t<h3><strong>Vous souhaitez laisser votre empreinte\u00a0?<\/strong><\/h3>\n<p>Chez Colt, vous ferez la diff\u00e9rence. Parce Colt accorde des responsabilit\u00e9s \u00e0 ses collaborateurs. Colt ne vous dit pas ce que vous devez faire. Au lieu de cela, Colt emploie des personnes en qui Colt a confiance, qui se concertent dans le monde entier pour cr\u00e9er des solutions intelligentes.<\/p>\n<p>Les \u00e9quipes mondiales Colt comptent des personnes ambitieuses et motiv\u00e9es, qui travaillent toutes ensemble \u00e0 la r\u00e9alisation d&#8217;un objectif commun\u00a0: offrir \u00e0 leurs clients la puissance de l&#8217;univers num\u00e9rique o\u00f9, quand et comme ils le souhaitent.<\/p>\n<p>Colt donne \u00e0 ses collaborateurs la possibilit\u00e9 d&#8217;inspirer et de diriger des \u00e9quipes, et de travailler sur des projets qui relient les gens, les villes, les entreprises et les id\u00e9es. Colt aimerait que vous l&#8217;aidiez \u00e0 changer le monde, pour le meilleur.<\/p>\n<p><strong>Chez Colt, vous pouvez laisser votre empreinte.<\/strong><\/p>\n\t\t\t<a href=\"https:\/\/joblistings.colt.net\/\" target=\"_blank\" role=\"button\" rel=\"noopener\">\n\t\t\t\t\t\t\tTrouvez l&#8217;emploi de vos r\u00eaves\n\t\t\t\t\t<\/a>\n\t\t\t<a href=\"https:\/\/joblistings.colt.net\/\" target=\"_blank\" role=\"button\" rel=\"noopener\">\n\t\t\t\t\t\t\tProgramme pour les dipl\u00f4m\u00e9s Colt\n\t\t\t\t\t<\/a>\n\t\t\t<a href=\"#Des\" target=\"_blank\" role=\"button\" rel=\"noopener\">\n\t\t\t\t\t\t\tTravailler chez Colt\n\t\t\t\t\t<\/a>\n\t<h3>Des exp\u00e9riences incroyables<\/h3>\n<p>Colt fournit des solutions de pointe \u00e0 ses clients, vous pourrez donc en faire mention avec grande fiert\u00e9 sur votre CV. Parce que Colt change le monde, Colt vous donne acc\u00e8s \u00e0 l&#8217;apprentissage par des pairs, \u00e0 une exp\u00e9rience pratique et \u00e0 des formations qui vous permettront d&#8217;assurer l&#8217;avenir de votre carri\u00e8re.<\/p>\n\t<h3>Rejoindre des \u00e9quipes internationales<\/h3>\n<p>Vous travaillerez au sein d&#8217;\u00e9quipes diverses, issues de cultures et de pays diff\u00e9rents. De cette fa\u00e7on, Colt d\u00e9couvre diff\u00e9rentes fa\u00e7ons de penser, apprend et se d\u00e9veloppe conjointement \u00e0 ces \u00e9quipes. Vous serez amen\u00e9 \u00e0 d\u00e9battre, discuter, \u00e9couter et partager vos id\u00e9es\u00a0: tout cela dans le but de trouver des solutions pour vos clients et Colt.<\/p>\n\t\t\t\t<img loading=\"lazy\" decoding=\"async\" src=\"https:\/\/legacy.colt.net\/wp-content\/uploads\/2023\/02\/Apply-Image-04.png\" alt=\"A woman laughing and another woman working \" itemprop=\"image\" height=\"421\" width=\"421\" title=\"Apply-Image-04\" onerror=\"this.style.display='none'\"  \/>\n\t\t\t\t<img loading=\"lazy\" decoding=\"async\" src=\"https:\/\/legacy.colt.net\/wp-content\/uploads\/2023\/02\/Apply-Hero-Image-01.png\" alt=\"A man in a white tshirt with the words Make your mark\" itemprop=\"image\" height=\"538\" width=\"716\" title=\"Apply-Hero-Image-01\" onerror=\"this.style.display='none'\"  \/>\n\t<h3>Un acc\u00e8s \u00e0 tous les domaines<\/h3>\n<p>Colt con\u00e7oit des solutions pour vous permettre d&#8217;accomplir facilement le meilleur travail possible. Colt automatise et simplifie autant que possible tous les processus. La hi\u00e9rarchie n&#8217;est pas un frein chez Colt, vous aurez la possibilit\u00e9 de vous adresser \u00e0 une multitude d&#8217;experts, de leaders et de r\u00e9seaux de penseurs et d&#8217;acteurs. Colt veut que vous vous en serviez \u00e0 bon escient\u00a0; pour renforcer les r\u00e9seaux mondiaux de Colt, afin de tous travailler ensemble et trouver de nouvelles solutions.<\/p>\n\t<h3>Flexibilit\u00e9 et soutien<\/h3>\n<p>Colt vous donne le contr\u00f4le sur votre vie professionnelle. Colt est avant tout flexible avec ses collaborateurs, c&#8217;est acquis. Pour aller plus loin, Colt veut d\u00e9finir avec vous des objectifs qui comptent\u00a0: des objectifs dynamiques qui se concentrent sur les r\u00e9sultats qui permettront \u00e0 Colt ainsi qu&#8217;\u00e0 tous ses collaborateurs de gagner. Colt vous aidera \u00e0 vous d\u00e9passer et vous soutiendra. Pas seulement en mati\u00e8re d&#8217;apprentissage, mais aussi lorsque des \u00e9v\u00e9nements importants surviennent dans la vie.<\/p>\n<h2>\n\t\tPr\u00e9parer l&#8217;avenir\n\t<\/h2>\n<h2>\n\t\tNotre contribution pour construire un avenir durable\n\t<\/h2>\n\t<p>Engag\u00e9e pour un avenir durable et florissant, notre entreprise a adh\u00e9r\u00e9 \u00e0 EcoVadis, un indice mondial qui compare nos performances environnementales, sociales et de gouvernance \u00e0 celles de plus de 75\u00a0000\u00a0autres entreprises de tous les secteurs. Au classement le plus r\u00e9cent pour notre secteur, Colt se situe dans le 91e\u00a0centile, avec un score de 63. Ce score nous valu une m\u00e9daille d&#8217;argent et une place dans le top\u00a010 des entreprises de t\u00e9l\u00e9communications enregistr\u00e9es pour leur performance de responsabilit\u00e9 sociale.<\/p>\n<p>Nous cherchons aussi \u00e0 atteindre le z\u00e9ro d\u00e9chet mis en d\u00e9charge. Pour y parvenir, nous conjuguons nos efforts afin, dans la mesure du possible, d&#8217;\u00e9viter de g\u00e9n\u00e9rer des d\u00e9chets, de les r\u00e9utiliser ou de les recycler. Les d\u00e9chets vis\u00e9s incluent ceux provenant de nos \u00e9quipements r\u00e9seau et informatiques, de notre mat\u00e9riel de bureau et de nos fournisseurs.<\/p>\n\t\t\t\t\t\t<h4 tabindex=\"0\">Encourager les efforts de nos collaborateurs pour l&#8217;environnement<\/h4>\n\t\t\t<p>Nous sommes fiers de donner \u00e0 nos collaborateurs des opportunit\u00e9s d&#8217;agir pour plus de durabilit\u00e9 au travail. Notre initiative \u00ab\u00a0Green Team\u00a0\u00bb a \u00e9t\u00e9 lanc\u00e9e en 2019 par quelques-uns de nos collaborateurs engag\u00e9s au Royaume-Uni. Elle a \u00e9t\u00e9 d\u00e9ploy\u00e9e \u00e0 l&#8217;\u00e9chelle mondiale en 2021, et nos collaborateurs de tous les pays peuvent maintenant partager leur passion pour l&#8217;environnement et stimuler l&#8217;engagement environnemental au niveau local. La formation de sensibilisation \u00e0 l&#8217;environnement est obligatoire pour nos collaborateurs dans le monde entier, afin d&#8217;insuffler \u00e0 tous notre vision d&#8217;entreprise pour un Colt plus vert.<\/p>\n\t\t\t\t\t\t<h4 tabindex=\"0\">Mettre nos collaborateurs \u00e0 l&#8217;honneur<\/h4>\n\t\t\t<p>Colt met fi\u00e8rement \u00e0 l&#8217;honneur ses collaborateurs pionniers en mati\u00e8re de d\u00e9veloppement durable. Notre s\u00e9rie Recycling Heroes (les h\u00e9ros du recyclage) a mis sous les projecteurs des collaborateurs du monde entier qui ont un impact sur leurs communaut\u00e9s locales. La sant\u00e9 de notre plan\u00e8te comptant parmi les engagements fondamentaux de notre PDG, elle a remis un prix sp\u00e9cial du PDG aux deux champions de la durabilit\u00e9 qui ont \u00e9t\u00e9 d\u00e9sign\u00e9s dans notre entreprise. Nous avons c\u00e9l\u00e9br\u00e9 le Jour de la Terre 2021 avec deux webinaires exceptionnels anim\u00e9s par des experts du d\u00e9veloppement durable depuis le Japon de la Nouvelle-Z\u00e9lande.<\/p>\n\t\t\t\t\t\t<h4 tabindex=\"0\">Se mettre au vert dans nos bureaux<\/h4>\n\t\t\t<p>Nous nous engageons \u00e0 plus de durabilit\u00e9 sur nos lieux de travail. Nous avons retir\u00e9 les plastiques \u00e0 usage unique de nos bureaux du monde entier et avons pr\u00e9vu l&#8217;installation d&#8217;un nouveau jardin sur le toit de nos locaux \u00e0 Madrid.<\/p>\n<p>Pour les collaborateurs de Colt qui font de la route, nous sommes engag\u00e9s \u00e0 convertir toute notre flotte de v\u00e9hicules \u00e0 l&#8217;\u00e9lectrique sur les prochaines ann\u00e9es.<\/p>\n\t\t\t\t\t\t<h4 tabindex=\"0\">Adopter une approche durable de l&#8217;informatique<\/h4>\n\t\t\t<p>Notre programme de remplacement des ordinateurs portables fait sortir le mat\u00e9riel obsol\u00e8te de l&#8217;entreprise, mais nous prolongeons leur dur\u00e9e de vie en les envoyant dans les \u00e9coles locales. Ce geste participe plus largement de nos engagements de responsabilit\u00e9 sociale des entreprises pour l&#8217;inclusion num\u00e9rique.<\/p>\n<p>Les nouveaux appareils contiennent 65\u00a0% de mat\u00e9riaux recycl\u00e9s post-consommation et sont plus \u00e9conomes en \u00e9nergie, livr\u00e9s dans des cartons compos\u00e9es \u00e0 75\u00a0% de fibres recycl\u00e9es et de bambou. Ainsi, nous appliquons un mod\u00e8le d&#8217;\u00e9conomie circulaire qui prolonge la vie des mat\u00e9riaux essentiels et r\u00e9duit les besoins en mati\u00e8res premi\u00e8res.<\/p>\n\n","protected":false},"excerpt":{"rendered":"<p>Vous souhaitez laisser votre empreinte\u00a0? Chez Colt, vous ferez la diff\u00e9rence. Parce Colt accorde des responsabilit\u00e9s \u00e0 ses collaborateurs. Colt ne vous dit pas ce que vous devez faire. Au lieu de cela, Colt emploie des personnes en qui Colt a confiance, qui se concertent dans le monde entier pour cr\u00e9er des solutions intelligentes. Les&#8230;<\/p>\n","protected":false},"author":2,"featured_media":0,"parent":0,"menu_order":0,"comment_status":"closed","ping_status":"closed","template":"","meta":{"_acf_changed":false,"footnotes":""},"colt_type":[],"colt_products":[],"class_list":["post-34354","page","type-page","status-publish","hentry"],"acf":[],"yoast_head":"<!-- This site is optimized with the Yoast SEO plugin v26.8 - https:\/\/yoast.com\/product\/yoast-seo-wordpress\/ -->\n<title>Carri\u00e8res chez Colt - Colt Technology Services - FR<\/title>\n<meta name=\"description\" content=\"Nous encourageons nos clients \u00e0 en demander plus car nous estimons que notre secteur n\u2019a pas toujours \u00e9t\u00e9 \u00e0 la hauteur des attentes des entreprises.\" \/>\n<meta name=\"robots\" content=\"noindex, follow, max-snippet:-1, max-image-preview:large, max-video-preview:-1\" \/>\n<meta property=\"og:locale\" content=\"fr_FR\" \/>\n<meta property=\"og:type\" content=\"article\" \/>\n<meta property=\"og:title\" content=\"Carri\u00e8res chez Colt - Colt Technology Services - FR\" \/>\n<meta property=\"og:description\" content=\"Nous encourageons nos clients \u00e0 en demander plus car nous estimons que notre secteur n\u2019a pas toujours \u00e9t\u00e9 \u00e0 la hauteur des attentes des entreprises.\" \/>\n<meta property=\"og:url\" content=\"https:\/\/legacy.colt.net\/fr\/carrieres\/\" \/>\n<meta property=\"og:site_name\" content=\"Colt Technology Services\" \/>\n<meta property=\"article:publisher\" content=\"https:\/\/www.facebook.com\/ColtTechnologyServices\/\" \/>\n<meta property=\"article:modified_time\" content=\"2023-10-12T10:18:05+00:00\" \/>\n<meta property=\"og:image\" content=\"https:\/\/legacy.colt.net\/wp-content\/uploads\/2021\/01\/Brand-2021-Stock-17.jpg\" \/>\n\t<meta property=\"og:image:width\" content=\"1000\" \/>\n\t<meta property=\"og:image:height\" content=\"683\" \/>\n\t<meta property=\"og:image:type\" content=\"image\/jpeg\" \/>\n<meta name=\"twitter:card\" content=\"summary_large_image\" \/>\n<meta name=\"twitter:site\" content=\"@colt_technology\" \/>\n<meta name=\"twitter:label1\" content=\"Est. reading time\" \/>\n\t<meta name=\"twitter:data1\" content=\"5 minutes\" \/>\n<script type=\"application\/ld+json\" class=\"yoast-schema-graph\">{\"@context\":\"https:\/\/schema.org\",\"@graph\":[{\"@type\":\"WebPage\",\"@id\":\"https:\/\/legacy.colt.net\/fr\/carrieres\/\",\"url\":\"https:\/\/legacy.colt.net\/fr\/carrieres\/\",\"name\":\"Carri\u00e8res chez Colt - Colt Technology Services - FR\",\"isPartOf\":{\"@id\":\"https:\/\/legacy.colt.net\/#website\"},\"primaryImageOfPage\":{\"@id\":\"https:\/\/legacy.colt.net\/fr\/carrieres\/#primaryimage\"},\"image\":{\"@id\":\"https:\/\/legacy.colt.net\/fr\/carrieres\/#primaryimage\"},\"thumbnailUrl\":\"https:\/\/legacy.colt.net\/wp-content\/uploads\/2023\/02\/MYM-04-transparent-background-1.png\",\"datePublished\":\"2017-03-13T16:45:02+00:00\",\"dateModified\":\"2023-10-12T10:18:05+00:00\",\"description\":\"Nous encourageons nos clients \u00e0 en demander plus car nous estimons que notre secteur n\u2019a pas toujours \u00e9t\u00e9 \u00e0 la hauteur des attentes des entreprises.\",\"breadcrumb\":{\"@id\":\"https:\/\/legacy.colt.net\/fr\/carrieres\/#breadcrumb\"},\"inLanguage\":\"fr-FR\",\"potentialAction\":[{\"@type\":\"ReadAction\",\"target\":[\"https:\/\/legacy.colt.net\/fr\/carrieres\/\"]}]},{\"@type\":\"ImageObject\",\"inLanguage\":\"fr-FR\",\"@id\":\"https:\/\/legacy.colt.net\/fr\/carrieres\/#primaryimage\",\"url\":\"https:\/\/legacy.colt.net\/wp-content\/uploads\/2023\/02\/MYM-04-transparent-background-1.png\",\"contentUrl\":\"https:\/\/legacy.colt.net\/wp-content\/uploads\/2023\/02\/MYM-04-transparent-background-1.png\"},{\"@type\":\"BreadcrumbList\",\"@id\":\"https:\/\/legacy.colt.net\/fr\/carrieres\/#breadcrumb\",\"itemListElement\":[{\"@type\":\"ListItem\",\"position\":1,\"name\":\"Home\",\"item\":\"https:\/\/legacy.colt.net\/fr\/\"},{\"@type\":\"ListItem\",\"position\":2,\"name\":\"Carri\u00e8res chez Colt\"}]},{\"@type\":\"WebSite\",\"@id\":\"https:\/\/legacy.colt.net\/#website\",\"url\":\"https:\/\/legacy.colt.net\/\",\"name\":\"Colt\u30c6\u30af\u30ce\u30ed\u30b8\u30fc\u30b5\u30fc\u30d3\u30b9\u682a\u5f0f\u4f1a\u793e\",\"description\":\"Managed Network &amp; Voice Services Provider\",\"publisher\":{\"@id\":\"https:\/\/legacy.colt.net\/#organization\"},\"potentialAction\":[{\"@type\":\"SearchAction\",\"target\":{\"@type\":\"EntryPoint\",\"urlTemplate\":\"https:\/\/legacy.colt.net\/?s={search_term_string}\"},\"query-input\":{\"@type\":\"PropertyValueSpecification\",\"valueRequired\":true,\"valueName\":\"search_term_string\"}}],\"inLanguage\":\"fr-FR\"},{\"@type\":\"Organization\",\"@id\":\"https:\/\/legacy.colt.net\/#organization\",\"name\":\"Colt Technology Services\",\"url\":\"https:\/\/legacy.colt.net\/\",\"logo\":{\"@type\":\"ImageObject\",\"inLanguage\":\"fr-FR\",\"@id\":\"https:\/\/legacy.colt.net\/#\/schema\/logo\/image\/\",\"url\":\"https:\/\/legacy.colt.net\/wp-content\/uploads\/2019\/02\/Colt-Logo.png\",\"contentUrl\":\"https:\/\/legacy.colt.net\/wp-content\/uploads\/2019\/02\/Colt-Logo.png\",\"width\":195,\"height\":77,\"caption\":\"Colt Technology Services\"},\"image\":{\"@id\":\"https:\/\/legacy.colt.net\/#\/schema\/logo\/image\/\"},\"sameAs\":[\"https:\/\/www.facebook.com\/ColtTechnologyServices\/\",\"https:\/\/x.com\/colt_technology\",\"https:\/\/www.instagram.com\/colttechnologyservices\/\",\"https:\/\/www.linkedin.com\/company\/colt-technology-services\",\"https:\/\/www.youtube.com\/user\/ColtTechnology\"]}]}<\/script>\n<!-- \/ Yoast SEO plugin. -->","yoast_head_json":{"title":"Carri\u00e8res chez Colt - Colt Technology Services - FR","description":"Nous encourageons nos clients \u00e0 en demander plus car nous estimons que notre secteur n\u2019a pas toujours \u00e9t\u00e9 \u00e0 la hauteur des attentes des entreprises.","robots":{"index":"noindex","follow":"follow","max-snippet":"max-snippet:-1","max-image-preview":"max-image-preview:large","max-video-preview":"max-video-preview:-1"},"og_locale":"fr_FR","og_type":"article","og_title":"Carri\u00e8res chez Colt - Colt Technology Services - FR","og_description":"Nous encourageons nos clients \u00e0 en demander plus car nous estimons que notre secteur n\u2019a pas toujours \u00e9t\u00e9 \u00e0 la hauteur des attentes des entreprises.","og_url":"https:\/\/legacy.colt.net\/fr\/carrieres\/","og_site_name":"Colt Technology Services","article_publisher":"https:\/\/www.facebook.com\/ColtTechnologyServices\/","article_modified_time":"2023-10-12T10:18:05+00:00","og_image":[{"width":1000,"height":683,"url":"https:\/\/legacy.colt.net\/wp-content\/uploads\/2021\/01\/Brand-2021-Stock-17.jpg","type":"image\/jpeg"}],"twitter_card":"summary_large_image","twitter_site":"@colt_technology","twitter_misc":{"Est. reading time":"5 minutes"},"schema":{"@context":"https:\/\/schema.org","@graph":[{"@type":"WebPage","@id":"https:\/\/legacy.colt.net\/fr\/carrieres\/","url":"https:\/\/legacy.colt.net\/fr\/carrieres\/","name":"Carri\u00e8res chez Colt - Colt Technology Services - FR","isPartOf":{"@id":"https:\/\/legacy.colt.net\/#website"},"primaryImageOfPage":{"@id":"https:\/\/legacy.colt.net\/fr\/carrieres\/#primaryimage"},"image":{"@id":"https:\/\/legacy.colt.net\/fr\/carrieres\/#primaryimage"},"thumbnailUrl":"https:\/\/legacy.colt.net\/wp-content\/uploads\/2023\/02\/MYM-04-transparent-background-1.png","datePublished":"2017-03-13T16:45:02+00:00","dateModified":"2023-10-12T10:18:05+00:00","description":"Nous encourageons nos clients \u00e0 en demander plus car nous estimons que notre secteur n\u2019a pas toujours \u00e9t\u00e9 \u00e0 la hauteur des attentes des entreprises.","breadcrumb":{"@id":"https:\/\/legacy.colt.net\/fr\/carrieres\/#breadcrumb"},"inLanguage":"fr-FR","potentialAction":[{"@type":"ReadAction","target":["https:\/\/legacy.colt.net\/fr\/carrieres\/"]}]},{"@type":"ImageObject","inLanguage":"fr-FR","@id":"https:\/\/legacy.colt.net\/fr\/carrieres\/#primaryimage","url":"https:\/\/legacy.colt.net\/wp-content\/uploads\/2023\/02\/MYM-04-transparent-background-1.png","contentUrl":"https:\/\/legacy.colt.net\/wp-content\/uploads\/2023\/02\/MYM-04-transparent-background-1.png"},{"@type":"BreadcrumbList","@id":"https:\/\/legacy.colt.net\/fr\/carrieres\/#breadcrumb","itemListElement":[{"@type":"ListItem","position":1,"name":"Home","item":"https:\/\/legacy.colt.net\/fr\/"},{"@type":"ListItem","position":2,"name":"Carri\u00e8res chez Colt"}]},{"@type":"WebSite","@id":"https:\/\/legacy.colt.net\/#website","url":"https:\/\/legacy.colt.net\/","name":"Colt\u30c6\u30af\u30ce\u30ed\u30b8\u30fc\u30b5\u30fc\u30d3\u30b9\u682a\u5f0f\u4f1a\u793e","description":"Managed Network &amp; Voice Services Provider","publisher":{"@id":"https:\/\/legacy.colt.net\/#organization"},"potentialAction":[{"@type":"SearchAction","target":{"@type":"EntryPoint","urlTemplate":"https:\/\/legacy.colt.net\/?s={search_term_string}"},"query-input":{"@type":"PropertyValueSpecification","valueRequired":true,"valueName":"search_term_string"}}],"inLanguage":"fr-FR"},{"@type":"Organization","@id":"https:\/\/legacy.colt.net\/#organization","name":"Colt Technology Services","url":"https:\/\/legacy.colt.net\/","logo":{"@type":"ImageObject","inLanguage":"fr-FR","@id":"https:\/\/legacy.colt.net\/#\/schema\/logo\/image\/","url":"https:\/\/legacy.colt.net\/wp-content\/uploads\/2019\/02\/Colt-Logo.png","contentUrl":"https:\/\/legacy.colt.net\/wp-content\/uploads\/2019\/02\/Colt-Logo.png","width":195,"height":77,"caption":"Colt Technology Services"},"image":{"@id":"https:\/\/legacy.colt.net\/#\/schema\/logo\/image\/"},"sameAs":["https:\/\/www.facebook.com\/ColtTechnologyServices\/","https:\/\/x.com\/colt_technology","https:\/\/www.instagram.com\/colttechnologyservices\/","https:\/\/www.linkedin.com\/company\/colt-technology-services","https:\/\/www.youtube.com\/user\/ColtTechnology"]}]}},"_links":{"self":[{"href":"https:\/\/legacy.colt.net\/fr\/wp-json\/wp\/v2\/pages\/34354","targetHints":{"allow":["GET"]}}],"collection":[{"href":"https:\/\/legacy.colt.net\/fr\/wp-json\/wp\/v2\/pages"}],"about":[{"href":"https:\/\/legacy.colt.net\/fr\/wp-json\/wp\/v2\/types\/page"}],"author":[{"embeddable":true,"href":"https:\/\/legacy.colt.net\/fr\/wp-json\/wp\/v2\/users\/2"}],"replies":[{"embeddable":true,"href":"https:\/\/legacy.colt.net\/fr\/wp-json\/wp\/v2\/comments?post=34354"}],"version-history":[{"count":0,"href":"https:\/\/legacy.colt.net\/fr\/wp-json\/wp\/v2\/pages\/34354\/revisions"}],"wp:attachment":[{"href":"https:\/\/legacy.colt.net\/fr\/wp-json\/wp\/v2\/media?parent=34354"}],"wp:term":[{"taxonomy":"colt_type","embeddable":true,"href":"https:\/\/legacy.colt.net\/fr\/wp-json\/wp\/v2\/colt_type?post=34354"},{"taxonomy":"colt_products","embeddable":true,"href":"https:\/\/legacy.colt.net\/fr\/wp-json\/wp\/v2\/colt_products?post=34354"}],"curies":[{"name":"wp","href":"https:\/\/api.w.org\/{rel}","templated":true}]}}