{"id":34336,"date":"2017-03-13T16:41:52","date_gmt":"2017-03-13T16:41:52","guid":{"rendered":"https:\/\/www.colt.net\/leadership\/"},"modified":"2024-04-18T14:04:48","modified_gmt":"2024-04-18T13:04:48","slug":"leadership","status":"publish","type":"page","link":"https:\/\/legacy.colt.net\/fr\/about\/leadership\/","title":{"rendered":"Comit\u00e9 Ex\u00e9cutif"},"content":{"rendered":"\n\n\t<nav class=\"breadcrumb\"><span><span><a href=\"https:\/\/legacy.colt.net\/fr\/\">Home<\/a><\/span><\/span><\/nav>\n<h1>\n\t\t\u00c9quipe ex\u00e9cutive\n\t<\/h1>\n<h3>\n\t\t A propos de Colt\n\t<\/h3>\n\t\t\t<a href=\"https:\/\/legacy.colt.net\/about\/\" target=\"_self\" rel=\"noopener\">\n\t\t\t\t\t\tRetour\n\t\t\t\t\t<\/a>\n\t\t\t<a href=\"https:\/\/legacy.colt.net\/global-network\/\" target=\"_blank\" rel=\"noopener\">\n\t\t\t\t\t\t\tNotre r\u00e9seau\n\t\t\t<\/a>\n\t\t\t\t<img loading=\"lazy\" decoding=\"async\" src=\"https:\/\/legacy.colt.net\/wp-content\/uploads\/2023\/12\/Colt-Image-1.png\" alt=\"Colt-Image-1\" itemprop=\"image\" height=\"922\" width=\"1060\" title=\"Colt-Image-1\" onerror=\"this.style.display='none'\"  \/>\n\t\t\t\t<img decoding=\"async\" src=\"https:\/\/legacy.colt.net\/wp-content\/plugins\/bb-plugin\/img\/pixel.png\" alt=\"\" itemprop=\"image\" onerror=\"this.style.display='none'\"  \/>\n\t<a href=\"https:\/\/legacy.colt.net\/fr\/about\/leadership\/keri-gilder\/\" target=\"_self\" aria-label=\"Go to https:\/\/legacy.colt.net\/fr\/about\/leadership\/keri-gilder\/\" rel=\"noopener\"><\/a>\n\t\t\t\t<img decoding=\"async\" src=\"https:\/\/legacy.colt.net\/wp-content\/uploads\/bb-plugin\/cache\/Keri-Gilder-scaled-circle.jpg\" alt=\"Keri Gilder\" title=\"Keri Gilder\" itemprop=\"image\"\/>\n\t\t<h3>Keri Gilder<\/h3><h4>Pr\u00e9sident-Directeur G\u00e9n\u00e9ral<\/h4>\n\t\t\t\t<p>Nomm\u00e9e en mai 2020, Keri est responsable de l&#8217;ex\u00e9cution de la strat\u00e9gie de Colt qui consiste \u00e0 mettre la puissance de l&#8217;univers num\u00e9rique entre les mains de ses clients o\u00f9, quand et comme ils le souhaitent.<\/p>\n\t<a href=\"https:\/\/legacy.colt.net\/fr\/about\/leadership\/buddy-bayer\/\" target=\"_self\" aria-label=\"Go to https:\/\/legacy.colt.net\/fr\/about\/leadership\/buddy-bayer\/\" rel=\"noopener\"><\/a>\n\t\t\t\t<img decoding=\"async\" src=\"https:\/\/legacy.colt.net\/wp-content\/uploads\/bb-plugin\/cache\/Buddy-Circle-1-circle.png\" alt=\"Buddy-Circle 1\" title=\"Buddy-Circle 1\" itemprop=\"image\"\/>\n\t\t<h3>Buddy Bayer<\/h3><h4>Directeur op\u00e9rationnel<\/h4>\n\t\t\t\t<p>Ron \u00ab\u00a0Buddy\u00a0\u00bb Bayer est directeur op\u00e9rationnel de Colt. Ron Bayer est charg\u00e9 de diriger les op\u00e9rations internationales et les fonctions d&#8217;ing\u00e9nierie de Colt. Buddy sera charg\u00e9 de d\u00e9velopper l&#8217;infrastructure et la strat\u00e9gie r\u00e9seau de Colt tout en continuant de proposer une exp\u00e9rience client exceptionnelle.<\/p>\n\t<a href=\"https:\/\/legacy.colt.net\/fr\/about\/leadership\/annette-murphy\/\" target=\"_self\" aria-label=\"Go to https:\/\/legacy.colt.net\/fr\/about\/leadership\/annette-murphy\/\" rel=\"noopener\"><\/a>\n\t\t\t\t<img decoding=\"async\" src=\"https:\/\/legacy.colt.net\/wp-content\/uploads\/bb-plugin\/cache\/Annette-Murphy-2-circle.png\" alt=\"Annette-Murphy\" title=\"Annette-Murphy\" itemprop=\"image\"\/>\n\t\t<h3>Annette Murphy<\/h3><h4>Directrice Commerciale<\/h4>\n<p>Annette Murphy est directrice commerciale de Colt et rel\u00e8ve directement de la directrice g\u00e9n\u00e9rale de Colt, Keri Gilder. Annette est responsable de la gestion de toutes les activit\u00e9s de mise sur le march\u00e9 et a pour mission de favoriser la croissance des revenus et de la pr\u00e9sence sur le march\u00e9 de Colt.<\/p>\n\t<a href=\"https:\/\/legacy.colt.net\/fr\/about\/leadership\/dan-harris\/\" target=\"_self\" aria-label=\"Go to https:\/\/legacy.colt.net\/fr\/about\/leadership\/dan-harris\/\" rel=\"noopener\"><\/a>\n\t\t\t\t<img decoding=\"async\" src=\"https:\/\/legacy.colt.net\/wp-content\/uploads\/bb-plugin\/cache\/Dan_Harris-circle.jpeg\" alt=\"Dan_Harris\" title=\"Dan_Harris\" itemprop=\"image\"\/>\n\t\t<h3>Dan Harris<\/h3><h4>Directeur financier<\/h4>\n\t\t\t\t<p>Dan Harris est le directeur financier de Colt\u00a0Technology\u00a0Services. Il est responsable de la mise en \u0153uvre des indicateurs financiers de Colt au niveau international et de l&#8217;int\u00e9gration de Lumen\u00a0EMEA, et travaille \u00e0 r\u00e9aliser les ambitions de Colt en termes de croissance.<\/p>\n\t<a href=\"https:\/\/legacy.colt.net\/fr\/about\/leadership\/catherine-leaver\/\" target=\"_self\" aria-label=\"Go to https:\/\/legacy.colt.net\/fr\/about\/leadership\/catherine-leaver\/\" rel=\"noopener\"><\/a>\n\t\t\t\t<img decoding=\"async\" src=\"https:\/\/legacy.colt.net\/wp-content\/uploads\/bb-plugin\/cache\/Catherine-circle.png\" alt=\"Catherine\" title=\"Catherine\" itemprop=\"image\"\/>\n\t\t<h3>Catherine Leaver<\/h3><h4>Chief People Officer<\/h4>\n<p>Catherine est tr\u00e8s exp\u00e9riment\u00e9e dans le travail avec des effectifs internationaux et dans la constitution d&#8217;\u00e9quipes solides, la r\u00e9alisation de changements et la conduite de r\u00e9sultats, tout en veillant \u00e0 ce que le bien-\u00eatre de l&#8217;organisation reste une priorit\u00e9 absolue.<\/p>\n\t<a href=\"https:\/\/legacy.colt.net\/fr\/about\/leadership\/ashish-surti\/\" target=\"_self\" aria-label=\"Go to https:\/\/legacy.colt.net\/fr\/about\/leadership\/ashish-surti\/\" rel=\"noopener\"><\/a>\n\t\t\t\t<img decoding=\"async\" src=\"https:\/\/legacy.colt.net\/wp-content\/uploads\/bb-plugin\/cache\/Ashish-Surti-Square-circle.png\" alt=\"Ashish-Surti-Square\" title=\"Ashish-Surti-Square\" itemprop=\"image\"\/>\n\t\t<h3>Ashish Surti<\/h3><h4>Executive Vice President &#8211; Technology and Security<\/h4>\n<p>Ashish Surti a pour r\u00f4le de d\u00e9finir la strat\u00e9gie globale de Colt en mati\u00e8re de technologie et de s\u00e9curit\u00e9, ainsi que son ex\u00e9cution. Il a pour mission de faire en sorte que Colt rationalise ses syst\u00e8mes et ses processus tout en industrialisant ses ambitions num\u00e9riques, en renfor\u00e7ant la s\u00e9curit\u00e9 et en am\u00e9liorant la qualit\u00e9 des donn\u00e9es \u00e0 tous les niveaux de ses activit\u00e9s.<\/p>\n\t<a href=\"https:\/\/legacy.colt.net\/fr\/about\/leadership\/caroline-griffin-pain\/\" target=\"_self\" aria-label=\"Go to https:\/\/legacy.colt.net\/fr\/about\/leadership\/caroline-griffin-pain\/\" rel=\"noopener\"><\/a>\n\t\t\t\t<img decoding=\"async\" src=\"https:\/\/legacy.colt.net\/wp-content\/uploads\/bb-plugin\/cache\/Caroline-Griffin-Pain-Photo-circle.jpg\" alt=\"Caroline Griffin Pain Photo\" title=\"Caroline Griffin Pain Photo\" itemprop=\"image\"\/>\n\t\t<h3>Caroline Griffin Pain<\/h3><h4>Cheif Legal Officer<\/h4>\n<p>En tant que Conseill\u00e8re Juridique principale, Caroline est responsable monde des \u00e9quipes juridiques et r\u00e9glementaires, le secr\u00e9tariat de la soci\u00e9t\u00e9 et l&#8217;organisation Country Manager. \u00c0 la t\u00eate de l&#8217;\u00e9quipe RH de Colt, Caroline se concentre sur l&#8217;acc\u00e9l\u00e9ration de la croissance et les efforts pour int\u00e9grer les probl\u00e9matiques ESG au sein de l&#8217;entreprise.<\/p>\n<h2>\n\t\tConseil d&#8217;administration\n\t<\/h2>\n\t\t\t\t<img decoding=\"async\" src=\"https:\/\/legacy.colt.net\/wp-content\/uploads\/bb-plugin\/cache\/Mike-Wilens-circle.jpg\" alt=\"Mike Wilens\" title=\"Mike Wilens\" itemprop=\"image\"\/>\n\t\t<h3>Michael Wilens<\/h3><h4>Pr\u00e9sident<\/h4>\t\t\t\n\t\t\t\t<a href=\"https:\/\/legacy.colt.net\/fr\/about\/leadership\/michael-wilens\/\" target=\"_self\" rel=\"noopener\">Read More&#8230;<\/a>\t\t\t\n\t\t\t\t<img decoding=\"async\" src=\"https:\/\/legacy.colt.net\/wp-content\/uploads\/bb-plugin\/cache\/Keri-Gilder-scaled-circle.jpg\" alt=\"Keri Gilder\" title=\"Keri Gilder\" itemprop=\"image\"\/>\n\t\t<h3>Keri Gilder<\/h3><h4>Pr\u00e9sident-Directeur G\u00e9n\u00e9ral<\/h4>\t\t\t\n\t\t\t\t<a href=\"https:\/\/legacy.colt.net\/fr\/about\/leadership\/keri-gilder\/\" target=\"_self\" rel=\"noopener\">Read More&#8230;<\/a>\t\t\t\n\t\t\t\t<img decoding=\"async\" src=\"https:\/\/legacy.colt.net\/wp-content\/uploads\/bb-plugin\/cache\/Caroline-Griffin-Pain-Photo-circle.jpg\" alt=\"Caroline Griffin Pain Photo\" title=\"Caroline Griffin Pain Photo\" itemprop=\"image\"\/>\n\t\t<h3>Caroline Griffin Pain<\/h3><h4>Conseillere Juridique Principale et VPE RH<\/h4>\t\t\t\n\t\t\t\t<a href=\"https:\/\/legacy.colt.net\/fr\/about\/leadership\/caroline-griffin-pain\/\" target=\"_self\" rel=\"noopener\">Read More&#8230;<\/a>\t\t\t\n\t\t\t\t<img decoding=\"async\" src=\"https:\/\/legacy.colt.net\/wp-content\/uploads\/bb-plugin\/cache\/Abby-Johnson-450x600-circle.jpg\" alt=\"Abby-Johnson-450x600\" title=\"Abby-Johnson-450x600\" itemprop=\"image\"\/>\n\t\t<h3>Abby Johnson<\/h3><h4>Directeur non-ex\u00e9cutif<\/h4>\t\t\t\n\t\t\t\t<a href=\"https:\/\/legacy.colt.net\/fr\/about\/leadership\/abby-johnson\/\" target=\"_self\" rel=\"noopener\">Read More&#8230;<\/a>\t\t\t\n\t\t\t\t<img decoding=\"async\" src=\"https:\/\/legacy.colt.net\/wp-content\/uploads\/bb-plugin\/cache\/Jennifer-Uhrig-450x600-circle.jpg\" alt=\"Jennifer-Uhrig-450x600\" title=\"Jennifer-Uhrig-450x600\" itemprop=\"image\"\/>\n\t\t<h3>Jennifer Uhrig<\/h3><h4>Directeur non-ex\u00e9cutif<\/h4>\t\t\t\n\t\t\t\t<a href=\"https:\/\/legacy.colt.net\/fr\/about\/leadership\/jennifer-uhrig\/\" target=\"_self\" rel=\"noopener\">Read More&#8230;<\/a>\t\t\t\n\t\t\t\t<img decoding=\"async\" src=\"https:\/\/legacy.colt.net\/wp-content\/uploads\/bb-plugin\/cache\/Suzanne-circle.jpg\" alt=\"Suzanne\" title=\"Suzanne\" itemprop=\"image\"\/>\n\t\t<h3>Suzanne Streeter<\/h3><h4>Directeur non-ex\u00e9cutif<\/h4>\t\t\t\n\t\t\t\t<a href=\"https:\/\/legacy.colt.net\/fr\/about\/leadership\/suzanne-streeter\/\" target=\"_self\" rel=\"noopener\">Read More&#8230;<\/a>\t\t\t\n\t\t\t\t<img decoding=\"async\" src=\"https:\/\/legacy.colt.net\/wp-content\/uploads\/bb-plugin\/cache\/Stevee_Neff-circle.jpg\" alt=\"Stevee_Neff\" title=\"Stevee_Neff\" itemprop=\"image\"\/>\n\t\t<h3>Steve Neff<\/h3><h4>Directeur non-ex\u00e9cutif<\/h4>\t\t\t\n\t\t\t\t<a href=\"https:\/\/legacy.colt.net\/fr\/about\/leadership\/stephen-neff\/\" target=\"_self\" rel=\"noopener\">Read More&#8230;<\/a>\t\t\t\n\t\t\t\t<img decoding=\"async\" src=\"https:\/\/legacy.colt.net\/wp-content\/uploads\/bb-plugin\/cache\/John-Avery-circle.png\" alt=\"John Avery\" title=\"John Avery\" itemprop=\"image\"\/>\n\t\t<h3>John Avery<\/h3><h4>Directeur non-ex\u00e9cutif<\/h4>\t\t\t\n\t\t\t\t<a href=\"https:\/\/legacy.colt.net\/fr\/about\/leadership\/john-avery\/\" target=\"_self\" rel=\"noopener\">Read More&#8230;<\/a>\t\t\t\n<h2>\n\t\tComit\u00e9 de v\u00e9rification\n\t<\/h2>\n\t\t\t\t<img decoding=\"async\" src=\"https:\/\/legacy.colt.net\/wp-content\/uploads\/bb-plugin\/cache\/Jennifer-Uhrig-450x600-circle.jpg\" alt=\"Jennifer-Uhrig-450x600\" title=\"Jennifer-Uhrig-450x600\" itemprop=\"image\"\/>\n\t\t<h3>Jennifer Uhrig<\/h3><h4>Membre du commit\u00e9 d&#8217;audit<\/h4>\t\t\t\n\t\t\t\t<a href=\"https:\/\/legacy.colt.net\/fr\/about\/leadership\/jennifer-uhrig\/\" target=\"_self\" rel=\"noopener\">Read More&#8230;<\/a>\t\t\t\n\t\t\t\t<img decoding=\"async\" src=\"https:\/\/legacy.colt.net\/wp-content\/uploads\/bb-plugin\/cache\/John-Avery-circle.png\" alt=\"John Avery\" title=\"John Avery\" itemprop=\"image\"\/>\n\t\t<h3>John Avery<\/h3><h4>Membre du commit\u00e9 d&#8217;audit<\/h4>\t\t\t\n\t\t\t\t<a href=\"https:\/\/legacy.colt.net\/fr\/about\/leadership\/john-avery\/\" target=\"_self\" rel=\"noopener\">Read More&#8230;<\/a>\t\t\t\n\t\t\t\t<img decoding=\"async\" src=\"https:\/\/legacy.colt.net\/wp-content\/uploads\/bb-plugin\/cache\/Suzanne-circle.jpg\" alt=\"Suzanne\" title=\"Suzanne\" itemprop=\"image\"\/>\n\t\t<h3>Suzanne Streeter<\/h3><h4>Membre du commit\u00e9 d&#8217;audit<\/h4>\t\t\t\n\t\t\t\t<a href=\"https:\/\/legacy.colt.net\/fr\/about\/leadership\/suzanne-streeter\/\" target=\"_self\" rel=\"noopener\">Read More&#8230;<\/a>\t\t\t\n<h2>\n\t\tComit\u00e9 de r\u00e9mun\u00e9ration\n\t<\/h2>\n\t\t\t\t<img decoding=\"async\" src=\"https:\/\/legacy.colt.net\/wp-content\/uploads\/bb-plugin\/cache\/Murphy_Pat-1-circle.jpg\" alt=\"Murphy_Pat\" title=\"Murphy_Pat\" itemprop=\"image\"\/>\n\t\t<h3>Pat Murphy<\/h3><h4>Membre du comit\u00e9 de r\u00e9mun\u00e9ration<\/h4>\t\t\t\n\t\t\t\t<a href=\"https:\/\/legacy.colt.net\/fr\/about\/leadership\/pat-murphy\/\" target=\"_self\" rel=\"noopener\">Read More&#8230;<\/a>\t\t\t\n\t\t\t\t<img decoding=\"async\" src=\"https:\/\/legacy.colt.net\/wp-content\/uploads\/bb-plugin\/cache\/Stevee_Neff-circle.jpg\" alt=\"Stevee_Neff\" title=\"Stevee_Neff\" itemprop=\"image\"\/>\n\t\t<h3>Steve Neff<\/h3><h4>Membre du comit\u00e9 de r\u00e9mun\u00e9ration<\/h4>\t\t\t\n\t\t\t\t<a href=\"https:\/\/legacy.colt.net\/fr\/about\/leadership\/stephen-neff\/\" target=\"_self\" rel=\"noopener\">Read More&#8230;<\/a>\t\t\t\n\t\t\t\t<img decoding=\"async\" src=\"https:\/\/legacy.colt.net\/wp-content\/uploads\/bb-plugin\/cache\/Jason-Hamilton-Photo-circle.jpg\" alt=\"Jason Hamilton Photo\" title=\"Jason Hamilton Photo\" itemprop=\"image\"\/>\n\t\t<h3>Jason Hamilton<\/h3><h4>Membre du comit\u00e9 de r\u00e9mun\u00e9ration<\/h4>\t\t\t\n\t\t\t\t<a href=\"https:\/\/legacy.colt.net\/about\/leadership\/jason-hamilton\/\" target=\"_self\" rel=\"noopener\">Read More&#8230;<\/a>\t\t\t\n\n","protected":false},"excerpt":{"rendered":"<p>\u00c9quipe ex\u00e9cutive A propos de Colt Retour Notre r\u00e9seau Keri Gilder Pr\u00e9sident-Directeur G\u00e9n\u00e9ral Nomm\u00e9e en mai 2020, Keri est responsable de l&#8217;ex\u00e9cution de la strat\u00e9gie de Colt qui consiste \u00e0 mettre la puissance de l&#8217;univers num\u00e9rique entre les mains de ses clients o\u00f9, quand et comme ils le souhaitent. Buddy Bayer Directeur op\u00e9rationnel Ron \u00ab\u00a0Buddy\u00a0\u00bb&#8230;<\/p>\n","protected":false},"author":2,"featured_media":0,"parent":34023,"menu_order":0,"comment_status":"closed","ping_status":"closed","template":"","meta":{"_acf_changed":false,"footnotes":""},"colt_type":[],"colt_products":[],"class_list":["post-34336","page","type-page","status-publish","hentry"],"acf":[],"yoast_head":"<!-- This site is optimized with the Yoast SEO plugin v26.8 - https:\/\/yoast.com\/product\/yoast-seo-wordpress\/ -->\n<title>Comit\u00e9 Ex\u00e9cutif - Colt Technology Services - FR<\/title>\n<meta name=\"description\" content=\"Rencontrez l&#039;\u00e9quipe de direction de Colt | Colt Technology Services\" \/>\n<meta name=\"robots\" content=\"noindex, follow, max-snippet:-1, max-image-preview:large, max-video-preview:-1\" \/>\n<meta property=\"og:locale\" content=\"fr_FR\" \/>\n<meta property=\"og:type\" content=\"article\" \/>\n<meta property=\"og:title\" content=\"Comit\u00e9 Ex\u00e9cutif - Colt Technology Services - FR\" \/>\n<meta property=\"og:description\" content=\"Rencontrez l&#039;\u00e9quipe de direction de Colt | Colt Technology Services\" \/>\n<meta property=\"og:url\" content=\"https:\/\/legacy.colt.net\/fr\/about\/leadership\/\" \/>\n<meta property=\"og:site_name\" content=\"Colt Technology Services\" \/>\n<meta property=\"article:publisher\" content=\"https:\/\/www.facebook.com\/ColtTechnologyServices\/\" \/>\n<meta property=\"article:modified_time\" content=\"2024-04-18T13:04:48+00:00\" \/>\n<meta property=\"og:image\" content=\"https:\/\/legacy.colt.net\/wp-content\/uploads\/2021\/01\/Brand-2021-Stock-47.jpg\" \/>\n\t<meta property=\"og:image:width\" content=\"1000\" \/>\n\t<meta property=\"og:image:height\" content=\"603\" \/>\n\t<meta property=\"og:image:type\" content=\"image\/jpeg\" \/>\n<meta name=\"twitter:card\" content=\"summary_large_image\" \/>\n<meta name=\"twitter:site\" content=\"@colt_technology\" \/>\n<meta name=\"twitter:label1\" content=\"Est. reading time\" \/>\n\t<meta name=\"twitter:data1\" content=\"7 minutes\" \/>\n<script type=\"application\/ld+json\" class=\"yoast-schema-graph\">{\"@context\":\"https:\/\/schema.org\",\"@graph\":[{\"@type\":\"WebPage\",\"@id\":\"https:\/\/legacy.colt.net\/fr\/about\/leadership\/\",\"url\":\"https:\/\/legacy.colt.net\/fr\/about\/leadership\/\",\"name\":\"Comit\u00e9 Ex\u00e9cutif - Colt Technology Services - FR\",\"isPartOf\":{\"@id\":\"https:\/\/legacy.colt.net\/#website\"},\"primaryImageOfPage\":{\"@id\":\"https:\/\/legacy.colt.net\/fr\/about\/leadership\/#primaryimage\"},\"image\":{\"@id\":\"https:\/\/legacy.colt.net\/fr\/about\/leadership\/#primaryimage\"},\"thumbnailUrl\":\"https:\/\/legacy.colt.net\/wp-content\/uploads\/2023\/12\/Colt-Image-1.png\",\"datePublished\":\"2017-03-13T16:41:52+00:00\",\"dateModified\":\"2024-04-18T13:04:48+00:00\",\"description\":\"Rencontrez l'\u00e9quipe de direction de Colt | Colt Technology Services\",\"breadcrumb\":{\"@id\":\"https:\/\/legacy.colt.net\/fr\/about\/leadership\/#breadcrumb\"},\"inLanguage\":\"fr-FR\",\"potentialAction\":[{\"@type\":\"ReadAction\",\"target\":[\"https:\/\/legacy.colt.net\/fr\/about\/leadership\/\"]}]},{\"@type\":\"ImageObject\",\"inLanguage\":\"fr-FR\",\"@id\":\"https:\/\/legacy.colt.net\/fr\/about\/leadership\/#primaryimage\",\"url\":\"https:\/\/legacy.colt.net\/wp-content\/uploads\/2023\/12\/Colt-Image-1.png\",\"contentUrl\":\"https:\/\/legacy.colt.net\/wp-content\/uploads\/2023\/12\/Colt-Image-1.png\"},{\"@type\":\"BreadcrumbList\",\"@id\":\"https:\/\/legacy.colt.net\/fr\/about\/leadership\/#breadcrumb\",\"itemListElement\":[{\"@type\":\"ListItem\",\"position\":1,\"name\":\"Home\",\"item\":\"https:\/\/legacy.colt.net\/fr\/\"},{\"@type\":\"ListItem\",\"position\":2,\"name\":\"A propos de colt\",\"item\":\"https:\/\/legacy.colt.net\/fr\/about\/\"},{\"@type\":\"ListItem\",\"position\":3,\"name\":\"Comit\u00e9 Ex\u00e9cutif\"}]},{\"@type\":\"WebSite\",\"@id\":\"https:\/\/legacy.colt.net\/#website\",\"url\":\"https:\/\/legacy.colt.net\/\",\"name\":\"Colt\u30c6\u30af\u30ce\u30ed\u30b8\u30fc\u30b5\u30fc\u30d3\u30b9\u682a\u5f0f\u4f1a\u793e\",\"description\":\"Managed Network &amp; Voice Services Provider\",\"publisher\":{\"@id\":\"https:\/\/legacy.colt.net\/#organization\"},\"potentialAction\":[{\"@type\":\"SearchAction\",\"target\":{\"@type\":\"EntryPoint\",\"urlTemplate\":\"https:\/\/legacy.colt.net\/?s={search_term_string}\"},\"query-input\":{\"@type\":\"PropertyValueSpecification\",\"valueRequired\":true,\"valueName\":\"search_term_string\"}}],\"inLanguage\":\"fr-FR\"},{\"@type\":\"Organization\",\"@id\":\"https:\/\/legacy.colt.net\/#organization\",\"name\":\"Colt Technology Services\",\"url\":\"https:\/\/legacy.colt.net\/\",\"logo\":{\"@type\":\"ImageObject\",\"inLanguage\":\"fr-FR\",\"@id\":\"https:\/\/legacy.colt.net\/#\/schema\/logo\/image\/\",\"url\":\"https:\/\/legacy.colt.net\/wp-content\/uploads\/2019\/02\/Colt-Logo.png\",\"contentUrl\":\"https:\/\/legacy.colt.net\/wp-content\/uploads\/2019\/02\/Colt-Logo.png\",\"width\":195,\"height\":77,\"caption\":\"Colt Technology Services\"},\"image\":{\"@id\":\"https:\/\/legacy.colt.net\/#\/schema\/logo\/image\/\"},\"sameAs\":[\"https:\/\/www.facebook.com\/ColtTechnologyServices\/\",\"https:\/\/x.com\/colt_technology\",\"https:\/\/www.instagram.com\/colttechnologyservices\/\",\"https:\/\/www.linkedin.com\/company\/colt-technology-services\",\"https:\/\/www.youtube.com\/user\/ColtTechnology\"]}]}<\/script>\n<!-- \/ Yoast SEO plugin. -->","yoast_head_json":{"title":"Comit\u00e9 Ex\u00e9cutif - Colt Technology Services - FR","description":"Rencontrez l'\u00e9quipe de direction de Colt | Colt Technology Services","robots":{"index":"noindex","follow":"follow","max-snippet":"max-snippet:-1","max-image-preview":"max-image-preview:large","max-video-preview":"max-video-preview:-1"},"og_locale":"fr_FR","og_type":"article","og_title":"Comit\u00e9 Ex\u00e9cutif - Colt Technology Services - FR","og_description":"Rencontrez l'\u00e9quipe de direction de Colt | Colt Technology Services","og_url":"https:\/\/legacy.colt.net\/fr\/about\/leadership\/","og_site_name":"Colt Technology Services","article_publisher":"https:\/\/www.facebook.com\/ColtTechnologyServices\/","article_modified_time":"2024-04-18T13:04:48+00:00","og_image":[{"width":1000,"height":603,"url":"https:\/\/legacy.colt.net\/wp-content\/uploads\/2021\/01\/Brand-2021-Stock-47.jpg","type":"image\/jpeg"}],"twitter_card":"summary_large_image","twitter_site":"@colt_technology","twitter_misc":{"Est. reading time":"7 minutes"},"schema":{"@context":"https:\/\/schema.org","@graph":[{"@type":"WebPage","@id":"https:\/\/legacy.colt.net\/fr\/about\/leadership\/","url":"https:\/\/legacy.colt.net\/fr\/about\/leadership\/","name":"Comit\u00e9 Ex\u00e9cutif - Colt Technology Services - FR","isPartOf":{"@id":"https:\/\/legacy.colt.net\/#website"},"primaryImageOfPage":{"@id":"https:\/\/legacy.colt.net\/fr\/about\/leadership\/#primaryimage"},"image":{"@id":"https:\/\/legacy.colt.net\/fr\/about\/leadership\/#primaryimage"},"thumbnailUrl":"https:\/\/legacy.colt.net\/wp-content\/uploads\/2023\/12\/Colt-Image-1.png","datePublished":"2017-03-13T16:41:52+00:00","dateModified":"2024-04-18T13:04:48+00:00","description":"Rencontrez l'\u00e9quipe de direction de Colt | Colt Technology Services","breadcrumb":{"@id":"https:\/\/legacy.colt.net\/fr\/about\/leadership\/#breadcrumb"},"inLanguage":"fr-FR","potentialAction":[{"@type":"ReadAction","target":["https:\/\/legacy.colt.net\/fr\/about\/leadership\/"]}]},{"@type":"ImageObject","inLanguage":"fr-FR","@id":"https:\/\/legacy.colt.net\/fr\/about\/leadership\/#primaryimage","url":"https:\/\/legacy.colt.net\/wp-content\/uploads\/2023\/12\/Colt-Image-1.png","contentUrl":"https:\/\/legacy.colt.net\/wp-content\/uploads\/2023\/12\/Colt-Image-1.png"},{"@type":"BreadcrumbList","@id":"https:\/\/legacy.colt.net\/fr\/about\/leadership\/#breadcrumb","itemListElement":[{"@type":"ListItem","position":1,"name":"Home","item":"https:\/\/legacy.colt.net\/fr\/"},{"@type":"ListItem","position":2,"name":"A propos de colt","item":"https:\/\/legacy.colt.net\/fr\/about\/"},{"@type":"ListItem","position":3,"name":"Comit\u00e9 Ex\u00e9cutif"}]},{"@type":"WebSite","@id":"https:\/\/legacy.colt.net\/#website","url":"https:\/\/legacy.colt.net\/","name":"Colt\u30c6\u30af\u30ce\u30ed\u30b8\u30fc\u30b5\u30fc\u30d3\u30b9\u682a\u5f0f\u4f1a\u793e","description":"Managed Network &amp; Voice Services Provider","publisher":{"@id":"https:\/\/legacy.colt.net\/#organization"},"potentialAction":[{"@type":"SearchAction","target":{"@type":"EntryPoint","urlTemplate":"https:\/\/legacy.colt.net\/?s={search_term_string}"},"query-input":{"@type":"PropertyValueSpecification","valueRequired":true,"valueName":"search_term_string"}}],"inLanguage":"fr-FR"},{"@type":"Organization","@id":"https:\/\/legacy.colt.net\/#organization","name":"Colt Technology Services","url":"https:\/\/legacy.colt.net\/","logo":{"@type":"ImageObject","inLanguage":"fr-FR","@id":"https:\/\/legacy.colt.net\/#\/schema\/logo\/image\/","url":"https:\/\/legacy.colt.net\/wp-content\/uploads\/2019\/02\/Colt-Logo.png","contentUrl":"https:\/\/legacy.colt.net\/wp-content\/uploads\/2019\/02\/Colt-Logo.png","width":195,"height":77,"caption":"Colt Technology Services"},"image":{"@id":"https:\/\/legacy.colt.net\/#\/schema\/logo\/image\/"},"sameAs":["https:\/\/www.facebook.com\/ColtTechnologyServices\/","https:\/\/x.com\/colt_technology","https:\/\/www.instagram.com\/colttechnologyservices\/","https:\/\/www.linkedin.com\/company\/colt-technology-services","https:\/\/www.youtube.com\/user\/ColtTechnology"]}]}},"_links":{"self":[{"href":"https:\/\/legacy.colt.net\/fr\/wp-json\/wp\/v2\/pages\/34336","targetHints":{"allow":["GET"]}}],"collection":[{"href":"https:\/\/legacy.colt.net\/fr\/wp-json\/wp\/v2\/pages"}],"about":[{"href":"https:\/\/legacy.colt.net\/fr\/wp-json\/wp\/v2\/types\/page"}],"author":[{"embeddable":true,"href":"https:\/\/legacy.colt.net\/fr\/wp-json\/wp\/v2\/users\/2"}],"replies":[{"embeddable":true,"href":"https:\/\/legacy.colt.net\/fr\/wp-json\/wp\/v2\/comments?post=34336"}],"version-history":[{"count":0,"href":"https:\/\/legacy.colt.net\/fr\/wp-json\/wp\/v2\/pages\/34336\/revisions"}],"up":[{"embeddable":true,"href":"https:\/\/legacy.colt.net\/fr\/wp-json\/wp\/v2\/pages\/34023"}],"wp:attachment":[{"href":"https:\/\/legacy.colt.net\/fr\/wp-json\/wp\/v2\/media?parent=34336"}],"wp:term":[{"taxonomy":"colt_type","embeddable":true,"href":"https:\/\/legacy.colt.net\/fr\/wp-json\/wp\/v2\/colt_type?post=34336"},{"taxonomy":"colt_products","embeddable":true,"href":"https:\/\/legacy.colt.net\/fr\/wp-json\/wp\/v2\/colt_products?post=34336"}],"curies":[{"name":"wp","href":"https:\/\/api.w.org\/{rel}","templated":true}]}}