{"id":34023,"date":"2017-03-27T15:50:31","date_gmt":"2017-03-27T15:50:31","guid":{"rendered":"https:\/\/www.colt.net\/about-colt\/"},"modified":"2025-07-15T14:13:33","modified_gmt":"2025-07-15T13:13:33","slug":"about","status":"publish","type":"page","link":"https:\/\/legacy.colt.net\/fr\/about\/","title":{"rendered":"A propos de colt"},"content":{"rendered":"\n<h2>\n\t\t\tNous sommes Colt, le sp\u00e9cialiste des infrastructures num\u00e9riques qui fournit des connexions extraordinaires avec une attention particuli\u00e8re.\t<\/h2>\n<h2>\n\t\t\tNous r\u00e9unissons des personnes extraordinaires, des r\u00e9seaux intelligents et des partenaires qui partagent nos id\u00e9es aux quatre coins du monde dans le but de cr\u00e9er des solutions qui mettent la puissance de l&#8217;univers num\u00e9rique entre les mains de nos clients.\t<\/h2>\n\t<nav class=\"breadcrumb\"><span><span><a href=\"https:\/\/legacy.colt.net\/fr\/\">Home<\/a><\/span><\/span><\/nav>\n<h3>\n\t\t\tA propos de Colt\t<\/h3>\n\tNotre r\u00e9seau Colt IQ fournit une infrastructure num\u00e9rique qui r\u00e9pond \u00e0 vos exigences et prend en charge les services n\u00e9cessaires \u00e0 la bonne marche de votre entreprise. Nous voulons que les grandes entreprises du monde entier choisissent de se connecter avec Colt\u2009; dans cette optique, nous leur offrons une exp\u00e9rience client \u00e0 la hauteur de leurs attentes. Cette exp\u00e9rience est d&#8217;ores et d\u00e9j\u00e0 \u00e0 la pointe du secteur et nous visons encore plus haut.\nC&#8217;est ainsi que nous cr\u00e9ons des connexions extraordinaires, avec nos clients, nos partenaires, nos collaborateurs et notre plan\u00e8te.\n\t\t\t\t<img decoding=\"async\" src=\"https:\/\/legacy.colt.net\/wp-content\/uploads\/2022\/07\/Colt-IQ-network-Logo_Social-2-copy.png\" alt=\"Colt-IQ-network-Logo_Social 2 copy\" itemprop=\"image\" height=\"632\" width=\"559\" title=\"Colt-IQ-network-Logo_Social 2 copy\" onerror=\"this.style.display='none'\" loading='lazy' \/>\n<h3>\n\t\t\tNotre diff\u00e9rence\t<\/h3>\n\t\t\t\t<img decoding=\"async\" src=\"https:\/\/legacy.colt.net\/wp-content\/uploads\/2023\/01\/Tech-and-Sustainability-icon-1.png\" alt=\"Tech-and-Sustainability-icon-1\" itemprop=\"image\" height=\"500\" width=\"500\" title=\"Tech-and-Sustainability-icon-1\" onerror=\"this.style.display='none'\" loading='lazy' \/>\n<h2>\n\t\t\tDes standards \u00e9lev\u00e9s en termes de technologies et de durabilit\u00e9\t<\/h2>\n\t\t\t\t<img decoding=\"async\" src=\"https:\/\/legacy.colt.net\/wp-content\/uploads\/2023\/01\/Billiant-People-icon-1.png\" alt=\"Billiant-People-icon-1\" itemprop=\"image\" height=\"500\" width=\"500\" title=\"Billiant-People-icon-1\" onerror=\"this.style.display='none'\" loading='lazy' \/>\n<h2>\n\t\t\tDes collaborateurs extraordinaires qui offrent aux clients le meilleur service du secteur\t<\/h2>\n\t\t\t\t<img decoding=\"async\" src=\"https:\/\/legacy.colt.net\/wp-content\/uploads\/2023\/01\/Partner-icon-1.png\" alt=\"Partner-icon-1\" itemprop=\"image\" height=\"500\" width=\"500\" title=\"Partner-icon-1\" onerror=\"this.style.display='none'\" loading='lazy' \/>\n<h2>\n\t\t\tLa co-cr\u00e9ation au c\u0153ur de notre d\u00e9marche gr\u00e2ce \u00e0 nos incroyables \u00e9cosyst\u00e8mes de partenaires.\t<\/h2>\n\t\t\t\t<img decoding=\"async\" src=\"https:\/\/legacy.colt.net\/wp-content\/uploads\/2023\/01\/World-Class-Network-icon-1.png\" alt=\"World-Class-Network-icon-1\" itemprop=\"image\" height=\"500\" width=\"500\" title=\"World-Class-Network-icon-1\" onerror=\"this.style.display='none'\" loading='lazy' \/>\n<h2>\n\t\t\tUn r\u00e9seau de niveau mondial adapt\u00e9 \u00e0 vos \u00e9volutions futures\t<\/h2>\n\t\t\t\t<img decoding=\"async\" src=\"https:\/\/legacy.colt.net\/wp-content\/uploads\/2023\/01\/Impact-Our-World-icon-1.png\" alt=\"Impact-Our-World-icon-1\" itemprop=\"image\" height=\"500\" width=\"500\" title=\"Impact-Our-World-icon-1\" onerror=\"this.style.display='none'\" loading='lazy' \/>\n<h2>\n\t\t\tUn v\u00e9ritable impact transformationnel pour nos clients et pour le monde\t<\/h2>\n<h3>\n\t\t\tNos convictions\t<\/h3>\n<p>L&#8217;attitude de nos collaborateurs, leur comportement et leur mode de coop\u00e9ration reposent sur un ensemble de valeurs fondamentales simples mais puissantes. Pour en savoir plus sur nos valeurs, <a href=\"https:\/\/legacy.colt.net\/about\/values\/\">cliquez ici.<\/a><\/p>\n\t\t\t\t<img decoding=\"async\" src=\"https:\/\/legacy.colt.net\/wp-content\/uploads\/2021\/07\/We-know-people-matter-Icon-landscape.png\" alt=\"We-know-people-matter-Icon-landscape\" itemprop=\"image\" height=\"420\" width=\"600\" title=\"We-know-people-matter-Icon-landscape\" onerror=\"this.style.display='none'\" loading='lazy' \/>\n<h2>\n\t\t\tNous savons que les gens comptent\t<\/h2>\n\t<p>Qu&#8217;il s&#8217;agisse d&#8217;un client, d&#8217;un partenaire ou d&#8217;un employ\u00e9, nous construisons des relations bas\u00e9es sur la confiance, l&#8217;honn\u00eatet\u00e9, le respect et l&#8217;int\u00e9grit\u00e9.<\/p>\n\t\t\t\t<img decoding=\"async\" src=\"https:\/\/legacy.colt.net\/wp-content\/uploads\/2021\/07\/We-always-find-a-better-way-Icon-landscape.png\" alt=\"We-always-find-a-better-way-Icon-landscape\" itemprop=\"image\" height=\"420\" width=\"600\" title=\"We-always-find-a-better-way-Icon-landscape\" onerror=\"this.style.display='none'\" loading='lazy' \/>\n<h2>\n\t\t\tNous trouvons toujours une meilleure solution\t<\/h2>\n\t<p>En gardant une longueur d&#8217;avance, nous permettons \u00e0 nos clients de r\u00e9ussir gr\u00e2ce \u00e0 la puissance de la connectivit\u00e9. Nous nous adaptons rapidement et assumons la responsabilit\u00e9 des promesses que nous faisons.<\/p>\n\t\t\t\t<img decoding=\"async\" src=\"https:\/\/legacy.colt.net\/wp-content\/uploads\/2021\/07\/We-win-together-Icon-landscape.png\" alt=\"We-win-together-Icon-landscape\" itemprop=\"image\" height=\"420\" width=\"600\" title=\"We-win-together-Icon-landscape\" onerror=\"this.style.display='none'\" loading='lazy' \/>\n<h2>\n\t\t\tNous gagnons ensemble\t<\/h2>\n\t<p>Nous croyons au pouvoir du plus grand nombre et sommes solidaires des clients, partenaires et coll\u00e8gues qui collaborent sur des id\u00e9es, partagent les risques et la reconnaissance entre tous.<\/p>\n\t\t\t\t<img decoding=\"async\" src=\"https:\/\/legacy.colt.net\/wp-content\/uploads\/2021\/07\/We-can-change-the-world-Port-Icon-landscape.png\" alt=\"We-can-change-the-world-Port-Icon-landscape\" itemprop=\"image\" height=\"420\" width=\"600\" title=\"We-can-change-the-world-Port-Icon-landscape\" onerror=\"this.style.display='none'\" loading='lazy' \/>\n<h2>\n\t\t\tNous pouvons changer le monde\t<\/h2>\n\t<p>Nous voulons rendre le monde meilleur. Mieux connect\u00e9, plus durable, plus juste pour tous. Nous utilisons ce que nous avons &#8211; passion, technologie et connectivit\u00e9 &#8211; pour cr\u00e9er du bien.<\/p>\n<h3>\n\t\t\tNotre activit\u00e9\t<\/h3>\n\t<p>Nos\u00a0produits et services\u00a0assurent une exp\u00e9rience homog\u00e8ne entre les clients d&#8217;Europe, d&#8217;Asie et d&#8217;Am\u00e9rique du Nord gr\u00e2ce \u00e0 une plateforme et une technologie communes, ce qui aide les entreprises \u00e0 relever les d\u00e9fis que soul\u00e8ve la transformation num\u00e9rique et se concentrer sur leurs priorit\u00e9s m\u00e9tier pour partir \u00e0 la conqu\u00eate de march\u00e9s nouveaux et \u00e9mergents.<\/p>\n\t\t\t\t<img decoding=\"async\" src=\"https:\/\/legacy.colt.net\/wp-content\/uploads\/2023\/01\/What-makes-us-different-01.png\" alt=\"What-makes-us-different-01\" itemprop=\"image\" height=\"1280\" width=\"1280\" title=\"What-makes-us-different-01\" onerror=\"this.style.display='none'\" loading='lazy' \/>\n\n","protected":false},"excerpt":{"rendered":"<p>Nous sommes Colt, le sp\u00e9cialiste des infrastructures num\u00e9riques qui fournit des connexions extraordinaires avec une attention particuli\u00e8re. Nous r\u00e9unissons des personnes extraordinaires, des r\u00e9seaux intelligents et des partenaires qui partagent nos id\u00e9es aux quatre coins du monde dans le but de cr\u00e9er des solutions qui mettent la puissance de l&#8217;univers num\u00e9rique entre les mains de&#8230;<\/p>\n","protected":false},"author":2,"featured_media":0,"parent":0,"menu_order":0,"comment_status":"closed","ping_status":"closed","template":"","meta":{"_acf_changed":false,"footnotes":""},"colt_type":[],"colt_products":[],"class_list":["post-34023","page","type-page","status-publish","hentry"],"acf":[],"yoast_head":"<!-- This site is optimized with the Yoast SEO plugin v26.8 - https:\/\/yoast.com\/product\/yoast-seo-wordpress\/ -->\n<title>A Propos de Colt - Colt Technology Services | FR<\/title>\n<meta name=\"description\" content=\"A propos de colt Colt Technology Services\" \/>\n<meta name=\"robots\" content=\"noindex, follow, max-snippet:-1, max-image-preview:large, max-video-preview:-1\" \/>\n<meta property=\"og:locale\" content=\"fr_FR\" \/>\n<meta property=\"og:type\" content=\"article\" \/>\n<meta property=\"og:title\" content=\"A Propos de Colt - Colt Technology Services | FR\" \/>\n<meta property=\"og:description\" content=\"A propos de colt Colt Technology Services\" \/>\n<meta property=\"og:url\" content=\"https:\/\/legacy.colt.net\/fr\/about\/\" \/>\n<meta property=\"og:site_name\" content=\"Colt Technology Services\" \/>\n<meta property=\"article:publisher\" content=\"https:\/\/www.facebook.com\/ColtTechnologyServices\/\" \/>\n<meta property=\"article:modified_time\" content=\"2025-07-15T13:13:33+00:00\" \/>\n<meta property=\"og:image\" content=\"https:\/\/legacy.colt.net\/wp-content\/uploads\/2021\/01\/Brand-2021-Stock-8.jpg\" \/>\n\t<meta property=\"og:image:width\" content=\"1000\" \/>\n\t<meta property=\"og:image:height\" content=\"667\" \/>\n\t<meta property=\"og:image:type\" content=\"image\/jpeg\" \/>\n<meta name=\"twitter:card\" content=\"summary_large_image\" \/>\n<meta name=\"twitter:site\" content=\"@colt_technology\" \/>\n<meta name=\"twitter:label1\" content=\"Est. reading time\" \/>\n\t<meta name=\"twitter:data1\" content=\"5 minutes\" \/>\n<script type=\"application\/ld+json\" class=\"yoast-schema-graph\">{\"@context\":\"https:\/\/schema.org\",\"@graph\":[{\"@type\":\"WebPage\",\"@id\":\"https:\/\/legacy.colt.net\/fr\/about\/\",\"url\":\"https:\/\/legacy.colt.net\/fr\/about\/\",\"name\":\"A Propos de Colt - Colt Technology Services | FR\",\"isPartOf\":{\"@id\":\"https:\/\/legacy.colt.net\/#website\"},\"primaryImageOfPage\":{\"@id\":\"https:\/\/legacy.colt.net\/fr\/about\/#primaryimage\"},\"image\":{\"@id\":\"https:\/\/legacy.colt.net\/fr\/about\/#primaryimage\"},\"thumbnailUrl\":\"https:\/\/legacy.colt.net\/wp-content\/uploads\/2022\/07\/Colt-IQ-network-Logo_Social-2-copy.png\",\"datePublished\":\"2017-03-27T15:50:31+00:00\",\"dateModified\":\"2025-07-15T13:13:33+00:00\",\"description\":\"A propos de colt Colt Technology Services\",\"breadcrumb\":{\"@id\":\"https:\/\/legacy.colt.net\/fr\/about\/#breadcrumb\"},\"inLanguage\":\"fr-FR\",\"potentialAction\":[{\"@type\":\"ReadAction\",\"target\":[\"https:\/\/legacy.colt.net\/fr\/about\/\"]}]},{\"@type\":\"ImageObject\",\"inLanguage\":\"fr-FR\",\"@id\":\"https:\/\/legacy.colt.net\/fr\/about\/#primaryimage\",\"url\":\"https:\/\/legacy.colt.net\/wp-content\/uploads\/2022\/07\/Colt-IQ-network-Logo_Social-2-copy.png\",\"contentUrl\":\"https:\/\/legacy.colt.net\/wp-content\/uploads\/2022\/07\/Colt-IQ-network-Logo_Social-2-copy.png\"},{\"@type\":\"BreadcrumbList\",\"@id\":\"https:\/\/legacy.colt.net\/fr\/about\/#breadcrumb\",\"itemListElement\":[{\"@type\":\"ListItem\",\"position\":1,\"name\":\"Home\",\"item\":\"https:\/\/legacy.colt.net\/fr\/\"},{\"@type\":\"ListItem\",\"position\":2,\"name\":\"A propos de colt\"}]},{\"@type\":\"WebSite\",\"@id\":\"https:\/\/legacy.colt.net\/#website\",\"url\":\"https:\/\/legacy.colt.net\/\",\"name\":\"Colt\u30c6\u30af\u30ce\u30ed\u30b8\u30fc\u30b5\u30fc\u30d3\u30b9\u682a\u5f0f\u4f1a\u793e\",\"description\":\"Managed Network &amp; Voice Services Provider\",\"publisher\":{\"@id\":\"https:\/\/legacy.colt.net\/#organization\"},\"potentialAction\":[{\"@type\":\"SearchAction\",\"target\":{\"@type\":\"EntryPoint\",\"urlTemplate\":\"https:\/\/legacy.colt.net\/?s={search_term_string}\"},\"query-input\":{\"@type\":\"PropertyValueSpecification\",\"valueRequired\":true,\"valueName\":\"search_term_string\"}}],\"inLanguage\":\"fr-FR\"},{\"@type\":\"Organization\",\"@id\":\"https:\/\/legacy.colt.net\/#organization\",\"name\":\"Colt Technology Services\",\"url\":\"https:\/\/legacy.colt.net\/\",\"logo\":{\"@type\":\"ImageObject\",\"inLanguage\":\"fr-FR\",\"@id\":\"https:\/\/legacy.colt.net\/#\/schema\/logo\/image\/\",\"url\":\"https:\/\/legacy.colt.net\/wp-content\/uploads\/2019\/02\/Colt-Logo.png\",\"contentUrl\":\"https:\/\/legacy.colt.net\/wp-content\/uploads\/2019\/02\/Colt-Logo.png\",\"width\":195,\"height\":77,\"caption\":\"Colt Technology Services\"},\"image\":{\"@id\":\"https:\/\/legacy.colt.net\/#\/schema\/logo\/image\/\"},\"sameAs\":[\"https:\/\/www.facebook.com\/ColtTechnologyServices\/\",\"https:\/\/x.com\/colt_technology\",\"https:\/\/www.instagram.com\/colttechnologyservices\/\",\"https:\/\/www.linkedin.com\/company\/colt-technology-services\",\"https:\/\/www.youtube.com\/user\/ColtTechnology\"]}]}<\/script>\n<!-- \/ Yoast SEO plugin. -->","yoast_head_json":{"title":"A Propos de Colt - Colt Technology Services | FR","description":"A propos de colt Colt Technology Services","robots":{"index":"noindex","follow":"follow","max-snippet":"max-snippet:-1","max-image-preview":"max-image-preview:large","max-video-preview":"max-video-preview:-1"},"og_locale":"fr_FR","og_type":"article","og_title":"A Propos de Colt - Colt Technology Services | FR","og_description":"A propos de colt Colt Technology Services","og_url":"https:\/\/legacy.colt.net\/fr\/about\/","og_site_name":"Colt Technology Services","article_publisher":"https:\/\/www.facebook.com\/ColtTechnologyServices\/","article_modified_time":"2025-07-15T13:13:33+00:00","og_image":[{"width":1000,"height":667,"url":"https:\/\/legacy.colt.net\/wp-content\/uploads\/2021\/01\/Brand-2021-Stock-8.jpg","type":"image\/jpeg"}],"twitter_card":"summary_large_image","twitter_site":"@colt_technology","twitter_misc":{"Est. reading time":"5 minutes"},"schema":{"@context":"https:\/\/schema.org","@graph":[{"@type":"WebPage","@id":"https:\/\/legacy.colt.net\/fr\/about\/","url":"https:\/\/legacy.colt.net\/fr\/about\/","name":"A Propos de Colt - Colt Technology Services | FR","isPartOf":{"@id":"https:\/\/legacy.colt.net\/#website"},"primaryImageOfPage":{"@id":"https:\/\/legacy.colt.net\/fr\/about\/#primaryimage"},"image":{"@id":"https:\/\/legacy.colt.net\/fr\/about\/#primaryimage"},"thumbnailUrl":"https:\/\/legacy.colt.net\/wp-content\/uploads\/2022\/07\/Colt-IQ-network-Logo_Social-2-copy.png","datePublished":"2017-03-27T15:50:31+00:00","dateModified":"2025-07-15T13:13:33+00:00","description":"A propos de colt Colt Technology Services","breadcrumb":{"@id":"https:\/\/legacy.colt.net\/fr\/about\/#breadcrumb"},"inLanguage":"fr-FR","potentialAction":[{"@type":"ReadAction","target":["https:\/\/legacy.colt.net\/fr\/about\/"]}]},{"@type":"ImageObject","inLanguage":"fr-FR","@id":"https:\/\/legacy.colt.net\/fr\/about\/#primaryimage","url":"https:\/\/legacy.colt.net\/wp-content\/uploads\/2022\/07\/Colt-IQ-network-Logo_Social-2-copy.png","contentUrl":"https:\/\/legacy.colt.net\/wp-content\/uploads\/2022\/07\/Colt-IQ-network-Logo_Social-2-copy.png"},{"@type":"BreadcrumbList","@id":"https:\/\/legacy.colt.net\/fr\/about\/#breadcrumb","itemListElement":[{"@type":"ListItem","position":1,"name":"Home","item":"https:\/\/legacy.colt.net\/fr\/"},{"@type":"ListItem","position":2,"name":"A propos de colt"}]},{"@type":"WebSite","@id":"https:\/\/legacy.colt.net\/#website","url":"https:\/\/legacy.colt.net\/","name":"Colt\u30c6\u30af\u30ce\u30ed\u30b8\u30fc\u30b5\u30fc\u30d3\u30b9\u682a\u5f0f\u4f1a\u793e","description":"Managed Network &amp; Voice Services Provider","publisher":{"@id":"https:\/\/legacy.colt.net\/#organization"},"potentialAction":[{"@type":"SearchAction","target":{"@type":"EntryPoint","urlTemplate":"https:\/\/legacy.colt.net\/?s={search_term_string}"},"query-input":{"@type":"PropertyValueSpecification","valueRequired":true,"valueName":"search_term_string"}}],"inLanguage":"fr-FR"},{"@type":"Organization","@id":"https:\/\/legacy.colt.net\/#organization","name":"Colt Technology Services","url":"https:\/\/legacy.colt.net\/","logo":{"@type":"ImageObject","inLanguage":"fr-FR","@id":"https:\/\/legacy.colt.net\/#\/schema\/logo\/image\/","url":"https:\/\/legacy.colt.net\/wp-content\/uploads\/2019\/02\/Colt-Logo.png","contentUrl":"https:\/\/legacy.colt.net\/wp-content\/uploads\/2019\/02\/Colt-Logo.png","width":195,"height":77,"caption":"Colt Technology Services"},"image":{"@id":"https:\/\/legacy.colt.net\/#\/schema\/logo\/image\/"},"sameAs":["https:\/\/www.facebook.com\/ColtTechnologyServices\/","https:\/\/x.com\/colt_technology","https:\/\/www.instagram.com\/colttechnologyservices\/","https:\/\/www.linkedin.com\/company\/colt-technology-services","https:\/\/www.youtube.com\/user\/ColtTechnology"]}]}},"_links":{"self":[{"href":"https:\/\/legacy.colt.net\/fr\/wp-json\/wp\/v2\/pages\/34023","targetHints":{"allow":["GET"]}}],"collection":[{"href":"https:\/\/legacy.colt.net\/fr\/wp-json\/wp\/v2\/pages"}],"about":[{"href":"https:\/\/legacy.colt.net\/fr\/wp-json\/wp\/v2\/types\/page"}],"author":[{"embeddable":true,"href":"https:\/\/legacy.colt.net\/fr\/wp-json\/wp\/v2\/users\/2"}],"replies":[{"embeddable":true,"href":"https:\/\/legacy.colt.net\/fr\/wp-json\/wp\/v2\/comments?post=34023"}],"version-history":[{"count":0,"href":"https:\/\/legacy.colt.net\/fr\/wp-json\/wp\/v2\/pages\/34023\/revisions"}],"wp:attachment":[{"href":"https:\/\/legacy.colt.net\/fr\/wp-json\/wp\/v2\/media?parent=34023"}],"wp:term":[{"taxonomy":"colt_type","embeddable":true,"href":"https:\/\/legacy.colt.net\/fr\/wp-json\/wp\/v2\/colt_type?post=34023"},{"taxonomy":"colt_products","embeddable":true,"href":"https:\/\/legacy.colt.net\/fr\/wp-json\/wp\/v2\/colt_products?post=34023"}],"curies":[{"name":"wp","href":"https:\/\/api.w.org\/{rel}","templated":true}]}}