{"id":132826,"date":"2024-05-14T12:11:30","date_gmt":"2024-05-14T11:11:30","guid":{"rendered":"https:\/\/www.colt.net\/?page_id=132826"},"modified":"2024-05-14T12:11:30","modified_gmt":"2024-05-14T11:11:30","slug":"olympics","status":"publish","type":"page","link":"https:\/\/legacy.colt.net\/fr\/olympics\/","title":{"rendered":"Jeux Olympiques &#038; Paralympiques Paris 2024"},"content":{"rendered":"\n\n\t<nav class=\"breadcrumb\"><span><span><a href=\"https:\/\/legacy.colt.net\/fr\/\">Home<\/a><\/span><\/span><\/nav>\n\n<h2>\n\t\tUpdate\n\t<\/h2>\n\t<p>\u00a0Du 26 juillet au 11 ao\u00fbt et du 28 ao\u00fbt au 8 septembre 2024, la France accueillera les Jeux Olympiques et les Jeux Paralympiques, des \u00e9v\u00e9nements majeurs qui attireront des millions de visiteurs. Depuis des ann\u00e9es, le pays se pr\u00e9pare \u00e0 relever ce d\u00e9fi en mettant en place des infrastructures de communication, de transport et d&#8217;h\u00e9bergement performantes. L&#8217;objectif est d&#8217;offrir aux athl\u00e8tes et aux spectateurs une exp\u00e9rience unique et inoubliable dans un environnement s\u00fbr et fluide.\u00a0<\/p>\n<p>Durant les Jeux Olympiques et les Jeux Paralympiques, des fermetures de routes et de zones sont \u00e0 pr\u00e9voir, limitant l&#8217;acc\u00e8s \u00e0 certains secteurs. Nous collaborons \u00e9troitement avec les autorit\u00e9s pour minimiser ces perturbations et vous informerons en temps utile.\u00a0<\/p>\n<p>Forte de son expertise dans l&#8217;organisation d&#8217;\u00e9v\u00e9nements d&#8217;envergure, notre \u00e9quipe ma\u00eetrise parfaitement la gestion de rendez-vous majeurs tels que les Jeux Olympiques et les Jeux Paralympiques. Nos processus \u00e9prouv\u00e9s incluent une \u00e9troite collaboration avec les autorit\u00e9s locales afin d&#8217;obtenir les autorisations n\u00e9cessaires et de garantir une prise en charge efficace en cas d&#8217;impr\u00e9vus.\u00a0<\/p>\n<p>Notre priorit\u00e9 absolue est d&#8217;offrir un service exceptionnel \u00e0 nos clients, afin de vous garantir la meilleure exp\u00e9rience possible lors de cet \u00e9v\u00e9nement majeur.\u00a0<\/p>\n<p>Si vous avez des services en cours ou pr\u00e9vus dans les villes h\u00f4tes des Jeux Olympiques et des Jeux Paralympiques, nous vous contacterons directement en cas d&#8217;impact. Pour de plus amples informations, veuillez consulter les sites web des sites h\u00f4tes des Jeux : <a href=\"https:\/\/olympics.com\/fr\/paris-2024\/sites\">Lien<\/a>\u00a0\u00a0<\/p>\n<p>Des mises \u00e0 jour r\u00e9guli\u00e8res vous seront communiqu\u00e9es d\u00e8s que de nouvelles informations seront disponibles. Consultez \u00e9galement notre FAQ pour plus de d\u00e9tails. Pour toute question, n&#8217;h\u00e9sitez pas \u00e0 contacter votre responsable de compte chez Colt en priorit\u00e9.\u00a0<\/p>\n\t\t\t\t\t\t<h4>Des perturbations de mon service sont-elles \u00e0 pr\u00e9voir pendant les Jeux Olympiques et les Jeux Paralympiques? <\/h4>\n\t\t\t<p>Aucun impact sur vos services habituels n&#8217;est pr\u00e9vu durant ces Jeux Olympiques et Paralympiques.\u00a0<\/p>\n\t\t\t\t\t\t<h4>Que se passe-t-il en cas de panne\u202f? <\/h4>\n\t\t\t<p>En cas de panne, nous mettrons tout en \u0153uvre pour r\u00e9tablir le service dans les meilleurs d\u00e9lais, conform\u00e9ment \u00e0 notre proc\u00e9dure habituelle de gestion des incidents. Si des perturbations d&#8217;acc\u00e8s persistent, nous vous tiendrons inform\u00e9s en temps r\u00e9el de la situation et de son impact sur les d\u00e9lais de r\u00e9solution.\u00a0<\/p>\n\t\t\t\t\t\t<h4>Vos \u00e9quipes travailleront-elles \u00e0 distance ? <\/h4>\n\t\t\t<p>Favorisant l&#8217;autonomie et la flexibilit\u00e9, notre politique &#8216;Flexible First&#8217; permet \u00e0 de nombreux collaborateurs de t\u00e9l\u00e9travailler r\u00e9guli\u00e8rement. Durant les Jeux Olympiques et Jeux Paralympiques, cette politique sera maintenue pour ceux qui peuvent travailler \u00e0 distance, afin de faciliter leur quotidien et leur organisation.\u00a0<\/p>\n\t\t\t\t\t\t<h4>Quelle est l&#8217;incidence potentielle sur la fourniture de nouveaux services ? <\/h4>\n\t\t\t<p>Des restrictions d&#8217;acc\u00e8s pourraient retarder le d\u00e9ploiement de nouveaux services. Votre \u00e9quipe Colt vous contactera si cela s&#8217;av\u00e8re n\u00e9cessaire.\u00a0<\/p>\n\t\t\t\t\t\t<h4>Serait-il possible de garantir la continuit\u00e9 d&#8217;acc\u00e8s \u00e0 votre infrastructure pendant les Jeux Olympiques et Jeux Paralympiques, aussi bien \u00e0 Paris que sur d&#8217;autres sites ? <\/h4>\n\t\t\t<p>Notre infrastructure demeure accessible, hormis quelques zones d\u00e9di\u00e9es \u00e0 des \u00e9v\u00e9nements sportifs. Des mesures ont \u00e9t\u00e9 prises pour maintenir un service d&#8217;excellence malgr\u00e9 ces perturbations.\u00a0<\/p>\n\t\t\t\t\t\t<h4>Dans le cadre de l&#8217;organisation des Jeux olympiques, avez-vous mis en place de nouvelles proc\u00e9dures et de nouveaux plans ? <\/h4>\n\t\t\t<p>Colt s&#8217;est pr\u00e9par\u00e9 m\u00e9ticuleusement pour les\u00a0 Jeux Olympiques et Paralympiques de Paris 2024 en mettant \u00e0 jour ses plans et processus, et en tirant parti de son exp\u00e9rience acquise lors des Jeux de Tokyo et de Londres. Un programme de gestion de crise robuste est en place avec un groupe de responsables de projet d\u00e9di\u00e9 \u00e0 la continuit\u00e9 du service et \u00e0 l&#8217;\u00e9valuation des risques potentiels. Colt collabore \u00e9troitement avec les autorit\u00e9s locales (Pr\u00e9fecture de Paris, Mairie de Paris, Paris 2024) et ses \u00e9quipes internes (\u00e9quipes civiles, fibre et terrain), ainsi que ses partenaires externes pour anticiper et minimiser tout impact potentiel sur ses services.\u00a0<\/p>\n\t\t\t\t\t\t<h4>Dans le cadre de votre plan de continuit\u00e9 d&#8217;activit\u00e9, comment g\u00e9rez-vous les incidents et les \u00e9v\u00e9nements majeurs ? <\/h4>\n\t\t\t<p>Veuillez contacter notre \u00e9quipe d&#8217;assistance comme d&#8217;habitude. Notre syst\u00e8me de gestion des incidents est op\u00e9rationnel depuis de nombreuses ann\u00e9es et est mis en \u0153uvre dans plusieurs pays. Il a \u00e9t\u00e9 utilis\u00e9 efficacement lors d&#8217;\u00e9v\u00e9nements majeurs et nous avons l&#8217;exp\u00e9rience des Jeux olympiques et des Jeux Paralympiques pr\u00e9c\u00e9dents dans les villes o\u00f9 nous sommes implant\u00e9s.\u00a0<\/p>\n\t\t\t\t<a href=\"https:\/\/bit.ly\/42IIxB9\" target=\"_blank\" rel=\"noopener\" itemprop=\"url\">\n\t\t\t\t<img loading=\"lazy\" decoding=\"async\" src=\"https:\/\/legacy.colt.net\/wp-content\/uploads\/2019\/02\/Colt-GC1-Secure-beyond-borders.png\" alt=\"Colt GC1 - Secure beyond borders\" itemprop=\"image\" height=\"1250\" width=\"625\" title=\"Colt GC1 - Secure beyond borders\" onerror=\"this.style.display='none'\"  \/>\n\t\t\t\t<\/a>\n<h2>\n\t\tRecent articles\n\t<\/h2>\n<h2>\n\t\tWhat&#8217;s your goal today?\n\t<\/h2>\n\t<h3>1. Are you on the Colt IQ network?<\/h3>\n<p>Our network connects over 31,000 buildings worldwide powering companies such as Hitachi, Atos, Forbes, Arthur D Little, Brussels Airlines and thousands of others. Find out if you&#8217;re <strong><a href=\"https:\/\/legacy.colt.net\/connect\/\">Colt connected<\/a><\/strong> now.<\/p>\n<h3>2. Learn about digital infrastructure<\/h3>\n<p>We&#8217;ve written thousands of <a href=\"https:\/\/legacy.colt.net\/resources\/type\/whitepaper\/\" target=\"_blank\" rel=\"noopener\">guides and white papers<\/a>, regularly publish content on <a href=\"https:\/\/legacy.colt.net\/resources\/type\/blog\/\" target=\"_blank\" rel=\"noopener\">our blog<\/a> and host <a href=\"https:\/\/legacy.colt.net\/events\/\" target=\"_blank\" rel=\"noopener\">regular events<\/a> on everything from enterprise network connectivity, to cloud, digital transformation and the hybrid workforce.<\/p>\n<h3>3. Join our team<\/h3>\n<p>To learn more about joining our team of over 5000 people around the world, and to browse our current open roles visit <a href=\"https:\/\/careers.colt.net\/\" target=\"_blank\" rel=\"noopener\">https:\/\/careers.colt.net\/<\/a>.<\/p>\n<p>&nbsp;<\/p>\n\n","protected":false},"excerpt":{"rendered":"<p>Update \u00a0Du 26 juillet au 11 ao\u00fbt et du 28 ao\u00fbt au 8 septembre 2024, la France accueillera les Jeux Olympiques et les Jeux Paralympiques, des \u00e9v\u00e9nements majeurs qui attireront des millions de visiteurs. Depuis des ann\u00e9es, le pays se pr\u00e9pare \u00e0 relever ce d\u00e9fi en mettant en place des infrastructures de communication, de transport&#8230;<\/p>\n","protected":false},"author":2,"featured_media":0,"parent":0,"menu_order":0,"comment_status":"closed","ping_status":"closed","template":"","meta":{"_acf_changed":false,"footnotes":""},"colt_type":[],"colt_products":[],"class_list":["post-132826","page","type-page","status-publish","hentry"],"acf":[],"yoast_head":"<!-- This site is optimized with the Yoast SEO plugin v26.8 - https:\/\/yoast.com\/product\/yoast-seo-wordpress\/ -->\n<title>Jeux Olympiques &amp; Paralympiques Paris 2024 - Colt Technology Services<\/title>\n<meta name=\"description\" content=\"Jeux Olympiques &amp; Paralympiques Paris 2024 Colt Technology Services\" \/>\n<meta name=\"robots\" content=\"noindex, follow, max-snippet:-1, max-image-preview:large, max-video-preview:-1\" \/>\n<meta property=\"og:locale\" content=\"fr_FR\" \/>\n<meta property=\"og:type\" content=\"article\" \/>\n<meta property=\"og:title\" content=\"Jeux Olympiques &amp; Paralympiques Paris 2024 - Colt Technology Services\" \/>\n<meta property=\"og:description\" content=\"Jeux Olympiques &amp; Paralympiques Paris 2024 Colt Technology Services\" \/>\n<meta property=\"og:url\" content=\"https:\/\/legacy.colt.net\/fr\/olympics\/\" \/>\n<meta property=\"og:site_name\" content=\"Colt Technology Services\" \/>\n<meta property=\"article:publisher\" content=\"https:\/\/www.facebook.com\/ColtTechnologyServices\/\" \/>\n<meta property=\"og:image\" content=\"https:\/\/legacy.colt.net\/wp-content\/uploads\/2021\/01\/Brand-2021-Stock-42.jpg\" \/>\n\t<meta property=\"og:image:width\" content=\"1000\" \/>\n\t<meta property=\"og:image:height\" content=\"667\" \/>\n\t<meta property=\"og:image:type\" content=\"image\/jpeg\" \/>\n<meta name=\"twitter:card\" content=\"summary_large_image\" \/>\n<meta name=\"twitter:site\" content=\"@colt_technology\" \/>\n<script type=\"application\/ld+json\" class=\"yoast-schema-graph\">{\"@context\":\"https:\/\/schema.org\",\"@graph\":[{\"@type\":\"WebPage\",\"@id\":\"https:\/\/legacy.colt.net\/fr\/olympics\/\",\"url\":\"https:\/\/legacy.colt.net\/fr\/olympics\/\",\"name\":\"Jeux Olympiques & Paralympiques Paris 2024 - Colt Technology Services\",\"isPartOf\":{\"@id\":\"https:\/\/legacy.colt.net\/#website\"},\"primaryImageOfPage\":{\"@id\":\"https:\/\/legacy.colt.net\/fr\/olympics\/#primaryimage\"},\"image\":{\"@id\":\"https:\/\/legacy.colt.net\/fr\/olympics\/#primaryimage\"},\"thumbnailUrl\":\"https:\/\/legacy.colt.net\/wp-content\/uploads\/2019\/02\/Colt-GC1-Secure-beyond-borders.png\",\"datePublished\":\"2024-05-14T11:11:30+00:00\",\"description\":\"Jeux Olympiques & Paralympiques Paris 2024 Colt Technology Services\",\"breadcrumb\":{\"@id\":\"https:\/\/legacy.colt.net\/fr\/olympics\/#breadcrumb\"},\"inLanguage\":\"fr-FR\",\"potentialAction\":[{\"@type\":\"ReadAction\",\"target\":[\"https:\/\/legacy.colt.net\/fr\/olympics\/\"]}]},{\"@type\":\"ImageObject\",\"inLanguage\":\"fr-FR\",\"@id\":\"https:\/\/legacy.colt.net\/fr\/olympics\/#primaryimage\",\"url\":\"https:\/\/legacy.colt.net\/wp-content\/uploads\/2019\/02\/Colt-GC1-Secure-beyond-borders.png\",\"contentUrl\":\"https:\/\/legacy.colt.net\/wp-content\/uploads\/2019\/02\/Colt-GC1-Secure-beyond-borders.png\"},{\"@type\":\"BreadcrumbList\",\"@id\":\"https:\/\/legacy.colt.net\/fr\/olympics\/#breadcrumb\",\"itemListElement\":[{\"@type\":\"ListItem\",\"position\":1,\"name\":\"Home\",\"item\":\"https:\/\/legacy.colt.net\/fr\/\"},{\"@type\":\"ListItem\",\"position\":2,\"name\":\"Jeux Olympiques &#038; Paralympiques Paris 2024\"}]},{\"@type\":\"WebSite\",\"@id\":\"https:\/\/legacy.colt.net\/#website\",\"url\":\"https:\/\/legacy.colt.net\/\",\"name\":\"Colt\u30c6\u30af\u30ce\u30ed\u30b8\u30fc\u30b5\u30fc\u30d3\u30b9\u682a\u5f0f\u4f1a\u793e\",\"description\":\"Managed Network &amp; Voice Services Provider\",\"publisher\":{\"@id\":\"https:\/\/legacy.colt.net\/#organization\"},\"potentialAction\":[{\"@type\":\"SearchAction\",\"target\":{\"@type\":\"EntryPoint\",\"urlTemplate\":\"https:\/\/legacy.colt.net\/?s={search_term_string}\"},\"query-input\":{\"@type\":\"PropertyValueSpecification\",\"valueRequired\":true,\"valueName\":\"search_term_string\"}}],\"inLanguage\":\"fr-FR\"},{\"@type\":\"Organization\",\"@id\":\"https:\/\/legacy.colt.net\/#organization\",\"name\":\"Colt Technology Services\",\"url\":\"https:\/\/legacy.colt.net\/\",\"logo\":{\"@type\":\"ImageObject\",\"inLanguage\":\"fr-FR\",\"@id\":\"https:\/\/legacy.colt.net\/#\/schema\/logo\/image\/\",\"url\":\"https:\/\/legacy.colt.net\/wp-content\/uploads\/2019\/02\/Colt-Logo.png\",\"contentUrl\":\"https:\/\/legacy.colt.net\/wp-content\/uploads\/2019\/02\/Colt-Logo.png\",\"width\":195,\"height\":77,\"caption\":\"Colt Technology Services\"},\"image\":{\"@id\":\"https:\/\/legacy.colt.net\/#\/schema\/logo\/image\/\"},\"sameAs\":[\"https:\/\/www.facebook.com\/ColtTechnologyServices\/\",\"https:\/\/x.com\/colt_technology\",\"https:\/\/www.instagram.com\/colttechnologyservices\/\",\"https:\/\/www.linkedin.com\/company\/colt-technology-services\",\"https:\/\/www.youtube.com\/user\/ColtTechnology\"]}]}<\/script>\n<!-- \/ Yoast SEO plugin. -->","yoast_head_json":{"title":"Jeux Olympiques & Paralympiques Paris 2024 - Colt Technology Services","description":"Jeux Olympiques & Paralympiques Paris 2024 Colt Technology Services","robots":{"index":"noindex","follow":"follow","max-snippet":"max-snippet:-1","max-image-preview":"max-image-preview:large","max-video-preview":"max-video-preview:-1"},"og_locale":"fr_FR","og_type":"article","og_title":"Jeux Olympiques & Paralympiques Paris 2024 - Colt Technology Services","og_description":"Jeux Olympiques & Paralympiques Paris 2024 Colt Technology Services","og_url":"https:\/\/legacy.colt.net\/fr\/olympics\/","og_site_name":"Colt Technology Services","article_publisher":"https:\/\/www.facebook.com\/ColtTechnologyServices\/","og_image":[{"width":1000,"height":667,"url":"https:\/\/legacy.colt.net\/wp-content\/uploads\/2021\/01\/Brand-2021-Stock-42.jpg","type":"image\/jpeg"}],"twitter_card":"summary_large_image","twitter_site":"@colt_technology","schema":{"@context":"https:\/\/schema.org","@graph":[{"@type":"WebPage","@id":"https:\/\/legacy.colt.net\/fr\/olympics\/","url":"https:\/\/legacy.colt.net\/fr\/olympics\/","name":"Jeux Olympiques & Paralympiques Paris 2024 - Colt Technology Services","isPartOf":{"@id":"https:\/\/legacy.colt.net\/#website"},"primaryImageOfPage":{"@id":"https:\/\/legacy.colt.net\/fr\/olympics\/#primaryimage"},"image":{"@id":"https:\/\/legacy.colt.net\/fr\/olympics\/#primaryimage"},"thumbnailUrl":"https:\/\/legacy.colt.net\/wp-content\/uploads\/2019\/02\/Colt-GC1-Secure-beyond-borders.png","datePublished":"2024-05-14T11:11:30+00:00","description":"Jeux Olympiques & Paralympiques Paris 2024 Colt Technology Services","breadcrumb":{"@id":"https:\/\/legacy.colt.net\/fr\/olympics\/#breadcrumb"},"inLanguage":"fr-FR","potentialAction":[{"@type":"ReadAction","target":["https:\/\/legacy.colt.net\/fr\/olympics\/"]}]},{"@type":"ImageObject","inLanguage":"fr-FR","@id":"https:\/\/legacy.colt.net\/fr\/olympics\/#primaryimage","url":"https:\/\/legacy.colt.net\/wp-content\/uploads\/2019\/02\/Colt-GC1-Secure-beyond-borders.png","contentUrl":"https:\/\/legacy.colt.net\/wp-content\/uploads\/2019\/02\/Colt-GC1-Secure-beyond-borders.png"},{"@type":"BreadcrumbList","@id":"https:\/\/legacy.colt.net\/fr\/olympics\/#breadcrumb","itemListElement":[{"@type":"ListItem","position":1,"name":"Home","item":"https:\/\/legacy.colt.net\/fr\/"},{"@type":"ListItem","position":2,"name":"Jeux Olympiques &#038; Paralympiques Paris 2024"}]},{"@type":"WebSite","@id":"https:\/\/legacy.colt.net\/#website","url":"https:\/\/legacy.colt.net\/","name":"Colt\u30c6\u30af\u30ce\u30ed\u30b8\u30fc\u30b5\u30fc\u30d3\u30b9\u682a\u5f0f\u4f1a\u793e","description":"Managed Network &amp; Voice Services Provider","publisher":{"@id":"https:\/\/legacy.colt.net\/#organization"},"potentialAction":[{"@type":"SearchAction","target":{"@type":"EntryPoint","urlTemplate":"https:\/\/legacy.colt.net\/?s={search_term_string}"},"query-input":{"@type":"PropertyValueSpecification","valueRequired":true,"valueName":"search_term_string"}}],"inLanguage":"fr-FR"},{"@type":"Organization","@id":"https:\/\/legacy.colt.net\/#organization","name":"Colt Technology Services","url":"https:\/\/legacy.colt.net\/","logo":{"@type":"ImageObject","inLanguage":"fr-FR","@id":"https:\/\/legacy.colt.net\/#\/schema\/logo\/image\/","url":"https:\/\/legacy.colt.net\/wp-content\/uploads\/2019\/02\/Colt-Logo.png","contentUrl":"https:\/\/legacy.colt.net\/wp-content\/uploads\/2019\/02\/Colt-Logo.png","width":195,"height":77,"caption":"Colt Technology Services"},"image":{"@id":"https:\/\/legacy.colt.net\/#\/schema\/logo\/image\/"},"sameAs":["https:\/\/www.facebook.com\/ColtTechnologyServices\/","https:\/\/x.com\/colt_technology","https:\/\/www.instagram.com\/colttechnologyservices\/","https:\/\/www.linkedin.com\/company\/colt-technology-services","https:\/\/www.youtube.com\/user\/ColtTechnology"]}]}},"_links":{"self":[{"href":"https:\/\/legacy.colt.net\/fr\/wp-json\/wp\/v2\/pages\/132826","targetHints":{"allow":["GET"]}}],"collection":[{"href":"https:\/\/legacy.colt.net\/fr\/wp-json\/wp\/v2\/pages"}],"about":[{"href":"https:\/\/legacy.colt.net\/fr\/wp-json\/wp\/v2\/types\/page"}],"author":[{"embeddable":true,"href":"https:\/\/legacy.colt.net\/fr\/wp-json\/wp\/v2\/users\/2"}],"replies":[{"embeddable":true,"href":"https:\/\/legacy.colt.net\/fr\/wp-json\/wp\/v2\/comments?post=132826"}],"version-history":[{"count":0,"href":"https:\/\/legacy.colt.net\/fr\/wp-json\/wp\/v2\/pages\/132826\/revisions"}],"wp:attachment":[{"href":"https:\/\/legacy.colt.net\/fr\/wp-json\/wp\/v2\/media?parent=132826"}],"wp:term":[{"taxonomy":"colt_type","embeddable":true,"href":"https:\/\/legacy.colt.net\/fr\/wp-json\/wp\/v2\/colt_type?post=132826"},{"taxonomy":"colt_products","embeddable":true,"href":"https:\/\/legacy.colt.net\/fr\/wp-json\/wp\/v2\/colt_products?post=132826"}],"curies":[{"name":"wp","href":"https:\/\/api.w.org\/{rel}","templated":true}]}}