{"id":129755,"date":"2024-03-06T15:32:00","date_gmt":"2024-03-06T15:32:00","guid":{"rendered":"https:\/\/www.colt.net\/?page_id=129755"},"modified":"2024-03-15T10:23:06","modified_gmt":"2024-03-15T10:23:06","slug":"dan-harris","status":"publish","type":"page","link":"https:\/\/legacy.colt.net\/fr\/about\/leadership\/dan-harris\/","title":{"rendered":"Dan Harris"},"content":{"rendered":"\n\n\t<nav class=\"breadcrumb\"><span><span><a href=\"https:\/\/legacy.colt.net\/fr\/\">Home<\/a><\/span><\/span><\/nav>\n\t\t\t\t<img loading=\"lazy\" decoding=\"async\" src=\"https:\/\/legacy.colt.net\/wp-content\/uploads\/2024\/02\/Dan_Harris.jpeg\" alt=\"Dan_Harris\" itemprop=\"image\" height=\"960\" width=\"641\" title=\"Dan_Harris\" onerror=\"this.style.display='none'\"  \/>\n<h3>\n\t\tDan Harris\n\t<\/h3>\n<h4>\n\t\tDirecteur financier\n\t<\/h4>\n\t<p>Dan Harris est le directeur financier de Colt\u00a0Technology\u00a0Services. Il est responsable de la mise en \u0153uvre des indicateurs financiers de Colt au niveau international et de l&#8217;int\u00e9gration de Lumen\u00a0EMEA, et travaille \u00e0 r\u00e9aliser les ambitions de Colt en termes de croissance.<\/p>\n<p>Leader accompli dans le domaine des finances, titulaire d&#8217;un dipl\u00f4me de comptabilit\u00e9, Dan a acquis une solide exp\u00e9rience \u00e0 diff\u00e9rents postes financiers et commerciaux. Avant de rejoindre Colt, Dan a occup\u00e9 diff\u00e9rents postes de direction au sein d&#8217;Adecco. Il \u00e9tait r\u00e9cemment Vice-pr\u00e9sident international charg\u00e9 du reporting, de la planification et de l&#8217;intelligence \u00e9conomique, et auparavant Directeur financier d&#8217;Adecco pour le Royaume-Uni et l&#8217;Irlande.<\/p>\n<p>Passionn\u00e9 par l&#8217;innovation, le changement et la strat\u00e9gie, Dan puise dans son expertise financi\u00e8re et commerciale pour renforcer la croissance, l&#8217;efficacit\u00e9 et la valeur.<\/p>\n<p>Dan a pr\u00e9c\u00e9demment occup\u00e9 le poste de directeur financier pour la r\u00e9gion EMEA chez Ciena Inc. Il a \u00e9galement pass\u00e9 quelques ann\u00e9es chez BT plc, occupant diff\u00e9rents postes de direction, et notamment ceux de directeur des op\u00e9rations financi\u00e8res du groupe, directeur des finances PME et responsable de l&#8217;int\u00e9gration financi\u00e8re.<\/p>\n<p>Dan vit \u00e0 Zurich, en Suisse, avec sa femme et leurs quatre enfants.<\/p>\n\t\t\t\t\t\t<h4>\n\t\t\t\t<a href=https:\/\/legacy.colt.net\/fr\/resources\/filassistance\/ title=\"Filassistance\" tabindex=\"0\">Filassistance<\/a>\t\t\t<\/h4>\n\t\t\t<a href=\"https:\/\/legacy.colt.net\/fr\/resources\/filassistance\/\" target=\"_self\" rel=\"noopener\">Read More &#8594;<\/a>\t\t\n\t\t\t\t\t\t<h4>\n\t\t\t\t<a href=https:\/\/legacy.colt.net\/fr\/resources\/colt-et-versa-networks-renforcent-leur-partenariat-strategique-en-proposant-sd-wan-as-a-service-a-leurs-clients-internationaux\/ title=\"Colt et Versa Networks renforcent leur partenariat strat\u00e9gique en proposant SD WAN as a Service \u00e0 leurs clients internationaux\" tabindex=\"0\">Colt et Versa Networks renforcent leur partenariat strat\u00e9gique en proposant SD WAN as a Service \u00e0 leurs clients internationaux<\/a>\t\t\t<\/h4>\n\t\t\t<a href=\"https:\/\/legacy.colt.net\/fr\/resources\/colt-et-versa-networks-renforcent-leur-partenariat-strategique-en-proposant-sd-wan-as-a-service-a-leurs-clients-internationaux\/\" target=\"_self\" rel=\"noopener\">Read More &#8594;<\/a>\t\t\n\t\t\t\t\t\t<h4>\n\t\t\t\t<a href=https:\/\/legacy.colt.net\/fr\/resources\/secure-beyond-borders\/ title=\"S\u00e9curit\u00e9 sans fronti\u00e8res\" tabindex=\"0\">S\u00e9curit\u00e9 sans fronti\u00e8res<\/a>\t\t\t<\/h4>\n\t\t\t<a href=\"https:\/\/legacy.colt.net\/fr\/resources\/secure-beyond-borders\/\" target=\"_self\" rel=\"noopener\">Read More &#8594;<\/a>\t\t\n\t\t\t\t\t\t<h4>\n\t\t\t\t<a href=https:\/\/legacy.colt.net\/fr\/resources\/colt-etend-son-offre-network-as-a-service-a-10-nouveaux-pays\/ title=\"Colt \u00e9tend son offre Network as a Service \u00e0 10 nouveaux pays\" tabindex=\"0\">Colt \u00e9tend son offre Network as a Service \u00e0 10 nouveaux pays<\/a>\t\t\t<\/h4>\n\t\t\t<a href=\"https:\/\/legacy.colt.net\/fr\/resources\/colt-etend-son-offre-network-as-a-service-a-10-nouveaux-pays\/\" target=\"_self\" rel=\"noopener\">Read More &#8594;<\/a>\t\t\n\n","protected":false},"excerpt":{"rendered":"<p>Dan Harris Directeur financier Dan Harris est le directeur financier de Colt\u00a0Technology\u00a0Services. Il est responsable de la mise en \u0153uvre des indicateurs financiers de Colt au niveau international et de l&#8217;int\u00e9gration de Lumen\u00a0EMEA, et travaille \u00e0 r\u00e9aliser les ambitions de Colt en termes de croissance. Leader accompli dans le domaine des finances, titulaire d&#8217;un dipl\u00f4me&#8230;<\/p>\n","protected":false},"author":164,"featured_media":0,"parent":34336,"menu_order":0,"comment_status":"closed","ping_status":"closed","template":"","meta":{"_acf_changed":false,"footnotes":""},"colt_type":[],"colt_products":[],"class_list":["post-129755","page","type-page","status-publish","hentry"],"acf":[],"yoast_head":"<!-- This site is optimized with the Yoast SEO plugin v26.8 - https:\/\/yoast.com\/product\/yoast-seo-wordpress\/ -->\n<title>Dan Harris - Colt Technology Services<\/title>\n<meta name=\"description\" content=\"Dan Harris Colt Technology Services\" \/>\n<meta name=\"robots\" content=\"noindex, follow, max-snippet:-1, max-image-preview:large, max-video-preview:-1\" \/>\n<meta property=\"og:locale\" content=\"fr_FR\" \/>\n<meta property=\"og:type\" content=\"article\" \/>\n<meta property=\"og:title\" content=\"Dan Harris - Colt Technology Services\" \/>\n<meta property=\"og:description\" content=\"Dan Harris Colt Technology Services\" \/>\n<meta property=\"og:url\" content=\"https:\/\/legacy.colt.net\/fr\/about\/leadership\/dan-harris\/\" \/>\n<meta property=\"og:site_name\" content=\"Colt Technology Services\" \/>\n<meta property=\"article:publisher\" content=\"https:\/\/www.facebook.com\/ColtTechnologyServices\/\" \/>\n<meta property=\"article:modified_time\" content=\"2024-03-15T10:23:06+00:00\" \/>\n<meta property=\"og:image\" content=\"https:\/\/legacy.colt.net\/wp-content\/uploads\/2021\/01\/Brand-2021-Stock-8-1.jpg\" \/>\n\t<meta property=\"og:image:width\" content=\"1000\" \/>\n\t<meta property=\"og:image:height\" content=\"667\" \/>\n\t<meta property=\"og:image:type\" content=\"image\/jpeg\" \/>\n<meta name=\"twitter:card\" content=\"summary_large_image\" \/>\n<meta name=\"twitter:site\" content=\"@colt_technology\" \/>\n<script type=\"application\/ld+json\" class=\"yoast-schema-graph\">{\"@context\":\"https:\/\/schema.org\",\"@graph\":[{\"@type\":\"WebPage\",\"@id\":\"https:\/\/legacy.colt.net\/fr\/about\/leadership\/dan-harris\/\",\"url\":\"https:\/\/legacy.colt.net\/fr\/about\/leadership\/dan-harris\/\",\"name\":\"Dan Harris - Colt Technology Services\",\"isPartOf\":{\"@id\":\"https:\/\/legacy.colt.net\/#website\"},\"primaryImageOfPage\":{\"@id\":\"https:\/\/legacy.colt.net\/fr\/about\/leadership\/dan-harris\/#primaryimage\"},\"image\":{\"@id\":\"https:\/\/legacy.colt.net\/fr\/about\/leadership\/dan-harris\/#primaryimage\"},\"thumbnailUrl\":\"https:\/\/legacy.colt.net\/wp-content\/uploads\/2024\/02\/Dan_Harris.jpeg\",\"datePublished\":\"2024-03-06T15:32:00+00:00\",\"dateModified\":\"2024-03-15T10:23:06+00:00\",\"description\":\"Dan Harris Colt Technology Services\",\"breadcrumb\":{\"@id\":\"https:\/\/legacy.colt.net\/fr\/about\/leadership\/dan-harris\/#breadcrumb\"},\"inLanguage\":\"fr-FR\",\"potentialAction\":[{\"@type\":\"ReadAction\",\"target\":[\"https:\/\/legacy.colt.net\/fr\/about\/leadership\/dan-harris\/\"]}]},{\"@type\":\"ImageObject\",\"inLanguage\":\"fr-FR\",\"@id\":\"https:\/\/legacy.colt.net\/fr\/about\/leadership\/dan-harris\/#primaryimage\",\"url\":\"https:\/\/legacy.colt.net\/wp-content\/uploads\/2024\/02\/Dan_Harris.jpeg\",\"contentUrl\":\"https:\/\/legacy.colt.net\/wp-content\/uploads\/2024\/02\/Dan_Harris.jpeg\"},{\"@type\":\"BreadcrumbList\",\"@id\":\"https:\/\/legacy.colt.net\/fr\/about\/leadership\/dan-harris\/#breadcrumb\",\"itemListElement\":[{\"@type\":\"ListItem\",\"position\":1,\"name\":\"Home\",\"item\":\"https:\/\/legacy.colt.net\/fr\/\"},{\"@type\":\"ListItem\",\"position\":2,\"name\":\"A propos de colt\",\"item\":\"https:\/\/legacy.colt.net\/fr\/about\/\"},{\"@type\":\"ListItem\",\"position\":3,\"name\":\"Comit\u00e9 Ex\u00e9cutif\",\"item\":\"https:\/\/legacy.colt.net\/fr\/about\/leadership\/\"},{\"@type\":\"ListItem\",\"position\":4,\"name\":\"Dan Harris\"}]},{\"@type\":\"WebSite\",\"@id\":\"https:\/\/legacy.colt.net\/#website\",\"url\":\"https:\/\/legacy.colt.net\/\",\"name\":\"Colt\u30c6\u30af\u30ce\u30ed\u30b8\u30fc\u30b5\u30fc\u30d3\u30b9\u682a\u5f0f\u4f1a\u793e\",\"description\":\"Managed Network &amp; Voice Services Provider\",\"publisher\":{\"@id\":\"https:\/\/legacy.colt.net\/#organization\"},\"potentialAction\":[{\"@type\":\"SearchAction\",\"target\":{\"@type\":\"EntryPoint\",\"urlTemplate\":\"https:\/\/legacy.colt.net\/?s={search_term_string}\"},\"query-input\":{\"@type\":\"PropertyValueSpecification\",\"valueRequired\":true,\"valueName\":\"search_term_string\"}}],\"inLanguage\":\"fr-FR\"},{\"@type\":\"Organization\",\"@id\":\"https:\/\/legacy.colt.net\/#organization\",\"name\":\"Colt Technology Services\",\"url\":\"https:\/\/legacy.colt.net\/\",\"logo\":{\"@type\":\"ImageObject\",\"inLanguage\":\"fr-FR\",\"@id\":\"https:\/\/legacy.colt.net\/#\/schema\/logo\/image\/\",\"url\":\"https:\/\/legacy.colt.net\/wp-content\/uploads\/2019\/02\/Colt-Logo.png\",\"contentUrl\":\"https:\/\/legacy.colt.net\/wp-content\/uploads\/2019\/02\/Colt-Logo.png\",\"width\":195,\"height\":77,\"caption\":\"Colt Technology Services\"},\"image\":{\"@id\":\"https:\/\/legacy.colt.net\/#\/schema\/logo\/image\/\"},\"sameAs\":[\"https:\/\/www.facebook.com\/ColtTechnologyServices\/\",\"https:\/\/x.com\/colt_technology\",\"https:\/\/www.instagram.com\/colttechnologyservices\/\",\"https:\/\/www.linkedin.com\/company\/colt-technology-services\",\"https:\/\/www.youtube.com\/user\/ColtTechnology\"]}]}<\/script>\n<!-- \/ Yoast SEO plugin. -->","yoast_head_json":{"title":"Dan Harris - Colt Technology Services","description":"Dan Harris Colt Technology Services","robots":{"index":"noindex","follow":"follow","max-snippet":"max-snippet:-1","max-image-preview":"max-image-preview:large","max-video-preview":"max-video-preview:-1"},"og_locale":"fr_FR","og_type":"article","og_title":"Dan Harris - Colt Technology Services","og_description":"Dan Harris Colt Technology Services","og_url":"https:\/\/legacy.colt.net\/fr\/about\/leadership\/dan-harris\/","og_site_name":"Colt Technology Services","article_publisher":"https:\/\/www.facebook.com\/ColtTechnologyServices\/","article_modified_time":"2024-03-15T10:23:06+00:00","og_image":[{"width":1000,"height":667,"url":"https:\/\/legacy.colt.net\/wp-content\/uploads\/2021\/01\/Brand-2021-Stock-8-1.jpg","type":"image\/jpeg"}],"twitter_card":"summary_large_image","twitter_site":"@colt_technology","schema":{"@context":"https:\/\/schema.org","@graph":[{"@type":"WebPage","@id":"https:\/\/legacy.colt.net\/fr\/about\/leadership\/dan-harris\/","url":"https:\/\/legacy.colt.net\/fr\/about\/leadership\/dan-harris\/","name":"Dan Harris - Colt Technology Services","isPartOf":{"@id":"https:\/\/legacy.colt.net\/#website"},"primaryImageOfPage":{"@id":"https:\/\/legacy.colt.net\/fr\/about\/leadership\/dan-harris\/#primaryimage"},"image":{"@id":"https:\/\/legacy.colt.net\/fr\/about\/leadership\/dan-harris\/#primaryimage"},"thumbnailUrl":"https:\/\/legacy.colt.net\/wp-content\/uploads\/2024\/02\/Dan_Harris.jpeg","datePublished":"2024-03-06T15:32:00+00:00","dateModified":"2024-03-15T10:23:06+00:00","description":"Dan Harris Colt Technology Services","breadcrumb":{"@id":"https:\/\/legacy.colt.net\/fr\/about\/leadership\/dan-harris\/#breadcrumb"},"inLanguage":"fr-FR","potentialAction":[{"@type":"ReadAction","target":["https:\/\/legacy.colt.net\/fr\/about\/leadership\/dan-harris\/"]}]},{"@type":"ImageObject","inLanguage":"fr-FR","@id":"https:\/\/legacy.colt.net\/fr\/about\/leadership\/dan-harris\/#primaryimage","url":"https:\/\/legacy.colt.net\/wp-content\/uploads\/2024\/02\/Dan_Harris.jpeg","contentUrl":"https:\/\/legacy.colt.net\/wp-content\/uploads\/2024\/02\/Dan_Harris.jpeg"},{"@type":"BreadcrumbList","@id":"https:\/\/legacy.colt.net\/fr\/about\/leadership\/dan-harris\/#breadcrumb","itemListElement":[{"@type":"ListItem","position":1,"name":"Home","item":"https:\/\/legacy.colt.net\/fr\/"},{"@type":"ListItem","position":2,"name":"A propos de colt","item":"https:\/\/legacy.colt.net\/fr\/about\/"},{"@type":"ListItem","position":3,"name":"Comit\u00e9 Ex\u00e9cutif","item":"https:\/\/legacy.colt.net\/fr\/about\/leadership\/"},{"@type":"ListItem","position":4,"name":"Dan Harris"}]},{"@type":"WebSite","@id":"https:\/\/legacy.colt.net\/#website","url":"https:\/\/legacy.colt.net\/","name":"Colt\u30c6\u30af\u30ce\u30ed\u30b8\u30fc\u30b5\u30fc\u30d3\u30b9\u682a\u5f0f\u4f1a\u793e","description":"Managed Network &amp; Voice Services Provider","publisher":{"@id":"https:\/\/legacy.colt.net\/#organization"},"potentialAction":[{"@type":"SearchAction","target":{"@type":"EntryPoint","urlTemplate":"https:\/\/legacy.colt.net\/?s={search_term_string}"},"query-input":{"@type":"PropertyValueSpecification","valueRequired":true,"valueName":"search_term_string"}}],"inLanguage":"fr-FR"},{"@type":"Organization","@id":"https:\/\/legacy.colt.net\/#organization","name":"Colt Technology Services","url":"https:\/\/legacy.colt.net\/","logo":{"@type":"ImageObject","inLanguage":"fr-FR","@id":"https:\/\/legacy.colt.net\/#\/schema\/logo\/image\/","url":"https:\/\/legacy.colt.net\/wp-content\/uploads\/2019\/02\/Colt-Logo.png","contentUrl":"https:\/\/legacy.colt.net\/wp-content\/uploads\/2019\/02\/Colt-Logo.png","width":195,"height":77,"caption":"Colt Technology Services"},"image":{"@id":"https:\/\/legacy.colt.net\/#\/schema\/logo\/image\/"},"sameAs":["https:\/\/www.facebook.com\/ColtTechnologyServices\/","https:\/\/x.com\/colt_technology","https:\/\/www.instagram.com\/colttechnologyservices\/","https:\/\/www.linkedin.com\/company\/colt-technology-services","https:\/\/www.youtube.com\/user\/ColtTechnology"]}]}},"_links":{"self":[{"href":"https:\/\/legacy.colt.net\/fr\/wp-json\/wp\/v2\/pages\/129755","targetHints":{"allow":["GET"]}}],"collection":[{"href":"https:\/\/legacy.colt.net\/fr\/wp-json\/wp\/v2\/pages"}],"about":[{"href":"https:\/\/legacy.colt.net\/fr\/wp-json\/wp\/v2\/types\/page"}],"author":[{"embeddable":true,"href":"https:\/\/legacy.colt.net\/fr\/wp-json\/wp\/v2\/users\/164"}],"replies":[{"embeddable":true,"href":"https:\/\/legacy.colt.net\/fr\/wp-json\/wp\/v2\/comments?post=129755"}],"version-history":[{"count":0,"href":"https:\/\/legacy.colt.net\/fr\/wp-json\/wp\/v2\/pages\/129755\/revisions"}],"up":[{"embeddable":true,"href":"https:\/\/legacy.colt.net\/fr\/wp-json\/wp\/v2\/pages\/34336"}],"wp:attachment":[{"href":"https:\/\/legacy.colt.net\/fr\/wp-json\/wp\/v2\/media?parent=129755"}],"wp:term":[{"taxonomy":"colt_type","embeddable":true,"href":"https:\/\/legacy.colt.net\/fr\/wp-json\/wp\/v2\/colt_type?post=129755"},{"taxonomy":"colt_products","embeddable":true,"href":"https:\/\/legacy.colt.net\/fr\/wp-json\/wp\/v2\/colt_products?post=129755"}],"curies":[{"name":"wp","href":"https:\/\/api.w.org\/{rel}","templated":true}]}}