{"id":129745,"date":"2024-03-06T14:02:37","date_gmt":"2024-03-06T14:02:37","guid":{"rendered":"https:\/\/www.colt.net\/?page_id=129745"},"modified":"2024-03-06T14:02:37","modified_gmt":"2024-03-06T14:02:37","slug":"john-avery","status":"publish","type":"page","link":"https:\/\/legacy.colt.net\/fr\/about\/leadership\/john-avery\/","title":{"rendered":"John Avery"},"content":{"rendered":"\n\n\t<nav class=\"breadcrumb\"><span><span><a href=\"https:\/\/legacy.colt.net\/fr\/\">Home<\/a><\/span><\/span><\/nav>\n\t\t\t\t<img loading=\"lazy\" decoding=\"async\" src=\"https:\/\/legacy.colt.net\/wp-content\/uploads\/2024\/02\/John-Avery.png\" alt=\"John Avery\" itemprop=\"image\" height=\"253\" width=\"240\" title=\"John Avery\" onerror=\"this.style.display='none'\"  \/>\n<h3>\n\t\tJohn Avery\n\t<\/h3>\n<h4>\n\t\tAdministrateur non ex\u00e9cutif\n\t<\/h4>\n\t<p>John Avery est pr\u00e9sident de Crosby\u00a0Advisors et principal responsable des investissements de The\u00a0Crosby\u00a0Company of New\u00a0Hampshire, de la Beacon\u00a0Trust\u00a0Company et de Fidelity\u00a0Foundations. Il b\u00e9n\u00e9ficie d&#8217;une large exp\u00e9rience dans le domaine des investissements et a r\u00e9cemment occup\u00e9 le poste de responsable de l&#8217;analyse avanc\u00e9e des donn\u00e9es au sein de la division Gestion d&#8217;actifs de Fidelity, o\u00f9 il a supervis\u00e9 des initiatives li\u00e9es \u00e0 l&#8217;intelligence artificielle et au Big Data pour l&#8217;ensemble de l&#8217;entreprise. John a d\u00e9velopp\u00e9 l&#8217;\u00e9quipe charg\u00e9e des donn\u00e9es et des analyses avanc\u00e9es, lui permettant de devenir une ressource centrale dans les processus d&#8217;investissement de Fidelity en collaboration avec les \u00e9quipes de recherche et de gestion pour toutes les cat\u00e9gories d&#8217;actifs.<\/p>\n<p>Avant de rejoindre l&#8217;\u00e9quipe IA, John \u00e9tait gestionnaire de portefeuilles entre 1997 et 2017, g\u00e9rant une multitude de fonds en actions et de fonds \u00e9quilibr\u00e9s. Il a \u00e9galement \u00e9t\u00e9 analyste sp\u00e9cialis\u00e9 dans les actions am\u00e9ricaines entre 1994 et 1997.<\/p>\n<p>Avant de rejoindre Fidelity, John \u00e9tait analyste sp\u00e9cialis\u00e9 dans les actions am\u00e9ricaines chez Putnam\u00a0Investments, et collaborateur en banque d&#8217;investissement chez Alex\u00a0Brown &amp; Sons. Il travaille dans le secteur financier depuis 1986.<\/p>\n<p>John est titulaire d&#8217;une licence de l&#8217;universit\u00e9 Harvard et d&#8217;un master en administration des affaires de la Wharton\u00a0School de l&#8217;universit\u00e9 de Pennsylvanie.<\/p>\n\t\t\t\t\t\t<h4>\n\t\t\t\t<a href=https:\/\/legacy.colt.net\/fr\/resources\/colt-et-versa-networks-renforcent-leur-partenariat-strategique-en-proposant-sd-wan-as-a-service-a-leurs-clients-internationaux\/ title=\"Colt et Versa Networks renforcent leur partenariat strat\u00e9gique en proposant SD WAN as a Service \u00e0 leurs clients internationaux\" tabindex=\"0\">Colt et Versa Networks renforcent leur partenariat strat\u00e9gique en proposant SD WAN as a Service \u00e0 leurs clients internationaux<\/a>\t\t\t<\/h4>\n\t\t\t<a href=\"https:\/\/legacy.colt.net\/fr\/resources\/colt-et-versa-networks-renforcent-leur-partenariat-strategique-en-proposant-sd-wan-as-a-service-a-leurs-clients-internationaux\/\" target=\"_self\" rel=\"noopener\">Read More &#8594;<\/a>\t\t\n\t\t\t\t\t\t<h4>\n\t\t\t\t<a href=https:\/\/legacy.colt.net\/fr\/resources\/secure-beyond-borders\/ title=\"S\u00e9curit\u00e9 sans fronti\u00e8res\" tabindex=\"0\">S\u00e9curit\u00e9 sans fronti\u00e8res<\/a>\t\t\t<\/h4>\n\t\t\t<a href=\"https:\/\/legacy.colt.net\/fr\/resources\/secure-beyond-borders\/\" target=\"_self\" rel=\"noopener\">Read More &#8594;<\/a>\t\t\n\t\t\t\t\t\t<h4>\n\t\t\t\t<a href=https:\/\/legacy.colt.net\/fr\/resources\/colt-etend-son-offre-network-as-a-service-a-10-nouveaux-pays\/ title=\"Colt \u00e9tend son offre Network as a Service \u00e0 10 nouveaux pays\" tabindex=\"0\">Colt \u00e9tend son offre Network as a Service \u00e0 10 nouveaux pays<\/a>\t\t\t<\/h4>\n\t\t\t<a href=\"https:\/\/legacy.colt.net\/fr\/resources\/colt-etend-son-offre-network-as-a-service-a-10-nouveaux-pays\/\" target=\"_self\" rel=\"noopener\">Read More &#8594;<\/a>\t\t\n\t\t\t\t\t\t<h4>\n\t\t\t\t<a href=https:\/\/legacy.colt.net\/fr\/resources\/colt-accompagne-la-berlinale-avec-ses-services-reseau-en-tant-que-partenaire-numerique-officiel-du-festival\/ title=\"Colt accompagne la Berlinale avec ses services r\u00e9seau en tant que partenaire num\u00e9rique officiel du festival\" tabindex=\"0\">Colt accompagne la Berlinale avec ses services r\u00e9seau en tant que partenaire num\u00e9rique officiel du festival<\/a>\t\t\t<\/h4>\n\t\t\t<a href=\"https:\/\/legacy.colt.net\/fr\/resources\/colt-accompagne-la-berlinale-avec-ses-services-reseau-en-tant-que-partenaire-numerique-officiel-du-festival\/\" target=\"_self\" rel=\"noopener\">Read More &#8594;<\/a>\t\t\n\n","protected":false},"excerpt":{"rendered":"<p>John Avery Administrateur non ex\u00e9cutif John Avery est pr\u00e9sident de Crosby\u00a0Advisors et principal responsable des investissements de The\u00a0Crosby\u00a0Company of New\u00a0Hampshire, de la Beacon\u00a0Trust\u00a0Company et de Fidelity\u00a0Foundations. Il b\u00e9n\u00e9ficie d&#8217;une large exp\u00e9rience dans le domaine des investissements et a r\u00e9cemment occup\u00e9 le poste de responsable de l&#8217;analyse avanc\u00e9e des donn\u00e9es au sein de la division Gestion&#8230;<\/p>\n","protected":false},"author":164,"featured_media":0,"parent":34336,"menu_order":0,"comment_status":"closed","ping_status":"closed","template":"","meta":{"_acf_changed":false,"footnotes":""},"colt_type":[],"colt_products":[],"class_list":["post-129745","page","type-page","status-publish","hentry"],"acf":[],"yoast_head":"<!-- This site is optimized with the Yoast SEO plugin v26.8 - https:\/\/yoast.com\/product\/yoast-seo-wordpress\/ -->\n<title>John Avery - Colt Technology Services<\/title>\n<meta name=\"description\" content=\"John Avery Colt Technology Services\" \/>\n<meta name=\"robots\" content=\"noindex, follow, max-snippet:-1, max-image-preview:large, max-video-preview:-1\" \/>\n<meta property=\"og:locale\" content=\"fr_FR\" \/>\n<meta property=\"og:type\" content=\"article\" \/>\n<meta property=\"og:title\" content=\"John Avery - Colt Technology Services\" \/>\n<meta property=\"og:description\" content=\"John Avery Colt Technology Services\" \/>\n<meta property=\"og:url\" content=\"https:\/\/legacy.colt.net\/fr\/about\/leadership\/john-avery\/\" \/>\n<meta property=\"og:site_name\" content=\"Colt Technology Services\" \/>\n<meta property=\"article:publisher\" content=\"https:\/\/www.facebook.com\/ColtTechnologyServices\/\" \/>\n<meta property=\"og:image\" content=\"https:\/\/legacy.colt.net\/wp-content\/uploads\/2021\/01\/Brand-2021-Stock-9-1.jpg\" \/>\n\t<meta property=\"og:image:width\" content=\"1000\" \/>\n\t<meta property=\"og:image:height\" content=\"667\" \/>\n\t<meta property=\"og:image:type\" content=\"image\/jpeg\" \/>\n<meta name=\"twitter:card\" content=\"summary_large_image\" \/>\n<meta name=\"twitter:site\" content=\"@colt_technology\" \/>\n<script type=\"application\/ld+json\" class=\"yoast-schema-graph\">{\"@context\":\"https:\/\/schema.org\",\"@graph\":[{\"@type\":\"WebPage\",\"@id\":\"https:\/\/legacy.colt.net\/fr\/about\/leadership\/john-avery\/\",\"url\":\"https:\/\/legacy.colt.net\/fr\/about\/leadership\/john-avery\/\",\"name\":\"John Avery - Colt Technology Services\",\"isPartOf\":{\"@id\":\"https:\/\/legacy.colt.net\/#website\"},\"primaryImageOfPage\":{\"@id\":\"https:\/\/legacy.colt.net\/fr\/about\/leadership\/john-avery\/#primaryimage\"},\"image\":{\"@id\":\"https:\/\/legacy.colt.net\/fr\/about\/leadership\/john-avery\/#primaryimage\"},\"thumbnailUrl\":\"https:\/\/legacy.colt.net\/wp-content\/uploads\/2024\/02\/John-Avery.png\",\"datePublished\":\"2024-03-06T14:02:37+00:00\",\"description\":\"John Avery Colt Technology Services\",\"breadcrumb\":{\"@id\":\"https:\/\/legacy.colt.net\/fr\/about\/leadership\/john-avery\/#breadcrumb\"},\"inLanguage\":\"fr-FR\",\"potentialAction\":[{\"@type\":\"ReadAction\",\"target\":[\"https:\/\/legacy.colt.net\/fr\/about\/leadership\/john-avery\/\"]}]},{\"@type\":\"ImageObject\",\"inLanguage\":\"fr-FR\",\"@id\":\"https:\/\/legacy.colt.net\/fr\/about\/leadership\/john-avery\/#primaryimage\",\"url\":\"https:\/\/legacy.colt.net\/wp-content\/uploads\/2024\/02\/John-Avery.png\",\"contentUrl\":\"https:\/\/legacy.colt.net\/wp-content\/uploads\/2024\/02\/John-Avery.png\"},{\"@type\":\"BreadcrumbList\",\"@id\":\"https:\/\/legacy.colt.net\/fr\/about\/leadership\/john-avery\/#breadcrumb\",\"itemListElement\":[{\"@type\":\"ListItem\",\"position\":1,\"name\":\"Home\",\"item\":\"https:\/\/legacy.colt.net\/fr\/\"},{\"@type\":\"ListItem\",\"position\":2,\"name\":\"A propos de colt\",\"item\":\"https:\/\/legacy.colt.net\/fr\/about\/\"},{\"@type\":\"ListItem\",\"position\":3,\"name\":\"Comit\u00e9 Ex\u00e9cutif\",\"item\":\"https:\/\/legacy.colt.net\/fr\/about\/leadership\/\"},{\"@type\":\"ListItem\",\"position\":4,\"name\":\"John Avery\"}]},{\"@type\":\"WebSite\",\"@id\":\"https:\/\/legacy.colt.net\/#website\",\"url\":\"https:\/\/legacy.colt.net\/\",\"name\":\"Colt\u30c6\u30af\u30ce\u30ed\u30b8\u30fc\u30b5\u30fc\u30d3\u30b9\u682a\u5f0f\u4f1a\u793e\",\"description\":\"Managed Network &amp; Voice Services Provider\",\"publisher\":{\"@id\":\"https:\/\/legacy.colt.net\/#organization\"},\"potentialAction\":[{\"@type\":\"SearchAction\",\"target\":{\"@type\":\"EntryPoint\",\"urlTemplate\":\"https:\/\/legacy.colt.net\/?s={search_term_string}\"},\"query-input\":{\"@type\":\"PropertyValueSpecification\",\"valueRequired\":true,\"valueName\":\"search_term_string\"}}],\"inLanguage\":\"fr-FR\"},{\"@type\":\"Organization\",\"@id\":\"https:\/\/legacy.colt.net\/#organization\",\"name\":\"Colt Technology Services\",\"url\":\"https:\/\/legacy.colt.net\/\",\"logo\":{\"@type\":\"ImageObject\",\"inLanguage\":\"fr-FR\",\"@id\":\"https:\/\/legacy.colt.net\/#\/schema\/logo\/image\/\",\"url\":\"https:\/\/legacy.colt.net\/wp-content\/uploads\/2019\/02\/Colt-Logo.png\",\"contentUrl\":\"https:\/\/legacy.colt.net\/wp-content\/uploads\/2019\/02\/Colt-Logo.png\",\"width\":195,\"height\":77,\"caption\":\"Colt Technology Services\"},\"image\":{\"@id\":\"https:\/\/legacy.colt.net\/#\/schema\/logo\/image\/\"},\"sameAs\":[\"https:\/\/www.facebook.com\/ColtTechnologyServices\/\",\"https:\/\/x.com\/colt_technology\",\"https:\/\/www.instagram.com\/colttechnologyservices\/\",\"https:\/\/www.linkedin.com\/company\/colt-technology-services\",\"https:\/\/www.youtube.com\/user\/ColtTechnology\"]}]}<\/script>\n<!-- \/ Yoast SEO plugin. -->","yoast_head_json":{"title":"John Avery - Colt Technology Services","description":"John Avery Colt Technology Services","robots":{"index":"noindex","follow":"follow","max-snippet":"max-snippet:-1","max-image-preview":"max-image-preview:large","max-video-preview":"max-video-preview:-1"},"og_locale":"fr_FR","og_type":"article","og_title":"John Avery - Colt Technology Services","og_description":"John Avery Colt Technology Services","og_url":"https:\/\/legacy.colt.net\/fr\/about\/leadership\/john-avery\/","og_site_name":"Colt Technology Services","article_publisher":"https:\/\/www.facebook.com\/ColtTechnologyServices\/","og_image":[{"width":1000,"height":667,"url":"https:\/\/legacy.colt.net\/wp-content\/uploads\/2021\/01\/Brand-2021-Stock-9-1.jpg","type":"image\/jpeg"}],"twitter_card":"summary_large_image","twitter_site":"@colt_technology","schema":{"@context":"https:\/\/schema.org","@graph":[{"@type":"WebPage","@id":"https:\/\/legacy.colt.net\/fr\/about\/leadership\/john-avery\/","url":"https:\/\/legacy.colt.net\/fr\/about\/leadership\/john-avery\/","name":"John Avery - Colt Technology Services","isPartOf":{"@id":"https:\/\/legacy.colt.net\/#website"},"primaryImageOfPage":{"@id":"https:\/\/legacy.colt.net\/fr\/about\/leadership\/john-avery\/#primaryimage"},"image":{"@id":"https:\/\/legacy.colt.net\/fr\/about\/leadership\/john-avery\/#primaryimage"},"thumbnailUrl":"https:\/\/legacy.colt.net\/wp-content\/uploads\/2024\/02\/John-Avery.png","datePublished":"2024-03-06T14:02:37+00:00","description":"John Avery Colt Technology Services","breadcrumb":{"@id":"https:\/\/legacy.colt.net\/fr\/about\/leadership\/john-avery\/#breadcrumb"},"inLanguage":"fr-FR","potentialAction":[{"@type":"ReadAction","target":["https:\/\/legacy.colt.net\/fr\/about\/leadership\/john-avery\/"]}]},{"@type":"ImageObject","inLanguage":"fr-FR","@id":"https:\/\/legacy.colt.net\/fr\/about\/leadership\/john-avery\/#primaryimage","url":"https:\/\/legacy.colt.net\/wp-content\/uploads\/2024\/02\/John-Avery.png","contentUrl":"https:\/\/legacy.colt.net\/wp-content\/uploads\/2024\/02\/John-Avery.png"},{"@type":"BreadcrumbList","@id":"https:\/\/legacy.colt.net\/fr\/about\/leadership\/john-avery\/#breadcrumb","itemListElement":[{"@type":"ListItem","position":1,"name":"Home","item":"https:\/\/legacy.colt.net\/fr\/"},{"@type":"ListItem","position":2,"name":"A propos de colt","item":"https:\/\/legacy.colt.net\/fr\/about\/"},{"@type":"ListItem","position":3,"name":"Comit\u00e9 Ex\u00e9cutif","item":"https:\/\/legacy.colt.net\/fr\/about\/leadership\/"},{"@type":"ListItem","position":4,"name":"John Avery"}]},{"@type":"WebSite","@id":"https:\/\/legacy.colt.net\/#website","url":"https:\/\/legacy.colt.net\/","name":"Colt\u30c6\u30af\u30ce\u30ed\u30b8\u30fc\u30b5\u30fc\u30d3\u30b9\u682a\u5f0f\u4f1a\u793e","description":"Managed Network &amp; Voice Services Provider","publisher":{"@id":"https:\/\/legacy.colt.net\/#organization"},"potentialAction":[{"@type":"SearchAction","target":{"@type":"EntryPoint","urlTemplate":"https:\/\/legacy.colt.net\/?s={search_term_string}"},"query-input":{"@type":"PropertyValueSpecification","valueRequired":true,"valueName":"search_term_string"}}],"inLanguage":"fr-FR"},{"@type":"Organization","@id":"https:\/\/legacy.colt.net\/#organization","name":"Colt Technology Services","url":"https:\/\/legacy.colt.net\/","logo":{"@type":"ImageObject","inLanguage":"fr-FR","@id":"https:\/\/legacy.colt.net\/#\/schema\/logo\/image\/","url":"https:\/\/legacy.colt.net\/wp-content\/uploads\/2019\/02\/Colt-Logo.png","contentUrl":"https:\/\/legacy.colt.net\/wp-content\/uploads\/2019\/02\/Colt-Logo.png","width":195,"height":77,"caption":"Colt Technology Services"},"image":{"@id":"https:\/\/legacy.colt.net\/#\/schema\/logo\/image\/"},"sameAs":["https:\/\/www.facebook.com\/ColtTechnologyServices\/","https:\/\/x.com\/colt_technology","https:\/\/www.instagram.com\/colttechnologyservices\/","https:\/\/www.linkedin.com\/company\/colt-technology-services","https:\/\/www.youtube.com\/user\/ColtTechnology"]}]}},"_links":{"self":[{"href":"https:\/\/legacy.colt.net\/fr\/wp-json\/wp\/v2\/pages\/129745","targetHints":{"allow":["GET"]}}],"collection":[{"href":"https:\/\/legacy.colt.net\/fr\/wp-json\/wp\/v2\/pages"}],"about":[{"href":"https:\/\/legacy.colt.net\/fr\/wp-json\/wp\/v2\/types\/page"}],"author":[{"embeddable":true,"href":"https:\/\/legacy.colt.net\/fr\/wp-json\/wp\/v2\/users\/164"}],"replies":[{"embeddable":true,"href":"https:\/\/legacy.colt.net\/fr\/wp-json\/wp\/v2\/comments?post=129745"}],"version-history":[{"count":0,"href":"https:\/\/legacy.colt.net\/fr\/wp-json\/wp\/v2\/pages\/129745\/revisions"}],"up":[{"embeddable":true,"href":"https:\/\/legacy.colt.net\/fr\/wp-json\/wp\/v2\/pages\/34336"}],"wp:attachment":[{"href":"https:\/\/legacy.colt.net\/fr\/wp-json\/wp\/v2\/media?parent=129745"}],"wp:term":[{"taxonomy":"colt_type","embeddable":true,"href":"https:\/\/legacy.colt.net\/fr\/wp-json\/wp\/v2\/colt_type?post=129745"},{"taxonomy":"colt_products","embeddable":true,"href":"https:\/\/legacy.colt.net\/fr\/wp-json\/wp\/v2\/colt_products?post=129745"}],"curies":[{"name":"wp","href":"https:\/\/api.w.org\/{rel}","templated":true}]}}