{"id":129673,"date":"2024-03-01T14:53:19","date_gmt":"2024-03-01T14:53:19","guid":{"rendered":"https:\/\/www.colt.net\/?page_id=129673"},"modified":"2024-03-01T15:07:35","modified_gmt":"2024-03-01T15:07:35","slug":"steve-neff","status":"publish","type":"page","link":"https:\/\/legacy.colt.net\/fr\/about\/leadership\/steve-neff\/","title":{"rendered":"Steve Neff"},"content":{"rendered":"\n\n\t<nav class=\"breadcrumb\"><span><span><a href=\"https:\/\/legacy.colt.net\/fr\/\">Home<\/a><\/span><\/span><\/nav>\n\t\t\t\t<img loading=\"lazy\" decoding=\"async\" src=\"https:\/\/legacy.colt.net\/wp-content\/uploads\/2024\/02\/Stevee_Neff.jpg\" alt=\"Stevee_Neff\" itemprop=\"image\" height=\"200\" width=\"200\" title=\"Stevee_Neff\" onerror=\"this.style.display='none'\"  \/>\n<h3>\n\t\tSteve Neff\n\t<\/h3>\n<h4>\n\t\tAdministrateur non ex\u00e9cutif\n\t<\/h4>\n\t<p>Apr\u00e8s une carri\u00e8re de cadre dirigeant dans le secteur des services financiers, Steve Neff est aujourd&#8217;hui \u00e0 la retraite. Il est actif au sein de plusieurs conseils d&#8217;administration et tr\u00e8s impliqu\u00e9 dans ses communaut\u00e9s d&#8217;int\u00e9r\u00eat.<\/p>\n<p>En 2020, apr\u00e8s 23\u00a0ans de service, M. Neff a quitt\u00e9 son r\u00f4le de directeur de la gestion d&#8217;actifs au sein de Fidelity\u00a0Investments, l&#8217;un des principaux pourvoyeurs de services dans les domaines de la gestion d&#8217;investissements, de la pr\u00e9voyance retraite, de l&#8217;orientation de portefeuille, du courtage, de l&#8217;externalisation d&#8217;avantages sociaux et d&#8217;autres produits et services financiers destin\u00e9s aux particuliers, aux institutions et aux interm\u00e9diaires financiers. M. Neff \u00e9tait \u00e9galement membre du comit\u00e9 ex\u00e9cutif de l&#8217;entreprise. Il a rejoint Fidelity en 1996 et y a occup\u00e9 plusieurs postes importants dans le domaine des technologies, notamment en tant que directeur technologique et services globaux, directeur technologique Entreprise et directeur des technologies de gestion d&#8217;actifs.<\/p>\n<p>Avant de rejoindre Fidelity, M. Neff a travaill\u00e9 pour Salomon\u00a0Brothers \u00e0 New York et \u00e0 Londres. Il y a occup\u00e9 plusieurs postes de direction dans le domaine de la technologie, notamment celui de directeur du d\u00e9veloppement des applications pour Salomon\u00a0Brothers\u00a0International\u00a0Limited, \u00e0 Londres, et celui de directeur op\u00e9rationnel senior en charge des op\u00e9rations li\u00e9es \u00e0 l&#8217;infrastructure et aux technologies, \u00e0 New York. M. Neff a commenc\u00e9 sa carri\u00e8re chez IBM\u00a0Corporation \u00e0 New York en 1974. Jusqu&#8217;en 1987, il a occup\u00e9 plusieurs postes dans l&#8217;ing\u00e9nierie des syst\u00e8mes et la gestion technologique, au service du secteur financier et des divisions marketing et services d&#8217;IBM.<\/p>\n<p>Depuis qu&#8217;il a quitt\u00e9 l&#8217;entreprise en 2020, M. Neff si\u00e8ge au sein de plusieurs conseils de Fidelity en tant qu&#8217;administrateur ind\u00e9pendant. Il a notamment \u00e9t\u00e9 administrateur de Fidelity\u00a0Digital\u00a0Asset\u00a0Services,\u00a0LLC et administrateur et pr\u00e9sident du comit\u00e9 d&#8217;audit de Fidelity\u00a0Personal\u00a0Trust\u00a0Company\u00a0FSB. En mai\u00a02023, M. Neff a rejoint le conseil principal de Fidelity, FMR\u00a0LLC, en tant qu&#8217;administrateur et membre du comit\u00e9 d&#8217;audit.<\/p>\n<p>M. Neff est un fervent d\u00e9fenseur de la diversit\u00e9 et de l&#8217;inclusion. Il est convaincu que les innovations n\u00e9cessaires pour proposer des solutions d\u00e9passant les attentes des clients sont plus faciles \u00e0 atteindre quand l&#8217;entreprise s&#8217;appuie sur la diversit\u00e9 des talents et des points de vue propos\u00e9s par ses collaborateurs. M. Neff est particuli\u00e8rement fier d&#8217;avoir pu mettre ces convictions en pratique en tenant le r\u00f4le de partenaire ex\u00e9cutif pour le groupe PRIDE, qui propose des ressources aux collaborateurs de Fidelity et soutient la communaut\u00e9 LGBTA \u00e0 l&#8217;\u00e9chelle de l&#8217;entreprise.<\/p>\n<p>M. Neff est membre \u00e9m\u00e9rite du conseil d&#8217;administration de Common\u00a0Impact, une organisation \u00e0 but non lucratif qui met en relation des professionnels avec des associations \u00e0 fort potentiel. Il est \u00e9galement membre \u00e9m\u00e9rite du conseil d&#8217;administration de St.\u00a0Francis\u00a0House, qui propose des services complets aux personnes et aux familles sans abri de Boston. M. Neff participe par ailleurs chaque ann\u00e9e, avec l&#8217;\u00e9quipe de Fidelity, au Pan-Mass Challenge\u00ae qui permet de collecter des fonds destin\u00e9s aux soins et \u00e0 la recherche contre le cancer chez Dana-Farber.<\/p>\n<p>M. Neff a obtenu une licence en math\u00e9matiques du Rutgers\u00a0College en 1974. Lui et son \u00e9pouse Mary ont cinq\u00a0enfants et vivent \u00e0 Sudbury, dans le Massachusetts.<\/p>\n\t\t\t\t\t\t<h4>\n\t\t\t\t<a href=https:\/\/legacy.colt.net\/fr\/resources\/secure-beyond-borders\/ title=\"S\u00e9curit\u00e9 sans fronti\u00e8res\" tabindex=\"0\">S\u00e9curit\u00e9 sans fronti\u00e8res<\/a>\t\t\t<\/h4>\n\t\t\t<a href=\"https:\/\/legacy.colt.net\/fr\/resources\/secure-beyond-borders\/\" target=\"_self\" rel=\"noopener\">Read More &#8594;<\/a>\t\t\n\t\t\t\t\t\t<h4>\n\t\t\t\t<a href=https:\/\/legacy.colt.net\/fr\/resources\/colt-etend-son-offre-network-as-a-service-a-10-nouveaux-pays\/ title=\"Colt \u00e9tend son offre Network as a Service \u00e0 10 nouveaux pays\" tabindex=\"0\">Colt \u00e9tend son offre Network as a Service \u00e0 10 nouveaux pays<\/a>\t\t\t<\/h4>\n\t\t\t<a href=\"https:\/\/legacy.colt.net\/fr\/resources\/colt-etend-son-offre-network-as-a-service-a-10-nouveaux-pays\/\" target=\"_self\" rel=\"noopener\">Read More &#8594;<\/a>\t\t\n\t\t\t\t\t\t<h4>\n\t\t\t\t<a href=https:\/\/legacy.colt.net\/fr\/resources\/colt-accompagne-la-berlinale-avec-ses-services-reseau-en-tant-que-partenaire-numerique-officiel-du-festival\/ title=\"Colt accompagne la Berlinale avec ses services r\u00e9seau en tant que partenaire num\u00e9rique officiel du festival\" tabindex=\"0\">Colt accompagne la Berlinale avec ses services r\u00e9seau en tant que partenaire num\u00e9rique officiel du festival<\/a>\t\t\t<\/h4>\n\t\t\t<a href=\"https:\/\/legacy.colt.net\/fr\/resources\/colt-accompagne-la-berlinale-avec-ses-services-reseau-en-tant-que-partenaire-numerique-officiel-du-festival\/\" target=\"_self\" rel=\"noopener\">Read More &#8594;<\/a>\t\t\n\t\t\t\t\t\t<h4>\n\t\t\t\t<a href=https:\/\/legacy.colt.net\/fr\/resources\/colt-devoile-les-dix-tendances-et-les-perspectives-du-secteur-des-technologies-pour-les-entreprises-en-2024\/ title=\"Colt d\u00e9voile les dix tendances et les perspectives du secteur des technologies pour les entreprises en 2024\" tabindex=\"0\">Colt d\u00e9voile les dix tendances et les perspectives du secteur des technologies pour les entreprises en 2024<\/a>\t\t\t<\/h4>\n\t\t\t<a href=\"https:\/\/legacy.colt.net\/fr\/resources\/colt-devoile-les-dix-tendances-et-les-perspectives-du-secteur-des-technologies-pour-les-entreprises-en-2024\/\" target=\"_self\" rel=\"noopener\">Read More &#8594;<\/a>\t\t\n\n","protected":false},"excerpt":{"rendered":"<p>Steve Neff Administrateur non ex\u00e9cutif Apr\u00e8s une carri\u00e8re de cadre dirigeant dans le secteur des services financiers, Steve Neff est aujourd&#8217;hui \u00e0 la retraite. Il est actif au sein de plusieurs conseils d&#8217;administration et tr\u00e8s impliqu\u00e9 dans ses communaut\u00e9s d&#8217;int\u00e9r\u00eat. En 2020, apr\u00e8s 23\u00a0ans de service, M. Neff a quitt\u00e9 son r\u00f4le de directeur de&#8230;<\/p>\n","protected":false},"author":164,"featured_media":0,"parent":34336,"menu_order":0,"comment_status":"closed","ping_status":"closed","template":"","meta":{"_acf_changed":false,"footnotes":""},"colt_type":[],"colt_products":[],"class_list":["post-129673","page","type-page","status-publish","hentry"],"acf":[],"yoast_head":"<!-- This site is optimized with the Yoast SEO plugin v26.8 - https:\/\/yoast.com\/product\/yoast-seo-wordpress\/ -->\n<title>Steve Neff - Colt Technology Services<\/title>\n<meta name=\"description\" content=\"Steve Neff Colt Technology Services\" \/>\n<meta name=\"robots\" content=\"noindex, follow, max-snippet:-1, max-image-preview:large, max-video-preview:-1\" \/>\n<meta property=\"og:locale\" content=\"fr_FR\" \/>\n<meta property=\"og:type\" content=\"article\" \/>\n<meta property=\"og:title\" content=\"Steve Neff - Colt Technology Services\" \/>\n<meta property=\"og:description\" content=\"Steve Neff Colt Technology Services\" \/>\n<meta property=\"og:url\" content=\"https:\/\/legacy.colt.net\/fr\/about\/leadership\/steve-neff\/\" \/>\n<meta property=\"og:site_name\" content=\"Colt Technology Services\" \/>\n<meta property=\"article:publisher\" content=\"https:\/\/www.facebook.com\/ColtTechnologyServices\/\" \/>\n<meta property=\"article:modified_time\" content=\"2024-03-01T15:07:35+00:00\" \/>\n<meta property=\"og:image\" content=\"https:\/\/legacy.colt.net\/wp-content\/uploads\/2021\/01\/Brand-2021-Stock-43.jpg\" \/>\n\t<meta property=\"og:image:width\" content=\"1000\" \/>\n\t<meta property=\"og:image:height\" content=\"667\" \/>\n\t<meta property=\"og:image:type\" content=\"image\/jpeg\" \/>\n<meta name=\"twitter:card\" content=\"summary_large_image\" \/>\n<meta name=\"twitter:site\" content=\"@colt_technology\" \/>\n<script type=\"application\/ld+json\" class=\"yoast-schema-graph\">{\"@context\":\"https:\/\/schema.org\",\"@graph\":[{\"@type\":\"WebPage\",\"@id\":\"https:\/\/legacy.colt.net\/fr\/about\/leadership\/steve-neff\/\",\"url\":\"https:\/\/legacy.colt.net\/fr\/about\/leadership\/steve-neff\/\",\"name\":\"Steve Neff - Colt Technology Services\",\"isPartOf\":{\"@id\":\"https:\/\/legacy.colt.net\/#website\"},\"primaryImageOfPage\":{\"@id\":\"https:\/\/legacy.colt.net\/fr\/about\/leadership\/steve-neff\/#primaryimage\"},\"image\":{\"@id\":\"https:\/\/legacy.colt.net\/fr\/about\/leadership\/steve-neff\/#primaryimage\"},\"thumbnailUrl\":\"https:\/\/legacy.colt.net\/wp-content\/uploads\/2024\/02\/Stevee_Neff.jpg\",\"datePublished\":\"2024-03-01T14:53:19+00:00\",\"dateModified\":\"2024-03-01T15:07:35+00:00\",\"description\":\"Steve Neff Colt Technology Services\",\"breadcrumb\":{\"@id\":\"https:\/\/legacy.colt.net\/fr\/about\/leadership\/steve-neff\/#breadcrumb\"},\"inLanguage\":\"fr-FR\",\"potentialAction\":[{\"@type\":\"ReadAction\",\"target\":[\"https:\/\/legacy.colt.net\/fr\/about\/leadership\/steve-neff\/\"]}]},{\"@type\":\"ImageObject\",\"inLanguage\":\"fr-FR\",\"@id\":\"https:\/\/legacy.colt.net\/fr\/about\/leadership\/steve-neff\/#primaryimage\",\"url\":\"https:\/\/legacy.colt.net\/wp-content\/uploads\/2024\/02\/Stevee_Neff.jpg\",\"contentUrl\":\"https:\/\/legacy.colt.net\/wp-content\/uploads\/2024\/02\/Stevee_Neff.jpg\"},{\"@type\":\"BreadcrumbList\",\"@id\":\"https:\/\/legacy.colt.net\/fr\/about\/leadership\/steve-neff\/#breadcrumb\",\"itemListElement\":[{\"@type\":\"ListItem\",\"position\":1,\"name\":\"Home\",\"item\":\"https:\/\/legacy.colt.net\/fr\/\"},{\"@type\":\"ListItem\",\"position\":2,\"name\":\"A propos de colt\",\"item\":\"https:\/\/legacy.colt.net\/fr\/about\/\"},{\"@type\":\"ListItem\",\"position\":3,\"name\":\"Comit\u00e9 Ex\u00e9cutif\",\"item\":\"https:\/\/legacy.colt.net\/fr\/about\/leadership\/\"},{\"@type\":\"ListItem\",\"position\":4,\"name\":\"Steve Neff\"}]},{\"@type\":\"WebSite\",\"@id\":\"https:\/\/legacy.colt.net\/#website\",\"url\":\"https:\/\/legacy.colt.net\/\",\"name\":\"Colt\u30c6\u30af\u30ce\u30ed\u30b8\u30fc\u30b5\u30fc\u30d3\u30b9\u682a\u5f0f\u4f1a\u793e\",\"description\":\"Managed Network &amp; Voice Services Provider\",\"publisher\":{\"@id\":\"https:\/\/legacy.colt.net\/#organization\"},\"potentialAction\":[{\"@type\":\"SearchAction\",\"target\":{\"@type\":\"EntryPoint\",\"urlTemplate\":\"https:\/\/legacy.colt.net\/?s={search_term_string}\"},\"query-input\":{\"@type\":\"PropertyValueSpecification\",\"valueRequired\":true,\"valueName\":\"search_term_string\"}}],\"inLanguage\":\"fr-FR\"},{\"@type\":\"Organization\",\"@id\":\"https:\/\/legacy.colt.net\/#organization\",\"name\":\"Colt Technology Services\",\"url\":\"https:\/\/legacy.colt.net\/\",\"logo\":{\"@type\":\"ImageObject\",\"inLanguage\":\"fr-FR\",\"@id\":\"https:\/\/legacy.colt.net\/#\/schema\/logo\/image\/\",\"url\":\"https:\/\/legacy.colt.net\/wp-content\/uploads\/2019\/02\/Colt-Logo.png\",\"contentUrl\":\"https:\/\/legacy.colt.net\/wp-content\/uploads\/2019\/02\/Colt-Logo.png\",\"width\":195,\"height\":77,\"caption\":\"Colt Technology Services\"},\"image\":{\"@id\":\"https:\/\/legacy.colt.net\/#\/schema\/logo\/image\/\"},\"sameAs\":[\"https:\/\/www.facebook.com\/ColtTechnologyServices\/\",\"https:\/\/x.com\/colt_technology\",\"https:\/\/www.instagram.com\/colttechnologyservices\/\",\"https:\/\/www.linkedin.com\/company\/colt-technology-services\",\"https:\/\/www.youtube.com\/user\/ColtTechnology\"]}]}<\/script>\n<!-- \/ Yoast SEO plugin. -->","yoast_head_json":{"title":"Steve Neff - Colt Technology Services","description":"Steve Neff Colt Technology Services","robots":{"index":"noindex","follow":"follow","max-snippet":"max-snippet:-1","max-image-preview":"max-image-preview:large","max-video-preview":"max-video-preview:-1"},"og_locale":"fr_FR","og_type":"article","og_title":"Steve Neff - Colt Technology Services","og_description":"Steve Neff Colt Technology Services","og_url":"https:\/\/legacy.colt.net\/fr\/about\/leadership\/steve-neff\/","og_site_name":"Colt Technology Services","article_publisher":"https:\/\/www.facebook.com\/ColtTechnologyServices\/","article_modified_time":"2024-03-01T15:07:35+00:00","og_image":[{"width":1000,"height":667,"url":"https:\/\/legacy.colt.net\/wp-content\/uploads\/2021\/01\/Brand-2021-Stock-43.jpg","type":"image\/jpeg"}],"twitter_card":"summary_large_image","twitter_site":"@colt_technology","schema":{"@context":"https:\/\/schema.org","@graph":[{"@type":"WebPage","@id":"https:\/\/legacy.colt.net\/fr\/about\/leadership\/steve-neff\/","url":"https:\/\/legacy.colt.net\/fr\/about\/leadership\/steve-neff\/","name":"Steve Neff - Colt Technology Services","isPartOf":{"@id":"https:\/\/legacy.colt.net\/#website"},"primaryImageOfPage":{"@id":"https:\/\/legacy.colt.net\/fr\/about\/leadership\/steve-neff\/#primaryimage"},"image":{"@id":"https:\/\/legacy.colt.net\/fr\/about\/leadership\/steve-neff\/#primaryimage"},"thumbnailUrl":"https:\/\/legacy.colt.net\/wp-content\/uploads\/2024\/02\/Stevee_Neff.jpg","datePublished":"2024-03-01T14:53:19+00:00","dateModified":"2024-03-01T15:07:35+00:00","description":"Steve Neff Colt Technology Services","breadcrumb":{"@id":"https:\/\/legacy.colt.net\/fr\/about\/leadership\/steve-neff\/#breadcrumb"},"inLanguage":"fr-FR","potentialAction":[{"@type":"ReadAction","target":["https:\/\/legacy.colt.net\/fr\/about\/leadership\/steve-neff\/"]}]},{"@type":"ImageObject","inLanguage":"fr-FR","@id":"https:\/\/legacy.colt.net\/fr\/about\/leadership\/steve-neff\/#primaryimage","url":"https:\/\/legacy.colt.net\/wp-content\/uploads\/2024\/02\/Stevee_Neff.jpg","contentUrl":"https:\/\/legacy.colt.net\/wp-content\/uploads\/2024\/02\/Stevee_Neff.jpg"},{"@type":"BreadcrumbList","@id":"https:\/\/legacy.colt.net\/fr\/about\/leadership\/steve-neff\/#breadcrumb","itemListElement":[{"@type":"ListItem","position":1,"name":"Home","item":"https:\/\/legacy.colt.net\/fr\/"},{"@type":"ListItem","position":2,"name":"A propos de colt","item":"https:\/\/legacy.colt.net\/fr\/about\/"},{"@type":"ListItem","position":3,"name":"Comit\u00e9 Ex\u00e9cutif","item":"https:\/\/legacy.colt.net\/fr\/about\/leadership\/"},{"@type":"ListItem","position":4,"name":"Steve Neff"}]},{"@type":"WebSite","@id":"https:\/\/legacy.colt.net\/#website","url":"https:\/\/legacy.colt.net\/","name":"Colt\u30c6\u30af\u30ce\u30ed\u30b8\u30fc\u30b5\u30fc\u30d3\u30b9\u682a\u5f0f\u4f1a\u793e","description":"Managed Network &amp; Voice Services Provider","publisher":{"@id":"https:\/\/legacy.colt.net\/#organization"},"potentialAction":[{"@type":"SearchAction","target":{"@type":"EntryPoint","urlTemplate":"https:\/\/legacy.colt.net\/?s={search_term_string}"},"query-input":{"@type":"PropertyValueSpecification","valueRequired":true,"valueName":"search_term_string"}}],"inLanguage":"fr-FR"},{"@type":"Organization","@id":"https:\/\/legacy.colt.net\/#organization","name":"Colt Technology Services","url":"https:\/\/legacy.colt.net\/","logo":{"@type":"ImageObject","inLanguage":"fr-FR","@id":"https:\/\/legacy.colt.net\/#\/schema\/logo\/image\/","url":"https:\/\/legacy.colt.net\/wp-content\/uploads\/2019\/02\/Colt-Logo.png","contentUrl":"https:\/\/legacy.colt.net\/wp-content\/uploads\/2019\/02\/Colt-Logo.png","width":195,"height":77,"caption":"Colt Technology Services"},"image":{"@id":"https:\/\/legacy.colt.net\/#\/schema\/logo\/image\/"},"sameAs":["https:\/\/www.facebook.com\/ColtTechnologyServices\/","https:\/\/x.com\/colt_technology","https:\/\/www.instagram.com\/colttechnologyservices\/","https:\/\/www.linkedin.com\/company\/colt-technology-services","https:\/\/www.youtube.com\/user\/ColtTechnology"]}]}},"_links":{"self":[{"href":"https:\/\/legacy.colt.net\/fr\/wp-json\/wp\/v2\/pages\/129673","targetHints":{"allow":["GET"]}}],"collection":[{"href":"https:\/\/legacy.colt.net\/fr\/wp-json\/wp\/v2\/pages"}],"about":[{"href":"https:\/\/legacy.colt.net\/fr\/wp-json\/wp\/v2\/types\/page"}],"author":[{"embeddable":true,"href":"https:\/\/legacy.colt.net\/fr\/wp-json\/wp\/v2\/users\/164"}],"replies":[{"embeddable":true,"href":"https:\/\/legacy.colt.net\/fr\/wp-json\/wp\/v2\/comments?post=129673"}],"version-history":[{"count":0,"href":"https:\/\/legacy.colt.net\/fr\/wp-json\/wp\/v2\/pages\/129673\/revisions"}],"up":[{"embeddable":true,"href":"https:\/\/legacy.colt.net\/fr\/wp-json\/wp\/v2\/pages\/34336"}],"wp:attachment":[{"href":"https:\/\/legacy.colt.net\/fr\/wp-json\/wp\/v2\/media?parent=129673"}],"wp:term":[{"taxonomy":"colt_type","embeddable":true,"href":"https:\/\/legacy.colt.net\/fr\/wp-json\/wp\/v2\/colt_type?post=129673"},{"taxonomy":"colt_products","embeddable":true,"href":"https:\/\/legacy.colt.net\/fr\/wp-json\/wp\/v2\/colt_products?post=129673"}],"curies":[{"name":"wp","href":"https:\/\/api.w.org\/{rel}","templated":true}]}}